{"id":9977,"date":"2018-06-27T08:19:40","date_gmt":"2018-06-27T08:19:40","guid":{"rendered":"http:\/\/meijenfeldt.nl\/?page_id=9977"},"modified":"2024-08-13T12:02:35","modified_gmt":"2024-08-13T12:02:35","slug":"1-1-1-de-wapenbrief","status":"publish","type":"page","link":"https:\/\/meijenfeldt.nl\/?page_id=9977","title":{"rendered":"1.2.7. Stiernman"},"content":{"rendered":"<p style=\"text-align: justify;\"><span style=\"color: #000000;\">Het overgrote deel van de informatie over de Meijers in Lijfland en de verbinding met het Zweedse geslacht Von Meijerfeldt komt van Anders Anton von Stiernman. Hij is degene die van de hele reeks vaders en zoons de voornaam, de functies, de eventuele landgoederen en de voor- en achternamen met ouders van de echtgenotes geeft. Hij legt de koppeling met het Zweedse geslacht en noteert daarvan de nakomelingen tot zijn dood in 1765.<\/span><\/p>\n<p style=\"text-align: justify;\"><span style=\"color: #000000;\">Stiernman is lange tijd de genealoog van het Ridderhuis in Stockholm en heeft meerdere standaardwerken geschreven. Deze gegevens zijn daarin niet te vinden. Zij zijn na zijn dood gevonden in zijn nagelaten handschriften.<\/span> <span style=\"color: #0000ff;\"><a style=\"color: #0000ff;\" href=\"#voetnoot\">(1)<\/a>\u00a0<\/span><\/p>\n<p style=\"text-align: center;\"><span style=\"color: #000000;\"> <img loading=\"lazy\" decoding=\"async\" class=\"wp-image-55223 aligncenter\" src=\"https:\/\/meijenfeldt.nl\/wp-content\/uploads\/2023\/04\/Stiernman-300x156.jpg\" alt=\"\" width=\"675\" height=\"351\" srcset=\"https:\/\/meijenfeldt.nl\/wp-content\/uploads\/2023\/04\/Stiernman-300x156.jpg 300w, https:\/\/meijenfeldt.nl\/wp-content\/uploads\/2023\/04\/Stiernman-1024x533.jpg 1024w, https:\/\/meijenfeldt.nl\/wp-content\/uploads\/2023\/04\/Stiernman-768x399.jpg 768w, https:\/\/meijenfeldt.nl\/wp-content\/uploads\/2023\/04\/Stiernman.jpg 1467w\" sizes=\"auto, (max-width: 675px) 100vw, 675px\" \/><em><span style=\"font-family: georgia, palatino, serif; font-size: 10pt;\">Stiernman, &#8220;Mejerfelt&#8221;<\/span><\/em><\/span><\/p>\n<p style=\"text-align: justify;\">De eerste Meijer leeft in 1480 en 1510 en is Heer van Bubus.\u00a0 , waar Johann Meijer rond 1480 en 1510 heer van is. Omdat dit landgoed bij zijn nakomelingen niet meer genoemd wordt is het vermoedelijk geen erfgoed. Verwarrend is dat Johannes (Hans) Meijer en zijn erfgenamen hetzelfde landgoed bewonen na het 1598 te kopen van Stanislaus Kotz, verkrijger van de Pools-Litouwse en Zweedse koning Sigismund III? <span style=\"color: #0000ff;\"><a style=\"color: #0000ff;\" href=\"https:\/\/meijenfeldt.nl\/?page_id=99#voetnoot\">(2)<\/a> <span style=\"color: #000000;\">Verwarring in de derde macht ontstaat doordat <\/span><\/span><a style=\"color: #0000ff;\" href=\"https:\/\/meijenfeldt.nl\/?page_id=57315\">Valentin von Meijer<\/a> in 1661 eigenaar van dit landgoed is door zijn huwelijk met Anna von Wulffenschildt, weduwe van Peter Heltscher Rosenbohm, die het gecedeerd kreeg van de Zweedse gouverneur-generaal, in 1644 koper van Andreas Winne, in 1625 verkrijger van de Zweedse koning Gustaaf Adolf.<\/p>\n<p style=\"text-align: justify;\"><span style=\"color: #000000;\">Het eerste gedrukte Zweedse adelsboek uit 1861 van Anrep is primair gebaseerd op het werk van de Ridderhuisgenealogen. Hij zegt <\/span><span style=\"color: #000000;\">alleen harde feiten en <\/span><span style=\"color: #000000;\">geen oude fabels <\/span><span style=\"color: #000000;\">over te nemen<\/span><span style=\"color: #000000;\">. Hij is de eerste die\u00a0<\/span><span style=\"color: #000000;\">Stiernmans reeks afdrukt en rekent deze blijkbaar tot<\/span><span style=\"color: #000000;\"> die harde feiten<\/span><span style=\"color: #000000;\">. <\/span><span style=\"color: #0000ff;\"><a style=\"color: #0000ff;\" href=\"#voetnoot\">(3)<\/a><\/span><\/p>\n<p style=\"text-align: justify;\"><span style=\"color: #000000;\">Onafhankelijk van Stiernman is er een andere <\/span><span style=\"color: #000000;\">genealogische studie <\/span><span style=\"color: #000000;\">die goed in Stiernmans reeks past<\/span><span style=\"color: #000000;\">. Het is de geschiedenis van de familie Von Wrangel aan de hand van originele handschriften. ook hier blijkt dat Heinrich Meijer in 1562 met een Wrangel trouwt en een voorouder van het Zweedse geslacht is. <\/span><span style=\"color: #0000ff;\"><a style=\"color: #0000ff;\" href=\"#voetnoot\">(4)<\/a>\u00a0<\/span><\/p>\n<p style=\"text-align: justify;\"><span style=\"color: #000000;\">De nieuwe biografische lexicon van Elgenstierna van 1930\u00a0 heeft\u00a0<\/span><span style=\"color: #000000;\">kritiek <\/span><span style=\"color: #000000;\">op het onderzoek van de Ridderhuis-genealogen. Zo worden de passages over het geslacht Wolffensk\u00f6ld &#8220;<em>extreem incorrect en onvolledig<\/em>&#8221; genoemd. Via het Ridderhuis van Riga wordt het goede plaatje geschetst. <\/span><span style=\"color: #0000ff;\"><a style=\"color: #0000ff;\" href=\"https:\/\/meijenfeldt.nl\/?page_id=24078#voetnoot\">(6)<\/a><\/span><span style=\"color: #000000;\"> De Matrikels hadden mede tot doel familietwisten op te lossen en werden daardoor wel als leugenachtig en onbetrouwbaar neergezet. <\/span><a style=\"color: #000000;\" href=\"https:\/\/meijenfeldt.nl\/?page_id=24078#voetnoot\"><span style=\"color: #0000ff;\">(7)<\/span><\/a><span style=\"color: #000000;\"> Ondanks al deze kritiek blijft de reeks Meijers van Stiernman in deze lexicon onaangetast.<\/span><\/p>\n<p style=\"text-align: justify;\"><span style=\"color: #000000;\">Hij sneuvelt echter in 1986 bij Hans Gillingstam. In diens <\/span><span style=\"color: #000000;\">lemma <em>Meyerfeldt<\/em> in de nieuwe Zweedse <\/span><span style=\"color: #000000;\">biografische lexicon begint hij met <\/span><span style=\"color: #000000;\">Anders Meijer en zegt de genoemde reeks niet <\/span><span style=\"color: #000000;\">in oude geschriften te kunnen terugvinden. <span style=\"color: #0000ff;\"><a style=\"color: #0000ff;\" href=\"https:\/\/meijenfeldt.nl\/?page_id=24078#voetnoot\">(8)<\/a><\/span><\/span><\/p>\n<p style=\"text-align: justify;\"><span style=\"color: #000000;\">Twijfel aan de verbinding is gegrond, maar schrappen van de reeks Meijer gaat veel te ver om de volgende redenen:<\/span><br \/>\n<span style=\"color: #000000;\">&#8211; Er zijn <span style=\"color: #0000ff;\"><a style=\"color: #0000ff;\" href=\"https:\/\/meijenfeldt.nl\/?page_id=50819\">objectieve redenen<\/a><\/span> waarom Johann Meijer in 1480 tot de Baltische landadel behoort, terwijl het beschreven wapenschild van Johann Meijer terugkeert in het Zweedse wapenschild van 1674.<\/span><br \/>\n<span style=\"color: #000000;\">&#8211; Het eigen onderzoek in oorspronkelijke bronnen voor het Wrangelboek, waarin een zelfde voorouder Meijer van het Zweedse geslacht is gevonden, vond plaats lang na het uitsterven daarvan en dus zonder bijbedoeling.<\/span><br \/>\n<span style=\"color: #000000;\">&#8211; Dat de Meijers nauwelijks voorkomen in de Estlandse en Lijflandse ridderboeken behoeft weinig verbazing, omdat lagere adel niet wordt behandeld en omdat hun echtgenotes als de dochters van ridderlijke families maar mondjesmaat worden genoemd.<\/span><br \/>\n<span style=\"color: #000000;\">&#8211; Uit niets blijkt van (erf-)conflicten in het Zweedse geslacht Von Meijerfeldt, die aanleiding zouden geven om leemten in het Matrikelboek van 1754-1755 op te vullen met Baltische adellijke voorouders. Bovendien: waarom lieten de familieleden de interessante papieren tijdens hun leven ongepubliceerd en moeilijk vindbaar in de Universiteitsbibliotheek van Uppsala liggen?<\/span><br \/>\n<span style=\"color: #000000;\">&#8211; Gillingstam deed indrukwekkend onderzoek naar authentieke documenten in de Zweedse archieven, maar voor onderzoek naar adellijke families in de Baltische archieven was hij in de Sovjet-Unie niet welkom. Von Stiernman leefde in 1724 in Riga en deed daar wel veelvuldig onderzoek in de archieven, hoewel het jammer is dat hij zijn bronnen niet benoemt.<\/span><\/p>\n<p style=\"text-align: center;\"><span style=\"font-size: 10pt; color: #000000;\"><span style=\"color: #0000ff;\"><a id=\"voetnoot\"><\/a><a style=\"color: #0000ff;\" href=\"https:\/\/meijenfeldt.nl\/?page_id=64291\">Terug<\/a>\u00a0 \u00a0<\/span>***\u00a0 \u00a0<span style=\"color: #0000ff;\"><a style=\"color: #0000ff;\" href=\"https:\/\/meijenfeldt.nl\/?page_id=64369\">Verder<\/a><\/span><\/span><\/p>\n<p style=\"text-align: justify;\"><span style=\"color: #000000; font-size: 10pt;\"><span style=\"color: #0000ff;\"><span style=\"color: #000000;\">1. <span style=\"font-size: 10pt;\">A.A. von <a style=\"color: #0000ff;\" href=\"https:\/\/meijenfeldt.nl\/?page_id=12369\">Stiernman<\/a>, \u201cSvecia Illustris, Sl\u00e4gttaflor \u00f6fver de p\u00e5 Svenska Riddarhuset until \u00e5r \u2026. introducerade \u00e4tter i alfabetisk ordning\u201d, Uppsala Universit\u00e4tsbibliotek, handskriften, X. Svensk genealogi och biografi, del 18 (M-O), Mejerfelt, <span style=\"color: #0000ff;\"><a style=\"color: #0000ff;\" href=\"https:\/\/meijenfeldt.nl\/?page_id=12369\">folio 3<\/a><\/span>.<\/span><br \/>\n<\/span><\/span><\/span><span style=\"color: #000000; font-size: 10pt;\"><span style=\"color: #0000ff;\"><span style=\"color: #000000;\">2. <span style=\"font-family: georgia, palatino, serif; font-size: 10pt;\">H. von <a style=\"color: #0000ff;\" href=\"https:\/\/books.google.se\/books?id=JUECAAAAYAAJ&amp;printsec=frontcover&amp;dq=editions:X5_NOsh25loC&amp;hl=sv&amp;sa=X&amp;ved=0ahUKEwjVrJih3_nfAhUELFAKHcaABWsQ6AEIMTAB#v=onepage&amp;q=Pabasch&amp;f=false\">Hagemeister<\/a>, \u201cMaterialien zu einer Geschichte der Landg\u00fcter Livlands\u201d, Riga 1836, deel 1, pag. 109. <span dir=\"ltr\">Latvijas V\u0113stures Instit\u016bta (Instituut voor Letse Historie, Universiteit van Letland)<\/span>, \u201c<span class=\"fn\"><span dir=\"ltr\"><a style=\"color: #0000ff;\" href=\"https:\/\/books.google.nl\/books?redir_esc=y&amp;hl=sv&amp;id=tw0hAQAAMAAJ&amp;focus=searchwithinvolume&amp;q=pabbasch\">Fontes historiae Latviae<\/a>\u201c,<\/span><\/span>\u00a0Riga 1938, pag. 226.<\/span><br \/>\n3. G. Anrep, \u201cSvenska Adels \u00c4tters-taflor\u201d, Stockholm 1861, <span style=\"color: #0000ff;\"><a style=\"color: #0000ff;\" href=\"http:\/\/runeberg.org\/anrep\/2\/0894.html\">pag. 888-889<\/a>.<\/span><br \/>\n4. W. von Baensch, \u201cGeschichte der Familie von Wrangel, vom Jahre 1250 bis auf die Gegenwart, nach Urkunden und Tageb\u00fcchern bearbeitet\u201d, Berlin und Dresden 1878, deel 1, <span style=\"color: #0000ff;\"><a style=\"color: #0000ff;\" href=\"http:\/\/digital.ub.uni-duesseldorf.de\/urn\/urn:nbn:de:hbz:061:1-476263\">pag. 130<\/a><\/span>, met gedetailleerde stamtafels en bronnen.<br \/>\n5. C.A. Klingspor, \u201cSveriges Rid\u00adderskaps och Adels Vapen\u00adbok\u201d, Stockholm 1886, <a style=\"color: #0000ff;\" href=\"https:\/\/digitale-bibliothek-mv.de\/viewer\/image\/PPN755781104\/14\/\">pag. 14:4<\/a>.<\/span><br \/>\n<span style=\"color: #000000;\">6. <\/span><span style=\"color: #000000;\">G. Elgenstierna, \u201cDen introducerade svenska adelns \u00e4ttertavlor\u201d, Stockholm 1930, deel V,\u00a0<\/span><a style=\"color: #0000ff;\" href=\"https:\/\/www.adelsvapen.com\/genealogi\/Meijerfeldt_nr_864\">pag. 226<\/a><span style=\"color: #000000;\">.<\/span><br \/>\n<span style=\"color: #000000;\">7. L. Lindholm, lemma in \u201cSvenska Biografiskt Lexikon\u201d, Stockholm, deel 33, <span style=\"color: #0000ff;\"><a style=\"color: #0000ff;\" href=\"https:\/\/sok.riksarkivet.se\/Sbl\/Mobil\/Artikel\/20164\">pag. 448<\/a><\/span>. Critici van Von Stiernman waren collega\u2019s Dani\u00ebl Tilas en Jacob Langebek.<\/span><br \/>\n<span style=\"color: #000000;\">8. H. Gillingstam, lemma in \u201cSvenskt Biografiskt Lexikon\u201d, Stockholm 1986, deel 25, <a style=\"color: #000000;\" href=\"https:\/\/sok.riksarkivet.se\/sbl\/Presentation.aspx?id=9328\"><span style=\"color: #0000ff;\">pag. 470<\/span><\/a>.<\/span><br \/>\n<\/span><\/span><\/p>\n","protected":false},"excerpt":{"rendered":"<p>Het overgrote deel van de informatie over de Meijers in Lijfland en de verbinding met het Zweedse geslacht Von Meijerfeldt komt van Anders Anton von Stiernman. Hij is degene die van de hele reeks vaders en zoons de voornaam, de functies, de eventuele landgoederen en de voor- en achternamen met ouders van de echtgenotes geeft. &hellip; <a href=\"https:\/\/meijenfeldt.nl\/?page_id=9977\" class=\"more-link\">Verder lezen <span class=\"screen-reader-text\">1.2.7. Stiernman<\/span><\/a><\/p>\n","protected":false},"author":1,"featured_media":0,"parent":0,"menu_order":0,"comment_status":"closed","ping_status":"closed","template":"","meta":{"footnotes":""},"class_list":["post-9977","page","type-page","status-publish","hentry"],"_links":{"self":[{"href":"https:\/\/meijenfeldt.nl\/index.php?rest_route=\/wp\/v2\/pages\/9977","targetHints":{"allow":["GET"]}}],"collection":[{"href":"https:\/\/meijenfeldt.nl\/index.php?rest_route=\/wp\/v2\/pages"}],"about":[{"href":"https:\/\/meijenfeldt.nl\/index.php?rest_route=\/wp\/v2\/types\/page"}],"author":[{"embeddable":true,"href":"https:\/\/meijenfeldt.nl\/index.php?rest_route=\/wp\/v2\/users\/1"}],"replies":[{"embeddable":true,"href":"https:\/\/meijenfeldt.nl\/index.php?rest_route=%2Fwp%2Fv2%2Fcomments&post=9977"}],"version-history":[{"count":266,"href":"https:\/\/meijenfeldt.nl\/index.php?rest_route=\/wp\/v2\/pages\/9977\/revisions"}],"predecessor-version":[{"id":65880,"href":"https:\/\/meijenfeldt.nl\/index.php?rest_route=\/wp\/v2\/pages\/9977\/revisions\/65880"}],"wp:attachment":[{"href":"https:\/\/meijenfeldt.nl\/index.php?rest_route=%2Fwp%2Fv2%2Fmedia&parent=9977"}],"curies":[{"name":"wp","href":"https:\/\/api.w.org\/{rel}","templated":true}]}}