{"id":9871,"date":"2018-06-22T07:13:55","date_gmt":"2018-06-22T07:13:55","guid":{"rendered":"http:\/\/meijenfeldt.nl\/?page_id=9871"},"modified":"2023-05-13T11:33:30","modified_gmt":"2023-05-13T11:33:30","slug":"1-4-4-de-slag-bij-poltava","status":"publish","type":"page","link":"https:\/\/meijenfeldt.nl\/?page_id=9871","title":{"rendered":"1.5.4. Slag bij Poltava"},"content":{"rendered":"<p style=\"text-align: justify;\"><span style=\"color: #000000;\">Generaal-majoor Johann August von Meijerfeldt heeft met 1000 man het sterkste regiment van het Zweedse leger. Dat komt omdat hij zich met gebroken been steeds achterin het leger bevindt en geen verliezen vooraan heeft te lijden. Hij trekt samen met de koning van Schuki naar Petrovka en tenslotte Novi Sanzhary, een paar mijl van de hoofdmacht. De levensmiddelen raken op. Krman tekent op dat Johann August klaagt dat hij voor \u00a0een kruikje (garniec = 2 tot 4 liter) brandewijn 12 Taler moet betalen. Niet om deze reden noemt hij hem in een vergelijking met de Trojaanse Oorlog uit de mythologie Agamemnon, de grootste legeraanvoeder. Gelukkig werkt hij de \u00a0vergelijking niet uit, met name niet de door het Griekse leger gevraagde offering van dochter Iphigeneia om de goden wind in de zeilen van de \u00a0vloot te laten blazen.<\/span><\/p>\n<p style=\"text-align: justify;\"><span style=\"color: #000000;\">Tsaar Peter heeft weliswaar twee keer zo veel manschappen als de Zweden, maar heeft de ervaring dat hij met vier keer zoveel man zelfs niet zeker van een goede afloop kan zijn. Hij weet niet dat Karel XII veel troepen bij zijn bagage en de rivieren zal achterlaten. Hij weet wel dat d<\/span><span style=\"color: #000000;\">e Zweden door de kou en honger ernstig verzwakt zijn. D<\/span><span style=\"color: #000000;\">e bezielende leiding van <\/span><span style=\"color: #000000;\">Karel XII ontbreekt ook nog eens, omdat hij <\/span><span style=\"color: #000000;\">met zware koorts in het kamp van Johann August ligt vanwege een vijandelijke pijl die enkele dagen eerder zijn hiel ernstig verwondde; nadat zijn laatste uur door koudvuur lijkt te hebben geslagen, knapt hij <\/span><span style=\"color: #000000;\">dankzij medicijnen <\/span><span style=\"color: #000000;\">een beetje op. De Russen blijven een veldslag uit de weg gaan, dus daarom geeft Karel XII bevel de aanval om <\/span><span style=\"color: #000000;\">4 uur in de ochtend van 28 juni 1709 in te zetten.<br \/>\n<\/span><\/p>\n<p><img loading=\"lazy\" decoding=\"async\" class=\" wp-image-594 aligncenter\" src=\"http:\/\/celinevonmeijenfeldt.nl\/wp-content\/uploads\/2016\/10\/image-7-300x188.jpeg\" alt=\"image\" width=\"545\" height=\"342\" srcset=\"https:\/\/meijenfeldt.nl\/wp-content\/uploads\/2016\/10\/image-7-300x188.jpeg 300w, https:\/\/meijenfeldt.nl\/wp-content\/uploads\/2016\/10\/image-7.jpeg 507w\" sizes=\"auto, (max-width: 545px) 100vw, 545px\" \/><\/p>\n<p style=\"text-align: center;\"><span style=\"color: #000000; font-size: 10pt;\"><em>Rehnski\u00f6ld\u2019s vleugel in de Slag bij Poltava<\/em><\/span><\/p>\n<p style=\"text-align: justify;\"><span style=\"color: #000000;\">In de bewuste nacht begeven Karel XII en Johann August zich ondanks hun ongemakken naar het strijdtoneel en nemen actief deel aan de slag. De koning wordt op een draagbaar vervoerd en generaal moet zich nog steeds te paard laten hijsen. De laatste strijdt onder Rehnski\u00f6ld in de voorste linies op de linkerflank tegen de cavalerie van Mensjikov.<\/span><\/p>\n<p style=\"text-align: justify;\"><span style=\"color: #000000;\">Op de rechterflank vecht<\/span><span style=\"color: #000000;\"> Carl Friedrich von Meijerfeldt als \u00e9\u00e9n van de 7 bataljonscommandanten onder generaal-majoor Roos. Na eenvoudige inname van de eerste twee Russische veldschansen lukt het Roos niet de derde veel sterkere schans in te nemen. In plaats van zich aan het plan te houden en door te marcheren verliest hij veel tijd en manschappen door zijn obsessie met deze schans. In de Zweedse slagorde laat hij daardoor een cruciaal gat ontstaan. Tsaar Peter ziet het en besluit tot een volle aanval op Roos. Roos wordt al snel helemaal ingesloten en vormt een defensief carr\u00e9. In een oorverdovend vuurgevecht worden vrijwel alle Zweden uitgeschakeld.<\/span><\/p>\n<p style=\"text-align: justify;\"><span style=\"color: #000000;\">Het is hier dat Carl Friedrich op 45-jarige leeftijd de dood vindt, net als alle commandanten. Zijn broer Johann August noemt in zijn memoires in het bijzonder het \u00d6sterbottenbataljon onder &#8220;<i>Oberst Maijerfeldt<\/i>&#8221; en bij de gesneuvelden op 29 juni 1709 noemt hij &#8220;<i>Obristl: Meyerfeldt<\/i>&#8221; <span style=\"color: #0000ff;\"><a style=\"color: #0000ff;\" href=\"#voetnoot\">(1)<\/a>. <\/span>Roos ontkomt met een groep van 400 man, maar geeft zich korte tijd later onder gunstige voorwaarden over. Hij is de enige die dat in de slag doet en dat komt hem \u2013 v\u00f3\u00f3r de capitulatie &#8211; op hoon van zijn mede-officieren te staan.<\/span><\/p>\n<p><img loading=\"lazy\" decoding=\"async\" class=\" wp-image-595 aligncenter\" src=\"http:\/\/celinevonmeijenfeldt.nl\/wp-content\/uploads\/2016\/10\/image-8-300x209.jpeg\" alt=\"image\" width=\"531\" height=\"370\" srcset=\"https:\/\/meijenfeldt.nl\/wp-content\/uploads\/2016\/10\/image-8-300x209.jpeg 300w, https:\/\/meijenfeldt.nl\/wp-content\/uploads\/2016\/10\/image-8.jpeg 400w\" sizes=\"auto, (max-width: 531px) 100vw, 531px\" \/><\/p>\n<p style=\"text-align: center;\"><span style=\"color: #000000; font-size: 10pt;\"><em>Beslissende gevechten in de Slag bij Poltava<\/em><\/span><\/p>\n<p style=\"text-align: justify;\"><span style=\"color: #000000;\">Johann August is door het Russische kanonvuur op de linkerflank opnieuw gewond geraakt en wordt terug bij de bagagetrein in Pushkaryovka aan zijn verwonding geholpen. Ook de koning besluit terug te keren en er wordt rondom hem een levend fort gevormd. De eveneens gewonde Carl H\u00e5rd is daarvandaan vooruit gereden en na behandeling gaat hij met Johann August in diens kales \u2013 een vierwielige koets met lage bak, van binnen bekleed met blauwe zijde \u2013 de koning afhalen. Zodra ze in het zicht komen zegt de koning \u201c<i>Help me van mijn paard af naar hen daar in de wagen<\/i>\u201d. Geholpen door zijn verzorger Hultman hinkt hij er naar toe en samen namen zij plaats. De wagen rijdt in grote vaart in de stoffige hitte om 1 uur in de middag weg naar de bagagetrein, waar de koning vanuit de kales nog vele uren generale staf met onder andere Lewenhaupt houdt. <span style=\"color: #0000ff;\"><a style=\"color: #0000ff;\" href=\"#voetnoot\">(2)<\/a><\/span><\/span><\/p>\n<p style=\"text-align: justify;\"><span style=\"color: #000000;\">Deze slag bij Poltava gaat de geschiedenis in als het keerpunt van de Zweedse suprematie in Noord-Europa. De Zweedse legers worden verpletterend verslagen; van hele regimenten blijft geen man in leven.<a id=\"voetnoot\"><\/a><\/span><\/p>\n<p style=\"text-align: center;\"><span style=\"color: #000000; font-size: 10pt;\"><span style=\"color: #0000ff;\"><a style=\"color: #0000ff;\" href=\"https:\/\/meijenfeldt.nl\/?page_id=9852\">Terug<\/a><\/span>\u00a0 \u00a0***\u00a0 \u00a0<span style=\"color: #0000ff;\"><a style=\"color: #0000ff;\" href=\"https:\/\/meijenfeldt.nl\/?page_id=153\">Verder<\/a><\/span><\/span><\/p>\n<p style=\"text-align: justify;\"><span style=\"color: #000000; font-size: 10pt;\">1. Memoires 9, <span style=\"color: #0000ff;\"><a style=\"color: #0000ff;\" href=\"https:\/\/meijenfeldt.nl\/?page_id=32029\">folio 78v<\/a><\/span>.<b> <\/b>Villius, \u201cKarl XII:s ryska f\u00e4ltt\u00e5g\u201d, Lund 1951,\u00a0pag. 262-266. P. Englund, \u201cPoltava. Ber\u00e4ttelsen om en arm\u00e9s underg\u00e5ng\u201d, Stockholm 1988, pag. 131-133.<\/span><br \/>\n<span style=\"color: #000000; font-size: 10pt;\"> 2. P. Englund<strong>, <\/strong>pag. 194 (noemt Johann August \u00a0ten onrechte een Fin). Voltaire, Histoire de Charles XII, Roi de Su\u00e8de\u201d, Paris 1731, <span style=\"color: #0000ff;\"><a style=\"color: #0000ff;\" href=\"https:\/\/books.google.nl\/books?id=MwtAAAAAcAAJ&amp;pg=PA439&amp;dq=voltaire+histoire+de+l'empire+de+russie+sous+pierre+le+grand+1768&amp;hl=sv&amp;sa=X&amp;ved=0ahUKEwiMpbLW46fgAhXFK1AKHaV0ACYQ6AEIRzAE#v=onepage&amp;q=meyerfeld&amp;f=false\">pag. 140<\/a><\/span>\u00a0(de met 12 paarden bespannen koets van graaf Piper). J. Bancks, \u201cThe History of the Life and Reign of the Czar Peter the Great, Emperor of All Russia, and Father of his Country\u201d, London 1740, <span style=\"color: #0000ff;\"><a style=\"color: #0000ff;\" href=\"https:\/\/books.google.nl\/books?id=XMQKAAAAIAAJ&amp;printsec=frontcover&amp;dq=Bancks,+%22The+History+of+the+Life+and+Reign+of+the+Czar+Peter+the+Great&amp;hl=nl&amp;sa=X&amp;ved=0ahUKEwjktM7Kw6ndAhUQbFAKHcjqAN8Q6AEIKzAA#v=onepage&amp;q&amp;f=false\">pag. 127 e.v.<\/a><\/span> (de met 12 paarden bespannen koets van Von Meijerfeldt op zijn reis naar Bender).<\/span><\/p>\n","protected":false},"excerpt":{"rendered":"<p>Generaal-majoor Johann August von Meijerfeldt heeft met 1000 man het sterkste regiment van het Zweedse leger. Dat komt omdat hij zich met gebroken been steeds achterin het leger bevindt en geen verliezen vooraan heeft te lijden. Hij trekt samen met de koning van Schuki naar Petrovka en tenslotte Novi Sanzhary, een paar mijl van de &hellip; <a href=\"https:\/\/meijenfeldt.nl\/?page_id=9871\" class=\"more-link\">Verder lezen <span class=\"screen-reader-text\">1.5.4. Slag bij Poltava<\/span><\/a><\/p>\n","protected":false},"author":1,"featured_media":0,"parent":0,"menu_order":0,"comment_status":"closed","ping_status":"closed","template":"","meta":{"footnotes":""},"class_list":["post-9871","page","type-page","status-publish","hentry"],"_links":{"self":[{"href":"https:\/\/meijenfeldt.nl\/index.php?rest_route=\/wp\/v2\/pages\/9871","targetHints":{"allow":["GET"]}}],"collection":[{"href":"https:\/\/meijenfeldt.nl\/index.php?rest_route=\/wp\/v2\/pages"}],"about":[{"href":"https:\/\/meijenfeldt.nl\/index.php?rest_route=\/wp\/v2\/types\/page"}],"author":[{"embeddable":true,"href":"https:\/\/meijenfeldt.nl\/index.php?rest_route=\/wp\/v2\/users\/1"}],"replies":[{"embeddable":true,"href":"https:\/\/meijenfeldt.nl\/index.php?rest_route=%2Fwp%2Fv2%2Fcomments&post=9871"}],"version-history":[{"count":40,"href":"https:\/\/meijenfeldt.nl\/index.php?rest_route=\/wp\/v2\/pages\/9871\/revisions"}],"predecessor-version":[{"id":56140,"href":"https:\/\/meijenfeldt.nl\/index.php?rest_route=\/wp\/v2\/pages\/9871\/revisions\/56140"}],"wp:attachment":[{"href":"https:\/\/meijenfeldt.nl\/index.php?rest_route=%2Fwp%2Fv2%2Fmedia&parent=9871"}],"curies":[{"name":"wp","href":"https:\/\/api.w.org\/{rel}","templated":true}]}}