{"id":9820,"date":"2018-06-17T14:33:10","date_gmt":"2018-06-17T14:33:10","guid":{"rendered":"http:\/\/meijenfeldt.nl\/?page_id=9820"},"modified":"2024-08-12T13:36:19","modified_gmt":"2024-08-12T13:36:19","slug":"1-3-3-bijzondere-opdrachten","status":"publish","type":"page","link":"https:\/\/meijenfeldt.nl\/?page_id=9820","title":{"rendered":"1.4.3. Een eigen regiment"},"content":{"rendered":"<p><img loading=\"lazy\" decoding=\"async\" class=\" wp-image-16438 aligncenter\" src=\"https:\/\/meijenfeldt.nl\/wp-content\/uploads\/2019\/04\/Lublin-1719-300x146.jpg\" alt=\"\" width=\"581\" height=\"283\" srcset=\"https:\/\/meijenfeldt.nl\/wp-content\/uploads\/2019\/04\/Lublin-1719-300x146.jpg 300w, https:\/\/meijenfeldt.nl\/wp-content\/uploads\/2019\/04\/Lublin-1719-768x373.jpg 768w, https:\/\/meijenfeldt.nl\/wp-content\/uploads\/2019\/04\/Lublin-1719.jpg 912w\" sizes=\"auto, (max-width: 581px) 100vw, 581px\" \/><\/p>\n<p style=\"text-align: center;\"><span style=\"color: #000000;\"><em><span style=\"font-size: 10pt;\">Lublin<\/span><\/em><\/span><\/p>\n<p style=\"text-align: justify;\"><span style=\"color: #000000;\">Op Nieuwjaarsdag 1703 krijgt Johann August von Meijerfeldt opdracht naar de stad Lublin <span class=\"section-facts-description-text\">te gaan, die de Saksische keurvorst <\/span><\/span><span style=\"color: #000000;\">nog niet als Poolse koning heeft afgezworen. Karel XII ontmoet het stadsbestuur en trekt met zijn leger verder naar <\/span><span style=\"color: #000000;\">slot Jacobowitz van vorst Lubomirski, waar hij zes weken halt houdt. Op 22 januari is Johann August nog in de stad, getuige een brief aan Stenbock. <a href=\"#voetnoot\"><span style=\"color: #0000ff;\">(1)<\/span><\/a>\u00a0 Hij koopt er blauw doek voor het maken van Zweedse uniformen en 25 koeien. Koning Karel XII is hiermee tevreden en kondigt aan dat hij hem weldra zal komen bezoeken, maar ziet daar door tijdgebrek van af. <\/span><span style=\"color: #000000;\">Hij vraagt hem 5 februari naar de stand van zaken <span style=\"color: #0000ff;\"><a style=\"color: #0000ff;\" href=\"#voetnoot\">(2)<\/a><\/span> en krijgt op 13 februari het volgende antwoord: <span style=\"color: #0000ff;\"><a style=\"color: #0000ff;\" href=\"#voetnoot\">(3)<\/a><\/span><\/span><\/p>\n<p style=\"text-align: justify; padding-left: 40px;\"><span class=\"date\" style=\"color: #000000;\" data-reactid=\".0.1.2.6.1\">&#8220;<em>Ik heb zojuist een verklaring gestuurd en dat lijkt het enige te zijn waarvoor ik mij hoef te verontschuldigen. Van de bedelaarsmonniken heb ik nooit in mijn leven geloofd dat ik iets kon krijgen, maar ik dring er bij hen op aan om de anderen te laten zien dat niemand gespaard blijft. Voor de nonnen wordt de eerste claim van mij tot de helft teruggebracht. Al het mogelijke doe ik en heb ik gedaan.&#8221;<\/em><\/span><\/p>\n<p style=\"text-align: justify;\"><span style=\"color: #000000;\">Carl Friedrich is nog steeds gelegerd in Sehlburg. Hij moet op 22 februari 1703 in actie komen, omdat een vijandelijk legertje van 200 man over de bevroren D\u00fcna Lijfland is binnengevallen en bij Stockmannshof (<i>Plavinas<\/i>) aan het plunderen is geslagen. Bandomir heeft zijn neutraliteit laten varen en is Pools partizaan in de Russisch-Saksische coalitie geworden. Carl Friedrich neemt slechts 18 ruiters en 70 infanteristen met zich mee, maar jaagt hen niettemin op de vlucht. Zonder verliezen aan zijn kant herovert hij de buit, doodt 6 vijanden en neemt er 2 gevangen. Nu komt ook hij in het oudste geschiedenisboek voor. <span style=\"color: #0000ff;\"><a style=\"color: #0000ff;\" href=\"#voetnoot\">(4)<\/a><\/span><\/span><\/p>\n<p style=\"text-align: justify;\"><span style=\"color: #000000;\">Karel XII draagt Johann August op<\/span><span style=\"color: #000000;\"> 1 maart 1703 op\u00a0 Lublin opnieuw binnen te gaan met een detachement infanterie en dragonders. Om te bewijzen dat het geen spel is moet hij een brandschatting van 50.000 rijksdaalder invorderen. Johann August geeft de stad een ultimatum van 10 dagen en om dat kracht bij te zetten laat hij zijn soldaten goed zichtbaar toortsen van stro en teer maken. Ondanks deze aansporing weet de bevolking maar 30.000 rijksdaalder bij elkaar te krijgen, maar tot haar grote opluchting stelt de koning zich hiermee tevreden. Johann August blijft achter in de stad om de huizen van protesterende burgers te slopen. Op 27 maart 1703 verlaat hij Lublin met het losgeld en zet zich op weg achter de hoofdmacht richting Warschau. Hij krijgt opdracht met de bagage en belastingopbrengsten naar Kazimirz te geen. Onderweg ontmoet hij vorst Stephan Potocki, die zich minder als bondgenoot gedraagt als hij een deel van de opbrengst uit Lublin opeist. Johann August geeft niet toe en weet zonder enig verlies Kazimirz te bereiken. Daar liggen schepen met Saksische oorlogsbuit en gewonden <\/span><span style=\"color: #000000;\"> klaar <\/span><span style=\"color: #000000;\">om naar Warschau te varen. <span style=\"color: #0000ff;\"><a style=\"color: #0000ff;\" href=\"#voetnoot\">(5)<\/a><\/span><\/span><\/p>\n<p style=\"text-align: justify;\"><span style=\"color: #000000;\">Majoor Carl Friedrich von Meijerfeldt wordt op 41-jarige leeftijd luitenant-kolonel. Hij volgt <\/span><span style=\"color: #000000;\">op<\/span><span style=\"color: #000000;\"> 8 april 1703\u00a0<\/span><span style=\"color: #000000;\">Kasper St\u00e5hlhammar <\/span><span style=\"color: #000000;\">i<\/span><span style=\"color: #000000;\">n het \u00d6sterbotten infanterieregiment op, die als 58-jarige <\/span><span style=\"color: #000000;\">terugkeert naar Zweden. Hij wordt met deze nieuwe rang tweede in lijn in de commandostaf. Tegelijkertijd blijft hij zijn compagnie van ruim 100 man aanvoeren. <span style=\"color: #0000ff;\"><a style=\"color: #0000ff;\" href=\"#voetnoot\">(6)<\/a><\/span><\/span><\/p>\n<p style=\"text-align: justify;\"><span style=\"color: #000000;\">De 14-jarige prins Maximiliaan Emanuel von W\u00fcrtemberg komt naar het zomerkamp van het Zweedse hoofdleger, teneinde oorlogservaring op te doen bij de dan al legendarische Karel XII. De laatste stelt samen met Johann August de prins op de proef, door zich op een nachtelijke rit voor te doen als Saksische wachtpost. <span style=\"color: #0000ff;\"><a style=\"color: #0000ff;\" href=\"#voetnoot\">(7)<\/a><\/span> In de zomer en het najaar van 1703 verblijft hij in het Pruisische deel van Polen en neemt daar onder andere deel aan de belegering van Thorn (<em>Tor\u00fan<\/em>).<\/span><\/p>\n<p style=\"text-align: justify;\"><span style=\"color: #000000;\">De periode van avontuurlijke verkenningstochten is voorbij als de koning Johann August op 20 november 1703 benoemt tot kolonel over een eigen regiment dragonders. <span style=\"color: #0000ff;\"><a style=\"color: #0000ff;\" href=\"#voetnoot\">(8)<\/a><\/span> Dat is een infanterie-eenhied, die te voet vecht en zich te paard verplaatst. In tegenstelling tot de meeste Europese legers werken de Zweden grotendeels met soldaten die afkomstig zijn uit dezelfde provincie en niet met huurlingen. Desertie komt daardoor nauwelijks voor. Bij gebrek aan soldij blijven de soldaten geloven dat het goed komt. Johann August mag dan ook als basis voor het regiment Lijflandse dragonders nemen. Het toch al grote Zweedse leger van 65.000 man (alleen het Russische leger is groter) groeit gestaag tot 115.000 man in 1707.<\/span><\/p>\n<p style=\"text-align: justify;\"><span style=\"color: #000000;\">Dit is mede mogelijk omdat Von Meijerfeldt en andere officieren hun regimenten vanaf dan met niet-Zweedse soldaten aanvullen en voor de kosten daarvan zelf moeten zorgdragen. Op 20 november vindt op de markt van Topolno, een klooster 5 mijl noordwestelijk van Thorn over de Weichsel, de aanwerving plaats. Collega Stenbock kiest gemakshalve voor de markt van de grote stad Danzig, maar veroorzaakt daardoor &#8211; zoals zo vaak &#8211; een conflict omdat hij hiermee de neutraliteit van de vrije havenstad schendt.<\/span><\/p>\n<p style=\"text-align: justify;\"><span style=\"color: #000000;\">Het Meijerfeldtse regiment telt uiteindelijk 600 dragonders (inclusief staf e.d. 728 man) van 8 compagnie\u00ebn. Tegen een <span style=\"font-size: 12pt;\">werfgeld <\/span>van 60 rijksdaalder per man en een dienst tot eind april 1707 worden de mannen in blauwe uniformen met gele lijnen gehesen. De staf bestaat uit ervaren Lijflandse officieren, om te beginnen de plaatsvervangend chef Trautvetter, die vaker aan de zijde van Johann August zal opduiken. Daarnaast majoor Rothausen, kapiteins Aminof, Von Collmar, Morton, Stackelberg, Von Dingraff, Pastelberger, Sturenski\u00f6ld, Lengenau, Von Utfalt, Jourist, Stiernb\u00f6k, Von Born, Budberg, Patkull, Rubzoff, Achtman, Langman, Brandt, Z\u00fclich, Carl en Jean de la For\u00eat en Trens.\u00a0\u00a0<span style=\"color: #0000ff;\"><a style=\"color: #0000ff;\" href=\"#voetnoot\">(9)<\/a><\/span> Die winter blijft het regiment iets ten noorden van Topolno aan de Weichsel in Neumark (<i>Nowe Marzy<\/i>) liggen.<\/span><\/p>\n<p><img loading=\"lazy\" decoding=\"async\" class=\"size-medium wp-image-10115 aligncenter\" src=\"https:\/\/meijenfeldt.nl\/wp-content\/uploads\/2018\/07\/7CCA7849-9D57-421D-95D8-0D13F7BC5B4C-300x165.jpeg\" alt=\"\" width=\"300\" height=\"165\" srcset=\"https:\/\/meijenfeldt.nl\/wp-content\/uploads\/2018\/07\/7CCA7849-9D57-421D-95D8-0D13F7BC5B4C-300x165.jpeg 300w, https:\/\/meijenfeldt.nl\/wp-content\/uploads\/2018\/07\/7CCA7849-9D57-421D-95D8-0D13F7BC5B4C.jpeg 640w\" sizes=\"auto, (max-width: 300px) 100vw, 300px\" \/><\/p>\n<p style=\"text-align: center;\"><em><span style=\"font-size: 10pt;\"><span style=\"color: #000000;\">Tinnen soldaten <\/span><span style=\"color: #0000ff;\"><a style=\"color: #0000ff;\" href=\"https:\/\/rollaone.com\/category\/towards-moscow-triology\/page\/2\/\">oorlogsspel<\/a><\/span> <span style=\"color: #000000;\">Slag bij Horka<br \/>\n<\/span><\/span><\/em><em><span style=\"font-size: 10pt;\"><span style=\"color: #000000;\">Meijerfeldt\u2019s Regiment Dragonders<a id=\"voetnoot\"><\/a><\/span><\/span><\/em><\/p>\n<p style=\"text-align: center;\"><span style=\"font-size: 10pt; color: #000000;\"><span style=\"color: #0000ff;\"><a style=\"color: #0000ff;\" href=\"https:\/\/meijenfeldt.nl\/?page_id=130\">Terug<\/a><\/span>\u00a0 \u00a0***\u00a0 \u00a0<span style=\"color: #0000ff;\"><a style=\"color: #0000ff;\" href=\"https:\/\/meijenfeldt.nl\/?page_id=139\">Verder<\/a><\/span><\/span><\/p>\n<p style=\"text-align: justify;\"><span style=\"color: #000000; font-size: 10pt;\"><span class=\"date\" data-reactid=\".0.1.2.6.1\">1. M. Stenbock, \u201c<\/span><\/span><span style=\"font-size: 10pt;\"><span style=\"color: #000000;\">Bilagor till \u00a0Magnus S:s Journal, Copia af Hr: \u00d6fverste Meijerfeldts bref till General Stenbock, Lublin d. 22 Januarij A:o 1703, Karolinska Krigares Dagb\u00f6cker j\u00e4mte andra samtidiga skrifter, deel 12, Lund 1918<\/span>,\u00a0<\/span><a href=\"http:\/\/runeberg.org\/karolikrig\/12\/0199.html\"><span style=\"color: #0000ff; font-size: 10pt;\">pag. 114-118.<\/span><\/a><span style=\"color: #0000ff; font-size: 10pt;\"><br \/>\n<\/span><span style=\"color: #000000; font-size: 10pt;\"><span class=\"date\" data-reactid=\".0.1.2.6.1\">2. Riksarkivet Sverige, 1112.1. Riksregistraturet 1523-1718, B\/631, <span style=\"color: #0000ff;\"><a style=\"color: #0000ff;\" href=\"https:\/\/sok.riksarkivet.se\/bildvisning\/A0039126_00090#?c=&amp;m=&amp;s=&amp;cv=89&amp;xywh=-412%2C384%2C6349%2C3310\">folio 85<\/a>.<\/span> E. Carlson, <span style=\"color: #0000ff;\"><span style=\"color: #000000;\">\u201cKoning Karl XII:s egenh\u00e4ndiga bref\u201d, Stockholm 1893, <\/span><a style=\"color: #0000ff;\" href=\"https:\/\/babel.hathitrust.org\/cgi\/pt?id=inu.30000053834564&amp;view=2up&amp;seq=414&amp;skin=mobile&amp;size=125\">pag. 340<\/a><\/span>.<br \/>\n3. F.F. Carlson, &#8220;Om Sveriges inflytande p\u00e5 Konungenvalet i Polen 1704&#8221;<span style=\"color: #000000;\">, <\/span><\/span><\/span><span class=\"fn\" style=\"font-size: 10pt;\"><span dir=\"ltr\"><span style=\"color: #000000;\">Uppsala Universitets \u00c5rsskrift<\/span> <\/span><\/span><span style=\"color: #000000; font-size: 10pt;\"><span class=\"date\" data-reactid=\".0.1.2.6.1\">1868, <span style=\"color: #0000ff;\"><a style=\"color: #0000ff;\" href=\"https:\/\/babel.hathitrust.org\/cgi\/pt?id=hvd.32044092872076&amp;view=1up&amp;seq=705\">pag. 27, noot 2<\/a><\/span>.<br \/>\n4. S. Faber, \u201cDer Ausf\u00fchrlichen Lebens-Beschreibung Carls den XII. K\u00f6nigs in Schweden\u201d, Frankfurt und Leipzig 1704, deel 3, <span style=\"color: #0000ff;\"><a style=\"color: #0000ff;\" href=\"https:\/\/app.digitale-sammlungen.de\/bookshelf\/bsb11098632\/view?view=ImageView&amp;manifest=https%3A%2F%2Fapi.digitale-sammlungen.de%2Fiiif%2Fpresentation%2Fv2%2Fbsb11098632%2Fmanifest&amp;canvas=https%3A%2F%2Fapi.digitale-sammlungen.de%2Fiiif%2Fpresentation%2Fv2%2Fbsb11098632%2Fcanvas%2F3\">pag. 287<\/a><\/span>. I. Le Long, \u201cHet leven van den heldhaften Carel den XIIden, Koning der Sweden\u201d, Amsterdam 1721, deel 2, <span style=\"color: #008000;\"><span style=\"color: #0000ff;\"><a style=\"color: #0000ff;\" href=\"https:\/\/meijenfeldt.nl\/?page_id=9234\">pag. 472<\/a><\/span>.<br \/>\n<\/span><\/span><\/span><span style=\"color: #000000; font-size: 10pt;\"><span class=\"date\" data-reactid=\".0.1.2.6.1\">5. Post=Tijeder<\/span>\u00a0<span class=\"date\" style=\"color: #0000ff;\" data-reactid=\".0.1.2.6.1\"><a style=\"color: #0000ff;\" href=\"https:\/\/tidningar.kb.se\/2979645\/1703-03-31\/edition\/145134\/part\/1\/page\/7\/?q=%20meijerfelt\">31-03-1703<\/a>. <span style=\"font-size: small;\">13. <span style=\"color: #000000;\">F.G. Bengtsson, \u201cThe life of Charles XII, King of Swe\u00adden\u201d, London 1960, pag. 148. L. Wisocki-Hochmuth, \u201cDagbok af en ingeni\u00f6r-officer\u201d, Lund 1903, Karolinska Krigares Dagb\u00f6cker, deel 2. <\/span><\/span><span style=\"color: #000000;\"><span style=\"color: #0000ff;\"><a style=\"color: #0000ff;\" href=\"http:\/\/runeberg.org\/karolikrig\/2\/0215.html\">pag. 183<\/a><\/span><span style=\"font-size: small;\">. G. Adlerfelt,\u00a0<\/span><\/span><\/span><\/span><span style=\"color: #000000; font-size: small;\">\u201cLeben Carls des Zw\u00f6lften, K\u00f6nigs von Schweden\u201d, Frankfurt\/Leipzig 1740, deel 2,<\/span><span style=\"color: #000000; font-size: small;\">\u00a0<\/span><span style=\"font-size: 10pt; color: #0000ff;\"><a style=\"color: #0000ff;\" href=\"https:\/\/books.google.se\/books?id=DSAVAAAAQAAJ&amp;pg=PP25&amp;lpg=PP25&amp;dq=Adlerfeld+Leben+Carls&amp;source=bl&amp;ots=VALF-Z8sOI&amp;sig=iFG6qE0b617AnunzWc2u2Rluhb0&amp;hl=sv&amp;sa=X&amp;ved=2ahUKEwisgLv13bjdAhWCJ1AKHdVrAIMQ6AEwAnoECAgQAQ#v=onepage&amp;q=meyerfeld&amp;f=false\">pag. 140<\/a><\/span><span style=\"color: #000000; font-size: small;\">. In een brief van 6 april 1703 wordt geklaagd over de geringe problemen die Von Meijerfeldt heeft en de oneerlijke verdeling van het geld (\u201c<i>In de wereld is geen volk zo onbetrouwbaar als de Polen<\/i>\u201d): \u00abDe la Gardiska Archivet eller Handlingar ur Grafl. De la Gardiska Bibliotheket p\u00e5 L\u00f6ber\u00f6d \u00bb, Lund 1837, pag. 168-169. J.A. Nordberg, \u201cKonung Carl den XII:tes historia\u201d, Stockholm 1740, deel 1,<\/span><span style=\"color: #000000; font-size: small;\">\u00a0<\/span><span style=\"font-size: 10pt; color: #0000ff;\"><a style=\"color: #0000ff;\" href=\"https:\/\/meijenfeldt.nl\/?page_id=9129\">pag. 328<\/a><\/span><span style=\"color: #000000; font-size: small;\">.<br \/>\n<\/span><span style=\"color: #000000; font-size: 10pt;\">6. Riksarkivet Sverige, 1112.1. Riksregistraturet 1523-1718, B\/631, <\/span><span style=\"color: #000000; font-size: 10pt;\"><span style=\"color: #0000ff;\"><a style=\"color: #0000ff;\" href=\"https:\/\/sok.riksarkivet.se\/bildvisning\/A0039126_00391#?c=&amp;m=&amp;s=&amp;cv=390&amp;xywh=1043%2C154%2C4684%2C2755\">folio 386<\/a>, <\/span><\/span><span style=\"color: #000000; font-size: 10pt;\">&#8220;\u00d6fwerst-Lieutenant fullmakt f\u00f6r Carl Friedrich Mejerfelt&#8221;. Krigsarkivet, 0022 Rullor 1620-1723, 1703\/2a, <span style=\"color: #0000ff;\"><a style=\"color: #0000ff;\" href=\"https:\/\/sok.riksarkivet.se\/bildvisning\/A0054542_00016#?c=&amp;m=&amp;s=&amp;cv=15&amp;xywh=1260%2C217%2C4571%2C2755\">folio 54<\/a><\/span>.<br \/>\n<\/span><span style=\"color: #000000; font-size: 10pt;\">7. M.E. Wirtemburg, &#8220;Memoires de Maximilien Emanuel, prince de Wirtemburg&#8221;, Amsterdam\/Leipzig 1740, pag. 45. H. Villius. &#8220;Ogenvitten Karl XII&#8221;, Stockholm 1960, pag. 61-62.<br \/>\n<\/span><span style=\"color: #000000; font-size: 10pt;\">8. Riksarkivet Sverige, 1112.1. Riksregistraturet 1523-1718, <\/span><span style=\"color: #000000; font-size: 10pt;\">B\/633, <a href=\"https:\/\/sok.riksarkivet.se\/bildvisning\/A0039128_00385#?c=&amp;m=&amp;s=&amp;cv=384&amp;xywh=703%2C431%2C3253%2C1913\"><span style=\"color: #0000ff;\">folio 387v<\/span><\/a>, <\/span><span style=\"color: #000000; font-size: 10pt;\">&#8220;Warb Patent f\u00fcr den Obristen Mejerfelt item f\u00fcr dem General Major Gr. Stenbock&#8221;.<br \/>\n9. G. Tessin, &#8220;Die Deutschen Regimenter der Krone Schweden&#8221;, deel 2 (1660-1718), pag. 218-222. B.A. Ennes, <\/span><span style=\"color: #000000; font-size: 13.3333px;\">&#8220;Biografiska Minnen\u00a0af Konung Carl XII:s Krigare samt Andre Embetsm\u00e4n och Personer, under denna Konung tid, F\u00e5gne i Ryssland, Flygtige i Turkiet, eller D\u00f6dskjutne i F\u00e4lt. Med Bilagor&#8221;, deel 1, Stockholm 1818,<\/span> <span style=\"font-size: 10pt; color: #0000ff;\"><a style=\"color: #0000ff;\" href=\"https:\/\/books.google.nl\/books?id=OcpAAAAAcAAJ&amp;pg=PA375&amp;dq=Adlerfelt+Karl+XII:s&amp;hl=sv&amp;sa=X&amp;ved=0ahUKEwjHmJ_U3rjdAhVRsKQKHY2JCFAQ6AEIWTAJ#v=snippet&amp;q=meijerfelts&amp;f=false\">pag. 282<\/a><\/span><span style=\"color: #000000; font-size: 10pt;\">\u00a0e.v. met hele lijst van (onder-)officieren.<\/span><span style=\"color: #000000; font-size: 10pt;\"><br \/>\n<\/span><\/p>\n","protected":false},"excerpt":{"rendered":"<p>Lublin Op Nieuwjaarsdag 1703 krijgt Johann August von Meijerfeldt opdracht naar de stad Lublin te gaan, die de Saksische keurvorst nog niet als Poolse koning heeft afgezworen. Karel XII ontmoet het stadsbestuur en trekt met zijn leger verder naar slot Jacobowitz van vorst Lubomirski, waar hij zes weken halt houdt. Op 22 januari is Johann &hellip; <a href=\"https:\/\/meijenfeldt.nl\/?page_id=9820\" class=\"more-link\">Verder lezen <span class=\"screen-reader-text\">1.4.3. Een eigen regiment<\/span><\/a><\/p>\n","protected":false},"author":1,"featured_media":0,"parent":0,"menu_order":0,"comment_status":"closed","ping_status":"closed","template":"","meta":{"footnotes":""},"class_list":["post-9820","page","type-page","status-publish","hentry"],"_links":{"self":[{"href":"https:\/\/meijenfeldt.nl\/index.php?rest_route=\/wp\/v2\/pages\/9820","targetHints":{"allow":["GET"]}}],"collection":[{"href":"https:\/\/meijenfeldt.nl\/index.php?rest_route=\/wp\/v2\/pages"}],"about":[{"href":"https:\/\/meijenfeldt.nl\/index.php?rest_route=\/wp\/v2\/types\/page"}],"author":[{"embeddable":true,"href":"https:\/\/meijenfeldt.nl\/index.php?rest_route=\/wp\/v2\/users\/1"}],"replies":[{"embeddable":true,"href":"https:\/\/meijenfeldt.nl\/index.php?rest_route=%2Fwp%2Fv2%2Fcomments&post=9820"}],"version-history":[{"count":117,"href":"https:\/\/meijenfeldt.nl\/index.php?rest_route=\/wp\/v2\/pages\/9820\/revisions"}],"predecessor-version":[{"id":65787,"href":"https:\/\/meijenfeldt.nl\/index.php?rest_route=\/wp\/v2\/pages\/9820\/revisions\/65787"}],"wp:attachment":[{"href":"https:\/\/meijenfeldt.nl\/index.php?rest_route=%2Fwp%2Fv2%2Fmedia&parent=9820"}],"curies":[{"name":"wp","href":"https:\/\/api.w.org\/{rel}","templated":true}]}}