{"id":9585,"date":"2018-06-06T10:10:27","date_gmt":"2018-06-06T10:10:27","guid":{"rendered":"http:\/\/meijenfeldt.nl\/?page_id=9585"},"modified":"2023-05-08T16:29:18","modified_gmt":"2023-05-08T16:29:18","slug":"carlsen","status":"publish","type":"page","link":"https:\/\/meijenfeldt.nl\/?page_id=9585","title":{"rendered":"Carlsen"},"content":{"rendered":"<p style=\"text-align: justify;\"><span style=\"color: #000000; font-size: 14pt;\"><strong>Franziska <span style=\"color: #0000ff;\"><a style=\"color: #0000ff;\" href=\"https:\/\/babel.hathitrust.org\/cgi\/pt?id=hvd.hnn7uu&amp;view=1up&amp;seq=5&amp;q1=meyerfeld\">Carlsen<\/a><\/span>, &#8220;Efterretninger om Gammelkj\u00f8gegaard og Omgegn&#8221;, Kopenhagen 1876 en 1878.<\/strong><\/span><\/p>\n<p><span style=\"color: #000000; font-size: 10pt;\">Sinds 1724 is de familie Meijerfeldt eigenaar: 1724-1749 Johan August sr en Brita Barnekow, 1749-1760 Carl Fredrik jr is eigenaar en Brita heeft vruchtgebruik. Zij correspondeert veel met de pachter, eerst Abraham Brasch, vanaf 1759 zijn zoon Christian Brasch. In 1759 is er een grote brand, in 1760 een zware storm en overstroming. Christian is teleurgesteld dat Brita Bernekow het beheer voorjaar 1760 aan zoon Carl Fredrik overdraagt. 1768 wissel Carl Fredrik en Johan August met Medrow. Eind dat jaar reist JAjr naar Kopenhagen om alles vast te leggen<br \/>\nToen de twee jongste graven 9 en 6 jaar oud waren gingen zij in een strenge winter over het ijs tussen Zweden en Denemarken naar Christian Brasch toe.<br \/>\nJanuari 1776 verkoopt JAjr het goed voor 54.000 Rijksdaalder aan Rasmus Carlsen, rijke boer en handelaar. Tussenpersoon verwijt hem besluiteloosheid, \u00aben gammel \u00c6rtekj\u00e6rling, som ikke veed hvad han vil\u00ab, maar schrijfster verdedigt hem dat verkoop niet vaststond en hij die zomer te ziek was om naar Gammelkj\u00f8gegaard te komen.<\/span><\/p>\n<p style=\"text-align: justify;\"><span style=\"color: #000000;\"><strong>Deel 1<\/strong><\/span><\/p>\n<p><span style=\"color: #0000ff; font-size: 10pt;\"><a style=\"color: #0000ff;\" href=\"https:\/\/babel.hathitrust.org\/cgi\/pt?id=hvd.hnn7uu&amp;view=1up&amp;seq=121&amp;q1=meyerfeldts\">Pag. 107<\/a><\/span><\/p>\n<table style=\"border-collapse: collapse; width: 100%; height: 81px;\">\n<tbody>\n<tr style=\"height: 114px;\">\n<td style=\"width: 33.3333%; height: 81px;\"><span style=\"color: #000000; font-size: 10pt;\">1) &#8230; en stor Del av Gammelkj\u00f8gegaards Archiv fra S\u00f8fdeborg, hvor det siden Gref Meyerfeldts Tid havde liget, &#8230;<\/span><\/td>\n<td style=\"width: 33.3333%; height: 81px;\"><span style=\"font-size: 10pt;\">1) &#8230; een groot deel van het archief van Gammel<span style=\"color: #000000;\">kj\u00f6geg\u00e5rd op S\u00f6fdeborg ligt, waar het tijdens graaf Meijerfeldt&#8217;s tijd lag &#8230;<\/span><\/span><\/td>\n<\/tr>\n<\/tbody>\n<\/table>\n<p><span style=\"color: #0000ff; font-size: 10pt;\"><a style=\"color: #0000ff;\" href=\"https:\/\/babel.hathitrust.org\/cgi\/pt?id=hvd.hnn7uu&amp;view=1up&amp;seq=310&amp;q1=meijerfelt\">Pag. 296<\/a>\u00a0<\/span><\/p>\n<p><span style=\"color: #000000; font-size: 10pt;\">Meyerfeld, Carl Frederik (svensk Greve, til Gammelkj\u00f8gegaard), 107 Anm.<\/span><\/p>\n<p><strong>Deel 2<\/strong><\/p>\n<p><span style=\"color: #0000ff;\"><a style=\"color: #0000ff;\" href=\"https:\/\/babel.hathitrust.org\/cgi\/pt?id=hvd.hnn7uu&amp;view=1up&amp;seq=335&amp;q1=meyerfelt\"><span style=\"font-size: 10pt;\">Pag. 9<\/span><\/a><\/span><\/p>\n<p><span style=\"font-size: 10pt;\">Frans gedicht van dochterszoon graaf M. bij dood gravin Ascheberg, gepubliceerd door Aulin. In voetnoot 1 de anekdote van <span style=\"color: #0000ff;\"><a style=\"color: #0000ff;\" href=\"https:\/\/books.google.nl\/books?id=wLJfAAAAcAAJ&amp;pg=PR5&amp;lpg=PR5&amp;dq=J.C.+Barfod+M%C3%A4rkv%C3%A4rdigheter+r%C3%B6rande+sk%C3%A5nska+adeln&amp;source=bl&amp;ots=Q6toydD0WB&amp;sig=ACfU3U0r_j54pTZecQZQDLF6psP95qWB_g&amp;hl=nl&amp;sa=X&amp;ved=2ahUKEwi9ho63m5TuAhUG1RoKHXw8DMM4ChDoATAEegQICxAC#v=onepage&amp;q=meijerfeldt&amp;f=false\">Barfod<\/a><\/span> dat mensen dachten dat hij gek was toen hij het gedicht gesticulerend oefende.<\/span><\/p>\n<p><span style=\"color: #0000ff; font-size: 10pt;\"><a style=\"color: #0000ff;\" href=\"https:\/\/babel.hathitrust.org\/cgi\/pt?id=hvd.hnn7uu&amp;view=1up&amp;seq=352&amp;q1=meyerfelt\">Pag. 26<\/a><\/span><\/p>\n<p><span style=\"font-size: 10pt;\">Niels S\u00f8rensen is pachter tot 1724, toen JAsr de eigendom van <span style=\"color: #000000;\">Gammelkj\u00f8gegaard verkreeg.<\/span><\/span><\/p>\n<p><span style=\"color: #0000ff; font-size: 10pt;\"><a style=\"color: #0000ff;\" href=\"https:\/\/babel.hathitrust.org\/cgi\/pt?id=hvd.hnn7uu&amp;view=1up&amp;seq=356&amp;q1=meyerfelt\">Pag. 30<\/a><br \/>\n<\/span><\/p>\n<p><span style=\"color: #000000; font-size: 10pt;\">Op 2 september 1724 tekent gravin Ascheberg op Widtsk\u00f6fle een legaat, waarin zij afstand doet van eigendommen ten gunste van haar kinderen. Gammelkj\u00f8gegaard gaat naar haar schoonzoon JAsr en dochter Brita Barnekow, die de andere erfgenamen financieel in Zweden tevreden stelt. Vijf dagen later schrijf gravin Ascheberg aan Lars Larsen dat hij alle boeren, molenaars en huisbedienden moet berichten de graaf en gravin als nieuwe eigenaren te erkennen en respecteren.<\/span><\/p>\n<p><span style=\"color: #0000ff; font-size: 10pt;\"><a style=\"color: #0000ff;\" href=\"https:\/\/babel.hathitrust.org\/cgi\/pt?id=hvd.hnn7uu&amp;view=1up&amp;seq=357&amp;q1=meyerfelt\">Pag. 31<\/a><\/span><\/p>\n<p><span style=\"font-size: 10pt;\">Stuk over Anders Meijer, overgeschreven uit <span style=\"color: #0000ff;\"><a style=\"color: #0000ff;\" href=\"http:\/\/runeberg.org\/anrep\/2\/0894.html\">Anrep<\/a><\/span>.<\/span><\/p>\n<p><span style=\"color: #0000ff; font-size: 10pt;\"><a style=\"color: #0000ff;\" href=\"https:\/\/babel.hathitrust.org\/cgi\/pt?id=hvd.hnn7uu&amp;view=1up&amp;seq=358&amp;q1=meyerfelt\">Pag. 32<\/a><\/span><\/p>\n<p><span style=\"color: #000000; font-size: 10pt;\">Eerste oorlogsjaren Johan August sr onder Von der Pahlen, 1693 kapitein onder Hastfer in Brabant en 1697 majoor onder Krassow. Korte opsomming tochten en slagen in Lijfland en Polen. Eigen dragonderregiment.<\/span><\/p>\n<article class=\"result\">\n<p class=\"results-header\"><span style=\"color: #0000ff; font-size: 10pt;\"><a style=\"color: #0000ff;\" href=\"https:\/\/babel.hathitrust.org\/cgi\/pt?q1=meyerfelt;id=hvd.hnn7uu;view=1up;seq=359;start=11;sz=10;page=search;num=33\" data-seq=\"359\">Pag. 33<\/a><\/span><\/p>\n<p><span style=\"font-size: 10pt;\">Slag bij Posen en kroning in Warschau. Baron 12 juli 1705 met Valdemar. Splitsing Zweedse leger: koning en JAsr gaan naar Grodno.<\/span><\/p>\n<p><span style=\"color: #0000ff; font-size: 10pt;\"><a style=\"color: #0000ff;\" href=\"https:\/\/babel.hathitrust.org\/cgi\/pt?id=hvd.hnn7uu&amp;view=1up&amp;seq=360&amp;q1=meyerfelt\">Pag. 34<\/a><\/span><\/p>\n<p><span style=\"font-size: 10pt;\">Uitvoerige beschrijving van omsingeling van Grodno en achtervolging vluchtende Russen.<\/span><\/p>\n<p><span style=\"color: #0000ff; font-size: 10pt;\"><a style=\"color: #0000ff;\" href=\"https:\/\/babel.hathitrust.org\/cgi\/pt?id=hvd.hnn7uu&amp;view=1up&amp;seq=361&amp;q1=meyerfelt\">Pag. 35<\/a><\/span><\/p>\n<p><span style=\"font-size: 10pt;\">Dankzij troepenmacht M. bij Dresden tekent Saksen het vredesakkoord.<\/span><\/p>\n<p><span style=\"color: #0000ff; font-size: 10pt;\"><a style=\"color: #0000ff;\" href=\"https:\/\/babel.hathitrust.org\/cgi\/pt?id=hvd.hnn7uu&amp;view=1up&amp;seq=362&amp;q1=meyerfelts\">Pag. 36-37<\/a><\/span><\/p>\n<p><span style=\"font-size: 10pt;\">Bruiloft M. met alle details.<\/span><\/p>\n<p><span style=\"color: #0000ff; font-size: 10pt;\"><a style=\"color: #0000ff;\" href=\"https:\/\/babel.hathitrust.org\/cgi\/pt?id=hvd.hnn7uu&amp;view=1up&amp;seq=364&amp;q1=meyerfelt\">Pag. 38-39<\/a><\/span><\/p>\n<p><span style=\"font-size: 10pt;\">Russische veldtocht<\/span><\/p>\n<p><span style=\"color: #0000ff; font-size: 10pt;\"><a style=\"color: #0000ff;\" href=\"https:\/\/babel.hathitrust.org\/cgi\/pt?id=hvd.hnn7uu&amp;view=1up&amp;seq=366&amp;q1=meyerfelt\">Pag. 40<\/a><\/span><\/p>\n<p><span style=\"font-size: 10pt;\">Slag bij Poltava<\/span><\/p>\n<\/article>\n<article class=\"result\">\n<p class=\"results-header\"><span style=\"color: #0000ff; font-size: 10pt;\"><a style=\"color: #0000ff;\" href=\"https:\/\/babel.hathitrust.org\/cgi\/pt?q1=meyerfelt;id=hvd.hnn7uu;view=1up;seq=367;start=11;sz=10;page=search;num=41\" data-seq=\"367\">Pag. 41<\/a><\/span><\/p>\n<p><span style=\"font-size: 10pt;\">Bender<\/span><\/p>\n<p><span style=\"color: #0000ff; font-size: 10pt;\"><a style=\"color: #0000ff;\" href=\"https:\/\/babel.hathitrust.org\/cgi\/pt?id=hvd.hnn7uu&amp;view=1up&amp;seq=368&amp;q1=meyerfelt\">Pag. 42<\/a><\/span><\/p>\n<p><span style=\"color: #0000ff; font-size: 10pt;\"><a style=\"color: #0000ff;\" href=\"https:\/\/babel.hathitrust.org\/cgi\/pt?id=hvd.hnn7uu&amp;view=1up&amp;seq=369&amp;q1=meyerfelt\">Pag. 43<\/a><\/span><\/p>\n<p><span style=\"color: #0000ff; font-size: 10pt;\"><a style=\"color: #0000ff;\" href=\"https:\/\/babel.hathitrust.org\/cgi\/pt?id=hvd.hnn7uu&amp;view=1up&amp;seq=370&amp;q1=meyerfelt\">Pag. 44<\/a><\/span><\/p>\n<p><span style=\"font-size: 10pt;\"><strong><span style=\"color: #0000ff;\"><a style=\"font-weight: bold; color: #0000ff;\" href=\"https:\/\/babel.hathitrust.org\/cgi\/pt?q1=meyerfelt;id=hvd.hnn7uu;view=1up;seq=371;start=11;sz=10;page=search;num=45\" data-seq=\"371\">Pag. 45<\/a><\/span><\/strong><\/span><\/p>\n<\/article>\n<article><\/article>\n<article class=\"result\"><\/article>\n<article class=\"result\">\n<p class=\"kwic\"><span style=\"font-size: 10pt;\"><a style=\"color: #0000ff;\" href=\"https:\/\/babel.hathitrust.org\/cgi\/pt?id=hvd.hnn7uu&amp;view=1up&amp;seq=372&amp;q1=meyerfelt\">Pag. 46<\/a><\/span><\/p>\n<p class=\"kwic\"><span style=\"color: #0000ff; font-size: 10pt;\"><a style=\"color: #0000ff;\" href=\"https:\/\/babel.hathitrust.org\/cgi\/pt?id=hvd.hnn7uu&amp;view=1up&amp;seq=373&amp;q1=meyerfelt\">Pag. 47<\/a><\/span><\/p>\n<\/article>\n<p><span style=\"color: #0000ff; font-size: 10pt;\"><a style=\"color: #0000ff;\" href=\"https:\/\/babel.hathitrust.org\/cgi\/pt?id=hvd.hnn7uu&amp;view=1up&amp;seq=374&amp;q1=meyerfelt\">Pag. 48<\/a><br \/>\n<\/span><\/p>\n<p><span style=\"color: #0000ff; font-size: 10pt;\"><a style=\"color: #0000ff;\" href=\"https:\/\/babel.hathitrust.org\/cgi\/pt?id=hvd.hnn7uu&amp;view=1up&amp;seq=375&amp;q1=meyerfelt\">Pag. 49<\/a><\/span><\/p>\n<p><span style=\"color: #0000ff; font-size: 10pt;\"><a style=\"color: #0000ff;\" href=\"https:\/\/babel.hathitrust.org\/cgi\/pt?id=hvd.hnn7uu&amp;view=1up&amp;seq=376&amp;q1=meyerfelt\">Pag. 50<\/a><\/span><\/p>\n<p><span style=\"color: #0000ff; font-size: 10pt;\"><a style=\"color: #0000ff;\" href=\"https:\/\/babel.hathitrust.org\/cgi\/pt?id=hvd.hnn7uu&amp;view=1up&amp;seq=377&amp;q1=meyerfelt\">Pag. 51<\/a><\/span><\/p>\n<p><span style=\"color: #0000ff; font-size: 10pt;\"><a style=\"color: #0000ff;\" href=\"https:\/\/babel.hathitrust.org\/cgi\/pt?id=hvd.hnn7uu&amp;view=1up&amp;seq=378&amp;q1=meyerfelt\">Pag. 52<\/a><\/span><\/p>\n<p><span style=\"color: #0000ff; font-size: 10pt;\"><a style=\"color: #0000ff;\" href=\"https:\/\/babel.hathitrust.org\/cgi\/pt?id=hvd.hnn7uu&amp;view=1up&amp;seq=379&amp;q1=meyerfelt\">Pag. 53<\/a><\/span><\/p>\n<p><span style=\"color: #0000ff; font-size: 10pt;\"><a style=\"color: #0000ff;\" href=\"https:\/\/babel.hathitrust.org\/cgi\/pt?id=hvd.hnn7uu&amp;view=1up&amp;seq=380&amp;q1=meyerfelt\">Pag. 54<\/a><\/span><\/p>\n<article class=\"result\">\n<p class=\"results-header\"><span style=\"font-size: 10pt;\"><a href=\"https:\/\/babel.hathitrust.org\/cgi\/pt?q1=meyerfelt;id=hvd.hnn7uu;view=1up;seq=381;start=11;sz=10;page=search;num=55\" data-seq=\"381\"><span style=\"color: #0000ff;\">Pag. 55<\/span><\/a><span style=\"color: #0000ff;\">\u00a0<\/span><\/span><\/p>\n<\/article>\n<article class=\"result\">\n<p class=\"kwic\"><span style=\"font-size: 10pt;\"><a style=\"color: #0000ff;\" href=\"https:\/\/babel.hathitrust.org\/cgi\/pt?id=hvd.hnn7uu&amp;view=1up&amp;seq=382&amp;q1=meyerfelt\">Pag. 56<\/a><\/span><\/p>\n<\/article>\n<p><span style=\"color: #0000ff; font-size: 10pt;\"><a style=\"color: #0000ff;\" href=\"https:\/\/babel.hathitrust.org\/cgi\/pt?id=hvd.hnn7uu&amp;view=1up&amp;seq=383&amp;q1=meyerfelt\">Pag. 57<\/a><\/span><\/p>\n<p style=\"text-align: left;\"><span style=\"font-size: 10pt;\"><strong><span style=\"color: #0000ff;\"><a style=\"font-weight: bold; color: #0000ff;\" href=\"https:\/\/babel.hathitrust.org\/cgi\/pt?q1=meyerfelt;id=hvd.hnn7uu;view=1up;seq=384;start=11;sz=10;page=search;num=58\" data-seq=\"384\">Pag. 58<\/a><\/span><\/strong><\/span><\/p>\n<p><span style=\"color: #0000ff; font-size: 10pt;\"><a style=\"color: #0000ff;\" href=\"https:\/\/babel.hathitrust.org\/cgi\/pt?id=hvd.hnn7uu&amp;view=1up&amp;seq=385&amp;q1=meyerfelt\">Pag. 59<\/a><\/span><\/p>\n<p><span style=\"color: #0000ff; font-size: 10pt;\"><a style=\"color: #0000ff;\" href=\"https:\/\/babel.hathitrust.org\/cgi\/pt?id=hvd.hnn7uu&amp;view=1up&amp;seq=386&amp;q1=meyerfelt\">Pag. 60<\/a><\/span><\/p>\n<p><span style=\"color: #0000ff; font-size: 10pt;\"><a style=\"color: #0000ff;\" href=\"https:\/\/babel.hathitrust.org\/cgi\/pt?id=hvd.hnn7uu&amp;view=1up&amp;seq=387&amp;q1=meyerfelt\">Pag. 61<\/a><\/span><\/p>\n<p><span style=\"color: #0000ff; font-size: 10pt;\"><a style=\"color: #0000ff;\" href=\"https:\/\/babel.hathitrust.org\/cgi\/pt?id=hvd.hnn7uu&amp;view=1up&amp;seq=388&amp;q1=meyerfelt\">Pag. 62<\/a><\/span><\/p>\n<p><span style=\"color: #0000ff; font-size: 10pt;\"><a style=\"color: #0000ff;\" href=\"https:\/\/babel.hathitrust.org\/cgi\/pt?id=hvd.hnn7uu&amp;view=1up&amp;seq=389&amp;q1=meyerfelt\">Pag. 63<\/a><\/span><\/p>\n<p><span style=\"color: #0000ff; font-size: 10pt;\"><a style=\"color: #0000ff;\" href=\"https:\/\/babel.hathitrust.org\/cgi\/pt?id=hvd.hnn7uu&amp;view=1up&amp;seq=390&amp;q1=meyerfelt\">Pag. 64<\/a><\/span><\/p>\n<p><span style=\"color: #0000ff; font-size: 10pt;\"><a style=\"color: #0000ff;\" href=\"https:\/\/babel.hathitrust.org\/cgi\/pt?id=hvd.hnn7uu&amp;view=1up&amp;seq=391&amp;q1=meyerfelt\">Pag. 65<\/a><\/span><\/p>\n<p><span style=\"color: #0000ff; font-size: 10pt;\"><a style=\"color: #0000ff;\" href=\"https:\/\/babel.hathitrust.org\/cgi\/pt?id=hvd.hnn7uu&amp;view=1up&amp;seq=392&amp;q1=meyerfelt\">Pag. 66<\/a><\/span><\/p>\n<p><span style=\"color: #0000ff; font-size: 10pt;\"><a style=\"color: #0000ff;\" href=\"https:\/\/babel.hathitrust.org\/cgi\/pt?id=hvd.hnn7uu&amp;view=1up&amp;seq=393&amp;q1=meyerfelt\">Pag. 67<\/a><\/span><\/p>\n<p><span style=\"color: #0000ff; font-size: 10pt;\"><a style=\"color: #0000ff;\" href=\"https:\/\/babel.hathitrust.org\/cgi\/pt?id=hvd.hnn7uu&amp;view=1up&amp;seq=394&amp;q1=meyerfelt\">Pag. 68<\/a><\/span><\/p>\n<p><span style=\"color: #0000ff; font-size: 10pt;\"><a style=\"color: #0000ff;\" href=\"https:\/\/babel.hathitrust.org\/cgi\/pt?id=hvd.hnn7uu&amp;view=1up&amp;seq=400&amp;q1=meyerfelt\">Pag. 74<\/a><\/span><\/p>\n<p><span style=\"color: #0000ff; font-size: 10pt;\"><a style=\"color: #0000ff;\" href=\"https:\/\/babel.hathitrust.org\/cgi\/pt?id=hvd.hnn7uu&amp;view=1up&amp;seq=401&amp;q1=meyerfelt\">Pag. 75<\/a><\/span><\/p>\n<p><span style=\"color: #0000ff; font-size: 10pt;\"><a style=\"color: #0000ff;\" href=\"https:\/\/babel.hathitrust.org\/cgi\/pt?id=hvd.hnn7uu&amp;view=1up&amp;seq=402&amp;q1=meyerfelt\">Pag. 76<\/a><\/span><\/p>\n<p><span style=\"font-size: 10pt;\"><a style=\"font-weight: bold;\" href=\"https:\/\/babel.hathitrust.org\/cgi\/pt?q1=meyerfelt;id=hvd.hnn7uu;view=1up;seq=403;start=11;sz=10;page=search;num=77\" data-seq=\"403\"><span style=\"color: #0000ff;\">Page 77<\/span><\/a><\/span><\/p>\n<p><span style=\"color: #0000ff; font-size: 10pt;\"><a style=\"color: #0000ff;\" href=\"https:\/\/babel.hathitrust.org\/cgi\/pt?id=hvd.hnn7uu&amp;view=1up&amp;seq=404&amp;q1=meyerfelt\">Pag. 78<\/a><\/span><\/p>\n<p><span style=\"color: #0000ff; font-size: 10pt;\"><a style=\"color: #0000ff;\" href=\"https:\/\/babel.hathitrust.org\/cgi\/pt?id=hvd.hnn7uu&amp;view=1up&amp;seq=405&amp;q1=meyerfelt\">Pag. 79<\/a><\/span><\/p>\n<p><span style=\"color: #0000ff; font-size: 10pt;\"><a style=\"color: #0000ff;\" href=\"https:\/\/babel.hathitrust.org\/cgi\/pt?id=hvd.hnn7uu&amp;view=1up&amp;seq=406&amp;q1=meyerfelt\">Pag. 80<\/a><\/span><\/p>\n<p><span style=\"color: #0000ff; font-size: 10pt;\"><a style=\"color: #0000ff;\" href=\"https:\/\/babel.hathitrust.org\/cgi\/pt?id=hvd.hnn7uu&amp;view=1up&amp;seq=407&amp;q1=meyerfelt\">Pag. 81<\/a><\/span><\/p>\n<p><span style=\"color: #0000ff; font-size: 10pt;\"><a style=\"color: #0000ff;\" href=\"https:\/\/babel.hathitrust.org\/cgi\/pt?id=hvd.hnn7uu&amp;view=1up&amp;seq=408&amp;q1=meyerfelt\">Pag. 82<\/a><\/span><\/p>\n<p><span style=\"color: #0000ff; font-size: 10pt;\"><a style=\"color: #0000ff;\" href=\"https:\/\/babel.hathitrust.org\/cgi\/pt?id=hvd.hnn7uu&amp;view=1up&amp;seq=409&amp;q1=meyerfelt\">Pag. 83<\/a><\/span><\/p>\n<p><span style=\"color: #0000ff; font-size: 10pt;\"><a style=\"color: #0000ff;\" href=\"https:\/\/babel.hathitrust.org\/cgi\/pt?id=hvd.hnn7uu&amp;view=1up&amp;seq=410&amp;q1=meyerfelt\">Pag. 84<\/a><\/span><\/p>\n<p><span style=\"color: #0000ff; font-size: 10pt;\"><a style=\"color: #0000ff;\" href=\"https:\/\/babel.hathitrust.org\/cgi\/pt?id=hvd.hnn7uu&amp;view=1up&amp;seq=411&amp;q1=meyerfelt\">Pag. 85<\/a><\/span><\/p>\n<p><span style=\"color: #0000ff; font-size: 10pt;\"><a style=\"color: #0000ff;\" href=\"https:\/\/babel.hathitrust.org\/cgi\/pt?id=hvd.hnn7uu&amp;view=1up&amp;seq=412&amp;q1=meyerfelt\">Pag. 86<\/a><\/span><\/p>\n<p><span style=\"color: #0000ff; font-size: 10pt;\"><a style=\"color: #0000ff;\" href=\"https:\/\/babel.hathitrust.org\/cgi\/pt?id=hvd.hnn7uu&amp;view=1up&amp;seq=413&amp;q1=meyerfelt\">Pag. 87<\/a><\/span><\/p>\n<p><span style=\"color: #0000ff; font-size: 10pt;\"><a style=\"color: #0000ff;\" href=\"https:\/\/babel.hathitrust.org\/cgi\/pt?id=hvd.hnn7uu&amp;view=1up&amp;seq=414&amp;q1=meyerfelt\">Pag. 88<\/a><\/span><\/p>\n<p style=\"text-align: justify;\"><span style=\"color: #0000ff; font-size: 10pt;\"><a style=\"color: #0000ff;\" href=\"https:\/\/babel.hathitrust.org\/cgi\/pt?id=hvd.hnn7uu&amp;view=1up&amp;seq=415&amp;q1=meyerfelt\">Pag. 89<\/a><br \/>\n<\/span><\/p>\n<p><span style=\"color: #0000ff; font-size: 10pt;\"><a style=\"color: #0000ff;\" href=\"https:\/\/babel.hathitrust.org\/cgi\/pt?id=hvd.hnn7uu&amp;view=1up&amp;seq=416&amp;q1=meyerfelt\">Pag. 90<\/a><\/span><\/p>\n<p><span style=\"color: #0000ff; font-size: 10pt;\"><a style=\"color: #0000ff;\" href=\"https:\/\/babel.hathitrust.org\/cgi\/pt?id=hvd.hnn7uu&amp;view=1up&amp;seq=417&amp;q1=meyerfelt\">Pag. 91<\/a><\/span><\/p>\n<p><span style=\"color: #0000ff; font-size: 10pt;\"><a style=\"color: #0000ff;\" href=\"https:\/\/babel.hathitrust.org\/cgi\/pt?id=hvd.hnn7uu&amp;view=1up&amp;seq=418&amp;q1=meyerfelt\">Pag. 92<\/a><\/span><\/p>\n<p><span style=\"color: #0000ff; font-size: 10pt;\"><a style=\"color: #0000ff;\" href=\"https:\/\/babel.hathitrust.org\/cgi\/pt?id=hvd.hnn7uu&amp;view=1up&amp;seq=419&amp;q1=meyerfelt\">Pag. 93<\/a><\/span><\/p>\n<p><span style=\"color: #0000ff; font-size: 10pt;\"><a style=\"color: #0000ff;\" href=\"https:\/\/babel.hathitrust.org\/cgi\/pt?id=hvd.hnn7uu&amp;view=1up&amp;seq=420&amp;q1=meyerfelt\">Pag. 94<\/a><\/span><\/p>\n<p><span style=\"color: #0000ff; font-size: 10pt;\"><a style=\"color: #0000ff;\" href=\"https:\/\/babel.hathitrust.org\/cgi\/pt?id=hvd.hnn7uu&amp;view=1up&amp;seq=421&amp;q1=meyerfelt\">Pag. 95<\/a><\/span><\/p>\n<p><span style=\"color: #0000ff; font-size: 10pt;\"><a style=\"color: #0000ff;\" href=\"https:\/\/babel.hathitrust.org\/cgi\/pt?id=hvd.hnn7uu&amp;view=1up&amp;seq=422&amp;q1=meyerfelt\">Pag. 96<\/a><\/span><\/p>\n<p><span style=\"color: #0000ff; font-size: 10pt;\"><a style=\"color: #0000ff;\" href=\"https:\/\/babel.hathitrust.org\/cgi\/pt?id=hvd.hnn7uu&amp;view=1up&amp;seq=423&amp;q1=meyerfelt\">Pag. 97<\/a><\/span><\/p>\n<p><span style=\"color: #0000ff; font-size: 10pt;\"><a style=\"color: #0000ff;\" href=\"https:\/\/babel.hathitrust.org\/cgi\/pt?id=hvd.hnn7uu&amp;view=1up&amp;seq=424&amp;q1=meyerfelt\">Pag. 98<\/a><\/span><\/p>\n<p><span style=\"color: #0000ff; font-size: 10pt;\"><a style=\"color: #0000ff;\" href=\"https:\/\/babel.hathitrust.org\/cgi\/pt?id=hvd.hnn7uu&amp;view=1up&amp;seq=425&amp;q1=meyerfelt\">Pag. 99<\/a><\/span><\/p>\n<p><span style=\"color: #0000ff; font-size: 10pt;\"><a style=\"color: #0000ff;\" href=\"https:\/\/babel.hathitrust.org\/cgi\/pt?id=hvd.hnn7uu&amp;view=1up&amp;seq=426&amp;q1=meyerfelt\">Pag. 100<\/a><\/span><\/p>\n<p><span style=\"color: #0000ff; font-size: 10pt;\"><a style=\"color: #0000ff;\" href=\"https:\/\/babel.hathitrust.org\/cgi\/pt?id=hvd.hnn7uu&amp;view=1up&amp;seq=427&amp;q1=meyerfelt\">Pag. 101<\/a><\/span><\/p>\n<p><span style=\"color: #0000ff; font-size: 10pt;\"><a style=\"color: #0000ff;\" href=\"https:\/\/babel.hathitrust.org\/cgi\/pt?id=hvd.hnn7uu&amp;view=1up&amp;seq=452&amp;q1=meyerfelt\">Pag. 126<\/a><\/span><\/p>\n<p style=\"text-align: justify;\"><span style=\"color: #000000; font-size: 10pt;\"><span style=\"color: #0000ff;\"><a style=\"color: #0000ff;\" href=\"https:\/\/babel.hathitrust.org\/cgi\/pt?id=hvd.hnn7uu&amp;view=1up&amp;seq=460&amp;q1=meyerfeldt\">Pag. 134-140<\/a><\/span>, brieven inzake eigendomsoverdracht geslacht Meijerfeldt.<\/span><\/p>\n<p><span style=\"color: #0000ff; font-size: 10pt;\"><a style=\"color: #0000ff;\" href=\"https:\/\/babel.hathitrust.org\/cgi\/pt?id=hvd.hnn7uu&amp;view=1up&amp;seq=522&amp;q1=meijerfelt\">Pag. 196<\/a><\/span><\/p>\n<article class=\"result\"><\/article>\n<article class=\"result\">\n<p class=\"kwic\"><span style=\"color: #0000ff; font-size: 10pt;\"><a style=\"color: #0000ff;\" href=\"https:\/\/babel.hathitrust.org\/cgi\/pt?id=hvd.hnn7uu&amp;view=1up&amp;seq=523&amp;q1=meyerfelts\">Pag. 197<\/a><\/span><\/p>\n<p><span style=\"color: #0000ff; font-size: 10pt;\"><a style=\"color: #0000ff;\" href=\"https:\/\/babel.hathitrust.org\/cgi\/pt?id=hvd.hnn7uu&amp;view=1up&amp;seq=527&amp;q1=meijerfelt\">Pag. 201<\/a><\/span><\/p>\n<p><span style=\"color: #0000ff; font-size: 10pt;\"><a style=\"color: #0000ff;\" href=\"https:\/\/babel.hathitrust.org\/cgi\/pt?id=hvd.hnn7uu&amp;view=1up&amp;seq=534&amp;q1=meijerfelt\">Pag. 208<\/a><\/span><\/p>\n<\/article>\n","protected":false},"excerpt":{"rendered":"<p>Franziska Carlsen, &#8220;Efterretninger om Gammelkj\u00f8gegaard og Omgegn&#8221;, Kopenhagen 1876 en 1878. Sinds 1724 is de familie Meijerfeldt eigenaar: 1724-1749 Johan August sr en Brita Barnekow, 1749-1760 Carl Fredrik jr is eigenaar en Brita heeft vruchtgebruik. Zij correspondeert veel met de pachter, eerst Abraham Brasch, vanaf 1759 zijn zoon Christian Brasch. In 1759 is er een &hellip; <a href=\"https:\/\/meijenfeldt.nl\/?page_id=9585\" class=\"more-link\">Verder lezen <span class=\"screen-reader-text\">Carlsen<\/span><\/a><\/p>\n","protected":false},"author":1,"featured_media":0,"parent":0,"menu_order":0,"comment_status":"closed","ping_status":"closed","template":"","meta":{"footnotes":""},"class_list":["post-9585","page","type-page","status-publish","hentry"],"_links":{"self":[{"href":"https:\/\/meijenfeldt.nl\/index.php?rest_route=\/wp\/v2\/pages\/9585","targetHints":{"allow":["GET"]}}],"collection":[{"href":"https:\/\/meijenfeldt.nl\/index.php?rest_route=\/wp\/v2\/pages"}],"about":[{"href":"https:\/\/meijenfeldt.nl\/index.php?rest_route=\/wp\/v2\/types\/page"}],"author":[{"embeddable":true,"href":"https:\/\/meijenfeldt.nl\/index.php?rest_route=\/wp\/v2\/users\/1"}],"replies":[{"embeddable":true,"href":"https:\/\/meijenfeldt.nl\/index.php?rest_route=%2Fwp%2Fv2%2Fcomments&post=9585"}],"version-history":[{"count":22,"href":"https:\/\/meijenfeldt.nl\/index.php?rest_route=\/wp\/v2\/pages\/9585\/revisions"}],"predecessor-version":[{"id":56059,"href":"https:\/\/meijenfeldt.nl\/index.php?rest_route=\/wp\/v2\/pages\/9585\/revisions\/56059"}],"wp:attachment":[{"href":"https:\/\/meijenfeldt.nl\/index.php?rest_route=%2Fwp%2Fv2%2Fmedia&parent=9585"}],"curies":[{"name":"wp","href":"https:\/\/api.w.org\/{rel}","templated":true}]}}