{"id":9504,"date":"2018-05-27T19:06:13","date_gmt":"2018-05-27T19:06:13","guid":{"rendered":"http:\/\/meijenfeldt.nl\/?page_id=9504"},"modified":"2025-07-12T10:15:11","modified_gmt":"2025-07-12T10:15:11","slug":"1-5-4-xxx","status":"publish","type":"page","link":"https:\/\/meijenfeldt.nl\/?page_id=9504","title":{"rendered":"1.6.4. Graaf"},"content":{"rendered":"<p style=\"text-align: justify;\"><span style=\"color: #000000;\">Koning Karel XII verhoogt in Demotica op 3 maart 1714 Johann August von Meijerfeldt van baron tot graaf. <span style=\"color: #0000ff;\"><a style=\"color: #0000ff;\" href=\"#voetnoot\">(1)<\/a><\/span> De gravenbrief somt zijn wapenfeiten op vanaf 1705, enkele maanden nadat hem de baronnenbrief wordt verleend. Die brief was immers pas in het winterkwartier te Blonie voltooid, waardoor zijn belevenissen met Dantzig nog in de baronnenbrief zijn bijgeschreven. De gravenbrief begint met de tocht van zijn 1000 man met de bisschop van Lemberg naar de kroning van Stanislaus tot Poolse koning in Warschau. Daarna volgen tal van gebeurtenissen waaruit voor dit verhaal dankbaar is geput.<\/span><\/p>\n<p><img loading=\"lazy\" decoding=\"async\" class=\"wp-image-54241 aligncenter\" src=\"https:\/\/meijenfeldt.nl\/wp-content\/uploads\/2023\/03\/Schild-Graaf-Helsingfors-300x281.jpg\" alt=\"\" width=\"453\" height=\"424\" srcset=\"https:\/\/meijenfeldt.nl\/wp-content\/uploads\/2023\/03\/Schild-Graaf-Helsingfors-300x281.jpg 300w, https:\/\/meijenfeldt.nl\/wp-content\/uploads\/2023\/03\/Schild-Graaf-Helsingfors-1024x958.jpg 1024w, https:\/\/meijenfeldt.nl\/wp-content\/uploads\/2023\/03\/Schild-Graaf-Helsingfors-768x718.jpg 768w, https:\/\/meijenfeldt.nl\/wp-content\/uploads\/2023\/03\/Schild-Graaf-Helsingfors-1536x1437.jpg 1536w, https:\/\/meijenfeldt.nl\/wp-content\/uploads\/2023\/03\/Schild-Graaf-Helsingfors-2048x1915.jpg 2048w\" sizes=\"auto, (max-width: 453px) 100vw, 453px\" \/><\/p>\n<p style=\"text-align: center;\"><span style=\"font-size: 10pt; color: #000000;\"><em>Wapenschild getekend in de gravenbrief, Ridderhus Finland<\/em><\/span><\/p>\n<p style=\"text-align: justify;\"><span style=\"color: #000000;\">Ten opzichte van het baronnenwapen zijn twee kwartieren toegevoegd. Midden-boven een <\/span><span style=\"color: #000000;\">steigerende<\/span><span style=\"color: #000000;\">\u00a0<\/span><span style=\"color: #000000;\">kelen griffioen in zilver veld. Dat is het wapen van de Lijflandse ridderschap en van het hertogdom Pommeren. Midden-onder drie\u00a0<\/span><span style=\"color: #000000;\">doorboorde <\/span><span style=\"color: #000000;\">zilver-azuren sporen in gouden veld. Als helmversiering een derde open toernooihelm links met geharnaste ruiter op steigerend paard. <\/span><\/p>\n<p style=\"text-align: justify;\"><span style=\"color: #000000;\">P<\/span><span style=\"color: #000000;\">as in 1719 wordt de gravenbrief bij het Ridderhuis van Stockholm ge\u00efntroduceerd. Het gravenschild hangt linksboven aan de Koningswand. Boven het wapen staat &#8220;Grefwe Joh. August Meijerfeldt&#8221; en &#8220;59&#8221;. Meijerfeldt is de 59<\/span><sup style=\"color: #000000;\">ste<\/sup><span style=\"color: #000000;\"> ge\u00efntroduceerde grafelijke familie. Onder op het schild staat &#8220;Anno 1714. den 3. Martii&#8221;, de datum van de gravenbrief.<\/span><\/p>\n<p style=\"text-align: center;\"><img loading=\"lazy\" decoding=\"async\" class=\"aligncenter\" src=\"https:\/\/meijenfeldt.nl\/wp-content\/uploads\/2016\/10\/IMG_0378-242x300.jpg\" width=\"547\" height=\"678\" \/><em><span style=\"font-size: 10pt; color: #000000;\">Wapenschild in het Riddarhuset te Stockholm<br \/>\nFotograaf: <\/span><\/em><span style=\"font-size: 10pt; color: #000000;\">K.-H. Stiernspetz<\/span><em><span style=\"font-size: 10pt; color: #000000;\"><br \/>\nFotoafdruk en -scan: <\/span><\/em><span style=\"font-size: 10pt; color: #000000;\">FamilieArchief<\/span><\/p>\n<p style=\"text-align: justify;\"><span style=\"color: #000000;\">Daarna verschijnt het gravenwapen in de verschillende wapenboeken van Europa:<\/span><\/p>\n<table style=\"border-collapse: collapse; width: 100%; height: 852px;\">\n<tbody>\n<tr style=\"height: 370px;\">\n<td style=\"width: 50%; text-align: center; height: 370px;\"><img loading=\"lazy\" decoding=\"async\" class=\"size-medium wp-image-35932 aligncenter\" src=\"https:\/\/meijenfeldt.nl\/wp-content\/uploads\/2021\/01\/Kiellberg-233x300.jpg\" alt=\"\" width=\"233\" height=\"300\" srcset=\"https:\/\/meijenfeldt.nl\/wp-content\/uploads\/2021\/01\/Kiellberg-233x300.jpg 233w, https:\/\/meijenfeldt.nl\/wp-content\/uploads\/2021\/01\/Kiellberg.jpg 406w\" sizes=\"auto, (max-width: 233px) 100vw, 233px\" \/><span style=\"color: #000000; font-size: 10pt;\"><em>E. Kiellberg, &#8220;Sweriges Rikets Ridderskaps och Adels Wapnebok&#8221;, Stockholm 1734, pag. 10<\/em><\/span><\/td>\n<td style=\"width: 50%; text-align: center; height: 370px;\"><em><img loading=\"lazy\" decoding=\"async\" class=\"alignnone wp-image-35935 aligncenter\" src=\"https:\/\/meijenfeldt.nl\/wp-content\/uploads\/2021\/01\/Cedercrona-graaf-264x300.jpg\" alt=\"\" width=\"248\" height=\"282\" srcset=\"https:\/\/meijenfeldt.nl\/wp-content\/uploads\/2021\/01\/Cedercrona-graaf-264x300.jpg 264w, https:\/\/meijenfeldt.nl\/wp-content\/uploads\/2021\/01\/Cedercrona-graaf.jpg 429w\" sizes=\"auto, (max-width: 248px) 100vw, 248px\" \/><span style=\"color: #000000; font-size: 10pt;\">D.G. <span style=\"color: #0000ff;\"><a style=\"color: #0000ff;\" href=\"https:\/\/books.google.nl\/books?id=AIhPAAAAcAAJ&amp;printsec=frontcover&amp;dq=cedercrona+sweriges+ridderskaps&amp;hl=nl&amp;sa=X&amp;ved=0ahUKEwikg4H70YrdAhXILVAKHZSlAZsQ6AEIKjAA#v=onepage&amp;q&amp;f=false\">Cedercrona<\/a><\/span>, &#8220;Sweriges Rikes Ridderskaps och Adels Wapen-Bok&#8221;, Stockholm 1746, pag. 10<\/span><\/em><\/td>\n<\/tr>\n<tr style=\"height: 398px;\">\n<td style=\"width: 50%; height: 398px;\"><img loading=\"lazy\" decoding=\"async\" class=\"size-medium wp-image-35938 aligncenter\" src=\"https:\/\/meijenfeldt.nl\/wp-content\/uploads\/2021\/01\/Carlskiold-graaf-212x300.jpg\" alt=\"\" width=\"212\" height=\"300\" srcset=\"https:\/\/meijenfeldt.nl\/wp-content\/uploads\/2021\/01\/Carlskiold-graaf-212x300.jpg 212w, https:\/\/meijenfeldt.nl\/wp-content\/uploads\/2021\/01\/Carlskiold-graaf.jpg 290w\" sizes=\"auto, (max-width: 212px) 100vw, 212px\" \/><span style=\"color: #000000; font-size: 10pt;\"><em>P. <span style=\"color: #0000ff;\"><a style=\"color: #0000ff;\" href=\"https:\/\/books.google.nl\/books?id=ljRlactrGKoC&amp;pg=PP235&amp;dq=carlski%C3%B6ld+sveriges+riddersk\">Carlski\u00f6ld<\/a><\/span>, &#8220;Svea Rikes Ridderskaps och Adels Wapenbok i Kopparstick&#8221;, Stockholm 1764, pag. 3<\/em><\/span><\/td>\n<td style=\"width: 50%; text-align: center; height: 398px;\"><img loading=\"lazy\" decoding=\"async\" class=\"size-medium wp-image-35942 aligncenter\" src=\"https:\/\/meijenfeldt.nl\/wp-content\/uploads\/2021\/01\/Klingspor-graaf-1765-181x300.jpg\" alt=\"\" width=\"181\" height=\"300\" srcset=\"https:\/\/meijenfeldt.nl\/wp-content\/uploads\/2021\/01\/Klingspor-graaf-1765-181x300.jpg 181w, https:\/\/meijenfeldt.nl\/wp-content\/uploads\/2021\/01\/Klingspor-graaf-1765.jpg 340w\" sizes=\"auto, (max-width: 181px) 100vw, 181px\" \/><span style=\"font-weight: 400; color: #000000; font-size: 10pt;\">C.A. Klingspor, A.W. Stiernstedt, &#8220;Sveriges ridderskaps och adels wapenbok&#8221;,<br \/>\nStockholm 1865, <span style=\"color: #0000ff;\"><a style=\"color: #0000ff;\" href=\"https:\/\/weburn.kb.se\/eod\/6390\/NLS19A086390.pdf\">deel 2<\/a> <\/span>en <span style=\"color: #0000ff;\"><a style=\"color: #0000ff;\" href=\"https:\/\/weburn.kb.se\/eod\/6420\/NLS19A086420.pdf\">deel 5<\/a><\/span><\/span><\/td>\n<\/tr>\n<tr style=\"height: 28px;\">\n<td style=\"width: 50%; height: 28px; text-align: center;\"><img loading=\"lazy\" decoding=\"async\" class=\"alignnone wp-image-35950 aligncenter\" src=\"https:\/\/meijenfeldt.nl\/wp-content\/uploads\/2021\/01\/Klingspor-graaf-1886-262x300.jpg\" alt=\"\" width=\"204\" height=\"233\" srcset=\"https:\/\/meijenfeldt.nl\/wp-content\/uploads\/2021\/01\/Klingspor-graaf-1886-262x300.jpg 262w, https:\/\/meijenfeldt.nl\/wp-content\/uploads\/2021\/01\/Klingspor-graaf-1886.jpg 389w\" sizes=\"auto, (max-width: 204px) 100vw, 204px\" \/><span style=\"color: #000000; font-size: 10pt;\"><em>C.A. Klingspor, &#8220;Sveriges Ridderskaps och Adels Vapenbok&#8221;, Stockholm 1890, pag. 4<\/em><\/span><br \/>\n<span style=\"color: #000000; font-size: 10pt;\"><em>O.T. von Hefner, &#8220;Ausgestorbener Preussischer Adel, Provinz Pommern, Taf. 37<br \/>\n<\/em><\/span><\/td>\n<td style=\"width: 50%; height: 28px; text-align: center;\"><img loading=\"lazy\" decoding=\"async\" class=\"wp-image-35928 aligncenter\" src=\"https:\/\/meijenfeldt.nl\/wp-content\/uploads\/2021\/01\/Rolland-206x300.jpg\" alt=\"\" width=\"207\" height=\"301\" srcset=\"https:\/\/meijenfeldt.nl\/wp-content\/uploads\/2021\/01\/Rolland-206x300.jpg 206w, https:\/\/meijenfeldt.nl\/wp-content\/uploads\/2021\/01\/Rolland.bmp 227w\" sizes=\"auto, (max-width: 207px) 100vw, 207px\" \/><em><span style=\"color: #000000; font-size: 10pt;\">V. Rolland, \u201cPlanches de l&#8217;<\/span><\/em><em><span style=\"color: #000000; font-size: 10pt;\">Armorial G\u00e9n\u00e9ral de J.-B. Rietstap<\/span><\/em><em><span style=\"color: #000000; font-size: 10pt;\">\u201d, <\/span><\/em><em><span style=\"color: #000000; font-size: 10pt;\">Parijs 1912, <span style=\"color: #0000ff;\"><a style=\"color: #0000ff;\" href=\"https:\/\/www.delpher.nl\/nl\/boeken\/view?coll=boeken&amp;identifier=MMKB06:000009358:00206\">planche CCIV<\/a><\/span><\/span><\/em><\/td>\n<\/tr>\n<tr style=\"height: 28px;\">\n<td style=\"width: 50%; height: 28px; text-align: center;\"><span style=\"color: #000000; font-size: 10pt;\"><img loading=\"lazy\" decoding=\"async\" class=\"size-medium wp-image-20713 aligncenter\" src=\"https:\/\/meijenfeldt.nl\/wp-content\/uploads\/2019\/10\/A1C85E90-A4DA-4DC1-9AC9-0F6999178AC3-260x300.jpeg\" alt=\"\" width=\"260\" height=\"300\" srcset=\"https:\/\/meijenfeldt.nl\/wp-content\/uploads\/2019\/10\/A1C85E90-A4DA-4DC1-9AC9-0F6999178AC3-260x300.jpeg 260w, https:\/\/meijenfeldt.nl\/wp-content\/uploads\/2019\/10\/A1C85E90-A4DA-4DC1-9AC9-0F6999178AC3-768x885.jpeg 768w, https:\/\/meijenfeldt.nl\/wp-content\/uploads\/2019\/10\/A1C85E90-A4DA-4DC1-9AC9-0F6999178AC3.jpeg 870w\" sizes=\"auto, (max-width: 260px) 100vw, 260px\" \/><span style=\"color: #000000;\"><em><span style=\"font-size: 10pt;\"><span class=\"volumetitle\">G.A. M\u00fclverstedt, \u201cAusgestorbener preu\u00dfischer Adel, Provinz Pommern\u201d, N\u00fcrnberg 1894<\/span>,<br \/>\n<span style=\"color: #0000ff;\"><a style=\"color: #0000ff;\" href=\"https:\/\/gdz.sub.uni-goettingen.de\/id\/PPN830276521?tify=%7B%22pages%22:%5B72%5D,%22view%22:%22info%22%7D\">pag. 60<\/a><\/span>\u00a0en <span style=\"color: #0000ff;\"><a style=\"color: #0000ff;\" href=\"https:\/\/gdz.sub.uni-goettingen.de\/id\/PPN830276521?tify=%7B%22pages%22:%5B207%5D,%22panX%22:0.434,%22panY%22:0.595,%22view%22:%22toc%22,%22zoom%22:1.056%7D\">tafel 37<\/a><\/span><\/span><\/em><\/span><\/span><\/td>\n<td style=\"width: 50%; height: 28px; text-align: center;\"><img loading=\"lazy\" decoding=\"async\" class=\"alignnone wp-image-35852 aligncenter\" src=\"https:\/\/meijenfeldt.nl\/wp-content\/uploads\/2021\/01\/Gravenwapen-258x300.jpg\" alt=\"\" width=\"257\" height=\"298\" srcset=\"https:\/\/meijenfeldt.nl\/wp-content\/uploads\/2021\/01\/Gravenwapen-258x300.jpg 258w, https:\/\/meijenfeldt.nl\/wp-content\/uploads\/2021\/01\/Gravenwapen.jpg 402w\" sizes=\"auto, (max-width: 257px) 100vw, 257px\" \/><span style=\"color: #000000; font-size: 10pt;\"><em>G. Elgenstierna, &#8220;Den introducerade svenska Adelns \u00e4ttertavlor&#8221;, Stockholm 1930,<br \/>\ndeel V, <span style=\"color: #0000ff;\"><a style=\"color: #0000ff;\" href=\"https:\/\/www.adelsvapen.com\/genealogi\/Meijerfeldt_nr_864\">pag. <\/a><\/span><span style=\"color: #0000ff;\"><a style=\"color: #0000ff;\" href=\"https:\/\/www.adelsvapen.com\/genealogi\/Meijerfeldt_nr_59\">pag. 227<\/a><\/span><\/em><\/span><\/td>\n<\/tr>\n<\/tbody>\n<\/table>\n<p style=\"text-align: justify;\"><span style=\"color: #000000;\">Johann August krijgt in lijn met zijn gouverneur-generaalschap landgoederen in Voor-Pommeren toegewezen. Doordat het gebied niet meer in Zweedse handen is, veel andere officieren ook in de adelstand worden verheven en er nog talloze andere maatregelen getroffen moeten worden, duurt het nog vijf jaar voordat de gravenbrief, het nieuwe schild en de landgoederen Nehringen en Medrow in zijn bezit zijn.<\/span><\/p>\n<p style=\"text-align: justify;\"><span style=\"color: #000000;\">Johann August bereidt in die tijd de verdediging van Wismar voor, naast Stralsund de enig overgebleven Zweedse stad in de Duitse gebieden. Van zijn regiment landmilitie wordt 300 man voor de verdediging van Stralsund uitgezocht.<\/span><\/p>\n<p style=\"text-align: justify;\"><span style=\"color: #000000;\">Karel XII blijft pogen Pommeren te behouden. Nadat hij hem 6 april 1714 admiraal maakt, geeft hij Johann August opdracht zich bezig te houden met het uitrusten van de vloot. Karel XII had na het overlijden van de beroemde maar trage admiraal Wachtmeister behoefte aan een goed organisator, niet aan een goed zeeman. Stenbock had bij de Slag bij Helsingborg al bewezen het te kunnen en nu werd het vertrouwen weer aan een landmachtofficier gegeven, namelijk Meijerfeldt. Na een kort verblijf in Gothenburg had hij zich medio 1714 in Karlskrona gevestigd om zich beter om zijn admiraalschap te kunnen bekommeren. Bij de bevolking had hij al enthousiasme weten te kweken en stelt nu voor de adel een voorbeeld door uit zijn eigen vermogen 16.000 Rijksdaalder ter beschikking te stellen. Hij volbrengt zijn taak zo snel en energiek, dat hij dankbaarheid en bewondering van de koning oogst. Met vereende krachten weet hij 800.000 Rijksdaalder op te brengen.<span style=\"color: #0000ff;\"> <a style=\"color: #0000ff;\" href=\"#voetnoot\">(2)<\/a>\u00a0<\/span><br \/>\n<\/span><\/p>\n<p style=\"text-align: justify;\"><span style=\"color: #000000;\">Vanaf dan gaat Johann August zich als Koningsraad in de Senaat actief met de politiek bezighouden, voornamelijk in de rol van verdediger van de handelingen van de koning. <\/span><span style=\"color: #000000;\">Bassewitz is inmiddels een goede vriend van hem geworden. Begin augustus 1714 brengt hij een bezoek van een halve dag aan Karlskrona, waar hij adviezen inwint over de houding van de Zweedse Senaat. Bassewitz schrijft later over hem als <i>ein veritabler Freund van mir<\/i>, die bij het afscheid op de bewuste dag had gewenst: <i>der liebe Gott bringe das unterdr\u00fcckte Recht ans Licht! <\/i><span style=\"color: #0000ff;\"><a style=\"color: #0000ff;\" href=\"#voetnoot\">(3) <\/a><\/span><\/span><\/p>\n<p style=\"text-align: justify;\"><span style=\"color: #000000;\">Fabrice, diplomaat voor Holstein bij Karel XII in Demotika, schrijft aan G\u00f6rtz dat Von Meijerfeldt de vijand is van generaal baron Horn en kwaad over hem spreekt bij het Hof. Welke Horn bedoelt hij en waar gaat het over? In Stettin was een Horn voor het Zweedse deel van het garnizoen achtergebleven. Dat was niet zijn zwager luitenant-generaal graaf Arvid Bernhard &#8211; zoals de geschiedenisboeken ten onrechte schrijven &#8211; maar kolonel baron Ture Sigismund. Volgens Fabrice zou het probleem zijn dat Johann August diens promotie tot generaal-majoor in 1714 niet erkende. Inderdaad was daarvan pas in 1719 sprake.<\/span> <span style=\"color: #0000ff;\"><a style=\"color: #0000ff;\" href=\"https:\/\/meijenfeldt.nl\/?page_id=163#voetnoot\">(4)<\/a><\/span><\/p>\n<p style=\"text-align: justify;\"><span style=\"color: #000000;\">Waar Johann August von Meijerfeldt zo vurig op hoopt gebeurt tenslotte dan toch. Koning Karel XII mag uit zijn Turkse ballingschap weggaan en rijdt incognito in 15 dagen te paard met een grote boog door West-Europa. Medio november 1714 staat hij voor de ongelovige poortwachters van Stralsund. Johann August hoopt vurig dat hij snel oversteekt naar Karlskrona en doorreist naar Stockholm. <span style=\"color: #0000ff;\"><a style=\"color: #0000ff;\" href=\"#voetnoot\">(5)<\/a><\/span> In plaats daarvan vraagt de koning hem naar Stralsund te komen. Een kleine maand later arriveert hij daar met een postjacht, om dankzij zijn enorme bedrag voor de vloot door een minzame koning te worden verwelkomd. G\u00f6rtz arriveert ook en blijft in de gunst van Karel XII. Hij denkt Johann August met te ergeren met een brief van Bassewitz die hem poltron (lafaard) noemt, maar bij aankomst zegt Bassewitz dat er patron (baas) staat. Kort daarop organiseert Johann August als hoogste vertegenwoordiger een feestelijke rondtoer in een lange ceremoni\u00eble stoet voor de koning.<br \/>\n<\/span><\/p>\n<p style=\"text-align: justify;\"><span style=\"color: #000000;\">Karel XII benoemt Johann August op 26 januari 1715 tot Kanselier van de Universiteit van Greifswald. Deze stad is overeenkomstig het verdelingsplan aan Pruisen \u00a0toegedeeld, waardoor ook deze benoeming pas waarde kan krijgen na de vrede. Die lijkt verder weg dan ooit als Pruisen op 1 mei zijn neutrale positie opgeeft en toetreedt toe tot de Noordelijke Alliantie. <\/span><span style=\"color: #000000;\">De legers uit Denemarken, Saksen, Pruisen en Rusland verzamelen zich medio 1715 rondom de twee sterkste vestingsteden van Europa: Stralsund en Wismar.\u00a0<\/span><span style=\"color: #000000;\">Met twee bataljons maakt Johann August de vruchteloze pogingen van Karel XII tegen de Deense vloot bij de Pommerse Wal mee. <\/span><\/p>\n<p style=\"text-align: justify;\"><span style=\"color: #000000;\">Er is ook nog wel tijd voor vertier. Op 9 juli 1715 vinden de gebruikelijke vogelschietwedstrijden voor de burgers van Stralsund plaats. Karel XII looft een geldprijs van 300 rijksdaalder uit voor de winnaar onder de deelnemende burgers en soldaten, waaronder hijzelf. Die eer valt Johann August te beurt. De schietcompagnie ontvangt een gouden medaille met inscriptie op de zilveren rand: <\/span><span style=\"color: #0000ff;\"><a style=\"color: #0000ff;\" href=\"#voetnoot\">(6)<\/a><\/span><\/p>\n<p style=\"text-align: justify; padding-left: 40px;\"><em><span style=\"color: #000000; font-size: 12pt; font-family: georgia, palatino, serif;\"><span class=\"mirador113 mirador-third-party-html\">&#8220;Diese goldne Medaille, is vom Konigl. Rath, General und General-Gouverneur Hrn. graff <\/span><span class=\"mirador113 mirador-third-party-html\">Meyerfeldt<\/span><span class=\"mirador113 mirador-third-party-html\">, hier in der Compagnie gegeben da er den 9ten Juli 1715 in beyseyn I. K. M. K\u00f6nig Carl der XII, zum K\u00f6nig in der Sch\u00fczen Comp, sich geschossen, und an selben Tage mit der Compagnie die gew\u00f6hnliche Ceremonie nach, in die Stadt und in seyn Quartier marchieret<\/span>. I.K.M. und die ganze ans<span class=\"mirador113 mirador-third-party-html\">enl. Suitt hat dasselbe wahl mit der Compagnie nach den Vogel geschossen.&#8221;<\/span><\/span><\/em><\/p>\n<p style=\"text-align: justify;\"><span style=\"color: #000000;\">In september wordt geheel Amt Tribsees verpacht aan Johann August, naast Grimmen het enige gebied dat de Zweedse koning tot dan toe aan de Kroon heeft gehouden. Halverwege oktober 1715 steekt de graaf over naar Zweden. Hij is daarom niet meer bij de aanvallen en overgave van Stralsund eind december betrokken. In 1716 raakt Zweden tenslotte ook Wismar kwijt, haar laatste vesting op Duitse bodem.<\/span><\/p>\n<p style=\"text-align: justify;\"><span style=\"color: #000000;\">Vanuit Zweden moet Johann August toezien hoe niet alleen de gebieden in Lijfland en Pommeren verloren zijn, maar ook zijn eigen landgoederen. Betwijfeld moet worden of hij er al een bezoek aan heeft kunnen brengen. De in 1709 gestarte politiek van sekwestratie door de Deense koning gaat voort. Veel Zweedse leenmannen weten hun landgoederen op veilingen terug te kopen, Johann August niet. Zodra hij bij Tribsees tijd probeert te winnen wordt er beslag op gelegd. Omdat de Zweedse koning Nehringen en Medrow in leen had uitgegeven aan zijn gouverneur-generaal, volgde de Deense koning zijn voorbeeld met Franz-Joachim von Dewitz.<\/span><\/p>\n<p style=\"text-align: justify;\"><span style=\"color: #000000;\">In de legerleiding mengt Johann August zich in de discussie over het herwinnen van de Zweedse suprematie in Noord-Europa. De Zweedse adel wil de Baltische bezittingen heroveren. Nu hij daar geen familieleden meer heeft, pleit hij voor een directe veldtocht in Noord-Duitsland, waar hij immers titels en landgoederen heeft. <span style=\"color: #0000ff;\"><a style=\"color: #0000ff;\" href=\"#voetnoot\">(7)<\/a><\/span> G\u00f6rtz stuurt aan op een verdrag met Peter de Grote, eveneens om de handen vrij te houden voor Duitsland. Koning Karel XII ziet het allemaal anders: een veldtocht tegen het onder Deense heerschappij zuchtende Noorwegen. Tegen hoge offers van het volk wordt het leger opnieuw uitgerust, geoefend en op weg gestuurd, maar halverwege wordt halt gehouden vanwege gebrekkige aanvoerlijnen.<\/span><\/p>\n<p style=\"text-align: justify;\"><span style=\"color: #000000;\">Kolonel Wolmar Johann von Meijerfeldt bevindt zich nog steeds onder het commando van de Oostenrijkse prins Eugenius van Savoye. Hij weet zich tijdens de talloze veldtochten en vooral belegeringen niet in bijzondere mate te onderscheiden. In 1716 neemt hij deel aan de veldtocht van de prins tegen de opdringende Turken. In het voorjaar van 1717 wordt een beleg rond Belgrado geslagen, dat na een verrassingsaanval op de versterkingen van de Turkse sultan op 18 augustus capituleert<\/span><span style=\"color: #000000;\">.<a id=\"voetnoot\" style=\"color: #000000;\"><\/a><\/span><\/p>\n<p style=\"text-align: center;\"><span style=\"color: #000000; font-size: 10pt;\"><span style=\"color: #0000ff;\"><a style=\"color: #0000ff;\" href=\"https:\/\/meijenfeldt.nl\/?page_id=163\">Terug<\/a><\/span>\u00a0 \u00a0***\u00a0 \u00a0<span style=\"color: #0000ff;\"><a style=\"color: #0000ff;\" href=\"https:\/\/meijenfeldt.nl\/?page_id=167\">Verder<\/a><\/span><\/span><\/p>\n<p style=\"text-align: justify;\"><span style=\"color: #000000; font-size: 10pt;\">1. <a href=\"https:\/\/meijenfeldt.nl\/?page_id=54240\"><span style=\"color: #0000ff;\">Grefwe Bref<\/span><\/a> f\u00f6r Kongl: R\u00e5det, Generalen och General Gouverneuren Johan August Meijerfeldt. dat. Demotica d. 3 Martij 1714.<br \/>\n<\/span><span style=\"color: #000000; font-size: 10pt;\">2. The Present State of Europe of the Historical and Political Monthly Mercury, The Hague, december 1714, <span style=\"color: #0000ff;\"><a style=\"color: #0000ff;\" href=\"https:\/\/babel.hathitrust.org\/cgi\/pt?id=inu.30000108650379&amp;view=1up&amp;seq=986&amp;q1=meyerfelt\">pag. 480-481<\/a>,<\/span> noemt een bedrag van maar 150.000 tot 200.000 kronen. Het hoge bedrag staat in <\/span><span style=\"color: #000000; font-size: 10pt;\">I. Le Long, \u201cHet leven van den heldhaften Carel den XII, Koning der Swe\u00adden, Amsterdam 1721, deel 5, <span style=\"color: #0000ff;\"><a style=\"color: #0000ff;\" href=\"https:\/\/meijenfeldt.nl\/wp-content\/uploads\/2018\/04\/Le-Long.pdf\">pag. 696<\/a><\/span>,\u00a0 en <\/span><span style=\"color: #000000; font-size: 10pt;\">E. Carlson, \u201cDie eigenh\u00e4ndige briefe K\u00f6nig Karls XII.\u201d, Berlin 1894, <span style=\"color: #0000ff;\"><a style=\"color: #0000ff;\" href=\"https:\/\/books.google.nl\/books?id=U4ddDwAAQBAJ&amp;printsec=frontcover&amp;dq=Carlson,+%E2%80%9CDie+eigenh%C3%A4ndige+briefe+K%C3%B6nig+Karls+XII&amp;hl=en&amp;sa=X&amp;ved=0ahUKEwjtlbDQg_zdAhVMKFAKHfemCGsQ6AEIDDAA#v=onepage&amp;q=Carlson%2C%20%E2%80%9CDie%20eigenh%C3%A4ndige%20briefe%20K%C3%B6nig%20Karls%20XII&amp;f=false\">pag. 148<\/a><\/span>.<br \/>\n3. <\/span><span style=\"color: #000000; font-size: 10pt;\">H. Almquist, \u201cHolstein-Gottorp, Sverige och den nordiska ligan i den politiska krisen 1713-1714\u201d, KHVSU Skrifter 21:1, Upsala 1918, pag. 202<br \/>\n4. F.E. von <span style=\"color: #0000ff;\"><a style=\"color: #0000ff;\" href=\"https:\/\/meijenfeldt.nl\/?page_id=29302\">Fabrice<\/a><\/span>, \u201cZuverl\u00e4\u03b2ige Geschichte, Karl des Zw\u00f6lfte, K\u00f6nigs in Schweden, w\u00e4hrend seines Aufenthalts in dr T\u00fcrkey, aus den noch ungedr\u00fcckten franz\u00f6sischen Staatsbriefen\u201d, Hamburg \/ Leipzig 1759, brief 89 uit Demotika van 17 september 2014.<br \/>\n<\/span><span style=\"color: #000000; font-size: 10pt;\">5. Brief van A.O. Rhyzelius aan E. Benzelius, Stockholm 17-11-1714, in S. Grauers, &#8220;Str\u00f6dda politiska nyheter (1709-18)&#8221;, <span style=\"color: #0000ff;\"><a style=\"color: #0000ff;\" href=\"http:\/\/personhistoriskasamfundet.org\/1920-1949\/\">PHT 1926, pag. 34<\/a><\/span>.<br \/>\n6. Sundine, <span style=\"color: #0000ff;\"><a style=\"color: #0000ff;\" href=\"https:\/\/digipress.digitale-sammlungen.de\/view\/bsb10618022_00275_u001\/7?cq=meyerfeldt\">22-07-1830<\/a><\/span>.<br \/>\n7. C.R. Hutton, \u201cCharles XII of Sweden\u201d, London 1968, pag. 462.<br \/>\n<\/span><\/p>\n","protected":false},"excerpt":{"rendered":"<p>Koning Karel XII verhoogt in Demotica op 3 maart 1714 Johann August von Meijerfeldt van baron tot graaf. (1) De gravenbrief somt zijn wapenfeiten op vanaf 1705, enkele maanden nadat hem de baronnenbrief wordt verleend. Die brief was immers pas in het winterkwartier te Blonie voltooid, waardoor zijn belevenissen met Dantzig nog in de baronnenbrief &hellip; <a href=\"https:\/\/meijenfeldt.nl\/?page_id=9504\" class=\"more-link\">Verder lezen <span class=\"screen-reader-text\">1.6.4. Graaf<\/span><\/a><\/p>\n","protected":false},"author":1,"featured_media":0,"parent":0,"menu_order":0,"comment_status":"closed","ping_status":"closed","template":"","meta":{"footnotes":""},"class_list":["post-9504","page","type-page","status-publish","hentry"],"_links":{"self":[{"href":"https:\/\/meijenfeldt.nl\/index.php?rest_route=\/wp\/v2\/pages\/9504","targetHints":{"allow":["GET"]}}],"collection":[{"href":"https:\/\/meijenfeldt.nl\/index.php?rest_route=\/wp\/v2\/pages"}],"about":[{"href":"https:\/\/meijenfeldt.nl\/index.php?rest_route=\/wp\/v2\/types\/page"}],"author":[{"embeddable":true,"href":"https:\/\/meijenfeldt.nl\/index.php?rest_route=\/wp\/v2\/users\/1"}],"replies":[{"embeddable":true,"href":"https:\/\/meijenfeldt.nl\/index.php?rest_route=%2Fwp%2Fv2%2Fcomments&post=9504"}],"version-history":[{"count":76,"href":"https:\/\/meijenfeldt.nl\/index.php?rest_route=\/wp\/v2\/pages\/9504\/revisions"}],"predecessor-version":[{"id":73697,"href":"https:\/\/meijenfeldt.nl\/index.php?rest_route=\/wp\/v2\/pages\/9504\/revisions\/73697"}],"wp:attachment":[{"href":"https:\/\/meijenfeldt.nl\/index.php?rest_route=%2Fwp%2Fv2%2Fmedia&parent=9504"}],"curies":[{"name":"wp","href":"https:\/\/api.w.org\/{rel}","templated":true}]}}