{"id":95,"date":"2016-09-04T16:05:16","date_gmt":"2016-09-04T16:05:16","guid":{"rendered":"http:\/\/wordpress.celinevonmeijenfeldt.nl\/?page_id=95"},"modified":"2025-07-06T10:25:20","modified_gmt":"2025-07-06T10:25:20","slug":"1-1-6-lijflandse-stamreeks","status":"publish","type":"page","link":"https:\/\/meijenfeldt.nl\/?page_id=95","title":{"rendered":"1.1.7. Wolmar in Padis"},"content":{"rendered":"<p style=\"text-align: justify;\"><span style=\"color: #000000;\">Wolmar Meijer is de zoon van <\/span><span style=\"color: #0000ff;\"><a style=\"color: #0000ff;\" href=\"https:\/\/meijenfeldt.nl\/?page_id=5128\">Heinrich<\/a><\/span>\u00a0<span style=\"color: #000000;\">Meijer en Magdalena von Wrangel.<\/span><\/p>\n<p style=\"text-align: justify;\"><span style=\"color: #000000;\">De bron die meldt dat hij trouwt met <i>Anna<\/i> von <i>Taube<\/i>, dochter van Johann von Uexk\u00fcll uit Koski en Barbara von Anrep corrigeert zichzelf met <em>Marga<\/em><em>retha von Bremen<\/em>, dochter van Tuve von Bremen uit Engdes (<em>\u00c4ntu<\/em>, 25 km ten zuiden van Rakvere, Estland) en Margaretha von Taube, niet uit het huis Fierenhof maar Maidel (<em>Maida<\/em>\u00a0bij Rapla, Estland). <span style=\"color: #0000ff;\"><a style=\"color: #0000ff;\" href=\"#voetnoot\">(1)<\/a><\/span> Een andere bron bevestigt\u00a0de gecorrigeerde naam en ouders, waarbij de jaartallen 1540 en 1554 worden genoemd.<\/span> <span style=\"color: #0000ff;\"><a style=\"color: #0000ff;\" href=\"#voetnoot\">(2)<\/a> <\/span><\/p>\n<p style=\"text-align: center;\"><img loading=\"lazy\" decoding=\"async\" class=\"alignnone wp-image-5192 aligncenter\" src=\"https:\/\/meijenfeldt.nl\/wp-content\/uploads\/2017\/08\/Bremen-nieuw-265x300.jpg\" alt=\"Bremen-nieuw\" width=\"217\" height=\"246\" srcset=\"https:\/\/meijenfeldt.nl\/wp-content\/uploads\/2017\/08\/Bremen-nieuw-265x300.jpg 265w, https:\/\/meijenfeldt.nl\/wp-content\/uploads\/2017\/08\/Bremen-nieuw.jpg 425w\" sizes=\"auto, (max-width: 217px) 100vw, 217px\" \/><span style=\"color: #000000;\"><em><span style=\"font-size: 10pt;\">Wapenschild von Bremen<\/span><\/em><\/span><\/p>\n<p style=\"text-align: justify;\"><span style=\"color: #000000;\">Het wapen von Bremen voert drie staande sleutels op een azuren balk in een zilveren veld.<\/span><\/p>\n<p style=\"text-align: justify;\"><span style=\"color: #000000;\">Uit het huwelijk van Wolmar en Margarethe is een zoon <\/span><span style=\"color: #0000ff;\"><a style=\"color: #0000ff;\" href=\"https:\/\/meijenfeldt.nl\/?page_id=5139\">Johann Meijer<\/a><\/span> <span style=\"color: #000000;\">bekend.<\/span><\/p>\n<p style=\"text-align: justify;\"><span style=\"color: #000000;\">Wolmar is in 1592 en 1599 stadhou\u00adder over Padis, 50 km westelijk van Reval (<i>Tallinn<\/i>). Het abdijslot van Padis komt in 1561 in handen van de Zweden. Na een bezetting door 6.000 Russen tussen 1576 en 1580 is er na de herovering weinig meer over van de slotmuren en verdwijnt de religieuze en militaire betekenis. <\/span><\/p>\n<p><img loading=\"lazy\" decoding=\"async\" class=\"alignnone wp-image-457 aligncenter\" src=\"https:\/\/meijenfeldt.nl\/wp-content\/uploads\/2016\/09\/image003-2.jpg\" alt=\"\" width=\"375\" height=\"251\" \/><\/p>\n<p style=\"text-align: center;\"><span style=\"color: #000000; font-size: 10pt;\"><i>Noordvleugel Padis abdijslot<\/i><\/span><\/p>\n<p style=\"text-align: center;\"><img loading=\"lazy\" decoding=\"async\" class=\" wp-image-52961 aligncenter\" src=\"https:\/\/meijenfeldt.nl\/wp-content\/uploads\/2023\/01\/Padis-3-252x300.jpg\" alt=\"\" width=\"378\" height=\"450\" srcset=\"https:\/\/meijenfeldt.nl\/wp-content\/uploads\/2023\/01\/Padis-3-252x300.jpg 252w, https:\/\/meijenfeldt.nl\/wp-content\/uploads\/2023\/01\/Padis-3-859x1024.jpg 859w, https:\/\/meijenfeldt.nl\/wp-content\/uploads\/2023\/01\/Padis-3-768x916.jpg 768w, https:\/\/meijenfeldt.nl\/wp-content\/uploads\/2023\/01\/Padis-3-1288x1536.jpg 1288w, https:\/\/meijenfeldt.nl\/wp-content\/uploads\/2023\/01\/Padis-3-1717x2048.jpg 1717w\" sizes=\"auto, (max-width: 378px) 100vw, 378px\" \/><span style=\"color: #000000;\"><span style=\"font-size: 10pt;\"><i>Plattegrond\u00a0Padis\u00a0abdijslot<br \/>\n<\/i><\/span><em><span style=\"font-size: 10pt;\">1 centrale binnenplaats,\u00a02 woontoren,\u00a03 verdedigingstoren,\u00a04 kapel,\u00a05 eetzaal,<br \/>\n6 kapittelzaal, 7 sacristie, 8 kerk,\u00a09 kelder waterput,\u00a010 westelijker binnenplaats,<br \/>\n11 torenpoort,\u00a012 noordelijke binnenplaats en\u00a013 toegangspoort<\/span><\/em><\/span><\/p>\n<p style=\"text-align: justify;\"><span style=\"color: #000000;\">Alle Estlandse bezittingen van de Orde, Bisschoppen en gevluchte adel komen in Zweedse handen. De Duitse landadel krijgt om economische redenen zijn private landgoederen terug en de 40% overige gebieden komen door koop of erfpacht in handen van Zweedse hoogadellijke families als De la Gardie en Oxenstierna, die de inkomsten, oogsten en grondstoffen naar Zweden verschepen. De periode vanaf 1582 is vreedzaam en leidt tot wederopbouw. Daarbij helpt dat de koning van Zweden en Polen-Litouwen dezelfde is: Sigismund III. Vanaf 1599 neemt diens oom Karel de macht over in Zweden, arriveert een jaar later met een invasiemacht in Reval en doet het jaar daarop een inval in Lijfland. Het verraste Polen pleegt vanuit het zuiden een tegeninval. Na een heen en weer golvende oorlog wordt kort na de troonsbestijging door Karels zoon Gustaaf II Adolf in 1612 een wapenstilstand gesloten.<\/span><\/p>\n<p style=\"text-align: justify;\"><span style=\"color: #000000;\">De afloop van het stadhouderschap van Wolmar in 1599 ligt aan het begin van bovenbeschreven oorlog in Lijfland. De Meijers staan sinds 1561 in Zweedse dienst en zijn dus loyaal aan\u00a0<\/span><span style=\"color: #000000;\">Karel IX, <\/span><span style=\"color: #000000;\">de nieuwe koning van Zweden en\u00a0 hertog <\/span><span style=\"color: #000000;\">van Estland<\/span><span style=\"color: #000000;\">.<\/span><\/p>\n<p style=\"text-align: center;\"><a id=\"voetnoot\"><\/a><span style=\"color: #000000; font-size: 10pt;\"><span style=\"color: #0000ff;\"><a style=\"color: #0000ff;\" href=\"https:\/\/meijenfeldt.nl\/?page_id=5128\">Terug<\/a><\/span>\u00a0 \u00a0***\u00a0 \u00a0<span style=\"color: #0000ff;\"><a style=\"color: #0000ff;\" href=\"https:\/\/meijenfeldt.nl\/?page_id=5139\">Verder<\/a><\/span><\/span><\/p>\n<p><span style=\"font-size: 10pt;\"><span style=\"color: #000000;\">1. A.A. von Stiernman, \u201cSveacia Illustris. Sl\u00e4gttaflor \u00f6fver de p\u00e5 Svenska Riddarhuset until \u00e5r \u2026. introducerade \u00e4tter i alfabetisk ordning\u201d, Uppsala Universit\u00e4tsbibliotek, Handskrifter, X 18 del M-O, <span style=\"color: #0000ff;\"><a style=\"color: #0000ff;\" href=\"https:\/\/meijenfeldt.nl\/?page_id=12369\">Mejerfelt<\/a><\/span>.<\/span><br \/>\n<\/span><span style=\"font-size: 10pt;\"><span style=\"color: #000000;\">2. O.M. von\u00a0Stackelberg<\/span>, <span style=\"color: #000000;\">\u201cGenealogisches Handbuch der estl\u00e4ndischen Ritterschaft\u201d, G\u00f6rlitz 1931, deel 1, <\/span><span style=\"color: #0000ff;\"><a style=\"color: #0000ff;\" href=\"https:\/\/daten.digitale-sammlungen.de\/bsb00000600\/images\/index.html?id=00000600&amp;groesser=&amp;fip=193.174.98.30&amp;no=&amp;seite=23\">pag. 6<\/a><\/span><span style=\"color: #000000;\">. Bij de vader staat Tuve VIII en de voornaam van de moeder is Magdalena.<\/span><\/span><\/p>\n","protected":false},"excerpt":{"rendered":"<p>Wolmar Meijer is de zoon van Heinrich\u00a0Meijer en Magdalena von Wrangel. De bron die meldt dat hij trouwt met Anna von Taube, dochter van Johann von Uexk\u00fcll uit Koski en Barbara von Anrep corrigeert zichzelf met Margaretha von Bremen, dochter van Tuve von Bremen uit Engdes (\u00c4ntu, 25 km ten zuiden van Rakvere, Estland) en &hellip; <a href=\"https:\/\/meijenfeldt.nl\/?page_id=95\" class=\"more-link\">Verder lezen <span class=\"screen-reader-text\">1.1.7. Wolmar in Padis<\/span><\/a><\/p>\n","protected":false},"author":1,"featured_media":0,"parent":346,"menu_order":0,"comment_status":"closed","ping_status":"closed","template":"","meta":{"footnotes":""},"class_list":["post-95","page","type-page","status-publish","hentry"],"_links":{"self":[{"href":"https:\/\/meijenfeldt.nl\/index.php?rest_route=\/wp\/v2\/pages\/95","targetHints":{"allow":["GET"]}}],"collection":[{"href":"https:\/\/meijenfeldt.nl\/index.php?rest_route=\/wp\/v2\/pages"}],"about":[{"href":"https:\/\/meijenfeldt.nl\/index.php?rest_route=\/wp\/v2\/types\/page"}],"author":[{"embeddable":true,"href":"https:\/\/meijenfeldt.nl\/index.php?rest_route=\/wp\/v2\/users\/1"}],"replies":[{"embeddable":true,"href":"https:\/\/meijenfeldt.nl\/index.php?rest_route=%2Fwp%2Fv2%2Fcomments&post=95"}],"version-history":[{"count":79,"href":"https:\/\/meijenfeldt.nl\/index.php?rest_route=\/wp\/v2\/pages\/95\/revisions"}],"predecessor-version":[{"id":73663,"href":"https:\/\/meijenfeldt.nl\/index.php?rest_route=\/wp\/v2\/pages\/95\/revisions\/73663"}],"up":[{"embeddable":true,"href":"https:\/\/meijenfeldt.nl\/index.php?rest_route=\/wp\/v2\/pages\/346"}],"wp:attachment":[{"href":"https:\/\/meijenfeldt.nl\/index.php?rest_route=%2Fwp%2Fv2%2Fmedia&parent=95"}],"curies":[{"name":"wp","href":"https:\/\/api.w.org\/{rel}","templated":true}]}}