{"id":9313,"date":"2018-05-05T16:35:29","date_gmt":"2018-05-05T16:35:29","guid":{"rendered":"http:\/\/meijenfeldt.nl\/?page_id=9313"},"modified":"2025-05-27T08:32:47","modified_gmt":"2025-05-27T08:32:47","slug":"1-6-3-de-nieuwe-generatie","status":"publish","type":"page","link":"https:\/\/meijenfeldt.nl\/?page_id=9313","title":{"rendered":"1.6.7. Jonge officieren"},"content":{"rendered":"<p style=\"text-align: justify;\"><span style=\"color: #000000;\">Graaf Johann August von Meijerfeldt bekommert zich in de jaren \u201830 sterk om een goede opvoeding van zijn kinderen: academisch, militair en politiek. Hij schrijft zijn oudste zoon Carl Friedrich jr is al op 10-jarige leeftijd in als vrijwilliger bij het Stralsundse garnizoen, in het Lijfregiment te voet van koningin Ulrika Eleonora onder luitenant-generaal Trautvetter. <span style=\"color: #0000ff;\"><a style=\"color: #0000ff;\" href=\"#voetnoot\">(1)<\/a><\/span><\/span><\/p>\n<p style=\"text-align: justify;\"><span style=\"color: #000000;\">Ondanks zijn hoofdverblijf in Stralsund start Johann August sr in 1731 twee verbouwingen bij Stockholm. De eerste is een ingrijpende verbouwing van N\u00e4sby, de andere is een uitbreiding van het huis Stipinge net buiten de stad op het eiland Lidings\u00f6. Hij vraagt en krijgt toestemming in de Rijksdag. (<span style=\"color: #0000ff;\"><a style=\"color: #0000ff;\" href=\"#voetnoot\">2)<\/a><\/span><\/span><\/p>\n<p style=\"text-align: justify;\"><span style=\"color: #000000;\">In oktober 1731 krijgt graaf Wolmar Johann von Meijerfeldt vier maanden verlof om zijn broer in Stralsund op te zoeken. Hij is omringd door het jonge gezin van Johann August. Een derde bezoek van Wolmar Johann volgt v<\/span><span style=\"color: #000000;\">an februari tot okto\u00adber 1733. Bij zijn terugkomst in Wenen wordt hij op 23 oktober bevorderd tot generaal-majoor \u00a0(Generalfeldwachmeister). Aan zijn wens om opnieuw te velde te worden ingedeeld wordt geen gevolg gegeven, misschien omdat hij de 60-jarige leeftijd reeds gepasseerd is.<\/span><span style=\"color: #000000;\"> <span style=\"color: #0000ff;\"><a style=\"color: #0000ff;\" href=\"#voetnoot\">(3)<\/a><\/span><\/span><\/p>\n<p style=\"text-align: justify;\"><span style=\"color: #000000;\">Zweeds-Pommeren behoort weliswaar bij het Koninkrijk Zweden, maar maakt ook onderdeel uit van het Duitse Rijk. De Zweedse koning is via Kassel ook sterk verbonden aan het Duitse Rijk en reist vaak naar zijn moederland. Op de terugweg wacht hem op 6 november 1732 in de avond een ontvangst aan de Pommerse grens in Ribnitz door Von Meijerfeldt, Trautvetter, Putbus en andere edelen en de dag daarop een grootse\u00a0 feestelijke ontvangst, een rondrit en felicitaties in het gouverneurspaleis in Stralsund. Drie avonden achtereen worden de koning en zijn twee broers op feestelijkheden onthaald, totdat zij op 10 november naar Stockholm oversteken. <span style=\"color: #0000ff;\"><a style=\"color: #0000ff;\" href=\"#voetnoot\">(4)<\/a><\/span> Johann August doet er ook alles aan om een trouw lid van het Duitse Rijk te zijn, bijvoorbeeld door keizer Karel VI te steunen in zijn Pragmatieke Sanctie ten gunste van zijn dochter Maria Theresia. Zelfs als Zweden in 1733 steun geeft aan Frankrijk bij de Poolse troonopvolging, steunt hij de keizer in zijn oorlog tegen Frankrijk en dwingt hij de weigerachtige plaatselijke adel de daartoe geheven belasting te betalen. <span style=\"color: #0000ff;\"><a style=\"color: #0000ff;\" href=\"#voetnoot\">(5)<\/a><\/span><\/span><\/p>\n<p style=\"text-align: justify;\"><span style=\"color: #000000;\">Op Medrow, twee kilometer noordoostelijk van de kerk, laat de graaf in 1736 een glasfabriek bouwen. Deze produceert glas voor de kerken en andere gebouwen in de naaste omgeving. Glasmeester is Johann Andersen. Er wordt voor 46 banen gezorgd. Na een kleine 20 jaar zijn de alle omliggende bomen voor de brandstof gekapt en sluit de glasfabriek. Het kerkboek vermeldt in die periode zes begrafenissen <em>auf der Glash\u00fctte<\/em>.<\/span><\/p>\n<p style=\"text-align: justify;\">Wolmar Johann stelt in Wenen op 3 mei 1736 een testament op. Hi<span style=\"color: #000000;\">j wijst zijn broer Johann August als enig erfgenaam aan. Als erfenis noemt hij vorderingen in Lijfland,\u00a0<\/span><span style=\"color: #000000;\">5.286 gulden aan <\/span><span style=\"color: #000000;\">baar geld in zijn huis en\u00a0<\/span><span style=\"color: #000000;\">3.763 gulden <\/span><span style=\"color: #000000;\">achterstallige gages. Het belangrijkste element is <span style=\"color: #0000ff;\"><a style=\"color: #0000ff;\" href=\"https:\/\/meijenfeldt.nl\/?page_id=731\">een enorme schuld<\/a><\/span> die de Duitse keizer nog heeft in te lossen.<\/span> <span style=\"color: #0000ff;\"><a style=\"color: #0000ff;\" href=\"#voetnoot\">(6)<\/a><\/span><\/p>\n<p style=\"text-align: justify;\"><span style=\"color: #000000;\">Omdat Johann August gouverneur-generaal met standplaats Stralsund is, vervult hij zijn functie als Rijksraad in Stockholm nauwelijks. Zijn zwager uit zijn eerste huwelijk Arvid Horn is kanselier, vertegenwoordigt de vreedzame partij (bijgenaamd Mutsen, afgeleid van slaapmutsje) en wil begin jaren dertig het vredesverdrag met Rusland verlengen. Daartegen ontstaat oppositie van de pro-Franse partij die de verloren Baltische gebieden op Rusland wil terugwinnen (bijgenaamd Hoeden). Hoewel Johan August dus niet aan deze discussie deelneemt, is hij wel bij de beslissende stemming op 15 juli 1735 om verlenging van het verdrag te steunen.<\/span><\/p>\n<p style=\"text-align: center;\"><img loading=\"lazy\" decoding=\"async\" class=\"alignnone wp-image-49600\" src=\"https:\/\/meijenfeldt.nl\/wp-content\/uploads\/2022\/09\/BB-Stola-214x300.jpg\" alt=\"\" width=\"497\" height=\"697\" srcset=\"https:\/\/meijenfeldt.nl\/wp-content\/uploads\/2022\/09\/BB-Stola-214x300.jpg 214w, https:\/\/meijenfeldt.nl\/wp-content\/uploads\/2022\/09\/BB-Stola-731x1024.jpg 731w, https:\/\/meijenfeldt.nl\/wp-content\/uploads\/2022\/09\/BB-Stola-768x1077.jpg 768w, https:\/\/meijenfeldt.nl\/wp-content\/uploads\/2022\/09\/BB-Stola-1096x1536.jpg 1096w, https:\/\/meijenfeldt.nl\/wp-content\/uploads\/2022\/09\/BB-Stola-1461x2048.jpg 1461w, https:\/\/meijenfeldt.nl\/wp-content\/uploads\/2022\/09\/BB-Stola-scaled.jpg 1826w\" sizes=\"auto, (max-width: 497px) 100vw, 497px\" \/><\/p>\n<p style=\"text-align: center;\"><span style=\"color: #000000; font-size: 10pt;\"><em>Brigittha von Barnekow, geh. von Meijerfeldt<br \/>\nTechniek: <\/em>Olieverf op canvas<em><br \/>\nJaartal:\u00a0<\/em>1735<em><br \/>\nArtiest:<\/em>\u00a0Johan Henrik Scheffel (1690-1781)<em><br \/>\nBezit:\u00a0<\/em>Stola herrg\u00e5rd, Riksr\u00e5dinnans-kammare<em><br \/>\nBronnen:\u00a0<\/em>Nationalmuseum 1932:91<em><br \/>\nFoto:\u00a0<\/em>Lester von Meijenfeldt<em><br \/>\n<\/em><\/span><\/p>\n<p style=\"text-align: justify;\"><span style=\"color: #000000;\">Op 12-jarige leeftijd begint Johann August jr net als zijn oudere broer met zijn militaire training. Hij komt bij het andere garnizoensregiment van Stralsund, dat graaf Dohna met instemming van zijn vader heeft geworven. Kort daarna neemt baron Schwerin het bevel over. I<\/span><span style=\"color: #000000;\">n de compagnie van luitenant-kolonel Adlerstr\u00e5hle start hij <\/span><span style=\"color: #000000;\">op 4 of 6 mei 1737 als verkenner zonder soldij. <span style=\"color: #0000ff;\"><a style=\"color: #0000ff;\" href=\"#voetnoot\">(7)<\/a> <\/span><\/span>Z<span style=\"color: #000000;\">ijn vader regelt ook dat hij op 6 juni 1739 als Kamerheer bij de Zweedse koning Frederik wordt benoemd. In zijn militaire conduitestaat schrijft hij hoe onbelangrijk hij dat vindt: <\/span><span style=\"color: #0000ff;\"><a style=\"color: #0000ff;\" href=\"#voetnoot\">(8)<\/a><\/span><\/p>\n<p style=\"text-align: justify; padding-left: 30px;\"><span style=\"color: #000000;\"><i>Omdat de militaire drang bij mij vanaf mijn vroegste jeugd zo sterk was, wilde ik niets van deze koninklijke gunst weten, zodat de benoemingsbrief door mijn familie werd weggestopt en ik deze niet eerder heb gezien dan toen ik veldmaarschalk was, toen ik het tussen andere familiepapieren tegenkwam, maar een benoeming tot verkenner, die ik kreeg bij het regiment van de toenmalige kolonel graaf Dohna, die in het garnizoen van Stralsund lag, werd door mij met het grootste genoegen en verantwoordelijkheid tegemoet getreden en ondernomen.<\/i><\/span><\/p>\n<p style=\"text-align: justify;\"><span style=\"color: #000000;\">Bij het zoeken naar een leraar voor zijn jongste zoon heeft de gouverneur-generaal het gemak dat hij tevens Kanselier van de Universiteit van Greifswald is. In 1738 laat hij zijn oog vallen op de broers Von Aeminga. Hun moeder had in haar eentje voor hun succesvolle opleiding gezorgd, want hun vader Johann Christoph, pastor in M\u00f6lln in Mecklenburg, was vroeg overleden.<\/span><\/p>\n<p style=\"text-align: justify;\"><span style=\"color: #000000;\">Siegfried C\u00e4so is jurist, maar heeft ook theologie, filologie, Frans en Italiaans gestudeerd, en is danser en schermer. Hij biedt \u00a0gezelschap aan\u00a0 Johann August jr op diens tweejarige studiereis langs Stockholm (deelname aan Rijksdag), Uppsala (inschrijving bij de universiteit) en tal van provincies. Zij keren in 1740 terug naar Greifswald: Johann August jr om zijn studie aan de Universiteit te vervolgen, Siegfried C\u00e4so om er te promoveren. De laatste wordt met steun van de graaf hoogleraar in de rechtsgeleerdheid en drie keer rector. <\/span><\/p>\n<p style=\"text-align: justify;\"><span style=\"color: #000000;\">Broer Julius Gottfried von Aeminga is huisleraar voor de vakken geografie, land- en staatkunde, en preekt maandelijks in het kabinet van de gouverneur-generaal in Stralsund (afgewisseld door de regimentspastor, terwijl Sigismund zijn wekelijkse preken in de Andreas Kirche in Nehringen houdt). Johann August jr onderhoudt met beide broers een warme vriendschap \u00a0en zal Julius Gottfried tijdens een verrassingverblijf van enkele dagen mei 1796 een ere-onderscheiding van de Stockholmse vereniging <i>Pro Fide et Christianismo <\/i>uitreiken<i>.<\/i><\/span><\/p>\n<table style=\"border-collapse: collapse; width: 100%; height: 622px;\">\n<tbody>\n<tr style=\"height: 622px;\">\n<td style=\"width: 50%; vertical-align: top; height: 622px;\"><img decoding=\"async\" class=\"alignnone size-full wp-image-52175\" src=\"https:\/\/meijenfeldt.nl\/wp-content\/uploads\/2022\/12\/Tilas.tif\" alt=\"\" \/><img loading=\"lazy\" decoding=\"async\" class=\" wp-image-52176\" style=\"font-weight: bold; background-color: transparent; color: #707070; font-family: 'Noto Sans', sans-serif; text-align: inherit;\" src=\"https:\/\/meijenfeldt.nl\/wp-content\/uploads\/2022\/12\/Tilas-184x300.jpeg\" alt=\"\" width=\"295\" height=\"481\" srcset=\"https:\/\/meijenfeldt.nl\/wp-content\/uploads\/2022\/12\/Tilas-184x300.jpeg 184w, https:\/\/meijenfeldt.nl\/wp-content\/uploads\/2022\/12\/Tilas.jpeg 520w\" sizes=\"auto, (max-width: 295px) 100vw, 295px\" \/><span style=\"color: #000000;\"><em><span style=\"font-size: 10pt; font-family: georgia, palatino, serif;\">Johann August von Meijerfeldt sr<br \/>\nImperii fukrum, magnorum dexterac Regum, Conspicuum Patri\u00e6 sistitur \u00e6re decus. J. L. Ekestubbe.<br \/>\n<\/span><span style=\"font-family: georgia, palatino, serif; font-size: 10pt;\">Kleding: <\/span><\/em><\/span><span style=\"font-family: georgia, palatino, serif; font-size: 10pt; color: #333333;\"><span style=\"color: #000000;\">Senaatsmantel en -hoed<\/span><br \/>\n<span style=\"color: #000000;\"><em>Techniek:<\/em> Kopergravure op papier<\/span><br \/>\n<span style=\"color: #000000;\"><em>Artiest:<\/em> Dani\u00ebl Tilas (1712-1772)<\/span><br \/>\n<span style=\"color: #000000;\"><em>Bezit:<\/em> Kungliga Biblioteket Stockholm<\/span><br \/>\n<span style=\"color: #000000;\"><em>Bronnen:<\/em> Nationalmuseum<\/span> <span style=\"color: #0000ff;\"><a style=\"color: #0000ff;\" href=\"http:\/\/collection.nationalmuseum.se\/eMP\/eMuseumPlus?service=ExternalInterface&amp;lang=sv\">NMG 10\/1884<\/a><\/span><br \/>\n<\/span><\/td>\n<td style=\"width: 50%; height: 622px; text-align: center; vertical-align: top;\"><img loading=\"lazy\" decoding=\"async\" class=\" wp-image-17597 aligncenter\" src=\"https:\/\/meijenfeldt.nl\/wp-content\/uploads\/2019\/07\/FA0EDC58-70CF-4129-90EB-0F6A9FCB4AFB-238x300.jpeg\" alt=\"\" width=\"301\" height=\"379\" srcset=\"https:\/\/meijenfeldt.nl\/wp-content\/uploads\/2019\/07\/FA0EDC58-70CF-4129-90EB-0F6A9FCB4AFB-238x300.jpeg 238w, https:\/\/meijenfeldt.nl\/wp-content\/uploads\/2019\/07\/FA0EDC58-70CF-4129-90EB-0F6A9FCB4AFB-768x966.jpeg 768w, https:\/\/meijenfeldt.nl\/wp-content\/uploads\/2019\/07\/FA0EDC58-70CF-4129-90EB-0F6A9FCB4AFB-814x1024.jpeg 814w, https:\/\/meijenfeldt.nl\/wp-content\/uploads\/2019\/07\/FA0EDC58-70CF-4129-90EB-0F6A9FCB4AFB.jpeg 1527w\" sizes=\"auto, (max-width: 301px) 100vw, 301px\" \/><i style=\"font-size: 13.3333px; text-align: center;\">Siegfried C\u00e4so Aeminga<\/i><\/td>\n<\/tr>\n<\/tbody>\n<\/table>\n<p style=\"text-align: justify;\"><span style=\"color: #000000;\">In de Zweedse politiek vindt in 1738 een machtswisseling plaats. Horn en zijn Mutsen moeten het veld ruimen voor Von H\u00f6pken en de Hoeden. Von <span class=\"Y2IQFc\" lang=\"nl\">Meijerfeldt<\/span>, die als oudste Raadslid het woord voert, geeft aan <em>dat de Raad de assistentie en directie van Horn nog lang wilde behouden, maar omdat hij verlangde naar rust en stilte, de Raad zich er mee tevreden moest stellen dat Zijne Excellentie wenste zijn resterende dagen met vrede en plezier door te brengen.<\/em> Er is geen woord van lof of dank in de toespraak. De familie kan dit afscheid niet zonder ontzetting aanschouwen. <span style=\"color: #0000ff;\"><a style=\"color: #0000ff;\" href=\"#voetnoot\">(9)<\/a><\/span><\/span><\/p>\n<p style=\"text-align: justify;\"><span style=\"color: #000000;\">Tegen Johann August sr wordt op 19 februari 1739 een aanklacht ingediend vanwege zijn betrokkenheid bij de verlenging van het vredesakkoord met Rusland. Zijn excuus is dat hij in Pommeren zat. Dat wordt verworpen omdat hij bij de finale stemming was. Toch wordt de aanklacht ingetrokken vanwege zijn geringe betrokkenheid bij de voorbereiding van die beslissing.<\/span> <a href=\"#voetnoot\"><span style=\"color: #0000ff;\">(10)<\/span><\/a><\/p>\n<p style=\"text-align: justify;\"><span style=\"color: #000000;\">Op 1 mei 1739 overlijdt <\/span><span style=\"color: #000000;\">op 72-jarige leeftijd <\/span><span style=\"color: #000000;\">graaf Wolmar Johann von Meijerfeldt in Wenen, drie jaar na het opstellen van zijn testament. Op zijn sterfbed neemt hij het rooms-katholieke geloof aan.<\/span><\/p>\n<p style=\"text-align: justify;\"><span style=\"color: #000000;\">Vanwege de machtsovername door de Hoeden in Stockholm kiest Johann August in de raadsvergadering van 6 augustus 1739 voorzichtig de zijde van de anti-Rusland-fractie. Hij ondersteunt het transport van troepen naar Finland. In juli van het jaar daarop, als de beslissing over de oorlog met Rusland valt, drukt hij zich in tamelijk ondoorgrondelijke bewoordingen uit: <em>we dragen onvoldoende kennis van de middelen waarmee de vloot en het leger moeten worden onderhouden en gerekruteerd, magazijnen gevuld en geld verkregen, maar als het klopt dat Frankrijk vijandelijkheden aanmoedigt, moet Zweden enige moed hebben. <\/em>Per saldo wordt hij geacht de oorlogsverklaring te hebben ondersteund. <span style=\"color: #0000ff;\"><a style=\"color: #0000ff;\" href=\"#voetnoot\">(11)<\/a><\/span> <\/span><span style=\"color: #000000;\">Johann August staat niet bekend als een uitgesproken partijman, hetgeen voortvloeit uit zijn verbazingwekkend vermogen zich \u2013 als oudgediend Karolisch militair \u2013 aan te passen aan de parlementaire hervormingen.<\/span> <span style=\"color: #0000ff;\"><a style=\"color: #0000ff;\" href=\"#voetnoot\">(12)<\/a><\/span><\/p>\n<p style=\"text-align: justify;\"><span style=\"color: #000000;\">Carl Friedrich von Meijerfeldt jr wordt op 2 april 1740 eindelijk als verkenner aangesteld in het regiment, waarin hij al negen jaar als vrijwilliger dient: het Lijfregiment van de Koningin in Stralsund, dat inmiddels onder commando van kolonel Z\u00fclich staat. In de compagnie van majoor Schantz heeft hij weliswaar de officiersrang van verkenner, maar ontvangt hij het lagere soldij van de onderofficier fourier. Z\u00fclich geeft hem een maand later toestemming en een pas om met verlof naar Hamburg te gaan om enkele aangelegenheden te regelen. Wellicht door de lange aanloop valt Carl Friedrich jr op 7 april 1741 al een bevordering ten deel. Hij krijgt zelfs een luitenantsrang met vaandrigsloon in de compagnie van Krassow. Alsof dat te snel gaat verschuift hij op 30 juli als vaandrig met het daar<\/span><span style=\"color: #000000;\">bij horende soldij naar <\/span><span style=\"color: #000000;\">de compagnie van kapitein Hildstein. <\/span><span style=\"color: #0000ff;\"><a style=\"color: #0000ff;\" href=\"#voetnoot\">(13)<\/a><\/span><span style=\"color: #000000;\">\u00a0<\/span><\/p>\n<p style=\"text-align: center;\"><span style=\"font-size: 10pt; color: #000000;\"><span style=\"color: #0000ff;\"><a id=\"voetnoot\"><\/a><a style=\"color: #0000ff;\" href=\"https:\/\/meijenfeldt.nl\/?page_id=169\">Terug<\/a><\/span>\u00a0 \u00a0***\u00a0 \u00a0<span style=\"color: #0000ff;\"><a style=\"color: #0000ff;\" href=\"https:\/\/meijenfeldt.nl\/?page_id=171\">Verder<\/a><\/span><\/span><\/p>\n<p style=\"text-align: justify;\"><span style=\"color: #000000; font-size: 10pt;\">1. Vrijwilligers zijn niet in de Generalm\u00f6nsterrullor van het Zweedse leger opgetekend. Deze informatie is zonder bronvermelding van G.\u00a0Elgenstierna, \u201cDen introducerade svenska adelns \u00e4ttertavlor\u201d, Stockholm 1930, deel 5,\u00a0<span style=\"color: #0000ff;\"><a style=\"color: #0000ff;\" href=\"https:\/\/www.adelsvapen.com\/genealogi\/Meijerfeldt_nr_59\">pag. 227<\/a><\/span>.<br \/>\n2. Relation om hwad p\u00e2 Rijkzdagcn i Stockholm f\u00f4refallit \u00e3hr 1731, Handlingar r\u00f6rande Skandinaviens Historia, deel 37, 27 april, <span style=\"color: #0000ff;\"><a style=\"color: #0000ff;\" href=\"https:\/\/babel.hathitrust.org\/cgi\/pt?id=wu.89107728321;view=2up;seq=374;skin=mobile\">pag. 355<\/a><\/span>, en 17 juni,\u00a0<span style=\"color: #0000ff;\"><a style=\"color: #0000ff;\" href=\"https:\/\/babel.hathitrust.org\/cgi\/pt?id=wu.89107728321;view=2up;seq=454;skin=mobile\">pag. 434<\/a><\/span>.<br \/>\n<\/span><span style=\"color: #000000; font-size: 10pt;\"><span style=\"color: #008000;\"><span style=\"color: #000000;\">3. Staatsarchiv <\/span><\/span><\/span><span style=\"color: #000000; font-size: 13.3333px;\">\u00d6sterreich<\/span><span style=\"color: #000000; font-size: 10pt;\"><span style=\"color: #008000;\"><span style=\"color: #000000;\">, <\/span><\/span><\/span><span style=\"color: #000000; font-size: 13.3333px;\">Kriegsarchiv, 1739 August, <\/span><span style=\"color: #008000;\"><span style=\"font-size: 10pt;\"><a style=\"color: #008000;\" href=\"https:\/\/meijenfeldt.nl\/?page_id=262\"><span style=\"color: #0000ff;\">Nr. 929<\/span>.<\/a><br \/>\n<\/span><\/span><span style=\"color: #000000; font-size: 10pt;\">4. C.E.F. <span style=\"color: #0000ff;\"><a style=\"color: #0000ff;\" href=\"https:\/\/meijenfeldt.nl\/?page_id=32383\">Dalmer<\/a><\/span><strong>, <\/strong>\u201cSammlung etlicher Nachrichten aus der Zeit und dem Leben des D. Albr. Joach. v. Krakevitz, weiland Superintendenten in Mecklenburg, nachher General-superintendenten von Pommern u. R\u00fcgen u. s. w., Versassers des Mecklenburgischen Landeskatechismus\u201d, Stralsund 1862, pag. 290-291.<br \/>\n5. W. Buchholz, <\/span><span style=\"color: #000000; font-size: 13.3333px;\">\u201cMeyerfeldt (Meyerfeld, Meijerfeldt), Johann August\u201d, in Neue Deutsche Biopraphie, deel 17, Berlijn 1994,<\/span><span style=\"font-size: 10pt;\"> <a style=\"color: #0000ff;\" href=\"http:\/\/daten.digitale-sammlungen.de\/~db\/0001\/bsb00016335\/images\/index.html?id=00016335&amp;groesser=&amp;fip=eayasdassdassdasewqxdsydwenewqeaya&amp;no=15&amp;seite=406\">pag. 390<\/a><\/span><span style=\"color: #000000;\"><span style=\"font-size: 10pt;\">.<\/span><br \/>\n<\/span><span style=\"color: #000000; font-size: 10pt;\"><span style=\"color: #0000ff;\"><span style=\"color: #000000;\">6. <span style=\"color: #0000ff;\"><a style=\"color: #0000ff;\" href=\"https:\/\/meijenfeldt.nl\/wp-content\/uploads\/2022\/01\/Testament.pdf\">Testament<\/a><\/span>, \u00d6sterreichises Staatsarchiv, Hofkrigsrat.<br \/>\n7. Krigsarkivet Sverige, 023 Generalm\u00f6nsterrullor, 0\/1268, <span style=\"color: #0000ff;\"><a style=\"color: #0000ff;\" href=\"https:\/\/sok.riksarkivet.se\/bildvisning\/A0029344_00051#?c=&amp;m=&amp;s=&amp;cv=50&amp;xywh=11%2C209%2C5787%2C3827\">fol. 51<\/a><\/span> en 0\/1369, <span style=\"color: #0000ff;\"><a style=\"color: #0000ff;\" href=\"https:\/\/sok.riksarkivet.se\/bildvisning\/A0029346_00051#?c=&amp;m=&amp;s=&amp;cv=50&amp;xywh=194%2C-21%2C4999%2C3306\">fol. 51<\/a><\/span>. De datum 4 mei staat in het lemma van L. Lundquist, <\/span><\/span><\/span><span style=\"color: #000000; font-size: 13.3333px;\">\u201cSvenskt Biografiskt Lexikon\u201d, Stockholm 1986, deel 25<\/span><span style=\"color: #000000; font-size: 13.3333px;\">, <\/span><a style=\"font-size: 10pt;\" href=\"https:\/\/sok.riksarkivet.se\/sbl\/Presentation.aspx?id=9330\"><span style=\"color: #0000ff;\">pag. 474<\/span><\/a><span style=\"color: #000000; font-size: 10pt;\">\u00a0<\/span><span style=\"color: #000000; font-size: 10pt;\">en 6 mei in het lemma van G. Elgenstierna, \u201cDen introducerade svenska adelns \u00e4ttertavlor\u201d, Stockholm 1930, deel 5, <span style=\"color: #0000ff;\"><a style=\"color: #0000ff;\" href=\"https:\/\/www.adelsvapen.com\/genealogi\/Meijerfeldt_nr_59\">pag. 227<\/a><\/span>.<br \/>\n<\/span><span style=\"color: #000000; font-size: 10pt;\"><span style=\"color: #0000ff;\"><span style=\"color: #000000;\">8. B. Steckz\u00e9n, \u201cV\u00e4sterbottens Regementes Officerare till 1841\u201d, pag. 312-317. Hij schrijft dat Johann August jr al in 1737 Kamerheer is, vermoedelijk in navolging van G. Anrep, \u201cSvenska Adels \u00c4tters-taflor\u201d, Stockholm 1861, <span style=\"color: #0000ff;\"><a style=\"color: #0000ff;\" href=\"http:\/\/runeberg.org\/anrep\/2\/0894.html\">pag. 888-889<\/a><\/span>. Zie ook zijn soldatenconduitstaat in C.O. <span style=\"color: #0000ff;\"><a style=\"color: #0000ff;\" href=\"https:\/\/meijenfeldt.nl\/?page_id=53348\">Nordensvan<\/a><\/span>, \u201cV\u00e4rmlands Regementes (N\u00e4rke och V\u00e4rmlands Reg:tes) Historia\u201d.<br \/>\n<\/span><\/span><\/span><span style=\"font-size: 10pt;\"><span style=\"color: #000000;\">9. A. Fryxell, \u201cBer\u00e4ttelser ur Svenska Historien\u201d, Stockholm 1823-1872, deel 34, <span style=\"color: #0000ff;\"><a style=\"color: #0000ff;\" href=\"https:\/\/meijenfeldt.nl\/?page_id=11841&amp;preview_id=11841&amp;preview_nonce=53e41e66de&amp;_thumbnail_id=-1&amp;preview=true\">pag. 172-173<\/a><\/span>.<br \/>\n10. L. Linnarsson, \u201cRiksr\u00e5dens licentiering\u201d, Stockholm 1943, pag. 119. C.G. <span style=\"color: #0000ff;\"><a style=\"color: #0000ff;\" href=\"https:\/\/meijenfeldt.nl\/?page_id=19536\">Malmstr\u00f6m<\/a><\/span>, \u201cSveriges Politiska Historia fr\u00e5n konung Karl XII:s d\u00f6d till statshv\u00e4lfningen 1772\u201d, Stockholm 1893-1899, deel 2, pag. 295-297.<\/span><\/span><br \/>\n<span style=\"color: #000000; font-size: 10pt;\">11. A. Fryxell, \u201cBer\u00e4ttelser ur Svenska Historien\u201d, Stockholm 1823-1872, deel 35, <span style=\"color: #0000ff;\"><a style=\"color: #0000ff;\" href=\"https:\/\/meijenfeldt.nl\/?page_id=11841&amp;preview_id=11841&amp;preview_nonce=53e41e66de&amp;_thumbnail_id=-1&amp;preview=true\">pag. 126<\/a><\/span>. C.G. <span style=\"font-size: 10pt;\"><span style=\"color: #000000;\"><span style=\"color: #0000ff;\"><a style=\"color: #0000ff;\" href=\"https:\/\/meijenfeldt.nl\/?page_id=19536\">Malmstr\u00f6m<\/a><\/span><\/span><\/span>, deel 2, pag. 354, 369 en 423.<\/span><br \/>\n<span style=\"font-size: 10pt;\">12. <span style=\"color: #000000;\">B. Salln\u00e4ss, \u201cSamuel \u00c5kerhielm d.y., en statsmannabiografi\u201d, Lund 1947, <span style=\"color: #0000ff;\"><a style=\"color: #0000ff;\" href=\"https:\/\/books.google.nl\/books?redir_esc=y&amp;hl=nl&amp;id=saBMAAAAMAAJ&amp;focus=searchwithinvolume&amp;q=meijerfeldt\">pag. 86, 91 en 112<\/a><\/span>.<br \/>\n13. Krigsarkivet Sverige, 023 Generalm\u00f6nsterrullor, 0\/1354, <span style=\"color: #0000ff;\"><a style=\"color: #0000ff;\" href=\"https:\/\/sok.riksarkivet.se\/bildvisning\/A0029452_00085#?c=&amp;m=&amp;s=&amp;cv=84&amp;xywh=-257%2C1446%2C3468%2C2294\">fol. 85<\/a><\/span> en 0\/1355, <span style=\"color: #0000ff;\"><a style=\"color: #0000ff;\" href=\"https:\/\/sok.riksarkivet.se\/bildvisning\/A0029453_00100#?c=&amp;m=&amp;s=&amp;cv=99&amp;xywh=-918%2C-168%2C6530%2C4319\">fol. 100<\/a><\/span> en <span style=\"color: #0000ff;\"><a style=\"color: #0000ff;\" href=\"https:\/\/sok.riksarkivet.se\/bildvisning\/A0029453_00455#?c=&amp;m=&amp;s=&amp;cv=454&amp;xywh=70%2C86%2C4998%2C3305\">fol. 455<\/a><\/span>. 1051\/003\/M\/8 Biografica, <span style=\"color: #0000ff;\"><a style=\"color: #0000ff;\" href=\"https:\/\/sok.riksarkivet.se\/bildvisning\/A0066512_00011#?c=&amp;m=&amp;s=&amp;cv=10&amp;xywh=3134%2C1365%2C2823%2C1507\">fol. 11-12<\/a><\/span>.<\/span><\/span><\/p>\n","protected":false},"excerpt":{"rendered":"<p>Graaf Johann August von Meijerfeldt bekommert zich in de jaren \u201830 sterk om een goede opvoeding van zijn kinderen: academisch, militair en politiek. Hij schrijft zijn oudste zoon Carl Friedrich jr is al op 10-jarige leeftijd in als vrijwilliger bij het Stralsundse garnizoen, in het Lijfregiment te voet van koningin Ulrika Eleonora onder luitenant-generaal Trautvetter. &hellip; <a href=\"https:\/\/meijenfeldt.nl\/?page_id=9313\" class=\"more-link\">Verder lezen <span class=\"screen-reader-text\">1.6.7. Jonge officieren<\/span><\/a><\/p>\n","protected":false},"author":1,"featured_media":0,"parent":0,"menu_order":0,"comment_status":"closed","ping_status":"closed","template":"","meta":{"footnotes":""},"class_list":["post-9313","page","type-page","status-publish","hentry"],"_links":{"self":[{"href":"https:\/\/meijenfeldt.nl\/index.php?rest_route=\/wp\/v2\/pages\/9313","targetHints":{"allow":["GET"]}}],"collection":[{"href":"https:\/\/meijenfeldt.nl\/index.php?rest_route=\/wp\/v2\/pages"}],"about":[{"href":"https:\/\/meijenfeldt.nl\/index.php?rest_route=\/wp\/v2\/types\/page"}],"author":[{"embeddable":true,"href":"https:\/\/meijenfeldt.nl\/index.php?rest_route=\/wp\/v2\/users\/1"}],"replies":[{"embeddable":true,"href":"https:\/\/meijenfeldt.nl\/index.php?rest_route=%2Fwp%2Fv2%2Fcomments&post=9313"}],"version-history":[{"count":70,"href":"https:\/\/meijenfeldt.nl\/index.php?rest_route=\/wp\/v2\/pages\/9313\/revisions"}],"predecessor-version":[{"id":65338,"href":"https:\/\/meijenfeldt.nl\/index.php?rest_route=\/wp\/v2\/pages\/9313\/revisions\/65338"}],"wp:attachment":[{"href":"https:\/\/meijenfeldt.nl\/index.php?rest_route=%2Fwp%2Fv2%2Fmedia&parent=9313"}],"curies":[{"name":"wp","href":"https:\/\/api.w.org\/{rel}","templated":true}]}}