{"id":80182,"date":"2026-04-21T07:04:34","date_gmt":"2026-04-21T07:04:34","guid":{"rendered":"https:\/\/meijenfeldt.nl\/?page_id=80182"},"modified":"2026-04-21T07:59:42","modified_gmt":"2026-04-21T07:59:42","slug":"2-7-5-soerabaya","status":"publish","type":"page","link":"https:\/\/meijenfeldt.nl\/?page_id=80182","title":{"rendered":"2.7.5. Soerabaya"},"content":{"rendered":"<p style=\"text-align: justify;\">Vierde en laatste zoon in de tak De Haas is Johann August (Jan), geboren in 1897. Op zijn <span style=\"color: #000000;\">24-ste vertrekt hij <\/span><span style=\"color: #000000;\">een week v\u00f3\u00f3r het huwelijk van broer Frits op 19 mei 1920 aan boord van de SS Jan Pietersz Coen naar Indi\u00eb. Hij is in Soerabaja aangesteld als chef bij Manson &amp; Co, een importeur van fietsen. <\/span><span style=\"color: #000000;\">Jan werkt in 1937 nog steeds in Soerabaja en woont aan Scheepmakerspark nummer 8. Daar maakt hij <\/span><span style=\"color: #000000;\">de Japanse inval mee.<\/span><\/p>\n<p><img loading=\"lazy\" decoding=\"async\" class=\"aligncenter  wp-image-80201\" src=\"https:\/\/meijenfeldt.nl\/wp-content\/uploads\/2026\/04\/Foto-2-185x300.png\" alt=\"\" width=\"251\" height=\"407\" srcset=\"https:\/\/meijenfeldt.nl\/wp-content\/uploads\/2026\/04\/Foto-2-185x300.png 185w, https:\/\/meijenfeldt.nl\/wp-content\/uploads\/2026\/04\/Foto-2.png 351w\" sizes=\"auto, (max-width: 251px) 100vw, 251px\" \/><\/p>\n<p style=\"text-align: center;\"><span style=\"font-size: 10pt; color: #000000;\"><em>Jan von Meijenfeldt<\/em><\/span><\/p>\n<p style=\"text-align: justify;\"><span style=\"color: #000000;\">Jan verblijft met tussenpozen in Nederland, meestal bij broer Frits. Na 1954 koopt hij een groot eigen huis aan de Willem Pijperstraat 2 in Amsterdam. Hij trouwt niet en overlijdt daar 66 jaar oud op 5 november 1962.<\/span><\/p>\n<p style=\"text-align: center;\"><span style=\"color: #000000; font-size: 10pt;\"><span style=\"color: #0000ff;\"><a id=\"voetnoot\"><\/a><a style=\"color: #0000ff;\" href=\"https:\/\/meijenfeldt.nl\/?page_id=80188\">Terug<\/a>\u00a0<\/span> \u00a0***\u00a0 \u00a0<span style=\"color: #0000ff;\"><a style=\"color: #0000ff;\" href=\"https:\/\/meijenfeldt.nl\/?page_id=59573\">Verder<\/a><\/span><\/span><\/p>\n","protected":false},"excerpt":{"rendered":"<p>Vierde en laatste zoon in de tak De Haas is Johann August (Jan), geboren in 1897. Op zijn 24-ste vertrekt hij een week v\u00f3\u00f3r het huwelijk van broer Frits op 19 mei 1920 aan boord van de SS Jan Pietersz Coen naar Indi\u00eb. Hij is in Soerabaja aangesteld als chef bij Manson &amp; Co, een &hellip; <a href=\"https:\/\/meijenfeldt.nl\/?page_id=80182\" class=\"more-link\">Verder lezen <span class=\"screen-reader-text\">2.7.5. Soerabaya<\/span><\/a><\/p>\n","protected":false},"author":1,"featured_media":0,"parent":0,"menu_order":0,"comment_status":"closed","ping_status":"closed","template":"","meta":{"footnotes":""},"class_list":["post-80182","page","type-page","status-publish","hentry"],"_links":{"self":[{"href":"https:\/\/meijenfeldt.nl\/index.php?rest_route=\/wp\/v2\/pages\/80182","targetHints":{"allow":["GET"]}}],"collection":[{"href":"https:\/\/meijenfeldt.nl\/index.php?rest_route=\/wp\/v2\/pages"}],"about":[{"href":"https:\/\/meijenfeldt.nl\/index.php?rest_route=\/wp\/v2\/types\/page"}],"author":[{"embeddable":true,"href":"https:\/\/meijenfeldt.nl\/index.php?rest_route=\/wp\/v2\/users\/1"}],"replies":[{"embeddable":true,"href":"https:\/\/meijenfeldt.nl\/index.php?rest_route=%2Fwp%2Fv2%2Fcomments&post=80182"}],"version-history":[{"count":4,"href":"https:\/\/meijenfeldt.nl\/index.php?rest_route=\/wp\/v2\/pages\/80182\/revisions"}],"predecessor-version":[{"id":80187,"href":"https:\/\/meijenfeldt.nl\/index.php?rest_route=\/wp\/v2\/pages\/80182\/revisions\/80187"}],"wp:attachment":[{"href":"https:\/\/meijenfeldt.nl\/index.php?rest_route=%2Fwp%2Fv2%2Fmedia&parent=80182"}],"curies":[{"name":"wp","href":"https:\/\/api.w.org\/{rel}","templated":true}]}}