{"id":80133,"date":"2026-04-20T09:34:09","date_gmt":"2026-04-20T09:34:09","guid":{"rendered":"https:\/\/meijenfeldt.nl\/?page_id=80133"},"modified":"2026-04-20T13:24:49","modified_gmt":"2026-04-20T13:24:49","slug":"2-8-5-kimmijser","status":"publish","type":"page","link":"https:\/\/meijenfeldt.nl\/?page_id=80133","title":{"rendered":"2.8.5. Kimmijser"},"content":{"rendered":"<p><span style=\"color: #000000;\">De drie kinderen in de zijtak Kimmijser brengen hun jeugd in Indi\u00eb door, reizen twee keer naar Nederland en in 1932 definitief.<\/span><\/p>\n<p style=\"text-align: center;\"><strong><span style=\"color: #000000;\">Nk.31. <span style=\"color: #0000ff;\"><a style=\"color: #0000ff;\" href=\"https:\/\/meijenfeldt.nl\/?page_id=58808\">Engeltje<\/a> <span style=\"color: #000000;\">(1912-1979)<\/span><\/span><\/span><\/strong><\/p>\n<p><img loading=\"lazy\" decoding=\"async\" class=\"wp-image-3793 aligncenter\" src=\"https:\/\/meijenfeldt.nl\/wp-content\/uploads\/2017\/04\/image005-3-197x300.jpg\" alt=\"\" width=\"282\" height=\"429\" srcset=\"https:\/\/meijenfeldt.nl\/wp-content\/uploads\/2017\/04\/image005-3-197x300.jpg 197w, https:\/\/meijenfeldt.nl\/wp-content\/uploads\/2017\/04\/image005-3.jpg 339w\" sizes=\"auto, (max-width: 282px) 100vw, 282px\" \/><\/p>\n<p style=\"text-align: justify;\"><span style=\"color: #000000;\">Enny had op de laatste bootreis naar Holland aan boord verlovingsplannen gemaakt met Con, zoon van dominee\u00a0 Broers en een Van der Bend, die tijdens zijn studie biologie een Utrechtse studentenverzetsgroep opzet en zich bij de Ordedienst aansluit. Hij verzamelt inlichting over het vliegkamp Soesterberg, het concentratiekamp Amersfoort, versterkingen die werden aangelegd in de omgeving van Utrecht, troepenverplaatsingen, etc. Hij rapporteert aan Van Hattum, die hem verraad. Op 21 juli 1942 wordt Broers gearresteerd en volgt \u2013 dankzij een herroeping van het verraad \u2013 een milde veroordeling uitgesproken in het Tweede OD-proces. Broers\u00a0 wordt afgevoerd naar Natzweiler en Dachau.<\/span><\/p>\n<p style=\"text-align: center;\"><strong>Nk.32. <span style=\"color: #000000;\"><span style=\"color: #0000ff;\"><a style=\"color: #0000ff;\" href=\"https:\/\/meijenfeldt.nl\/?page_id=58814\">Mathilde Leontine Elisabeth<\/a> <span style=\"color: #000000;\">(1915-2002)<\/span><\/span><\/span><\/strong><\/p>\n<p style=\"text-align: center;\"><img loading=\"lazy\" decoding=\"async\" class=\"aligncenter wp-image-79354\" src=\"https:\/\/meijenfeldt.nl\/wp-content\/uploads\/2026\/03\/Nk32-Foto-Tilly-220x300.jpg\" alt=\"\" width=\"279\" height=\"380\" srcset=\"https:\/\/meijenfeldt.nl\/wp-content\/uploads\/2026\/03\/Nk32-Foto-Tilly-220x300.jpg 220w, https:\/\/meijenfeldt.nl\/wp-content\/uploads\/2026\/03\/Nk32-Foto-Tilly.jpg 334w\" sizes=\"auto, (max-width: 279px) 100vw, 279px\" \/><\/p>\n<p style=\"text-align: justify;\"><span style=\"color: #000000;\">Tilly reist na haar huwelijk met Herman Buijs in 1939 naar Indi\u00eb. Hij doet daar dienst als Eerste Luitenant van de landmacht en wordt door de Japanners als krijgsgevangene in Bandung\u00a0 ge\u00efnterneerd. Tilly komt in 1943 met hun kinderen van drie en \u00e9\u00e9n jaar oud in het kamp Tjideng op Java terecht. <span style=\"color: #0000ff;\"><a style=\"color: #0000ff;\" href=\"#voetnoot\">(2)<\/a><\/span><\/span><\/p>\n<p style=\"text-align: center;\"><strong><span style=\"color: #000000;\"><span style=\"color: #0000ff;\"><span style=\"color: #000000;\">Nk.33.<\/span> <a style=\"color: #0000ff;\" href=\"https:\/\/meijenfeldt.nl\/?page_id=58821\">Frederik Hendrik<\/a><\/span> (1917-2000)<\/span><\/strong><\/p>\n<p style=\"text-align: justify;\"><span style=\"color: #000000;\">Frits is reserve tweede luitenant van de bereden artillerie tijdens de capitulatie en demobilisatie. Net als zijn neef tekent hij de erewoordverklaring. Ondanks diens afvoer meldt hij zich op 9 december 1943 bij de kazerne in Den Haag, wordt gevangen genomen en direct afgevoerd naar Stanislau, Offlag XXI-c\/z Gr\u00fcne bei Lissa. Na enige interne overplaatsingen wordt Frits pas op 28 april 1945 door de Russen bevrijd.<\/span> <span style=\"color: #0000ff;\"><a style=\"color: #0000ff;\" href=\"#voetnoot\">(3)<\/a><\/span><\/p>\n<p style=\"text-align: justify;\"><span style=\"color: #000000;\">p.m. [Frits vertrekt op 17 augustus 1948 naar Indi\u00eb. Hij is Audi\u00adteur-Mili\u00adtair bij de Krijgs\u00adraad te vel\u00adde te B\u00adand\u00adoeng en daarna Hoofd-Auditeur bij de Krijgsraad te velde te Jakar\u00adta. <\/span><span style=\"color: #000000;\">Hij keert 25 augustus 1950 terug met Europees Ver\u00adlof. Terugkeer tot rang vaandrig en benoe\u00adming tot reserve eerste lui\u00adtenant]<\/span><\/p>\n<table>\n<tbody>\n<tr>\n<td style=\"width: 44.331%; text-align: center; vertical-align: top;\"><img loading=\"lazy\" decoding=\"async\" class=\"aligncenter wp-image-79345\" src=\"https:\/\/meijenfeldt.nl\/wp-content\/uploads\/2026\/03\/Nk33-Foto-Frits-1-237x300.jpg\" alt=\"\" width=\"207\" height=\"262\" srcset=\"https:\/\/meijenfeldt.nl\/wp-content\/uploads\/2026\/03\/Nk33-Foto-Frits-1-237x300.jpg 237w, https:\/\/meijenfeldt.nl\/wp-content\/uploads\/2026\/03\/Nk33-Foto-Frits-1.jpg 364w\" sizes=\"auto, (max-width: 207px) 100vw, 207px\" \/><\/td>\n<td style=\"width: 55.5163%; text-align: center; vertical-align: top;\"><img loading=\"lazy\" decoding=\"async\" class=\"aligncenter wp-image-79346\" src=\"https:\/\/meijenfeldt.nl\/wp-content\/uploads\/2026\/03\/Nk33-Foto-Martine-1-230x300.jpg\" alt=\"\" width=\"199\" height=\"260\" srcset=\"https:\/\/meijenfeldt.nl\/wp-content\/uploads\/2026\/03\/Nk33-Foto-Martine-1-230x300.jpg 230w, https:\/\/meijenfeldt.nl\/wp-content\/uploads\/2026\/03\/Nk33-Foto-Martine-1.jpg 357w\" sizes=\"auto, (max-width: 199px) 100vw, 199px\" \/><\/td>\n<\/tr>\n<\/tbody>\n<\/table>\n<p style=\"text-align: justify;\"><span style=\"color: #000000;\">Frits gaat na de oorlog naar Indi\u00eb en trouwt in Batavia op 16 maart 1946 met Martine Jacoba Johanna Bleeker, geboren te Epe op 26 augustus 1921. Haar ouders zijn Derk Jelle Bleeker (1888-1964) en Geertruida Henriette Johanna Hendriks (1888-1985). Frits <\/span><span style=\"color: #000000;\">is substituut auditeur-militair van de Temporaire Krijgsraad te Makassar voor oorlogsmisdaden. Hij doet in september 1946 getuigenverhoren van romusha&#8217;s, Javanen die hun dwangarbeid voor de Japanse bezetter in de kolenmijnen en spoorlijnen hadden overleefd.<\/span> <span style=\"color: #0000ff;\"><a style=\"color: #0000ff;\" href=\"#voetnoot\">(4)<\/a><\/span><\/p>\n<p><span style=\"color: #000000;\">Het echtpaar krijgt kinderen in de<\/span> <span style=\"color: #0000ff;\"><a style=\"color: #0000ff;\" href=\"https:\/\/meijenfeldt.nl\/?page_id=3738\">Zijtak Bleeker<\/a><\/span>.<\/p>\n<p style=\"text-align: center;\"><span style=\"font-size: 10pt; color: #000000;\"><span style=\"color: #0000ff;\"><a id=\"voetnoot\"><\/a><a style=\"color: #0000ff;\" href=\"https:\/\/meijenfeldt.nl\/?page_id=77932\">Terug<\/a><\/span>\u00a0 \u00a0***\u00a0 \u00a0<span style=\"color: #0000ff;\"><a style=\"color: #0000ff;\" href=\"https:\/\/meijenfeldt.nl\/?page_id=79603\">Verder<\/a><\/span><\/span><\/p>\n","protected":false},"excerpt":{"rendered":"<p>De drie kinderen in de zijtak Kimmijser brengen hun jeugd in Indi\u00eb door, reizen twee keer naar Nederland en in 1932 definitief. Nk.31. Engeltje (1912-1979) Enny had op de laatste bootreis naar Holland aan boord verlovingsplannen gemaakt met Con, zoon van dominee\u00a0 Broers en een Van der Bend, die tijdens zijn studie biologie een Utrechtse &hellip; <a href=\"https:\/\/meijenfeldt.nl\/?page_id=80133\" class=\"more-link\">Verder lezen <span class=\"screen-reader-text\">2.8.5. Kimmijser<\/span><\/a><\/p>\n","protected":false},"author":1,"featured_media":0,"parent":0,"menu_order":0,"comment_status":"closed","ping_status":"closed","template":"","meta":{"footnotes":""},"class_list":["post-80133","page","type-page","status-publish","hentry"],"_links":{"self":[{"href":"https:\/\/meijenfeldt.nl\/index.php?rest_route=\/wp\/v2\/pages\/80133","targetHints":{"allow":["GET"]}}],"collection":[{"href":"https:\/\/meijenfeldt.nl\/index.php?rest_route=\/wp\/v2\/pages"}],"about":[{"href":"https:\/\/meijenfeldt.nl\/index.php?rest_route=\/wp\/v2\/types\/page"}],"author":[{"embeddable":true,"href":"https:\/\/meijenfeldt.nl\/index.php?rest_route=\/wp\/v2\/users\/1"}],"replies":[{"embeddable":true,"href":"https:\/\/meijenfeldt.nl\/index.php?rest_route=%2Fwp%2Fv2%2Fcomments&post=80133"}],"version-history":[{"count":4,"href":"https:\/\/meijenfeldt.nl\/index.php?rest_route=\/wp\/v2\/pages\/80133\/revisions"}],"predecessor-version":[{"id":80161,"href":"https:\/\/meijenfeldt.nl\/index.php?rest_route=\/wp\/v2\/pages\/80133\/revisions\/80161"}],"wp:attachment":[{"href":"https:\/\/meijenfeldt.nl\/index.php?rest_route=%2Fwp%2Fv2%2Fmedia&parent=80133"}],"curies":[{"name":"wp","href":"https:\/\/api.w.org\/{rel}","templated":true}]}}