{"id":79603,"date":"2026-04-08T12:08:30","date_gmt":"2026-04-08T12:08:30","guid":{"rendered":"https:\/\/meijenfeldt.nl\/?page_id=79603"},"modified":"2026-04-08T18:26:27","modified_gmt":"2026-04-08T18:26:27","slug":"2-8-3-de-koe","status":"publish","type":"page","link":"https:\/\/meijenfeldt.nl\/?page_id=79603","title":{"rendered":"2.8.3. De Koe 1"},"content":{"rendered":"<p style=\"text-align: justify;\"><span style=\"color: #000000;\">Oudste zoon Carl van de tak De Koe <\/span><span style=\"color: #000000;\">en zijn vrouw Maria van Apeldoorn zijn<\/span><span style=\"color: #000000;\"> terug van hun lange tijd in Nederlands-Indi\u00eb en wonen in Heemstede. Carl is lid van de Gemeenteraad voor de ARP. Tijdens de bezetting wordt hij ziek en overlijdt in 1944.<\/span><\/p>\n<p style=\"text-align: justify;\"><span style=\"color: #000000;\">Zijn oudste zoon Gerard gaat op zijn 19de bij de gemeentepolitie werken en neemt op 15 juli 1941 twee diensten over. Aanvanke\u00adlijk geeft hij gehoor aan de oproep van de Nederlandse regering in ballingschap tot heimelijke tegenwerking. Op 30 december 1942 wordt hij door twee collega\u2019s gearresteerd. Hij is bij zijn oom in het keldercomplex van het Bachplein bij nr. 7 in het onbewoonde voormalig Joodse huis door een raam naar beneden geklommen. Daar wordt hij aangetroffen met vet, schrijfpapier en twee nijptangen in zijn bezit. Zijn ouders worden gewaarschuwd en hij wordt afgevoerd naar bureau Leidseplein. De jaarwisseling moet hij daar doorbrengen en op 2 januari 1943 wordt hij overgedragen aan de Sicherheitsdienst van de bezetter aan de Euterpestraat. De Duitsers hebben niet door dat hij met zijn oom Joden helpt onderduiken .<\/span><\/p>\n<p style=\"text-align: justify;\"><span style=\"color: #000000;\">Zekerheidshalve besluit Gerard zelf onder te duiken. Met behulp van de groep van prof. dr. Jan Coops gaat hij aan het illegale werk meedoen. Januari 1944 brengt hij heimelijk thuis door om zijn vader te verzorgen, die door blaaskan\u00adker maagbloedingen en hikaanvallen heeft (zelfs bij de buren Boelhouwer te horen) en tenslotte overlijdt. Gerard heeft zich onder de naam Wim de Ridder vermomd met bril; als hij die bril breekt en zijn vaders bril gebruikt, moet hij deze wegens de sterkte op het puntje van zijn neus zetten<\/span>. <span style=\"color: #0000ff;\"><a style=\"color: #0000ff;\" href=\"#voetnoot\">(1)<\/a><\/span><\/p>\n<p style=\"text-align: justify;\"><span style=\"color: #000000;\">Gerard voegt zich september 1944 bij de K.P. met schuilnaam Henk van Overvest. O<\/span>p 15 maart 1945 als Chef-Staf Gemotoriseerde reserve K.P. Amsterdam de leiding over een transport per bakfiets van 103 overalls en 85 helmen, waarbij hij door toeval gewapend is. Doordat het afleveradres achter de Marnixstraat 202 draalt met het in ontvangst nemen van de goederen ontstaat fatale vertraging. De onderscharleider der Landwacht Berend IJpelaar komt aanlopen, trekt zijn wapen en gelast de vier mannen op een rij te gaan staan. Van een moment van onop\u00adlettendheid maakt Gerard ge\u00adbruik om zijn wapen te trekken. Zij schieten gelijk op elkaar; ook twee van de anderen vuren schoten af. Ge\u00adrard vlucht met de bakfiets\u00adrijder weg en wordt achternagezeten en bescho\u00adten, waardoor de andere twee kunnen wegkomen. Uiteindelijk blijkt IJpe\u00adlaar met vier kogels te zijn neer\u00adge\u00adschoten; de Sicher\u00adheits\u00addienst weet de zaak niet op te los\u00adsen.<\/p>\n<p style=\"text-align: justify;\">Carls broer Frits wordt als oud-KNIL-kapitein door de Wehrmacht niet ge\u00efnterneerd. Wel moet h<span style=\"color: #000000;\">ij moet in 1942 vanwege de Atlantikwall z<\/span><span style=\"color: #000000;\"><span style=\"color: #0000ff;\"><span style=\"color: #000000;\">ijn huis<\/span> <\/span><\/span><span style=\"color: #000000;\">in de Klimophof in Den Haag ontruimen. Het lukt hem bij zijn neven onderdak te vinden in de Mgr. Van Steelaan in Voorburg.\u00a0<\/span><\/p>\n<p style=\"text-align: justify;\">Frits&#8217; dochter <span style=\"color: #000000;\">Enny had op de bootreis uit Nederlands-Indi\u00eb verlovingsplannen gemaakt met Con, zoon van dominee\u00a0 Broers en een vrouw uit de familie Van der Bend. Tijdens zijn studie biologie zet hij een Utrechtse studentenverzetsgroep op, die zich bij de Ordedienst aansluit. Hij verzamelt inlichting over het vliegkamp Soesterberg, het concentratiekamp Amersfoort, versterkingen die werden aangelegd in de omgeving van Utrecht, troepenverplaatsingen, etc. Hij rapporteert aan Van Hattum, die hem verraad. Op 21 juli 1942 wordt Broers gearresteerd en volgt \u2013 dankzij een herroeping van het verraad \u2013 een milde veroordeling uitgesproken in het Tweede OD-proces. Broers\u00a0 wordt afgevoerd naar Natzweiler en Dachau.<\/span><\/p>\n<p style=\"text-align: justify;\"><span style=\"color: #000000;\">Frits&#8217; dochter Tilly reist na haar huwelijk met Herman Buys in 1939 naar Nederlands-Indi\u00eb. Hij doet daar dienst als Eerste Luitenant van de landmacht en wordt door de Japanners als krijgsgevangene in Bandung\u00a0 ge\u00efnterneerd. Tilly komt in 1943 met hun kinderen van drie en \u00e9\u00e9n jaar oud in het kamp Tjideng op Java bij terecht. <span style=\"color: #0000ff;\"><a style=\"color: #0000ff;\" href=\"#voetnoot\">(2)<\/a><\/span><\/span><\/p>\n<p style=\"text-align: justify;\">Frits&#8217; zoon F<span style=\"color: #000000;\">rits <\/span>is reserve tweede luitenant van de bereden artillerie tijdens de capitulatie en demobilisatie. Net als zijn neef Carl tekent hij de erewoordverklaring. Hoewel het verrassingseffect voor hem dus weg is, meldt hij zich op 9 december 1943 bij de kazerne in Den Haag, wordt gevangen genomen en direct afgevoerd naar Stanislau, Offlag XXI-c\/z Gr\u00fcne bei Lissa. Na enige interne overplaatsingen wordt Frits pas op 28 april 1945 door de Russen bevrijd. <span style=\"color: #0000ff;\"><a style=\"color: #0000ff;\" href=\"#voetnoot\">(3)<\/a><\/span><\/p>\n<p style=\"text-align: justify;\">Na de oorlog vertrekt Frits naar Nederlands-Indi\u00eb. Hij is substituut auditeur-militair van de Temporaire Krijgsraad te Makassar voor oorlogsmisdaden. Hij doet in september 1946 getuigenverhoren van romusha&#8217;s, Javanen die hun dwangarbeid voor\u00a0 de Japanse bezetter in de kolenmijnen en spoorlijnen hadden overleefd. <span style=\"color: #0000ff;\"><a style=\"color: #0000ff;\" href=\"#voetnoot\">(4)<\/a><\/span><\/p>\n<p style=\"text-align: center;\"><span style=\"font-size: 10pt; color: #000000;\"><span style=\"color: #0000ff;\"><a id=\"voetnoot\"><\/a><a style=\"color: #0000ff;\" href=\"https:\/\/meijenfeldt.nl\/?page_id=37108\">Terug<\/a><\/span>\u00a0 \u00a0***\u00a0 \u00a0<span style=\"color: #0000ff;\"><a style=\"color: #0000ff;\" href=\"https:\/\/meijenfeldt.nl\/?page_id=79615\">Verder<\/a><\/span><\/span><\/p>\n<p><span style=\"font-size: 10pt; font-family: georgia, palatino, serif;\">1. Stadsarchief Amsterdam, 5225 Politierapporten \u201940-\u201945, inventaris 6731, <a href=\"https:\/\/archief.amsterdam\/indexen\/deeds\/c3aa9879-9ec7-4ee8-a4f0-0b2c4fc9e543?person=9853345f-67fa-56a3-e053-b784100ade19\">pag. 53<\/a>,\u00a0 inventaris 6179, <\/span><span style=\"font-size: 10pt; font-family: georgia, palatino, serif;\"><span style=\"color: #0000ff;\"><a style=\"color: #0000ff;\" href=\"https:\/\/archief.amsterdam\/indexen\/deeds\/f3936cc8-db57-45c8-8693-0ada92e4842f?person=9853345e-52cb-56a3-e053-b784100ade19\">rapport 364<\/a><\/span>\u00a0en inventaris 6180,\u00a0<span style=\"color: #0000ff;\"><a style=\"color: #0000ff;\" href=\"https:\/\/archief.amsterdam\/indexen\/deeds\/10d4e17a-6986-4d80-8bf6-2e82f4a56cc5?person=9853345e-55b9-56a3-e053-b784100ade19\">rapport 1-2<\/a><\/span>.<\/span><br \/>\n<span style=\"font-size: 10pt; font-family: georgia, palatino, serif;\">2. Nationaal Archief, <span data-olk-copy-source=\"MessageBody\">2.10.14 Algemene Secretarie van de Nederlands-Indische Regeering, <span style=\"color: #0000ff;\"><a style=\"color: #0000ff;\" href=\"http:\/\/www.japanseburgerkampen.nl\/Tjideng%20Register%20april%201944%20alf.htm\">Inv 5254<\/a><\/span>.<\/span><br \/>\n3. Nationaal Archief, Ministerie van Defensie: Collectie Krijgsgevangenen, nummer toegang 2.13.98, inventarisnummer 11, \u201c<em>Meyenfeldt von F.H. 7722 2e luitenant Artillerie zugang Oflag 67 am 6-3-1945 von Offlag XXI C\/Z Grune bei Lissa<\/em>\u201c.<br \/>\n4. NIOD Instituut voor Oorlogs-, Holocaust- en Genocidestudies, Toegang 400 Indische Collectie, Inv 570. Processen-verbaal van getuigenverhoren van &#8220;romusha&#8217;s&#8221; door mr. F.H. von Meijenfeldt, substituut auditeur-militair van de Temporaire Krijgsraad te Makassar, 20-07-1946.<\/span><\/p>\n","protected":false},"excerpt":{"rendered":"<p>Oudste zoon Carl van de tak De Koe en zijn vrouw Maria van Apeldoorn zijn terug van hun lange tijd in Nederlands-Indi\u00eb en wonen in Heemstede. Carl is lid van de Gemeenteraad voor de ARP. Tijdens de bezetting wordt hij ziek en overlijdt in 1944. Zijn oudste zoon Gerard gaat op zijn 19de bij de &hellip; <a href=\"https:\/\/meijenfeldt.nl\/?page_id=79603\" class=\"more-link\">Verder lezen <span class=\"screen-reader-text\">2.8.3. De Koe 1<\/span><\/a><\/p>\n","protected":false},"author":1,"featured_media":0,"parent":0,"menu_order":0,"comment_status":"closed","ping_status":"closed","template":"","meta":{"footnotes":""},"class_list":["post-79603","page","type-page","status-publish","hentry"],"_links":{"self":[{"href":"https:\/\/meijenfeldt.nl\/index.php?rest_route=\/wp\/v2\/pages\/79603","targetHints":{"allow":["GET"]}}],"collection":[{"href":"https:\/\/meijenfeldt.nl\/index.php?rest_route=\/wp\/v2\/pages"}],"about":[{"href":"https:\/\/meijenfeldt.nl\/index.php?rest_route=\/wp\/v2\/types\/page"}],"author":[{"embeddable":true,"href":"https:\/\/meijenfeldt.nl\/index.php?rest_route=\/wp\/v2\/users\/1"}],"replies":[{"embeddable":true,"href":"https:\/\/meijenfeldt.nl\/index.php?rest_route=%2Fwp%2Fv2%2Fcomments&post=79603"}],"version-history":[{"count":6,"href":"https:\/\/meijenfeldt.nl\/index.php?rest_route=\/wp\/v2\/pages\/79603\/revisions"}],"predecessor-version":[{"id":79625,"href":"https:\/\/meijenfeldt.nl\/index.php?rest_route=\/wp\/v2\/pages\/79603\/revisions\/79625"}],"wp:attachment":[{"href":"https:\/\/meijenfeldt.nl\/index.php?rest_route=%2Fwp%2Fv2%2Fmedia&parent=79603"}],"curies":[{"name":"wp","href":"https:\/\/api.w.org\/{rel}","templated":true}]}}