{"id":7766,"date":"2017-12-01T20:09:52","date_gmt":"2017-12-01T20:09:52","guid":{"rendered":"http:\/\/meijenfeldt.nl\/?page_id=7766"},"modified":"2026-04-03T06:32:08","modified_gmt":"2026-04-03T06:32:08","slug":"3-7-7-frankrijk","status":"publish","type":"page","link":"https:\/\/meijenfeldt.nl\/?page_id=7766","title":{"rendered":"4.9.8. Frans"},"content":{"rendered":"<p style=\"text-align: justify;\"><span style=\"color: #000000;\">In Frankrijk wonen veel Joodse naamgenoten. Als de meeste voorouders uit het oosten komen, worden zij daar behandeld, zoals <\/span><span style=\"color: #000000;\">Maerfeld uit<\/span><span style=\"color: #0000ff;\">\u00a0<a style=\"color: #0000ff;\" href=\"https:\/\/meijenfeldt.nl\/?page_id=7751\"> Varshe<\/a> <\/span><span style=\"color: #000000;\">(Warschau),\u00a0 <\/span><span style=\"color: #000000;\">Majerfeld\u00a0uit\u00a0<span style=\"color: #0000ff;\"><a style=\"color: #0000ff;\" href=\"https:\/\/meijenfeldt.nl\/?page_id=7751\">Szydlowiec<\/a><\/span>, Mayer(s)feld uit <\/span><span style=\"color: #000000;\"><a style=\"color: #000000;\" href=\"https:\/\/meijenfeldt.nl\/?page_id=7766#mayerfeld\"><span style=\"color: #0000ff;\">Polen<\/span><\/a> en <\/span><span style=\"color: #000000;\">Meierfeld uit Przytelz.\u00a0<\/span><\/p>\n<p style=\"text-align: center;\"><span style=\"color: #800000;\"><strong>Meyerfeld<\/strong><\/span><\/p>\n<p style=\"text-align: justify;\"><span style=\"color: #000000;\">Jf. <b>Meyer \/ <\/b>Me\u2019ir<b>\u00a0Salomon <\/b>Meyerfeld,\u00a0 Schutzjude, handel en fabricage kamgaren, # Gonzenheim, # Bad Homburg von der H\u00f6he (20 km NW van Frankfurt a\/M), zoon:<\/span><\/p>\n<p style=\"padding-left: 40px;\"><span style=\"font-family: georgia, palatino, serif; font-size: 12pt;\"><span style=\"color: #000000;\">Meer dan 100 Joodse families moeten 18de eeuw de oude stad te verlaten en in omliggende dorpen als Gonzenheim leven. Neemt op 24 maart 1809 door napoleontische wetten de naam Meyerfeld, Maierfeld of Mayerfeld aan. Is tegen flinke betaling Schutzjude en keert terug naar Bad Homburg (foutief: <\/span><span style=\"color: #000000;\">Hamburg of Bamlard)<\/span><span style=\"color: #000000;\">.\u00a0<\/span><\/span><\/p>\n<p style=\"text-align: justify;\"><span style=\"color: #000000;\">Jf.1. <b>Salomon \/ <\/b>Schlom, * Gonzenheim 1777, \u2020 Seilberg 29-11-1856, Schutzjude, # Bad Homburg, Untersuchung gegen den Losverk\u00e4ufer (Gl\u00fccksspiel), kinderen:<\/span><\/p>\n<p style=\"text-align: justify;\"><span style=\"color: #000000;\">Jf.11. <b>Mayer \/ <\/b>Me\u2019ir, blikslager, \u221e <i>Amalia (Malchen) Levi<\/i>, * 20-04-1820, \u2020 Seulberg 08-06-1853, # Bad Homburg.<\/span><\/p>\n<p style=\"text-align: justify;\"><span style=\"color: #000000;\">Jf.2. <strong>Moses \/ <\/strong>Mo\u00efse, * Bad Homburg, \u221e <em>Caroline \/ Golda Wimpfe(n) \/ Heinsfe<\/em>, kinderen:<\/span><\/p>\n<p style=\"text-align: justify;\"><span style=\"color: #000000;\">Jf.21. <strong>Hannchen<\/strong>, \u221e Gr\u00f6tzingen, Karlsruhe Baden 17-10-1844 <em>Hirsch K\u00fclsheimer.<\/em><\/span><\/p>\n<p style=\"text-align: justify;\"><span style=\"color: #000000;\">Jf.22. <strong>Karl \/ <\/strong>Kallman \/ Charles, * Bad Homburg 21-06-1820, \u2020 B\u00e9thisy-Saint-Pierre 02-01-1900, fabrikant kamgaren, \u221e Paris 17-12-1846 <em>Sarah Lazar Moses, <\/em>* 1818, \u2020 Paris 19-09-1868, dochter van Daniel Lazar Moses en Papelt Levy of van Lion Moses en Magdalena Dennerick, # 1845 Paris rue de Gravilliers 54, # 1872 Paris, rue de l&#8217;Orillon 45, kinderen:<\/span><\/p>\n<p style=\"text-align: justify;\">Jf.221. <strong>Caroline<\/strong>, * Paris 20-03-1842, \u2020 B\u00e9thisy-Saint-Pierre 02-10-1904, \u221e Paris 11-07-1867 <em>Bernard Oppenheim <\/em>(getuigen Joseph Erlanger,\u00a0Jules Schlisinger, Isidore Palski, Jean Baptiste Meunier), * Offenbach a\/M 21-10-1837, \u2020 Paris 19\/20-10-1888, juwelier, zoon van S\u00fcssel Loeb Oppenheim (1790-1863) en Henriette Stiebel (1804-1886), kinderen.<\/p>\n<p style=\"text-align: justify;\">Jf.222. <strong>Clara<\/strong>, * Paris 03-12-1843, \u2020B\u00e9thisy-Saint-Pierre 06-04-1884, verloskundige, \u221e B\u00e9thisy-Saint-Pierre 04-08-1875 <em>Eug\u00e8ne Lecoq<\/em>, * Ambleny 24-07-1849, telegrafist, zoon van Victor Marie Alexis Lecoq (1823-) en Adelaide Alphonsine Gourlet (1825-).<\/p>\n<p style=\"text-align: justify;\">Jf.223. <strong>Jeanne,<\/strong> * Paris 12-01-1845, \u2248 17-01-1845 getuige Louis Reinach, \u2020 B\u00e9thisy-Saint-Pierre 09-09-1874, \u221e Paris 21-11-1872 <em>Maurice (Moise) Fuchs <\/em>(\u221e2 Elise Cain 1854-1937, 4 kinderen), * Paris 30-05-1844, \u2020 Paris 30-03- 1918, zoon van Bernard Fuchs (1819-1904) en Babet Haas (1820-1854), Tourneur en bois, cantonnier, inspecteur de magasin, concierge, een doodgeboren kind.<\/p>\n<p style=\"text-align: justify;\"><span style=\"color: #000000;\">Jf.224. <strong>Maurice,<\/strong> * Paris 15-01-1847, kamwerker, \u221e B\u00e9thisy-Saint-Pierre 20-04-1889 <span style=\"font-family: georgia, palatino, serif; font-size: 12pt;\">(getuigen o.a. zwager Albert Kaufman en broer Jules Meyerfeld) <\/span><em>\u00c9lisabeth Fr\u00e9d\u00e9rique Schillinger, * <\/em>Esslingen, W\u00fcrttemberg 25-09-1858, \u2020 B\u00e9thisy-Saint-Pierre 10-05-1890, natuurlijke dochter van Louise Schillinger, \u2020 Kuchen, W\u00fcrttemberg 17-11-1881, gezamenlijke zoon v\u00f3\u00f3r dit huwelijk:<\/span><\/p>\n<p style=\"text-align: justify;\">Jf.2241. <strong>Camille<\/strong>, * B\u00e9thisy-Saint-Pierre 26-05-1885, \u2020 Tunis 1940, <span style=\"color: #000000;\">militair.<\/span><\/p>\n<p style=\"text-align: justify;\">Jf.225. <strong>Fanny<\/strong>, * Paris 11-10-1849, \u221e B\u00e9thisy-Saint-Pierre 07-04-1875 <em>Abraham (Albert) Kaufman<\/em>, * Ortenberg, Hessen 07-05-1853, fabrikant kamgaren, zoon van David Kaufman en Jeanne Berlenburger.<\/p>\n<p><span style=\"color: #000000;\">Jf.226. <strong>Louis<\/strong>, * Paris 09-1852, \u2020 Paris 17-02-1854 (17 mnd), \u2261 Paris 19-02-1854.<\/span><\/p>\n<p style=\"text-align: justify;\">Jf.227. <strong>Jules<\/strong>, * Paris 27-06-1854, \u2020 Paris 25\/8-12-1921, \u2261 Pantin 16-02-1922, borstelmaker, handelaar, diamant monteur voor glaszetten, \u221e Paris 23-09-1883 <em>Eug\u00e9nie Fribourg<\/em>, * Moskou 12-05-1865, dochter van Hyppolite Frobourg (1837-) en Lise Elisabeth Guehery (1838-), naturalisatie Paris 13-02-1897, kinderen:<\/p>\n<p>Jf.2271. <strong>Suzanne Elisabeth<\/strong>, * Paris\u00a0 05-09-1885, \u2020 Courbevoie 06-01-1984, \u221e Paris 15-11-1913 <em>Marcel Jean Baptiste Henry Brouty<\/em>, kinderen.<\/p>\n<p>Jf.2272.<strong> Marcel Georges<\/strong>, * Paris 01-09-1887, \u2020 Paris 27-05-1942, \u2261 Pantin 30-05-1942, diamanthandelaar, \u221e Paris 27-10-1921 <em>Paulette Walch<\/em><em>, <\/em>* Besan\u00e7on 10-11-1898, \u2020 Montgeron 03-07-1961, dochter van F\u00e9lix Walch (1863-1939) en Olga Franck (1876-1965), #\u00a0 rue du Temple 174, drie kinderen:<\/p>\n<p style=\"text-align: justify;\">Jf. 22721. <strong>Jacques Jules<\/strong>, * Paris 27-07-1922, \u2020 Sainte-Foy-d&#8217;Aigrefeuille 05-09-2010, \u221e Paris 25-08-1950 <em>Colette Sarah Wagner<\/em>, * Dieuze 31-05-1924, \u2020 Villefranche-de-Lauragais 11-11-2019, dochter van Bernard Wagner (1893-1966) en R\u00e9b\u00e9cca Hermine Ren\u00e9e Levy (1900-1974), drie kinderen.<\/p>\n<p style=\"text-align: justify;\"><span style=\"color: #000000;\">Jf. 22722.<strong> Nicole, <\/strong>* Paris 10-06-1926, \u2020 Lolme, Dordogne 21-04-2016, \u221e <em>Pierre Etienne Gillet<\/em>, *\u00a0Boulay-Moselle 27-12-1924, \u2020 Lolme 12-07-2013, koopman, zoon van Pierre Gillet (1893-1973) en Germaine Paillon (<bdo dir=\"ltr\">1898-1970), <\/bdo>kinderen.<\/span><\/p>\n<p><span style=\"color: #000000;\">Jf. 22723. <strong>Jackie<\/strong>, vrouw.<\/span><\/p>\n<p style=\"text-align: justify;\">Jf.2273. <strong>Roger Andr\u00e9<\/strong>, * Paris 30-12-1894, \u2020 Paris 17-04-1962, chef-korporaal WOI (gewond), koopman, remisier, \u221e1 Cormeilles 27-09-1919 <em>Marcelle Berthe Henriette Leroy,<\/em> * Cormeilles 23-05-1894, \u2020 Cormeilles 16-04-1923, dochter van Henri Marcel Philibert Leroy en H\u00e9lo\u00efse Louise Hozy, \u221e2 Paris 02-10-1925 <em>Marie L\u00e9onie Cadaze<\/em> (\u221e1 Ren\u00e9 Bally), * Parijs 03-08-1888, \u2020 Villeneuve-Saint-Georges 22-02-1956, dochter van Eug\u00e8ne Adolphe Alexandre Cadaze (1859-1925) en Marie Madeleine Teiboulet (1864-1925), # rue Beaubourg 62, kind uit \u221e1.<\/p>\n<p style=\"text-align: justify; padding-left: 40px;\"><span style=\"color: #000000; font-family: georgia, palatino, serif; font-size: 12pt;\">In 1933 twee jaar gevangenisstraf en boete voor diefstal en vervalsing waardepapieren, samen met maitresse Denise Michard, die uiteindelijk vijf jaar krijgt.<\/span><\/p>\n<p style=\"text-align: center;\"><img loading=\"lazy\" decoding=\"async\" class=\" wp-image-75928 aligncenter\" src=\"https:\/\/meijenfeldt.nl\/wp-content\/uploads\/2025\/10\/Albeelding-300x187.jpg\" alt=\"\" width=\"456\" height=\"284\" srcset=\"https:\/\/meijenfeldt.nl\/wp-content\/uploads\/2025\/10\/Albeelding-300x187.jpg 300w, https:\/\/meijenfeldt.nl\/wp-content\/uploads\/2025\/10\/Albeelding.jpg 768w\" sizes=\"auto, (max-width: 456px) 100vw, 456px\" \/><em><span style=\"font-family: georgia, palatino, serif; font-size: 10pt;\">Marcelle Leroy, Jacqueline en Roger Meyerfeld<\/span><\/em><\/p>\n<p style=\"text-align: justify;\">Jf.22731. <strong>Jacqueline Suzanne Marcelle<\/strong>, * Paris 08-12-1919, \u2020 Beauvain 04-11-2003, \u221e Cormeilles 27-04-1940 <em>Maurice Paul Arthur Eug\u00e8ne Cadet,<\/em> * Le Crocq 26 juni 1917, \u2020 Villers-Vicomte 04-01-1968\/88, zoon van Paul Marcellus Cadet (1889-1918) en Marie Charlotte Blanche Beaudart (1893-), kinderen.<\/p>\n<p style=\"text-align: justify;\">Jf.a.<strong>\u00a0Hannah<\/strong>, \u221e\u00a0<em>Gillet<\/em>, nicht van Yves, 2007-2009 European Desk jewish Agency, Jerusalem, 2009 Universiteit van Haifa, 2013-2014 MBA Governement, Diplomacy, Strategy, Herzliya, op-ed writer (French) Times of Israel, 2014-2015 terrogance, political analist.<\/p>\n<p style=\"text-align: justify;\">Jf.b. <strong>Dani\u00ebl<\/strong>.<\/p>\n<p style=\"text-align: center;\"><span style=\"color: #800000;\"><strong>Majerfeld<\/strong><\/span><\/p>\n<p>Jf.g.<strong> Abraham<\/strong>, * 07-06-1904, \u2020 Dachau.<\/p>\n<p>Jf.h.<strong> Jankel\/Jankiel<\/strong>, * Piaseczno 01-01-1905, \u2020 Auschwitz 28-09-1942 (Shoah Memorial, Parijs), handwerksman in Paris, \u221e <em>Toba\/Tova Wartzka,<\/em>* Piaseczno 1906, \u2020 Auschwitz 28-09-1942 (Shoah Memorial, Parijs), een zoon:<\/p>\n<p>Jf.h1. <strong>Joseph E.<\/strong>, * Parijs 13-10-1936, \u2020 Cannet, Alpes-Maritimes\u00a014-12-2019, een zoon:<\/p>\n<p>Jf.h11. <strong>Joseph E<\/strong>, \u221e\u00a0<em>Ann Chacko<\/em>, * 15-11-1963,\u00a0# 2000-2008 Morton Groove, Illinois.<\/p>\n<p><span style=\"color: #000000;\">Jf.h2? <strong>Blanche<\/strong>, * Paris 10-08-1937, \u2020 Montrouge 14-01-2000.<\/span><\/p>\n<p><span style=\"color: #000000;\">Jf? <strong>Joseph<\/strong>, * Paris 19-08-1944, \u2020 Paris 20-04-1998.<\/span><\/p>\n<p>Jf? <strong>Rachel<\/strong>, * Paris, schilder, \u221e <em>Beilis, <\/em>1957 Academy of Plastic Arts, Warsaw<br \/>\n1978 Beaux Arts, Paris,<\/p>\n<p>Jf.i. <b>Israel Leib<\/b>, * Warschau 16-03-1906, \u2020 Calais 04-06-1940 (Franse militaire dienst).<\/p>\n<p>Jf.j.<strong> David<\/strong>, krijgsgevangene Tweede Wereldoorlog.<\/p>\n<p>Jf.k.<strong> Georges<\/strong>, acteur in de film Robert et Robert van Claude Lelouche, 1978.<\/p>\n<p>Jf.l.<strong> Joseph<\/strong>, * Parijs 1947, 1988 handel in non-food sector, \u221e Parijs 12-06-1987\u00a0<i>Martine Pannisal<\/i>, * 1946, \u2020 Boulogne-Billancourt 04\/05-2009, # 56 Rue de Sambre et Meuse, Parijs, 9 Boulevard Jean Jaur\u00e8s, Boulogne Billancourt.<\/p>\n<p>Jf.m.<strong> Michel<\/strong>, * Parijs 07-11-1941, \u2020Auschwitz 20-01-1944.<\/p>\n<p>Jf.n.<strong> Monique<\/strong>, # Rue Arthur Croquette 19, Charenton le Pont.\u00a0<strong>\u2026<\/strong>, kinderen:<\/p>\n<p>Jf.n1.<strong>\u00a0Jade<\/strong>, * Parijs, # Rijssel.<\/p>\n<p style=\"padding-left: 40px;\"><span style=\"font-family: georgia, palatino, serif; font-size: 12pt;\">Lyc\u00e9e Saint-R\u00e9my Soisson, op 10-jarige leeftijd: \u201cil fait d\u00e9velopper les espaces verts dans la ville, il fait faire des plantations\u201d, Vientiane.<\/span><\/p>\n<p>Jf.n2. <strong>Liam<\/strong>, * Soisson 1998, tennisclub.<a id=\"majerfeld-lubartowsky\"><\/a><\/p>\n<p>Jf.o. <b>Martine<\/b>, # Parijs, Lyc\u00e9e Janson-de-Sailly, link met Joseph.<\/p>\n<p>Jf.p.<strong> Maurice\u00a0<\/strong><span style=\"color: #000000;\">Majerfeld-Lubartowski<\/span>, * 12-07-1935, 1989<\/p>\n<p style=\"padding-left: 40px;\"><span style=\"font-family: georgia, palatino, serif; font-size: 12pt; color: #000000;\">g\u00e9rant A. Publicopies:\u00a0Photocopie, pr\u00e9paration de documents et autres activit\u00e9s sp\u00e9cialis\u00e9es de soutien de bureau, soci\u00e9t\u00e9 de photocopies, imprimerie num\u00e9rique, # 31 Al Parmentier, Creteil.<\/span><\/p>\n<p>Jf.p1.<strong>\u00a0Val\u00e9rie<\/strong><strong>,\u00a0<\/strong>\u221e\u00a0<em>David Gaguech<\/em>, * 01-01-1959, 2014-2016 onroerend goed adviseur Gaguech\/Majerfeld, # 61 Avenue Philippe Auguste, Parijs, 37 Rue\u00a0de Lagny,\u00a0Vincennes.<\/p>\n<p>Jf.p11?<strong>\u00a0Agnes,<\/strong>\u00a0* 22-04-1971, reprographe, \u221e\u00a0<em>Leveque<\/em>,\u00a0# Gap, drie kinderen.<\/p>\n<p style=\"padding-left: 40px;\"><span style=\"font-family: georgia, palatino, serif; font-size: 12pt;\">1976-1977 Ecole Jean Jaur\u00e8s, Epinay sur Seine. 1983-1987 Coll\u00e8ge Louis Issaurat, Creteil.\u00a01988-1989 Lyc\u00e9e Leon Blum, Creteil. 1990-1993 Lyc\u00e9e\u00a0Priv\u00e9 Saint-Sulpice, Paris.<\/span><\/p>\n<p style=\"text-align: center;\"><span style=\"color: #800000;\"><strong>Mayerfeld<\/strong><\/span><\/p>\n<p>Jf.q. <strong>\u2026<\/strong>, # Parijs, \u221e <i>Mendel<\/i>, * Przysucha 21-04-1942, zoon:<\/p>\n<p>Jf.q1. <b>Michel<\/b>, * Parijs 07-11-1941, \u2020 Nazi-kamp Auschwitz 25-01-1944.<\/p>\n<p>Jf.r. \u2026, # Alen\u00e7on, kinderen:<\/p>\n<p>Jf.r1. <strong>Laurence<\/strong>,\u00a0<strong>*\u00a0<\/strong>Alen\u00e7on, kinderen:<\/p>\n<p style=\"padding-left: 40px;\"><span style=\"font-family: georgia, palatino, serif; font-size: 12pt; color: #000000;\">Lyc\u00e9e Marguerite de Navarre, 1989 IUT Bordeaux, College Saint Exupery, chef redactie in Lille, directeur-generaal T\u00e9l\u00e9 Saint-Pierre et Miquelon (Frans eilandje voor de kust van Canada), directrice adjointe France 3 Sud Ouest Bordeaux TV,\u00a0Bordeaux.<\/span><\/p>\n<p>Jf.r11. <strong>Emma<\/strong>, * Lille 1995, Lyc\u00e9e du Mirail,\u00a0# Hasparren, Aquitaine.<\/p>\n<p>Jf.r12. <strong>Nathan,\u00a0<\/strong>* 1997, Lyc\u00e9e de Mirail,\u00a0Gradignan<em>.<br \/>\n<\/em><\/p>\n<p>Jf.r2. <strong>Michel, *\u00a0<\/strong>Alen\u00e7on, 1979 Lyc\u00e9e Marguerite de Navarre, \u221e\u00a0<em>Neskalaguna,\u00a0<\/em>Vertheuil, Aquitaine, werkte met gehandicapte jongeren, kinderen:<\/p>\n<p>Jf.r21. <strong>Thomas<\/strong>, * Galway, Ierland, 2006 Lyc\u00e9e Mezeray, 2011-2014 Universit\u00e9 de Caen Basse-Normandie, 2013 Universit\u00e9 Rennes 2 Haute Bretagne,\u00a0Rennes.<\/p>\n<p>Jf.r22. <strong>Benjamin,\u00a0<\/strong>Lyc\u00e9e Mezeray, Universit\u00e9 de Caen Basse-Normandie.<\/p>\n<p>Jf.r3. <strong>R\u00e9gine<\/strong>,\u00a0# Bordeaux, Gradignan, rue de Lange 1.<\/p>\n<p style=\"text-align: center;\"><span style=\"color: #800000;\"><strong>Mayersfeld<\/strong><\/span><\/p>\n<p>Jf.s. <strong>\u2026<\/strong> (v), \u221e <i>Barthold<\/i>, 06-08-1911 Nordeney.<\/p>\n<p>Jf.t. <b>Brandla<\/b>, 1939 Pools staatsburgerschap ontnomen door consulaat-generaal in Parijs.<\/p>\n<p>Jf.u. \u2026, * Zalupe, Polen 07-1907, \u221e <i>Wetser, #\u00a0<\/i>Plan-d\u2019Orgon et Arles,\u00a0Bouches-du-Rh\u00f4ne, 29-10-1937 gratis medische assistentie na \u00e9\u00e9n jaar verblijf.<\/p>\n<p>Jf.v. <b>Lazare<\/b>, \u2020 21-06-2018, # Lille.<\/p>\n<p style=\"text-align: justify;\">Jf.w.<b> Edmond<\/b>, * Lille 08-11-1935, \u221e\u00a0<em>Jacqueline Samuel, <\/em>verzekeringstussenpersoon in Lille (Rue Pierre Legrand) SG Private Banking, dochter van Albert Samuel en Rebecca Chalom (-2010), # Straatsburg, Rue Turenne 1, kinderen:<\/p>\n<p>Jf.w1. <b>Olivier<\/b>, \u221e<b>\u00a0<\/b><i>Sarah<\/i>, zelfstandig onroerend goed jurist, Parijs.<\/p>\n<p>Jf.w11. <b>Ora<\/b>, * Parijs.<\/p>\n<p>Jf.w12. <b>She\u00efna-Rivka<\/b>, * Parijs 25-12-2014<\/p>\n<p>Jf.w2. <strong>Sophie D\u00e9borah<\/strong>, * Rijssel, Lyc\u00e9e Yves Kernanec te Marcq-en-Baroeul, MSG aan de IAE Lille, \u221e\u00a0<i>Samuel<\/i>, # Straatsburg, een dochter.<\/p>\n<p>Jf.w3. Broer.<\/p>\n<p>Jf.w4. <b>David <\/b>\u00a0* Lille, \u221e Parijs 21-12-2009\u00a0<i>Sarah Abitbol<\/i>, * Parijs, 2018 diploma Acad\u00e9mie de Rennes, # Parijs.<\/p>\n<p>Jf.x1.<strong> Antoine<\/strong>, verlaat landerijen van 15 aspent (3 ha) bij Straatsburg (Reichstett, canton Bischwiller, Bas-Rhin).<\/p>\n<p>Jf.x2. <strong>Valentin<\/strong> verlaat landerijen van 13 aspents (2,5 ha), idem.<\/p>\n<p>Jf.y.<strong> Guy<\/strong>, * 1970,<strong>\u00a0<\/strong>ingenieur, grootste scheepswerf van Frankrijk, Chantiers de l\u2019Atlantique in St. Nazaire, Brest, 10 km zwemmen, \u221e\u00a0<i>Catharine Percher<\/i>, dochter van Bernard Percher en Raymonde Cousin, # Plouzan\u00e9, rue des Bleuets, dochter:<\/p>\n<p>Jf.y1. <b>Charlotte<\/b>, student ergotherapie op de IFI, Ecole d\u2019assas. Mus\u00e9e des Beau-Arts Quimper, Diploma Acad\u00e9mie de Rennes 2018.<\/p>\n<p style=\"text-align: center;\"><span style=\"color: #800000;\"><strong>Overig<\/strong><\/span><\/p>\n<p>Jf.c. <b>Adolphe Maurice\u00a0<\/b>Maerfeld, * Parijs 16-03-1933, \u2020 Vernon, Eure, Haute-Normandie 21-11-2001, 1971-2000 voedselwinkel Vla Labarre 12, Montmorency.<\/p>\n<p>Jf.d. <strong>B\u00e9atrice\u00a0<\/strong>Maerfeld, verantwoordelijk voor sociale juridische bijstand bij Ativo.<\/p>\n<p>Jf.f. <b>Roger\u00a0<\/b>Ma\u00eferfeld, 04-05-1933 gevangenisstraf van 10 maanden opgelegd wegens oplichting.<\/p>\n<p>Jf.z. <b>Jeck <\/b>Meierfeld, * Przytelz, Polen 10-05-1899, arrestatie in Parijs 12-09-1931.<\/p>\n<p style=\"text-align: center;\"><span style=\"font-size: 10pt; color: #000000;\"><span style=\"color: #0000ff;\"><a id=\"voetnoot\"><\/a><a style=\"color: #0000ff;\" href=\"https:\/\/meijenfeldt.nl\/?page_id=7751\">Terug\u00a0<\/a><\/span> \u00a0***\u00a0 \u00a0<span style=\"color: #0000ff;\"><a style=\"color: #0000ff;\" href=\"https:\/\/meijenfeldt.nl\/?page_id=2555\">Verder<\/a><\/span><\/span><\/p>\n","protected":false},"excerpt":{"rendered":"<p>In Frankrijk wonen veel Joodse naamgenoten. Als de meeste voorouders uit het oosten komen, worden zij daar behandeld, zoals Maerfeld uit\u00a0 Varshe (Warschau),\u00a0 Majerfeld\u00a0uit\u00a0Szydlowiec, Mayer(s)feld uit Polen en Meierfeld uit Przytelz.\u00a0 Meyerfeld Jf. Meyer \/ Me\u2019ir\u00a0Salomon Meyerfeld,\u00a0 Schutzjude, handel en fabricage kamgaren, # Gonzenheim, # Bad Homburg von der H\u00f6he (20 km NW van Frankfurt &hellip; <a href=\"https:\/\/meijenfeldt.nl\/?page_id=7766\" class=\"more-link\">Verder lezen <span class=\"screen-reader-text\">4.9.8. Frans<\/span><\/a><\/p>\n","protected":false},"author":1,"featured_media":0,"parent":0,"menu_order":0,"comment_status":"closed","ping_status":"closed","template":"","meta":{"footnotes":""},"class_list":["post-7766","page","type-page","status-publish","hentry"],"_links":{"self":[{"href":"https:\/\/meijenfeldt.nl\/index.php?rest_route=\/wp\/v2\/pages\/7766","targetHints":{"allow":["GET"]}}],"collection":[{"href":"https:\/\/meijenfeldt.nl\/index.php?rest_route=\/wp\/v2\/pages"}],"about":[{"href":"https:\/\/meijenfeldt.nl\/index.php?rest_route=\/wp\/v2\/types\/page"}],"author":[{"embeddable":true,"href":"https:\/\/meijenfeldt.nl\/index.php?rest_route=\/wp\/v2\/users\/1"}],"replies":[{"embeddable":true,"href":"https:\/\/meijenfeldt.nl\/index.php?rest_route=%2Fwp%2Fv2%2Fcomments&post=7766"}],"version-history":[{"count":120,"href":"https:\/\/meijenfeldt.nl\/index.php?rest_route=\/wp\/v2\/pages\/7766\/revisions"}],"predecessor-version":[{"id":79409,"href":"https:\/\/meijenfeldt.nl\/index.php?rest_route=\/wp\/v2\/pages\/7766\/revisions\/79409"}],"wp:attachment":[{"href":"https:\/\/meijenfeldt.nl\/index.php?rest_route=%2Fwp%2Fv2%2Fmedia&parent=7766"}],"curies":[{"name":"wp","href":"https:\/\/api.w.org\/{rel}","templated":true}]}}