{"id":725,"date":"2016-10-08T10:43:49","date_gmt":"2016-10-08T10:43:49","guid":{"rendered":"http:\/\/celinevonmeijenfeldt.nl\/?page_id=725"},"modified":"2023-06-22T08:52:18","modified_gmt":"2023-06-22T08:52:18","slug":"ugerup","status":"publish","type":"page","link":"https:\/\/meijenfeldt.nl\/?page_id=725","title":{"rendered":"Ugerup"},"content":{"rendered":"<p style=\"text-align: justify;\"><span style=\"color: #000000;\">Ten zuiden van Kristianstad in Sk\u00e5ne bij het stadje K\u00f6pinge ligt de stoeterij Ugerup. Het landhuis is beperkt van omvang en heeft een zuilengalerij aan de voorzijde.<\/span><\/p>\n<p><img loading=\"lazy\" decoding=\"async\" class=\" wp-image-1227 aligncenter\" src=\"https:\/\/meijenfeldt.nl\/wp-content\/uploads\/2016\/11\/IMG_0417-300x183.jpg\" alt=\"\" width=\"629\" height=\"384\" srcset=\"https:\/\/meijenfeldt.nl\/wp-content\/uploads\/2016\/11\/IMG_0417-300x183.jpg 300w, https:\/\/meijenfeldt.nl\/wp-content\/uploads\/2016\/11\/IMG_0417.jpg 323w\" sizes=\"auto, (max-width: 629px) 100vw, 629px\" \/><\/p>\n<p style=\"text-align: justify;\"><span style=\"color: #000000;\">De stoeterij komt voort uit de familie Barnekow. Door zijn huwelijk komt het in handen van graaf Johan August Meijerfeldt sr.<\/span><\/p>\n<p style=\"text-align: justify;\"><span style=\"color: #000000;\">Carl Friedrich jr erft het landgoed in 1772 tegen betaling van 20.000 rijksdaalder aan zijn zuster Anna Catharina en 40.000 rijksdaalder aan zijn broer Johan August jr. Hij vertoeft er regelmatig en bij het wandelen wordt hij volgens de overlevering altijd door een tamme haan achtervolgd.<\/span><\/p>\n<p style=\"text-align: justify;\"><span style=\"color: #000000;\">Anna Catharina Meijerfeldt verblijft op Ugerup in verband met haar geestesziekte, totdat zij na een noodoproep van inspecteur Hindrichsson wordt opgehaald door zoon Gustaaf. <span style=\"color: #0000ff;\"><a style=\"color: #0000ff;\" href=\"#voetnoot\">(1)<\/a><\/span><\/span><\/p>\n<p style=\"text-align: justify;\"><span style=\"color: #000000;\">Het landgoed valt in 1791 toe aan Johan August jr en na 1800 krijgt zijn weduwe gravin Sparre het vruchtgebruik. In 1718 valt het terug in het geslacht Barnekow.<\/span><\/p>\n<p style=\"text-align: center;\"><a href=\"https:\/\/historiskakartor.lantmateriet.se\/hk\/viewer\/internal\/11-k%C3%B6p-3\/00045i38\/lm11\/REG\/11-k%C3%B6p-3\/%C3%84gom%C3%A4tning\"><img loading=\"lazy\" decoding=\"async\" class=\" wp-image-1228 aligncenter\" src=\"https:\/\/meijenfeldt.nl\/wp-content\/uploads\/2016\/11\/IMG_0418-300x242.jpg\" alt=\"\" width=\"629\" height=\"508\" srcset=\"https:\/\/meijenfeldt.nl\/wp-content\/uploads\/2016\/11\/IMG_0418-300x242.jpg 300w, https:\/\/meijenfeldt.nl\/wp-content\/uploads\/2016\/11\/IMG_0418.jpg 604w\" sizes=\"auto, (max-width: 629px) 100vw, 629px\" \/><\/a><span style=\"color: #000000; font-size: 10pt;\"><span style=\"color: #0000ff;\"><a style=\"color: #0000ff;\" href=\"https:\/\/historiskakartor.lantmateriet.se\/hk\/viewer\/internal\/11-k%C3%B6p-3\/00045i38\/lm11\/REG\/11-k%C3%B6p-3\/%C3%84gom%C3%A4tning\">Kadastrale tekening van Ugerup uit 1776<\/a><\/span> \u00a0\u00a0 \u00a0<span style=\"color: #0000ff;\"><a style=\"color: #0000ff;\" href=\"#voetnoot\">(2)<\/a><\/span><\/span><\/p>\n<p style=\"text-align: justify;\"><span style=\"color: #000000;\">Tegenwoordig is het landhuis met landgoed eigendom van de Nederlands familie Jellema-Haijtema, die er ook weer een stoeterij en tevens een melkveehouderij gevestigd heeft (<span style=\"color: #0000ff;\"><a style=\"color: #0000ff;\" href=\"http:\/\/ugerup.se\/\">www.ugerup.se<\/a><\/span>).<\/span><\/p>\n<p style=\"text-align: center;\"><span style=\"color: #000000;\"><i>En hygienisk vampyr\u00a0ifr\u00e5n UGERUP<br \/>\nHan drager mot offren en Luger upp<br \/>\noch skjuter ett h\u00e5l<br \/>\nuti deras b\u00e5l.<br \/>\nMed pipett sedan blodet han suger upp<\/i><\/span><br \/>\n<span style=\"color: #000000;\">(Limerick van Hasse Alfredson)<a id=\"voetnoot\"><\/a><\/span><\/p>\n<p style=\"text-align: center;\"><span style=\"color: #0000ff;\"><a style=\"color: #0000ff;\" href=\"https:\/\/meijenfeldt.nl\/?page_id=650\"><span style=\"font-size: 10pt;\">Landgoederen<\/span><\/a><\/span><\/p>\n<p style=\"text-align: justify;\"><span style=\"color: #000000; font-size: 10pt;\">1. S. <span style=\"color: #0000ff;\"><a style=\"color: #0000ff;\" href=\"https:\/\/meijenfeldt.nl\/?page_id=3429\">Ahlgren<\/a><\/span>, \u201cUgerups by och s\u00e4teri genom seklerna\u201d, Kristianstad 2008.<br \/>\n2. Lanym\u00e4teristyrelsens arkiv, <span style=\"color: #0000ff;\"><a style=\"color: #0000ff;\" href=\"https:\/\/historiskakartor.lantmateriet.se\/arken\/s\/show.html?showmap=true&amp;mapTypeSelected=false&amp;mapType=&amp;archive=LMS&amp;nbOfImages=2&amp;sd_base=lms2&amp;sd_ktun=4c4d535f4b37322d31313a31&amp;aktid=K72-11%3A1\"><em>Charta \u00f6fwer F\u00e4ladsmarken till Ugerups S\u00e4tesg\u00e5rd och By\u00a0<\/em><\/a><\/span><em><span style=\"color: #0000ff;\">Bel\u00e4gen u<\/span>ti Cristianstads L\u00e4hn, Gi\u00e4rds H\u00e4rad och K\u00f6pinge Sockn, <\/em><em>F\u00f6rfattad \u00c5r 1776 af Mathias Dahlbom.<\/em><\/span><\/p>\n","protected":false},"excerpt":{"rendered":"<p>Ten zuiden van Kristianstad in Sk\u00e5ne bij het stadje K\u00f6pinge ligt de stoeterij Ugerup. Het landhuis is beperkt van omvang en heeft een zuilengalerij aan de voorzijde. De stoeterij komt voort uit de familie Barnekow. Door zijn huwelijk komt het in handen van graaf Johan August Meijerfeldt sr. Carl Friedrich jr erft het landgoed in &hellip; <a href=\"https:\/\/meijenfeldt.nl\/?page_id=725\" class=\"more-link\">Verder lezen <span class=\"screen-reader-text\">Ugerup<\/span><\/a><\/p>\n","protected":false},"author":1,"featured_media":0,"parent":650,"menu_order":7,"comment_status":"closed","ping_status":"closed","template":"","meta":{"footnotes":""},"class_list":["post-725","page","type-page","status-publish","hentry"],"_links":{"self":[{"href":"https:\/\/meijenfeldt.nl\/index.php?rest_route=\/wp\/v2\/pages\/725","targetHints":{"allow":["GET"]}}],"collection":[{"href":"https:\/\/meijenfeldt.nl\/index.php?rest_route=\/wp\/v2\/pages"}],"about":[{"href":"https:\/\/meijenfeldt.nl\/index.php?rest_route=\/wp\/v2\/types\/page"}],"author":[{"embeddable":true,"href":"https:\/\/meijenfeldt.nl\/index.php?rest_route=\/wp\/v2\/users\/1"}],"replies":[{"embeddable":true,"href":"https:\/\/meijenfeldt.nl\/index.php?rest_route=%2Fwp%2Fv2%2Fcomments&post=725"}],"version-history":[{"count":21,"href":"https:\/\/meijenfeldt.nl\/index.php?rest_route=\/wp\/v2\/pages\/725\/revisions"}],"predecessor-version":[{"id":56667,"href":"https:\/\/meijenfeldt.nl\/index.php?rest_route=\/wp\/v2\/pages\/725\/revisions\/56667"}],"up":[{"embeddable":true,"href":"https:\/\/meijenfeldt.nl\/index.php?rest_route=\/wp\/v2\/pages\/650"}],"wp:attachment":[{"href":"https:\/\/meijenfeldt.nl\/index.php?rest_route=%2Fwp%2Fv2%2Fmedia&parent=725"}],"curies":[{"name":"wp","href":"https:\/\/api.w.org\/{rel}","templated":true}]}}