{"id":721,"date":"2016-10-08T10:43:27","date_gmt":"2016-10-08T10:43:27","guid":{"rendered":"http:\/\/celinevonmeijenfeldt.nl\/?page_id=721"},"modified":"2023-06-22T08:52:59","modified_gmt":"2023-06-22T08:52:59","slug":"sofdeborg","status":"publish","type":"page","link":"https:\/\/meijenfeldt.nl\/?page_id=721","title":{"rendered":"S\u00f6fdeborg"},"content":{"rendered":"<p style=\"text-align: justify;\">Aan een meer 20 kilometer ten noorden van de meest zuidelijke Zweedse kustplaats Ystad in Sk\u00e5ne, ligt het kasteel S\u00f6fdeborg (<em>S\u00f6vdeborg<\/em>). Bij het kasteel horen uitgestrekte landerijen. Het landgoed is 2500 ha groot, met een tweede groot landhuis \u00c5gerup er op en enkele veraf in Sm\u00e5land gelegen landerijen (Barnarp, \u00d6stra en V\u00e4stra T\u00e5garp en Gobrun). Dicht bij het kasteel ligt de S\u00f6fde Kyrka, waar de familie patronaat van was. Zie paragraaf 1.7.1. <span style=\"color: #0000ff;\"><a style=\"color: #0000ff;\" href=\"https:\/\/meijenfeldt.nl\/?page_id=10601\">Oorlog in Pommeren<\/a>.<\/span><\/p>\n<p style=\"text-align: justify;\">Het U-vormige kasteel heeft een toren op de linkerhoek en een slotgracht voorlangs. Aan de overzijde zijn uitgebreide stallen gebouwd en een groot park omgrenst de gebouwen. De slotgracht komt uit in een meertje.<\/p>\n<p style=\"text-align: center;\"><img loading=\"lazy\" decoding=\"async\" class=\"wp-image-1054 aligncenter\" src=\"https:\/\/meijenfeldt.nl\/wp-content\/uploads\/2016\/10\/IMG_0359-300x211.gif\" alt=\"\" width=\"444\" height=\"312\" \/><span style=\"font-size: 10pt;\"><em><span style=\"color: #000000;\">S\u00f6vdeborg<\/span><\/em><\/span><\/p>\n<p style=\"text-align: justify;\">Reeds is 1180 wordt het landgoed S\u00f6fde genoemd, mogelijk afgeleid van \u201cin slaap wiegen\u201d. De aartsbisschop laat als eigenaar een burcht bouwen, die in de zestiende eeuw door brand wordt verwoest. Door de Reformatie valt het landgoed aan de Deense Kroon, die het in eigendom aan de Deense adel uitgeeft. In 1597 bouwt Fredrik Lange het huidige kasteel in een opvallend elegante Engelse stijl. Tussen 1639 en 1656 laat Otto Tageson Thott de belangrijkste verbeteringen aanbrengen. Onder leiding van zijn eerste vrouw Jytte Gyllenstierna worden enkele prachtige zalen gebouwd. In de eetzaal wordt het plafond gedurende enkele jaren door een groepje Italiaanse meesterbouwers gestuukt in bruiloftswit met diep reli\u00ebf (dankzij koeienhaar), waarop talloze klassieke voorstellingen staan afgebeeld. Aan de muur hangt een groot portret van een jonge Karel XII na de Slag bij Narva, vermoedelijk door Meijerfeldt daar gehangen. Boven de drie grote houten deuren van deze zaal zijn de wapens van de drie belangrijkste eigenaren aangebracht: Thott, Meijerfeldt en Piper. De Rode Salon ziet er totaal anders uit, met zeer barokke stoelen, tapijten en houtsnijwerk op het plafond. De tweede vrouw van Thott \u2013 Dorte Rosencrantz \u2013 laat de monumentale stallen aanleggen.<\/p>\n<p style=\"text-align: justify;\"><img loading=\"lazy\" decoding=\"async\" class=\" wp-image-1055 aligncenter\" src=\"http:\/\/celinevonmeijenfeldt.nl\/wp-content\/uploads\/2016\/10\/IMG_0360-300x94.jpg\" alt=\"IMG_0360\" width=\"456\" height=\"143\" srcset=\"https:\/\/meijenfeldt.nl\/wp-content\/uploads\/2016\/10\/IMG_0360-300x94.jpg 300w, https:\/\/meijenfeldt.nl\/wp-content\/uploads\/2016\/10\/IMG_0360.jpg 410w\" sizes=\"auto, (max-width: 456px) 100vw, 456px\" \/><br \/>\nNa de Zweedse overname van Sk\u00e5ne komt het kasteel in 1679 in bezit van de familie Ascheberg. In 1722 erft Margaretha von Ascheberg de helft van het kasteel en schenkt dat deel aan haar dochter Brita Barnekow. Haar man graaf Johan August Meijerfeldt sr koopt in 1735 de andere helft van Sofia Lovisa Soop, een andere kleindochter van Rutger von Ascheberg. Graaf Johan August sr verblijft veel op het kasteel en overlijdt er in 1749. Brita Barnekow houdt de eigendom tot haar dood in 1771, waarna het in handen komt van graaf Johan August Meijerfeldt jr, die het in 1763 al onderdeel had laten uitmaken van zijn huwelijksgift aan Louise Augusta Sparre.<\/p>\n<p style=\"text-align: center;\"><a href=\"https:\/\/historiskakartor.lantmateriet.se\/hk\/viewer\/internal\/L207-65:1\/4c4d535f4c3230372d36353a31\/lms2\/LMS\/S%C3%B6vde%20socken%20S%C3%B6vdeborg%20nr%201\/In%C3%A4godelning\"><img loading=\"lazy\" decoding=\"async\" class=\" wp-image-1056 aligncenter\" src=\"http:\/\/celinevonmeijenfeldt.nl\/wp-content\/uploads\/2016\/10\/IMG_0361-300x179.jpg\" alt=\"IMG_0361\" width=\"665\" height=\"397\" srcset=\"https:\/\/meijenfeldt.nl\/wp-content\/uploads\/2016\/10\/IMG_0361-300x179.jpg 300w, https:\/\/meijenfeldt.nl\/wp-content\/uploads\/2016\/10\/IMG_0361.jpg 605w\" sizes=\"auto, (max-width: 665px) 100vw, 665px\" \/><\/a><em><span style=\"font-size: 10pt; color: #000000;\">Kadastrale tekeningen van S\u00f6fdeborg<br \/>\n<\/span><\/em><span style=\"font-size: 10pt;\"><span style=\"color: #000000;\"><span style=\"color: #0000ff;\"><a style=\"color: #0000ff;\" href=\"https:\/\/historiskakartor.lantmateriet.se\/hk\/viewer\/internal\/L207-65:1\/4c4d535f4c3230372d36353a31\/lms2\/LMS\/S%C3%B6vde%20socken%20S%C3%B6vdeborg%20nr%201\/In%C3%A4godelning\">anno 1729<\/a> \u00a0<\/span> <span style=\"color: #0000ff;\"><a style=\"color: #0000ff;\" href=\"https:\/\/historiskakartor.lantmateriet.se\/hk\/viewer\/internal\/L207-65:2\/4c4d535f4c3230372d36353a32\/lms2\/LMS\/S%C3%B6vde%20socken%20S%C3%B6vdeborg%20nr%201\/Avm%C3%A4tning\">anno 1781<\/a> \u00a0\u00a0<\/span><\/span><span style=\"color: #0000ff;\"><a style=\"color: #0000ff;\" href=\"#voetnoot\">(1)<\/a><\/span><\/span><\/p>\n<p style=\"text-align: justify;\">De Meijerfeldts hebben geen betekenisvolle verbeteringen aan het kasteel gebracht. Wel hebben zij de economische productie van het land verhoogd, bijvoorbeeld door het aantrekken van enige honderden schapen en een herder voor de wolproductie en\u00a0het grazen. <span style=\"color: #0000ff;\"><a style=\"color: #0000ff;\" href=\"#voetnoot\">(2)<\/a><\/span>\u00a0Toch is hun naam blijvend aan het kasteel verbonden door het bezoek van Linnaeus \u2013 de beroemde plantkundige en arts, die in de Nederlanden gestudeerd had \u2013 op 2 juli 1749. Hij constateert dat de hoge leeftijd het gebeente, de spraak en de zenuwen van Meijerfeldt heeft aangetast. Niettemin kan de graaf zich de enerverende tijd van meer dan 40 jaar daarvoor nog levendig herinneren. <span style=\"color: #0000ff;\"><a style=\"color: #0000ff;\" href=\"#voetnoot\">(3)<\/a><\/span><\/p>\n<p style=\"text-align: center;\"><span style=\"font-size: 10pt;\"><em><span style=\"color: #000000;\"><strong><img loading=\"lazy\" decoding=\"async\" class=\"alignnone wp-image-1312\" src=\"https:\/\/meijenfeldt.nl\/wp-content\/uploads\/2016\/11\/IMG_0441.jpg\" alt=\"\" width=\"491\" height=\"354\" \/><br \/>\n<\/strong><\/span><\/em><span style=\"color: #000000;\"><strong>Deurportaal<\/strong><\/span><span style=\"color: #000000;\"><strong> S\u00f6fdeborg (1731)<\/strong><\/span><em><span style=\"color: #000000;\"><strong><br \/>\n<\/strong><\/span><\/em><span style=\"color: #000000;\">Gravenwapen, helmversiering, lofwerk Riddarhuset<\/span><span style=\"color: #000000;\"><br \/>\n<em>Foto:<\/em> Lester von Meijenfeldt (2003)<\/span><\/span><\/p>\n<p style=\"text-align: justify;\">In 1788 verkoopt graaf Johan August jr het al behoorlijk vervallen kasteel aan de familie Piper, die een grondige restauratie laat uitvoeren. De huidige eigenaar Stiernsw\u00e4rd houdt het kasteel en landgoed in goede staat van onderhoud.<a id=\"voetnoot\"><\/a><\/p>\n<p style=\"text-align: center;\"><span style=\"color: #0000ff;\"><a style=\"color: #0000ff;\" href=\"https:\/\/meijenfeldt.nl\/?page_id=650\"><span style=\"font-size: 10pt;\">Landgoederen<\/span><\/a><\/span><\/p>\n<p style=\"text-align: justify;\"><span style=\"color: #000000; font-size: 10pt;\">1. <span style=\"font-size: 10pt;\">Landm\u00e4teristyrelsens arkiv, <i><span style=\"color: #0000ff;\"><a style=\"color: #0000ff;\" href=\"https:\/\/historiskakartor.lantmateriet.se\/arken\/s\/show.html?showmap=true&amp;mapTypeSelected=false&amp;mapType=&amp;archive=LMS&amp;nbOfImages=4&amp;sd_base=lms2&amp;sd_ktun=4c4d535f4c3230372d36353a31&amp;aktid=L207-65%3A1\">Geometrisk Charta \u00f6fwer S\u00f6fdeborg Herreg\u00e5rd<\/a> <\/span>bel\u00e4gen uti Hertigd\u00f6mmet Sk\u00e5ne, Malm\u00f6hus L\u00e4hn, F\u00e4rs H\u00e4rad och S\u00f6fde Sockn Anno 1729, Anton C\u00f6pinger, And: Wadman; <\/i><span style=\"color: #0000ff;\"><em><a style=\"color: #0000ff;\" href=\"https:\/\/historiskakartor.lantmateriet.se\/arken\/s\/show.html?showmap=true&amp;mapTypeSelected=false&amp;mapType=&amp;archive=LMS&amp;nbOfImages=1&amp;sd_base=lms2&amp;sd_ktun=4c4d535f4c3230372d36353a32&amp;aktid=L207-65%3A2\">Charta \u00f6fver Anlagde Planterings Hagar till S\u00f6fdeborgs S\u00e4tes=G\u00e5rd<\/a> <\/em><\/span><em>Anno 1781, af Carl Gustaf Rubens.<\/em><\/span><em><br \/>\n<\/em>2. <em>Lunds Weckoblad <\/em><span style=\"color: #0000ff;\"><a style=\"color: #0000ff;\" href=\"https:\/\/tidningar.kb.se\/2783545\/1867-04-11\/edition\/145289\/part\/1\/page\/2\/?q=%20mejerfelt\">11-04-1867<\/a><\/span> en G\u00f6teborgs Handels- Och Sj\u00f6fartstidning\u00a0<span style=\"color: #0000ff;\"><a style=\"color: #0000ff;\" href=\"https:\/\/tidningar.kb.se\/3678898\/1867-04-12\/edition\/144022\/part\/1\/page\/3\/?q=%20mejerfelt\">12-04-1867<\/a><\/span>,\u00a0&#8220;en af Sk\u00e5nes st\u00f6rsta possessionater, F\u00e4ltmarskalken Grefwe Mejerfelt, som d\u00e5 \u00e4fwen egde g\u00e5rdar i Tyskland, intagit n\u00e5gat hundrade af systn\u00e4mde lands d\u00e5 egande medelsina f\u00e5r jemte en kunnig sch\u00e4fer, och uppsatt en sch\u00e4feri p\u00e5 sin egendom S\u00f6fdeborg.&#8221;<br \/>\n3. M. Stenbock, \u201cBref till Carl\u201d, KKD XII, Lund 1918, pag. 280, voetnoot.<br \/>\n4. B.\u00a0Stjernsv\u00e4rd\u00a0en A.\u00a0Geijer, \u201cDen Sergellska M\u00e4sshaken i S\u00f6vde Kyrka\u201d, Nordiskas Museet och Skansens \u00c5rsbok 1948,\u00a0<span style=\"color: #0000ff;\"><a style=\"color: #0000ff;\" href=\"https:\/\/www.diva-portal.org\/smash\/get\/diva2:1269612\/FULLTEXT01.pdf\">pag. 115-130<\/a><\/span>.<\/span><\/p>\n","protected":false},"excerpt":{"rendered":"<p>Aan een meer 20 kilometer ten noorden van de meest zuidelijke Zweedse kustplaats Ystad in Sk\u00e5ne, ligt het kasteel S\u00f6fdeborg (S\u00f6vdeborg). Bij het kasteel horen uitgestrekte landerijen. Het landgoed is 2500 ha groot, met een tweede groot landhuis \u00c5gerup er op en enkele veraf in Sm\u00e5land gelegen landerijen (Barnarp, \u00d6stra en V\u00e4stra T\u00e5garp en Gobrun). &hellip; <a href=\"https:\/\/meijenfeldt.nl\/?page_id=721\" class=\"more-link\">Verder lezen <span class=\"screen-reader-text\">S\u00f6fdeborg<\/span><\/a><\/p>\n","protected":false},"author":1,"featured_media":0,"parent":650,"menu_order":5,"comment_status":"closed","ping_status":"closed","template":"","meta":{"footnotes":""},"class_list":["post-721","page","type-page","status-publish","hentry"],"_links":{"self":[{"href":"https:\/\/meijenfeldt.nl\/index.php?rest_route=\/wp\/v2\/pages\/721","targetHints":{"allow":["GET"]}}],"collection":[{"href":"https:\/\/meijenfeldt.nl\/index.php?rest_route=\/wp\/v2\/pages"}],"about":[{"href":"https:\/\/meijenfeldt.nl\/index.php?rest_route=\/wp\/v2\/types\/page"}],"author":[{"embeddable":true,"href":"https:\/\/meijenfeldt.nl\/index.php?rest_route=\/wp\/v2\/users\/1"}],"replies":[{"embeddable":true,"href":"https:\/\/meijenfeldt.nl\/index.php?rest_route=%2Fwp%2Fv2%2Fcomments&post=721"}],"version-history":[{"count":28,"href":"https:\/\/meijenfeldt.nl\/index.php?rest_route=\/wp\/v2\/pages\/721\/revisions"}],"predecessor-version":[{"id":56669,"href":"https:\/\/meijenfeldt.nl\/index.php?rest_route=\/wp\/v2\/pages\/721\/revisions\/56669"}],"up":[{"embeddable":true,"href":"https:\/\/meijenfeldt.nl\/index.php?rest_route=\/wp\/v2\/pages\/650"}],"wp:attachment":[{"href":"https:\/\/meijenfeldt.nl\/index.php?rest_route=%2Fwp%2Fv2%2Fmedia&parent=721"}],"curies":[{"name":"wp","href":"https:\/\/api.w.org\/{rel}","templated":true}]}}