{"id":719,"date":"2016-10-08T10:43:19","date_gmt":"2016-10-08T10:43:19","guid":{"rendered":"http:\/\/celinevonmeijenfeldt.nl\/?page_id=719"},"modified":"2023-08-13T14:03:43","modified_gmt":"2023-08-13T14:03:43","slug":"meyerfeldtsches-palais","status":"publish","type":"page","link":"https:\/\/meijenfeldt.nl\/?page_id=719","title":{"rendered":"Stralsund"},"content":{"rendered":"<p style=\"text-align: center;\"><span style=\"font-size: 10pt; color: #000000;\"><span style=\"color: #0000ff;\"><a style=\"color: #0000ff;\" href=\"#Palais\">Meyerfeldtsches Palais<\/a><\/span>\u00a0 \u00a0***\u00a0 \u00a0<span style=\"color: #0000ff;\"><a style=\"color: #0000ff;\" href=\"#Haus\">Rotermunder Klein-Palais<\/a><\/span><\/span><\/p>\n<p style=\"text-align: justify;\"><span style=\"color: #000000;\"><br \/>\nIn Stralsund, de toenmalige hoofdstad van Zweeds-Pommeren, bevinden zich twee gebouwen die sterk met het Zweedse geslacht Meijerfeldt verbonden zijn: het Meyerfeldtsches Palais en het Rotermunder Klein-Palais. De gebouwen liggen schuin tegenover elkaar in de Badenstra\u03b2e op nummer 17 respectievelijk 39. Ze werden gebouwd in de leegte die was ontstaan door de verwoesting van de <\/span><span style=\"color: #000000;\">gevelhuizen i<\/span><span style=\"color: #000000;\">n deze smalle straat (10 meter) tijdens een bombardement <\/span><span style=\"color: #000000;\">gedurende de belegering van Stralsund <\/span><span style=\"color: #000000;\">in 1678 <\/span><span style=\"color: #000000;\">door de Keurvorst van Brandenburg. Het was opnieuw een bombardement dat <\/span><span style=\"color: #000000;\">flinke schade aan beide gebouwen toe<\/span><span style=\"color: #000000;\">bracht; de Geallieerden vernietigden op 6 oktober 1944 de aan het eind van de Badenstra\u03b2e gelegen marinehaven. De gebouwen zijn pas veel later gerenoveerd &#8211; gefaseerd tussen 2010 en 2020 &#8211; en zijn sindsdien actief in gebruik.<\/span><a id=\"Palais\"><\/a><\/p>\n<p style=\"text-align: center;\"><span style=\"color: #800000;\"><strong>Meyerfeldtsches Palais<\/strong><\/span><\/p>\n<p style=\"text-align: justify;\"><span style=\"color: #000000;\">Op 1 augustus 1726 legt Johan August Meijerfeldt sr als gouverneur-generaal over Zweeds-Pommeren de eerste steen voor zijn residentie. Het gebouw wordt daarom het Meyerfeldtsches Palais (Meijerfeldtska Palatset) het\u00a0 genoemd, maar het staat ook bekend als het Schwedisches Regierungspalais. Omdat Oost-Pommeren na de Grote Noordse Oorlog aan Pruisen toevalt,\u00a0 verschuift de zetel van de gouverneur-generaal van Zweeds-Pommeren van Stettin naar Stralsund. Er moest dus een nieuw overheidsgebouw komen, maar eigenlijk was daar geen geld voor. Daarom besluit Meijerfeldt uit eigen zak een buitengewoon paleis neer te zetten, dat in Zweeds-Pommeren eigenlijk het enige representatieve overheidsgebouw wordt en al die tijd zal blijven.<\/span><\/p>\n<p style=\"text-align: center;\"><img loading=\"lazy\" decoding=\"async\" class=\"alignnone wp-image-50400 aligncenter\" src=\"https:\/\/meijenfeldt.nl\/wp-content\/uploads\/2022\/10\/Meyerfeldtsches-Palais-bouwtekening-300x146.jpg\" alt=\"\" width=\"575\" height=\"280\" srcset=\"https:\/\/meijenfeldt.nl\/wp-content\/uploads\/2022\/10\/Meyerfeldtsches-Palais-bouwtekening-300x146.jpg 300w, https:\/\/meijenfeldt.nl\/wp-content\/uploads\/2022\/10\/Meyerfeldtsches-Palais-bouwtekening-1024x499.jpg 1024w, https:\/\/meijenfeldt.nl\/wp-content\/uploads\/2022\/10\/Meyerfeldtsches-Palais-bouwtekening-768x374.jpg 768w, https:\/\/meijenfeldt.nl\/wp-content\/uploads\/2022\/10\/Meyerfeldtsches-Palais-bouwtekening-1536x748.jpg 1536w, https:\/\/meijenfeldt.nl\/wp-content\/uploads\/2022\/10\/Meyerfeldtsches-Palais-bouwtekening.jpg 1725w\" sizes=\"auto, (max-width: 575px) 100vw, 575px\" \/><em><span style=\"font-size: 10pt;\">Bouwtekening vooraanzicht<br \/>\nAuteur: <\/span><\/em><span style=\"font-size: 10pt;\">M\u00e4hl<\/span><em><span style=\"font-size: 10pt;\"><br \/>\nVindplaats: <\/span><\/em><span style=\"font-size: 10pt;\">Stralsund Museum<br \/>\n<img loading=\"lazy\" decoding=\"async\" class=\"alignnone  wp-image-57940\" src=\"https:\/\/meijenfeldt.nl\/wp-content\/uploads\/2023\/08\/Paleis-plattegrond-229x300.jpg\" alt=\"\" width=\"376\" height=\"492\" srcset=\"https:\/\/meijenfeldt.nl\/wp-content\/uploads\/2023\/08\/Paleis-plattegrond-229x300.jpg 229w, https:\/\/meijenfeldt.nl\/wp-content\/uploads\/2023\/08\/Paleis-plattegrond-781x1024.jpg 781w, https:\/\/meijenfeldt.nl\/wp-content\/uploads\/2023\/08\/Paleis-plattegrond-768x1007.jpg 768w, https:\/\/meijenfeldt.nl\/wp-content\/uploads\/2023\/08\/Paleis-plattegrond-1171x1536.jpg 1171w, https:\/\/meijenfeldt.nl\/wp-content\/uploads\/2023\/08\/Paleis-plattegrond-1561x2048.jpg 1561w, https:\/\/meijenfeldt.nl\/wp-content\/uploads\/2023\/08\/Paleis-plattegrond-scaled.jpg 1952w\" sizes=\"auto, (max-width: 376px) 100vw, 376px\" \/><br \/>\n<\/span><\/p>\n<p style=\"text-align: center;\"><img loading=\"lazy\" decoding=\"async\" class=\"alignnone size-medium wp-image-1049\" src=\"https:\/\/meijenfeldt.nl\/wp-content\/uploads\/2016\/10\/IMG_0356-300x163.jpg\" alt=\"\" width=\"300\" height=\"163\" srcset=\"https:\/\/meijenfeldt.nl\/wp-content\/uploads\/2016\/10\/IMG_0356-300x163.jpg 300w, https:\/\/meijenfeldt.nl\/wp-content\/uploads\/2016\/10\/IMG_0356.jpg 622w\" sizes=\"auto, (max-width: 300px) 100vw, 300px\" \/><br \/>\n<span style=\"color: #000000; font-size: 10pt;\"><i>Kopergravure of lithografie uit 1850<br \/>\n<\/i><\/span><span style=\"font-size: 10pt;\"><span style=\"color: #000000;\">Het plein is een tussenfase naar de herbouw van andere gebouwen aan de Badenstra\u03b2e.<br \/>\nDe grote dubbele trappen v\u00f3\u00f3r de ingang worden in 1835 op last van de gemeente verwijderd<br \/>\nvanwege het ruimtegebrek op straat.<\/span><\/span><\/p>\n<p style=\"text-align: justify;\"><span style=\"color: #000000;\">Het <\/span><span style=\"color: #0000ff;\"><a style=\"color: #0000ff;\" href=\"http:\/\/www.digitale-bibliothek-mv.de\/viewer\/image\/PPNHST_HS_473\/1\/\">gebouw<\/a><\/span> <span style=\"color: #000000;\">wordt volgens het ontwerp van Cornelius Loos gebouwd, een Zweedse genieofficier, die dan met de vernieuwing van de vestingswerken van Stralsund bezig is. Meijerfeldt kent hem nog uit Bender, van waaruit hij een rondreis langs de architectonische hoogstandjes van het Turkse rijk had mogen maken. Het paleis is geheel in barokke stijl met Mansardwalmdak opgetrokken. Het u-vormige complex met de vleugels naar achteren is in lijn met de laatste Zweedse overheidsgebouwen. De inrichting is voor die tijd exceptioneel luxueus, omdat &#8211; naast de priv\u00e9verblijven van de familie &#8211; ruimte is gemaakt voor een brouwerij met bierkelders, een bakkerij en konditorei en een stoombadhuis. In totaal 49 ruimtes zijn op de begane grond, het souterrain en de verdieping ingedeeld.<\/span><\/p>\n<p style=\"text-align: center;\"><em><img loading=\"lazy\" decoding=\"async\" class=\"size-medium wp-image-9028 aligncenter\" src=\"https:\/\/meijenfeldt.nl\/wp-content\/uploads\/2018\/04\/1674-Kulturhistorischen-Museum-Stralsund-292x300.jpg\" alt=\"\" width=\"292\" height=\"300\" srcset=\"https:\/\/meijenfeldt.nl\/wp-content\/uploads\/2018\/04\/1674-Kulturhistorischen-Museum-Stralsund-292x300.jpg 292w, https:\/\/meijenfeldt.nl\/wp-content\/uploads\/2018\/04\/1674-Kulturhistorischen-Museum-Stralsund.jpg 526w\" sizes=\"auto, (max-width: 292px) 100vw, 292px\" \/><\/em><span style=\"font-size: 10pt;\"><strong>Meyerfeldtsches Palais (1726)<\/strong><\/span><br \/>\n<span style=\"font-size: 10pt;\"> Kulturhistorisches Museum (Stralsund Museum)<\/span><br \/>\n<em><span style=\"font-size: 10pt;\"> Plaats: <\/span><\/em><span style=\"font-size: 10pt;\">Stralsund, Katharinenkloster, M\u00f6nchstra\u00dfe 25-28<\/span><br \/>\n<em><span style=\"font-size: 10pt;\">Foto: <\/span><\/em><span style=\"font-size: 10pt;\">Stralsund Museum<\/span><\/p>\n<p style=\"text-align: justify;\"><span style=\"color: #000000;\">Vestingbouwer Loos ontwerpt\u00a0 niet alleen een zeer zwaar fundament, maar ook een dubbel bemuurde bunker tegen bombardementen en de pest. Een half afgebouwde onderaardse gang onder de Badenstra\u03b2e dient als (nooit gebruikte) vluchtroute en\/of als waterafvoer naar de plaatselijke Giergraben.<\/span><\/p>\n<p style=\"text-align: justify; padding-left: 40px;\"><span style=\"color: #000000; font-size: 10pt;\">Als stadsarcheoloog Br\u00fcggeman dit tijdens de restauratie allemaal ontdekt slaat de fantasie van de journalist van het lokale nieuwsblad Ostsee-Zeitung flink op hol: <em>Als \u201eJonny Controlletti\u201c h\u00e4tte Alt-Rocker Udo Lindenberg sicherlich den schwedischen Generalgouverneur Graf Johann August Meyerfeldt tituliert, w\u00e4ren ihm die Marotten des blaubl\u00fctigen Schweden zu Ohren gekommen. (&#8230;) Nicht nur, dass Meyerfeldt alle Ausgaben peinlich genau notierte und jeden noch so versteckten Winkel seines riesigen Palais in Pl\u00e4nen akribisch beschrieb: Der hochrangige Milit\u00e4rmann muss auch eine enorme Angst vor den Kanonenangriffen seiner Feinde gehabt haben, und gleichzeitig war er ein Hypochonder wie er im Buche steht. \u00dcber die spannende bauhistorische Geschichte des Palais und die filmreife Biografie des einstigen Besitzers erfuhren die interessierten G\u00e4ste am Tag der St\u00e4dtebauf\u00f6rderung am Sonnabend sehr viele aufschlussreiche Details. (&#8230;) Ironie des Schicksals: Der Generalgouverneur wurde nicht alt und verstarb im besten Mannesalter<\/em> [de graaf werd wel oud: 84 jaar! HvM]<em>\u00a0(&#8230;) Der f\u00fcr seine speziellen Phobien bekannte Generalgouverneur lie\u00df sich im Keller des Palais eine Art Panic Room errichten, um sich vor angreifenden Feinden und dem Beschuss durch Kanonenkugeln zu sch\u00fctzen<\/em>.\u00a0 <span style=\"color: #0000ff;\"><a style=\"color: #0000ff;\" href=\"#voetnoot\">(1)<\/a><\/span><\/span><\/p>\n<p style=\"text-align: center;\"><img loading=\"lazy\" decoding=\"async\" class=\"wp-image-42125 aligncenter\" src=\"https:\/\/meijenfeldt.nl\/wp-content\/uploads\/2022\/01\/Regierungspalais-6-300x210.jpg\" alt=\"\" width=\"489\" height=\"342\" srcset=\"https:\/\/meijenfeldt.nl\/wp-content\/uploads\/2022\/01\/Regierungspalais-6-300x210.jpg 300w, https:\/\/meijenfeldt.nl\/wp-content\/uploads\/2022\/01\/Regierungspalais-6-768x538.jpg 768w, https:\/\/meijenfeldt.nl\/wp-content\/uploads\/2022\/01\/Regierungspalais-6.jpg 798w\" sizes=\"auto, (max-width: 489px) 100vw, 489px\" \/><span style=\"color: #000000;\"><em><span style=\"font-size: 10pt;\">Stadsarcheoloog \u00a0Stefanie Br\u00fcggemann houdt afbeeldingen van<br \/>\nJohan August Meijerfeldt sr (links) en Cornelius Loos (rechts) omhoog.<\/span><\/em><\/span><\/p>\n<p style=\"text-align: justify;\"><span style=\"color: #000000;\">In 1730 trekt de gouverneur-generaal met zijn gezin in zijn residentie. Hij ontvangt er zeer hoge gasten: in de zomer van 1743 kroonprins Adolf Frederik en van 31 juli tot 6 augustus 1744 dezelfde met diens vrouw Lovisa Ulri\u00adka. De graaf is zo slecht ter been, dat zijn vrouw Brita Barnekow de koninklijke gasten steeds in haar suite ontvangt. <\/span><\/p>\n<p style=\"text-align: justify;\"><span style=\"color: #000000;\">Rond de jaarwisseling 1748-1749 legt Johan August zijn ambt neer.\u00a0<\/span><span style=\"color: #000000;\">Het gebouw blijft priv\u00e9bezit, want is immers helemaal door de oude graaf zelf betaald. Het ligt echter voor de hand dat de nieuwe gouverneur-generaal het ook als zijn residentie gaat kiezen, maar diens benoeming blijft nog even uit. Brita Barnekow verkoopt het paleis uiteindelijk in 1757 aan de Zweedse Kroon voor het voor die tijd erg lage bedrag van 33.000 rijksdaalder. <span style=\"color: #0000ff;\"><a style=\"color: #0000ff;\" href=\"#voetnoot\">(2)<\/a><\/span>\u00a0<\/span><\/p>\n<p style=\"text-align: justify;\"><span style=\"color: #000000;\">De Zweedse regering blijft dus in het Meyerfeldtsches Palais zetelen. In 1797 gaat de Prinses van Baden vanuit het paleis naar de St. Nikolaikerk waar zij met de handschoen trouwt met de Zweedse koning Gustaaf IV Adolf. In 1815 wordt het gebouw aan Pruisen overgedragen. Daarna vervult het veel functies. Na herstelwerkzaamheden die de binnenkant geheel veranderen wordt het een overheidsgebouw en dat is het \u2013 na verscheidene \u00a0opknapbeurten &#8211; gebleven. Sinds 2016 is de Dienst voor de Stadsbouw er teruggekeerd.<\/span><\/p>\n<p style=\"text-align: center;\"><span style=\"color: #000000; font-size: 10pt;\"><i><img loading=\"lazy\" decoding=\"async\" class=\"alignnone wp-image-1050\" src=\"https:\/\/meijenfeldt.nl\/wp-content\/uploads\/2016\/10\/IMG_0357.jpg\" alt=\"\" width=\"551\" height=\"351\" \/><br \/>\nMeyerfeldtsches Palais, Badenstra\u00dfe 17<a id=\"Haus\"><\/a><\/i><\/span><\/p>\n<p style=\"text-align: center;\"><span style=\"color: #800000;\"><strong>Rotermunder Klein-Palais<\/strong><\/span><\/p>\n<p style=\"text-align: justify;\"><span style=\"color: #000000;\">Het stadsbestuur van Stralsund verkoopt in 1700 het grondgebied van drie vernietigde gevelhuizen aan kolonel en landraad Von Rotermund. Beide partijen kennen elkaar vooral uit de rechtszaal en besluiten daarom een zeer uitvoerig koopcontract op te stellen. Voor de koper geldt de volgende bouwplicht: &#8220;<em>ein t\u00fcchtiges und zu b\u00fcrgerlicher Brau- und M\u00fcltz-Nahrung und handlung &#8230; angelegtes Hau\u00df mit einer Hau\u00dfth\u00fcr und Eingange, in guten Brandmauern auf die &#8230; w\u00fcste Stelle &#8230; nach hiesiger Stadtgewohnheit<\/em>&#8220;. Het gebouw wordt een klein paleis in barokstijl op twee van de drie verworven percelen en een uitgang en toegangspoort op het derde perceel. Achter is een binnenplaatsgebouw, een stal voor twaalf paarden, een koetshuis voor drie rijtuigen, een brouwerij en een washuis.<\/span><\/p>\n<p style=\"text-align: center;\"><img loading=\"lazy\" decoding=\"async\" class=\" wp-image-42099 aligncenter\" src=\"https:\/\/meijenfeldt.nl\/wp-content\/uploads\/2022\/01\/Landstandsehaus-Badenstrasse-39-300x200.jpeg\" alt=\"\" width=\"428\" height=\"285\" srcset=\"https:\/\/meijenfeldt.nl\/wp-content\/uploads\/2022\/01\/Landstandsehaus-Badenstrasse-39-300x200.jpeg 300w, https:\/\/meijenfeldt.nl\/wp-content\/uploads\/2022\/01\/Landstandsehaus-Badenstrasse-39-1024x683.jpeg 1024w, https:\/\/meijenfeldt.nl\/wp-content\/uploads\/2022\/01\/Landstandsehaus-Badenstrasse-39-768x512.jpeg 768w, https:\/\/meijenfeldt.nl\/wp-content\/uploads\/2022\/01\/Landstandsehaus-Badenstrasse-39-1536x1024.jpeg 1536w, https:\/\/meijenfeldt.nl\/wp-content\/uploads\/2022\/01\/Landstandsehaus-Badenstrasse-39-2048x1365.jpeg 2048w\" sizes=\"auto, (max-width: 428px) 100vw, 428px\" \/><em><span style=\"font-size: 10pt; color: #000000;\">Rotermunder Haus<\/span><\/em><\/p>\n<p style=\"text-align: justify;\"><span style=\"color: #000000;\">Nadat Regeringsraadslid graaf Von Bohlen het gebouw verwerft koopt Brita Barnekow het van hem in 1759. De reden is dat zij sinds de verkoop van het Meyerfeldtsches Palais geen woning voor zichzelf en haar kinderen in Stralsund heeft en de landgoederen Nehringen en Medrow in de oorlogsz\u00f4ne liggen. Na afloop van de oorlog in 1762 is Carl Friedrich jr de eigenaar van beide landgoederen, maar woont ook veel in het huis in Stralsund. Hij houdt zich daar bezig met het opbouwen van een bibliotheek voor de familie Meijerfeldt en alle aangetrouwde adellijke families. Ter financiering van dit project verzoekt hij de betrokken families om donaties.<\/span><\/p>\n<p style=\"text-align: justify;\"><span style=\"color: #000000;\">De eigendom van het huis verschuift binnen de familie door het overlijden van Brita Barnekow in 1771, Carl Friedrich jr in 1791 en Johan August jr in 1800. Zijn weduwe Lovisa Augusta Sparre verkoopt het huis in 1802 voor 12.300 thaler aan Von Platen ten behoeve van de Zweedse koning, die naar een zetel voor de gemeenteraden van de Pommerse landgoederen op zoek is. De naam van het gebouw wordt dan Landst\u00e4ndehaus en zo heet het nog steeds. Het wapen van de landgoederen staat nog boven de voordeur. Sinds de zomer van 2012 gebruikt de Stralsund Music School het gerenoveerde huis.<a id=\"voetnoot\" style=\"color: #000000;\"><\/a><\/span><\/p>\n<p style=\"text-align: center;\"><span style=\"color: #0000ff;\"><a style=\"color: #0000ff;\" href=\"https:\/\/meijenfeldt.nl\/?page_id=650\"><span style=\"font-size: 10pt;\">Landgoederen<\/span><\/a><\/span><\/p>\n<p style=\"text-align: justify;\"><span style=\"color: #000000; font-size: 10pt;\">1. Ostsee-Zeitung 23.05.2016, \u201e<em>Panic-Room\u201c des schwedischen Grafen im Bauamtskeller entdeckt<\/em>, en 12.09-2016, <em>Meyerfeldtsches Palais f\u00fcr 4,7 Millionen Euro saniert<\/em>.<br \/>\n2. Kammerarchiv, 3:e avr\u00e4kningskontoret, volgens W. Buchholtz, \u201c\u00d6ffentliche Finanzen und Finanzverwaltung im entwickelten fr\u00fchmodernen Staat, Landesherr und Landst\u00e4nde in Schwedisch-Pommern 1720-1806\u201d, Ver\u00f6ffentlichungen der Historischen Kommission f\u00f6r Pommern, V 25, Keulen 1992, pag. 323 en 436.<\/span><\/p>\n","protected":false},"excerpt":{"rendered":"<p>Meyerfeldtsches Palais\u00a0 \u00a0***\u00a0 \u00a0Rotermunder Klein-Palais In Stralsund, de toenmalige hoofdstad van Zweeds-Pommeren, bevinden zich twee gebouwen die sterk met het Zweedse geslacht Meijerfeldt verbonden zijn: het Meyerfeldtsches Palais en het Rotermunder Klein-Palais. De gebouwen liggen schuin tegenover elkaar in de Badenstra\u03b2e op nummer 17 respectievelijk 39. Ze werden gebouwd in de leegte die was ontstaan &hellip; <a href=\"https:\/\/meijenfeldt.nl\/?page_id=719\" class=\"more-link\">Verder lezen <span class=\"screen-reader-text\">Stralsund<\/span><\/a><\/p>\n","protected":false},"author":1,"featured_media":0,"parent":650,"menu_order":4,"comment_status":"closed","ping_status":"closed","template":"","meta":{"footnotes":""},"class_list":["post-719","page","type-page","status-publish","hentry"],"_links":{"self":[{"href":"https:\/\/meijenfeldt.nl\/index.php?rest_route=\/wp\/v2\/pages\/719","targetHints":{"allow":["GET"]}}],"collection":[{"href":"https:\/\/meijenfeldt.nl\/index.php?rest_route=\/wp\/v2\/pages"}],"about":[{"href":"https:\/\/meijenfeldt.nl\/index.php?rest_route=\/wp\/v2\/types\/page"}],"author":[{"embeddable":true,"href":"https:\/\/meijenfeldt.nl\/index.php?rest_route=\/wp\/v2\/users\/1"}],"replies":[{"embeddable":true,"href":"https:\/\/meijenfeldt.nl\/index.php?rest_route=%2Fwp%2Fv2%2Fcomments&post=719"}],"version-history":[{"count":40,"href":"https:\/\/meijenfeldt.nl\/index.php?rest_route=\/wp\/v2\/pages\/719\/revisions"}],"predecessor-version":[{"id":57939,"href":"https:\/\/meijenfeldt.nl\/index.php?rest_route=\/wp\/v2\/pages\/719\/revisions\/57939"}],"up":[{"embeddable":true,"href":"https:\/\/meijenfeldt.nl\/index.php?rest_route=\/wp\/v2\/pages\/650"}],"wp:attachment":[{"href":"https:\/\/meijenfeldt.nl\/index.php?rest_route=%2Fwp%2Fv2%2Fmedia&parent=719"}],"curies":[{"name":"wp","href":"https:\/\/api.w.org\/{rel}","templated":true}]}}