{"id":71111,"date":"2025-02-18T17:02:43","date_gmt":"2025-02-18T17:02:43","guid":{"rendered":"https:\/\/meijenfeldt.nl\/?page_id=71111"},"modified":"2026-03-15T15:29:23","modified_gmt":"2026-03-15T15:29:23","slug":"71111-2","status":"publish","type":"page","link":"https:\/\/meijenfeldt.nl\/?page_id=71111","title":{"rendered":"W. Carl Wilhelm"},"content":{"rendered":"<table style=\"border-collapse: collapse; width: 100%; height: 1659px;\">\n<tbody>\n<tr style=\"height: 30px;\">\n<td style=\"width: 141.849%; background-color: #ffffff; text-align: center; height: 30px;\" colspan=\"4\"><span style=\"font-size: 14pt;\"><strong><span style=\"color: #000000;\">PERSOONSDOSSIER<\/span><\/strong><\/span><\/td>\n<\/tr>\n<tr style=\"height: 27px;\">\n<td style=\"background-color: #ffffff; text-align: center; width: 141.849%; height: 27px;\" colspan=\"4\"><span style=\"color: #000000; font-size: 10pt;\"><span style=\"color: #0000ff;\"><span style=\"color: #000000;\">\u2190<\/span> <a style=\"color: #0000ff;\" href=\"https:\/\/meijenfeldt.nl\/?page_id=78703\">Kroniek<\/a><\/span>\u00a0 \u00a0***\u00a0 \u00a0<span style=\"color: #0000ff;\"><span style=\"color: #000000;\">\u2193<\/span> <a style=\"color: #0000ff;\" href=\"#genealogie\">Genealogie<\/a><\/span>\u00a0 \u00a0***\u00a0 \u00a0<span style=\"color: #0000ff;\"><span style=\"color: #000000;\">\u2193<\/span> <\/span><a style=\"color: #0000ff;\" href=\"#levensloop\">Levensloop<\/a><span style=\"font-size: 10pt;\">\u00a0 \u00a0***\u00a0 \u00a0\u2193 <\/span><span style=\"color: #0000ff;\"><a style=\"color: #0000ff;\" href=\"#documenten\">Documenten<\/a><\/span><br \/>\n<\/span><\/td>\n<\/tr>\n<tr style=\"height: 28px;\">\n<td style=\"background-color: #d5e8eb; text-align: center; height: 28px; width: 141.849%;\" colspan=\"4\"><span style=\"color: #000000;\"><strong><a id=\"genealogie\"><\/a>GENEALOGIE<\/strong><\/span><\/td>\n<\/tr>\n<tr style=\"height: 307px;\">\n<td style=\"width: 141.849%; background-color: #ffffff; text-align: justify; height: 307px;\" colspan=\"4\"><span style=\"color: #000000;\"><span style=\"color: #000000;\"><br \/>\nW. <strong>Carl (Gustav) Wilhelm\u00a0<\/strong>Meijerfeldt, * Stralsund 19-03-1788, \u2248 St Marien 21-03-1788, \u2020 Neu G\u00fclze 15-01-1869 (80 jr), \u2261 Boitzenburg 18-01-1869, natuurlijke zoon van August School en Catharina Maria Vick (1767-1846), bediende, conci\u00ebrge, schoolleraar, \u221e1 Wismar St Marien 01-03-1807 <em>Dorot\u00adhea Magdalena Catharina Tei\u00adch<\/em>, * B\u00fctzow 15-09-1782, \u2020 Grapen Stieten 20-12-1823 (41 jr), \u2261 23-12-1823, dochter van Johann Hinrich Teich en Sophia Catharina G\u00fcnter, \u221e2 Gro\u03b2 Trebbow 21-05-1824 <em>Wilhelmine Agnete Renetta (Henri\u00ebtte) Liebe<\/em>, * Schwerin \u2248 St Nikolai 25-08-1774, \u2020 Proseken, G\u00e4gelow 01-03-1864, dochter van Johann Carl Gottlieb Liebe (1745-) en Hanna Sophie Schramm.<br \/>\n<\/span><\/span><\/td>\n<\/tr>\n<tr style=\"height: 56px;\">\n<td style=\"background-color: #ffffff; text-align: justify; height: 56px; width: 141.849%;\" colspan=\"4\"><span style=\"color: #000000;\">Nageslacht uit \u221e1<\/span><\/p>\n<p><span style=\"color: #000000; font-family: georgia, palatino, serif; font-size: 12pt;\">W.1. <strong>Sophia <\/strong>Wilhelmina Francisca, * 21-05-1807, \u2248 Wismar St Marien 24-05-1807, \u2020 Grapen Stieten 15-03-1808 (9 mnd 1 wk), \u2261 Beidendorf 20-03-1808.<\/span><\/p>\n<p><span style=\"color: #000000; font-family: georgia, palatino, serif; font-size: 12pt;\">W.2.<strong> Friderique <\/strong>Amalie Julie, * Grapen Stieten 22-01-1809, \u2248 Beidendorf 27-01-1809, get. frau Friderika von Stegemann geb. v Both, fr\u00e4ulein Mariana Amalie von Both, fr\u00e4ulein Julie von Both, \u2020 Wismar 23-03-1869 (60 jr), \u2261 St Nicolai 27-03-1869, \u221e <em>Heinrich Daet\/bell<\/em>. \u2020 Wismar 1859, Schumeister.<\/span><\/p>\n<p><span style=\"color: #000000; font-family: georgia, palatino, serif; font-size: 12pt;\">W.3. Maria Dorothea Johanna<strong> Henri\u00ebtte,\u00a0<\/strong>* Grapen Stieten 12-05-1811, \u2248 Beidendorf 19-05-1811, get. Joch: Hinr: Klinkman, Gutscher, Soph: Johana Tiedler, Elisab: Dorothea Houpten, Lehna Maria Pingel, \u221e1 <em>Louis\u00a0Larose<\/em>, \u221e2 Wismar St Georg 31-08-1845 <em>Karl Heinrich Karlhof<\/em>, B\u00fcrger u. Arbeitsmann, zoon van Johann Heinrich Karlhof, kind uit eerste relatie:<\/span><\/p>\n<p style=\"padding-left: 40px;\"><span style=\"color: #000000; font-family: georgia, palatino, serif; font-size: 12pt;\">W.31. <strong>Elise Sophia Henriette<\/strong>, *\u00a0Wismar 12-09-1840, \u2248 Wismar 13-09-1840, \u2261 Wismar St Georg 20-11-1913, \u221e Wismar St Georg 30-01-1863 <em>Johann Elias Evers<\/em>, * 12-01-1837, matroos, zoon van Johann Elias Evers.\u00a0<\/span><\/p>\n<p><span style=\"font-family: georgia, palatino, serif; font-size: 12pt;\">W.4. <strong>Caroline <\/strong>Ernes\u00adtine \/ Christiana Sophie,* Grapen\u00ad Stie\u00adten 21-10-1813, \u2248 Beidendorf 26-10-1813, get. herr Carl Anton von Both, fr\u00e4ulein Ernestine von Hopgarten, pastorin Sophia Grapengiesser, \u2020 Wismar 16-04-1876, \u221e Wis\u00admar St Marien 05-05-1848 <em>Johann Joachim Hein\u00adrich Pla\u00adneth<\/em>, * Wismar 09-10-1819, \u2020 Warin 01-11-1902, pan\u00adtoffelmaker in Wismar, zoon van Johann Joachim Ernst Planeth en Maria Magdalena Piehl, twee kinde\u00adren.<\/span><\/p>\n<p><span style=\"color: #000000; font-family: georgia, palatino, serif; font-size: 12pt;\">W.5. Christian\u00a0<strong>Heinrich<\/strong> Friedrich (Franz), <span style=\"color: #000000;\">* Grapen\u00ad Stieten 21-01-1817, \u2248 Beidendorf 26-01-1817, drie getuigen, l<span style=\"font-family: georgia, palatino, serif;\">erarenopleiding Ludwiglust 1839-1841, schoolleraar Roloffshagen 1843, Tramm 1845, Neu G\u00fclze 1844, Hamburg 1885, Schillenberg (Wehlau, Oost-Pruisen)<\/span>, \u221e Damshagen 05-10-1843 <em>Louise Sophie Eleonore H\u00fcbner<\/em>, * Grapen Stieten 07-01-1815, \u2020 Boizenburg 23-12-1898, dochter van Carl Gottfried en Luise H\u00fcbner,\u00a0<\/span><\/span><\/p>\n<p style=\"text-align: justify; padding-left: 40px;\"><span style=\"color: #000000; font-family: georgia, palatino, serif; font-size: 12pt;\">W.51. <strong>Maria Wilhelmine Friederike Louise<\/strong>, * Tramm 07-02-1845, \u2248 Mummendorf 01-03-1845, getuige grootmoeder P.2, \u2020 Boizenburg 15-12-1889, \u221e Boizenburg 17-03-1885 <em>J\u00fcrgen Heinrich August Steffens<\/em>, * Hitzacker 07-03-1830, zoon van Christoph Steffens, (\u221e1 Catharine Sophie Elize Pegel).<\/span><\/p>\n<p style=\"text-align: justify; padding-left: 40px;\"><span style=\"font-size: 12pt;\"><span style=\"font-family: georgia, palatino, serif;\"><span style=\"color: #000000; font-family: georgia, palatino, serif;\">W<\/span>.52. <\/span><span style=\"font-family: georgia, palatino, serif; color: #000000;\"><strong>Carl Wilhelm Johann<\/strong>, * Tramm 12-04-1846, \u2248 Mummendorf 04-05-1846, getuige tante W.23, \u2020 Tramm 29-05-1846.<\/span><\/span><\/p>\n<p style=\"text-align: justify; padding-left: 40px;\"><span style=\"font-size: 12pt;\"><span style=\"font-family: georgia, palatino, serif;\"><span style=\"color: #000000; font-family: georgia, palatino, serif;\">W<\/span>.53. <\/span><span style=\"font-family: georgia, palatino, serif; color: #000000;\"><strong>Caroline Louise<\/strong>, * Tramm 16-04-1847, \u2248 Mummendorf 28-04-1847, Wirthschafterin, # Boitzenburg 03-12-1867, Neu G\u00fclze, \u221e Boitzenburg 10-11-1874 <em>Johann Joachim Wilhelm Karnatz<\/em>, * 21-09-1830, schoenmaker, zoon van Johan Friedrich Christoph Karnatz\u00a0 (\u221e1 Maria Dorothea Henriette Hinzpeter).<\/span><\/span><\/p>\n<p style=\"text-align: justify; padding-left: 40px;\"><span style=\"color: #000000; font-family: georgia, palatino, serif; font-size: 12pt;\">W.54.<strong> Heinrich Carl Friedrich<\/strong>, * Tramm 23-07-1848, \u2248 Mummendorf 13-08-1848, \u2020 Hamburg 19-03-1924, <span style=\"color: #0000ff;\"><a style=\"color: #0000ff;\" href=\"https:\/\/meijenfeldt.nl\/?page_id=71149\">zie Tischlerei<\/a><\/span>.<\/span><\/p>\n<p style=\"padding-left: 40px;\"><span style=\"color: #000000; font-family: georgia, palatino, serif; font-size: 12pt;\">W.55. <strong>Elisabeth Marie Wilhelmine<\/strong>, * Tramm 06-05-1850, \u2248 Mummendorf 31-05-1950, \u2020 Tramm 26-02-1852.<\/span><\/p>\n<p style=\"text-align: justify; padding-left: 40px;\"><span style=\"font-size: 12pt;\"><span style=\"color: #000000; font-family: georgia, palatino, serif;\">W.56. <strong>Sophie Caroline Wilhelmine<\/strong>, * Neu-G\u00fclze 21-12-1853, \u2248 <\/span><span style=\"color: #000000; font-family: georgia, palatino, serif;\">Boitzenburg 15-01-1854<\/span><span style=\"color: #000000; font-family: georgia, palatino, serif;\">, \u221e Boitzenburg 12-11-1874 <\/span><em style=\"color: #000000; font-family: georgia, palatino, serif;\">Friedrich Christian Carl Kohlmeier<\/em><span style=\"color: #000000; font-family: georgia, palatino, serif;\">, * 16-12-1842, zoon van Johann Christian Friedrich Kohlmeier, # Rehna, kinderen.<\/span><\/span><\/p>\n<p style=\"text-align: justify; padding-left: 40px;\"><span style=\"font-size: 12pt;\"><span style=\"color: #000000; font-family: georgia, palatino, serif;\">W.57. <strong>Johann<\/strong><strong>\u00a0Heinrich Friedrich<\/strong>, * Neu-G\u00fclze\u00a0<\/span><span style=\"color: #000000; font-family: georgia, palatino, serif;\">01-06-1855<\/span><span style=\"color: #000000; font-family: georgia, palatino, serif;\">, \u2248 <\/span><span style=\"color: #000000; font-family: georgia, palatino, serif;\">Boitzenburg 24-06-1855<\/span><span style=\"color: #000000; font-family: georgia, palatino, serif;\">, \u2020 Hamburg 09-04-1903, \u221e1 Hamburg 25-03-1880 <\/span><em style=\"color: #000000; font-family: georgia, palatino, serif;\">Emma Lucia Johanna Pauline Sch\u00f6ttiger<\/em><span style=\"color: #000000; font-family: georgia, palatino, serif;\">, * Hamburg 24-08-1854, \u2020 Hamburg v\u00f3\u00f3r 1883, dochter van Joachim Christoffer Sch\u00f6ttiger en Johanne Caroline Mathilde Dose, \u221e2 Hamburg 21-03-1883 <\/span><em style=\"color: #000000; font-family: georgia, palatino, serif;\">Auguste Christiana Bertha Timmann<\/em><span style=\"color: #000000; font-family: georgia, palatino, serif;\">, * Hamburg 03-10-1859, dochter van Alcke Timmamm, \u221e3 Hamburg 01-06-1894 <\/span><em style=\"color: #000000; font-family: georgia, palatino, serif;\">Maria Friederike Gr\u00fchn<\/em><span style=\"color: #000000; font-family: georgia, palatino, serif;\">, * Altona 23-03-1862, \u2020 Hamburg 15-05-1915, dochter van Johann J\u00fcrgen Ludwig Christian Gr\u00fchn en Auguste Sophie Caroline Nath, zoon uit 1:<\/span><\/span><\/p>\n<p style=\"text-align: justify; padding-left: 40px;\"><span style=\"color: #000000; font-family: georgia, palatino, serif; font-size: 10pt;\"><span style=\"font-size: 12pt;\">W.571. <\/span><strong><span style=\"font-size: 12pt;\">Emil Paul Johannes Richard<\/span><\/strong><span style=\"font-size: 12pt;\">, * Hamburg 13-06-1880, \u2020 Hamburg 06-12-1930,\u00a0\u221e Hamburg 16-04-1905 <em>Hermine Friederike Lerche<\/em>, * Hamburg 22-06-1879, \u2020 Hamburg 08-12-1942, zoon van Johann Heinrich Wilhelm Lerche en Catharine Margarethe Rebecca Runtermann, zoon:<\/span><\/span><\/p>\n<p style=\"text-align: justify; padding-left: 40px;\"><span style=\"color: #000000; font-family: georgia, palatino, serif; font-size: 12pt;\">W.5711. <strong>Hermann Emil<\/strong>, * Hamburg 22-04-1913, \u2020 Flensburg 07-07-1945, \u221e <em>Liselotte Zinn, *<\/em> Hamburg, 30-04-1913, \u2020 26-02-1964, dochter van Friedrich August Zinn (1875-1918) en Clara Elisabeth Johanna Meta Vo\u03b2 (1879-1945), kind.<\/span><\/p>\n<p><span style=\"color: #000000; font-family: georgia, palatino, serif; font-size: 12pt;\">W.6. <strong>Johanna Louisa,\u00a0<\/strong>* Grapen Stieten 30-08-1819, \u2248 Beidendorf 02-09-1819, drie getuigen, \u2020 Stralsund 18-11-1895, \u221e Stralsund St Marien 10-05-1846 <em>Johann Frie\u00addrich Christian K\u00e4ding<\/em>, * L\u00fc\u00addershagen 03-12-1820, \u2020 Stral\u00adsund 03-03-1875, bur\u00adger en gediplomeerd meesterkleer\u00adma\u00adker, zoon van Jacob K\u00e4ding (Hol\u00adlan\u00adder) en Sophia Den\u00adzien, negen kin\u00adde\u00adren.<\/span><\/p>\n<p><span style=\"color: #000000; font-family: georgia, palatino, serif; font-size: 12pt;\">W.7. <strong>Charlotta Dorothea Maria,\u00a0<\/strong>* Grapen Stie\u00adten 07-06-1822, \u2248 Beidendorf 10-06-1822, drie getuigen, \u2020 Grapen Stieten 21-11-1822 (24 wk, leverkwaal), \u2261 Beidendorf 24-11-1822.\u00a0<\/span><\/td>\n<\/tr>\n<tr style=\"height: 28px;\">\n<td style=\"background-color: #d5e8eb; text-align: center; height: 28px; width: 141.849%;\" colspan=\"4\"><strong><span style=\"color: #000000;\"><a id=\"levensloop\"><\/a>LEVENSLOOP<br \/>\n<\/span><\/strong><\/td>\n<\/tr>\n<tr style=\"height: 224px;\">\n<td style=\"width: 141.849%; height: 10px;\" colspan=\"4\"><span style=\"font-family: georgia, palatino, serif; font-size: 10pt; color: #000000;\"># Grapen Stieten, Moorhaus (heidehuis), 10 km ZW van Wismar<\/span><br \/>\n<span style=\"font-family: georgia, palatino, serif; font-size: 10pt; color: #000000;\">Scheneider u. Bedienter Grapen Stieten. Bij familie 2 broers: <span style=\"font-family: georgia, palatino, serif; font-size: 10pt;\">1. Ludwig H. C. F. v. Both (1743-1792), Wismar, \u221e B.A.R. v. Hopfgarten (1746-1796), dochter Ernestine Julie (1770-1806) \u221e Vieregge. 2. Carl Anthon v. Both (1746-1820), Hofr\u00e4th in Wismar, \u221e1 v.d. L\u00fche, \u221e2 v. Oertzen, dochter U. Frederika W.A. (1784-1852) \u221e1 Karl v. Stegemann, Zweeds officier, \u221e2 W.A.B. freiherr v. Klot genannt Trautvetter, Hofgerichtspr\u00e4sident Wismar.<\/span><br \/>\n<\/span><span style=\"font-family: georgia, palatino, serif; font-size: 10pt; color: #000000;\">Conci\u00ebrge<br \/>\nSchoolleraar Mittel-Wendorf<\/span><\/td>\n<\/tr>\n<tr style=\"height: 28px;\">\n<td style=\"height: 28px; background-color: #d5e8eb; text-align: center; width: 141.849%;\" colspan=\"4\"><a id=\"documenten\"><\/a><strong><span style=\"color: #000000;\">DOCUMENTEN<\/span><\/strong><\/td>\n<\/tr>\n<tr style=\"height: 83px;\">\n<td style=\"background-color: #ffffff; text-align: left; width: 141.849%; height: 83px;\" colspan=\"4\"><strong style=\"color: #000000; font-family: georgia, palatino, serif; font-size: 13.3333px; text-align: left;\">LAN<\/strong><span style=\"color: #000000; font-family: georgia, palatino, serif; font-size: 13.3333px; text-align: left;\">\u00a0<\/span><span style=\"color: #000000; font-family: georgia, palatino, serif; font-size: 13.3333px; text-align: left;\">= Landeskirchliches Archiv der Evangelisch-Lutherischen Kirche in Norddeutschland; <strong>\/M<\/strong> = Kirchenkreisarchiv Mecklenburg; <strong>\/P<\/strong> = Kirchenkreisarchiv Pommern.<br \/>\n<strong>LAS<\/strong> = Landeshauptarchiv Schwerin; \/<strong>V <\/strong>= Volksz\u00e4hlung.<\/span><\/td>\n<\/tr>\n<tr style=\"height: 223px;\">\n<td style=\"background-color: #ffffff; text-align: left; width: 9.91683%; height: 223px;\"><span style=\"font-family: georgia, palatino, serif; font-size: 10pt;\">LAN\/P, Stralsund St Marien, Taufen 1781-1815, Bild 52<\/span><\/td>\n<td style=\"background-color: #ffffff; text-align: left; height: 223px; width: 106.973%;\" colspan=\"2\"><em><span style=\"color: #000000; font-family: georgia, palatino, serif; font-size: 10pt;\"><span style=\"color: #0000ff;\"><a style=\"color: #0000ff;\" href=\"https:\/\/meijenfeldt.nl\/wp-content\/uploads\/2025\/02\/1788-Stralsund-doop-Marien.pdf\"># gratis, taufte dH. Past. Fabricius, pr. Dn. mag. Hilmers, Catharina Maria Vikken, ihren unehelichen Sohn Carl Wilhelm, gesamtl. Paten waren der Klempner Fried. Wilh. Wachsmuth, der feldthergeselle Carl Walter und Jungfr. Catharina B\u00f6hms. der Vater zu dem Kinde soll seyn der St\u00fcckjunker August School<\/a><\/span><\/span><\/em><\/td>\n<td style=\"background-color: #ffffff; text-align: left; width: 24.9587%; height: 223px;\"><span style=\"font-family: georgia, palatino, serif; font-size: 10pt; color: #000000;\">19-03-1788<\/span><br \/>\n<span style=\"font-family: georgia, palatino, serif; font-size: 10pt; color: #000000;\">21-03-1788<\/span><\/td>\n<\/tr>\n<tr style=\"height: 27px;\">\n<td style=\"background-color: #ffffff; text-align: left; width: 9.91683%; height: 27px;\"><span style=\"font-family: georgia, palatino, serif; font-size: 10pt; color: #000000;\">LAN\/M, Wismar St Marien, trouw fol 40\u00a0<\/span><\/td>\n<td style=\"background-color: #ffffff; text-align: left; height: 27px; width: 106.973%;\" colspan=\"2\"><em><span style=\"color: #0000ff; font-family: georgia, palatino, serif; font-size: 10pt;\"><a style=\"color: #0000ff;\" href=\"https:\/\/meijenfeldt.nl\/wp-content\/uploads\/2025\/03\/1807-Wismar-Marien-trouw.pdf\">Invocavit Reminiscere Oculi, bedienter Carl Wilhelm Meienfeldt, Dorothea Magdalena Carolina Teich, Schl\u00e4chter Teich in B\u00fctzow<\/a><\/span><\/em><\/td>\n<td style=\"background-color: #ffffff; text-align: left; width: 24.9587%; height: 27px;\"><span style=\"color: #000000; font-family: georgia, palatino, serif; font-size: 10pt;\">01-03-1807<\/span><\/td>\n<\/tr>\n<tr style=\"height: 167px;\">\n<td style=\"background-color: #ffffff; text-align: left; width: 9.91683%; height: 167px;\"><span style=\"font-family: georgia, palatino, serif; font-size: 10pt; color: #000000;\">LAN\/M, Wismar St Marien, doop fol 132<\/span><\/td>\n<td style=\"background-color: #ffffff; text-align: left; width: 106.973%; height: 167px;\" colspan=\"2\"><em><span style=\"color: #0000ff; font-family: georgia, palatino, serif; font-size: 10pt;\"><a style=\"color: #0000ff;\" href=\"https:\/\/meijenfeldt.nl\/wp-content\/uploads\/2025\/03\/1807-Wismar-Marien-doop.pdf\">bedienter Carl Wilhelm Meienfeldt, Dorothea Magdalena Carolina Teichen, Sophia Wilhelmina Francisca, 1. &#8230; <span style=\"font-family: georgia, palatino, serif;\">der Fr Landr\u00e4thin v. Both, 2. Hausfr. der Hr Oberjagmeisterin v. Hopfgarten, P.<\/span><span style=\"font-family: georgia, palatino, serif;\">\u00a0Haupt<\/span><\/a><\/span><\/em><\/td>\n<td style=\"background-color: #ffffff; text-align: left; width: 24.9587%; height: 167px;\"><span style=\"color: #000000; font-family: georgia, palatino, serif; font-size: 10pt;\">31-05-1807<br \/>\n25-05-1807<\/span><\/td>\n<\/tr>\n<tr style=\"height: 167px;\">\n<td style=\"background-color: #ffffff; text-align: left; width: 9.91683%; height: 167px;\"><span style=\"font-family: georgia, palatino, serif; font-size: 10pt; color: #000000;\">LAN\/M, Proseken, G\u00e4gelow, Wismar<\/span><\/td>\n<td style=\"background-color: #ffffff; text-align: left; width: 106.973%; height: 167px;\" colspan=\"2\"><em><span style=\"font-family: georgia, palatino, serif; font-size: 10pt; color: #000000;\">Meierfeld, Wilhelmina, Schullehrfrau in &#8230;-Wendorf, Schwering 89\u00bd J. Alter, comstablen Johann Carl Liebe in Schwerin Hanna Schramm.<\/span><\/em><\/td>\n<td style=\"background-color: #ffffff; text-align: left; width: 24.9587%; height: 167px;\"><span style=\"font-family: georgia, palatino, serif; font-size: 10pt;\"><span style=\"font-family: georgia, palatino, serif; font-size: 10pt;\"><span style=\"color: #000000;\">01-03-1864<br \/>\n06-03-1864<\/span><\/span><\/span><\/td>\n<\/tr>\n<tr style=\"height: 27px;\">\n<td style=\"background-color: #ffffff; text-align: left; width: 9.91683%; height: 27px;\"><span style=\"font-family: georgia, palatino, serif; font-size: 10pt; color: #000000;\">LAN\/M, Boitzenburg<\/span><\/td>\n<td style=\"background-color: #ffffff; text-align: left; height: 27px; width: 106.973%;\" colspan=\"2\"><span style=\"font-family: georgia, palatino, serif; font-size: 10pt; color: #000000;\">Verstorb:<em> Neu G\u00fclz &#8230; aus Wendorf bei Wismar Carl Wilhelm Meyerfeldt, <\/em>Geburtsort:<em> Stralsund, <\/em>Alter:<em> 80 J. 9 M. 24 T., <\/em>Krankheit:<em> Alterschw\u00e4che, <\/em>Eltern: <em>V: angebl. St\u00fcckjunker August (Meyerfeldt) genau&#8230;od in Stralsund, M: Catharina Maria Vick.<\/em><\/span><\/td>\n<td style=\"background-color: #ffffff; text-align: left; width: 24.9587%; height: 27px;\"><span style=\"font-family: georgia, palatino, serif; font-size: 10pt;\"><span style=\"font-family: georgia, palatino, serif; font-size: 10pt;\"><span style=\"color: #000000;\">15-01-1869<\/span><br \/>\n<span style=\"color: #000000;\">18-01-1869<\/span><\/span><\/span><\/td>\n<\/tr>\n<\/tbody>\n<\/table>\n","protected":false},"excerpt":{"rendered":"<p>PERSOONSDOSSIER \u2190 Kroniek\u00a0 \u00a0***\u00a0 \u00a0\u2193 Genealogie\u00a0 \u00a0***\u00a0 \u00a0\u2193 Levensloop\u00a0 \u00a0***\u00a0 \u00a0\u2193 Documenten GENEALOGIE W. Carl (Gustav) Wilhelm\u00a0Meijerfeldt, * Stralsund 19-03-1788, \u2248 St Marien 21-03-1788, \u2020 Neu G\u00fclze 15-01-1869 (80 jr), \u2261 Boitzenburg 18-01-1869, natuurlijke zoon van August School en Catharina Maria Vick (1767-1846), bediende, conci\u00ebrge, schoolleraar, \u221e1 Wismar St Marien 01-03-1807 Dorot\u00adhea Magdalena Catharina Tei\u00adch, &hellip; <a href=\"https:\/\/meijenfeldt.nl\/?page_id=71111\" class=\"more-link\">Verder lezen <span class=\"screen-reader-text\">W. Carl Wilhelm<\/span><\/a><\/p>\n","protected":false},"author":1,"featured_media":0,"parent":0,"menu_order":0,"comment_status":"closed","ping_status":"closed","template":"","meta":{"footnotes":""},"class_list":["post-71111","page","type-page","status-publish","hentry"],"_links":{"self":[{"href":"https:\/\/meijenfeldt.nl\/index.php?rest_route=\/wp\/v2\/pages\/71111","targetHints":{"allow":["GET"]}}],"collection":[{"href":"https:\/\/meijenfeldt.nl\/index.php?rest_route=\/wp\/v2\/pages"}],"about":[{"href":"https:\/\/meijenfeldt.nl\/index.php?rest_route=\/wp\/v2\/types\/page"}],"author":[{"embeddable":true,"href":"https:\/\/meijenfeldt.nl\/index.php?rest_route=\/wp\/v2\/users\/1"}],"replies":[{"embeddable":true,"href":"https:\/\/meijenfeldt.nl\/index.php?rest_route=%2Fwp%2Fv2%2Fcomments&post=71111"}],"version-history":[{"count":37,"href":"https:\/\/meijenfeldt.nl\/index.php?rest_route=\/wp\/v2\/pages\/71111\/revisions"}],"predecessor-version":[{"id":78977,"href":"https:\/\/meijenfeldt.nl\/index.php?rest_route=\/wp\/v2\/pages\/71111\/revisions\/78977"}],"wp:attachment":[{"href":"https:\/\/meijenfeldt.nl\/index.php?rest_route=%2Fwp%2Fv2%2Fmedia&parent=71111"}],"curies":[{"name":"wp","href":"https:\/\/api.w.org\/{rel}","templated":true}]}}