{"id":70764,"date":"2025-02-04T19:32:40","date_gmt":"2025-02-04T19:32:40","guid":{"rendered":"https:\/\/meijenfeldt.nl\/?page_id=70764"},"modified":"2026-02-27T11:05:04","modified_gmt":"2026-02-27T11:05:04","slug":"2-1-7-infanteristen","status":"publish","type":"page","link":"https:\/\/meijenfeldt.nl\/?page_id=70764","title":{"rendered":"3.4.6. Damgarten"},"content":{"rendered":"<p style=\"text-align: justify;\"><span style=\"color: #000000;\">Luitenant der huzaren <em style=\"color: #000000;\">Carl August von Meyenfeldt<\/em>\u00a0<\/span><span style=\"color: #000000;\">werd bij <\/span><span style=\"color: #000000;\">de adellijke familie Van Gendt <\/span><span style=\"color: #000000;\">in Nijmegen\u00a0<\/span><span style=\"color: #000000;\">ingekwartierd, nadat hij met <\/span><span style=\"color: #000000;\">de <\/span><span style=\"color: #000000;\">Pruisische veldtocht naar Holland de grens in 1787 was overgestoken.<\/span><span style=\"color: #000000;\">\u00a0<\/span><span style=\"color: #0000ff;\"><a style=\"color: #0000ff;\" href=\"#voetnoot\">(1)\u00a0<\/a><\/span><\/p>\n<p style=\"text-align: justify;\"><span style=\"color: #000000;\">De Pruisische veldtocht is bekend uit het Nederlandse schoolonderwijs. Tegen het einde van de Vierde Engels-Nederlandse Oorlog kwam in 1785 een alliantie met Frankrijk tot stand, namen de Patriotten het heft in de grote steden in handen en ontsloegen prins Willem V van Oranje als kapitein-generaal, die zich naar Nijmegen terugtrok. Zijn vrouw Wil\u00adhelmina van Pruisen wilde orde op zaken gaan stellen in Den Haag, maar werd bij Goejan\u00adverwellesluis staande gehouden en teruggestuurd. Zij bewoog haar broer de koning van Pruisen de Republiek te komen helpen. Onder leiding van veldmaarschalk hertog van Brunswijk arriveerden bijna 20.000 man op 13 september 1787 in Nijmegen, waar zich 6.000 stadhouderlijke huurlingen bevonden. Het grenadierbataljon van Bonin bleef achter als bescherming en werd bij de bewoners van Nijmegen ingekwartierd. Het leger trok langs de rivieren en veroverde binnen een maand Amsterdam. Verscheidene bij Am\u00adsterdam gele\u00adgerde batal\u00adjons traden in dienst van de Staten-Gene\u00adraal: op 22 februari 1788 2.906 man, op 5 mei van dat jaar nog een korps van 3 bataljons van totaal 1.000 man (2 batal\u00adjons muske\u00adtiers uit Rostock onder Von Glu\u00ebr en 1 bataljon grenadiers uit Schwerin onder Von Both) van hertog Fried\u00adrich Franz von Mecklen\u00adburg-Schwerin und G\u00fcstrow. Uiteindelijk keerden alle militairen in 1796 naar Duitsland terug<\/span><span style=\"color: #000000;\">. Bij geen van al deze militairen is de naam van Carl August aangetroffen. <\/span><span style=\"color: #0000ff;\"><a style=\"color: #0000ff;\" href=\"#voetnoot\">(2)<\/a><\/span><\/p>\n<p style=\"text-align: justify;\"><span style=\"color: #000000;\">Een luitenant met de iets andere naam <em>Carl Albrecht von Meyernfeldt <\/em>diende in die tijd wel in Pruisische dienst. Hij werd gedoopt <\/span><span style=\"color: #000000;\">op 19 januari 1746 <\/span><span style=\"color: #000000;\">in de Bartholomeuskerk va<\/span><span style=\"color: #000000;\">n Damgarten<\/span><span style=\"color: #000000;\">, een havenstad aan de monding van de grensrivier Recknitz, 40 km westelijk van Stralsund. Op 14-jarige leeftijd begon hij in Zweedse dienst. Hij was onder ritmeester von Quillfeldt huzaar gedurende het staartje van de Pommerse Oorlog, waarin graaf Johann August von Meijerfeldt jr luitenant-kolonel was. Aan het front bij Meijenkrebs voor Demmin kwamen de Pruisen zo sterk opzetten, dat hij op 16 december 1761 op zijn paard met zijn bagage deserteerde en vermoedelijk gelijk naar de Pruisische vijand overstak. <span style=\"color: #0000ff;\"><a style=\"color: #0000ff;\" href=\"#voetnoot\">(3)<\/a><\/span><\/span><\/p>\n<p style=\"text-align: justify;\"><span style=\"color: #000000;\">Zijn vader was Anthon von Meijerfeldt, van 1736 tot zijn overlijden in 1757 <\/span><span style=\"color: #000000;\">burgemeester, stadsrechter en secretaris van die stad. In het midden van diens achternaam\u00a0 stond regelmatig &#8220;<em>rn<\/em>&#8220;, &#8220;<em>ren<\/em>&#8221; of alleen &#8220;<em>n<\/em>&#8220;. <\/span><span style=\"color: #000000;\">De moeder van Carl Albrecht was op 16-jarige leeftijd getrouwd. Na hem werden Johanna Barbara in 1748, Anthon Siegmund in 1751 en Maria Elisabeth Henri\u00ebtte in 1754 geboren, die op 7 augustus 1814 in de Jerusalemskirche van Berlijn werd begraven. Hij had nog een zus<\/span><span style=\"color: #000000;\"> Louisa Christina, die in 1778 in Stralsund trouwde met Johann Karl von Kahlden, een lui\u00adtenant in Engelse dienst. Wellicht was Johann, koopman in 1764 en boekhouder van het Tabaksbestuur in Dam\u00adgarten in 1784 ook een broer. <span style=\"color: #0000ff;\"><a style=\"color: #0000ff;\" href=\"#voetnoot\">(4)<\/a><\/span><\/span><\/p>\n<p style=\"text-align: center;\"><img loading=\"lazy\" decoding=\"async\" class=\" wp-image-70953 aligncenter\" src=\"https:\/\/meijenfeldt.nl\/wp-content\/uploads\/2025\/02\/1760-Damgarten-271x300.jpg\" alt=\"\" width=\"399\" height=\"442\" srcset=\"https:\/\/meijenfeldt.nl\/wp-content\/uploads\/2025\/02\/1760-Damgarten-271x300.jpg 271w, https:\/\/meijenfeldt.nl\/wp-content\/uploads\/2025\/02\/1760-Damgarten.jpg 542w\" sizes=\"auto, (max-width: 399px) 100vw, 399px\" \/><em><span style=\"font-family: georgia, palatino, serif; font-size: 10pt; color: #000000;\">Damgarten in 1760, links de grensrivier, boven de Oostzee<\/span><\/em><\/p>\n<p style=\"text-align: justify;\"><span style=\"color: #000000;\">Anthon was een kleurrijke burgemeester. In het jaar dat hij begon vroeg hij het stadsbestuur van Stralsund een tabaks- en kaartenfabriek te mogen stichten. Vijf jaar later kritiseerde hij de stadsp<\/span><span style=\"color: #000000;\">astor Johann Heinrich Lockervitz om zijn haatpreken en drankzucht. Over patrones von Dechow op <\/span><span style=\"color: #000000;\">het grote slot P\u00fctnitz klaagde hij ook<\/span><span style=\"color: #000000;\">, bijvoorbeeld bij de aanstelling van de stadsdoodgraver Rudolph Schultze. Hij sprak schoolle<\/span><span style=\"color: #000000;\">raar Jacob Christoph Balthasar<\/span><span style=\"color: #000000;\"> aan over de oorvijg en bloedneus die hij zoon Carl Albrecht had bezorgd. Na zijn dood kwamen bij het kantongerecht Stralsund aanklachten binnen van <\/span><span style=\"color: #000000;\">Claude Riquer, koopman in galanterie\u00ebn, tegen <\/span><span style=\"color: #000000;\">zijn weduwe wegens achterstallige huur en tegen een zoon <\/span><span style=\"color: #000000;\">wegens wanbetaling<\/span><span style=\"color: #000000;\">. <\/span><span style=\"color: #0000ff;\"><a style=\"color: #0000ff;\" href=\"#voetnoot\">(5)<\/a><\/span><\/p>\n<p style=\"text-align: center;\"><span style=\"color: #000000; font-family: georgia, palatino, serif; font-size: 10pt;\"><span style=\"color: #0000ff;\"><a id=\"voetnoot\"><\/a><a style=\"color: #0000ff;\" href=\"https:\/\/meijenfeldt.nl\/?page_id=70268\">Terug<\/a><\/span>\u00a0\u00a0\u00a0***\u00a0 \u00a0<span style=\"color: #0000ff;\"><a style=\"color: #0000ff;\" href=\"https:\/\/meijenfeldt.nl\/?page_id=70820\">Verder<\/a><\/span><\/span><\/p>\n<p style=\"text-align: justify;\"><span style=\"color: #000000; font-family: georgia, palatino, serif; font-size: 10pt;\">1. V<\/span><span style=\"color: #000000; font-family: georgia, palatino, serif; font-size: 13.3333px;\">olgens j<\/span><span style=\"font-family: georgia, palatino, serif; font-size: 13.3333px;\">onkheer Van Gendt verwijzend naar een Deens adelsboek. <\/span><span style=\"color: #000000; font-family: georgia, palatino, serif; font-size: 10pt;\">Brief van Frits (Nk.33), Baarn 14 augustus 1984\u00a0[<\/span><span style=\"color: #0000ff; font-family: georgia, palatino, serif; font-size: 10pt;\"><a style=\"color: #0000ff;\" href=\"https:\/\/meijenfeldt.nl\/wp-content\/uploads\/2021\/11\/CH-039.pdf\">CH-39<\/a><\/span><span style=\"color: #000000; font-family: georgia, palatino, serif; font-size: 10pt;\">].<br \/>\n<\/span><span style=\"color: #000000; font-family: georgia, palatino, serif; font-size: 10pt;\">2. Brief van\u00a0Milit\u00e4rarchiv Bundesarchiv, Freiburg, 3 december 1990 [<span style=\"color: #0000ff;\"><a style=\"color: #0000ff;\" href=\"https:\/\/meijenfeldt.nl\/wp-content\/uploads\/2022\/01\/CH-177.pdf\">CH-177<\/a><\/span>], Mecklen\u00adbur\u00adgisches Lan\u00addeshauptarchiv Schwerin, 25 januari 1991 [<span style=\"color: #0000ff;\"><a style=\"color: #0000ff;\" href=\"https:\/\/meijenfeldt.nl\/wp-content\/uploads\/2022\/01\/CH-186.pdf\">CH-186<\/a><\/span>], Nieder\u00ads\u00e4chsi\u00adsches Staatsarchiv Wol\u00adfenb\u00fcttel, 29 januari 1991 [<span style=\"color: #0000ff;\"><a style=\"color: #0000ff;\" href=\"https:\/\/meijenfeldt.nl\/wp-content\/uploads\/2022\/01\/CH-198.pdf\">CH-198<\/a><\/span>] en Sectie Militaire Geschiedenis van de Koninklijke Landmacht, \u2018s-Gravenhage 11 januari 1996 [<span style=\"color: #0000ff;\"><a style=\"color: #0000ff;\" href=\"https:\/\/meijenfeldt.nl\/wp-content\/uploads\/2022\/02\/CH-278a.pdf\">CH-278a<\/a><\/span>]. T.Ph. von Pfau (vert.), \u201cGeschiedenis van de veldtogt der Pruissen, in Holland, in 1787\u201d, Amsterdam 1792. Th. von Troschke (vert.), \u201cDe Pruisische veld\u00adtocht in Nederland in den jare 1787\u201d, Gouda 1875. J.C. Wagner, \u201cMecklenburgsche troepen in Neder\u00adlandsche dienst 1788-1796\u201d. <span style=\"font-size: 10pt;\">Gerd Br\u00fcgmann, \u201cEin vermi\u00dftes Kirchenbuch taucht wieder auf\u201d, Zeitschrift f\u00fcr Niederdeutsche Familienkunde 1966, blz. 73-75. J.P.C.M. van Hoof, \u201cMilitairen in de Bataafs-Franse tijd\u201d, Jaarboek Centraal Bureau voor Genealogie 1995, pag. 204.<\/span><br \/>\n3. Krigsarkivet Stockholm, 0023\/0 Bl\u00e5 Putbus Husarenregiment 1555-1557, <span style=\"color: #0000ff;\"><a style=\"color: #0000ff;\" href=\"https:\/\/sok.riksarkivet.se\/bildvisning\/A0029740_00057#?c=&amp;m=&amp;s=&amp;cv=56&amp;xywh=53%2C382%2C4882%2C3565\">1761<\/a><\/span>,\u00a0<span style=\"color: #0000ff;\"><a style=\"color: #0000ff;\" href=\"https:\/\/sok.riksarkivet.se\/bildvisning\/A0029741_00266#?c=&amp;m=&amp;s=&amp;cv=265&amp;xywh=231%2C2034%2C2012%2C1469\">1762<\/a><\/span>\u00a0en\u00a0<span style=\"color: #0000ff;\"><a style=\"color: #0000ff;\" href=\"https:\/\/sok.riksarkivet.se\/bildvisning\/A0029742_00273#?c=&amp;m=&amp;s=&amp;cv=272&amp;xywh=-114%2C536%2C5215%2C3808\">1762<\/a><\/span>.<br \/>\n4. Briefwisseling in 2024 met Elmar Koch, <\/span><span style=\"color: #000000; font-family: georgia, palatino, serif; font-size: 13.3333px;\">beheerder kerkboeken Damgarten<\/span><span style=\"color: #000000; font-family: georgia, palatino, serif; font-size: 10pt;\">\u00a0[<\/span><span style=\"color: #0000ff; font-family: georgia, palatino, serif; font-size: 10pt;\"><a style=\"color: #0000ff;\" href=\"https:\/\/meijenfeldt.nl\/?page_id=61158\">CH-792<\/a><\/span><span style=\"color: #000000; font-family: georgia, palatino, serif; font-size: 10pt;\">]. <span style=\"font-size: 10pt;\">Evangelisches Pfarrambt Stralsund, St. Marien 1778\/203.<\/span><br \/>\n<\/span><span style=\"color: #000000; font-family: georgia, palatino, serif; font-size: 10pt;\">5. Stadtarchiv Stralsund 01.03.03.04.05. Rep. 3, Nrs. 6860 en 6887.<br \/>\n6. Bay HStA GR 1541\/7 Bay Franziskanerprovinz.<\/span><\/p>\n<p style=\"text-align: justify;\">N.B. Een tijdgenoot van vader Anthon was Johann Baptist Meiern. Hij werkte onder graaf T.A.R. von Harrach voor keizerin Maria Theresia en wed geadeld met de naam von Meyernfeldt. Zijn zoon Johann Ehrenfried Joachim, geboren 1741, was GeheimOberFinanzRat in Greifswald, ook dicht bij Stralsund. Op 18 april 1768 won hij 12 rijksdaalder en 12 groszer bij de 70ste trekking van de Koninklijk Pruisische Loterij. Hij verhuisde naar de Sch\u00fctzenstra\u03b2e 13 in Berlijn. Daar merkte hij hoe de Franse kolonie zijn armen van brandhout voorzag. Hij vroeg en kreeg in november 1779 toestemming om hetzelfde te doen voor de Duitse armen. Hij richtte statutair de \u201cGesellschaft deutscher Nation zur Versorgung wahrer Hausermen in Berlin mit Brennholz\u201d op. Gedurende 51 jaar was hij de leidende kracht van deze succesvolle en uitdijende beweging. In zijn testament van 1802 regelde hij dat 700 rijksdaalder staatsleningen vrijkwamen voor schrijfbehoeften. Dat gebeurde op 23 januari 1830 bij zijn overlijden. Drie dagen later was zijn begrafenis in de Jerusalemskirche in Berlijn.<\/p>\n<p style=\"text-align: justify;\">Twee broers Meyeren werden op 7 juni 1729 rijksridder von Meyernfeldt in Laxenburg. Anton Joseph was keizerlijk Konfinienzsekret\u00e4r in het koninkrijk Slavoni\u00eb (nu Kroati\u00eb). Broer Carl Roman hadeen hoofdadministrateur Maximilian Alram. Hij was onder andere tabaksondernemer en betrokken bij de Beierse opstand.\u00a0 In 1729 diende deze met Anton Joseph een smeekbede in bij landsvorst Maximalian II Emanuel. <span style=\"color: #0000ff;\"><a style=\"color: #0000ff;\" href=\"#voetnoot\">(6)<\/a><\/span><\/p>\n<p style=\"text-align: justify; padding-left: 40px;\"><span style=\"font-family: georgia, palatino, serif; font-size: 12pt;\">Wappen: Quadriert g. s. 1. u. 4. \u201eein aufrecht stehender halb doppelter schwartzer Adler mit offener Fl\u00fcgel roth aus\u00ac schlagenter Zungen und von sich spreitzenden Waffen zu ersehen ist\u201c (wahrscheinlich halber Doppeladler am Spalt) ; 2. u. 3. r. Balken aus dem drei gr. Tannen wachsen, unten zwei r. Rosen. Gekr\u00f6nter Turnier\u00ac helm: Zwischen zwei g. # \u2014 r. s. geteilten B\u00fcffelh\u00f6rnern wach\u00ac sender, b\u00e4rtiger geharnischter Mann, die Sturmhaube mit Reiherbusch besteckt, in der Rechten eine r. Rose an gr. -bebl\u00e4ttertem Stengel haltend. Decken: 4t g. \u2014 r. s.<\/span><\/p>\n<p style=\"text-align: justify;\"><span style=\"color: #000000;\">Joseph Leon von Meyernfeldt diende in 1730 een klacht in over het tabaksmonopolie van de Keurvorst van Beieren. Hij was in Wenen getrouwd met barones Theresia von Huberin en had bij haar drie in Wenen St. Ulrich of Widen gedoopte kinderen: Franci\u03b2ka, Theresia Cajetana en Maximilian.<\/span><\/p>\n<p style=\"text-align: justify;\"><span style=\"color: #000000;\">Johann von Meyernfeldt was in 1796, 1801 en 1806 tweede luitenant in de Koninklijke Pruisische Armee, eerst in Erlangen in een compagnie jagers onder majoor Von T\u00fcmpling in de Ansbach-Bayreuthische Inspection onder luitenant-generaal Erfprins van Hohenlohe, daarna in Westfalen. In 1809 wordt hij op verzoek afgedankt, nadat zijn regiment jagers te voet is opgeheven in verband met de Franse bezetting.<\/span> <span style=\"color: #0000ff;\"><a style=\"color: #0000ff;\" href=\"#voetnoot\">(7)<\/a><\/span><\/p>\n<p style=\"text-align: justify;\"><span style=\"color: #000000;\">Maria Theresia von Meyernfeldt overleed 1815, was in Trier-St. Gangolf getrouwd met Damian Friedrich Christian M\u00fcller<em>, <\/em>met wie zij in 1782 een zoon kreeg in de Berlijn Infanterie Regiment 13 kerk.<\/span><\/p>\n","protected":false},"excerpt":{"rendered":"<p>Luitenant der huzaren Carl August von Meyenfeldt\u00a0werd bij de adellijke familie Van Gendt in Nijmegen\u00a0ingekwartierd, nadat hij met de Pruisische veldtocht naar Holland de grens in 1787 was overgestoken.\u00a0(1)\u00a0 De Pruisische veldtocht is bekend uit het Nederlandse schoolonderwijs. Tegen het einde van de Vierde Engels-Nederlandse Oorlog kwam in 1785 een alliantie met Frankrijk tot stand, &hellip; <a href=\"https:\/\/meijenfeldt.nl\/?page_id=70764\" class=\"more-link\">Verder lezen <span class=\"screen-reader-text\">3.4.6. Damgarten<\/span><\/a><\/p>\n","protected":false},"author":1,"featured_media":0,"parent":0,"menu_order":0,"comment_status":"closed","ping_status":"closed","template":"","meta":{"footnotes":""},"class_list":["post-70764","page","type-page","status-publish","hentry"],"_links":{"self":[{"href":"https:\/\/meijenfeldt.nl\/index.php?rest_route=\/wp\/v2\/pages\/70764","targetHints":{"allow":["GET"]}}],"collection":[{"href":"https:\/\/meijenfeldt.nl\/index.php?rest_route=\/wp\/v2\/pages"}],"about":[{"href":"https:\/\/meijenfeldt.nl\/index.php?rest_route=\/wp\/v2\/types\/page"}],"author":[{"embeddable":true,"href":"https:\/\/meijenfeldt.nl\/index.php?rest_route=\/wp\/v2\/users\/1"}],"replies":[{"embeddable":true,"href":"https:\/\/meijenfeldt.nl\/index.php?rest_route=%2Fwp%2Fv2%2Fcomments&post=70764"}],"version-history":[{"count":64,"href":"https:\/\/meijenfeldt.nl\/index.php?rest_route=\/wp\/v2\/pages\/70764\/revisions"}],"predecessor-version":[{"id":78690,"href":"https:\/\/meijenfeldt.nl\/index.php?rest_route=\/wp\/v2\/pages\/70764\/revisions\/78690"}],"wp:attachment":[{"href":"https:\/\/meijenfeldt.nl\/index.php?rest_route=%2Fwp%2Fv2%2Fmedia&parent=70764"}],"curies":[{"name":"wp","href":"https:\/\/api.w.org\/{rel}","templated":true}]}}