{"id":7027,"date":"2017-10-28T09:26:37","date_gmt":"2017-10-28T09:26:37","guid":{"rendered":"http:\/\/meijenfeldt.nl\/?page_id=7027"},"modified":"2025-03-29T16:18:29","modified_gmt":"2025-03-29T16:18:29","slug":"3-6-3-oostenrijk","status":"publish","type":"page","link":"https:\/\/meijenfeldt.nl\/?page_id=7027","title":{"rendered":"4.5.3. Rest Duitse adel"},"content":{"rendered":"<p style=\"text-align: center;\"><span style=\"color: #800000; font-family: georgia, palatino, serif; font-size: 12pt;\"><strong>Von Meijernfeldt \/ Meyerenfeld<\/strong><\/span><\/p>\n<p style=\"text-align: justify;\"><span style=\"color: #000000; font-family: georgia, palatino, serif; font-size: 12pt;\">DD.a. <strong>Johann Baptist <\/strong>Meiern geadeld von M, werkt onder graaf T.A.R. von Harrach voor keizerin Maria Theresia, zoon:<\/span><\/p>\n<p style=\"text-align: justify;\"><span style=\"color: #000000; font-family: georgia, palatino, serif; font-size: 12pt;\">DD.a1. <strong>Johann Ehrenfried Joachim<\/strong>, * 1741\/2, <span style=\"font-family: georgia, palatino, serif; font-size: 12pt;\"><span style=\"color: #000000;\">\u2020Berlijn 23-01-1830, \u2261 Ev. Jerusalemskirche 26-01-1830,<\/span><\/span> GehOberFinanzRat, # Sch\u00fctzenstra\u00dfe 13, Berlin.<\/span><\/p>\n<p style=\"text-align: justify; padding-left: 40px;\"><span style=\"color: #000000; font-family: georgia, palatino, serif; font-size: 12pt;\">Zijn titel betekent koninklijk vertrouwd senior financieel adviseur. 18-04-1768 is de 70<sup>ste<\/sup> trekking van de Kon. Pruiss. Loterij in Berlijn. Von Meyernfeld in <\/span><span style=\"color: #000000; font-family: georgia, palatino, serif; font-size: 16px;\">Greifswald wint<\/span><span style=\"color: #000000; font-family: georgia, palatino, serif; font-size: 16px;\"> 12 Reichsthaler en 12 Gro\u03b2er.<\/span><\/p>\n<p style=\"text-align: justify; padding-left: 40px;\"><span style=\"color: #000000; font-family: georgia, palatino, serif; font-size: 12pt;\">Hij ziet in Berlijn hoe de Franse kolonie zijn armen van brandhout voorziet, vraagt en krijgt in november 1779 toestemming om hetzelfde te doen voor de Duitse armen en richt statutair de \u201cGesellschaft deutscher Nation zur Versorgung wahrer Hausermen in Berlin mit Brennholz\u201d op. Gedurende 51 jaar is hij leidende kracht van deze succesvolle en uitdijende beweging. Maakt in 1802 zijn testament op, ten gevolge waarvan bij zijn overlijden in 1830 een bedrag van 700 rijksdaalder staatsleningen vrijkomt voor schrijfbehoeften.<\/span><\/p>\n<p style=\"text-align: justify;\"><span style=\"color: #000000; font-family: georgia, palatino, serif; font-size: 12pt;\">DD.b. <strong>N.N.<\/strong> Meyeren, <\/span><span style=\"color: #000000; font-family: georgia, palatino, serif; font-size: 12pt;\">kinderen:<\/span><\/p>\n<p style=\"text-align: justify;\"><span style=\"color: #000000; font-family: georgia, palatino, serif; font-size: 12pt;\">DD.b1. <strong>Anton Joseph<\/strong>, keizerlijk Konfinienzsekret\u00e4r, koninkrijk Slavoni\u00eb (nu in Kroati\u00eb), <span style=\"color: #000000; font-family: georgia, palatino, serif; font-size: 16px;\">rijksridder von M, Laxenburg 07-06-1729<\/span>.<\/span><\/p>\n<p style=\"text-align: justify;\"><span style=\"color: #000000; font-family: georgia, palatino, serif; font-size: 12pt;\">DD.b2. <strong>Carl Roman<\/strong>, <span style=\"color: #000000; font-family: georgia, palatino, serif; font-size: 16px;\">rijksridder von M, Laxenburg 07-06-1729<\/span><\/span><\/p>\n<p style=\"padding-left: 40px; text-align: justify;\"><span style=\"font-family: georgia, palatino, serif; font-size: 12pt;\">Wappen: Quadriert g. s. 1. u. 4. \u201eein aufrecht stehender halb doppelter schwartzer Adler mit offener Fl\u00fcgel roth aus\u00ac schlagenter Zungen und von sich spreitzenden Waffen zu ersehen ist\u201c (wahrscheinlich halber Doppeladler am Spalt) ; 2. u. 3. r. Balken aus dem drei gr. Tannen wachsen, unten zwei r. Rosen. Gekr\u00f6nter Turnier\u00ac helm: Zwischen zwei g. # \u2014 r. s. geteilten B\u00fcffelh\u00f6rnern wach\u00ac sender, b\u00e4rtiger geharnischter Mann, die Sturmhaube mit Reiherbusch besteckt, in der Rechten eine r. Rose an gr. -bebl\u00e4ttertem Stengel haltend. Decken: 4t g. \u2014 r. s.<\/span><\/p>\n<p style=\"padding-left: 40px; text-align: justify;\"><span style=\"font-family: georgia, palatino, serif; font-size: 12pt;\">Carl Roman had een hoofdadministrateur genaamd Maximilian Alram. Hij was onder andere tabaksondernemer en betrokken bij de Beierse opstand.\u00a0 In 1729 diende deze met Anton Joseph een smeekbede in bij landsvorst Maximalian II Emanuel (BayHStA GR 1541\/7 (Bay. Franziskanerprovinz).<sup id=\"cite_ref-2\" class=\"reference\"><\/sup><\/span><\/p>\n<p style=\"text-align: justify;\"><span style=\"font-family: georgia, palatino, serif; font-size: 12pt;\">DD.c. <strong>N.N.<\/strong>, 1745-1747 notaris in Wismar en Daskow bij Hertog Carl Leopold van Mecklenburg en Koninklijk Zweeds Tribunaal. <span style=\"color: #0000ff;\"><a style=\"color: #0000ff;\" href=\"#voetnoot\">(3)<\/a><\/span><\/span><\/p>\n<p style=\"text-align: justify;\"><span style=\"color: #000000; font-family: georgia, palatino, serif; font-size: 12pt;\">DD.d. <strong>Joseph <\/strong>von Meyerenfeld, k.k. Ober-Leutenant, klacht over tabaksmonopolie aan de Keurvorst van Beieren 1730, \u221e Wenen barones <em>Theresia von Hueber<\/em>, kinderen:<\/span><\/p>\n<p><span style=\"font-family: georgia, palatino, serif; font-size: 12pt; color: #000000;\">DD.d1. <strong>Franci\u03b2ka<\/strong>, \u2248 Wenen, St. Ulrich 23-11-1779.<\/span><\/p>\n<p><span style=\"font-family: georgia, palatino, serif; font-size: 12pt; color: #000000;\">DD.d2. <strong>Maximilian<\/strong>, \u2248 Wenen, St. Ulrich 29-09-1781.<\/span><\/p>\n<p>DD.d3. <span style=\"font-family: georgia, palatino, serif; font-size: 12pt; color: #000000;\"><strong>Theresia Cajetana<\/strong>, \u2248 Wenen, Wieden (Paulanenkirche) 20-12-1783.<\/span><\/p>\n<p><span style=\"color: #000000; font-size: 12pt;\"><span style=\"font-family: georgia, palatino, serif;\">DD.e. <strong>Joseph<\/strong> Meyern von Meyernfeld,\u00a0<\/span><br \/>\n<\/span><\/p>\n<p style=\"padding-left: 40px;\"><span style=\"color: #000000; font-family: georgia, palatino, serif; font-size: 12pt;\">Koninklijke Infanterie Beieren, kroonprins, 1766 Kadet, 1773 examen, 1775 Fahnenjunker, Unterluitenant, 1777 F\u00fchrer, 1778 afscheid.<\/span><\/p>\n<p style=\"text-align: justify;\"><span style=\"font-family: georgia, palatino, serif; font-size: 12pt;\">DD.f. <b>Anton<\/b>, \u2020Damgarten 1757, vanaf <\/span><span style=\"font-family: georgia, palatino, serif; font-size: 16px;\">1736 B<\/span><span style=\"font-family: georgia, palatino, serif; font-size: 12pt;\">urgemeester, Stadtrichter, Secretarius van Damgarten, T<\/span><span style=\"font-family: georgia, palatino, serif; font-size: 16px;\">abakshande\u00adlaar,<\/span><span style=\"font-family: georgia, palatino, serif; font-size: 16px;\"> \u221e <em>N.N.<\/em>, \u2020 na 1765, <\/span><span style=\"font-family: georgia, palatino, serif; font-size: 12pt;\">kinderen:<\/span><\/p>\n<p style=\"text-align: justify;\"><span style=\"font-family: georgia, palatino, serif; font-size: 12pt;\">DD.f1. <strong>Carl Albrecht<\/strong>, * Damgarten \u2248 19-01-1746, geen getuigen genoemd. 1760 huzaar <span style=\"color: #000000; font-family: georgia, palatino, serif; font-size: 12pt;\">Zweeds eskadron Quillenstedt in Pommerse Oorlog, 1787 luitenant bij huzaren tijdens Pruisische veldtocht in Holland<\/span><span style=\"color: #000000; font-family: georgia, palatino, serif; font-size: 12pt;\">.<\/span><\/span><\/p>\n<p style=\"text-align: justify;\"><span style=\"font-family: georgia, palatino, serif; font-size: 12pt;\">DD.f2. <strong>Johanna Barbara<\/strong>, * Damgarten, \u2248 08-01-1748, getuigen Frl. von Pl\u00fcsckow, Frl. Barbara von Buchwald, Herr Sergeant von Elgten.<\/span><\/p>\n<p style=\"text-align: justify;\"><span style=\"font-family: georgia, palatino, serif; font-size: 12pt;\">DD.f3. <strong>Anthon Siegmund<\/strong>, * Damgarten, \u2248 24-04-1751, getuigen Rittm. von Schwartz auf Unruh, Herr Dr. Haselberg in Greifswald, Frau Kanzlistin Rosenow in Greifswald.<\/span><\/p>\n<p style=\"text-align: justify;\"><span style=\"font-family: georgia, palatino, serif; font-size: 12pt;\">DD.f4. <strong>Maria Elisabeth Henri\u00ebtte<\/strong>, * Damgarten, \u2248 20-02-1754,<span style=\"color: #000000; font-family: georgia, palatino, serif; font-size: 12pt;\">\u2020 Berlijn 03-08-1814, \u2261 Ev. Jerusalemskirche 07-08-1814.<\/span><\/span><\/p>\n<p style=\"text-align: justify;\"><span style=\"font-family: georgia, palatino, serif; font-size: 12pt;\">DD.f5. <b>Louisa Christina<\/b>, * Damgarten, \u221e Stralsund (St Marien) 16-03-1778 Johann Karl von Kahlden, lui\u00adtenant in Engelse dienst.<\/span><\/p>\n<p style=\"text-align: justify;\"><span style=\"font-family: georgia, palatino, serif; font-size: 12pt;\">DD.f?. <b>Johann<\/b>, Kaufdiener 1764, boekhouder Tabaksbestuur Dam\u00adgarten 1784.<\/span><\/p>\n<p style=\"text-align: justify;\"><span style=\"font-family: georgia, palatino, serif; font-size: 12pt;\">DD.g. <strong>Maria Theresia<\/strong>,\u00a0<\/span><span style=\"color: #000000; font-family: georgia, palatino, serif; font-size: 16px;\">\u2020 1815, \u221e Trier-St. Gangolf v\u00f3\u00f3r 1810\u00a0<\/span><em style=\"color: #000000; font-family: georgia, palatino, serif; font-size: 16px;\">Damian <\/em><em style=\"font-family: georgia, palatino, serif; font-size: 12pt;\">Friedrich Christian M\u00fcller, <\/em><span style=\"font-family: georgia, palatino, serif; font-size: 12pt;\">(samen zoon * Berlijn Infanterie Regiment 13 kerk 1782).<\/span><\/p>\n<p style=\"text-align: center;\"><span style=\"color: #800000; font-family: georgia, palatino, serif; font-size: 12pt;\"><strong>Overig<\/strong><\/span><\/p>\n<p style=\"text-align: justify;\"><span style=\"font-family: georgia, palatino, serif; font-size: 12pt;\">DD.i. <b><strong>Dieterich (Diricus) <\/strong><\/b>von Meyenfeld, leenman Altniederwied 1319-1329, burger van Hannover 1315.<\/span><\/p>\n<p style=\"padding-left: 40px; text-align: justify;\"><span style=\"font-size: 12pt; font-family: georgia, palatino, serif;\"><span style=\"color: #000000;\">Op de burcht Wied, een kleine 30 km van Bonn, bezit Dieterich\u00a0leenrechten. Het gaat om Altniederwied dat\u00a0aan de graven van Wied toebehoort. Hij\u00a0bezit de\u00a0rechten enkele aaneensluitende perioden, in elk geval vanaf 1319 en uiterlijk tot 1329.\u00a0\u00a0Graaf Wilhelm I von Wied trouwt\u00a0dat jaar met Agnes von Birneburg, wier vader Dieterich\u2019s leen afkoopt en als huwelijksgift aan zijn dochter meegeeft, waardoor het leengoed (weer) in \u00e9\u00e9n hand valt.<\/span> <a href=\"#voetnoot\"><span style=\"color: #0000ff;\">(1)<\/span><\/a><\/span><\/p>\n<p style=\"text-align: justify;\"><span style=\"font-family: georgia, palatino, serif; font-size: 12pt;\">DD.j. <strong>N.N.<\/strong> von Meyenfeldt, Hannover, kinderen:<\/span><\/p>\n<p style=\"text-align: justify;\"><span style=\"font-family: georgia, palatino, serif; font-size: 12pt;\">DD.j1. <b>Adelheid<\/b>, \u2020 Hannover 1505, \u221e ca 1484 <em>Diet\u00adrich vom Sode sr<\/em>, Raads\u00adheer en Gezworene van de stad Hanno\u00adver.<\/span><\/p>\n<p style=\"text-align: justify;\"><span style=\"font-family: georgia, palatino, serif; font-size: 12pt;\">DD.j2. <b>Hans<\/b>, \u2020 Hannover v\u00f3\u00f3r 1505, \u221e <em>Gesche Gock\u00adholt<\/em>, \u2020 Hanno\u00adver 1505\u00ad.<\/span><\/p>\n<p style=\"padding-left: 40px; text-align: justify;\"><span style=\"font-size: 12pt; font-family: georgia, palatino, serif;\"><span style=\"color: #000000;\">Misschien is\u00a0Hans\u00a0van de gilde van de schoenmakers, die in 1445 een protocol opmaakt van de discussie tussen de Raad en de oppositie over de politieke macht in de stad Hannover.<\/span> <a href=\"#voetnoot\"><span style=\"color: #0000ff;\">(2)<\/span><\/a><\/span><\/p>\n<p style=\"text-align: justify;\"><span style=\"font-family: georgia, palatino, serif; font-size: 12pt;\"><span style=\"color: #000000; text-align: justify;\">DD.k. <\/span><b style=\"color: #000000; text-align: justify;\">Berchtold<\/b><span style=\"color: #000000; text-align: justify;\">\u00a0Mayer von Mayerfeld, rijksadel Neustadt 27-11-1634, dan 18 jaar vaandrig regiment Heinrich von Schlick, verkrijgt roodzegelprivilege, wapen in Siebmacher IV 128 nr. 1.<\/span><\/span><\/p>\n<p style=\"text-align: justify;\"><span style=\"font-family: georgia, palatino, serif; font-size: 12pt;\">DD.l.<strong> Heinrich <\/strong>Meyer geadeld Von Meyerfeld, 03-09-1707, Bohemen.<\/span><\/p>\n<p style=\"text-align: justify;\"><span style=\"font-family: georgia, palatino, serif; font-size: 12pt;\">DD.m. <strong>N.N.<\/strong> von Meyerfeld, L\u00fcneburgische Wachtmeister, \u2261 Kirch L\u00fcblow, Ludwigslust 14\u201304-1725.<\/span><\/p>\n<p style=\"text-align: justify;\"><span style=\"font-family: georgia, palatino, serif; font-size: 12pt;\"><span style=\"color: #000000;\">DD.n. <strong>N.N.<\/strong>, von Mayersfeld,\u00a0<\/span><span style=\"color: #000000;\">rijksridder,<\/span><span style=\"color: #000000;\">\u00a0<\/span><span style=\"color: #000000;\">zonen:<\/span><\/span><\/p>\n<p style=\"text-align: justify;\"><span style=\"color: #000000; font-family: georgia, palatino, serif; font-size: 12pt;\">DD.n1. <strong>Joseph Anton, <\/strong>\u2020 12-03-1738, \u221e <em>Maria Ludivika<\/em> barones <em>Morawetz, <\/em>\u2020 na 1739, tussen 19-09-1731 en 09-05-1739 via koopovereenkomsten eigenaar landgoed Czettechowitz (<em>Cetechovice<\/em>) in Moravi\u00eb.<\/span><\/p>\n<p style=\"text-align: justify;\"><span style=\"color: #000000; font-family: georgia, palatino, serif; font-size: 12pt;\">DD.n2. <strong>Georg<\/strong>, Olm\u00fctz (<em>Olomouc<\/em>). Domheer, Scholastikus, erft Czettechowitz van zijn broer, maar schenkt het aan zijn weduwe-schoonzus.<\/span><\/p>\n<p style=\"padding-left: 40px; text-align: justify;\"><span style=\"font-family: georgia, palatino, serif; font-size: 12pt;\"><span style=\"color: #000000;\">Waarschijnlijk is een zoon van Joseph Anton majoor in het Neipperg infanterieregiment. Op 1 mei 1760 commandeert hij het garnizoensbataljon te Olm\u00fctz in de Zevenjarige Oorlog. Toen de Pruisische vijand in de vesting Glatz capituleerde, ging hij daar met een deel van zijn garnizoen naar toe. Op 1 januari 1761 krijg hij het bevel over het gehele regiment. Hij kreeg opdracht met het regiment naar Dresden op te trekken en na <\/span><span style=\"color: #000000;\">nog veel marsen bracht <\/span><span style=\"color: #000000;\">de Vrede van Hubertusburg zijn regiment in de nieuwe garnizoensplaats Leipnik.<\/span><\/span><\/p>\n<p style=\"text-align: justify;\"><span style=\"color: #000000; font-family: georgia, palatino, serif; font-size: 12pt;\">DD.o.<strong> Karl Lorenz <\/strong>Mayer geadeld Von Mayerfeld, koopt in 1833 de Hofmark Gerzen en Aham (LK Landshut), samen met Mangern, Johannesbrunn en Loizenkirchen, onderdeel van Egglkofen bij Vlisbiburg in Beieren.<\/span><\/p>\n<p style=\"text-align: justify;\"><span style=\"color: #000000; font-family: georgia, palatino, serif; font-size: 12pt;\">DD.p. <strong>Johann Michael Heinrich <\/strong>von Mayersfeld, Dr., Stabs-Feld-Artz in der Armee, K\u00f6niggr\u00e4tz en\u00a0Praag 1820.<\/span><\/p>\n<p style=\"text-align: justify;\"><span style=\"color: #000000; font-family: georgia, palatino, serif; font-size: 12pt;\">DD.r.<strong>\u00a0Joseph <\/strong>Maykammer geadeld von Mayenfeld 02<strong>\u2013<\/strong>03-1770<strong>,\u00a0<\/strong>ritmeester bij het k.k. Cuiras\u00adsierregiment Vo\u00adghera, Bohemen.<\/span><\/p>\n<p style=\"text-align: justify;\"><span style=\"color: #000000; font-family: georgia, palatino, serif; font-size: 12pt;\">DD.s. <b>Johann Nepomuk \/ Valentin\u00a0<\/b>Niedermann geadeld von Mayenfeld 11-04-1810, \u2020 Gr\u00e4tz (pension) 08-05-1819, k.-k. overste Deutschmeister infanterieregiment Bohemen, dochter:<\/span><\/p>\n<p style=\"padding-left: 40px;\"><span style=\"color: #000000; font-size: 12pt; font-family: georgia, palatino, serif;\">Wiener Zeitung, Anspruch, <a style=\"color: #000000;\" href=\"http:\/\/anno.onb.ac.at\/cgi-content\/anno?aid=wrz&amp;datum=18190701&amp;query=%22mayerfeld%22&amp;ref=anno-search&amp;seite=10\"><span style=\"color: #0000ff;\">01-07-1819<\/span>\u00a0<\/a><\/span><\/p>\n<p style=\"text-align: justify;\"><span style=\"color: #000000; font-family: georgia, palatino, serif; font-size: 12pt;\">DD.s1. <strong>Clementina<\/strong>, * na 1827, \u221e\u00a0<em>Iordache Catargi, <\/em>zoon van \u015etefan Catargi en Safta Negri, twee kinderen.<\/span><\/p>\n<p style=\"text-align: justify;\"><span style=\"color: #000000; font-family: georgia, palatino, serif; font-size: 12pt;\">DD.t. <strong>Vincenz <\/strong>von Mayersfeld, ridder in adelstand, k.k. ritmeester, qua-garnisons Auditeur 1833 koninkrijk Illyri\u00eb, provincie Laibacher.<\/span><\/p>\n<p style=\"text-align: justify;\"><span style=\"color: #000000; font-family: georgia, palatino, serif; font-size: 12pt;\">DD.u.<strong> Therese<\/strong> von Mayersfeld<strong>,<\/strong> politiek activiste van de 1848-beweging.<\/span><\/p>\n<p style=\"text-align: center;\"><span style=\"font-family: georgia, palatino, serif; font-size: 10pt; color: #000000;\"><span style=\"color: #0000ff;\"><a id=\"voetnoot\"><\/a>T<a style=\"color: #0000ff;\" href=\"https:\/\/meijenfeldt.nl\/?page_id=2416\">erug<\/a><\/span>\u00a0 \u00a0***\u00a0 \u00a0<span style=\"color: #0000ff;\"><a style=\"color: #0000ff;\" href=\"https:\/\/meijenfeldt.nl\/?page_id=52672\">Verder<\/a><\/span><\/span><\/p>\n<p style=\"text-align: justify;\"><span style=\"font-family: georgia, palatino, serif; font-size: 10pt;\">1. Fischer, \u201cGeschlechts=Register der uralten deutschen Reichsst\u00e4ndigen H\u00e4user Isenburg, Wied und Kunkel\u201d, Neuwied 1774.<br \/>\n2. W. Ollrog, \u201cNieders\u00e4chsisches Geschlechterbuch\u201d, deel 12, Limburg a\/d Lahn 1971, pag. 344 en 351. Stadtarchiv Hannover B8273, J\u00fcrgens Chronik, pag. 86-92, Meyenfeld\u2019sche Bericht (verloren gegaan boek).<br \/>\n3. \u201cVollst\u00e4ndige Samlung von Actis Publicis und Staats Schriften (\u2026) unter Kayser Franz\u201d, deel 5, Frankfurt am Main 1751. <span style=\"color: #0000ff;\"><a style=\"color: #0000ff;\" href=\"https:\/\/books.google.nl\/books?id=Cma47mmK_LUC&amp;pg=PA200&amp;lpg=PA200&amp;dq=Meyernfeldt&amp;source=bl&amp;ots=NY0xsaj-JW&amp;sig=ACfU3U2EydMubaxDqzBPK_lQQSmqUY_AKw&amp;hl=nl&amp;sa=X&amp;ved=2ahUKEwjm8OKcksnuAhXD6aQKHbnRAP04FBDoATAIegQIBxAC#v=onepage&amp;q=Meyernfeldt&amp;f=false\">pag. 199-204<\/a><\/span>. Mandaten\u00a09 en 28 juli 1745 bij het Tibunal tegenover bewindvoerder St\u00fcbner. Evangelisches Pfarrambt Stralsund, St. Marien 1778\/203. Stadtarchiv Wismar, Procesakten des Tribunals 1653-1803, nr. 2291 (7).<br \/>\n4. O<span style=\"color: #000000;\">.T. von Hefner, \u201cStammbuch des bl\u00fchenden und abge\u00adstornbenen Adels in Deuts\u00adchland\u201d, Regensburg 1865, deel II, pag. 45, met verwijzing naar Von Hellbachs Adelslexicon.<br \/>\n5. J.F. Gauhe, \u201cDes Heil. R\u00f6m. Reichs Genea\u00adlogisch-Histo\u00adrischen Adels-Lexici\u201d, Leipzig 1747, deel II, pag. 727-728.<br \/>\n<\/span>Evangelisches Pfarrambt Stralsund, St Marien 1846\/13; St J\u00fcrgen 1875\/121 en 1895\/588. Stadtarchiv Stralsund, Rep. 30, doc. 268.<\/span><\/p>\n","protected":false},"excerpt":{"rendered":"<p>Von Meijernfeldt \/ Meyerenfeld DD.a. Johann Baptist Meiern geadeld von M, werkt onder graaf T.A.R. von Harrach voor keizerin Maria Theresia, zoon: DD.a1. Johann Ehrenfried Joachim, * 1741\/2, \u2020Berlijn 23-01-1830, \u2261 Ev. Jerusalemskirche 26-01-1830, GehOberFinanzRat, # Sch\u00fctzenstra\u00dfe 13, Berlin. Zijn titel betekent koninklijk vertrouwd senior financieel adviseur. 18-04-1768 is de 70ste trekking van de Kon. &hellip; <a href=\"https:\/\/meijenfeldt.nl\/?page_id=7027\" class=\"more-link\">Verder lezen <span class=\"screen-reader-text\">4.5.3. Rest Duitse adel<\/span><\/a><\/p>\n","protected":false},"author":1,"featured_media":0,"parent":0,"menu_order":0,"comment_status":"closed","ping_status":"closed","template":"","meta":{"footnotes":""},"class_list":["post-7027","page","type-page","status-publish","hentry"],"_links":{"self":[{"href":"https:\/\/meijenfeldt.nl\/index.php?rest_route=\/wp\/v2\/pages\/7027","targetHints":{"allow":["GET"]}}],"collection":[{"href":"https:\/\/meijenfeldt.nl\/index.php?rest_route=\/wp\/v2\/pages"}],"about":[{"href":"https:\/\/meijenfeldt.nl\/index.php?rest_route=\/wp\/v2\/types\/page"}],"author":[{"embeddable":true,"href":"https:\/\/meijenfeldt.nl\/index.php?rest_route=\/wp\/v2\/users\/1"}],"replies":[{"embeddable":true,"href":"https:\/\/meijenfeldt.nl\/index.php?rest_route=%2Fwp%2Fv2%2Fcomments&post=7027"}],"version-history":[{"count":118,"href":"https:\/\/meijenfeldt.nl\/index.php?rest_route=\/wp\/v2\/pages\/7027\/revisions"}],"predecessor-version":[{"id":71901,"href":"https:\/\/meijenfeldt.nl\/index.php?rest_route=\/wp\/v2\/pages\/7027\/revisions\/71901"}],"wp:attachment":[{"href":"https:\/\/meijenfeldt.nl\/index.php?rest_route=%2Fwp%2Fv2%2Fmedia&parent=7027"}],"curies":[{"name":"wp","href":"https:\/\/api.w.org\/{rel}","templated":true}]}}