{"id":70268,"date":"2025-01-21T09:32:13","date_gmt":"2025-01-21T09:32:13","guid":{"rendered":"https:\/\/meijenfeldt.nl\/?page_id=70268"},"modified":"2026-03-14T14:07:23","modified_gmt":"2026-03-14T14:07:23","slug":"2-1-1-karlskrona","status":"publish","type":"page","link":"https:\/\/meijenfeldt.nl\/?page_id=70268","title":{"rendered":"3.4.5. Maienfeld"},"content":{"rendered":"<p style=\"text-align: justify;\"><span style=\"color: #000000;\">Toen de stamvader in 1793 voor het eerst op de rol van de Admiraliteit van Amsterdam verscheen en zich in 1800 in Amsterdam vestigde, was zijn leeftijdgenoot <em>Rudolph Anthony de Salis <\/em>stadsbestuurder in Breda. Vaak werd <em>Maienfeld<\/em> toegevoegd, naar hun Zwitserse <\/span><span style=\"color: #000000;\">heerschap en stadje aan de Rijn, waar zijn <\/span><span style=\"color: #000000;\">tak van <\/span><span style=\"color: #000000;\">dit omvangrijke adellijke geslacht naar vernoemd was<\/span><span style=\"color: #000000;\">. Hij kreeg 11 kinderen bij zijn vrouw, totdat zij op 36-jarige leeftijd overleed in 1802.\u00a0 <\/span><\/p>\n<table style=\"border-collapse: collapse; width: 100%;\">\n<tbody>\n<tr>\n<td style=\"width: 50%; text-align: center;\"><img loading=\"lazy\" decoding=\"async\" class=\"aligncenter size-medium wp-image-78932\" src=\"https:\/\/meijenfeldt.nl\/wp-content\/uploads\/2026\/03\/GSM.983-Rudolph-Anthony-197x300.jpg\" alt=\"\" width=\"197\" height=\"300\" srcset=\"https:\/\/meijenfeldt.nl\/wp-content\/uploads\/2026\/03\/GSM.983-Rudolph-Anthony-197x300.jpg 197w, https:\/\/meijenfeldt.nl\/wp-content\/uploads\/2026\/03\/GSM.983-Rudolph-Anthony.jpg 321w\" sizes=\"auto, (max-width: 197px) 100vw, 197px\" \/><span style=\"color: #000000; font-family: georgia, palatino, serif; font-size: 10pt;\"><span style=\"color: #000000; font-family: georgia, palatino, serif; font-size: 10pt;\"><em>Rudolph Anthony von Salis-Mayenfeld<br \/>\n<\/em>1761-1851<br \/>\n<span style=\"font-size: 8pt;\">RKD Den Haag, <\/span><\/span><\/span><span style=\"color: #000000;\"><span class=\"sc-gpHbIA jJQVAg\" style=\"font-size: 8pt;\"><span style=\"font-family: georgia, palatino, serif;\">IB<\/span> <\/span><span style=\"font-size: 8pt;\">36736<\/span><\/span><\/td>\n<td style=\"width: 50%; text-align: center;\"><img loading=\"lazy\" decoding=\"async\" class=\"aligncenter size-medium wp-image-78936\" src=\"https:\/\/meijenfeldt.nl\/wp-content\/uploads\/2026\/03\/GSM.983-Hilgers-216x300.jpg\" alt=\"\" width=\"216\" height=\"300\" srcset=\"https:\/\/meijenfeldt.nl\/wp-content\/uploads\/2026\/03\/GSM.983-Hilgers-216x300.jpg 216w, https:\/\/meijenfeldt.nl\/wp-content\/uploads\/2026\/03\/GSM.983-Hilgers.jpg 360w\" sizes=\"auto, (max-width: 216px) 100vw, 216px\" \/><span style=\"font-family: georgia, palatino, serif; font-size: 10pt; color: #000000;\"><span class=\"C9DxTc \"><em>Mauritia Theodora Hilgers<\/em><br \/>\n<\/span><span class=\"C9DxTc \">1765-1802<br \/>\n<span style=\"font-size: 8pt;\">RKD Den Haag, <\/span><span style=\"color: #000000;\"><span class=\"sc-gpHbIA jJQVAg\" style=\"font-size: 8pt;\"><span style=\"font-family: georgia, palatino, serif;\">IB<\/span> 36737<\/span><\/span><br \/>\n<\/span><\/span><\/td>\n<\/tr>\n<\/tbody>\n<\/table>\n<p style=\"text-align: justify;\"><span style=\"color: #000000;\">Zijn grootvader was in 1686 geboren in Maienfeld, de derde stad aan de Rijn, waar het kanton Grau\u00adb\u00fcnden grenst aan het vorstendom Liech\u00adtenstein. D<\/span><span style=\"color: #000000;\">e openingszin van het wereldberoemde boek Heidi luidt <\/span><span style=\"color: #000000;\"><em>Vom freundlich gelegenen alten St\u00e4dchen Maienfeld aus f\u00fcrt ein Fussweg durch gr\u00fcne, baumereiche Fluren bis zum\u2026 <\/em><\/span><span style=\"color: #000000;\">Het hele boek speelt zich in dit gebied af. <span style=\"color: #0000ff;\"><a style=\"color: #0000ff;\" href=\"#voetnoot\">(1)<\/a><\/span><\/span><\/p>\n<p style=\"text-align: justify;\"><span style=\"color: #000000;\">De familie <span style=\"color: #0000ff;\"><span style=\"color: #000000;\">von Salis is oeroud en komt uit Soglio, een Zwitsers-Italiaans grensdorp in de Alpen, is aanvankelijk <\/span><\/span><\/span><span style=\"color: #000000;\">in dienst van aartshertog Sigismund van het aangrenzende Oostenrijk en wordt als vazal van de bisschop van Chur landvoogd over de Herrschaft Maienfeld.\u00a0<\/span><span style=\"color: #000000;\">Vijf generaties later betaalt rijksridder Gubert (1638-1710) 250 dukaten, een vergulde zilveren beker en een overvloedige brunch (<em>Marend<\/em>) voor een volledig burgerschap van het stadje.\u00a0<\/span><span style=\"color: #000000;\">Twee z<\/span><span style=\"color: #000000;\">oons uit diens tweede huwelijk treden in Staatse dienst, kort nadat <\/span><span style=\"color: #000000;\">de twee Zweedse broers naar Riga zijn teruggekeerd. Bij de zoveelste inval van L<\/span><span style=\"color: #000000;\">odewijk XIV in de Zuidelijke Nederlanden breekt de Spaanse Successieoorlog in 1701 uit. Onder Marlborough weten de broers hem tot staan te brengen en blijven na de gevechten in Staatse dienst in hun legerplaats Breda.<\/span><\/p>\n<p style=\"text-align: justify;\"><span style=\"color: #000000;\">Het dragen en gebruiken van wapens werd door Zwitsers als een beroep gezien, dat in dienst van elke vorst kon worden beoefend op voorwaarde van betaling (\u2018geen geld, geen Zwitsers\u2019). De tak <\/span><span style=\"color: #000000;\">Salis-Mayenfeld diende <\/span><span style=\"color: #000000;\">in de Staatse regimenten Zwitsers 4 en Zwitsers Sprecher. <\/span><span style=\"color: #000000;\">De ene zoon Johan Baptist klom daarin op tot majoor, trouwde in 1717 met Anna Philippine van Zuylen van Nijeveld en had zes kinderen, die naam niet konden voortzetten. <\/span><span style=\"color: #000000;\">De andere zoon was de grootvader van <\/span><span style=\"color: #000000;\">Rudolph Anthony. Deze <\/span><span style=\"color: #000000;\">klom tot kolonel van het regiment en trouwde in 1711 met Amaranthe Catharina de Raet van Kerchem. Hun zoon <\/span><span style=\"color: #000000;\">Johan Baptist was l<\/span><span style=\"color: #000000;\">uitenant-generaal in het Staatse leger en adjudant bij stadhouder Willem V van Oranje. Diens zoon <\/span><span style=\"color: #000000;\">Rudolph Anthony was <\/span><span style=\"color: #000000;\">in 1761 in Arnhem geboren en <\/span><span style=\"color: #000000;\">op 14-jarige leeftijd vertrokken als jongmatroos voor de VOC via <\/span><span style=\"color: #000000;\">Kaap de Goede Hoop naar Batavia. Daar was hij acht jaar VOC-koopman en trouwde als 20-jarige in 1781 met zijn 15-jarige vrouw.<\/span><\/p>\n<p style=\"text-align: justify;\"><span style=\"color: #000000;\">Rudolph Anthony vertrok in 1802 naar Kaap de Goede Hoop om Raad van Politie te worden. Hij keerde met tweede gezin van nog eens zes kinderen terug om Oost-Friesland te gaan wonen en werken. Na de vlucht van de Fransen werd hij ingelijfd bij de Nederlandse adel en enkele jaren later verhoogd tot baron. Hij stierf in 1851 bijna 90 jaar oud. Zijn zoon Carel Paul Amarant erfde de titel en verkreeg op 9 november 1861 de naam De Salis-Soglio-Mayenfeld voor zijn zoon. In 1900 stierf die naam uit. <span style=\"color: #0000ff;\"><a style=\"color: #0000ff;\" href=\"#voetnoot\">(2)<\/a>\u00a0<\/span><\/span><\/p>\n<table style=\"border-collapse: collapse; width: 100%;\">\n<tbody>\n<tr>\n<td style=\"width: 55.1071%; vertical-align: top;\"><img loading=\"lazy\" decoding=\"async\" class=\"alignnone wp-image-7345 aligncenter\" src=\"https:\/\/meijenfeldt.nl\/wp-content\/uploads\/2017\/11\/Salis-wapen-1822-274x300.png\" sizes=\"auto, (max-width: 274px) 100vw, 274px\" srcset=\"https:\/\/meijenfeldt.nl\/wp-content\/uploads\/2017\/11\/Salis-wapen-1822-274x300.png 274w, https:\/\/meijenfeldt.nl\/wp-content\/uploads\/2017\/11\/Salis-wapen-1822.png 682w\" alt=\"Salis wapen 1822\" width=\"240\" height=\"262\" \/><\/td>\n<td style=\"width: 44.8929%; text-align: center;\"><img loading=\"lazy\" decoding=\"async\" class=\"aligncenter wp-image-78943\" src=\"https:\/\/meijenfeldt.nl\/wp-content\/uploads\/2026\/03\/Afbeelding-3-1-146x300.jpg\" alt=\"\" width=\"156\" height=\"320\" srcset=\"https:\/\/meijenfeldt.nl\/wp-content\/uploads\/2026\/03\/Afbeelding-3-1-146x300.jpg 146w, https:\/\/meijenfeldt.nl\/wp-content\/uploads\/2026\/03\/Afbeelding-3-1-498x1024.jpg 498w, https:\/\/meijenfeldt.nl\/wp-content\/uploads\/2026\/03\/Afbeelding-3-1-768x1579.jpg 768w, https:\/\/meijenfeldt.nl\/wp-content\/uploads\/2026\/03\/Afbeelding-3-1-747x1536.jpg 747w, https:\/\/meijenfeldt.nl\/wp-content\/uploads\/2026\/03\/Afbeelding-3-1.jpg 974w\" sizes=\"auto, (max-width: 156px) 100vw, 156px\" \/><span style=\"font-size: 8pt; color: #000000;\"><em><span style=\"font-family: georgia, palatino, serif;\">Carel Paul Amarant de Salis Soglio Mayenfeld<\/span><\/em><\/span><br \/>\n<span style=\"font-family: georgia, palatino, serif; font-size: 8pt; color: #000000;\"> 1800-1871, <span style=\"font-family: georgia, palatino, serif; font-size: 10pt; color: #000000;\"><span style=\"font-size: 8pt;\">RKD Den Haag, <\/span><span style=\"color: #000000;\"><span class=\"sc-gpHbIA jJQVAg\" style=\"font-size: 8pt;\"><span style=\"font-family: georgia, palatino, serif;\">IB<\/span> 1008670<\/span><\/span><\/span><\/span><\/td>\n<\/tr>\n<\/tbody>\n<\/table>\n<p style=\"text-align: center;\"><span style=\"font-size: 10pt; color: #0000ff;\"><a id=\"voetnoot\"><\/a><a style=\"color: #0000ff;\" href=\"https:\/\/meijenfeldt.nl\/?page_id=78568\">Terug<\/a><\/span><span style=\"color: #000000;\"><span style=\"color: #0000ff;\"><span style=\"font-size: 10pt;\">\u00a0 \u00a0***\u00a0 \u00a0<span style=\"color: #0000ff;\"><a style=\"color: #0000ff;\" href=\"https:\/\/meijenfeldt.nl\/?page_id=2135\">Graub\u00fcnden<\/a><\/span>\u00a0 \u00a0***\u00a0 \u00a0<\/span><a style=\"color: #0000ff;\" href=\"https:\/\/meijenfeldt.nl\/?page_id=70764\"><span style=\"font-size: 10pt;\">Verder<\/span><\/a><\/span><\/span><\/p>\n<p style=\"text-align: justify;\"><span style=\"color: #000000; font-family: georgia, palatino, serif; font-size: 10pt;\">1. Johanna Spyri, \u201c<span style=\"color: #0000ff;\"><a style=\"color: #0000ff;\" href=\"http:\/\/www.heididorf.ch\/\">Heidi\u2019s<\/a><\/span> Lehr- und Wander\u00adjahr\u201d, Z\u00fcrich 1880.<br \/>\n2. Koninklijke Besluiten van <span style=\"color: #000000;\">15 april 1815 no. 17, 14 juni 1822 no. 22 en <\/span>9 november 1861 no. 46.<\/span><\/p>\n","protected":false},"excerpt":{"rendered":"<p>Toen de stamvader in 1793 voor het eerst op de rol van de Admiraliteit van Amsterdam verscheen en zich in 1800 in Amsterdam vestigde, was zijn leeftijdgenoot Rudolph Anthony de Salis stadsbestuurder in Breda. Vaak werd Maienfeld toegevoegd, naar hun Zwitserse heerschap en stadje aan de Rijn, waar zijn tak van dit omvangrijke adellijke geslacht &hellip; <a href=\"https:\/\/meijenfeldt.nl\/?page_id=70268\" class=\"more-link\">Verder lezen <span class=\"screen-reader-text\">3.4.5. Maienfeld<\/span><\/a><\/p>\n","protected":false},"author":1,"featured_media":0,"parent":0,"menu_order":0,"comment_status":"closed","ping_status":"closed","template":"","meta":{"footnotes":""},"class_list":["post-70268","page","type-page","status-publish","hentry"],"_links":{"self":[{"href":"https:\/\/meijenfeldt.nl\/index.php?rest_route=\/wp\/v2\/pages\/70268","targetHints":{"allow":["GET"]}}],"collection":[{"href":"https:\/\/meijenfeldt.nl\/index.php?rest_route=\/wp\/v2\/pages"}],"about":[{"href":"https:\/\/meijenfeldt.nl\/index.php?rest_route=\/wp\/v2\/types\/page"}],"author":[{"embeddable":true,"href":"https:\/\/meijenfeldt.nl\/index.php?rest_route=\/wp\/v2\/users\/1"}],"replies":[{"embeddable":true,"href":"https:\/\/meijenfeldt.nl\/index.php?rest_route=%2Fwp%2Fv2%2Fcomments&post=70268"}],"version-history":[{"count":81,"href":"https:\/\/meijenfeldt.nl\/index.php?rest_route=\/wp\/v2\/pages\/70268\/revisions"}],"predecessor-version":[{"id":78931,"href":"https:\/\/meijenfeldt.nl\/index.php?rest_route=\/wp\/v2\/pages\/70268\/revisions\/78931"}],"wp:attachment":[{"href":"https:\/\/meijenfeldt.nl\/index.php?rest_route=%2Fwp%2Fv2%2Fmedia&parent=70268"}],"curies":[{"name":"wp","href":"https:\/\/api.w.org\/{rel}","templated":true}]}}