{"id":6991,"date":"2017-10-27T15:12:21","date_gmt":"2017-10-27T15:12:21","guid":{"rendered":"http:\/\/meijenfeldt.nl\/?page_id=6991"},"modified":"2025-03-29T16:13:37","modified_gmt":"2025-03-29T16:13:37","slug":"3-6-2-ulm","status":"publish","type":"page","link":"https:\/\/meijenfeldt.nl\/?page_id=6991","title":{"rendered":"4.5.1. Ulm"},"content":{"rendered":"<p style=\"text-align: justify;\"><span style=\"color: #000000;\"><span style=\"caret-color: #000000;\">Het geslacht Von Meyenfeld uit Ulm is van oeroude adel. Het gaat terug naar <\/span><\/span>Mathias en Hans Claus(s)en uit <span style=\"color: #000000; caret-color: #000000;\">Frankfurt am Main,<\/span> die in 1491 een wapenbrief van keizer Maximiliaan I krijgen. Hans Clauss krijgt in 1548 een wapenbrief van keizer Karel V. In 1616 is er bovendien een wapenbrief voor J\u00fcrgen Valentin Winter en Johann Enslin.<\/p>\n<p style=\"text-align: justify;\">Johann Jacob Friedrich Meyer is een nazaat. Hij is geboren in 1711 en koopman in Frankfurt. Hij trouwt daar met Wilhelmina Elisabetha Fischer zum W\u00fcrzburg Eck. In 1742 koopt hij \u201cKurbayern lehnbaren 5,5 Juchart Ackers\u201d in Ringingen van Johann Matth\u00e4us Klaus, handelsbediende in Frankfurt. Ringingen is een klein stadje, bijna 20 km ten westen van Ulm. Sindsdien kan hij &#8220;von und zu Ringingen&#8221; aan zijn naam toevoegen.<\/p>\n<p style=\"text-align: justify;\">Keizer Karel VII verleent Johann Jacob Friedrich Meyer von und zu Ringingen op 3 april 1743 een leenbrief en op 8 april 1743 een adelsbrief. Hij verheft hem tot Rijksridder. De familienaam wordt uitgebreid tot Edler von Meyenfeld zu Ringingen und Bubenhausen. Bubenhausen ligt ruim 20 km ten zuidoosten van Ulm. In de wapenbrief staat de verwarrende naam Bobenhausen, een gebied net te zuiden van Frankfurt. <span style=\"color: #0000ff;\"><a style=\"color: #0000ff;\" href=\"https:\/\/meijenfeldt.nl\/?page_id=6991&amp;preview_id=6991&amp;preview_nonce=5a14dfe5d4&amp;_thumbnail_id=-1&amp;preview=true#voetnoot\">(1)<\/a>\u00a0<\/span>Op verzoek wordt bij Akte van 10 april toestemming verleend Mayer in de naam te laten vervallen. In de wapenbrief wordt ook een schild beschreven:<\/p>\n<p style=\"text-align: center;\"><img loading=\"lazy\" decoding=\"async\" class=\"size-medium wp-image-5533 aligncenter\" src=\"https:\/\/meijenfeldt.nl\/wp-content\/uploads\/2017\/08\/IMG_0496-282x300.jpg\" sizes=\"auto, (max-width: 282px) 100vw, 282px\" srcset=\"https:\/\/meijenfeldt.nl\/wp-content\/uploads\/2017\/08\/IMG_0496-282x300.jpg 282w, https:\/\/meijenfeldt.nl\/wp-content\/uploads\/2017\/08\/IMG_0496.jpg 722w\" alt=\"AT-OeStA\/AVA Adel RAA 266.36, Mayenfeld zu Ringingen und Bobenhausen (Mayer von und zu Ringingen), Johann Jakob Friedrich, kaiserlicher Kriegskommiss?r, aus Ulm stammend, Wappenbriefe von Maximilian I. dd. 1491 und Karl V. dd. 1548 besitzend, alter Adelsstand, Ritterstand, ?Edler von Mayenfeld zu Ringingen und Bobenhausen?, Bewilligung zur Weglassung des bisherigen Familiennamens Mayer, privilegium denominandi, privilegium de non usu, 4\/8\/1743, Artist:\" width=\"282\" height=\"300\" \/><span style=\"font-size: 10pt;\"><em>AT-OeStA\/AVA Adel RAA 266.36<\/em><\/span><\/p>\n<p class=\"wp-caption-dd\"><img loading=\"lazy\" decoding=\"async\" class=\" wp-image-7005 aligncenter\" src=\"https:\/\/meijenfeldt.nl\/wp-content\/uploads\/2017\/10\/Rietstap-Mayenfeld.jpg\" alt=\"Rietstap Mayenfeld\" width=\"422\" height=\"190\" \/><\/p>\n<p style=\"text-align: center;\"><span style=\"font-size: 10pt;\"><em>J.B. Rietstap, \u201cArmorial G\u00e9n\u00e9ral\u201d, Gouda 1884, deel I, pag. 181<\/em>.<\/span><\/p>\n<p style=\"text-align: justify;\">Von Meyenfeld is tot 1767 Oorlogscommissaris voor de Beierse erfprins Maximiliaan Jozef. In 1744 had hij al troepen ge\u00efnspecteerd die in dienst van de keizer gaan treden. In 1790 overlijdt hij.<\/p>\n<p style=\"text-align: justify;\">Een zoon Johann Friedrich von Meyenfeld wordt op 1 september 1737 geboren. Hij is in 1744 al op 7-jarige leeftijd vaandrig in een regiment dragonders in Beierse dienst. De familie verhuist in 1747 naar Ulm aan de Donau, een grensstad in W\u00fcrttemberg met Beieren. Daar wordt 1747 een tweede zoon Franz Karl Benedict geboren. Op 4 maart 1749 vindt een trieste gebeurtenis plaats: tijdens de geboorte op 4 maart 1749 overlijden zowel moeder als een nieuwe dochter.<\/p>\n<p style=\"text-align: justify;\">Weduwnaar Von Meyenfeld hertrouwt in Reutlingen op 26 augustus 1750 met de weduwe Anna Maria Louisa Sophia barones von Diemar. Haar vader is Johann Adam, infanteriegeneraal bij het Keurvorst van Saksen, haar oom veldmaarschalk Ernst Hartmann en haar grootvader de Zweedse ritmeester baron Wilhelm Sebastian von Diemar. In 1751 wordt in Ulm al een zoon geboren, maar hij overlijdt nog hetzelfde jaar. Een volgende zoon Ernst Franz Friedrich Wilhelm Ludwig wordt op 12 mei 1752 in Ulm gedoopt.<\/p>\n<p style=\"text-align: justify;\">Oudste zoon Johann Friedrich studeert inmiddels filosofie en werktuigbouwkunde, met name met betrekking tot de artillerie.\u00a0<span style=\"color: #000000;\">Hij verlaat het leger niet want is\u00a0kapitein-luitenant in de cavalerie in 1756 en overste in de artillerie in keizerlijke dienst het jaar daarop. Hij maakt drie veldtochten mee en toont bijzondere dapperheid bij het beleg van Dresden en een actie bij Meissen. In het winterkwartier van 1760 sterft hij op 23-jarige leeftijd aan nekkramp.<\/span><\/p>\n<p style=\"text-align: center;\"><img loading=\"lazy\" decoding=\"async\" class=\" wp-image-31735 aligncenter\" src=\"https:\/\/meijenfeldt.nl\/wp-content\/uploads\/2020\/08\/2B94C338-3A11-409A-97A9-01DCC46BC0AE-200x300.jpeg\" alt=\"\" width=\"477\" height=\"716\" srcset=\"https:\/\/meijenfeldt.nl\/wp-content\/uploads\/2020\/08\/2B94C338-3A11-409A-97A9-01DCC46BC0AE-200x300.jpeg 200w, https:\/\/meijenfeldt.nl\/wp-content\/uploads\/2020\/08\/2B94C338-3A11-409A-97A9-01DCC46BC0AE.jpeg 399w\" sizes=\"auto, (max-width: 477px) 100vw, 477px\" \/><span style=\"font-size: 10pt;\"><i>Uitvoerig grafschrift voor Ioh. Fried. von Ma\u00ffenfeld<br \/>\n<\/i><\/span><em><span style=\"font-size: 10pt;\">St. Michael (zuidwand), F\u00fcrth bij N\u00fcrnberg<\/span><\/em><\/p>\n<p style=\"text-align: justify;\">Zijn jongere broer Franz Karl Benedict is ook officier in het leger, eerst luitenant, later kapitein. In 1777 huwt hij Anna Maria Hafner en krijgt bij haar dat jaar een zoon Joseph. In 1785 hertrouwt hij\u00a0Philippine Charlotte Ernestine vom Holtz.\u00a0<span style=\"text-align: justify;\">Vader Von Meyenfeld overlijdt op 19 maart 1790 in Ulm. Franz wordt in 1791 hohenlohe-bartensteinischer Oberforstmeister en ontvangt in 1794 de onderscheiding Commandeur van de Hohenlohe Haus- und Phoenix Orden in Baden-W\u00fcrttemberg.<\/span><\/p>\n<p style=\"text-align: center;\"><span style=\"color: #800000;\"><strong>Genealogie<\/strong><\/span><\/p>\n<p><span style=\"color: #000000;\">U. <strong>&#8230;<\/strong> Meyer, twee kinderen:<\/span><\/p>\n<p style=\"text-align: justify;\"><span style=\"color: #000000;\">UU.1.<strong>\u00a0Johann Jacob Friedrich<\/strong> Meyer, ritter und edler von Meyenfeld zu Ringingen und Bubenhausen, * 1711, \u2020 Ulm 19-03-1790, koopman, militair, bestuurder, \u221e1 <em>Wilhelmina Elisabetha Fischer zum W\u00fcrtzburg Eck,<\/em>\u00a0\u2020 Ulm 1749 of 1750, \u221e2 Reutlingen 26-08-1750 barones\u00a0<em>Anna Maria Louisa Sophia\u00a0<\/em><em>von Diemar<\/em>, dochter van Johann Adam von Diemar, kinderen:<\/span><\/p>\n<p style=\"text-align: justify; padding-left: 40px;\"><span style=\"color: #000000; font-family: georgia, palatino, serif; font-size: 12pt;\">1742-1767 Oorlogscommissaris voor Beierse erfprins Maximiliaan Jozef.<br \/>\n1743 Logierung, Verpflegung und Transport der 200 Remontepferde im Amt Friedewald ohne Requisition.<br \/>\n1744 Inspectie troepen die in dienst van de keizer gaan treden.<br \/>\n1757 Stellung von 12 Wagen Vorspann.<br \/>\nGesuch um Gestattung der Beibehaltung des B\u00fcrgerrechts und Ablegung des B\u00fcrger- und Schatzungseides f\u00fcr Sohn 2 und Sohn 3.<br \/>\n<\/span><\/p>\n<p style=\"text-align: justify;\"><span style=\"color: #000000;\">UU.11. <strong>Johann Friedrich<\/strong>, * Frankfurt am Main 01-09-1737, \u2020 F\u00fcrth 29-01-1760, \u2261\u00a0\u00a0St. Michael, F\u00fcrth.<\/span><\/p>\n<p style=\"padding-left: 40px; text-align: justify;\"><span style=\"font-size: 12pt; color: #000000;\">1744 Vaandrig in een regiment dragonders in Beierse dienst.<br \/>\nStudeert filosofie en werktuigbouwkunde m.b.t. artillerie.<br \/>\n1756 kapitein-luitenant cavalerie.<br \/>\n1757 overste artillerie in keizerlijke dienst.<br \/>\nDrie veldtochten o.a. beleg van Dresden en actie bij Meissen.<br \/>\n1760 sterft in winterkwartier aan nekkramp.<\/span><\/p>\n<p>UU.12. <span style=\"color: #000000;\"><strong>Johann Anselm<\/strong>, * Ulm 1740, \u2020 Ulm 27-07-1793.<\/span><\/p>\n<p style=\"text-align: justify;\"><span style=\"color: #000000;\">UU.13. <strong>Franz Karl Benedict<\/strong>, * Ulm 1747, militair en bosbeheerder, \u221e1 Plochingen, Neckar 12-08-1777\u00a0<em>Anna Maria Hafner<\/em>, \u221e2 15-05-1785\u00a0<i>Philippine Charlotte Ernestine vom Holtz,<\/i>\u00a0* 23-02-1753, dochter van\u00a0Gottfried vom Holtz, Herr auf Alfdorf, Aichelberg, Amlishagen etc.\u00a0(1716-1777) en Eleonore Ernestine Christine Schenk von Geyern (1725-1783),\u00a0zoon uit eerste huwelijk:<\/span><\/p>\n<p style=\"text-align: justify; padding-left: 40px;\"><span style=\"color: #000000; font-family: georgia, palatino, serif; font-size: 12pt;\">Luitenant, later kapitein.<br \/>\n1791 Hohenlohe-Bartensteinischer Oberforstmeister.<br \/>\n1794 Commandeur Hohenlohe Haus- und Phoenix Orden in Baden-W\u00fcrttemberg.<\/span><\/p>\n<p style=\"text-align: justify;\"><span style=\"color: #000000;\">UU.121.<strong>\u00a0Joseph<\/strong>, * 1777, \u2020 Stuttgart 20-10-1792.<\/span><\/p>\n<p style=\"text-align: justify;\"><span style=\"color: #000000;\">UU.13.<strong>\u00a0Susanna Wilhelmina Margaretha<\/strong>, * Ulm 04-03-1749.<\/span><\/p>\n<p style=\"text-align: justify;\"><span style=\"color: #000000;\">UU.14.<strong>\u00a0Ernst Friedrich Wilhelm Ludwig<\/strong>, * Ulm 07-06-1751, \u2020 1751.<\/span><\/p>\n<p style=\"text-align: justify;\"><span style=\"color: #000000;\">UU.15.<strong>\u00a0Ernst Franz Friedrich Wilhelm Ludwig<\/strong>, * Ulm, \u2248 12-05-1752.<\/span><\/p>\n<p style=\"text-align: justify;\"><span style=\"color: #000000;\">UU.2.<strong>\u00a0Franz Robert<\/strong>, dochter:<\/span><\/p>\n<p style=\"text-align: justify;\"><span style=\"color: #000000;\">UU.21.<strong>\u00a0Maria Elisabeth Josepha<\/strong>,\u00a0\u221e Ulm 10-02-1732\u00a0<em>Anthoni Roth.<\/em><\/span><\/p>\n<p style=\"text-align: center;\"><span style=\"font-family: georgia, palatino, serif; font-size: 10pt; color: #000000;\"><span style=\"color: #0000ff;\"><a id=\"voetnoot\"><\/a><a style=\"color: #0000ff;\" href=\"https:\/\/meijenfeldt.nl\/?page_id=2380\">Terug<\/a><\/span>\u00a0 \u00a0***\u00a0 \u00a0<span style=\"color: #0000ff;\"><a style=\"color: #0000ff;\" href=\"https:\/\/meijenfeldt.nl\/?page_id=2416\">Verder<\/a><\/span><\/span><\/p>\n<p><span style=\"color: #000000; font-size: 10pt;\">1.\u00a0<span style=\"color: #0000ff;\"><a style=\"color: #0000ff;\" href=\"https:\/\/meijenfeldt.nl\/?page_id=23171\">Stadtarchiv Ulm<\/a><\/span>, A. Reichst\u00e4dtische Akten\u00fcberlieferung, Rep. 15 A 4128 en 2429. S. Handry, \u201cNeu-Ulm, der Altlandkreis\u201d, in: Historischer Atlas von Bayern, Teil Schwaben, Reihe 1, Heft 18, M\u00fcnchen 2011,\u00a0<span style=\"color: #0000ff;\"><a style=\"color: #0000ff;\" href=\"https:\/\/books.google.nl\/books?id=fe_gDwAAQBAJ&amp;pg=PA368&amp;lpg=PA368&amp;dq=bubenhausen+mayenfeld&amp;source=bl&amp;ots=kG1T-rbQEC&amp;sig=ACfU3U2spfd4dzU5PK7cKyeA9_vANMTCEg&amp;hl=nl&amp;sa=X&amp;ved=2ahUKEwj2ocG2yf7qAhXSqqQKHUOYC9EQ6AEwC3oECAoQAQ#v=onepage&amp;q=mayenfeld&amp;f=false\">pag. 368<\/a><\/span>.<\/span><\/p>\n","protected":false},"excerpt":{"rendered":"<p>Het geslacht Von Meyenfeld uit Ulm is van oeroude adel. Het gaat terug naar Mathias en Hans Claus(s)en uit Frankfurt am Main, die in 1491 een wapenbrief van keizer Maximiliaan I krijgen. Hans Clauss krijgt in 1548 een wapenbrief van keizer Karel V. In 1616 is er bovendien een wapenbrief voor J\u00fcrgen Valentin Winter en &hellip; <a href=\"https:\/\/meijenfeldt.nl\/?page_id=6991\" class=\"more-link\">Verder lezen <span class=\"screen-reader-text\">4.5.1. Ulm<\/span><\/a><\/p>\n","protected":false},"author":1,"featured_media":0,"parent":0,"menu_order":0,"comment_status":"closed","ping_status":"closed","template":"","meta":{"footnotes":""},"class_list":["post-6991","page","type-page","status-publish","hentry"],"_links":{"self":[{"href":"https:\/\/meijenfeldt.nl\/index.php?rest_route=\/wp\/v2\/pages\/6991","targetHints":{"allow":["GET"]}}],"collection":[{"href":"https:\/\/meijenfeldt.nl\/index.php?rest_route=\/wp\/v2\/pages"}],"about":[{"href":"https:\/\/meijenfeldt.nl\/index.php?rest_route=\/wp\/v2\/types\/page"}],"author":[{"embeddable":true,"href":"https:\/\/meijenfeldt.nl\/index.php?rest_route=\/wp\/v2\/users\/1"}],"replies":[{"embeddable":true,"href":"https:\/\/meijenfeldt.nl\/index.php?rest_route=%2Fwp%2Fv2%2Fcomments&post=6991"}],"version-history":[{"count":70,"href":"https:\/\/meijenfeldt.nl\/index.php?rest_route=\/wp\/v2\/pages\/6991\/revisions"}],"predecessor-version":[{"id":71899,"href":"https:\/\/meijenfeldt.nl\/index.php?rest_route=\/wp\/v2\/pages\/6991\/revisions\/71899"}],"wp:attachment":[{"href":"https:\/\/meijenfeldt.nl\/index.php?rest_route=%2Fwp%2Fv2%2Fmedia&parent=6991"}],"curies":[{"name":"wp","href":"https:\/\/api.w.org\/{rel}","templated":true}]}}