{"id":6908,"date":"2017-10-26T07:17:05","date_gmt":"2017-10-26T07:17:05","guid":{"rendered":"http:\/\/meijenfeldt.nl\/?page_id=6908"},"modified":"2023-08-10T14:57:27","modified_gmt":"2023-08-10T14:57:27","slug":"bibliografie-3","status":"publish","type":"page","link":"https:\/\/meijenfeldt.nl\/?page_id=6908","title":{"rendered":"BB. Zweden"},"content":{"rendered":"<p><span style=\"font-family: georgia, palatino, serif; font-size: 10pt;\"><span style=\"color: #0000ff;\"><span style=\"color: #000000;\"><span style=\"font-size: 14pt;\"><span style=\"color: #000000; font-size: 10pt;\"><a style=\"color: #0000ff;\" href=\"https:\/\/meijenfeldt.nl\/\">START<\/a>\u00a0\/\u00a0<span style=\"color: #0000ff;\"><a style=\"color: #0000ff;\" href=\"https:\/\/meijenfeldt.nl\/?page_id=51152\">B. BIBLIOTHEEK<\/a><\/span> \/ <\/span><\/span><span style=\"font-size: 10pt;\"><span style=\"color: #0000ff;\"><a style=\"color: #0000ff;\" href=\"https:\/\/meijenfeldt.nl\/?page_id=14300\">B. BIBLIOGRAFIE<\/a><\/span> \/ ZWEDEN<\/span><\/span><\/span><\/span><\/p>\n<p style=\"text-align: center;\"><span style=\"color: #800000;\">Z.2. <b>Johan August Meijerfeldt sr.<\/b><\/span><\/p>\n<p style=\"text-align: justify;\"><span style=\"color: #000000;\"><strong>\u2014 <span style=\"color: #0000ff;\"><a style=\"color: #0000ff;\" href=\"https:\/\/meijenfeldt.nl\/?page_id=31905\">Memoires<\/a><\/span><\/strong><\/span><span style=\"color: #000000;\">, Engestr\u00f6mska Samling B.VII.1.1., Handskriftsamling, Kungliga Biblioteket Stockholm, 1705-1738, 223 blz, HST. &#x2663; <\/span><\/p>\n<p style=\"text-align: justify; padding-left: 40px;\"><span style=\"color: #0000ff;\"><span style=\"font-size: 10pt;\"><a style=\"color: #0000ff;\" href=\"https:\/\/meijenfeldt.nl\/?page_id=32003\">1. Danzig, Grodno<\/a>\u00a0 <a style=\"color: #0000ff;\" href=\"https:\/\/meijenfeldt.nl\/?page_id=32014\">2. Pinsk, Radom<\/a>\u00a0 <a style=\"color: #0000ff;\" href=\"https:\/\/meijenfeldt.nl\/?page_id=32019\">3. Altranst\u00e4dt, Holowczyn<\/a>\u00a0 <a style=\"color: #0000ff;\" href=\"https:\/\/meijenfeldt.nl\/?page_id=32025\">4. Moerassen<\/a>\u00a0 <a style=\"color: #0000ff;\" href=\"https:\/\/meijenfeldt.nl\/?page_id=32081\">5. Smolensk<\/a>\u00a0 <a style=\"color: #0000ff;\" href=\"https:\/\/meijenfeldt.nl\/?page_id=32088\">6. Veprik<\/a>\u00a0 <a style=\"color: #0000ff;\" href=\"https:\/\/meijenfeldt.nl\/?page_id=32093\">7. Poltava<sup>1<\/sup><\/a>\u00a0 <a style=\"color: #0000ff;\" href=\"https:\/\/meijenfeldt.nl\/?page_id=31995\">8. Poltava<sup>2<\/sup><\/a>,\u00a0 <a style=\"color: #0000ff;\" href=\"https:\/\/meijenfeldt.nl\/?page_id=32029\">9. Poltava<sup>3<\/sup><\/a>\u00a0 <a style=\"color: #0000ff;\" href=\"https:\/\/meijenfeldt.nl\/?page_id=32033\">10. Stralsund<\/a>\u00a0 <a style=\"color: #0000ff;\" href=\"https:\/\/meijenfeldt.nl\/?page_id=32076\">A. Memorial<\/a>\u00a0 <a style=\"color: #0000ff;\" href=\"https:\/\/meijenfeldt.nl\/?page_id=32118\">B. Loos<\/a>\u00a0 <a style=\"color: #0000ff;\" href=\"https:\/\/meijenfeldt.nl\/?page_id=32136\">C. Trautvetter<\/a>\u00a0 <a style=\"color: #0000ff;\" href=\"https:\/\/meijenfeldt.nl\/?page_id=32143\">D. Wahrhafte Relation<\/a><\/span><\/span><span style=\"color: #000000;\"><br \/>\n<\/span><\/p>\n<p style=\"text-align: center;\"><span style=\"color: #800000;\">Z.22. <b>Carl Fredrik Meijerfeldt jr.<\/b><\/span><\/p>\n<p style=\"text-align: justify;\">\u2014 <span style=\"color: #0000ff;\"><a style=\"color: #0000ff;\" href=\"http:\/\/www.digitale-bibliothek-mv.de\/viewer\/image\/PPN77481201X_1776\/33\/LOG_0012\/\"><strong><em>Ode<\/em><\/strong><\/a><\/span><i>. (Sie betrift das vor einigen Jaren erfolgte Ableben der Wolsel. Frau Gr\u00e4fin von Meyerfeldten, Excellenze.),<\/i> Pommerschen Magazin, Zweiter Theil, Stralsund\/Greifswald 1776, blz. 17-21, ART. &#x2663;<br \/>\n\u2014 <i><strong>Victime de la nature!<\/strong> Epouse du ciel! Oraison funebre &amp; pan\u00eagerique \u00e0 l\u2019occasion de la mort de la d\u00e9funte comtesse ci-devant madame Marguerithe d\u2019Ascheberg colonelle douairi\u00e8re de Barnekov\u2026 <\/i>solemnellement enterr\u00e9e le 13. de Decembre 1753 dans l\u2019Eglise \u00e0 : Witsk\u00f6fle,\u00a0Casten Aulin, Christelig lik-predikan \u00f6fwer the helige Guds ord [&#8230;] t\u00e5 [&#8230;] Margareta von Ascheberg [&#8230;] sl\u00f6t sina w\u00e4lsignade dagar upp\u00e5 sin s\u00e4tes- g\u00e5rd Witskj\u00f6fle then 26. octob. 1753 [&#8230;], Lund 1759. KB : Svensk Samling Likpredikningar Fol f\u00f6re 1900.<br \/>\n\u2014\u00a0Autels qui brulent des encens [&#8230;] au grand jour de celebration de la fete des noses de [&#8230;] Antoine Reinhold de Wrangel [&#8230;] et de Mademoiselle Eleonore Mariane de Barnekow, Stockholm [1762]. KB : Verser m.m. till och \u00f6fver enskilda, B kvarto 38, 1762, no 307.<\/p>\n<p style=\"text-align: center;\"><span style=\"color: #800000;\">Z.25. <b>Johan August Meijerfeldt jr.<\/b><\/span><\/p>\n<p style=\"text-align: justify;\"><i><strong>\u2014 <span style=\"color: #0000ff;\"><a style=\"color: #0000ff;\" href=\"https:\/\/meijenfeldt.nl\/wp-content\/uploads\/2019\/03\/H%C3%B6gste-Bef%C3%A4lhafwarens-1.pdf\">H\u00f6gste bef\u00e4lhafwarens<\/a><\/span><\/strong> \u00f6fwer kongl. maj:ts i Finland sammandragne krigsmagt kung\u00f6relse, ang\u00e5ende en fr\u00e5n fientlige sidan i riket insmygd sm\u00e4delig och f\u00f6rr\u00e4disk skrift. <\/i>Tryckt i \u00c5bo 1788. \u00c5 nyo tryckt i Stockholm hos : Anders Zetterberg 1789.<br \/>\n\u2014 <strong><i>Boksamling<\/i>.<\/strong> <i>F\u00f6rteckning upp\u00e5 framlidne hans excellence feldtmarschalken m.m. herr grefve Johan August Meijerfelts efterlemnade boksamling som \u00e5 bokauctions-kammaren i Stockholm kommer att f\u00f6rs\u00e4ljas den 14 januarie [!] 1818 och f\u00f6ljande dagar<\/i>. =(Rubr.)= : (Stockholm, tryckt i Hedmanska tryckeriet, 1817.)<\/p>\n","protected":false},"excerpt":{"rendered":"<p>START\u00a0\/\u00a0B. BIBLIOTHEEK \/ B. BIBLIOGRAFIE \/ ZWEDEN Z.2. Johan August Meijerfeldt sr. \u2014 Memoires, Engestr\u00f6mska Samling B.VII.1.1., Handskriftsamling, Kungliga Biblioteket Stockholm, 1705-1738, 223 blz, HST. &#x2663; 1. Danzig, Grodno\u00a0 2. Pinsk, Radom\u00a0 3. Altranst\u00e4dt, Holowczyn\u00a0 4. Moerassen\u00a0 5. Smolensk\u00a0 6. Veprik\u00a0 7. Poltava1\u00a0 8. Poltava2,\u00a0 9. Poltava3\u00a0 10. Stralsund\u00a0 A. Memorial\u00a0 B. Loos\u00a0 C. Trautvetter\u00a0 &hellip; <a href=\"https:\/\/meijenfeldt.nl\/?page_id=6908\" class=\"more-link\">Verder lezen <span class=\"screen-reader-text\">BB. Zweden<\/span><\/a><\/p>\n","protected":false},"author":1,"featured_media":0,"parent":0,"menu_order":0,"comment_status":"closed","ping_status":"closed","template":"","meta":{"footnotes":""},"class_list":["post-6908","page","type-page","status-publish","hentry"],"_links":{"self":[{"href":"https:\/\/meijenfeldt.nl\/index.php?rest_route=\/wp\/v2\/pages\/6908","targetHints":{"allow":["GET"]}}],"collection":[{"href":"https:\/\/meijenfeldt.nl\/index.php?rest_route=\/wp\/v2\/pages"}],"about":[{"href":"https:\/\/meijenfeldt.nl\/index.php?rest_route=\/wp\/v2\/types\/page"}],"author":[{"embeddable":true,"href":"https:\/\/meijenfeldt.nl\/index.php?rest_route=\/wp\/v2\/users\/1"}],"replies":[{"embeddable":true,"href":"https:\/\/meijenfeldt.nl\/index.php?rest_route=%2Fwp%2Fv2%2Fcomments&post=6908"}],"version-history":[{"count":104,"href":"https:\/\/meijenfeldt.nl\/index.php?rest_route=\/wp\/v2\/pages\/6908\/revisions"}],"predecessor-version":[{"id":57799,"href":"https:\/\/meijenfeldt.nl\/index.php?rest_route=\/wp\/v2\/pages\/6908\/revisions\/57799"}],"wp:attachment":[{"href":"https:\/\/meijenfeldt.nl\/index.php?rest_route=%2Fwp%2Fv2%2Fmedia&parent=6908"}],"curies":[{"name":"wp","href":"https:\/\/api.w.org\/{rel}","templated":true}]}}