{"id":68935,"date":"2024-12-18T15:57:19","date_gmt":"2024-12-18T15:57:19","guid":{"rendered":"https:\/\/meijenfeldt.nl\/?page_id=68935"},"modified":"2026-01-27T08:07:48","modified_gmt":"2026-01-27T08:07:48","slug":"2-3-6-tussendoor","status":"publish","type":"page","link":"https:\/\/meijenfeldt.nl\/?page_id=68935","title":{"rendered":"2.3.6. Oost-Indi\u00eb"},"content":{"rendered":"<p style=\"text-align: justify;\"><span style=\"color: #000000;\"><span data-olk-copy-source=\"MessageBody\">Tweede zoon Hendrik begint kort na zijn 14de verjaardag op 15 november 1824 bij de Koninklijke Marine aan een opleiding tot stuurman. Bij de inschrijving krijgt Hendrik de achternaam <em>van Megenfeldts<\/em>, welke schrijfwijze hardnekkig jarenlang standhoudt<\/span><\/span><span style=\"color: #000000;\">. De opleiding vindt plaats <\/span><span style=\"color: #000000;\">aan boord van wachtschepen &#8211; in dit geval een soort drijvende scholen &#8211; bij Hellevoetsluis. In december is zijn eerste schip het fregat <\/span><em style=\"color: #000000;\">Kenau Hasselaar<\/em><span style=\"color: #000000;\">, <\/span><span style=\"color: #000000;\">in januari 1825 gaat hij met de hele bemanning over op <\/span><span style=\"color: #000000;\">de <\/span><em style=\"color: #000000;\">Amstel,<\/em><span style=\"color: #000000;\"> in 1826 op de <\/span><em style=\"color: #000000;\">Java<\/em><span style=\"color: #000000;\"> en rond de jaarwisseling op de <\/span><em style=\"color: #000000;\">Euridice<\/em><span style=\"color: #000000;\">. <\/span><span style=\"color: #000000;\">Drie tot vier keer per jaar krijgt hij acht dagen verlof om van boord naar huis in Rotterdam te gaan. Kort voor het bereiken van zijn 17de verjaardag wordt Hendrik o<\/span><span style=\"color: #000000;\">p 3 oktober 1827 als stuurmansleerling overgeplaatst van een wachtschip naar een varend zeeschip, het net te water gelaten Z.M. Korvet <\/span><em style=\"color: #000000;\">Leije<\/em><span style=\"color: #000000;\">. Het schip heeft 28 stukken en 150 koppen en staat onder commando van kapitein-luitenant ter zee A.J.J. van Lutsenburg. <\/span><span style=\"color: #0000ff;\"><a style=\"color: #0000ff;\" href=\"#voetnoot\">(1)<\/a><\/span><\/p>\n<p style=\"text-align: justify;\"><span style=\"color: #000000;\">De\u00a067-jarige stamvader krijgt zijn zoon Hendrik dat weekend thuis met het bericht dat hij een grote reis naar Oost-Indi\u00eb gaat maken. Daar woedt de Java Oorlog, \u00e9\u00e9n van de vele conflicten die <\/span><span style=\"color: #000000;\">Nederland daar uitvecht sinds de vestiging van het koloniaal bestuur in 1816 n<\/span><span style=\"color: #000000;\">a de VOC-tijd en de Napoleontische oorlogen. <\/span><span style=\"color: #000000;\">Gezamenlijk gaat de familie o<\/span><span style=\"color: #000000;\">p zondag <\/span><span style=\"color: #000000;\">7 oktober naar de kerk en voor vertrek stopt Johan August zijn zoon een boekvormige brief toe, waarvan de tekst beloftevol begint:<\/span><\/p>\n<p><a href=\"https:\/\/meijenfeldt.nl\/wp-content\/uploads\/2021\/12\/51-Afscheidsbrief-aan-zoon-Hendrik.pdf\"><img loading=\"lazy\" decoding=\"async\" class=\"wp-image-52579 aligncenter\" src=\"https:\/\/meijenfeldt.nl\/wp-content\/uploads\/2022\/12\/51-Afscheidsbrief-aan-zoon-Hendrik-begin-300x257.jpg\" alt=\"\" width=\"481\" height=\"412\" srcset=\"https:\/\/meijenfeldt.nl\/wp-content\/uploads\/2022\/12\/51-Afscheidsbrief-aan-zoon-Hendrik-begin-300x257.jpg 300w, https:\/\/meijenfeldt.nl\/wp-content\/uploads\/2022\/12\/51-Afscheidsbrief-aan-zoon-Hendrik-begin.jpg 753w\" sizes=\"auto, (max-width: 481px) 100vw, 481px\" \/><\/a><\/p>\n<p style=\"text-align: center;\"><span style=\"color: #000000;\"><span style=\"font-family: georgia, palatino, serif; font-size: 10pt;\"><span style=\"font-size: 10pt;\"><span style=\"font-family: georgia, palatino, serif;\"><span style=\"color: #000000; font-family: georgia, palatino, serif;\"><em>Afscheidsbrief van de stamvader<\/em><br \/>\n<span style=\"font-size: 8pt;\">Familiearchief N, <span style=\"color: #0000ff;\"><a style=\"color: #0000ff;\" href=\"https:\/\/meijenfeldt.nl\/wp-content\/uploads\/2021\/12\/51-Afscheidsbrief-aan-zoon-Hendrik.pdf\">nr. 51<\/a><\/span><\/span><\/span><span style=\"color: #000000; font-family: georgia, palatino, serif; font-size: 8pt;\"><span style=\"color: #0000ff;\">.<\/span><\/span><\/span><\/span><\/span><\/span><\/p>\n<p style=\"text-align: justify;\"><span style=\"color: #000000;\">Hierna volgen adviezen over zijn gedrag: zedig en betamelijk naar gelijken, eerbiedig en gehoorzaam naar meerderen\u00a0 en nederig en liefderijk naar ondergeschikten.\u00a0<\/span><span style=\"color: #000000;\">Eigen ervaringen en belevenissen op zee ontbreken. <\/span><span style=\"color: #000000;\">Het overgrote deel van de brief bevat godsdienstige herinneringen met bijbelcitaten, waaruit blijkt welke grote rol het geloof bij Johan August speelt.<\/span><\/p>\n<p style=\"text-align: justify;\"><span style=\"color: #000000;\">Hendrik gaat aan boord van D<\/span><span style=\"color: #000000;\">e Leije. Die ligt niet in de Rotterdamse haven, maar hij moet 30 kilometer terug reizen naar Hellevoetsluis. De bereikbaarheid van Rotterdam vanaf de Noordzee voor zeeschepen begint even problematisch te worden als die van Amsterdam. De monding van de Maas bij Hoek van Holland is te veel verzand en omvaren via <\/span><span style=\"color: #000000;\">het Hollands Diep en <\/span><span style=\"color: #000000;\">de Oude Maas kost te veel tijd. De keuze valt op het graven van een kanaal van negen kilometer dwars door Voorne. In hellevoetsluis maakt <\/span><span style=\"color: #000000;\">Hendrik alles gereed op het schip en op 25 december gaat het onder zeil. Na Goeree gaat het eerst noordwaarts, vanaf <\/span><span style=\"color: #000000;\">Texel gaat het verder op\u00a0 <\/span><span style=\"color: #000000;\">7 januari 1828, <\/span><span style=\"color: #000000;\">vanaf Cadiz <\/span><span style=\"color: #000000;\">23 maart en\u00a0<\/span><span style=\"color: #000000;\">vanaf Fernambuc <\/span><span style=\"color: #000000;\">11 mei. D<\/span><span style=\"color: #000000;\">e rede van Batavia<\/span><span style=\"color: #000000;\"> bereikt hij <\/span><span style=\"color: #000000;\">op 19 augustus.\u00a0<\/span><span style=\"color: #0000ff;\"><span style=\"color: #000000;\">Dat jaar is Hendrik 18 jaar oud en schrijft zijn vader hem in bij de gemeente Rotterdam bij de Nationale Militie, met de annotatie dat hij in \u2019s Rijks zeedienst in Batavia is. In het jaar 1829 maakt hij daar vaarten heen en weer naar Palembang op Oost-Sumatra mee. Daar ligt hij <\/span><\/span><span style=\"color: #000000;\">van 21 maart tot 21 april en van 2 mei tot 6 augustus <\/span><span style=\"color: #000000;\">in het hospitaal. De aard van de ziekte wordt niet genoemd, maar malaria ligt voor de hand.<\/span><a style=\"color: #0000ff;\" href=\"#voetnoot\"><span class=\"x_Apple-converted-space\"> (2)<\/span><\/a><\/p>\n<p style=\"text-align: justify;\"><span style=\"color: #000000;\">Derde zoon Carl begint na afronding van zijn lagere school op 1 mei 1827 op 12-jarige leeftijd met een combinatie van de beroepen van zijn broers: leerling scheepstimmerman. Dat doet hij o<\/span><span style=\"color: #000000;\">p\u00a0<\/span><span style=\"color: #000000;\">&#8217;s Lands Werf, <\/span><span style=\"color: #000000;\">waar zijn vader 17 jaar eerder aankwam. Hij start <\/span><span style=\"color: #000000;\">in ploeg G onder vice-commandeur D. van Geel voor 20 cent per dag, zes dagen in de week. Na 26 werkdagen komt hij eind mei met <em>f<\/em> 5,20 thuis. Elke volgende maand gaat dat opnieuw zo. <\/span><span style=\"color: #0000ff;\"><a style=\"color: #0000ff;\" href=\"#voetnoot\">(3)<\/a><\/span><\/p>\n<p style=\"text-align: justify;\"><span style=\"color: #000000;\">Van de overige kinderen zit vierde zoon Friedrich met zijn tien jaar nog op de lagere school. D<\/span><span style=\"color: #000000;\">ochter Anthonetta wordt eind 1827 ziek; zij overlijdt na de jaarwisseling op 5 januari, nog geen zeven jaar oud. Haar gelijknamige zus werd 14 jaar eerder nog geen twee jaar oud. De enig overgebleven dochter in Rotterdam is de vierjarige Nellie. <\/span><span style=\"color: #0000ff;\"><a style=\"color: #0000ff;\" href=\"#voetnoot\">(4)<\/a><\/span><\/p>\n<p style=\"text-align: center;\"><span style=\"color: #0000ff;\"><a id=\"voetnoot\"><\/a><a style=\"color: #0000ff;\" href=\"https:\/\/meijenfeldt.nl\/?page_id=1422\"><span style=\"font-size: 10pt;\">Terug<\/span><\/a><\/span><span style=\"font-size: 10pt;\">\u00a0\u00a0\u00a0***\u00a0 \u00a0<span style=\"color: #0000ff;\"><a style=\"color: #0000ff;\" href=\"https:\/\/meijenfeldt.nl\/?page_id=60619\">Verder<\/a><\/span><\/span><\/p>\n<p style=\"text-align: justify;\"><span style=\"font-family: georgia, palatino, serif; font-size: 10pt;\"><span style=\"color: #000000;\"><span style=\"font-size: 10pt;\"><span style=\"font-family: georgia, palatino, serif;\"><span style=\"font-size: 10pt; color: #000000; font-family: georgia, palatino, serif;\">1. <\/span><\/span><\/span><\/span><\/span><span style=\"font-family: georgia, palatino, serif; font-size: 10pt;\"><span style=\"color: #000000;\"><span style=\"font-size: 10pt;\"><span style=\"font-family: georgia, palatino, serif;\"><span style=\"font-size: 10pt; color: #000000; font-family: georgia, palatino, serif;\"><span style=\"font-size: 10pt; color: #000000;\"><span style=\"color: #000000; font-family: georgia, palatino, serif; font-size: 13.3333px;\">Soldij-Rollen 309 Kenau Hasselaar\u00a0<span style=\"color: #0000ff;\"><a style=\"color: #0000ff;\" href=\"https:\/\/www.nationaalarchief.nl\/onderzoeken\/archief\/2.12.14\/invnr\/306\/file\/NL-HaNA_2.12.14_306_0412?eadID=2.12.14&amp;unitID=306&amp;query=\">fol 806<\/a><\/span>, 208 Amstel <span style=\"color: #0000ff;\"><a style=\"color: #0000ff;\" href=\"https:\/\/www.nationaalarchief.nl\/onderzoeken\/archief\/2.12.14\/invnr\/208\/file\/NL-HaNA_2.12.14_208_0247?eadID=2.12.14&amp;unitID=208&amp;query=\">fol 219<\/a><\/span>, 309 Java <span style=\"color: #0000ff;\"><a style=\"color: #0000ff;\" href=\"https:\/\/www.nationaalarchief.nl\/onderzoeken\/archief\/2.12.14\/invnr\/309\/file\/NL-HaNA_2.12.14_309_0055?eadID=2.12.14&amp;unitID=309&amp;query=\">fol 29<\/a><\/span>, 259 Euridice <span style=\"color: #0000ff;\">fol 28<\/span> en 326 Leije <a style=\"color: #0000ff;\" href=\"https:\/\/www.nationaalarchief.nl\/onderzoeken\/archief\/2.12.14\/invnr\/326\/file\/NL-HaNA_2.12.14_326_0049?eadID=2.12.14&amp;unitID=326&amp;query=\">fol 21<\/a>,<\/span> <\/span><\/span><\/span><\/span><span style=\"font-size: 10pt;\"><span style=\"font-family: georgia, palatino, serif;\">Nationaal Archief, 2.12.14 Stamboeken Marinepersoneel.<br \/>\n2. Militaire Zaken, SR 356, Inv 91, <span style=\"color: #0000ff;\"><a style=\"color: #0000ff;\" href=\"https:\/\/stadsarchief.rotterdam.nl\/apps\/stadsarchief.nl\/_services\/ajax-proxy\/index.xml?mivast=184&amp;mizig=100&amp;miadt=184&amp;miaet=918&amp;micode=356-91&amp;minr=27384460&amp;milang=nl&amp;misort=last_mod|desc&amp;mip1=meijenfeldt&amp;mip2=von&amp;mip3=hendrik&amp;miview=viewer2\">1829 nr 281<\/a><\/span>.<br \/>\n<span style=\"color: #000000;\">3. <span class=\"unittitle\">Betaalsrollen der mindere ge\u00ebmployeerden en werklieden in het vak van de scheepsbouw <span style=\"color: #0000ff;\"><a style=\"color: #0000ff;\" href=\"https:\/\/meijenfeldt.nl\/wp-content\/uploads\/2025\/12\/1827-Soldij-vanaf-mei.pdf\">1827-05 t\/m 1827-12<\/a><\/span>, <\/span>Nationaal Archief, <\/span><\/span><\/span><\/span><\/span><span style=\"color: #000000;\"><span style=\"font-family: georgia, palatino, serif; font-size: 10pt;\">3.09.16.01 Directie der Marine Rotterdam.<\/span><span class=\"unittitle\"><span style=\"font-family: georgia, palatino, serif; font-size: 10pt;\">\u00a0<\/span><\/span><\/span><span style=\"font-family: georgia, palatino, serif; font-size: 10pt;\"><span style=\"color: #000000;\"><span style=\"font-size: 10pt;\"><span style=\"font-family: georgia, palatino, serif;\">Familiearchief N.5, <span style=\"color: #0000ff;\"><a style=\"color: #0000ff;\" href=\"https:\/\/meijenfeldt.nl\/wp-content\/uploads\/2021\/12\/63-66-Staat-van-dienst.pdf\">nr 63-66<\/a><\/span>.<br \/>\n4. Overlijdensakte 32, SR 999-09, <span style=\"color: #0000ff;\"><a style=\"color: #0000ff;\" href=\"https:\/\/stadsarchief.rotterdam.nl\/apps\/stadsarchief.nl\/_services\/ajax-proxy\/index.xml?mivast=184&amp;mizig=100&amp;miadt=184&amp;miaet=918&amp;micode=999-09-1828A&amp;minr=45556346&amp;milang=nl&amp;misort=last_mod|desc&amp;mip1=meijenfeldt&amp;mip3=antonetta&amp;miview=viewer2\">fol A 007<\/a><\/span>.<\/span><\/span><br \/>\n<\/span><\/span><\/p>\n","protected":false},"excerpt":{"rendered":"<p>Tweede zoon Hendrik begint kort na zijn 14de verjaardag op 15 november 1824 bij de Koninklijke Marine aan een opleiding tot stuurman. Bij de inschrijving krijgt Hendrik de achternaam van Megenfeldts, welke schrijfwijze hardnekkig jarenlang standhoudt. De opleiding vindt plaats aan boord van wachtschepen &#8211; in dit geval een soort drijvende scholen &#8211; bij Hellevoetsluis. &hellip; <a href=\"https:\/\/meijenfeldt.nl\/?page_id=68935\" class=\"more-link\">Verder lezen <span class=\"screen-reader-text\">2.3.6. Oost-Indi\u00eb<\/span><\/a><\/p>\n","protected":false},"author":1,"featured_media":0,"parent":0,"menu_order":0,"comment_status":"closed","ping_status":"closed","template":"","meta":{"footnotes":""},"class_list":["post-68935","page","type-page","status-publish","hentry"],"_links":{"self":[{"href":"https:\/\/meijenfeldt.nl\/index.php?rest_route=\/wp\/v2\/pages\/68935","targetHints":{"allow":["GET"]}}],"collection":[{"href":"https:\/\/meijenfeldt.nl\/index.php?rest_route=\/wp\/v2\/pages"}],"about":[{"href":"https:\/\/meijenfeldt.nl\/index.php?rest_route=\/wp\/v2\/types\/page"}],"author":[{"embeddable":true,"href":"https:\/\/meijenfeldt.nl\/index.php?rest_route=\/wp\/v2\/users\/1"}],"replies":[{"embeddable":true,"href":"https:\/\/meijenfeldt.nl\/index.php?rest_route=%2Fwp%2Fv2%2Fcomments&post=68935"}],"version-history":[{"count":38,"href":"https:\/\/meijenfeldt.nl\/index.php?rest_route=\/wp\/v2\/pages\/68935\/revisions"}],"predecessor-version":[{"id":78086,"href":"https:\/\/meijenfeldt.nl\/index.php?rest_route=\/wp\/v2\/pages\/68935\/revisions\/78086"}],"wp:attachment":[{"href":"https:\/\/meijenfeldt.nl\/index.php?rest_route=%2Fwp%2Fv2%2Fmedia&parent=68935"}],"curies":[{"name":"wp","href":"https:\/\/api.w.org\/{rel}","templated":true}]}}