{"id":68725,"date":"2024-12-13T15:47:45","date_gmt":"2024-12-13T15:47:45","guid":{"rendered":"https:\/\/meijenfeldt.nl\/?page_id=68725"},"modified":"2026-03-08T08:05:57","modified_gmt":"2026-03-08T08:05:57","slug":"2-4-2-timmerman","status":"publish","type":"page","link":"https:\/\/meijenfeldt.nl\/?page_id=68725","title":{"rendered":"2.4.2. Valse start"},"content":{"rendered":"<p style=\"text-align: justify;\"><span style=\"color: #000000;\">Na de Rotterdamse trouwerij trekt bruid Nel Diederich bij Carl in aan de Groenendaal. Hendrik is daar weg sinds hij na afronding van zijn opleiding bij de Belastingdienst per 1 april 1845 tijdelijk Rijkscommies in de aangrenzende gemeente Overschie is geworden. I<\/span><span style=\"color: #000000;\">n huis nummer 26 in wijk 3 <\/span><span style=\"color: #000000;\">trekt zijn Amsterdamse bruid Naatje Kennedij bij hem in. Beide bruiden zijn snel zwanger.<\/span><\/p>\n<p style=\"text-align: justify;\"><span style=\"color: #000000;\">Nel bevalt op 17 februari 1846 om 20:00 uur van een meisje met de namen <span style=\"color: #0000ff;\"><a style=\"color: #0000ff;\" href=\"https:\/\/meijenfeldt.nl\/?page_id=40775\">Engelina Catharina Elisabeth<\/a><span style=\"color: #000000;\">,<\/span> <span style=\"color: #000000;\">vernoemd naar de grootmoeders. D<\/span><\/span><\/span><span style=\"color: #000000;\"><span style=\"color: #0000ff;\"><span style=\"color: #000000;\">e volgende dag doet Carl\u00a0<\/span><\/span><\/span><span style=\"color: #000000;\">met twee sjouwers als getuige a<\/span><span style=\"color: #000000;\">angifte o<\/span><span style=\"color: #000000;\">p het stadhuis van Rotterdam<\/span><span style=\"color: #0000ff;\"><span style=\"color: #000000;\">. D<\/span><\/span><span style=\"color: #000000;\">ominee Fortmeijer komt op 6 maart thuis langs om de dochter te bewonderen en dopen, met de gelukkige ouders als getuige. <\/span><\/p>\n<p style=\"text-align: justify;\"><span style=\"color: #000000;\">Naatje bevalt o<\/span><span style=\"color: #000000;\"><span style=\"color: #000000;\">p 8 mei 1846 om 1:30 uur van een zoontje met de namen <\/span><span style=\"color: #0000ff;\"><a style=\"font-style: inherit; color: #0000ff;\" href=\"https:\/\/meijenfeldt.nl\/?page_id=40721\">Hendrik Jacobus August<\/a><span style=\"color: #000000;\">, vernoemd naar de grootvaders.<\/span> <\/span><span style=\"color: #000000;\">Nog diezelfde dag doet Hendrik met collega Zaalberg en een bode aangifte op het stadhuis van Overschie. Hij <\/span><\/span><span style=\"color: #000000;\">vraagt <\/span><span style=\"color: #000000;\">dominee Fortmeijer<\/span><span style=\"color: #000000;\"> niet voor de doop, h<\/span><span style=\"color: #000000;\">oewel Overschie een buurgemeente en tegenwoordig zelfs stadsdeel van Rotterdam is. De doop vindt in het centrum van Rotterdam plaats o<\/span><span style=\"color: #000000;\">p 31 mei 1846\u00a0<\/span><span style=\"color: #000000;\">om 16:00 uur <\/span><span style=\"color: #000000;\">in <\/span><span style=\"color: #000000;\">de Grote of St. Laurenskerk<\/span><span style=\"color: #000000;\">. Deze kerk en dominee J.J. Prins zijn Nederlands Hervormd. De hele familie Kennedij is lidmaat van de offici\u00eble staatskerk. Zelfs Hendrik staat in het doopboek aangeduid <\/span><span style=\"color: #000000;\">als lidmaat<\/span><span style=\"color: #000000;\">.<\/span><\/p>\n<p style=\"text-align: justify;\"><span style=\"color: #000000;\">Per 3 augustus 1846 krijgt Hendrik een vaste benoeming bij het Ministerie van Financi\u00ebn. In de rang Commies der Vierde Klasse werkt hij bij de dienst Directe Belastingen, In- en Uitgaande Rechten en Accijnzen, standplaats Overschie. De rijksbegroting is dat jaar voor het eerst in evenwicht gebracht door minister F.A. van Hall, die <\/span><span style=\"color: #000000;\">de wurgende staatsschuld en het dreigende bankroet van het Koninkrijk der Nederlanden <\/span><span style=\"color: #000000;\">voorkomt met een laagrentende staatslening. Daarbij helpt enorm dat de inning van de belastingen steeds serieuzer plaatsvindt.<\/span><\/p>\n<p style=\"text-align: center;\"><span style=\"color: #000000;\"><span style=\"font-family: georgia, palatino, serif; font-size: 10pt;\"><strong>Rotterdam <\/strong><\/span><\/span><strong style=\"color: #000000; font-family: georgia, palatino, serif; font-size: 13.3333px;\">1810-1850<br \/>\n<\/strong><span style=\"color: #000000;\"><span style=\"font-family: georgia, palatino, serif; font-size: 8pt;\"><span style=\"font-size: 10pt;\"><em><span style=\"font-size: 8pt;\">Woonhuizen: <\/span><\/em><span style=\"font-size: 8pt;\"><strong>A<\/strong> 1810 Lange Baanstraat 686 <strong>&#8211; B<\/strong> 1814 Banketstraat 307 <strong>&#8211; C<\/strong> 1816 Oostsingel 66 <strong>&#8211; D<\/strong> 1838 Grote Kipstraat 140 <strong>&#8211; E<\/strong> 1844 Groenendaal 389 <strong>&#8211; F<\/strong> 1847 Goudschesingel 883 <strong>&#8211; G<\/strong> 1847 Torenstraat 192<\/span><\/span><br \/>\n<em>Gebouwen:<\/em> middenlinks: Wolfshoekkerk; bij G: Laurenskerk; rechtsonder: &#8217;s Lands Werf<\/span><\/span><strong style=\"color: #000000; font-family: georgia, palatino, serif; font-size: 13.3333px;\"><br \/>\n<\/strong><\/p>\n<p style=\"text-align: center;\"><a href=\"https:\/\/meijenfeldt.nl\/wp-content\/uploads\/2025\/11\/1855-Rotterdam.pdf\"><img loading=\"lazy\" decoding=\"async\" class=\"alignnone wp-image-76969\" src=\"https:\/\/meijenfeldt.nl\/wp-content\/uploads\/2025\/11\/1855-Rotterdam-geel-300x234.png\" alt=\"\" width=\"610\" height=\"476\" srcset=\"https:\/\/meijenfeldt.nl\/wp-content\/uploads\/2025\/11\/1855-Rotterdam-geel-300x234.png 300w, https:\/\/meijenfeldt.nl\/wp-content\/uploads\/2025\/11\/1855-Rotterdam-geel-1024x800.png 1024w, https:\/\/meijenfeldt.nl\/wp-content\/uploads\/2025\/11\/1855-Rotterdam-geel-768x600.png 768w, https:\/\/meijenfeldt.nl\/wp-content\/uploads\/2025\/11\/1855-Rotterdam-geel-1536x1199.png 1536w, https:\/\/meijenfeldt.nl\/wp-content\/uploads\/2025\/11\/1855-Rotterdam-geel.png 1583w\" sizes=\"auto, (max-width: 610px) 100vw, 610px\" \/><\/a><br \/>\n<span style=\"color: #000000;\"><span style=\"font-family: georgia, palatino, serif; font-size: 8pt;\"><span style=\"font-size: 10pt;\"><span style=\"font-size: 8pt;\">Canelle, <span style=\"font-family: georgia, palatino, serif;\">Vue G\u00e9n\u00e9rale de Rotterdam, <\/span>Stadsarchief RI-68-2<\/span><em><br \/>\n<\/em><\/span><\/span><\/span><\/p>\n<p style=\"text-align: justify;\"><span style=\"color: #000000;\">In <\/span><span style=\"color: #000000;\"><span data-olk-copy-source=\"MessageBody\">1846 krijgt moeder Pieploo een Verklaring van Armoede, want zij verkeert <em>in behoeftige omstandigheden en is niet in staat om eenige Proces- of Justitiekosten, zegel- of registratieregten of boeten te kunnen betalen. <\/em>Met Jan en Nellie verhuist zij de Goudsche Poort weer uit. Zij gaan een stuk noordelijker aan de Goudsche Singel nummer 883 wonen. <\/span><\/span><a style=\"color: #0000ff;\" href=\"#voetnoot\">(2)<\/a><span style=\"color: #0000ff;\">\u00a0<\/span><\/p>\n<p style=\"text-align: justify;\"><span style=\"color: #000000;\">De eerste helft van april 1847 moet Carl <\/span><span style=\"color: #000000;\">naar Hellevoetsluis voor de proefvaart van Z.M. Stoomschip Suriname onder Staring. Hij krijgt <\/span><span style=\"color: #000000;\">vier dagen overwerk en 13 dagen verblijfkosten uitbetaald, waardoor zijn salaris die maand bijna op 50 gulden uitkomt. Een andere beloning is\u00a0<\/span><span style=\"color: #000000;\">een tweede dochter<\/span><span style=\"color: #000000;\"> op <\/span><span style=\"color: #000000;\">30 april om 17:00 uur met Nels voor<\/span><span style=\"color: #000000;\">namen <\/span><span style=\"color: #000000;\"><span style=\"color: #0000ff;\"><a style=\"color: #0000ff;\" href=\"https:\/\/meijenfeldt.nl\/?page_id=40764\">Petronella Wilhelmina<\/a><\/span>. <span class=\"x_Apple-converted-space\"><span data-olk-copy-source=\"MessageBody\">Dominee Fortmeijer komt 13 mei thuis langs om haar te dopen. Op 1 mei deed Carl al <\/span><\/span>aangifte op het stadhuis met Gerrit Gerritsen, <\/span><span style=\"color: #000000;\">een collega scheepstimmerman en <span class=\"x_Apple-converted-space\"><span data-olk-copy-source=\"MessageBody\">Cornelis Adrianus van Reijn, een winkelier. Laatstgenoemde trouwde anderhalve maand eerder met Catrina Cornelia Diederich, Nels oudere zus, kort nadat hij weduwnaar was geworden van Nels volle nicht en winkelier Maria Catharina. T<\/span><\/span><\/span><span style=\"color: #000000;\">egen zijn gewoonte in <\/span><span style=\"color: #000000;\"><span class=\"x_Apple-converted-space\"><span data-olk-copy-source=\"MessageBody\">gaat Carl in december mee aan boord van Z.M. Stoomschip Samarang tot aan <\/span><\/span><\/span><span style=\"color: #000000;\">Hellevoetsluis om de laatste timmerwerkzaamheden te verrichten. Voor zijn overwerk en terugreiskosten ontvangt hij <em>f<\/em> 4,40 extra.<\/span><\/p>\n<p style=\"text-align: justify;\"><span style=\"color: #000000;\">Broer Hendrik reist ook naar\u00a0<\/span><span style=\"color: #000000;\">Hellevoetsluis, want wordt daar <\/span><span style=\"color: #000000;\">per 1 mei 1847 naar overgeplaatst. Tot een verhuizing komt het niet. Eind 1847 werkt hij al weer in Rotterdam. Met zijn gezin gaat hij daar <\/span><span style=\"color: #000000;\">in wijk G<\/span><span style=\"color: #000000;\">\u00a0<\/span><span style=\"color: #000000;\">vlakbij de Laurenskerk <\/span><span style=\"color: #000000;\">woonruimte huren in <\/span><span style=\"color: #000000;\">de Torenstraat\u00a0<\/span><span style=\"color: #000000;\">192, <\/span><span style=\"color: #000000;\">boven de winkel van het net genoemde gezin Van Reijn-Diederich. De wijk krijgt korte tijd later nummer <\/span><span style=\"color: #000000;\">7 en het huis 184.<\/span><\/p>\n<p style=\"text-align: justify;\"><span style=\"color: #000000;\">Beide dochtertjes van Carl en Nel worden in de warme zomer van 1848 ernstig ziek. Door de slechte hygi\u00ebne bij eten en drinken, bij de aan- en afvoer van water en bij kleding en wonen hebben bacteri\u00ebn, virussen en parasieten vrij spel in de dichtbevolkte binnenstad en veroorzaken regelmatig epidemie\u00ebn. Vooral zuigelingen zijn het slachtoffer door de gewoonte om vroeg te stoppen met borstvoeding, waardoor de kinderen vervuild drinkwater binnenkrijgen en hun ingewanden besmet raken. De jongste is nog maar een jaar oud als zij op 6 augustus overlijdt. Haar oudere zusje sterft op 25 augustus op 2\u00bd-jarige leeftijd. De ouders blijven kinderloos achter.<\/span><\/p>\n<p style=\"text-align: justify;\"><span style=\"color: #000000;\">Het jaar 1848 staat niet alleen bekend als ongezond warm, maar in Europa ook als revolutionair. Naar eigen zeggen is\u00a0<\/span><span style=\"color: #000000;\">koning Willem II<\/span> <span style=\"color: #000000;\">begin 1848 in 24 uur veranderd van conservatief naar liberaal, door in te stemmen met het zenden van de liberale grondwet van Thorbecke naar de Staten-Generaal om daarmee niet getroffen te worden door een liberale revolutie met geweld zoals in andere Europese landen. De autocratische aansturing door de vorst met talloze dagelijkse decreten maakt daardoor plaats voor pluriforme en openbare besluitvorming op basis van een gestructureerde Grondwet. Nederland wordt weliswaar liberaal, maar nog niet democratisch. Alleen een kleine groep van <\/span><span style=\"color: #000000;\">meerderjarige <\/span><span style=\"color: #000000;\">ingezetenen met burgerrechten die een zekere niveau van inkomstenbelasting betaalt krijgt districtsgewijs kiesrecht voor de Tweede Kamer<\/span><span style=\"color: #000000;\">.\u00a0\u00a0<\/span><\/p>\n<p style=\"text-align: justify;\"><span style=\"color: #000000;\">Op 13 maart 1849 bezoekt de koning de Rijkswerf. Hij was aldenodige keren in het Zeepaleis geweest om zijn dochter of zijn zwager tsaar Nicolaas uitgeleide te doen of te verwelkomen. Ditmaal wil hij<\/span><span style=\"color: #000000;\"> de vorderingen met zijn raderstoomjacht Leeuw op de werf Fijenoord bekijken. Het regent koud met een gure wind. Bij het aflopen van een trap raakt hij met een spoor van zijn laars in zijn lange grijze mantel verwikkelt en valt zes treden naar beneden. Nadat hij overeind is geholpen zegt hij\u00a0 &#8220;<em>Het is niets<\/em>&#8221; tegen directeur Ver Huell. In een gebouw verderop bij het haardvuur krijgt hij last van hartkloppingen en benauwdheid. Na aandrang om medische bijstand zegt hij &#8220;<em>Ik dank u vriendelijk, mijn goede Ver Huell, voor uw belangstelling. Ik voel me goed. Ik verlang niets, Ik dank u<\/em>&#8220;. De koning reist via Geertruidenberg door naar zijn afgebouwde paleis in Tilburg. Daar overlijdt hij op 17 maart. In een lijkkist keert hij terug naar het Zeepaleis op het marinewerf, overnacht in een door Ver Huell ingerichte rouwkamer en gaat 4 april in een processie van Rotterdam naar Delft voor de begrafenis in de Nieuwe Kerk, allemaal precies zoals koning Willem I enkele jaren eerder.<\/span><\/p>\n<p style=\"text-align: center;\"><span style=\"font-family: georgia, palatino, serif; font-size: 10pt; color: #000000;\"><a id=\"voetnoot\"><\/a><span style=\"color: #0000ff;\"><a style=\"color: #0000ff;\" href=\"https:\/\/meijenfeldt.nl\/?page_id=68722\">Terug<\/a><\/span>\u00a0\u00a0\u00a0***\u00a0 \u00a0<span style=\"color: #0000ff;\"><a style=\"color: #0000ff;\" href=\"https:\/\/meijenfeldt.nl\/?page_id=38188\">Verder<\/a><\/span><\/span><\/p>\n<p style=\"text-align: justify;\"><span style=\"font-family: georgia, palatino, serif; font-size: 10pt;\"><span style=\"color: #000000;\"><span style=\"font-size: 10pt; color: #000000;\"><span style=\"color: #000000; font-size: 10pt; font-family: georgia, palatino, serif;\">1. <\/span><\/span><\/span><\/span><span style=\"font-family: georgia, palatino, serif; font-size: 10pt;\"><span style=\"color: #000000;\"><span style=\"font-size: 10pt; color: #000000;\"><span style=\"color: #000000; font-size: 10pt; font-family: georgia, palatino, serif;\">W.J.L. Poelmans, De Nederlandse Leeuw 1933.<span style=\"font-family: georgia, palatino, serif; font-size: 13.3333px;\"><span style=\"color: #000000; font-family: georgia, palatino, serif; font-size: 13.3333px;\"><span style=\"color: #0000ff;\"><span style=\"color: #000000;\"><br \/>\n<\/span><\/span><\/span><\/span><\/span><\/span><\/span><\/span><\/p>\n","protected":false},"excerpt":{"rendered":"<p>Na de Rotterdamse trouwerij trekt bruid Nel Diederich bij Carl in aan de Groenendaal. Hendrik is daar weg sinds hij na afronding van zijn opleiding bij de Belastingdienst per 1 april 1845 tijdelijk Rijkscommies in de aangrenzende gemeente Overschie is geworden. In huis nummer 26 in wijk 3 trekt zijn Amsterdamse bruid Naatje Kennedij bij &hellip; <a href=\"https:\/\/meijenfeldt.nl\/?page_id=68725\" class=\"more-link\">Verder lezen <span class=\"screen-reader-text\">2.4.2. Valse start<\/span><\/a><\/p>\n","protected":false},"author":1,"featured_media":0,"parent":0,"menu_order":0,"comment_status":"closed","ping_status":"closed","template":"","meta":{"footnotes":""},"class_list":["post-68725","page","type-page","status-publish","hentry"],"_links":{"self":[{"href":"https:\/\/meijenfeldt.nl\/index.php?rest_route=\/wp\/v2\/pages\/68725","targetHints":{"allow":["GET"]}}],"collection":[{"href":"https:\/\/meijenfeldt.nl\/index.php?rest_route=\/wp\/v2\/pages"}],"about":[{"href":"https:\/\/meijenfeldt.nl\/index.php?rest_route=\/wp\/v2\/types\/page"}],"author":[{"embeddable":true,"href":"https:\/\/meijenfeldt.nl\/index.php?rest_route=\/wp\/v2\/users\/1"}],"replies":[{"embeddable":true,"href":"https:\/\/meijenfeldt.nl\/index.php?rest_route=%2Fwp%2Fv2%2Fcomments&post=68725"}],"version-history":[{"count":131,"href":"https:\/\/meijenfeldt.nl\/index.php?rest_route=\/wp\/v2\/pages\/68725\/revisions"}],"predecessor-version":[{"id":78828,"href":"https:\/\/meijenfeldt.nl\/index.php?rest_route=\/wp\/v2\/pages\/68725\/revisions\/78828"}],"wp:attachment":[{"href":"https:\/\/meijenfeldt.nl\/index.php?rest_route=%2Fwp%2Fv2%2Fmedia&parent=68725"}],"curies":[{"name":"wp","href":"https:\/\/api.w.org\/{rel}","templated":true}]}}