{"id":6820,"date":"2017-10-25T14:08:45","date_gmt":"2017-10-25T14:08:45","guid":{"rendered":"http:\/\/meijenfeldt.nl\/?page_id=6820"},"modified":"2023-08-10T15:00:27","modified_gmt":"2023-08-10T15:00:27","slug":"bibliografie","status":"publish","type":"page","link":"https:\/\/meijenfeldt.nl\/?page_id=6820","title":{"rendered":"BB. Tirol"},"content":{"rendered":"<p><span style=\"font-family: georgia, palatino, serif; font-size: 10pt;\"><span style=\"color: #0000ff;\"><span style=\"color: #000000;\"><span style=\"font-size: 14pt;\"><span style=\"color: #000000; font-size: 10pt;\"><a style=\"color: #0000ff;\" href=\"https:\/\/meijenfeldt.nl\/\">START<\/a>\u00a0\/\u00a0<a style=\"color: #0000ff;\" href=\"https:\/\/meijenfeldt.nl\/?page_id=51152\">B. BIBLIOTHEEK<\/a> \/ <\/span><\/span><span style=\"font-size: 10pt;\"><a style=\"color: #0000ff;\" href=\"https:\/\/meijenfeldt.nl\/?page_id=14300\">B. BIBLIOGRAFIE<\/a> \/ TIROL<\/span><\/span><\/span><\/span><\/p>\n<p style=\"text-align: center;\"><span style=\"color: #800000;\"><b>TB.1. Johann Baptist Mayer von Mayerfeld (-1720)<\/b><\/span><\/p>\n<p style=\"text-align: justify;\">\u2014 <span style=\"color: #000000;\"><span style=\"color: #0000ff;\"><a style=\"color: #0000ff;\" href=\"http:\/\/reader.digitale-sammlungen.de\/resolve\/display\/bsb10632089.html\"><em>Assertiones Juridic\u00e6 de Dolo <\/em><\/a><span style=\"color: #000000;\">(augustus 1702)<\/span><\/span><\/span><\/p>\n<p>\u2014 <span style=\"color: #000000;\"><span style=\"color: #0000ff;\"><a style=\"color: #0000ff;\" href=\"http:\/\/reader.digitale-sammlungen.de\/resolve\/display\/bsb10632090.html\"><em>Assertiones Juridic\u00e6 de Casu &amp; Culpa<\/em> <\/a><\/span>(augustus 1702)<\/span><\/p>\n<p>\u2014 <span style=\"color: #000000;\"><em><span style=\"color: #0000ff;\"><a style=\"color: #0000ff;\" href=\"http:\/\/reader.digitale-sammlungen.de\/de\/fs1\/object\/display\/bsb10963305_00003.html\">Disputatio Canonico-Civilis Desumpta<\/a><\/span><\/em> (september 1705)<\/span><\/p>\n<p>\u2014 <span style=\"color: #000000;\"><span style=\"color: #0000ff;\"><a style=\"color: #0000ff;\" href=\"http:\/\/reader.digitale-sammlungen.de\/de\/fs1\/object\/display\/bsb10820153_00001.html\"><em>Aquila Biceps Majestati<\/em> <\/a><\/span>(1706)<\/span><\/p>\n<p>\u2014 <span style=\"color: #000000;\"><span style=\"color: #0000ff;\"><a style=\"color: #0000ff;\" href=\"http:\/\/reader.digitale-sammlungen.de\/resolve\/display\/bsb10832573.html\"><em>Disputatio Juridica<\/em><\/a><\/span> (juli 1707)<\/span><\/p>\n<p><span style=\"color: #000000;\">\u2014\u00a0<em><span style=\"color: #0000ff;\"><a style=\"color: #0000ff;\" href=\"https:\/\/books.google.nl\/books?id=MDteAAAAcAAJ&amp;pg=PP9&amp;dq=mairsfeld&amp;hl=en&amp;sa=X&amp;ved=0ahUKEwinkfjPycLWAhUEKVAKHRR7BX04FBDoAQgeMAU#v=onepage&amp;q=mairsfeld&amp;f=false\">Jurisprudentia Quadruplex<\/a> <\/span><\/em>(november 1708).<\/span><\/p>\n<p><span style=\"color: #000000;\">\u2014\u00a0<em><span style=\"color: #0000ff;\"><a style=\"color: #0000ff;\" href=\"https:\/\/books.google.nl\/books?id=QX5fAAAAcAAJ&amp;printsec=frontcover&amp;dq=ars+aequi+et+boni&amp;hl=en&amp;sa=X&amp;ved=0ahUKEwic2OHchsvWAhVSY1AKHXFYA0MQ6AEIPjAD#v=onepage&amp;q&amp;f=false\">Ars \u00c6qui et Boni<\/a><\/span><\/em> (1710).<\/span><\/p>\n<p><span style=\"color: #000000;\">\u2014\u00a0<em><span style=\"color: #0000ff;\"><a style=\"color: #0000ff;\" href=\"https:\/\/books.google.nl\/books?id=cs1OAAAAcAAJ&amp;pg=PP1&amp;dq=Mairsfeld&amp;hl=en&amp;sa=X&amp;ved=0ahUKEwjT0v_FiMvWAhXILFAKHY_rAnc4ChDrAQhfMAk#v=onepage&amp;q&amp;f=false\">Dissertationes ex Quadruplici Jure Select\u00e6<\/a> <\/span><\/em>(september 1710).<\/span><\/p>\n<p style=\"text-align: justify;\"><img loading=\"lazy\" decoding=\"async\" class=\"alignnone wp-image-6293\" src=\"https:\/\/meijenfeldt.nl\/wp-content\/uploads\/2017\/09\/IMG_0505-300x220.jpg\" alt=\"IMG_0505\" width=\"638\" height=\"468\" srcset=\"https:\/\/meijenfeldt.nl\/wp-content\/uploads\/2017\/09\/IMG_0505-300x220.jpg 300w, https:\/\/meijenfeldt.nl\/wp-content\/uploads\/2017\/09\/IMG_0505-768x564.jpg 768w, https:\/\/meijenfeldt.nl\/wp-content\/uploads\/2017\/09\/IMG_0505.jpg 800w\" sizes=\"auto, (max-width: 638px) 100vw, 638px\" \/><\/p>\n<p style=\"text-align: justify;\"><span style=\"color: #000000;\">&#8212; <em><span style=\"color: #0000ff;\"><a style=\"color: #0000ff;\" href=\"https:\/\/books.google.nl\/books?id=zJNMAAAAcAAJ&amp;pg=PP7&amp;dq=mairsfeld&amp;hl=en&amp;sa=X&amp;ved=0ahUKEwi4o4CehsbWAhVGLVAKHVe3DCo4ChDoAQgeMAQ\">Beschreibung<\/a><\/span>\u00a0\/\u00a0was auf Ableiben Weyland Ihrer Keyserl. Majest\u00e4t JOSEPH I, Bi\u00df nach vorgegangener Erb-Huldigung \/\u00a0Welche dem Allerdurchleuchtigst- Gro\u00dfm\u00e4chtigst- Und Un\u00fcberwindlichsten R\u00f6mischen Keyser \/\u00a0CAROLO Dem Sechsten \/ zu Hispanien \/ Hungarn \/ und B\u00f6heim K\u00f6nig \/ K.K. Als Erz-Herzogen zu Oesterreich \/ Die gesamte Nider-Oesterreichische St\u00e4nde Den 8. Novembris A: 1712. In allertieffester Unterth\u00e4nigkeit abgelegt\u00a0\/ Sich Merkw\u00fcrdiges hat zugetragen \/\u00a0Und auf Anordnung vorermelter L\u00f6bl. St\u00e4nden mit allen Umst\u00e4nden beschriben worden \/ Durch den Nieder-Oesterreichischen Land-Syndicum Herrn Johann Baptist Mairn \/\u00a0Edler von Mairsfeld\u00a0\/ de\u03b2 Heil. R\u00f6mischen Reichs Rittern.<br \/>\n<\/em><\/span><span style=\"color: #000000;\">Dit\u00a0boekwerk bestaat uit 67 foliobladen en is in 1712 in Wenen uitgegeven. Er worden tegenwoordig soms exemplaren op de veiling aangeboden voor bedragen tussen \u20ac 2.500,- en\u00a0\u20ac 4.500,-.<\/span><\/p>\n<p style=\"text-align: justify;\"><span style=\"color: #000000;\">&#8212; <em><span style=\"color: #0000ff;\"><a style=\"color: #0000ff;\" href=\"https:\/\/books.google.nl\/books?id=UHdQAAAAcAAJ&amp;pg=PP4&amp;dq=mairsfeld&amp;hl=en&amp;sa=X&amp;ved=0ahUKEwinkfjPycLWAhUEKVAKHRR7BX04FBDoAQgVMAM#v=onepage&amp;q=mairsfeld&amp;f=false\">Philosophia Historica de Montibus<\/a> <\/span><\/em>(juni 1713).<\/span><\/p>\n","protected":false},"excerpt":{"rendered":"<p>START\u00a0\/\u00a0B. BIBLIOTHEEK \/ B. BIBLIOGRAFIE \/ TIROL TB.1. Johann Baptist Mayer von Mayerfeld (-1720) \u2014 Assertiones Juridic\u00e6 de Dolo (augustus 1702) \u2014 Assertiones Juridic\u00e6 de Casu &amp; Culpa (augustus 1702) \u2014 Disputatio Canonico-Civilis Desumpta (september 1705) \u2014 Aquila Biceps Majestati (1706) \u2014 Disputatio Juridica (juli 1707) \u2014\u00a0Jurisprudentia Quadruplex (november 1708). \u2014\u00a0Ars \u00c6qui et Boni (1710). &hellip; <a href=\"https:\/\/meijenfeldt.nl\/?page_id=6820\" class=\"more-link\">Verder lezen <span class=\"screen-reader-text\">BB. Tirol<\/span><\/a><\/p>\n","protected":false},"author":1,"featured_media":0,"parent":0,"menu_order":0,"comment_status":"closed","ping_status":"closed","template":"","meta":{"footnotes":""},"class_list":["post-6820","page","type-page","status-publish","hentry"],"_links":{"self":[{"href":"https:\/\/meijenfeldt.nl\/index.php?rest_route=\/wp\/v2\/pages\/6820","targetHints":{"allow":["GET"]}}],"collection":[{"href":"https:\/\/meijenfeldt.nl\/index.php?rest_route=\/wp\/v2\/pages"}],"about":[{"href":"https:\/\/meijenfeldt.nl\/index.php?rest_route=\/wp\/v2\/types\/page"}],"author":[{"embeddable":true,"href":"https:\/\/meijenfeldt.nl\/index.php?rest_route=\/wp\/v2\/users\/1"}],"replies":[{"embeddable":true,"href":"https:\/\/meijenfeldt.nl\/index.php?rest_route=%2Fwp%2Fv2%2Fcomments&post=6820"}],"version-history":[{"count":29,"href":"https:\/\/meijenfeldt.nl\/index.php?rest_route=\/wp\/v2\/pages\/6820\/revisions"}],"predecessor-version":[{"id":57807,"href":"https:\/\/meijenfeldt.nl\/index.php?rest_route=\/wp\/v2\/pages\/6820\/revisions\/57807"}],"wp:attachment":[{"href":"https:\/\/meijenfeldt.nl\/index.php?rest_route=%2Fwp%2Fv2%2Fmedia&parent=6820"}],"curies":[{"name":"wp","href":"https:\/\/api.w.org\/{rel}","templated":true}]}}