{"id":6797,"date":"2017-10-24T18:23:10","date_gmt":"2017-10-24T18:23:10","guid":{"rendered":"http:\/\/meijenfeldt.nl\/?page_id=6797"},"modified":"2023-08-10T14:59:45","modified_gmt":"2023-08-10T14:59:45","slug":"hessische-bibliografie","status":"publish","type":"page","link":"https:\/\/meijenfeldt.nl\/?page_id=6797","title":{"rendered":"BB. Hessen"},"content":{"rendered":"<p><span style=\"font-family: georgia, palatino, serif; font-size: 10pt;\"><span style=\"color: #0000ff;\"><span style=\"color: #000000;\"><span style=\"font-size: 14pt;\"><span style=\"color: #000000; font-size: 10pt;\"><a style=\"color: #0000ff;\" href=\"https:\/\/meijenfeldt.nl\/\">START<\/a>\u00a0\/\u00a0<a style=\"color: #0000ff;\" href=\"https:\/\/meijenfeldt.nl\/?page_id=51152\">B. BIBLIOTHEEK<\/a> \/ <\/span><\/span><span style=\"font-size: 10pt;\"><a style=\"color: #0000ff;\" href=\"https:\/\/meijenfeldt.nl\/?page_id=14300\">B. BIBLIOGRAFIE<\/a> \/ HESSEN<\/span><\/span><\/span><\/span><\/p>\n<p style=\"text-align: center;\"><span style=\"color: #800000;\">HH.1.<\/span><strong><span style=\"color: #800000;\"> Wilhelm August von Meyerfeld<\/span><\/strong><\/p>\n<p style=\"text-align: justify;\"><span style=\"color: #000000;\"><strong>\u2014 <\/strong><em>Nach der von den beiden vermittelnden hohen M\u00e4chten einer<\/em> &#8230;Regensburg 25-09-1802.<strong><br \/>\n<\/strong><em>&#8212; Abhandlung der Lehen- und Er\u00adbfol\u00adge nach den Art. 3, 4, 5 und 6 des K\u00f6nigl. Decrets vom 28. M\u00e4rz 1809, die Allidification der Lehen im K\u00f6nigreich West\u00adphalen betreffend, <\/em>Kassel 1810 <em>, <\/em>BK.<\/span><br \/>\n<span style=\"color: #000000;\"> <strong>\u2014 <\/strong><em>Enige Bemerkungen zu dem von Herrn Wehrs herausgegebener Un\u00adterricht f\u00fcr Lehen\u00adbesitzer in West\u00adfa\u00adlen<\/em>,\u00a0Marburg (Krie\u00adger) 1810, 32 blz., BK.<\/span><br \/>\n<span style=\"color: #000000;\"> <strong>\u2014 <\/strong><em><span style=\"font-family: Georgia;\"><span style=\"color: #0000ff;\"><a style=\"color: #0000ff;\" href=\"http:\/\/fuldig.hs-fulda.de\/viewer\/image\/PPN322672872\/5\/#topDocAnchor\">Lebensgeschichte<\/a><\/span>\u00a0<span style=\"color: #000000;\">des Kurf. Hessischen Geheimraths Wilhelm August von Meyer\u00adfeld (\u2026) <\/span><\/span><span style=\"color: #000000;\">von ihm selbst geschrie\u00adben bis zum 15. Nov. 1832<\/span><\/em>, Hanau (K\u00f6nig) 1834, BK.<\/span><\/p>\n<p style=\"text-align: center;\"><span style=\"color: #800000;\">HH.22.<\/span><strong><span style=\"color: #800000;\"> Franz Wilhelm Lud\u00adwig von Meyerfeld\u00a0<\/span><\/strong><\/p>\n<p style=\"text-align: justify;\"><span style=\"color: #000000;\"><strong>\u2014 <em><span style=\"color: #0000ff;\"><a style=\"color: #0000ff;\" href=\"https:\/\/www.delpher.nl\/nl\/boeken1\/gview?query=meyerfeldt&amp;coll=boeken1&amp;identifier=efhQAAAAcAAJ\">De quibusdam<\/a> <\/span>quae de dote actione reddenda siat, scili\u00adcet, quae\u00admissa generali definitione dotis, de rebus aestima\u00adtis in dotim datis; de promis\u00adsa dato; item: de nomine in dotem dato; de usufruc\u00adtu in dotem dato<\/em><\/strong>, dissertatie rechts\u00adgeleerheid 1826, Universiteit van Marburg, BK<\/span><br \/>\n<span style=\"color: #000000;\"><strong>\u2014 <\/strong><em>Die Lehre von den <span style=\"color: #0000ff;\"><a style=\"color: #0000ff;\" href=\"http:\/\/reader.digitale-sammlungen.de\/de\/fs1\/object\/display\/bsb10566928_00005.html\">Schen\u00adkun\u00adgen<\/a><\/span>, nach r\u00f6mischen Recht<\/em>, Mar\u00adburg 1835-1837, BK.<\/span><br \/>\n<span style=\"color: #000000;\">\u2014 <em>\u00dcber die <span style=\"color: #0000ff;\"><a style=\"color: #0000ff;\" href=\"http:\/\/dlib-zs.mpier.mpg.de\/mj\/kleioc\/0010\/exec\/bigpage\/%222085075_07%2b1835_0096%22\">Verantwortlichkeit des Ehemannes <\/a><\/span>in Bezug auf eine ihm versprochene <\/em>dos, <em>oder <\/em>in dotem gegebene Forderung, Rheinisches Museum f\u00fcr Jurisprudenz, Band 7, 1835, blz. 90-135, ART.<\/span><br \/>\n<span style=\"color: #000000;\">\u2014 <em>Die Ereignisse bei der Reserve-Division der deutschen Reichstruppen in Schleswig-Holstein im Kriege gegen D\u00e4nemark 1849<\/em>, Kassel juni 1850.<\/span><\/p>\n","protected":false},"excerpt":{"rendered":"<p>START\u00a0\/\u00a0B. BIBLIOTHEEK \/ B. BIBLIOGRAFIE \/ HESSEN HH.1. Wilhelm August von Meyerfeld \u2014 Nach der von den beiden vermittelnden hohen M\u00e4chten einer &#8230;Regensburg 25-09-1802. &#8212; Abhandlung der Lehen- und Er\u00adbfol\u00adge nach den Art. 3, 4, 5 und 6 des K\u00f6nigl. Decrets vom 28. M\u00e4rz 1809, die Allidification der Lehen im K\u00f6nigreich West\u00adphalen betreffend, Kassel 1810 &hellip; <a href=\"https:\/\/meijenfeldt.nl\/?page_id=6797\" class=\"more-link\">Verder lezen <span class=\"screen-reader-text\">BB. Hessen<\/span><\/a><\/p>\n","protected":false},"author":1,"featured_media":0,"parent":0,"menu_order":0,"comment_status":"closed","ping_status":"closed","template":"","meta":{"footnotes":""},"class_list":["post-6797","page","type-page","status-publish","hentry"],"_links":{"self":[{"href":"https:\/\/meijenfeldt.nl\/index.php?rest_route=\/wp\/v2\/pages\/6797","targetHints":{"allow":["GET"]}}],"collection":[{"href":"https:\/\/meijenfeldt.nl\/index.php?rest_route=\/wp\/v2\/pages"}],"about":[{"href":"https:\/\/meijenfeldt.nl\/index.php?rest_route=\/wp\/v2\/types\/page"}],"author":[{"embeddable":true,"href":"https:\/\/meijenfeldt.nl\/index.php?rest_route=\/wp\/v2\/users\/1"}],"replies":[{"embeddable":true,"href":"https:\/\/meijenfeldt.nl\/index.php?rest_route=%2Fwp%2Fv2%2Fcomments&post=6797"}],"version-history":[{"count":20,"href":"https:\/\/meijenfeldt.nl\/index.php?rest_route=\/wp\/v2\/pages\/6797\/revisions"}],"predecessor-version":[{"id":57805,"href":"https:\/\/meijenfeldt.nl\/index.php?rest_route=\/wp\/v2\/pages\/6797\/revisions\/57805"}],"wp:attachment":[{"href":"https:\/\/meijenfeldt.nl\/index.php?rest_route=%2Fwp%2Fv2%2Fmedia&parent=6797"}],"curies":[{"name":"wp","href":"https:\/\/api.w.org\/{rel}","templated":true}]}}