{"id":6645,"date":"2017-10-16T16:35:46","date_gmt":"2017-10-16T16:35:46","guid":{"rendered":"http:\/\/meijenfeldt.nl\/?page_id=6645"},"modified":"2025-03-04T10:31:12","modified_gmt":"2025-03-04T10:31:12","slug":"familie-knobel","status":"publish","type":"page","link":"https:\/\/meijenfeldt.nl\/?page_id=6645","title":{"rendered":"4.1.3. Knobel"},"content":{"rendered":"<p style=\"text-align: justify;\"><span style=\"color: #000000;\">Zomer 1788 krijgt de 29-jarige Wilhelm August von Meijerfeld opdracht van de regering in Hanau onderzoek te doen naar bezwaren die tegen autoriteiten in Schwarzenfels zijn geuit. In dit prachtig op een berg gelegen dorp raakt hij onder de indruk van de enorme fabriek van industrieel Knobel. Gebruikmakend van de gastvrije uitnodiging valt de mooie 10-jarige oudste dochter Amalie (Malchen) hem onmiddellijk op. Hij keert daardoor graag regelmatig in het huis terug en vindt het niet bezwaarlijk dat zijn onderzoek maanden uitloopt.<\/span><\/p>\n<p style=\"text-align: justify;\"><span style=\"color: #000000;\">In 1792 krijgt Wilhelm August een derde betrekking bij het hervormde consistorie van Hanau. Voor de afwikkeling van de financi\u00eble zaken moet hij jaarlijks drie tot vier weken naar Schl\u00fcchtern. Hij gebruikt dan zijn vrije dagen en uren om naar het twee uur verder gelegen Schwarzenfels te rijden om Amalie Knobel te zien opgroeien. In 1796 is zij 18 jaar en vraagt hij succesvol om haar hand. <\/span><span style=\"color: #000000;\">In aanwezigheid van zijn vader en broer vindt het huwelijk op 1 augustus 1797 in Schwarzenfels en Schl\u00fcchtern plaats. Friedrich is intussen kapitein zonder compagnie bij het artillerieregiment geworden.<\/span><\/p>\n<table style=\"border-collapse: collapse; width: 100%;\">\n<tbody>\n<tr>\n<td style=\"width: 50%;\">\n<p><figure id=\"attachment_2214\" aria-describedby=\"caption-attachment-2214\" style=\"width: 244px\" class=\"wp-caption aligncenter\"><img loading=\"lazy\" decoding=\"async\" class=\" wp-image-2214\" src=\"https:\/\/meijenfeldt.nl\/wp-content\/uploads\/2017\/01\/image005-1.jpg\" alt=\"\" width=\"244\" height=\"361\" \/><figcaption id=\"caption-attachment-2214\" class=\"wp-caption-text\"><span style=\"font-family: georgia, palatino, serif; font-size: 10pt; color: #000000;\"><em>Wilhelm August von Meijerfeld<\/em><\/span><\/figcaption><\/figure><\/td>\n<td style=\"width: 50%;\">\n<p><figure id=\"attachment_2215\" aria-describedby=\"caption-attachment-2215\" style=\"width: 263px\" class=\"wp-caption aligncenter\"><img loading=\"lazy\" decoding=\"async\" class=\" wp-image-2215\" src=\"https:\/\/meijenfeldt.nl\/wp-content\/uploads\/2017\/01\/image006.jpg\" alt=\"\" width=\"263\" height=\"359\" \/><figcaption id=\"caption-attachment-2215\" class=\"wp-caption-text\"><span style=\"font-size: 10pt; font-family: georgia, palatino, serif; color: #000000;\"><em>\u221e Malchen Knobel<\/em><\/span><\/figcaption><\/figure><\/td>\n<\/tr>\n<\/tbody>\n<\/table>\n<p style=\"text-align: justify;\"><span style=\"color: #000000;\">In 1790 nadert <\/span><span style=\"color: #000000;\">Wilhelm Ludwig zijn zeventigste levensjaar en <\/span><span style=\"color: #000000;\">verkopen zijn zoons het leengoed Altenha\u03b2lau aan de rijke koopman Johann Peter von Leonhardi in Frankfurt a\/M. Tussen hen en de plaatselijke autoriteiten dienen verscheidene <\/span><span style=\"color: #000000;\">rechtszaken <\/span><span style=\"color: #000000;\">bij het Gerechtshof van Kassel.<\/span><\/p>\n<p style=\"text-align: justify;\"><span style=\"color: #000000;\">August, de derde zoon, is in Pruisische dienst in Westfalen. In 1793 wordt hij op 19-jarige leeftijd vaandrig en neemt deel aan <\/span><span style=\"color: #000000;\">het beleg van Mainz, terwijl\u00a0<\/span><span style=\"color: #000000;\">daar in het revolutionaire bestuur <\/span><span style=\"color: #000000;\">Ludwig Meyenfeld zit.<\/span><\/p>\n<p style=\"padding-left: 40px; text-align: justify;\"><span style=\"font-family: georgia, palatino, serif; font-size: 12pt;\">Deze Ludwig (voor zijn Franse vrienden Louis) was in 1751 in het Oostenrijkse Graz geboren, notaris en leraar Frans aan het Heidelberg college. Vanwege sympathie met de Franse revolutie vlucht hij vanwege dreigende gevangenneming over de Rijn naar de door Frankrijk bezette gebieden. Omdat hij in beide talen goed schrijft en goede diensten levert raakt hij bevriend met Johann Friedrich Simon. Nadat de Fransen\u00a0 in oktober 1792\u00a0Mainz bezetten in de Eerste Coalitieoorlog sluit Ludwig zich als jakobijn aan bij de Mainzer Klubisten (Gesellschaft der Freunde der Freiheit und Gleichheit). Hij is een aanhanger van een algemeen (geen selectief) volksrecht. Simon is Frans commissaris in de stad en op 2 maart 1793 vraagt hij Ludwig zijn Franse co-commissaris te vervangen met secretaris Guillot. Na de verkiezingen op 18 maart wordt de\u00a0Mainzer Republiek (Rheinisch-Deutschen Freistaat) uitgeroepen en zijn zij de drie Fransen in het bestuur. Op 14 april slaan de Pruisen op hun beurt een beleg om de stad en na vergeefse pogingen volgt een allesvernietigend bombardement. Op 23 juli geeft de stad zich over en krijgen Simon en Ludwig\u00a0een vrijgeleide om met het Franse garnizoen naar Frankrijk te gaan. Ludwig gaat op missie naar Besan\u00e7on. Vanaf 9 juni 1796 is het hele linkeroever van de Rijn Frans. Ludwig wordt griffier van het regentschap over Kreuznach. Op 7 november 1799 (twee dagen v\u00f3\u00f3r de staatsgreep van Napoleon) wordt hij \u201cadministrateur central\u201d van het D\u00e9partement du Mont-Tonnerre. Tevens is hij assessor bij de Douane en zit in 1806 in het gekozen college van Mainz. \u201cHij is een man met een groot karakter, zoals nodig is in een arrondissement waar, zoals die van Pr\u00fcm, de rust vaak werd verstoord door de invallen en machinaties van de Belgische chouans.\u201d\u00a0Na de verbanning van Napoleon valt het gebied definitief aan Duitsland terug. Ludwig is in 1815 onderzoeksrechter in het Kreisgericht Ottweiler, St. Wendel in het huidige Saarland. Hij overlijdt in 1834 in de stad Grumbach op 83-jarige leeftijd.<\/span><span style=\"font-family: georgia, palatino, serif; font-size: 12pt;\"><span style=\"color: #000000;\">\u00a0<\/span><span style=\"color: #0000ff;\"><a style=\"color: #0000ff;\" href=\"#voetnoot\">(1)<\/a><\/span><\/span><\/p>\n<p style=\"text-align: justify;\"><span style=\"color: #000000;\">In 1796 wordt August tweede<sup>\u00a0<\/sup>luitenant bij de Feldj\u00e4ger. Commandant is Ernst von T\u00fcmpling, die aan het front tegen de Fransen bij Landau zwaar gewond was geraakt. Het regiment blijft in Westfalen liggen, hoewel het garnizoen zich helemaal in Erlangen bij Neurenberg bevindt en met de Fransen de Vrede van Bazel gesloten is.<\/span><\/p>\n<p style=\"text-align: justify;\"><span style=\"color: #000000;\">Op 12 mei 1798 wordt Wilhelm eindelijk stemhebbend regeringsraad in Hanau. Hij is ook <em>advocatura principis<\/em>. Voor al zijn betrekking samen ontvangt hij een jaarwedde van 1.400 florijn. Diezelfde dag wordt een eerste dochter geboren en achter elkaar volgen er nog vier dochters. In de tussentijd volgt een bevordering tot <em>Oberappellationsrath<\/em>. Ook is hij sinds 1800 <em>Oberamtmann<\/em> in Vilbel. In 1802 vertegenwoordigt hij de Landgraaf in de buitengewone Rijksdeputatie te Regensburg inzake de schadeloosstellingen voor de Duitse vorsten. Hij is daarnaast gezant voor de particuliere belangen van de Landgraaf.<\/span><\/p>\n<p style=\"text-align: justify;\"><span style=\"color: #000000;\">Friedrich is ook onder de indruk geraakt van een dochter Knobel, want op begin 1802 trouwt hij met Johanna (Hanschen). Hij is compagniechef van het garnizoen van Kassel. Vader Wilhelm Ludwig is ook bij dit huwelijk, maar overlijdt in 1804 op 82-jarige leeftijd.\u00a0<\/span><\/p>\n<p style=\"text-align: justify;\"><span style=\"color: #000000;\">Na twintig jaar in Hanau in alle genoemde functies gaat Wilhelm op 1 januari 1805 naar de hoofdstad Kassel om de nieuwe functie van <em>Oberappellationsgerichtsrath<\/em> op zich te nemen. Hij ontmoet daar zijn broer Friedrich en in hun <\/span><span style=\"color: #000000;\">huis <\/span><span style=\"color: #000000;\">ontfermt\u00a0<\/span><span style=\"color: #000000;\">zijn schoonzus <\/span><span style=\"color: #000000;\">zich naast <\/span><span style=\"color: #000000;\">haar eerste dochter ook <\/span><span style=\"color: #000000;\">over <\/span><span style=\"color: #000000;\">zijn twee oudste dochters. De zussen Knobel verenigen zich vier maanden later. Eind dat jaar krijgt Friedrich zijn eerste zoon en het jaar daarop volgt zijn benoeming tot kapitein van de artillerie.<\/span><\/p>\n<p style=\"text-align: justify;\"><span style=\"color: #000000;\">In 1806 trouwt ook de derde zoon August. Hij is dan eerste luitenant. Zijn bruid is <\/span><span style=\"color: #000000;\">de 22-jarige Emilia Sch\u00f6ling uit <\/span><span style=\"color: #000000;\">Schweckhausen<\/span><span style=\"color: #000000;\">. Het huwelijk vindt plaats in de<\/span><span style=\"color: #000000;\"> katholieke St Mauritiuskerk in R\u00f6sebeck. Dat stadje ligt net over de grens met Hessen <\/span><span style=\"color: #000000;\">in het prinsbisdom Paderborn, dat sinds 1802 bij Pruisen hoort<\/span><span style=\"color: #000000;\">. <\/span><span style=\"color: #000000;\">Daar wonen zij in een landhuis met <\/span><span style=\"color: #000000;\">80 morgen grond en een oude burcht op de Desenberg. Wilhelm Ludwig von Meijerfeld<\/span><span style=\"color: #000000;\"> had het in 1780 gekocht van twee dames van een op uitsterven staande tak van het plaatselijke geslacht Von Spiegel, had het landhuis uitgebouwd en het gebied voor landbouw geschikt gemaakt. Vader en zoon voeren een rechtszaak met de Von Spiegels bij het Hof van Paderborn.<\/span> <span style=\"color: #0000ff;\"><a style=\"color: #0000ff;\" href=\"#voetnoot\">(2)<\/a><\/span><\/p>\n<p style=\"text-align: center;\"><img loading=\"lazy\" decoding=\"async\" class=\" wp-image-5733 aligncenter\" src=\"https:\/\/meijenfeldt.nl\/wp-content\/uploads\/2017\/08\/Desenburg-296x300.jpg\" sizes=\"auto, (max-width: 296px) 100vw, 296px\" srcset=\"https:\/\/meijenfeldt.nl\/wp-content\/uploads\/2017\/08\/Desenburg-296x300.jpg 296w, https:\/\/meijenfeldt.nl\/wp-content\/uploads\/2017\/08\/Desenburg.jpg 592w\" alt=\"Ru\u00efne van de burcht op de Desenberg tussen Warburg en R\u00f6sebeck\" width=\"505\" height=\"512\" \/><span style=\"font-family: georgia, palatino, serif; font-size: 10pt;\"><em>Ru\u00efne van de burcht op de Desenberg tussen Warburg en R\u00f6sebeck<\/em><\/span><\/p>\n<p style=\"text-align: justify;\"><span style=\"color: #000000;\">In het jaar 1806 rukt Napoleon met zijn Franse troepen steeds verder oostwaarts. Na de Vrede van Tilsit het jaar daarop met Rusland en Pruisen benoemt hij zijn broer Jerome tot nieuwe koning van Westfalen. <\/span><span style=\"color: #000000;\">De\u00a0eerste zoon van Wilhelm August\u00a0wordt drie dagen v\u00f3\u00f3r de Franse bezetting van Kassel geboren. Hij noteert\u00a0in zijn autobiografie:<\/span><\/p>\n<p style=\"text-align: justify; padding-left: 30px;\"><span style=\"color: #000000; font-size: 12pt;\"><em>Mit dem ersten ward meine Frau (&#8230;) noch ruhig und gl\u00fccklig verbunden. Ihre k\u00f6rperliche Kraft und wahrhaft m\u00e4nnlichter Muht \u00fcberwandte aber auch die heftigen Gem\u00fcthsersch\u00fctterungen, z.B. die\u00a0Androhung einer Pl\u00fcnderung in diesen Tagen des Schreckens, der Furcht und der Angst so bewunderungsw\u00fcrdig, da\u03b2 kein nachteiliger Einflu\u03b2 hiervon auf ihre und des Kindes Gesundheit wahrzunehmen war.<\/em><\/span><\/p>\n<p style=\"text-align: justify;\"><span style=\"color: #000000;\">Wilhelm werkt niet graag mee aan het Franse rechtssysteem, maar laat zich op 15 januari 1808 wel tot \u00e9\u00e9n van de drie presidenten van de kamers van het hoogste gerechtshof benoemen tegen een jaarwedde van 9.000 Franc met de gedachte zich strikt tot het juridische werk te beperken. Hij maakt ook tijd om te schrijven. Uit deze werken blijkt dat \u2018strikt juridisch\u2019 wel een keuze vraagt, omdat hij nu de Code Napoleon in plaats van het oude leenrecht als uitgangspunt neemt. Ook Friedrich verzet zich niet: hij wordt in 1809 commandant van de garde van de Prefect van het departement Fulda binnen het koninkrijk Westfalen. Of het hiermee te maken heeft laat zich raden, maar von\u00a0<span class=\"s-hl\">Meijerfeld in<\/span> Hanau voert in 1808 een rechtszaak tegen Knobel in Schwarzenfels wegens <em>maternorum<\/em>.<\/span><\/p>\n<p style=\"text-align: justify;\"><span style=\"color: #000000;\">August zit er anders in. Als\u00a0<\/span><span style=\"color: #000000;\">de Franse koning <\/span><span style=\"color: #000000;\">zijn regiment in 1809 <\/span><span style=\"color: #000000;\">ontbindt wordt zijn verzoek tot afdanking uit het leger gehonoreerd.<\/span> Hij concentreert zich op z<span style=\"color: #000000;\">ijn gezin in R\u00f6sebeck. In 1807 was een zoon Julius Friedrich Ludwig geboren en in 1809 komt een tweeling met de namen Otto August Wolfgang en Amalia Augusta Carolina. <\/span><span style=\"color: #000000;\">Daarna volgen nog twee dochters <\/span><span style=\"color: #000000;\">Adolphine Christine Emilie en<\/span><span style=\"color: #000000;\"> Adolphina Eugenia Bertha, die geen van twee\u00ebn ouder dan 10 jaar worden<\/span><span style=\"color: #000000;\">. In 1811 accepteert August toch een benoeming van de Fransen, namelijk tot <\/span><span style=\"color: #000000;\">burgemeester<\/span><span style=\"color: #000000;\">\u00a0(<\/span><em style=\"color: #000000;\">Maire, Ortsbeamte<\/em><span style=\"color: #000000;\">) van R\u00f6sebeck.<\/span><\/p>\n<p style=\"text-align: justify;\"><span style=\"color: #000000;\">Na de mislukte veldtocht van Napoleon naar Moskou komen de Russen in 1813 Westfalen bevrijden, maar al snel komen de Fransen terug. In Kassel wordt Wilhelm er van beschuldigd de stad zonder tegenstand te hebben overgegeven. Hij wordt 3 oktober om 23:00 uur door de politie van huis weggevoerd en gevangen gezet in het kasteel. Zijn vrouw probeert opnieuw rust uit te stralen, maar ditmaal krijgt zij een zenuwinzinking en verliest de zoon waarvan zij in verwachting is.\u00a0<\/span><span style=\"color: #000000;\">De eerste week van de hechtenis mag \u00e9\u00e9n van zijn kinderen nog bij vader op bezoek komen, de tweede week niet meer. Een cipier komt op 24 oktober de cel van Wilhelm August inlopen met de kreet: <em>I<\/em><\/span><span style=\"color: #000000;\"><em>hr Geburtstag ist Ihr Gl\u00fccktag! Sie sind frei! <\/em>Na de Volkerenslag bij Leipzig ziet koning Jerome in dat de situatie hopeloos is en <\/span><span style=\"color: #000000;\">vertrekt. Wilhelm neemt voorlopig het bestuur van de stad Kassel en Neder-Hessen op zich. Hij ziet eerst Russische troepen en kort daarop de keurvorst terugkeren. Broer Friedrich krijgt opdracht de rekrutering van de troepen in de provincie Hanau ter hand te nemen en andere broer August blijft burgemeester van R\u00f6sebeck.<\/span><\/p>\n<p style=\"text-align: justify;\"><span style=\"color: #000000;\">Niet alleen de Fransen spreken Wilhelm aan op zijn gedrag, ook de keurvorst doet dat na zijn terugkeer. Hij schrijft met succes een uitvoerige apologie over zijn werkzaamheden tijdens de Franse bezetting en wordt daarin gesteund door de Hessische regeringsfunctionarissen die hem destijds mede tot zijn besluit hadden aangezet. De keurvorst is overtuigd en benoemt hij hem op 4 maart 1814 tot president van de regering in Rinteln, hoofdstad van het vorstendom Schaumburg. Een bevordering kan het niet genoemd worden. De jaarwedde bedraagt ook maar 1.500 rijksdaalder, maar hij krijgt daarboven 500 rijksdaalder aan emolumenten zoals gratis wonen. <\/span><\/p>\n<p style=\"text-align: justify;\"><span style=\"color: #000000;\">De reis van Kassel naar Rinteln met drie van zijn kinderen is lang en zwaar vanwege het winterse weer. De oversteek van de Weser is vanwege ijsschollen ronduit gevaarlijk. Diezelfde Weser is er in 1815 oorzaak van dat zijn jongste 4-jarige zoon spelend op een brug met zijn hoofd naar beneden in de rivier valt en door de lokale arts niet meer tot leven te brengen is. Friedrich krijgt dat jaar in Kassel een zoon, Wilhelm het jaar daarop een dochter. Wilhelm is dan Eerste Landdag Commissaris in zijn provincie, Friedrich wordt in 1816 majoor en commandant in Marburg.<\/span><\/p>\n<p style=\"text-align: center;\"><span style=\"font-size: 10pt; color: #000000;\"><span style=\"color: #0000ff;\"><a id=\"voetnoot\"><\/a><a style=\"color: #0000ff;\" href=\"https:\/\/meijenfeldt.nl\/?page_id=2178\">Terug<\/a>\u00a0<\/span> \u00a0***\u00a0 \u00a0<span style=\"color: #0000ff;\"><a style=\"color: #0000ff;\" href=\"https:\/\/meijenfeldt.nl\/?page_id=6688\">Verder<\/a><\/span><\/span><\/p>\n<p style=\"text-align: justify;\"><span style=\"color: #000000; font-family: georgia,palatino,serif; font-size: 10pt;\"><span class=\"SpellE\">1. F.D. <span style=\"color: #0000ff;\"><a style=\"color: #0000ff;\" href=\"http:\/\/www.mediterranee-antique.fr\/Auteurs\/Fichiers\/ABC\/Chuquet\/G_Revolution\/T07\/Mayence_13.htm\">Fournier<\/a><\/span>, \u201cLes Guerres de la R\u00e9volution\u201d, Mayence, 1. Les Patriotes, 3. Les \u00e9lections.<br \/>\n<span style=\"color: #0000ff;\"><span style=\"color: #000000;\">2.<\/span> <a style=\"color: #0000ff;\" href=\"https:\/\/www.roesebeck.net\/index.php\/roesebeck\/ortsgeschichte\/bis-1989\">Ortsgeschichte<\/a><\/span> R\u00f6seneck, Chronik bis 1989. Erbschaftsprozes v. Spiegel .\/. v. Meyenfeld, Landesarchiv<\/span> <span class=\"SpellE\">Nordrhein-Westfalen<\/span>, A264,\u00a0Nr. 118 en 6640, Gesamtarchiv von Spiegel.<\/span><\/p>\n","protected":false},"excerpt":{"rendered":"<p>Zomer 1788 krijgt de 29-jarige Wilhelm August von Meijerfeld opdracht van de regering in Hanau onderzoek te doen naar bezwaren die tegen autoriteiten in Schwarzenfels zijn geuit. In dit prachtig op een berg gelegen dorp raakt hij onder de indruk van de enorme fabriek van industrieel Knobel. Gebruikmakend van de gastvrije uitnodiging valt de mooie &hellip; <a href=\"https:\/\/meijenfeldt.nl\/?page_id=6645\" class=\"more-link\">Verder lezen <span class=\"screen-reader-text\">4.1.3. Knobel<\/span><\/a><\/p>\n","protected":false},"author":1,"featured_media":0,"parent":0,"menu_order":0,"comment_status":"closed","ping_status":"closed","template":"","meta":{"footnotes":""},"class_list":["post-6645","page","type-page","status-publish","hentry"],"_links":{"self":[{"href":"https:\/\/meijenfeldt.nl\/index.php?rest_route=\/wp\/v2\/pages\/6645","targetHints":{"allow":["GET"]}}],"collection":[{"href":"https:\/\/meijenfeldt.nl\/index.php?rest_route=\/wp\/v2\/pages"}],"about":[{"href":"https:\/\/meijenfeldt.nl\/index.php?rest_route=\/wp\/v2\/types\/page"}],"author":[{"embeddable":true,"href":"https:\/\/meijenfeldt.nl\/index.php?rest_route=\/wp\/v2\/users\/1"}],"replies":[{"embeddable":true,"href":"https:\/\/meijenfeldt.nl\/index.php?rest_route=%2Fwp%2Fv2%2Fcomments&post=6645"}],"version-history":[{"count":71,"href":"https:\/\/meijenfeldt.nl\/index.php?rest_route=\/wp\/v2\/pages\/6645\/revisions"}],"predecessor-version":[{"id":71388,"href":"https:\/\/meijenfeldt.nl\/index.php?rest_route=\/wp\/v2\/pages\/6645\/revisions\/71388"}],"wp:attachment":[{"href":"https:\/\/meijenfeldt.nl\/index.php?rest_route=%2Fwp%2Fv2%2Fmedia&parent=6645"}],"curies":[{"name":"wp","href":"https:\/\/api.w.org\/{rel}","templated":true}]}}