{"id":65359,"date":"2024-07-22T13:34:43","date_gmt":"2024-07-22T13:34:43","guid":{"rendered":"https:\/\/meijenfeldt.nl\/?page_id=65359"},"modified":"2024-07-23T15:37:16","modified_gmt":"2024-07-23T15:37:16","slug":"schmau%ce%b2","status":"publish","type":"page","link":"https:\/\/meijenfeldt.nl\/?page_id=65359","title":{"rendered":"Schmau\u03b2"},"content":{"rendered":"<p><strong><span style=\"font-size: 14pt;\">Johann Jacob Schmau\u03b2, \u201cDas Glorw\u00fcrdigste Leben und die grossen Helden=Thaten Sr. letztverstorbenen Majest. Caroli XII. K\u00f6nigs in Schweden, Aus Actis Publicis, und andern zuverl\u00e4\u00dfigen, theils auch ungedruckten Nachrichten; Mit Anf\u00fchrung einer gr\u00f6ssen Anzahl von Documenten, und flei\u03b2iger Allegirung der darzu gebrauchten Schrifften, Auf das vollst\u00e4ndigste, und ganz unpartheyisch beschrieben\u201d, Halle 1719-1720.<\/span><\/strong><\/p>\n<p><span style=\"color: #0000ff;\"><a style=\"color: #0000ff;\" href=\"https:\/\/play.google.com\/books\/reader?id=ME7NSsMOzHIC&amp;pg=GBS.PP4&amp;hl=nl\">DEEL 1<\/a><\/span><\/p>\n<p><span style=\"text-decoration: underline;\">Pag. 476<\/span> (1701)<\/p>\n<p>Nachdem nun die Schwedische Armee, welche in allem 18000. Mann zu Fu\u03b2, und 5000. zu Pferde starck war, sich bey Dorpt versammelt h\u00e4tte, so schickte der K\u00f6nig den Obrist=Lieutenant Meyerfeld mit einem Detachement gegen Kockenhausen voraus , wohin sich auch der Obrist Helmers mit 600. Mann und einigen St\u00fccken aus Riga begeben hatte, um die Feinde glauben zu machen, als ob das Dessein auf Kockenhausen, woselbst ihr Haupt=Qvartier war, gerichtet w\u00e4re; wie sie dann auch um de\u03b2willen den gr\u00f6sten Theil ihres Volcks dahin gezogen.<\/p>\n<p><span style=\"text-decoration: underline;\">Pag. 581-582<\/span> (1701)<\/p>\n<p>Ja es kam unter w\u00e4hrenden diesen Tractaten zu Gradno fo weit, da\u03b2 die Sapiehische Parthey 600. Mann Schwedischer Reuter, so unter dem Commando des Obristen Hummershilm und Meyerfeld detachiret wurden, auf ihre G\u00fcter, sonderlich nach Schooden und Polangen einnahmen, die sie wider die Oginskische bedecken s\u00f6lten. ( * )<\/p>\n<p><span style=\"font-size: 12pt; font-family: georgia, palatino, serif;\">( * ) <span style=\"color: #0000ff;\"><a style=\"color: #0000ff;\" href=\"https:\/\/meijenfeldt.nl\/?page_id=65368\">Theatrum Europaeum<\/a><\/span> XVI pag. 451. Leben K\u00f6nig Carls XII. T. II. p. 344. Entwurff der 15j\u00e4hrigen Campagnen K\u00f6nig Carls XII . p . 29. Les Campagnes du Roi de Su\u00e8de par Grimaret. T. I. p. 98.<\/span><\/p>\n<p><span style=\"text-decoration: underline;\">Pag. 597<\/span> (1701)<\/p>\n<p>Oginsky wolte seine Bravour an den Schweden sehen lassen, und sammelte einige Trouppen, mit welchen Besch\u00fcgung er 200. Mann von dem Meyerfeldischen Commando, die an einem Pa\u03b2 bey Kroting stunden, zu \u00fcberfallen beschlossen hatte. Es ward aber sein Vorhaben von seinem eigenen Spion, den er unter die Schweden geschickt hatte, verrathen, daher diese sich unverz\u00fcglich aufmachten, die Oginskischen, welche 800. Mann starck waren, in ihren Qvartieren \u00fcberfielen, und sie bi\u03b2 auf 70. welche noch mit der Flucht entkamen, alle niedermachten; wo bey sie dann nicht mehr als 4. Mann einb\u00fctzen. ( ** )<\/p>\n<p><span style=\"font-family: georgia, palatino, serif; font-size: 12pt; color: #000000;\">( ** ) Leben K\u00f6nig Carls XII. T. II. p. 344. feq.\u00a0<\/span><\/p>\n<p><span style=\"text-decoration: underline;\">Pag. 601<\/span> (1701) Karel XII rijdt met sleden uit winterkwartier weg.<\/p>\n<p>&#8230; und gieng damit pers\u00f6hnlich zu dem Obristen Hummerhielm nach Schauden \u00fcber, von dar er nebst ihm und Meyerfelden den Feind 1. Decemb. \u00fcber Calvaria nach Skudi verfolgte. etc. etc. etc.<\/p>\n<p><span style=\"color: #0000ff;\"><a style=\"color: #0000ff;\" href=\"https:\/\/play.google.com\/books\/reader?id=f9dAAAAAcAAJ&amp;pg=GBS.PP4&amp;hl=nl\">DEEL 2<\/a><\/span><\/p>\n<p><span style=\"text-decoration: underline;\">pag. 101-102<\/span> (1703)<\/p>\n<p>Hiernechst muste auch der Graf Steinbock auf K\u00f6nigl. Befehl einen Brief nach Lublin abgehen lassen, worinnen der K\u00f6nig wegen des denen Schwedischen Trouppen, so vor einem Jahre der General Morner bey der Stadt vor\u00fcber gef\u00fchret, angethanen Torts und Beschimpfung, seinen Verdru\u03b2 bezeugete, und dieserhalben denen Einwohnern 50000. Thaler Brandscha\u03b2ung auferlegte legte. Zu deren Eintreibung ward der Oberst Meyerfeld mit einigen Dragonern und etwas Infanterie dahin beordert.<\/p>\n<p><span style=\"text-decoration: underline;\">pag. 136-137<\/span> (1703)<\/p>\n<p>Se. K\u00f6nigl. Majest\u00e4t von Schweden hatten zwar, so bald die Zeit des von dem Cardinal in den Martium verschobenen Warschauischen Convents herannahete, ihren Marsch von Jakubowitz, allwo sie sechs Wochen stille gelegen waren , gerades weges mit der Armee nach Warschau genommen, in der Hoffnung das angefangene Werck be\u03b2er in Gang zu bringen . Den (17.) 27. Merz brachen dieselbe mit Dero Armee von gedachtem Jakubowitz auf nach Lewarthof und lie\u03b2en den Obrist Meyerfeld mit einigen Trouppen zur\u00fcck, um die Bagage, worunter auch die in Reu\u03b2en und andern Orten gehobene Contributions=Gelder sich befanden, und die auf denen zu Casimirs stehenden Schiffen auf der Weichsel nach Warschau solte gebracht werden, zu convoyiren, welches derselbe auch gl\u00fccklich bewerckstelligte, obwohl Potoki, der kurz vorher sich in Seiner Majest\u00e4t Schutz begeben hatte, denselben auf dem Marsch verfolgete und ihm etwas abzuzwacken suchte.<\/p>\n<p><span style=\"text-decoration: underline;\">Pag. 231-232<\/span> (1703, Thorn)<\/p>\n<p>Kurz darauff beorderte der K\u00f6nig von bemeldter Arm\u00e9e noch 2. Compagnien Litthauer hieher, wovon die Helffte , nachdem sie sich in dem K\u00f6nigl. Lager eine Zeit lang aufgehalten, mit Obrist Meyerfeld nach der Ritterhielm und Nierothischen Parthey abgesandt, und zu Eintrei- bung der Contribution gebraucht wurden.<\/p>\n<p><span style=\"text-decoration: underline;\">Pag. 290-292<\/span>\u00a0(1703, Danzig)<\/p>\n<p>Indem man die Winter=Quartiere dergestalt bezoge, ward auch wiederum eine all gemeine Contribution sowol \u00fcber Ermeland, als den Danziger und Marienburger Werder ausgeschrieben. Diese Mittel kamen zu Anwerbung des 1200. Mann starcken neuen Infanterie=Regiments, worin ber Obrist= Lieutenant Eckeblad Oberster ward, und 4. andern Dragoner=Regimenter, wohl zu pass. Eines davon richtete General Major Graf Steinbock, nach vorg\u00e5ngiger Capitulation, und das andere Obrist Meyerfeld auf:<br \/>\n(&#8230;)<br \/>\nEinige Zeit nach Dieser Promotion geschahe noch eine andere, wobey die Obersten Lagercrona , Hummerhielm und Meyerfeld, zu General=Majors erhoben wurden.<\/p>\n<p><span style=\"text-decoration: underline;\">Pag. 296<\/span> (1703)<\/p>\n<p><strong>Dragoner.<\/strong><br \/>\nLeib=Regiment 8. Compag. commandirt Gen. Lieut . Rheinsschild 600.<br \/>\nBremische Dragoner commandirt Obrist Crassau \u00e0 8. Compagnien 1000. Schonische Dragoner \u00e0 8. Compagn. commandirt Obrist Buchwald 600.<br \/>\nSteinbock \u00e0 8. Compagn. sind in Preu\u00dfen geworben 600.<br \/>\nObrist Taube \u00e0 8. Compagn. Pommern 600.<br \/>\nObrist Meyerfeldt in Preu\u00dfen geworben 600.<br \/>\nSumma 4000.<\/p>\n<p><span style=\"text-decoration: underline;\">Pag. 798-800<\/span> (Sept.-Okt. 1701)<\/p>\n<p>Obrist=Lieutenant Meyerfeld ward auch mit einer Parthey nach Polangen beordert, welches unter des K\u00f6nigs von Pohlen Tafel=G\u00fcter geh\u00f6rig, um solches unter Contribution zu setzen.<br \/>\n(&#8230;)<br \/>\nNachdem nun hieselbst der K\u00f6nig etwas mit Obrist=lieutenant Meyerfeld, so hieher commandiret war, gereden, und befohlen, da\u03b2 niemand von seiner Anwesenheit das geringste sich solte mercken lassen, ritte er incognito mit Meyerfeld nach den Stadtgen Repsin, und besahe daselbst das M\u00fcnchen=Closter. Se. Majest\u00e4t ward von diesen M\u00fcnchen zwar unbekandt, doch wohl empfangen, thate ihnen auch, auf die ihm von selbigen zugebrachte Gesundheit des Konigs von Schweden, im Trincken Bescheid, und ritte so, ohne sich kund zu geben, wieder auf Polangen, und von da nach W\u00fcrgen zur\u00fcck.<\/p>\n<p><span style=\"text-decoration: underline;\">Pag. 804-807<\/span><\/p>\n<p>Ad p. 597. Aus des Herrn von Adlerfeld Entwurff p. 79.80. ist zu sehen, da\u03b2 die Oginskische Parthey am ersten die Feindseligkeiten wider die Schwedische H\u00fclff=V\u00f6lcker auf den Sapiehischen G\u00fctern angefangen, und das Meyerfeldische Corpo w\u00fcrcklich attaquiret, mithin dardurch die Schweden nach Pohlen zu gehen veranlasset.<br \/>\n(&#8230;)<br \/>\n&#8220;doch, da gleich darauf des Oginski Anhang, die unter Obrist=Lieutenant Meyerfelds Commando stehende Schweden, wiewol zu ihrem eigenen schlechten Vortheil, attaquiret hatte, beschlo\u03b2 der K\u00f6nig dem Ogniski nachsetzen zu lassen, der sich dort herum in der N\u00e4he mit seinem Gefolge aufhielte.&#8221;<\/p>\n<p>&nbsp;<\/p>\n","protected":false},"excerpt":{"rendered":"<p>Johann Jacob Schmau\u03b2, \u201cDas Glorw\u00fcrdigste Leben und die grossen Helden=Thaten Sr. letztverstorbenen Majest. Caroli XII. K\u00f6nigs in Schweden, Aus Actis Publicis, und andern zuverl\u00e4\u00dfigen, theils auch ungedruckten Nachrichten; Mit Anf\u00fchrung einer gr\u00f6ssen Anzahl von Documenten, und flei\u03b2iger Allegirung der darzu gebrauchten Schrifften, Auf das vollst\u00e4ndigste, und ganz unpartheyisch beschrieben\u201d, Halle 1719-1720. DEEL 1 Pag. 476 &hellip; <a href=\"https:\/\/meijenfeldt.nl\/?page_id=65359\" class=\"more-link\">Verder lezen <span class=\"screen-reader-text\">Schmau\u03b2<\/span><\/a><\/p>\n","protected":false},"author":1,"featured_media":0,"parent":0,"menu_order":0,"comment_status":"closed","ping_status":"closed","template":"","meta":{"footnotes":""},"class_list":["post-65359","page","type-page","status-publish","hentry"],"_links":{"self":[{"href":"https:\/\/meijenfeldt.nl\/index.php?rest_route=\/wp\/v2\/pages\/65359","targetHints":{"allow":["GET"]}}],"collection":[{"href":"https:\/\/meijenfeldt.nl\/index.php?rest_route=\/wp\/v2\/pages"}],"about":[{"href":"https:\/\/meijenfeldt.nl\/index.php?rest_route=\/wp\/v2\/types\/page"}],"author":[{"embeddable":true,"href":"https:\/\/meijenfeldt.nl\/index.php?rest_route=\/wp\/v2\/users\/1"}],"replies":[{"embeddable":true,"href":"https:\/\/meijenfeldt.nl\/index.php?rest_route=%2Fwp%2Fv2%2Fcomments&post=65359"}],"version-history":[{"count":5,"href":"https:\/\/meijenfeldt.nl\/index.php?rest_route=\/wp\/v2\/pages\/65359\/revisions"}],"predecessor-version":[{"id":65381,"href":"https:\/\/meijenfeldt.nl\/index.php?rest_route=\/wp\/v2\/pages\/65359\/revisions\/65381"}],"wp:attachment":[{"href":"https:\/\/meijenfeldt.nl\/index.php?rest_route=%2Fwp%2Fv2%2Fmedia&parent=65359"}],"curies":[{"name":"wp","href":"https:\/\/api.w.org\/{rel}","templated":true}]}}