{"id":64266,"date":"2024-05-18T17:13:42","date_gmt":"2024-05-18T17:13:42","guid":{"rendered":"https:\/\/meijenfeldt.nl\/?page_id=64266"},"modified":"2024-08-13T12:03:25","modified_gmt":"2024-08-13T12:03:25","slug":"3-3-2-gauhe","status":"publish","type":"page","link":"https:\/\/meijenfeldt.nl\/?page_id=64266","title":{"rendered":"1.2.9. Gauhe en Ranft"},"content":{"rendered":"<p style=\"text-align: justify;\"><span style=\"color: #000000;\">In 1747 schrijft Johann Friedrich Gauhe de eerste Duitse adelslexicon met biografische gegevens. In zijn lemma <em>Meyerfeld, Mayerfeld<\/em> staan veel gegevens. <span style=\"color: #0000ff;\"><a style=\"color: #0000ff;\" href=\"#voetnoot\">(1)<\/a><\/span><\/span><\/p>\n<p style=\"padding-left: 40px; text-align: justify;\"><em><span style=\"color: #000000; font-family: georgia, palatino, serif; font-size: 12pt;\">Von dieser hochansehnlichen adelichen und itzo gr\u00e4flichen Familie in Westphalen, Liefland u. findet man, da\u03b2 sie sich ehemals Lingen von Meyerfeld genennet. Ob Lingen der Stamm=Nahme sey, und sie etwa vor alters von dem adelichen Patricien=Geschlecht zu L\u00fcbeck von Lingen, allwo es noch floriret, abgestammet sey, k\u00f6nnen wir nicht bejahen: das ist gewi\u03b2 , da\u03b2 sie schon \u00fcber 100 Jahr in den vornehmsten Hof= und Kriegs=Chargen sich trefflich hervorgethan. Der erste den wir anf\u00fchren k\u00f6nnen, ist Dietrich Hermann von Meyerfeld, Chur=C\u00f6llnischer geheimder Rath und An. 1646 gevollm\u00e4chtigter Gesandter auf dem Friedens=Congre\u03b2 zu M\u00fcnster. <\/span><\/em><\/p>\n<p style=\"text-align: justify;\"><span style=\"color: #000000;\">Een zo oude naam Meyerfeld is moeilijk te verenigen met het Baltische geslacht Meijer sinds 1480. Een latere Pruisische adelslexicon komt er achter dat het wapen van Dietrich Hermann compleet afwijkt van dat van het Zweedse geslacht. <span style=\"color: #0000ff;\"><a style=\"color: #0000ff;\" href=\"#voetnoot\">(2)<\/a><\/span> Na enig onderzoek in de stukken van het Vredescongres van M\u00fcnster blijkt zijn achternaam ook nog eens ander te luiden: von Meerfeld. <span style=\"color: #0000ff;\"><a style=\"color: #0000ff;\" href=\"#voetnoot\">(3)<\/a><\/span> De naam Lingen en de stad L\u00fcbeck zijn wel met Meerfeld verbonden. Daarmee is deze onthulling hier niet relevant.<\/span><\/p>\n<p style=\"padding-left: 40px; text-align: justify;\"><span style=\"color: #000000; font-family: georgia, palatino, serif; font-size: 12pt;\"><em>Nachgehends hat dieses Geschlecht dem K\u00f6nige von Schweden vortreffliche Dienste geleistet. N. von Mayerfeld, Schwedischer General und Ober=Commandant zu Stettin, hernach General=Gouverneur in Schonen, blieb An. 1715 in einem Treffen mit den D\u00e5nen. Johann August erster Graf von Meyerfeld , Reichs=Rath in Schweden, General=Gouverneur in Pommern und R\u00fcgen, wie auch Canzler der Universit\u00e4t Greifswalde, florirte noch zu unsern Zeiten. Sein Bruder Woldemar Graf, hatte sich von Jugend auf in Kayserl. Kriegsdiensten aufgehalten, starb An. 1739 zu Wien als General=Major im hohen Alter, nachdem er die Catholische Religion angenommen gehabt<\/em> . <\/span><\/p>\n<p style=\"text-align: justify;\">Dit deel van Gauhe is behoorlijk correct. Bij het uitkomen van zijn boek leeft Johann August sr nog, dus sneuvelt niet i<span style=\"color: #000000;\">n 1715 in een treffen met de Denen. Niet hij maar Stenbock zwaait de scepter over Sk\u00e5ne.\u00a0<\/span><\/p>\n<p style=\"text-align: justify; padding-left: 40px;\"><em><span style=\"color: #000000; font-family: georgia, palatino, serif; font-size: 12pt;\">Zu seiner Zeit ward Maria Catharina Baronesse von Meyerfeld, bisherige Decanitzin des Stiffts St. Jacobi zu Wien, Obristin desselben, und ist sie vorgedachtem General und Grafen von Meyerfeld nahe anverwandt gewesen.<\/span><\/em><\/p>\n<p style=\"text-align: justify;\">Inderdaad wordt de Deken van de reguliere kanunnikessen (CRA) van de kloosterorde St. Augustinus in 1722 door keizer Leopold I benoemd tot Proost van het Augustiner nonnenklooster St. Jakob auf der H\u00fcben in Wenen. Zij sterft in 1727 op 79-jarige leeftijd en is dus in 1648 geboren. Een krant uit die tijd schrijft Meyerfeld als achternaam, maar overige bronnen houden het op barones <em>von Mayerberg<\/em>. Door haar leeftijd en naam moet een verwantschap met Andreas von Meijerfeldt uitgesloten worden geacht. <span style=\"color: #0000ff;\"><a style=\"color: #0000ff;\" href=\"#voetnoot\">(4)<\/a><br \/>\n<\/span><span style=\"color: #000000;\"><img loading=\"lazy\" decoding=\"async\" class=\"wp-image-27286 aligncenter\" src=\"https:\/\/meijenfeldt.nl\/wp-content\/uploads\/2020\/05\/Nonnen-Kloster-300x201.jpg\" sizes=\"auto, (max-width: 597px) 100vw, 597px\" srcset=\"https:\/\/meijenfeldt.nl\/wp-content\/uploads\/2020\/05\/Nonnen-Kloster-300x201.jpg 300w, https:\/\/meijenfeldt.nl\/wp-content\/uploads\/2020\/05\/Nonnen-Kloster.jpg 724w\" alt=\"\" width=\"597\" height=\"400\" \/><span style=\"font-size: 10pt;\"><em>Ansicht uit 1724 van het nonnenklaaster St. Jakob auf der H\u00fclben in Wenen<\/em><\/span><\/span><\/p>\n<p style=\"text-align: justify;\"><span style=\"color: #000000;\">Gauhe noemt geen oorspronkelijke bronnen waarop hij zich baseert. Er staat <em>Memoires <\/em>onder. Hij lijkt te bedoelen dat hij uit zijn geheugen put. Dat is doorgaans een minder betrouwbare bron en geeft geen mogelijkheid zijn informatie aan een nader onderzoek te onderwerpen.<\/span><\/p>\n<p style=\"text-align: justify;\"><span style=\"color: #000000;\">In \u00e9\u00e9n van <\/span><span style=\"color: #000000;\">de oudste Duitse adelsboeken schrijft Michael Ranft in 1750 het volgende:<\/span> <span style=\"color: #0000ff;\"><a style=\"color: #0000ff;\" href=\"#voetnoot\">(5)<\/a><\/span><\/p>\n<p style=\"padding-left: 40px; text-align: justify;\"><em><span style=\"font-family: georgia, palatino, serif; font-size: 12pt; color: #000000;\">Johann August, Graf von Meyerfeld, war ein gebohrner Liefl\u00e4ndischer Edelmann. Sein Geschlecht geh\u00f6rt unter die \u00e4ltesten des Landes. <\/span><\/em><\/p>\n<p style=\"text-align: justify;\"><span style=\"color: #000000;\">De eerste zin bevestigt dat Andreas von Meijerfeldt en zijn drie zoons al v\u00f3\u00f3r de verheffing in de Zweedse adelstand in 1674 reeds Lijflandse edelen waren. Sterker nog, de Meijers waren dat kennelijk al eeuwen.<\/span><\/p>\n<p style=\"text-align: center;\"><span style=\"font-size: 10pt; color: #000000;\"><span style=\"color: #0000ff;\"><a id=\"voetnoot\"><\/a><a style=\"color: #0000ff;\" href=\"https:\/\/meijenfeldt.nl\/?page_id=64369\">Terug<\/a>\u00a0 \u00a0<\/span>***\u00a0 \u00a0<span style=\"color: #0000ff;\"><a style=\"color: #0000ff;\" href=\"https:\/\/meijenfeldt.nl\/?page_id=36560\">Verder<\/a><\/span><\/span><\/p>\n<p style=\"text-align: justify;\"><span style=\"color: #000000; font-size: 10pt;\">1<\/span><span style=\"color: #000000; font-size: 10pt;\">. J.F. Gauhe, \u201cDes Heil. R\u00f6m. Reichs Genea\u00adlogisch-Histo\u00adrischen Adels-Lexici\u201d Leipzig 1747, deel 2, <span style=\"color: #0000ff;\"><a style=\"color: #0000ff;\" href=\"https:\/\/books.google.nl\/books?id=OA1nAAAAcAAJ&amp;pg=PA727&amp;lpg=PA727&amp;dq=johann+friedrich+gauhe+mayerfeld&amp;source=bl&amp;ots=VXUo0__NBB&amp;sig=xqlrEczepJqslyqJISA_ZEq_4zs&amp;hl=en&amp;sa=X&amp;ved=2ahUKEwjYoMrZztraAhWBr6QKHWB-BtwQ6AEwAXoECAYQAQ#v=onepage&amp;q=johann%20friedrich%20gauhe%20mayerfeld&amp;f=false\">pag. 727-728<\/a>.<br \/>\n<span style=\"color: #000000;\">2<\/span><\/span><\/span><span style=\"color: #000000; font-size: 10pt;\">. L. von Ledebur, \u201cAdelslexicon der Preussischen Monar\u00adchie\u201d, Berlijn 1855, deel 2, pag. 103, gecorrigeerd in deel 3, Nachtrag, <a style=\"color: #000000;\" href=\"https:\/\/books.google.nl\/books?redir_esc=y&amp;hl=sv&amp;id=449AAAAAcAAJ&amp;q=meyerfeld#v=onepage&amp;q=Meyerfeld&amp;f=false\"><span style=\"color: #0000ff;\">pag. 310<\/span><\/a>.<\/span><br \/>\n<span style=\"color: #000000; font-size: 10pt;\">3. J.G. von Meiern, \u201cActa Pacis Westphalicae Publica oder Westph\u00e4lische Friedens-Verhandlungen und Geschichte\u201d, Hannover 1734, pag. 55.<\/span><br \/>\n<span style=\"color: #000000; font-size: 10pt;\">4. Recueil des Nouvvelles, Gazette de Paris du 23 May 1722, <span style=\"color: #0000ff;\"><a style=\"color: #0000ff;\" href=\"https:\/\/gallica.bnf.fr\/ark:\/12148\/bpt6k6236229j\/f3.image.r=meyerfeld?rk=42918;4\">pag. 255<\/a><\/span>. Supplement du Mercure de May 1722,\u00a0<a style=\"color: #000000;\" href=\"https:\/\/books.google.se\/books?id=cPFNyfyEBakC&amp;pg=PA183&amp;lpg=PA183&amp;dq=doyenne+meyerfeld+saint+augustin&amp;source=bl&amp;ots=2KfCwGUpfM&amp;sig=ACfU3U2dnbJ0leqNx7SoFF3jeFh-qKJMjA&amp;hl=sv&amp;sa=X&amp;ved=2ahUKEwiwtaH9_PLgAhWCZlAKHe2_AwoQ6AEwB3oECAgQAQ#v=onepage&amp;q=doyenne%20meyerfeld%20saint%20augustin&amp;f=false\"><span style=\"color: #0000ff;\">pag. 183-184<\/span><\/a><span style=\"color: #0000ff;\">.<span style=\"color: #000000;\"> University of St. Andrews, School of History Fife, <a style=\"color: #0000ff;\" href=\"https:\/\/arts.st-andrews.ac.uk\/monasticmatrix\/monasticon\/s-jakob-auf-der-h%C3%BClben\">Monastic Matrix<\/a>.<br \/>\n5. M. Ranft, \u201cNeue Genealogisch-Historischen Nachrichten von den vornehmsten Begebenheiten welche sich an den Europ\u00e4ischen H\u00f6fen zugetragen, worinn zogleich vieler Stands-Personen Lebens-Beschreibungen\u201d, deel 2, hoofdstuk 1, <em>\u201c<\/em>Leben und Thaten des j\u00fcngst verstorben Schwedischen Grafens von Meyerfeld<em>\u201d<\/em>, Leipzig 1750, <a style=\"color: #0000ff;\" href=\"https:\/\/books.google.nl\/books?id=Fd1TAAAAcAAJ&amp;pg=PA127&amp;lpg=PA127&amp;dq=meyerfeld+stralsund&amp;source=bl&amp;ots=tULg1DjBH2&amp;sig=XJQmblKOujAOSHyD2xFX5ajcK0w&amp;hl=en&amp;sa=X&amp;ved=2ahUKEwjG7aeft8nbAhWBblAKHXGyBrA4FBDoATAAegQICBAB\">pag. 91<\/a>.<br \/>\n<\/span><\/span><\/span><\/p>\n","protected":false},"excerpt":{"rendered":"<p>In 1747 schrijft Johann Friedrich Gauhe de eerste Duitse adelslexicon met biografische gegevens. In zijn lemma Meyerfeld, Mayerfeld staan veel gegevens. (1) Von dieser hochansehnlichen adelichen und itzo gr\u00e4flichen Familie in Westphalen, Liefland u. findet man, da\u03b2 sie sich ehemals Lingen von Meyerfeld genennet. Ob Lingen der Stamm=Nahme sey, und sie etwa vor alters von &hellip; <a href=\"https:\/\/meijenfeldt.nl\/?page_id=64266\" class=\"more-link\">Verder lezen <span class=\"screen-reader-text\">1.2.9. Gauhe en Ranft<\/span><\/a><\/p>\n","protected":false},"author":1,"featured_media":0,"parent":0,"menu_order":0,"comment_status":"closed","ping_status":"closed","template":"","meta":{"footnotes":""},"class_list":["post-64266","page","type-page","status-publish","hentry"],"_links":{"self":[{"href":"https:\/\/meijenfeldt.nl\/index.php?rest_route=\/wp\/v2\/pages\/64266","targetHints":{"allow":["GET"]}}],"collection":[{"href":"https:\/\/meijenfeldt.nl\/index.php?rest_route=\/wp\/v2\/pages"}],"about":[{"href":"https:\/\/meijenfeldt.nl\/index.php?rest_route=\/wp\/v2\/types\/page"}],"author":[{"embeddable":true,"href":"https:\/\/meijenfeldt.nl\/index.php?rest_route=\/wp\/v2\/users\/1"}],"replies":[{"embeddable":true,"href":"https:\/\/meijenfeldt.nl\/index.php?rest_route=%2Fwp%2Fv2%2Fcomments&post=64266"}],"version-history":[{"count":14,"href":"https:\/\/meijenfeldt.nl\/index.php?rest_route=\/wp\/v2\/pages\/64266\/revisions"}],"predecessor-version":[{"id":65881,"href":"https:\/\/meijenfeldt.nl\/index.php?rest_route=\/wp\/v2\/pages\/64266\/revisions\/65881"}],"wp:attachment":[{"href":"https:\/\/meijenfeldt.nl\/index.php?rest_route=%2Fwp%2Fv2%2Fmedia&parent=64266"}],"curies":[{"name":"wp","href":"https:\/\/api.w.org\/{rel}","templated":true}]}}