{"id":63762,"date":"2024-05-10T16:13:51","date_gmt":"2024-05-10T16:13:51","guid":{"rendered":"https:\/\/meijenfeldt.nl\/?page_id=63762"},"modified":"2025-10-28T09:18:19","modified_gmt":"2025-10-28T09:18:19","slug":"3-2-3-dna-profiel","status":"publish","type":"page","link":"https:\/\/meijenfeldt.nl\/?page_id=63762","title":{"rendered":"3.5.5. DNA-profiel"},"content":{"rendered":"<p style=\"text-align: justify;\">Het Meijerfeldtse familiegraf is na de restauratie door de pastor in een kerkdienst opnieuw ingewijd op 24 juni 2023. Alles in het graf is netjes geordend, mede ten behoeve van de Dag des Oordeels. De metalen voorwerpen zijn blijvend uit het graf omhoog gehaald om verder te restaureren en tentoon te stellen. Vier willekeurig gekozen botten zijn uitgenomen voor het opstellen van een DNA-profiel.<\/p>\n<p style=\"text-align: justify;\">Vooraf was aan Verilabs in Gouda gevraagd richtlijnen mee te geven. Na intern beraad werd aangegeven zelf geen botten van 223 tot 335 jaar oud goed te kunnen onderzoeken. Aanbevolen werd contact op te nemen met het Max-Planck-Institut f\u00fcr Evolution\u00e4re Anthropologie in Berlijn of het Johann-Friedrich-Blumenbach-Institut f\u00fcr Zoologie und Anthropologie in G\u00f6ttingen. De laatste gaf aan mogelijkheden te zien en vroeg om foto&#8217;s van de botten en een rechte stamboom.<\/p>\n<p style=\"text-align: center;\"><img loading=\"lazy\" decoding=\"async\" class=\" wp-image-63910 aligncenter\" src=\"https:\/\/meijenfeldt.nl\/wp-content\/uploads\/2024\/05\/Stambaum-288x300.jpg\" alt=\"\" width=\"453\" height=\"472\" srcset=\"https:\/\/meijenfeldt.nl\/wp-content\/uploads\/2024\/05\/Stambaum-288x300.jpg 288w, https:\/\/meijenfeldt.nl\/wp-content\/uploads\/2024\/05\/Stambaum-984x1024.jpg 984w, https:\/\/meijenfeldt.nl\/wp-content\/uploads\/2024\/05\/Stambaum-768x799.jpg 768w, https:\/\/meijenfeldt.nl\/wp-content\/uploads\/2024\/05\/Stambaum-1476x1536.jpg 1476w\" sizes=\"auto, (max-width: 453px) 100vw, 453px\" \/><span style=\"font-family: georgia, palatino, serif; font-size: 10pt;\"><em>M\/V-stamboom in rechte lijn<br \/>\nDe geel gearceerden liggen in het familiegraf<br \/>\nDe verbinding van III naar IV vraagt om onderzoek<br \/>\n<\/em><\/span><\/p>\n<p style=\"text-align: justify;\"><span style=\"color: #000000;\">De laborante van het G\u00f6ttingen-Instituut constateerde dat de oude botten op de foto in een behoorlijke staat lijken en dat de vaderlijke of mannelijke lijn in de stamboom in elk geval op papier ononderbroken is. Op grond daarvan achtte zij een onderzoek haalbaar en gaf een kostenschatting in twee fasen. Nadat familieleden voldoende bereidheid toonden mee te financieren is de opdracht gegeven. Conform nauwkeurige instructies zijn de vier botten verpakt en naar G\u00f6ttingen verzonden.<\/span><\/p>\n<p style=\"text-align: center;\"><img loading=\"lazy\" decoding=\"async\" class=\" wp-image-66530 aligncenter\" src=\"https:\/\/meijenfeldt.nl\/wp-content\/uploads\/2024\/09\/Knochen-300x199.jpg\" alt=\"\" width=\"473\" height=\"314\" srcset=\"https:\/\/meijenfeldt.nl\/wp-content\/uploads\/2024\/09\/Knochen-300x199.jpg 300w, https:\/\/meijenfeldt.nl\/wp-content\/uploads\/2024\/09\/Knochen-1024x679.jpg 1024w, https:\/\/meijenfeldt.nl\/wp-content\/uploads\/2024\/09\/Knochen-768x510.jpg 768w, https:\/\/meijenfeldt.nl\/wp-content\/uploads\/2024\/09\/Knochen-1536x1019.jpg 1536w, https:\/\/meijenfeldt.nl\/wp-content\/uploads\/2024\/09\/Knochen.jpg 1741w\" sizes=\"auto, (max-width: 473px) 100vw, 473px\" \/><em><span style=\"font-family: georgia, palatino, serif; font-size: 10pt;\">De vier botten uit het familiegraf<\/span><\/em><\/p>\n<p style=\"text-align: justify;\"><span style=\"color: #000000;\">De laborante heeft in de eerste fase van het onderzoek <\/span><span style=\"color: #000000;\">vastgesteld dat <\/span><span style=\"color: #000000;\">twee van de vier botten <\/span><span style=\"color: #000000;\">mannelijk chromosoom bevatten:<\/span><span style=\"color: #000000;\"> een halswervel en een middenvoetsbeentje. Een ander bot is afkomstig van een vrouw en het laatste was te slecht voor DNA afname.\u00a0<\/span><\/p>\n<p style=\"text-align: justify;\"><span style=\"color: #000000;\">Hierdoor kon zij verdergaan met de tweede fase van het onderzoek, inhoudende een vergelijking van het DNA uit de twee botten met die van het profiel van de &#8220;ich&#8221; (Hugo). Diens <\/span><span style=\"color: #000000;\">vaderlijke haplogroep was t<\/span><span style=\"color: #000000;\">ien jaar eerder door 23andMe in Zuid-Californi\u00eb <\/span><span style=\"color: #000000;\">op I-M253 <\/span><span style=\"color: #000000;\">bepaald, maar dat was voor haar een te algemeen voorouderonderzoek. Daarom had zij gevraagd opnieuw wangslijm af te nemen en mee te sturen. Een man van de vierde generatie van de Nederlandse familie was mooier geweest, maar is al sinds 1978 niet meer mogelijk sinds het overlijden van zijn vader Govert.<\/span><\/p>\n<p style=\"text-align: justify;\"><span style=\"color: #000000;\"><span class=\"Y2IQFc\" lang=\"nl\" style=\"color: #000000;\">De laborante stelde\u00a0<\/span><\/span><span style=\"color: #000000;\"><span class=\"Y2IQFc\" lang=\"nl\">DNA-<\/span><\/span><span style=\"color: #000000;\">profielen<\/span><span style=\"color: #000000;\"> op\u00a0<\/span><span style=\"color: #000000;\"><span class=\"Y2IQFc\" lang=\"nl\">van de twee botten en het wangslijm<\/span><\/span><span style=\"color: #000000;\">\u00a0met behulp van <\/span><span style=\"color: #000000;\"><span class=\"Y2IQFc\" lang=\"nl\">Y-chromosaal (mannelijk\/vaderlijk) onderzoek. Haar conclusie luidt: &#8220;<\/span><\/span><span style=\"color: #000000;\"><em>Alle 17 onderzochte locaties op het Y-chromosoom komen overeen. Ik heb het Y-profiel in een database ingevoerd en daar geen hits gevonden. Dit kan een indicatie zijn dat uw persoonlijke profiel zeer zeldzaam is. De match tussen uw DNA en het DNA uit de botten is dus waarschijnlijk geen toeval, maar duidt eerder op een vaderlijke afstamming.<\/em>&#8220;<\/span><\/p>\n<p id=\"tw-target-text\" class=\"tw-data-text tw-text-large tw-ta\" dir=\"ltr\" style=\"text-align: justify;\" data-placeholder=\"Vertaling\" data-ved=\"2ahUKEwiM3prd5N6IAxXthf0HHVklMbEQ3ewLegQICBAU\" aria-label=\"Vertaalde tekst: De 17 onderzochte locaties op het Y-chromosoom heb ik kunnen gebruiken om iets te weten te komen over de oorsprong van jouw mannelijke familielijn. Je Y-chromosoom komt uit de zogenaamde \u201cY-haplogroep I1\u201d:\"><span class=\"Y2IQFc\" lang=\"nl\" style=\"color: #000000;\">Vervolgens heeft zij het profiel gebruikt om de oorsprong van de mannelijke familielijn te onderkennen. De Y-chromosoom komt uit de zogenaamde Y-haplogroep I1, die tegenwoordig hoofdzakelijk in Scandinavi\u00eb verbreid is.<\/span><\/p>\n<p style=\"text-align: center;\"><span style=\"color: #000000; font-family: georgia, palatino, serif; font-size: 10pt;\"><a href=\"https:\/\/meijenfeldt.nl\/?page_id=62607\"><span style=\"color: #0000ff;\">Terug<\/span>\u00a0<\/a> \u00a0*** \u00a0\u00a0<span style=\"color: #0000ff;\"><a style=\"color: #0000ff;\" href=\"https:\/\/meijenfeldt.nl\/?page_id=63859\">Verder<\/a><\/span><\/span><\/p>\n","protected":false},"excerpt":{"rendered":"<p>Het Meijerfeldtse familiegraf is na de restauratie door de pastor in een kerkdienst opnieuw ingewijd op 24 juni 2023. Alles in het graf is netjes geordend, mede ten behoeve van de Dag des Oordeels. De metalen voorwerpen zijn blijvend uit het graf omhoog gehaald om verder te restaureren en tentoon te stellen. Vier willekeurig gekozen &hellip; <a href=\"https:\/\/meijenfeldt.nl\/?page_id=63762\" class=\"more-link\">Verder lezen <span class=\"screen-reader-text\">3.5.5. DNA-profiel<\/span><\/a><\/p>\n","protected":false},"author":1,"featured_media":0,"parent":0,"menu_order":0,"comment_status":"closed","ping_status":"closed","template":"","meta":{"footnotes":""},"class_list":["post-63762","page","type-page","status-publish","hentry"],"_links":{"self":[{"href":"https:\/\/meijenfeldt.nl\/index.php?rest_route=\/wp\/v2\/pages\/63762","targetHints":{"allow":["GET"]}}],"collection":[{"href":"https:\/\/meijenfeldt.nl\/index.php?rest_route=\/wp\/v2\/pages"}],"about":[{"href":"https:\/\/meijenfeldt.nl\/index.php?rest_route=\/wp\/v2\/types\/page"}],"author":[{"embeddable":true,"href":"https:\/\/meijenfeldt.nl\/index.php?rest_route=\/wp\/v2\/users\/1"}],"replies":[{"embeddable":true,"href":"https:\/\/meijenfeldt.nl\/index.php?rest_route=%2Fwp%2Fv2%2Fcomments&post=63762"}],"version-history":[{"count":18,"href":"https:\/\/meijenfeldt.nl\/index.php?rest_route=\/wp\/v2\/pages\/63762\/revisions"}],"predecessor-version":[{"id":76129,"href":"https:\/\/meijenfeldt.nl\/index.php?rest_route=\/wp\/v2\/pages\/63762\/revisions\/76129"}],"wp:attachment":[{"href":"https:\/\/meijenfeldt.nl\/index.php?rest_route=%2Fwp%2Fv2%2Fmedia&parent=63762"}],"curies":[{"name":"wp","href":"https:\/\/api.w.org\/{rel}","templated":true}]}}