{"id":63596,"date":"2024-05-04T15:51:19","date_gmt":"2024-05-04T15:51:19","guid":{"rendered":"https:\/\/meijenfeldt.nl\/?page_id=63596"},"modified":"2025-05-31T07:49:29","modified_gmt":"2025-05-31T07:49:29","slug":"i-8-familiegraf","status":"publish","type":"page","link":"https:\/\/meijenfeldt.nl\/?page_id=63596","title":{"rendered":"3.5.3. Begraafboeken"},"content":{"rendered":"<p style=\"text-align: justify;\">Wie in het Meijerfeldtse familiegraf van de St. Andreaskerk liggen kan worden nagezocht in de kerkboeken van Nehringen. In chronologische volgorde van begraven zijn dat: <span style=\"color: #0000ff;\"><a style=\"color: #0000ff;\" href=\"#voetnoot\">(1)<\/a><\/span><\/p>\n<p style=\"text-align: justify; padding-left: 40px;\"><span style=\"color: #000000;\"><em>d. 21. Juni<\/em> <em>die <span class=\"s5\">Frau\u00a0<\/span><span class=\"s5\">Obristen<\/span> <span class=\"s5\">Meyerfeld<\/span><\/em><span class=\"s2\"><em>ten in hiesigen patronat Begr\u00e4bniss des Abends in der Stille beygesetzt worden<\/em>. <\/span><\/span><\/p>\n<p style=\"text-align: justify;\"><span class=\"s2\">Op 21 juni 1725 is &#8217;s avonds <\/span>een vrouw in het patronaatsgraf bijgezet. Dat gebeurde in stilte, zonder kerkdienst en genodigden. In<span class=\"s2\" style=\"color: #000000;\">\u00a0de<\/span><span style=\"color: #000000;\"> St. Nicolaikerk van Stralsund was o<\/span><span style=\"color: #000000;\">p<\/span><span style=\"color: #000000;\"> 3 juni 1725 <\/span>wel een <span style=\"color: #000000;\">ceremonie <\/span><span style=\"color: #000000;\">geweest met twee keer klokgelui voor <\/span><span style=\"color: #000000;\"><em>frau der Obristen von Meijerfeldt, <\/em>met de toevoeging <em>wurde die leiche nach Nehringen \u00fcberf\u00fchrt u. dort beygesetzt<\/em>.\u00a0<\/span><\/p>\n<p style=\"text-align: justify;\">De <span class=\"s2\">echtgenoot van de overleden vrouw heet <\/span><span class=\"s2\">von\u00a0<\/span>Meijerfeldt en was &#8216;<span class=\"s2\">Obrist&#8217;, <\/span><span class=\"s2\">luitenant-kolonel of kolonel. T<\/span><span style=\"color: #000000;\">wee echtgenotes voldoen aan deze omschrijving. De ene is Catharina Wulff, maar zij is in<\/span><span style=\"color: #000000;\"> 1692 in de St. Petrikerk van Riga begraven. De andere is<\/span><span style=\"color: #000000;\"> Anna Christina von Hastfer, maar zij overlijdt pas in 1762 en wordt begraven in het Zweedse K\u00e5rtorp. Het meest aannemelijk is dat Catharina Wulff na de Russisch-Zweedse vrede van 1721 <\/span><span style=\"color: #000000;\">is herbegraven.<\/span><\/p>\n<p style=\"text-align: justify; padding-left: 40px;\"><span style=\"color: #000000;\"><em>d. 30. Juni<\/em> [1728] <em>ist Sr. Exell. Hr. Graf Meyerfeldts \u00e4lteste Comtesse Tochter Ulrica Margaretha in hiesiges Erbbegr\u00e4bnis beygesetzt worden. Ihres altres 9. Jahr 10. Monat.\u00a0<\/em><\/span><\/p>\n<p style=\"text-align: justify;\"><span class=\"s2\" style=\"color: #000000;\">In de kerkboeken van de<\/span><span style=\"color: #000000;\"> St. Nicolaikerk in Stralsund staat een dag eerder de begrafenisceremonie: <em>Tochter des general-gouverneurs, 12 Jahre, \u00fcberf\u00fchring nach Nehringen, bezahlt 4 gelaut<\/em>. Zij was op 26 juni 1728 gestorven.\u00a0<\/span><span style=\"color: #000000;\">De voornamen en de leeftijd van het oudste kind van het gravenpaar staan correct in het Nehringse kerkboek. Zij is immers op 15 augustus 1719 in Tunnerstad geboren.\u00a0<\/span><\/p>\n<p style=\"text-align: justify; padding-left: 40px;\"><span style=\"color: #000000;\"><em>d. 20. Oct.<\/em> [1750] <em>wurde des Hochgebornen Herrn Reichs-Rath, Generals u. General-Gouverneurs \u00fcber Pomern u. R\u00fcgen Herrn Grafen Johann August Meijerfeldts, und gn\u00e4digen Hr Patroni dieser Kirche, entseelte Gebeine, nachdem Tages vorher in Stralsund einer hochansehnlige u. St\u00e4ndesm\u00e4\u03b2ige Procession gehalten, hinsebst in das hochgraffl. Begr\u00e4bni\u03b2 beygesetzt.<\/em> <\/span><\/p>\n<p style=\"text-align: justify;\">De overleden oude graaf is na een hoogstaande en bij zijn stand horende processie op 19 oktober 1750 in Stralsund een dag later in zijn patronaatskerk begraven. Hij was een jaar eerder op 22 oktober 1749 op zijn kasteel S\u00f6fdeborg overleden en in de kerk van S\u00f6fde opgebaard. Pas een klein jaar later was hij in een grootse processie met 20 koetsen via Ystad verscheept naarStralsund.<\/p>\n<p style=\"text-align: justify; padding-left: 40px;\"><span style=\"color: #000000;\"><em>d 1n<\/em> [december 1771] ist<em> Ihre Excellence die hochgebornen frau Gr\u00e4fin und Reichs-R\u00e4thin Brigitta von Meijerfeldt geborene von Barneckow gestorben und d. 9n in unserer Kirche in den hochgr\u00e4fliches Gewolwe beygesetzt.\u00a0<\/em><\/span><\/p>\n<p style=\"text-align: justify;\"><span style=\"color: #000000;\">De oude gravin Brita von Barnekow krijgt geen uitvaartdienst in Stralsund. Deze vindt in de St. Andreaskerk plaats en\u00a0 aansluitend wordt zij in het familiegraf bijgezet.<\/span><\/p>\n<p style=\"text-align: justify; padding-left: 40px;\"><span style=\"color: #000000;\"><em>Sterbe: d. 21sten Aprill<\/em> [1800] des<em> Morgens fr\u00fche um 1 Uhr. Beerdigung: d. 15ten Julius hier in dem Gew\u00f6lbe beygesetzt. Name: Sr. Excellenz, der Reichsherr, Feldmarschall, Ritter und Commandeur der K\u00f6nigl. Ordren und Gro\u03b2 Kreuz vom Schwerdtordren, Herr Graf Johan August Meijerfeldt. Geburstort: S\u00f6fteborg in Schweden. Wohn\/Sterbort: Stockholm, wo er sich den Winter \u00fcber aufgehalten hatte. Jahr-Alter: 75 Jahre und einige Monate alt geworden. Krankheit: an der Lungen Sucht<\/em>.<\/span><\/p>\n<p style=\"text-align: justify;\"><span style=\"color: #000000;\">De laatste graaf Von Meijerfeldt is ook in het familiegraf bijgezet. A<\/span><span style=\"color: #000000;\">lle in het kerkboek opgesomde gegevens kloppen, alleen moet d<\/span><span style=\"color: #000000;\">e geboorteplaats niet S\u00f6fdeborg maar Stralsund zijn.<\/span><\/p>\n<p style=\"text-align: center;\"><span style=\"color: #0000ff;\"><a id=\"voetnoot\"><\/a><a style=\"color: #0000ff;\" href=\"https:\/\/meijenfeldt.nl\/?page_id=63885\"><span style=\"font-family: georgia, palatino, serif; font-size: 10pt;\">Terug<\/span><\/a><\/span><span style=\"font-family: georgia, palatino, serif; font-size: 10pt;\">\u00a0 \u00a0***\u00a0 \u00a0<span style=\"color: #0000ff;\"><a style=\"color: #0000ff;\" href=\"https:\/\/meijenfeldt.nl\/?page_id=62607\">Verder<\/a><\/span><\/span><\/p>\n<p style=\"text-align: justify;\"><span style=\"color: #000000; font-family: georgia, palatino, serif; font-size: 10pt;\">1. Evangelisches Pfarramt Glewitz, Nehringsches Kirchen B\u00fcch Worinnen Verzeichurt Welche 1. Vertrauet 2. Getauft 3. Begraben Vom 4. Februarij Anno 1682. Todten=Buch oder Register der Gestorbenen f\u00fcr die Kirche zu Nehringen, angefangen mit dem Jahre 1792.<\/span><\/p>\n","protected":false},"excerpt":{"rendered":"<p>Wie in het Meijerfeldtse familiegraf van de St. Andreaskerk liggen kan worden nagezocht in de kerkboeken van Nehringen. In chronologische volgorde van begraven zijn dat: (1) d. 21. Juni die Frau\u00a0Obristen Meyerfeldten in hiesigen patronat Begr\u00e4bniss des Abends in der Stille beygesetzt worden. Op 21 juni 1725 is &#8217;s avonds een vrouw in het patronaatsgraf &hellip; <a href=\"https:\/\/meijenfeldt.nl\/?page_id=63596\" class=\"more-link\">Verder lezen <span class=\"screen-reader-text\">3.5.3. Begraafboeken<\/span><\/a><\/p>\n","protected":false},"author":1,"featured_media":0,"parent":0,"menu_order":0,"comment_status":"closed","ping_status":"closed","template":"","meta":{"footnotes":""},"class_list":["post-63596","page","type-page","status-publish","hentry"],"_links":{"self":[{"href":"https:\/\/meijenfeldt.nl\/index.php?rest_route=\/wp\/v2\/pages\/63596","targetHints":{"allow":["GET"]}}],"collection":[{"href":"https:\/\/meijenfeldt.nl\/index.php?rest_route=\/wp\/v2\/pages"}],"about":[{"href":"https:\/\/meijenfeldt.nl\/index.php?rest_route=\/wp\/v2\/types\/page"}],"author":[{"embeddable":true,"href":"https:\/\/meijenfeldt.nl\/index.php?rest_route=\/wp\/v2\/users\/1"}],"replies":[{"embeddable":true,"href":"https:\/\/meijenfeldt.nl\/index.php?rest_route=%2Fwp%2Fv2%2Fcomments&post=63596"}],"version-history":[{"count":38,"href":"https:\/\/meijenfeldt.nl\/index.php?rest_route=\/wp\/v2\/pages\/63596\/revisions"}],"predecessor-version":[{"id":73312,"href":"https:\/\/meijenfeldt.nl\/index.php?rest_route=\/wp\/v2\/pages\/63596\/revisions\/73312"}],"wp:attachment":[{"href":"https:\/\/meijenfeldt.nl\/index.php?rest_route=%2Fwp%2Fv2%2Fmedia&parent=63596"}],"curies":[{"name":"wp","href":"https:\/\/api.w.org\/{rel}","templated":true}]}}