{"id":6340,"date":"2017-09-25T07:48:57","date_gmt":"2017-09-25T07:48:57","guid":{"rendered":"http:\/\/meijenfeldt.nl\/?page_id=6340"},"modified":"2024-07-19T19:41:05","modified_gmt":"2024-07-19T19:41:05","slug":"domproost-en-rector-magnificus","status":"publish","type":"page","link":"https:\/\/meijenfeldt.nl\/?page_id=6340","title":{"rendered":"4.2.1. Domproost"},"content":{"rendered":"<p style=\"text-align: justify;\">In de eerste linie van Christoph wordt zoon Johann Andreas Mayer op 5 maart 1692 door Keizer Leopold I in de rijksadelstand verheven met de toevoeging Von Mayersfeld. De redenen staan in de \u00a0<span style=\"color: #0000ff;\"><a style=\"color: #0000ff;\" href=\"https:\/\/meijenfeldt.nl\/wp-content\/uploads\/2016\/09\/Adelsbrief-Mair-05-03-1692.pdf\">eerste adelsbrief<\/a><\/span>. Het kan zijn dat de Prins-Bisschop van Brixen Johann Franz graaf Khuen von Belasi hem heeft voorgedragen, omdat hij tevreden was over zijn werkzaamheden in het Fassadal.In de tweede linie van Kaspar worden de broers\u00a0Johann Baptist en Kaspar Mayer op 17 september 1706 door Keizer Joseph I tot ridder in de Rijksadelstand verheven. Hun \u00a0familienaam wordt op dezelfde wijze uitgebreid. De redenen voor de verheffing in de adelstand staan in deze\u00a0<span style=\"color: #0000ff;\"><a style=\"color: #0000ff;\" href=\"https:\/\/meijenfeldt.nl\/wp-content\/uploads\/2016\/09\/Adelsbrief-Mair-17-09-1706-1.pdf\">tweede adelsbrief<\/a><\/span>.<\/p>\n<p style=\"text-align: justify;\"><span style=\"color: #000000;\">De twee adelsbrieven zijn consequent in de spelling van de familienaam:\u00a0<em>Mair<\/em>\u00a0voor\u00a0de\u00a0oorspronkelijke\u00a0naam en<em>\u00a0Von Maijersfeldt<\/em>\u00a0voor\u00a0de toevoeging. In de adelsbrieven staan aantekeningen met een andere spelling van\u00a0de toevoeging, namelijk\u00a0<em>Von Maiersfeld<\/em>, waardoor die in de zoekfuncties van de archieven terecht is gekomen.<\/span><\/p>\n<p style=\"text-align: justify;\"><span style=\"color: #000000;\">De in de wapenbrieven beschreven wapens worden hier alle vier weergegeven <span style=\"color: #0000ff;\"><a style=\"color: #0000ff;\" href=\"#voetnoot\">(1)<\/a><\/span>:\u00a0<\/span><img loading=\"lazy\" decoding=\"async\" class=\"size-medium wp-image-6237 aligncenter\" src=\"https:\/\/meijenfeldt.nl\/wp-content\/uploads\/2017\/09\/Wappen-Mayr-1700-250x300.jpg\" sizes=\"auto, (max-width: 250px) 100vw, 250px\" srcset=\"https:\/\/meijenfeldt.nl\/wp-content\/uploads\/2017\/09\/Wappen-Mayr-1700-250x300.jpg 250w, https:\/\/meijenfeldt.nl\/wp-content\/uploads\/2017\/09\/Wappen-Mayr-1700-768x923.jpg 768w, https:\/\/meijenfeldt.nl\/wp-content\/uploads\/2017\/09\/Wappen-Mayr-1700-852x1024.jpg 852w, https:\/\/meijenfeldt.nl\/wp-content\/uploads\/2017\/09\/Wappen-Mayr-1700.jpg 1922w\" alt=\"Tiroler Landesmuseum Ferdinandeum, Innsbruck, getekend door H.E. von Benigni.\" width=\"250\" height=\"300\" \/><span style=\"font-size: 10pt;\"><em>Das alte Wappen nach Siegel des Joh: Baptist Mayr 1700 23\/3,<br \/>\n<\/em><\/span><\/p>\n<p style=\"padding-left: 40px; text-align: justify;\"><span style=\"font-family: georgia, palatino, serif; font-size: 12pt;\">Schild von rechts oben nach links\u00a0unten schr\u00e4g getheilt, das untere silb. feld mit roth [lenkragen] Balken. Im oberes schwarz feld, ein Tiger in naturl. Farben, den Schr\u00e4gtheilung des Schilden nach rechts hinauf\u00a0schwenkend. Helm mit roth silb. [\u2026] u decken, darauf der Tiger\u00a0wachsend u.\u00a0nach rechts gewendet.<\/span><\/p>\n<p style=\"text-align: center;\"><img loading=\"lazy\" decoding=\"async\" class=\"size-medium wp-image-6236 aligncenter\" src=\"https:\/\/meijenfeldt.nl\/wp-content\/uploads\/2017\/09\/Wappen-Mayr-1692-231x300.jpg\" sizes=\"auto, (max-width: 231px) 100vw, 231px\" srcset=\"https:\/\/meijenfeldt.nl\/wp-content\/uploads\/2017\/09\/Wappen-Mayr-1692-231x300.jpg 231w, https:\/\/meijenfeldt.nl\/wp-content\/uploads\/2017\/09\/Wappen-Mayr-1692-768x999.jpg 768w, https:\/\/meijenfeldt.nl\/wp-content\/uploads\/2017\/09\/Wappen-Mayr-1692-787x1024.jpg 787w, https:\/\/meijenfeldt.nl\/wp-content\/uploads\/2017\/09\/Wappen-Mayr-1692.jpg 1808w\" alt=\"Tiroler Landesmuseum Ferdinandeum, Innsbruck, getekend door H.E. von Benigni.\" width=\"231\" height=\"300\" \/><span style=\"font-size: 10pt;\"><em>Nach nicht [begleibegter] Abschrift des Diploms 5\/3 1692 f\u00fcr Ands Mayr.<br \/>\n<\/em><\/span><\/p>\n<p style=\"padding-left: 80px; text-align: justify;\"><span style=\"font-family: georgia, palatino, serif; font-size: 12pt;\">Geviertel 1 u 4 in Schwarz, ein mit 2 [Salervenklenster], [wehlzer wahrten] silb. Wachtturm, zwischen 2 gold. Sternen.\u00a0 2 u 3 schr\u00e4g getheilt wei bei Wappen 1; im obenen schwarzes theil, der Tiger wie\u00a0bei Wappen 1, mit einem gr\u00fcnen Kleeblatt im\u00a0Rachen, dem untere Theil roth mit gold.\u00a0\u00a0 Turnierhelm mit rechts schwartz gold, links roth silb. decken, darauf 2 B\u00fcffelh\u00f6rnen, rechts gold\u00a0\u00fcber schwarz, links schwarz \u00fcber gold getheilt, dazwischen nach links gewendet, den wachsende Tiger mit einem gr\u00fcner Kleeblatt im Rachen.<\/span><\/p>\n<p style=\"text-align: center;\"><img loading=\"lazy\" decoding=\"async\" class=\"size-medium wp-image-6238 aligncenter\" src=\"https:\/\/meijenfeldt.nl\/wp-content\/uploads\/2017\/09\/Wappen-Mayr-212x300.jpg\" sizes=\"auto, (max-width: 212px) 100vw, 212px\" srcset=\"https:\/\/meijenfeldt.nl\/wp-content\/uploads\/2017\/09\/Wappen-Mayr-212x300.jpg 212w, https:\/\/meijenfeldt.nl\/wp-content\/uploads\/2017\/09\/Wappen-Mayr-768x1085.jpg 768w, https:\/\/meijenfeldt.nl\/wp-content\/uploads\/2017\/09\/Wappen-Mayr-725x1024.jpg 725w, https:\/\/meijenfeldt.nl\/wp-content\/uploads\/2017\/09\/Wappen-Mayr.jpg 1669w\" alt=\"Tiroler Landesmuseum Ferdinandeum, Innsbruck, getekend door H.E. von Benigni.\" width=\"212\" height=\"300\" \/><em><span style=\"font-size: 10pt;\">Nach einem auf dem Stammbaum den Rossi di St. Juliana<br \/>\nbefindliches [rath. Bankge\u2026.] abdruck:<\/span><br \/>\n<\/em><\/p>\n<p style=\"padding-left: 40px; text-align: justify;\"><span style=\"font-family: georgia, palatino, serif; font-size: 12pt;\">Geviertel 1 u 4 in blau der silb. Wachtthurm von 2 gold Sternen flankiert, wie bei Wappen 2.\u00a0 2 u 3 schr\u00e4g getheilt, wie bei Wappen 2. das untere silb. theil mit rothen Schr\u00e4gbalken; den obene schwarze, mit einem\u00a0aus dem silber des unteren theiles wachsenden nach links sehenden Tigers mit dem gr\u00fcnen Kleeblatt im Rachen. Turnierhelm, Helmdecken u Helmzier wie bei Wappen 2.<\/span><\/p>\n<p style=\"text-align: center;\"><img loading=\"lazy\" decoding=\"async\" class=\"alignnone wp-image-6240 aligncenter\" src=\"https:\/\/meijenfeldt.nl\/wp-content\/uploads\/2017\/09\/Wappen-Mayr-1706-300x297.jpg\" sizes=\"auto, (max-width: 467px) 100vw, 467px\" srcset=\"https:\/\/meijenfeldt.nl\/wp-content\/uploads\/2017\/09\/Wappen-Mayr-1706-300x297.jpg 300w, https:\/\/meijenfeldt.nl\/wp-content\/uploads\/2017\/09\/Wappen-Mayr-1706-768x759.jpg 768w, https:\/\/meijenfeldt.nl\/wp-content\/uploads\/2017\/09\/Wappen-Mayr-1706-1024x1012.jpg 1024w\" alt=\"Wappen Mayr 1706\" width=\"373\" height=\"369\" \/><span style=\"font-size: 10pt;\"><em>Wappen aus Diplom v 17\/9 1706 Joh. Bapt Mayr\u00a0<\/em><\/span><\/p>\n<p style=\"text-align: justify; padding-left: 40px;\"><span style=\"font-family: georgia, palatino, serif; font-size: 12pt;\">Schild met gold. Herzschild, darin ein schw. einfachen Adler, auf dem Brust den Buchstaben L. 1 u 4 in blau, ein mit 2 [\u2026 \u2026] mit einem roth Kreuz [\u2026 \u2026] Wachtthurm, zwischen 2 gold. Sternen. 2 u 3 von scharz u silber schr\u00e4g [\u2026 \u2026] (wie bei Wappen 2 u 3). Im obene schwarz. theil, ein die [\u2026], im Gebi\u03b2 ein dreifaches Kleeblatt haltandes Tiger[\u2026], im unt. silb. Theil ein rother Balken, wie bei Wappen 3. 2 offene adelige vatterl. Turnerhelms mit [\u2026] u rechts gold schw., links roth silb. decken. Auf 1 das Tiger[\u2026] wachsend u nach links gewendet; auf 2 den Wachtturm, wie im 1 u 4.<\/span><\/p>\n<p style=\"text-align: justify;\"><span style=\"color: #000000;\">Johann Baptist is de oudste zoon van de stichter van de tweede linie <\/span><span style=\"color: #000000;\">Kaspar<\/span><span style=\"color: #000000;\">. Hij is in Fassa geboren in het jaar 1632. <\/span><span style=\"color: #000000;\">Nadat hij gewijd is als priester is de\u00a0eerste functie van\u00a0Johann Baptist\u00a0leraar van de edelknapen of pages onder Sigismund Franz von Habsburg. Deze is sinds 1653\u00a0prins-bisschop in het bijna 300 km verderop gelegen Klagenfurt en\u00a0zal\u00a0in de\u00a0jaren zestig de laatste zelfstandige\u00a0aartshertog van Oostenrijk-Tirol worden.<\/span><\/p>\n<p style=\"text-align: justify;\"><span style=\"color: #000000;\">Na de dood van keizer Ferdinand III in 1657 vertrekt Johan Baptist naar Wenen om aalmoezenier bij diens weduwe Eleonora Gonzaga te worden. Hij is tevens hofmeester van haar edelknapen.<\/span><\/p>\n<p style=\"text-align: justify;\"><span style=\"color: #000000;\">In 1664 start Johan Baptist\u00a0als\u00a0pastoor in Laxenburg ten zuiden van Wenen. In 1668 is hij ook\u00a0opper-hofkapelaan\u00a0van de prins-bisschop van Wenen.<\/span><\/p>\n<p style=\"text-align: justify;\"><span style=\"color: #000000;\">In 1667 wordt Johan Baptist lid van de Theologische Faculteit van de Universiteit van Wenen.\u00a0Hij\u00a0promoveert\u00a0in de theologie en\u00a0filosofie, waarbij hij gelauwerd wordt met de gouden ketting van de keizer. Hierbij wordt\u00a0ook wel het jaar 1684 genoemd.<\/span><\/p>\n<p style=\"text-align: justify;\"><span style=\"color: #000000;\">Johann Baptist wordt op 26 augustus\u00a01673\u00a0heer\u00a0van de St. Stephansdom in Wenen. Op 21 december 1675 is hij decaan van de Dom. Het jaar daarop\u00a0wordt hij benoemd tot prins-bisschoppelijk vicaris-generaal van\u00a0het bisdom\u00a0Wenen en officiaal van de kerkelijke rechtbank voor de rest van zijn leven.<\/span><\/p>\n<p style=\"text-align: justify;\"><span style=\"color: #000000;\">Aan de Universiteit van Wenen is hij hoogleraar theologie, in 1674 decaan van de Theologische Faculteit\u00a0en in het seizoen 1678-1679 is hij rector magnificus van de gehele universiteit.<\/span><\/p>\n<p><img loading=\"lazy\" decoding=\"async\" class=\"alignnone wp-image-6297 aligncenter\" src=\"https:\/\/meijenfeldt.nl\/wp-content\/uploads\/2017\/09\/IMG_0498-192x300.jpg\" alt=\"IMG_0498\" width=\"392\" height=\"613\" \/><\/p>\n<p style=\"text-align: justify;\"><span style=\"color: #000000;\">Johann Baptist\u00a0wordt in\u00a01683 nogmaals tot het\u00a0ambt van rector magnificus van de Universiteit van Wenen geroepen,\u00a0nadat de\u00a0stad die zomer ontzet is van de belegering door een\u00a0 overweldigende troepenmacht van Turken, Hongaren en Krim-Tataren. Daarna blijft hij tot zijn dood kanselier.<\/span><\/p>\n<p style=\"text-align: justify;\"><span style=\"color: #000000;\">Op 24 september 1683 wordt\u00a0Johann Baptist benoemd tot Domproost van de St. Stephan, ook\u00a0voor de rest\u00a0van zijn\u00a0leven.\u00a0Hij is tevens Keizerlijk Raad van Leopold I.<\/span><\/p>\n<p style=\"text-align: justify;\"><span style=\"color: #000000;\">Johann Baptist\u00a0is ongetwijfeld\u00a0uitzichtloos ziek\u00a0als hij\u00a0op 67-jarige leeftijd op 25 januari 1699 zijn<\/span> <span style=\"color: #0000ff;\"><a style=\"color: #0000ff;\" href=\"https:\/\/meijenfeldt.nl\/?page_id=6024\">testament<\/a><\/span> <span style=\"color: #000000;\">laat opmaken, want hij\u00a0overlijdt in Wenen kort daarna op 8 maart. &#8220;<em>Wegen seiner Friedensliebe und vorz\u00fcglichen Geistesgaben ward er vond der Universit\u00e4t und Allen, die ihn kannten, sehr beklagt<\/em>.&#8221; Hij wordt begraven onder het hoogaltaar van de Pfarrkirche van Laxenburg.<\/span><\/p>\n<p><span style=\"color: #000000;\">In 1700 wordt een marmeren gedenksteen\u00a0in de Stephansdom aangebracht.<\/span><\/p>\n<figure id=\"attachment_6304\" aria-describedby=\"caption-attachment-6304\" style=\"width: 220px\" class=\"wp-caption aligncenter\"><img loading=\"lazy\" decoding=\"async\" class=\"size-medium wp-image-6304\" src=\"https:\/\/meijenfeldt.nl\/wp-content\/uploads\/2017\/09\/Mairsfeld-grafplaat-220x300.jpg\" alt=\"Epitaph: Johann Baptist Ma\u00edr von Mairsfeld (gestorben: 30. Oktober 1720) in der Barbarakapelle an der S\u00fcdwand des Chorraumes.\" width=\"220\" height=\"300\" srcset=\"https:\/\/meijenfeldt.nl\/wp-content\/uploads\/2017\/09\/Mairsfeld-grafplaat-220x300.jpg 220w, https:\/\/meijenfeldt.nl\/wp-content\/uploads\/2017\/09\/Mairsfeld-grafplaat.jpg 586w\" sizes=\"auto, (max-width: 220px) 100vw, 220px\" \/><figcaption id=\"caption-attachment-6304\" class=\"wp-caption-text\"><em><span style=\"color: #000000; font-family: georgia,palatino,serif; font-size: 10pt;\">Epitaph: Stephansdom\u00a0in der Barbarakapelle an der S\u00fcdwand des Chorraumes.<\/span><\/em><\/figcaption><\/figure>\n<p style=\"text-align: justify;\"><span style=\"color: #000000;\">De Latijnse tekst van\u00a0de gedenksteen bericht dat\u00a0de overledene in Innsbruck een<\/span> <span style=\"color: #0000ff;\"><a style=\"color: #0000ff;\" href=\"https:\/\/meijenfeldt.nl\/?page_id=6024\">stipendium<\/a><\/span> <span style=\"color: #000000;\">voor 6 jongeren en in\u00a0de Stephansdom\u00a0een jaarlijks jubileum en een wekelijkse mis heeft ge\u00efnitieerd.<\/span><\/p>\n<p style=\"text-align: justify;\"><span style=\"color: #000000;\">De\u00a0organisator\u00a0van de gedenksteen en schrijver van de tekst is de\u00a0zoon van\u00a0de broer van de overledene<\/span>:\u00a0<span style=\"color: #0000ff;\"><a style=\"color: #0000ff;\" href=\"https:\/\/meijenfeldt.nl\/?page_id=6373\"><span style=\"color: #0000ff;\">Johann Baptist Mayer<\/span>.<\/a><\/span><\/p>\n<p style=\"text-align: center;\"><span style=\"font-size: 10pt; color: #000000;\"><span style=\"color: #0000ff;\"><a id=\"voetnoot\"><\/a><a style=\"color: #0000ff;\" href=\"https:\/\/meijenfeldt.nl\/?page_id=5935\">Terug<\/a>\u00a0<\/span> \u00a0***\u00a0 \u00a0<span style=\"color: #0000ff;\"><a style=\"color: #0000ff;\" href=\"https:\/\/meijenfeldt.nl\/?page_id=6373\">Verder<\/a><\/span><\/span><\/p>\n<p style=\"text-align: justify;\"><span style=\"font-size: 10pt;\">1. G<span style=\"color: #000000;\">etekend door H.E. von Benigni en bewaard in het <span style=\"color: #0000ff;\"><a style=\"color: #0000ff;\" href=\"http:\/\/wappen.tiroler-landesmuseen.at\/login.php\">Tiroler Landesmuseen<\/a> <span style=\"color: #000000;\">Ferdinandeum in Innsbruck uit de collecties Carl Ausserer 1899, Hugo von Goldegg en Berchtold Wilten.<\/span><\/span><\/span><\/span><\/p>\n","protected":false},"excerpt":{"rendered":"<p>In de eerste linie van Christoph wordt zoon Johann Andreas Mayer op 5 maart 1692 door Keizer Leopold I in de rijksadelstand verheven met de toevoeging Von Mayersfeld. De redenen staan in de \u00a0eerste adelsbrief. Het kan zijn dat de Prins-Bisschop van Brixen Johann Franz graaf Khuen von Belasi hem heeft voorgedragen, omdat hij tevreden &hellip; <a href=\"https:\/\/meijenfeldt.nl\/?page_id=6340\" class=\"more-link\">Verder lezen <span class=\"screen-reader-text\">4.2.1. Domproost<\/span><\/a><\/p>\n","protected":false},"author":1,"featured_media":0,"parent":0,"menu_order":0,"comment_status":"closed","ping_status":"closed","template":"","meta":{"footnotes":""},"class_list":["post-6340","page","type-page","status-publish","hentry"],"_links":{"self":[{"href":"https:\/\/meijenfeldt.nl\/index.php?rest_route=\/wp\/v2\/pages\/6340","targetHints":{"allow":["GET"]}}],"collection":[{"href":"https:\/\/meijenfeldt.nl\/index.php?rest_route=\/wp\/v2\/pages"}],"about":[{"href":"https:\/\/meijenfeldt.nl\/index.php?rest_route=\/wp\/v2\/types\/page"}],"author":[{"embeddable":true,"href":"https:\/\/meijenfeldt.nl\/index.php?rest_route=\/wp\/v2\/users\/1"}],"replies":[{"embeddable":true,"href":"https:\/\/meijenfeldt.nl\/index.php?rest_route=%2Fwp%2Fv2%2Fcomments&post=6340"}],"version-history":[{"count":33,"href":"https:\/\/meijenfeldt.nl\/index.php?rest_route=\/wp\/v2\/pages\/6340\/revisions"}],"predecessor-version":[{"id":65321,"href":"https:\/\/meijenfeldt.nl\/index.php?rest_route=\/wp\/v2\/pages\/6340\/revisions\/65321"}],"wp:attachment":[{"href":"https:\/\/meijenfeldt.nl\/index.php?rest_route=%2Fwp%2Fv2%2Fmedia&parent=6340"}],"curies":[{"name":"wp","href":"https:\/\/api.w.org\/{rel}","templated":true}]}}