{"id":63341,"date":"2024-04-18T07:25:05","date_gmt":"2024-04-18T07:25:05","guid":{"rendered":"https:\/\/meijenfeldt.nl\/?page_id=63341"},"modified":"2025-03-16T16:04:19","modified_gmt":"2025-03-16T16:04:19","slug":"johann-casper","status":"publish","type":"page","link":"https:\/\/meijenfeldt.nl\/?page_id=63341","title":{"rendered":"Johann Casper jr"},"content":{"rendered":"<table style=\"border-collapse: collapse; width: 100%; height: 745px;\">\n<tbody>\n<tr style=\"height: 30px;\">\n<td style=\"width: 143.852%; background-color: #ffffff; text-align: center; height: 30px;\" colspan=\"4\"><span style=\"font-size: 14pt;\"><strong><span style=\"color: #000000;\">PERSOONSDOSSIER<\/span><\/strong><\/span><\/td>\n<\/tr>\n<tr style=\"height: 27px;\">\n<td style=\"background-color: #ffffff; text-align: center; width: 143.852%; height: 27px;\" colspan=\"4\"><span style=\"color: #000000; font-size: 10pt;\"><span style=\"color: #0000ff;\">\u2190 <a style=\"color: #0000ff;\" href=\"https:\/\/meijenfeldt.nl\/?page_id=63304\">Ouders<\/a><\/span>\u00a0 \u00a0***\u00a0 \u00a0<span style=\"color: #0000ff;\"><a style=\"color: #0000ff;\" href=\"#genealogie\">\u2193 Genealogie<\/a><\/span>\u00a0 \u00a0***\u00a0 \u00a0<a style=\"color: #0000ff;\" href=\"#levensloop\">\u2193 Levensloop<\/a><span style=\"font-size: 10pt;\">\u00a0 \u00a0***\u00a0 <\/span><span style=\"font-size: 10pt;\">\u00a0<\/span><span style=\"color: #0000ff;\"><a style=\"color: #0000ff;\" href=\"#documenten\">\u2193 Documenten<\/a><\/span><br \/>\n<\/span><\/td>\n<\/tr>\n<tr style=\"height: 28px;\">\n<td style=\"background-color: #d5e8eb; text-align: center; height: 28px; width: 143.852%;\" colspan=\"4\"><span style=\"color: #000000;\"><strong><a id=\"genealogie\"><\/a>GENEALOGIE<\/strong><\/span><\/td>\n<\/tr>\n<tr>\n<td style=\"background-color: #ffffff; width: 143.852%; text-align: justify;\" colspan=\"4\"><span style=\"color: #000000;\">M.32. <strong>Johann Casper Meijerfeldt jr<\/strong>, <span style=\"text-align: start;\">* Simrishamn, Sk\u00e5ne 09-06-1785, \u2248 Simrishamn 10-06-1785, \u2020 Greifswald 10-05-1839, \u2261 St Marien 12-05-1739, militair, burger, dagloner, \u221e <em>Margaretha Elisabeth Gau<\/em>, * Wolgast, kinderen:<\/span><\/span><\/td>\n<\/tr>\n<tr style=\"height: 56px;\">\n<td style=\"width: 143.852%; background-color: #ffffff; text-align: justify; height: 56px;\" colspan=\"4\"><span style=\"color: #000000; font-family: georgia, palatino, serif; font-size: 12pt;\"><span style=\"color: #000000;\"><span style=\"color: #000000;\"><span style=\"text-align: start;\">M.321. <strong>Johann Friedrich<\/strong> Gau\u00a0genannt Meyerfeld, * Wolgast 20\/26-03-1812, \u2248 Ev-Luth 27-03-1812, \u2020 Greifswald 30-09-1855, burger en pantoffelmaker Greifswald, metselaar Stralsund 3<sup>de<\/sup> graad 06-10-1849, \u221e Greifswald 05-05-1833 <em>Maria Sophia Schmidt<\/em>, * Wolgast 11-08-1807, \u2020 Greifswald 06-10-1855, dochter van Carl Paul Schmidt en Christina (Anna) Maria Kretzmann, kinderen:<\/span><\/span><\/span><\/span><\/p>\n<p><span style=\"color: #000000; font-family: georgia, palatino, serif; font-size: 12pt;\"><span style=\"color: #000000;\"><span style=\"color: #000000;\"><span style=\"text-align: start;\">M.3211. <strong>Christine Frederike Elise<\/strong>, \u2020 1846.<\/span><\/span><\/span><\/span><\/p>\n<p><span style=\"color: #000000; font-family: georgia, palatino, serif; font-size: 12pt;\"><span style=\"color: #000000;\"><span style=\"color: #000000;\"><span style=\"text-align: start;\">M.3212. <strong>Friderieke Caroline Luise<\/strong>, \u221e Greifswald 1861 <em>Wilhelm Penz<\/em>, kinderen.<\/span><\/span><\/span><\/span><\/p>\n<p><span style=\"color: #000000; font-family: georgia, palatino, serif; font-size: 12pt;\"><span style=\"color: #000000;\"><span style=\"color: #000000;\"><span style=\"text-align: start;\">M.3213. <strong>Karl Franz<\/strong>, * 1845, \u2020 Berlijn 27-08-1864, \u2261 St. Elisabeth 30-08-1864.<\/span><\/span><\/span><\/span><\/p>\n<p><span style=\"color: #000000; font-family: georgia, palatino, serif; font-size: 12pt;\"><span style=\"color: #000000;\"><span style=\"color: #000000;\"><span style=\"text-align: start;\">M.322. <strong>Johann Heinrich Friedrich<\/strong>, * Greifswald 05-08-1816, \u2248 St. Marien 11-08-1816,\u00a0 postbode, 1845 aangifte Universiteitsgericht Greifswald tegen gebroeders Rau wegens verwonding, gescheurde kleren en nachtrustverstoring, 1852 aangifte tegen theologiestudent Johann Gl\u00f6l wegens nachtrustverstoring en belediging, \u221e <em>Gustava Carolina Charlotta Johanna (Charlotte) Bartholdi<\/em>, * Greifswald 1804, \u2020 Stralsund (St J\u00fcrgen) 19-11-1871, kind:<\/span><\/span><\/span><\/span><\/p>\n<p><span style=\"color: #000000; font-family: georgia, palatino, serif; font-size: 12pt;\"><span style=\"color: #000000;\"><span style=\"color: #000000;\"><span style=\"text-align: start;\">M.3221. <strong>Sophie Emilie Mathilde<\/strong>, * Greifswald 29-10-1842, \u221e Stralsund St Marien 20-11-1866 <em>Johann David Theodor Trost<\/em>, * Wolgast 24-12-1837, jager, zoon van Gottfried Trost en Dorothea Elisabeth Parchen.<\/span><\/span><\/span><\/span><\/p>\n<p><span style=\"color: #000000; font-family: georgia, palatino, serif; font-size: 12pt;\"><span style=\"color: #000000;\"><span style=\"color: #000000;\"><span style=\"text-align: start;\">M.323. <strong>Anna Maria Dorothea<\/strong>, * Greifswald 07-06-1819, \u2248 St Marien 20-06-1819.<\/span><\/span><\/span><\/span><\/p>\n<p><span style=\"color: #000000; font-family: georgia, palatino, serif; font-size: 12pt;\"><span style=\"color: #000000;\"><span style=\"color: #000000;\"><span style=\"text-align: start;\">M.324. <strong>Gustaf Christian Martin<\/strong>, * Greifswald 28-10-1822, \u2248 St Marien 06-11-1822.<\/span><\/span><\/span><\/span><\/p>\n<p><span style=\"color: #000000; font-family: georgia, palatino, serif; font-size: 12pt;\"><span style=\"color: #000000;\"><span style=\"color: #000000;\"><span style=\"text-align: start;\">M.325. <strong>Carolina Friedrika Adolphina<\/strong>, * Greifswald, \u2248 St Marien 30-10-1825.<\/span><\/span><\/span><\/span><\/td>\n<\/tr>\n<tr style=\"height: 28px;\">\n<td style=\"background-color: #d5e8eb; text-align: center; height: 28px; width: 143.852%;\" colspan=\"4\"><strong><span style=\"color: #000000;\"><a id=\"levensloop\"><\/a>LEVENSLOOP<br \/>\n<\/span><\/strong><\/td>\n<\/tr>\n<tr style=\"height: 224px;\">\n<td style=\"width: 143.852%; height: 45px;\" colspan=\"4\"><span style=\"font-family: georgia, palatino, serif; font-size: 10pt;\"><span style=\"font-family: georgia, palatino, serif; font-size: 10pt;\"><span style=\"font-family: georgia, palatino, serif; font-size: 10pt;\"><br \/>\n01-06-1796 Pupil nr. 96 in compagnie Friedrichs te Stralsund in het Lijfregiment van de Koningin infanterie, contract van 6 jaar op kosten Friedrichs.<br \/>\n24-01-1803 Soldaat daarin, contract van 6 jaar op kosten Friedrichs.<br \/>\n11-09-1807 Overgave op R\u00fcgen, vacature op kosten Kroon.<br \/>\n01-04-1810 Wapenmeester in compagnie Friedrichs te Stralsund.<br \/>\n22-05-1811 Tamboer daarin.<br \/>\n08-03-1812 Afscheid op verzoek.<\/span><\/span><\/span><\/td>\n<\/tr>\n<tr style=\"height: 28px;\">\n<td style=\"height: 28px; background-color: #d5e8eb; text-align: center; width: 143.852%;\" colspan=\"4\"><a id=\"documenten\"><\/a><strong><span style=\"color: #000000;\">DOCUMENTEN<\/span><\/strong><\/td>\n<\/tr>\n<tr style=\"height: 111px;\">\n<td style=\"background-color: #ffffff; text-align: left; width: 143.852%; height: 111px;\" colspan=\"4\"><strong style=\"color: #000000; font-family: georgia, palatino, serif; font-size: 13.3333px; text-align: left;\"><br \/>\nSE\/KrA<\/strong><span style=\"color: #000000; font-family: georgia, palatino, serif; font-size: 13.3333px; text-align: left;\">\u00a0<\/span><span style=\"color: #000000; font-family: georgia, palatino, serif; font-size: 13.3333px; text-align: left;\">= Sverige \/ Krigsarkivet (Militair Archief Zweden);<\/span><span style=\"color: #000000; font-family: georgia, palatino, serif; font-size: 13.3333px; text-align: left;\">\u00a0<\/span><strong style=\"color: #000000; font-family: georgia, palatino, serif; font-size: 13.3333px; text-align: left;\">0023<\/strong><span style=\"color: #000000; font-family: georgia, palatino, serif; font-size: 13.3333px; text-align: left;\"> = <\/span><span style=\"color: #000000; font-family: georgia, palatino, serif; font-size: 13.3333px; text-align: left;\">Generalm\u00fcnsterrullor 1660-1887<\/span><span style=\"font-family: georgia, palatino, serif; font-size: 10pt; color: #000000;\">.<br \/>\n<\/span><span style=\"color: #000000; font-family: georgia, palatino, serif; font-size: 13.3333px; text-align: left;\"><strong>SE\/LLA<\/strong> = Sverige \/ Landsarkivet i Lund; <strong>13336<\/strong> = Simrishamns kyrkoarkiv.<\/span><\/td>\n<\/tr>\n<tr style=\"height: 139px;\">\n<td style=\"background-color: #ffffff; text-align: left; width: 8.76035%; height: 139px;\"><span style=\"font-family: georgia, palatino, serif; font-size: 10pt;\">SE\/LLA\/13336, C I 2, fol 61<\/span><\/td>\n<td style=\"background-color: #ffffff; text-align: left; width: 110.298%; height: 139px;\" colspan=\"2\"><span style=\"color: #0000ff;\"><span style=\"font-family: georgia, palatino, serif; font-size: 10pt; color: #000000;\">F\u00f6delse- och dopb\u00f6cker 1761-1813, <span style=\"color: #0000ff;\"><a style=\"color: #0000ff;\" href=\"https:\/\/sok.riksarkivet.se\/bildvisning\/C0061871_00073#?c=&amp;m=&amp;s=&amp;cv=72&amp;xywh=560%2C-50%2C5930%2C3336\">f\u00f6ddes Husar Mejerfeldts och des hustrus Gertrud Johanna L\u00e4rkas lilla Son, d\u00f6ptes d. 10 ejusdem Nomine: Johan Casper. Enkan Cajsa Malena Holbec h\u00f6lt barent. Wittene: Organisten Cederberg, Hans Erlandsson, hustru Hanna Ola Pehrs och Kama Hans Erlands<\/a>.<\/span><\/span><\/span><\/td>\n<td style=\"background-color: #ffffff; text-align: left; width: 24.7934%; height: 139px;\"><span style=\"font-family: georgia, palatino, serif; font-size: 10pt;\">09-06-1785<\/span><\/td>\n<\/tr>\n<tr style=\"height: 27px;\">\n<td style=\"background-color: #ffffff; text-align: left; width: 8.76035%; height: 27px;\"><span style=\"font-family: georgia, palatino, serif; font-size: 10pt;\">SE\/KrA\/0023,<span style=\"color: #000000; text-align: left;\">\u00a0 1371, bild 181<\/span><\/span><\/td>\n<td style=\"background-color: #ffffff; text-align: left; width: 110.298%; height: 27px;\" colspan=\"2\"><span style=\"font-family: georgia, palatino, serif; font-size: 10pt;\">Drottningens Livregemente till fot, Friedrichs Compagnie, Stralsund,\u00a0<span style=\"color: #0000ff;\"><a style=\"color: #0000ff;\" href=\"https:\/\/sok.riksarkivet.se\/bildvisning\/A0029469_00181#?c=&amp;m=&amp;s=&amp;cv=180&amp;xywh=209%2C619%2C3896%2C2845\">Nr. 87. d. 1 Junij samma \u00e5r <span style=\"color: #000000;\">[1796]<\/span> med Anlager Pipare Johan Caspar Meinfeldt, f\u00f6dd i Cimersham, Compagnie Chef R\u00e4kning, Cap \u00e5r 6, \u00c5lder \u00e5r 14, Tienst \u00e5r 1, fot &#8211; tum -, Ogift, Luth, Aprob.<\/a><br \/>\n<\/span><\/span><\/td>\n<td style=\"background-color: #ffffff; text-align: left; width: 24.7934%; height: 27px;\"><span style=\"font-family: georgia, palatino, serif; font-size: 10pt;\">22-05-1797<\/span><\/td>\n<\/tr>\n<tr style=\"height: 27px;\">\n<td style=\"background-color: #ffffff; text-align: left; width: 8.76035%; height: 27px;\"><span style=\"font-family: georgia, palatino, serif; font-size: 10pt;\">SE\/KrA\/0023,<span style=\"color: #000000; text-align: left;\">\u00a0 1372, bild 183<\/span><\/span><\/td>\n<td style=\"background-color: #ffffff; text-align: left; width: 110.298%; height: 27px;\" colspan=\"2\"><span style=\"font-family: georgia, palatino, serif; font-size: 10pt;\">Drottningens Livregemente till fot, Friedrichs Compagnie, Stralsund,\u00a0<span style=\"color: #0000ff;\"><a style=\"color: #0000ff;\" href=\"https:\/\/sok.riksarkivet.se\/bildvisning\/A0029470_00183#?c=&amp;m=&amp;s=&amp;cv=182&amp;xywh=-209%2C-78%2C5609%2C4095\">Nr. 87. Pipare Joh. Caspar Meinfeldt, f\u00f6dd i Cimersham, Compagnie Chef R\u00e4kning, Cap \u00e5r 6, \u00c5lder \u00e5r 16, Tienst \u00e5r 3, fot 5 tum -, Ogift, Luth, Aprob.<\/a><\/span><\/span><\/td>\n<td style=\"background-color: #ffffff; text-align: left; width: 24.7934%; height: 27px;\"><span style=\"font-family: georgia, palatino, serif; font-size: 10pt;\">10-06-1799<\/span><\/td>\n<\/tr>\n<tr style=\"height: 27px;\">\n<td style=\"background-color: #ffffff; text-align: left; width: 8.76035%; height: 10px;\"><span style=\"font-family: georgia, palatino, serif; font-size: 10pt;\">SE\/KrA\/0023,<span style=\"color: #000000; text-align: left;\">\u00a0 1373, bild 1763<\/span><\/span><\/td>\n<td style=\"background-color: #ffffff; text-align: left; width: 110.298%; height: 10px;\" colspan=\"2\"><span style=\"font-family: georgia, palatino, serif; font-size: 10pt; color: #000000;\"><span style=\"font-family: georgia, palatino, serif; font-size: 10pt;\">Drottningens Livregemente till fot, Friedrichs Compagnie, Stralsund, , <a style=\"color: #000000;\" href=\"https:\/\/sok.riksarkivet.se\/bildvisning\/A0029471_00176#?c=&amp;m=&amp;s=&amp;cv=175&amp;xywh=251%2C695%2C3246%2C2370\"><span style=\"color: #0000ff;\">Nr. 87. Pipare Johan Casp Meinfeldt, f\u00f6dd i Cimmersham, Compagnie Chef R\u00e4kning, Cap \u00e5r 6, \u00c5lder \u00e5r 18, Tienst \u00e5r 5, fot 5 tum 5, Ogift, Luth, command i Greifswald<\/span><\/a><\/span><\/span><\/td>\n<td style=\"background-color: #ffffff; text-align: left; width: 24.7934%; height: 10px;\"><span style=\"font-family: georgia, palatino, serif; font-size: 10pt;\">17-06-1801<\/span><\/td>\n<\/tr>\n<tr style=\"height: 27px;\">\n<td style=\"background-color: #ffffff; text-align: left; width: 8.76035%; height: 27px;\"><span style=\"font-family: georgia, palatino, serif; font-size: 10pt;\">SE\/KrA\/0023,<span style=\"color: #000000; text-align: left;\">\u00a0 1374, bild 184<\/span><\/span><\/td>\n<td style=\"background-color: #ffffff; text-align: left; width: 110.298%; height: 27px;\" colspan=\"2\"><span style=\"font-family: georgia, palatino, serif; font-size: 10pt;\">Drottningens Livregemente till fot, Friedrichs Compagnie, Stralsund, <span style=\"font-family: georgia, palatino, serif; font-size: 10pt; color: #000000;\"><a style=\"color: #000000;\" href=\"https:\/\/sok.riksarkivet.se\/bildvisning\/A0029472_00182#?c=&amp;m=&amp;s=&amp;cv=181&amp;xywh=-575%2C-356%2C6269%2C4577\"><span style=\"color: #0000ff;\">Nr. 87. Caspar Meinfeldt, f\u00f6dd i Cimmersham, Compagnie Chef R\u00e4kning, set til Soldat den 24de January detta \u00e5r <span style=\"color: #000000;\">[1803]<\/span>, Cap \u00e5r 6, \u00c5lder \u00e5r 20, Tienst \u00e5r 7, fot 5 tum 5\u00bd, Ogift, Luth, comm. i Greifswald<\/span><\/a>\u00a0<\/span><\/span><\/td>\n<td style=\"background-color: #ffffff; text-align: left; width: 24.7934%; height: 27px;\"><span style=\"font-family: georgia, palatino, serif; font-size: 10pt;\">07-06-1803<\/span><\/td>\n<\/tr>\n<tr style=\"height: 27px;\">\n<td style=\"background-color: #ffffff; text-align: left; width: 8.76035%; height: 27px;\"><span style=\"font-family: georgia, palatino, serif; font-size: 10pt;\">SE\/KrA\/0023,<span style=\"color: #000000; text-align: left;\">\u00a0 1375, bild 146<\/span><\/span><\/td>\n<td style=\"background-color: #ffffff; text-align: left; width: 110.298%; height: 27px;\" colspan=\"2\"><span style=\"font-family: georgia, palatino, serif; font-size: 10pt;\">Drottningens Livregemente till fot, Friedrichs Compagnie, Stralsund, <span style=\"font-family: georgia, palatino, serif; font-size: 10pt; color: #000000;\"><a style=\"color: #000000;\" href=\"https:\/\/sok.riksarkivet.se\/bildvisning\/A0029473_00146#?c=&amp;m=&amp;s=&amp;cv=145&amp;xywh=-351%2C-8%2C5650%2C4126\"><span style=\"color: #0000ff;\">Nr. 87. Caspar Meinfeldt, f\u00f6dd i Cimmersham, Compagnie Chef R\u00e4kning, Cap \u00e5r 6, \u00c5lder \u00e5r 22, Tienst \u00e5r 9, fot 5 tum 8 <span style=\"color: #000000;\">[168,5 cm]<\/span>, Ogift, Luther, approberas<\/span><\/a>\u00a0<\/span><\/span><\/td>\n<td style=\"background-color: #ffffff; text-align: left; width: 24.7934%; height: 27px;\"><span style=\"font-family: georgia, palatino, serif; font-size: 10pt;\">24-05-1805<\/span><\/td>\n<\/tr>\n<tr style=\"height: 27px;\">\n<td style=\"background-color: #ffffff; text-align: left; width: 8.76035%; height: 27px;\"><span style=\"font-family: georgia, palatino, serif; font-size: 10pt;\">SE\/KrA\/0023,<span style=\"color: #000000; text-align: left;\">\u00a0 1376, bild 163<\/span><\/span><\/td>\n<td style=\"background-color: #ffffff; text-align: left; width: 110.298%; height: 27px;\" colspan=\"2\"><span style=\"font-family: georgia, palatino, serif; font-size: 10pt;\">Drottningens Livregemente till fot, Friedrichs Compagnie, <span style=\"font-family: georgia, palatino, serif; font-size: 10pt; color: #000000;\">Malm\u00f6, <a style=\"color: #000000;\" href=\"https:\/\/sok.riksarkivet.se\/bildvisning\/A0029474_00163#?c=&amp;m=&amp;s=&amp;cv=162&amp;xywh=487%2C432%2C4673%2C3412\"><span style=\"color: #0000ff;\">Nr. 87. Caspar Meinfeldt, rijmd ifr\u00e5n R\u00fcgen d. 11 lestl. Septbr, No. f\u00f6r Kronans r\u00e4kning, vacant<\/span><\/a>\u00a0<\/span><\/span><\/td>\n<td style=\"background-color: #ffffff; text-align: left; width: 24.7934%; height: 27px;\"><span style=\"font-family: georgia, palatino, serif; font-size: 10pt;\">23-11-1807<\/span><\/td>\n<\/tr>\n<tr style=\"height: 27px;\">\n<td style=\"background-color: #ffffff; text-align: left; width: 8.76035%; height: 27px;\"><span style=\"font-family: georgia, palatino, serif; font-size: 10pt;\">SE\/KrA\/0023,<span style=\"color: #000000; text-align: left;\">\u00a0 1378, bild 36<\/span><\/span><\/td>\n<td style=\"background-color: #ffffff; text-align: left; width: 110.298%; height: 27px;\" colspan=\"2\"><span style=\"font-family: georgia, palatino, serif; font-size: 10pt;\">Drottningens Livregemente till fot, Friedrichs Compagnie,<span style=\"font-family: georgia, palatino, serif; font-size: 10pt; color: #000000;\"> Stralsund,\u00a0 <a style=\"color: #000000;\" href=\"https:\/\/sok.riksarkivet.se\/bildvisning\/A0029476_00036#?c=&amp;m=&amp;s=&amp;cv=35&amp;xywh=-50%2C972%2C3895%2C2844\"><span style=\"color: #0000ff;\">UnderOfficerare Stabs Rustm\u00e4st: N.1. Vacant, d. 1 Aprill 1810 hit avancerad ur N.1 til Stabs Rust Johan Meijerfeldt, och d. 1 Augustij transporter. till lon samt d. 22 Maij 1811 befordrad till Regts Tramslagare. d. 1 Junij 1811 hit avancerad fr\u00e5n Capit. och Ridd. v. Fogelsang i Compagnie Johan Wagner. 1812 d. 8 Mars p\u00e5 beg\u00e4ren erh\u00e5llit afsked<\/span><\/a><br \/>\n<\/span><\/span><\/td>\n<td style=\"background-color: #ffffff; text-align: left; width: 24.7934%; height: 27px;\"><span style=\"font-family: georgia, palatino, serif; font-size: 10pt;\">15-08-1814<\/span><\/td>\n<\/tr>\n<tr style=\"height: 27px;\">\n<td style=\"background-color: #ffffff; text-align: left; width: 8.76035%; height: 27px;\"><\/td>\n<td style=\"background-color: #ffffff; text-align: left; width: 110.298%; height: 27px;\" colspan=\"2\"><\/td>\n<td style=\"background-color: #ffffff; text-align: left; width: 24.7934%; height: 27px;\"><\/td>\n<\/tr>\n<tr style=\"height: 27px;\">\n<td style=\"background-color: #ffffff; text-align: left; width: 8.76035%; height: 27px;\"><\/td>\n<td style=\"background-color: #ffffff; text-align: left; width: 110.298%; height: 27px;\" colspan=\"2\"><\/td>\n<td style=\"background-color: #ffffff; text-align: left; width: 24.7934%; height: 27px;\"><\/td>\n<\/tr>\n<tr style=\"height: 27px;\">\n<td style=\"background-color: #ffffff; text-align: left; width: 8.76035%; height: 27px;\"><\/td>\n<td style=\"background-color: #ffffff; text-align: left; width: 110.298%; height: 27px;\" colspan=\"2\"><\/td>\n<td style=\"background-color: #ffffff; text-align: left; width: 24.7934%; height: 27px;\"><\/td>\n<\/tr>\n<\/tbody>\n<\/table>\n","protected":false},"excerpt":{"rendered":"<p>PERSOONSDOSSIER \u2190 Ouders\u00a0 \u00a0***\u00a0 \u00a0\u2193 Genealogie\u00a0 \u00a0***\u00a0 \u00a0\u2193 Levensloop\u00a0 \u00a0***\u00a0 \u00a0\u2193 Documenten GENEALOGIE M.32. Johann Casper Meijerfeldt jr, * Simrishamn, Sk\u00e5ne 09-06-1785, \u2248 Simrishamn 10-06-1785, \u2020 Greifswald 10-05-1839, \u2261 St Marien 12-05-1739, militair, burger, dagloner, \u221e Margaretha Elisabeth Gau, * Wolgast, kinderen: M.321. Johann Friedrich Gau\u00a0genannt Meyerfeld, * Wolgast 20\/26-03-1812, \u2248 Ev-Luth 27-03-1812, \u2020 Greifswald &hellip; <a href=\"https:\/\/meijenfeldt.nl\/?page_id=63341\" class=\"more-link\">Verder lezen <span class=\"screen-reader-text\">Johann Casper jr<\/span><\/a><\/p>\n","protected":false},"author":1,"featured_media":0,"parent":0,"menu_order":0,"comment_status":"closed","ping_status":"closed","template":"","meta":{"footnotes":""},"class_list":["post-63341","page","type-page","status-publish","hentry"],"_links":{"self":[{"href":"https:\/\/meijenfeldt.nl\/index.php?rest_route=\/wp\/v2\/pages\/63341","targetHints":{"allow":["GET"]}}],"collection":[{"href":"https:\/\/meijenfeldt.nl\/index.php?rest_route=\/wp\/v2\/pages"}],"about":[{"href":"https:\/\/meijenfeldt.nl\/index.php?rest_route=\/wp\/v2\/types\/page"}],"author":[{"embeddable":true,"href":"https:\/\/meijenfeldt.nl\/index.php?rest_route=\/wp\/v2\/users\/1"}],"replies":[{"embeddable":true,"href":"https:\/\/meijenfeldt.nl\/index.php?rest_route=%2Fwp%2Fv2%2Fcomments&post=63341"}],"version-history":[{"count":37,"href":"https:\/\/meijenfeldt.nl\/index.php?rest_route=\/wp\/v2\/pages\/63341\/revisions"}],"predecessor-version":[{"id":71000,"href":"https:\/\/meijenfeldt.nl\/index.php?rest_route=\/wp\/v2\/pages\/63341\/revisions\/71000"}],"wp:attachment":[{"href":"https:\/\/meijenfeldt.nl\/index.php?rest_route=%2Fwp%2Fv2%2Fmedia&parent=63341"}],"curies":[{"name":"wp","href":"https:\/\/api.w.org\/{rel}","templated":true}]}}