{"id":63304,"date":"2024-04-17T07:25:15","date_gmt":"2024-04-17T07:25:15","guid":{"rendered":"https:\/\/meijenfeldt.nl\/?page_id=63304"},"modified":"2025-03-27T19:00:36","modified_gmt":"2025-03-27T19:00:36","slug":"johann-caspar","status":"publish","type":"page","link":"https:\/\/meijenfeldt.nl\/?page_id=63304","title":{"rendered":"Johann Caspar sr"},"content":{"rendered":"<table style=\"border-collapse: collapse; width: 100%; height: 618px;\">\n<tbody>\n<tr style=\"height: 30px;\">\n<td style=\"width: 143.373%; background-color: #ffffff; text-align: center; height: 30px;\" colspan=\"4\"><span style=\"font-size: 14pt;\"><strong><span style=\"color: #000000;\">PERSOONSDOSSIER<\/span><\/strong><\/span><\/td>\n<\/tr>\n<tr style=\"height: 27px;\">\n<td style=\"background-color: #ffffff; text-align: center; width: 143.373%; height: 27px;\" colspan=\"4\"><span style=\"color: #000000; font-size: 10pt;\"><span style=\"color: #0000ff;\"><a style=\"color: #0000ff;\" href=\"https:\/\/meijenfeldt.nl\/?page_id=2780\">\u2190 Gezin<\/a><\/span>\u00a0 \u00a0***\u00a0 \u00a0<span style=\"color: #0000ff;\"><a style=\"color: #0000ff;\" href=\"#genealogie\">\u2193 Genealogie<\/a><\/span>\u00a0 \u00a0***\u00a0 \u00a0<a style=\"color: #0000ff;\" href=\"#levensloop\">\u2193 Levensloop<\/a><span style=\"font-size: 10pt;\">\u00a0 \u00a0***\u00a0 <\/span><span style=\"font-size: 10pt;\">\u00a0<\/span><span style=\"color: #0000ff;\"><a style=\"color: #0000ff;\" href=\"#documenten\">\u2193 Documenten<\/a><\/span><br \/>\n<\/span><\/td>\n<\/tr>\n<tr style=\"height: 28px;\">\n<td style=\"background-color: #d5e8eb; text-align: center; height: 28px; width: 143.373%;\" colspan=\"4\"><span style=\"color: #000000;\"><strong><a id=\"genealogie\"><\/a>GENEALOGIE<\/strong><\/span><\/td>\n<\/tr>\n<tr style=\"height: 56px;\">\n<td style=\"width: 143.373%; background-color: #ffffff; text-align: justify; height: 56px;\" colspan=\"4\"><span style=\"color: #000000;\"><span style=\"color: #000000;\"><br \/>\nM.3. <strong>J<\/strong><strong style=\"text-align: start;\">ohann Casper Meijerfeldt sr<\/strong>, <span style=\"text-align: start;\">* <span style=\"color: #000000;\">Roggentin<\/span> 05-05-1755, \u2248 Rechlin 08-05-1755 [<span style=\"color: #000000;\">Strelitz <\/span>30-05-1757], \u2020 Stralsund \u2261 St J\u00fcrgen 13-04-1830 (91 jr?)<\/span><\/span><\/span><span style=\"color: #000000;\"><span style=\"text-align: start;\">, militair, 180 cm, \u221e <em>Gertrud Johanna L\u00e4rka<\/em>, * Simrishamn 13-08-1744, \u2020 Stralsund 10-11-1807 (longinfectie, zijsteken), \u2261 <\/span>St. J\u00fcrgen 13-11-1807, dochter van Anders H\u00e5kansson L\u00e4rka en Anna Maria Lambertsdotter, kinderen:<br \/>\nM.31. <span style=\"color: #0000ff;\"><a style=\"color: #0000ff;\" href=\"https:\/\/meijenfeldt.nl\/?page_id=63330\">Joachim Andreas<\/a><\/span>.<br \/>\nM.32. <span style=\"color: #0000ff;\"><a style=\"color: #0000ff;\" href=\"https:\/\/meijenfeldt.nl\/?page_id=63341\">Johann Casper jr<\/a><\/span>.<br \/>\n<\/span><span style=\"color: #000000; font-family: georgia, palatino, serif; font-size: 12pt;\">\u221e <\/span><em style=\"color: #000000; font-family: georgia, palatino, serif; font-size: 12pt;\">Sop\u00adhia Thal<\/em><span style=\"color: #000000; font-family: georgia, palatino, serif; font-size: 12pt;\">, * Stralsund 1764, \u2020 Stral\u00adsund 19-02-1841.<\/span><\/td>\n<\/tr>\n<tr style=\"height: 28px;\">\n<td style=\"background-color: #d5e8eb; text-align: center; height: 28px; width: 143.373%;\" colspan=\"4\"><strong><span style=\"color: #000000;\"><a id=\"levensloop\"><\/a>LEVENSLOOP<br \/>\n<\/span><\/strong><\/td>\n<\/tr>\n<tr style=\"height: 224px;\">\n<td style=\"width: 143.373%; height: 45px;\" colspan=\"4\"><span style=\"font-family: georgia, palatino, serif; font-size: 10pt;\"><br \/>\n30-04-1774 Huzaar nr. 31 in eskadron Psilander \/ Lewenhaupt te Malm\u00f6 in M\u00f6rners regiment, contract voor 6 jaar, twee maal met vier jaar verlengd.<\/span><br \/>\n<span style=\"font-family: georgia, palatino, serif; font-size: 10pt;\">08-06-1788 Infanterist nr. 13 in compagnie Blessing te Malm\u00f6 en Stralsund in Lijfregiment van de Koningin, contract voor 6 jaar.<br \/>\n03-07-1794 Afscheid.<br \/>\nNachtwater in Stralsund.<\/span><\/td>\n<\/tr>\n<tr style=\"height: 28px;\">\n<td style=\"height: 28px; background-color: #d5e8eb; text-align: center; width: 143.373%;\" colspan=\"4\"><a id=\"documenten\"><\/a><strong><span style=\"color: #000000;\">DOCUMENTEN<\/span><\/strong><\/td>\n<\/tr>\n<tr>\n<td style=\"background-color: #ffffff; text-align: left; width: 143.373%;\" colspan=\"4\"><strong style=\"color: #000000; font-family: georgia, palatino, serif; font-size: 13.3333px; text-align: left;\"><br \/>\nSE\/KrA<\/strong><span style=\"color: #000000; font-family: georgia, palatino, serif; font-size: 13.3333px; text-align: left;\">\u00a0<\/span><span style=\"color: #000000; font-family: georgia, palatino, serif; font-size: 13.3333px; text-align: left;\">= Sverige \/ Krigsarkivet (Militair Archief Zweden);<\/span><span style=\"color: #000000; font-family: georgia, palatino, serif; font-size: 13.3333px; text-align: left;\">\u00a0<\/span><strong style=\"color: #000000; font-family: georgia, palatino, serif; font-size: 13.3333px; text-align: left;\">0023<\/strong><span style=\"color: #000000; font-family: georgia, palatino, serif; font-size: 13.3333px; text-align: left;\">\u00a0<\/span><span style=\"color: #000000; font-family: georgia, palatino, serif; font-size: 13.3333px; text-align: left;\">Generalm\u00fcnsterrullor 1660-1887<br \/>\nFot \/ voet = 29,7 cm; Tum \/ duim = 2,47 cm.<\/span><\/td>\n<\/tr>\n<tr>\n<td style=\"background-color: #ffffff; text-align: left; width: 8.76035%;\"><span style=\"font-family: georgia, palatino, serif; font-size: 10pt;\">SE\/KrA\/0023, 1562, bild 79<\/span><strong style=\"color: #000000; font-family: georgia, palatino, serif; font-size: 13.3333px; text-align: left;\"><br \/>\n<\/strong><\/td>\n<td style=\"background-color: #ffffff; text-align: left; width: 109.654%;\" colspan=\"2\"><span style=\"font-size: 10pt;\"><span style=\"color: #000000;\">M\u00f6rners Husare Regemente, Psilanderhielms Esquadron, Malm\u00f6,<\/span> <\/span><a style=\"font-family: georgia, palatino, serif; font-size: 13.3333px;\" href=\"https:\/\/sok.riksarkivet.se\/bildvisning\/A0029749_00079#?c=&amp;m=&amp;s=&amp;cv=78&amp;xywh=-679%2C-42%2C5830%2C4257\"><span style=\"font-family: georgia, palatino, serif; color: #0000ff;\"><span style=\"font-size: 10pt;\">Nr 31. Johan Meijenfeldt, F\u00f6d i Meckelborg, Luth, Capitulerad d. 30 april 1774 p\u00e5 6 \u00e5r, \u00c5llder 22 \u00e5r, Tienst 2 \u00e5r 1 m\u00e5nad, Ogift, K\u00f6ck.<\/span><\/span><\/a><strong style=\"color: #000000; font-family: georgia, palatino, serif; font-size: 13.3333px; text-align: left;\"><br \/>\n<\/strong><\/td>\n<td style=\"background-color: #ffffff; text-align: left; width: 24.9587%;\"><span style=\"font-family: georgia, palatino, serif; font-size: 10pt;\">28-05-1776<\/span><\/td>\n<\/tr>\n<tr>\n<td style=\"background-color: #ffffff; text-align: left; width: 8.76035%;\"><span style=\"font-family: georgia, palatino, serif; font-size: 10pt;\">SE\/KrA\/0023, 1562, bild 240<br \/>\n<\/span><\/td>\n<td style=\"background-color: #ffffff; text-align: left; width: 109.654%;\" colspan=\"2\"><span style=\"font-size: 10pt;\"><span style=\"font-size: 10pt;\"><span style=\"color: #000000;\">M\u00f6rners Husare Regemente, Psilanderhielms (vanaf 10-02-1779 Lewenhaupts) Esquadron, Malm\u00f6,<\/span> <\/span><span style=\"color: #0000ff;\"><a style=\"color: #0000ff;\" href=\"https:\/\/sok.riksarkivet.se\/bildvisning\/A0029749_00240#?c=&amp;m=&amp;s=&amp;cv=239&amp;xywh=496%2C517%2C4048%2C2955\"><span style=\"font-size: 10pt;\">Nr 31. Johan Meijenfeldt, F\u00f6dd i Mecklenborg, Luth, M\u00e5ter 6 fot \u00be Tum, Capitulerad d. 30. April 1774 <\/span><\/a><a style=\"color: #0000ff;\" href=\"https:\/\/sok.riksarkivet.se\/bildvisning\/A0029749_00240#?c=&amp;m=&amp;s=&amp;cv=239&amp;xywh=496%2C517%2C4048%2C2955\"><span style=\"font-size: 10pt;\">\u00e5r<\/span><\/a> <a style=\"color: #0000ff;\" href=\"https:\/\/sok.riksarkivet.se\/bildvisning\/A0029749_00240#?c=&amp;m=&amp;s=&amp;cv=239&amp;xywh=496%2C517%2C4048%2C2955\"><span style=\"font-size: 10pt;\">6, \u00c5llder <\/span><\/a><a style=\"color: #0000ff;\" href=\"https:\/\/sok.riksarkivet.se\/bildvisning\/A0029749_00240#?c=&amp;m=&amp;s=&amp;cv=239&amp;xywh=496%2C517%2C4048%2C2955\"><span style=\"font-size: 10pt;\">\u00e5r<\/span><\/a> <a style=\"color: #0000ff;\" href=\"https:\/\/sok.riksarkivet.se\/bildvisning\/A0029749_00240#?c=&amp;m=&amp;s=&amp;cv=239&amp;xywh=496%2C517%2C4048%2C2955\"><span style=\"font-size: 10pt;\">24, Tienst <\/span><\/a><a style=\"color: #0000ff;\" href=\"https:\/\/sok.riksarkivet.se\/bildvisning\/A0029749_00240#?c=&amp;m=&amp;s=&amp;cv=239&amp;xywh=496%2C517%2C4048%2C2955\"><span style=\"font-size: 10pt;\">\u00e5r<\/span><\/a> <a style=\"color: #0000ff;\" href=\"https:\/\/sok.riksarkivet.se\/bildvisning\/A0029749_00240#?c=&amp;m=&amp;s=&amp;cv=239&amp;xywh=496%2C517%2C4048%2C2955\"><span style=\"font-size: 10pt;\">4, Ogift<\/span><\/a><br \/>\n<\/span><\/span><\/td>\n<td style=\"background-color: #ffffff; text-align: left; width: 24.9587%;\"><span style=\"font-family: georgia, palatino, serif; font-size: 10pt;\">15-05-1778<br \/>\n<\/span><\/td>\n<\/tr>\n<tr>\n<td style=\"background-color: #ffffff; text-align: left; width: 8.76035%;\"><span style=\"font-family: georgia, palatino, serif; font-size: 10pt;\">SE\/KrA\/0023, 1562, bild 376<br \/>\n<\/span><\/td>\n<td style=\"background-color: #ffffff; text-align: left;\" colspan=\"2\"><span style=\"font-size: 10pt;\"><span style=\"font-size: 10pt;\"><span style=\"color: #000000;\">M\u00f6rners Husare Regemente, <span style=\"font-family: georgia, palatino, serif; font-size: 10pt;\">Lewenhaupts <\/span>Esquadron, Malm\u00f6,<\/span> <\/span><span style=\"color: #0000ff;\"><a style=\"color: #0000ff;\" href=\"https:\/\/sok.riksarkivet.se\/bildvisning\/A0029749_00376#?c=&amp;m=&amp;s=&amp;cv=375&amp;xywh=-27%2C85%2C5712%2C4171\"><span style=\"font-size: 10pt;\">nr 31. Johan Meijenfeldt, F\u00f6dd i Mecklenborg, Recap:d d. 30. April 1780 p\u00e5 4 \u00e5r, \u00c5llder 26 \u00e5r, Tienst 6 \u00e5r, Fot 6 Tum \u00be, Gift, K\u00f6ck.<\/span><\/a><\/span><br \/>\n<\/span><\/td>\n<td style=\"background-color: #ffffff; text-align: left; width: 24.9587%;\"><span style=\"font-family: georgia, palatino, serif; font-size: 10pt;\">26-05-1780<br \/>\n<\/span><\/td>\n<\/tr>\n<tr>\n<td style=\"background-color: #ffffff; text-align: left; width: 8.76035%;\"><span style=\"font-family: georgia, palatino, serif; font-size: 10pt; color: #000000;\"> SE\/LLA\/13336, C I 2, fol 52v<\/span><\/td>\n<td style=\"background-color: #ffffff; text-align: left; width: 109.654%;\" colspan=\"2\"><span style=\"color: #0000ff;\"><a style=\"color: #0000ff;\" href=\"https:\/\/sok.riksarkivet.se\/bildvisning\/C0061871_00064#?c=&amp;m=&amp;s=&amp;cv=63&amp;xywh=1070%2C1584%2C3249%2C1642\"><span style=\"font-size: 10pt;\"><span style=\"font-size: 10pt;\">f\u00f6ddes husaren Johan H\u00f6pners och des hustru Luse Johansdotter G\u00e5\u03b2ebar och d\u00f6ptes Nomine Johan Christian, hustru Johanna Meijerfeldt h\u00f6lt barent till d\u00f6pen. Wittnen: &#8230;<\/span><\/span><\/a><\/span><\/td>\n<td style=\"background-color: #ffffff; text-align: left; width: 24.9587%;\"><span style=\"font-family: georgia, palatino, serif; font-size: 10pt;\">10-12-1780<\/span><\/td>\n<\/tr>\n<tr>\n<td style=\"background-color: #ffffff; text-align: left; width: 8.76035%;\"><span style=\"font-family: georgia, palatino, serif; font-size: 10pt;\"> SE\/KrA\/0023, 1563, bild 48<\/span><\/td>\n<td style=\"background-color: #ffffff; text-align: left; width: 109.654%;\" colspan=\"2\"><span style=\"font-size: 10pt;\"><span style=\"font-size: 10pt;\"> M\u00f6rners Husare Regemente, <span style=\"font-family: georgia, palatino, serif; font-size: 10pt;\"><span style=\"color: #000000;\">Lewenhaupts <\/span><\/span>Esquadron, Karabij, <span style=\"color: #0000ff;\"><a style=\"color: #0000ff;\" href=\"https:\/\/sok.riksarkivet.se\/bildvisning\/A0029750_00048#?c=&amp;m=&amp;s=&amp;cv=47&amp;xywh=143%2C-226%2C4404%2C3215\">nr 31. Johan Meijenfeldt, F\u00f6dd i Meklenborg, Recap. d. 30. April 1780 4 \u00e5r. \u00c5llder \u00e5r 28, Tienst <\/a><a style=\"color: #0000ff;\" href=\"https:\/\/sok.riksarkivet.se\/bildvisning\/A0029750_00048#?c=&amp;m=&amp;s=&amp;cv=47&amp;xywh=143%2C-226%2C4404%2C3215\">\u00e5r<\/a><a style=\"color: #0000ff;\" href=\"https:\/\/sok.riksarkivet.se\/bildvisning\/A0029750_00048#?c=&amp;m=&amp;s=&amp;cv=47&amp;xywh=143%2C-226%2C4404%2C3215\">8, Fot 6 Tum \u00be, Gift, K\u00f6ck.<\/a><\/span><\/span><\/span><\/td>\n<td style=\"background-color: #ffffff; text-align: left; width: 24.9587%;\"><span style=\"font-family: georgia, palatino, serif; font-size: 10pt;\">27-05-1782<\/span><\/td>\n<\/tr>\n<tr>\n<td style=\"background-color: #ffffff; text-align: left; width: 8.76035%;\"><span style=\"font-family: georgia, palatino, serif; font-size: 10pt;\"> SE\/KrA\/0023, 1563, bild 185<\/span><\/td>\n<td style=\"background-color: #ffffff; text-align: left; width: 109.654%;\" colspan=\"2\"><span style=\"font-size: 10pt;\"><span style=\"font-size: 10pt;\"> M\u00f6rners Husare Regemente, <span style=\"font-family: georgia, palatino, serif; font-size: 10pt;\"><span style=\"color: #000000;\">Lewenhaupts <\/span><\/span>Esquadron, Karabij, <span style=\"color: #0000ff;\"><a style=\"color: #0000ff;\" href=\"https:\/\/sok.riksarkivet.se\/bildvisning\/A0029750_00185#?c=&amp;m=&amp;s=&amp;cv=184&amp;xywh=179%2C1175%2C2414%2C1762\">nr 31. Johan Meijenfeldt, F\u00f6dd i Meklenburg, Recapit. d. 30. April 1784 p\u00e5 4. \u00c5llder \u00e5r 30, Tienst \u00e5r 10, Fot 6 Tum \u00be, Gift, Luth, K\u00f6ck.<\/a><\/span><\/span><\/span><\/td>\n<td style=\"background-color: #ffffff; text-align: left; width: 24.9587%;\"><span style=\"font-family: georgia, palatino, serif; font-size: 10pt;\">26-05-1784<\/span><\/td>\n<\/tr>\n<tr>\n<td style=\"background-color: #ffffff; text-align: left; width: 8.76035%;\"><span style=\"font-family: georgia, palatino, serif; font-size: 10pt;\"> SE\/KrA\/0023, 1563, bild 323<\/span><\/td>\n<td style=\"background-color: #ffffff; text-align: left; width: 109.654%;\" colspan=\"2\"><span style=\"font-size: 10pt;\"><span style=\"font-size: 10pt;\"> M\u00f6rners Husare Regemente, <span style=\"font-family: georgia, palatino, serif; font-size: 10pt;\"><span style=\"color: #000000;\">Lewenhaupts <\/span><\/span>Esquadron, Bonnarp, <span style=\"color: #0000ff;\"><a style=\"color: #0000ff;\" href=\"https:\/\/sok.riksarkivet.se\/bildvisning\/A0029750_00323#?c=&amp;m=&amp;s=&amp;cv=322&amp;xywh=384%2C244%2C3670%2C2679\">nr 31. Johan Meijenfeldt, F\u00f6dd i Meklenburg, Recapit. d. 30. April 1784 p\u00e5 4. \u00c5llder \u00e5r 32, Tienst \u00e5r 12, Fot 6 Tum \u00be, Gift, Luth, K\u00f6ck.<\/a><\/span><\/span><\/span><\/td>\n<td style=\"background-color: #ffffff; text-align: left; width: 24.9587%;\"><span style=\"font-family: georgia, palatino, serif; font-size: 10pt;\">19-06-1786<\/span><\/td>\n<\/tr>\n<tr>\n<td style=\"background-color: #ffffff; text-align: left; width: 8.76035%;\"><span style=\"font-family: georgia, palatino, serif; font-size: 10pt;\">SE\/KrA\/0023, 1564, bild 47<\/span><\/td>\n<td style=\"background-color: #ffffff; text-align: left; width: 109.654%;\" colspan=\"2\"><span style=\"font-size: 10pt;\"><span style=\"font-size: 10pt;\">M\u00f6rners Husare Regemente, <span style=\"font-family: georgia, palatino, serif; font-size: 10pt;\"><span style=\"color: #000000;\">Lewenhaupts <\/span><\/span>Esquadron, Bonnarp, <span style=\"color: #0000ff;\"><a style=\"color: #0000ff;\" href=\"https:\/\/sok.riksarkivet.se\/bildvisning\/A0029751_00047#?c=&amp;m=&amp;s=&amp;cv=46&amp;xywh=459%2C-5%2C3251%2C2373\">nr 31. Johan Meijenfeldt, F\u00f6dd i Meklenburg, Recapitul. d. 30. April 1784 p\u00e5 4. \u00c5llder \u00e5r 34, Tienst \u00e5r 14, Fot 6 Tum \u00be, Gift, Luth, K\u00f6ck.<\/a><\/span><\/span><\/span><\/td>\n<td style=\"background-color: #ffffff; text-align: left; width: 24.9587%;\"><span style=\"font-family: georgia, palatino, serif; font-size: 10pt;\">05-05-1788<\/span><\/td>\n<\/tr>\n<tr>\n<td style=\"background-color: #ffffff; text-align: left; width: 8.76035%;\"><span style=\"font-family: georgia, palatino, serif; font-size: 10pt;\">SE\/KrA\/0023, 1564, bild 171<\/span><\/td>\n<td style=\"background-color: #ffffff; text-align: left; width: 109.654%;\" colspan=\"2\"><span style=\"font-size: 10pt;\"><span style=\"font-size: 10pt;\">M\u00f6rners Husare Regemente, <span style=\"font-family: georgia, palatino, serif; font-size: 10pt;\"><span style=\"color: #000000;\">Lewenhaupts <\/span><\/span>Esquadron, Bonnarp, <span style=\"color: #0000ff;\"><a style=\"color: #0000ff;\" href=\"https:\/\/sok.riksarkivet.se\/bildvisning\/A0029751_00171#?c=&amp;m=&amp;s=&amp;cv=170&amp;xywh=-68%2C343%2C4539%2C3314\">nr 31. Johan Meijenfeldt, F\u00f6dd i Meklenburg, efter uttient Capitulation \u00e4rh\u00e5llit afskied d. 26 Junij 1788.<\/a><\/span><\/span><\/span><\/td>\n<td style=\"background-color: #ffffff; text-align: left; width: 24.9587%;\"><span style=\"font-family: georgia, palatino, serif; font-size: 10pt;\">1789<\/span><\/td>\n<\/tr>\n<tr>\n<td style=\"background-color: #ffffff; text-align: left; width: 8.76035%;\"><span style=\"font-family: georgia, palatino, serif; font-size: 10pt;\"> SE\/KrA\/0023, 1367, bild 539<\/span><\/td>\n<td style=\"background-color: #ffffff; text-align: left; width: 109.654%;\" colspan=\"2\"><span style=\"font-size: 10pt;\"><span style=\"font-size: 10pt;\"> <span style=\"font-family: georgia, palatino, serif; font-size: 10pt;\"><span style=\"color: #000000;\">Drottningens Livregemente till fot, Blessinghs Compagnie, Malm\u00f6, <span style=\"color: #0000ff;\"><a style=\"color: #0000ff;\" href=\"https:\/\/sok.riksarkivet.se\/bildvisning\/A0029465_00539#?c=&amp;m=&amp;s=&amp;cv=538&amp;xywh=-332%2C243%2C5832%2C3281\">nr 13. Johan Casper Meienfeldt, f\u00f6dd i Strelitz, Luth, Capitulation 6 \u00e5r, \u00c5llder \u00e5r 33\u00bd, Tienst \u00e5r 16\u00bd, Gift, Carlscrona<\/a><\/span><\/span><\/span><\/span><\/span><\/td>\n<td style=\"background-color: #ffffff; text-align: left; width: 24.9587%;\"><span style=\"font-family: georgia, palatino, serif; font-size: 10pt;\">29-07-1790<\/span><\/td>\n<\/tr>\n<tr>\n<td style=\"background-color: #ffffff; text-align: left; width: 8.76035%;\"><span style=\"font-family: georgia, palatino, serif; font-size: 10pt;\">SE\/KrA\/0023, 1368, bild 251<\/span><\/td>\n<td style=\"background-color: #ffffff; text-align: left; width: 109.654%;\" colspan=\"2\"><span style=\"font-size: 10pt;\"><span style=\"font-size: 10pt;\"><span style=\"font-family: georgia, palatino, serif; font-size: 10pt;\"><span style=\"color: #000000;\">Drottningens Livregemente till fot, Blessinghs Compagnie, Stralsund, <span style=\"color: #0000ff;\"><a style=\"color: #0000ff;\" href=\"https:\/\/sok.riksarkivet.se\/bildvisning\/A0029466_00251#?c=&amp;m=&amp;s=&amp;cv=250&amp;xywh=397%2C1832%2C2833%2C1594\">nr 13. Johan Casper Meinfeldt, f\u00f6dd i Mecklenburg d. 30 Maij 1757, engagerad den 8. Junij 1788, Capitulation \u00e5r 6, \u00c5llder \u00e5r 34, Tienst \u00e5r 17, Gift, Luther, Carlscrona<\/a><\/span><\/span><\/span><\/span><\/span><\/td>\n<td style=\"background-color: #ffffff; text-align: left; width: 24.9587%;\"><span style=\"font-family: georgia, palatino, serif; font-size: 10pt;\">1791<\/span><\/td>\n<\/tr>\n<tr>\n<td style=\"background-color: #ffffff; text-align: left; width: 8.76035%;\"><span style=\"font-family: georgia, palatino, serif; font-size: 10pt;\"> SE\/KrA\/0023, 1369, bild 251<\/span><\/td>\n<td style=\"background-color: #ffffff; text-align: left; width: 109.654%;\" colspan=\"2\"><span style=\"font-size: 10pt;\"><span style=\"font-size: 10pt;\"> <span style=\"font-family: georgia, palatino, serif; font-size: 10pt;\"><span style=\"color: #000000;\">Drottningens Livregemente till fot, Blessinghs Compagnie, Stralsund, <span style=\"color: #0000ff;\"><a style=\"color: #0000ff;\" href=\"https:\/\/sok.riksarkivet.se\/bildvisning\/A0029467_00251#?c=&amp;m=&amp;s=&amp;cv=250&amp;xywh=-143%2C763%2C4896%2C2755\">nr 13. Johan Casper Meinfeldt, f\u00f6dd i Mecklenburg d. 30 Maij 1757, engagerad den 8. Junij 1788, Capitulation \u00e5r 6, \u00c5llder \u00e5r 34, Tienst \u00e5r 17, Gift, Luther, fot 6 tum 1<\/a><\/span><\/span><\/span><\/span><\/span><\/td>\n<td style=\"background-color: #ffffff; text-align: left; width: 24.9587%;\"><span style=\"font-family: georgia, palatino, serif; font-size: 10pt;\">14-06-1793<\/span><\/td>\n<\/tr>\n<tr>\n<td style=\"background-color: #ffffff; text-align: left; width: 8.76035%;\"><span style=\"font-family: georgia, palatino, serif; font-size: 10pt;\"> SE\/KrA\/0023, 1370, bild 290<\/span><\/td>\n<td style=\"background-color: #ffffff; text-align: left;\" colspan=\"2\"><span style=\"font-size: 10pt;\"><span style=\"font-size: 10pt;\"> <span style=\"font-family: georgia, palatino, serif; font-size: 10pt;\"><span style=\"color: #000000;\">Drottningens Livregemente till fot, Blessinghs Compagnie, Malm\u00f6, <span style=\"color: #0000ff;\"><a style=\"color: #0000ff;\" href=\"https:\/\/sok.riksarkivet.se\/bildvisning\/A0029468_00290#?c=&amp;m=&amp;s=&amp;cv=289&amp;xywh=121%2C-137%2C3894%2C2843\">nr 13. Johan Casper Meinfeldt, f\u00f6dd i Meck.burg, bekommit \u00e4fsked d. 3. Julij 1794<\/a><\/span><\/span><\/span><\/span><\/span><\/td>\n<td style=\"background-color: #ffffff; text-align: left; width: 24.9587%;\"><span style=\"font-family: georgia, palatino, serif; font-size: 10pt;\">28-05-1795<\/span><\/td>\n<\/tr>\n<tr>\n<td style=\"background-color: #ffffff; text-align: left; width: 8.76035%;\"><span style=\"font-family: georgia, palatino, serif; font-size: 10pt; color: #000000;\">Kirchenbuch St J\u00fcrgen\u00a0 Stralsund 1807, S. 150, Nr. 285<\/span><\/td>\n<td style=\"background-color: #ffffff; text-align: left;\" colspan=\"2\"><span style=\"color: #000000;\"><em><span style=\"font-family: georgia, palatino, serif; font-size: 10pt;\"><span style=\"color: #0000ff;\"><a style=\"color: #0000ff;\" href=\"https:\/\/meijenfeldt.nl\/wp-content\/uploads\/2025\/03\/1807-Stralsund-Jurgen-boek-gertrud-Johanna.pdf\">des Nachtw\u00e4chters Maierfeld Ehenfrau Gertrud Johanna Kerker, geb. in Schweden, wohnort Stralsund, 75 Jahre, Seitenstiche<\/a><\/span><\/span><\/em><\/span><\/td>\n<td style=\"background-color: #ffffff; text-align: left; width: 24.9587%;\"><span style=\"font-family: georgia, palatino, serif; font-size: 10pt;\">10-11-1807<br \/>\n13-11-1807<\/span><\/td>\n<\/tr>\n<tr>\n<td style=\"background-color: #ffffff; text-align: left; width: 8.76035%;\"><span style=\"font-family: georgia, palatino, serif; font-size: 10pt; color: #000000;\">Kirchenbuch St J\u00fcrgen\u00a0 Stralsund 1830, S. 237, Nr. 88<\/span><\/td>\n<td style=\"background-color: #ffffff; text-align: left; width: 109.654%;\" colspan=\"2\"><span style=\"color: #000000;\"><em><span style=\"font-family: georgia, palatino, serif; font-size: 10pt;\"><span style=\"color: #0000ff;\"><a style=\"color: #0000ff;\" href=\"https:\/\/meijenfeldt.nl\/wp-content\/uploads\/2025\/03\/1830-Jurgen-boek-JC.pdf\">der ehem. Nachtw\u00e4chter Joh. Casper Meyerfeld, geb. Schwerin, wohn. St Marien, 91 Jahre, Alterschw\u00e4che <\/a><\/span><\/span><\/em><em><span style=\"font-family: georgia, palatino, serif; font-size: 10pt;\"><br \/>\n<\/span><\/em><\/span><\/td>\n<td style=\"background-color: #ffffff; text-align: left; width: 24.9587%;\"><span style=\"font-family: georgia, palatino, serif; font-size: 10pt; color: #000000;\">13-04-1830<br \/>\n14-04-1830<\/span><\/td>\n<\/tr>\n<\/tbody>\n<\/table>\n","protected":false},"excerpt":{"rendered":"<p>PERSOONSDOSSIER \u2190 Gezin\u00a0 \u00a0***\u00a0 \u00a0\u2193 Genealogie\u00a0 \u00a0***\u00a0 \u00a0\u2193 Levensloop\u00a0 \u00a0***\u00a0 \u00a0\u2193 Documenten GENEALOGIE M.3. Johann Casper Meijerfeldt sr, * Roggentin 05-05-1755, \u2248 Rechlin 08-05-1755 [Strelitz 30-05-1757], \u2020 Stralsund \u2261 St J\u00fcrgen 13-04-1830 (91 jr?), militair, 180 cm, \u221e Gertrud Johanna L\u00e4rka, * Simrishamn 13-08-1744, \u2020 Stralsund 10-11-1807 (longinfectie, zijsteken), \u2261 St. J\u00fcrgen 13-11-1807, dochter van &hellip; <a href=\"https:\/\/meijenfeldt.nl\/?page_id=63304\" class=\"more-link\">Verder lezen <span class=\"screen-reader-text\">Johann Caspar sr<\/span><\/a><\/p>\n","protected":false},"author":1,"featured_media":0,"parent":0,"menu_order":0,"comment_status":"closed","ping_status":"closed","template":"","meta":{"footnotes":""},"class_list":["post-63304","page","type-page","status-publish","hentry"],"_links":{"self":[{"href":"https:\/\/meijenfeldt.nl\/index.php?rest_route=\/wp\/v2\/pages\/63304","targetHints":{"allow":["GET"]}}],"collection":[{"href":"https:\/\/meijenfeldt.nl\/index.php?rest_route=\/wp\/v2\/pages"}],"about":[{"href":"https:\/\/meijenfeldt.nl\/index.php?rest_route=\/wp\/v2\/types\/page"}],"author":[{"embeddable":true,"href":"https:\/\/meijenfeldt.nl\/index.php?rest_route=\/wp\/v2\/users\/1"}],"replies":[{"embeddable":true,"href":"https:\/\/meijenfeldt.nl\/index.php?rest_route=%2Fwp%2Fv2%2Fcomments&post=63304"}],"version-history":[{"count":37,"href":"https:\/\/meijenfeldt.nl\/index.php?rest_route=\/wp\/v2\/pages\/63304\/revisions"}],"predecessor-version":[{"id":71864,"href":"https:\/\/meijenfeldt.nl\/index.php?rest_route=\/wp\/v2\/pages\/63304\/revisions\/71864"}],"wp:attachment":[{"href":"https:\/\/meijenfeldt.nl\/index.php?rest_route=%2Fwp%2Fv2%2Fmedia&parent=63304"}],"curies":[{"name":"wp","href":"https:\/\/api.w.org\/{rel}","templated":true}]}}