{"id":63037,"date":"2024-04-03T14:38:16","date_gmt":"2024-04-03T14:38:16","guid":{"rendered":"https:\/\/meijenfeldt.nl\/?page_id=63037"},"modified":"2024-05-25T14:28:42","modified_gmt":"2024-05-25T14:28:42","slug":"1-7-7-tussenstuk","status":"publish","type":"page","link":"https:\/\/meijenfeldt.nl\/?page_id=63037","title":{"rendered":"1.7.7. Broer- en zuszorg"},"content":{"rendered":"<p style=\"text-align: justify;\"><span style=\"color: #000000;\">Carl Friedrich bevindt zich veel in Stralsund, maar vergeet niet dat hij veel dank is verschuldigd aan Hindrich Hindrichsson, die als inspecteur een constante stroom van baten uit Ugerup weet te halen. Zijn moeder had hem al bezitter van Nym\u00f6lla gemaakt, maar op 10 maart 1773 krijgt hij de vrije beschikking zonder enige jaarlijkse afdracht aan de eigenaren van Ugerup, tot zijn dood (35 jaar later)<\/span><span style=\"color: #000000;\">. Hij prijst hem als goed huisbewaarder, die \u201c<\/span><em style=\"color: #000000;\">met eer, zorg en eerlijkheid Ugerup en het aanzienlijke nut en voordeel van de onderliggende landerijen bevorderde<\/em><span style=\"color: #000000;\">\u201d. Hij benadrukt in het bijzonder dat Hindrichsson zelf grote sommen investeert en nieuw land cultiveert. De donatie is welkom, omdat Hindrichsson nog belastingen en andere schulden op zich moet nemen. Hij laat de voorwaarden van de schenkingsbrief in de notulen van de rechtbank inschrijven en overlegt een overzicht van zijn investeringen in Nym\u00f6lla. <\/span><span style=\"color: #0000ff;\"><a style=\"color: #0000ff;\" href=\"#voetnoot\">(1)<\/a><\/span><\/p>\n<p style=\"text-align: justify;\"><span style=\"color: #000000;\">Johann August ontkomt er niet aan zich zo nu en dan bij zijn regiment te voegen, zoals op 20 oktober 1773. De ingetreden kou laat zich dan in Pite\u00e5 aan de Botnische Golf, 139 km van de poolcirkel, extra gelden. Op 1 november promoveert de koning hem tot generaal-majoor in het leger. <span style=\"color: #0000ff;\"><a style=\"color: #0000ff;\" href=\"#voetnoot\">(2)<\/a><\/span><\/span><\/p>\n<p style=\"text-align: justify;\"><span style=\"color: #000000;\">De 28-jarige Louise bevindt zich dan in Stockholm, voor de derde keer zwanger. Op 29 november 1773 bevalt zij. Het kind is dood bij de geboorte. Daardoor wordt het niet gedoopt en krijgt geen voornamen. Het wordt nog dezelfde dag begraven in de Jakobskerk in Stockholm. <a style=\"color: #000000;\" href=\"https:\/\/meijenfeldt.nl\/wp-admin\/post.php?post=177&amp;action=edit#voetnoot\"><span style=\"color: #0000ff;\">(3)<\/span><\/a><\/span><\/p>\n<p style=\"text-align: justify;\"><span style=\"color: #000000;\">Op 26 januari 1774 wordt Johann August gekozen tot 61ste lid van de Koninklijke Muziek Academie. De koning heeft de academie drie jaar eerder opgericht. Het is een eervolle verkiezing, want hij is geen componist, dirigent, zanger of instrumentalist. Zijn broer is geen lid. <span style=\"color: #0000ff;\"><a style=\"color: #0000ff;\" href=\"#voetnoot\">(4)<\/a><\/span><\/span><\/p>\n<p style=\"text-align: justify;\"><span style=\"color: #000000;\">Brita, de dochter van Anna Catharina von Meijerfeldt, trouwt 4 mei 1775 met graaf Claes Julius Ekeblad. Omdat Brita nog steeds hofdame is vindt het huwelijk op Fredrikshof in Stockholm plaats met passende ceremonie\u00ebn: de hofdames kleden de bruid, die de juwelen van de koningin draagt en een bruidskroon op haar hoofd plaatst. De bedienden serveren een diner, waarna de koningin de bruid naar de vestibule brengt, waar de bruidegom al naar toe is geleid door de koning. Na de bruiloft bedanken bruid en bruidegom de gasten voor hun aanwezigheid, gevolgd door een bruiloftsdiner met het bruidspaar op de ereplaats, een fakkeldans en de geblinddoekte uitreiking van de bruidskroon, voordat het paar naar huis wordt begeleid. <\/span><span style=\"color: #000000;\">Blijkens de uitgebreide correspondentie van het echtpaar is het \u00e9\u00e9n van de weinige adellijke huwelijken in Zweden waar liefde in het spel is. Er komen geen kinderen. Claes verblijft meestal aan het hof in Stockholm en Brita op Stola, omdat zij na de geforceerde breuk met haar jeugdliefde, hertog Karel, niet zoveel vergevingsgezindheid kan opbrengen daar weer een rol te aanvaarden.<\/span><\/p>\n<p style=\"text-align: justify;\"><span style=\"color: #000000;\">In Pommeren weet de familie zich alleen alleen vertegenwoordigd door<\/span><span style=\"color: #000000;\">\u00a0<\/span><span style=\"color: #000000;\">Carl Friedrich<\/span><span style=\"color: #000000;\">. Hij ontbeert financi\u00eble kennis en ondervindt tegenslagen, waardoor hij grote problemen heeft <\/span><span style=\"color: #000000;\">om jaarlijks rente te betalen aan <\/span><span style=\"color: #000000;\">zijn zus, haar dochter Brita en de veel andere <\/span><span style=\"color: #000000;\">schuldeisers. Met het excuus dat het zijn wens is <\/span><span style=\"color: #000000;\">naar Zweden terug te keren laat hij in 1775 zijn zaken door curatoren afwikkelen, met de plechtige verklaring zoveel mogelijk uit zijn vermogen te zullen bijdragen en (de meubels van) het huis in Stralsund desnoods te zullen verkopen. De plaatselijke notabelen <\/span><span style=\"color: #000000;\">PommerEsche en<\/span><span style=\"color: #000000;\"> Hagemann wikkelen zijn zaken af en moeten daarover een flink aantal rechtszaken bij het Obergericht Stralsund en het Hofgericht Greifswald voeren. Het hoogste gerecht in Wismar neemt op 9 april 1780 een eindbeslissing over onder andere de schuld aan Adam Horn en de lage rentes voor pachter Fabricius op Langenfelde, inspecteur Thilow op Medrow, pachter Steinmann op Nehringen en pachter Anders op Borsdorff. Carl Friedrich is intussen in Zweden op Ugerup gaan wonen en wordt daarvoor zijn broer 40.000 en zijn zus 20.000 rijksdaalder schuldig. Hij woont er de rest van zijn leven. Volgens de overlevering achtervolgt een tamme haan hem altijd bij zijn wandelingen.<\/span><\/p>\n<p style=\"text-align: justify;\"><span style=\"color: #000000;\">Johann August gaat het meer voor de wind. Op 27 november 1775 meldt hij zich\u00a0<\/span><span style=\"color: #000000;\">bij de Ridderzaal van het Koninklijk Paleis en wordt daar door de koning verhoogd van Ridder tot <\/span><span style=\"color: #000000;\">Commandeur in de Zwaard Orde. Een half jaar later <\/span><span style=\"color: #000000;\">steekt hij op 21 mei vanuit de kustplaats Grislehamn op de breedtelijn van Uppsala via \u00c5land over naar de hoofdstad Turku (<em>\u00c5bo<\/em>) van de Zweedse provincie Finland. Hij wordt daar onder andere voorgesteld aan een 26-jarige aankomende schrijver Johan Henric Kellgren, dankzij een succesvolle lobby van diens grote vriend, de amanuensis Abraham Niclas Clewberg, later geadeld Edelcrantz (1754-1821). Johann August raakt van hem onder de indruk en belooft aan hem te denken als leraar voor zijn 10 en 7 jaar oude zoons, zodra de sinds 1774 functionerende leraar Krafft tot hofpredikant zou zijn benoemd. Kellgren vindt dit genoeg reden om alvast naar Stockholm over te steken, maar de tijd die verstrijkt brengt hem in financi\u00eble problemen.<\/span><\/p>\n<p style=\"text-align: justify;\"><span style=\"color: #000000;\">In 1776 wordt Louise Sparre gepromoveerd van hofmeisje tot \u00e9\u00e9n van de zes hofdames bij de koningin. Pas twee jaar eerder had Gustaaf III deze functie <\/span><span style=\"color: #000000;\">in het leven geroepen <\/span><span style=\"color: #000000;\">voor getrouwde dames van de hoogste stand, sterk be\u00efnvloed door het Franse hof. De hofmeisjes bestaan naar model van het Weense hof en worden niet afgeschaft. De positie van Louise is zo sterk dat zij kan\u00a0<\/span><span style=\"color: #000000;\">onderhandelen over <\/span><span style=\"color: #000000;\">haar salaris en haar opdrachten ter discussie kan stellen. Daardoor krijgt zij het voor elkaar dat zij\u00a0<\/span><span style=\"color: #000000;\">in het koninklijk paleis beschikt over <\/span><span style=\"color: #000000;\">een dienstwoning, een koets met hofknecht, brandhout en hofkaarsen en het recht de koningin op elk gewenst moment in haar priv\u00e9kamers te bezoeken. Zij doet mee in een roulatiesysteem van 4 maanden dienst op en af. Haar taken zijn de koningin gezelschap houden, haar vervangen en begeleiden. Zij verricht secretari\u00eble diensten, winkelt en bezorgt berichten in directe opdracht van de koningin. Louise draagt een zwarte hofjurk met blauwe band over de borst en een persoonlijke broche. Vanaf 1778 zit zij aan de rechterzijde van Gustaaf III tijdens soupers en danst met hem. De zegevierende Louise neemt de dodelijke blikken en hete-kolen-handdruk\u00a0<\/span><span style=\"color: #000000;\">van haar voorgangster <\/span><span style=\"color: #000000;\">voor lief: de in ongenade gevallen Franse spion Eva L\u00f6wen.<\/span><\/p>\n<p style=\"text-align: justify;\"><span style=\"color: #000000;\">Carl Friedrich is in 1776 betrokken bij de oprichting van de Zweedse Vrijmetselarij in Kristianstad, hoewel zijn naam niet voorkomt bij de aanwezigen van de oprichtingsvergadering. In het najaar van 1777 vraagt hij <\/span><span style=\"color: #000000;\">Hindrich Hindrichsson, <\/span><span style=\"color: #000000;\">zijn inspecteur op Ugerup, toe te treden, maar hij mag alleen als vrij man toetreden. Carl Friedrich introduceert hem desalniettemin succesvol vanwege zijn bezit van Nym\u00f6lla. Vanwege de onoverzichtelijkheid van de gebruikers en bewoners van zijn landgoed Ugerup laat hij een indelingsplan van de akkerbouw maken met de uitputtende titel:<\/span><span style=\"font-size: 12pt;\"> <span lang=\"nl\">\u00ab<em>Handvestbeschrijving van F\u00e4ladsmarken van Ugerups landgoed en toebehoren, gelegen in Christianstads H\u00f6fdinge D\u00f6me, Gierds h\u00e4rad en K\u00f6pinge gemeente, die t.g.v. de Koninklijke Hoge Bevallings- en Zwangerschaps Verordening d.d. 24 mei 1776 op Kolonel en Ridder Hoogwelgeboren Graaf Heer Carl Meijerfeldt&#8217;s verzoek, in 1776 en 1777 van ongetekende Landmeter.\u00bb <\/em><span style=\"color: #0000ff;\"><a style=\"color: #0000ff;\" href=\"#voetnoot\">(5)<\/a><\/span><\/span><\/span><\/p>\n<p style=\"text-align: justify;\"><span style=\"color: #000000;\">Voor zover bekend heeft Johann August het landhuis Gammel Kj\u00f8gegaard nooit bezocht. Hij verkoopt het vijf jaar na het overlijden van zijn moeder voor 54.000 rijksdaalder aan de rijke boer en handelaar Rasmus Carlsen. Zijn zuster heeft recht op 15.000 rijksdaalder, maar tot ergernis van haar curatoren gebruikt hij het volle bedrag om het<\/span><span style=\"color: #000000;\"> eigen hof met veel personeel van zijn vrouw te bekostigen. Het Meijerfeldtska Palatset bevindt zich in huis nr. 5 en 6 van het kwartier H\u00e4sthuvudet (Paardenhoofd), nu Regeringsgatan no. 36-38 in de wijk H\u00e4sten. Haar salon wordt in Stockholm de favoriete ontmoetingsplaats van de high-society: leden van het Hof en diplomaten putten zich uit in spitsvondigheden in de Franse taal. <span style=\"color: #0000ff;\"><a style=\"color: #0000ff;\" href=\"https:\/\/meijenfeldt.nl\/wp-admin\/post.php?post=179&amp;action=edit#voetnoot\">(6)<\/a><\/span> Maar ook in het leven van de gravin zijn momenten van eenzaamheid. Zo neemt zij een gezelschapsdame mee, bijvoorbeeld als zij op 7 oktober 1777 alleen naar Stora Sundby gaat om zich niet te hoeven vervelen bij het wachten op haar man, die zijn zaken op S\u00f6vdeborg regelt. <span style=\"color: #0000ff;\"><a style=\"color: #0000ff;\" href=\"https:\/\/meijenfeldt.nl\/wp-admin\/post.php?post=179&amp;action=edit#voetnoot\">(7)<\/a><\/span><\/span><\/p>\n<p style=\"text-align: justify;\"><span style=\"color: #000000;\">Met Anna Catharina wordt gesold tussen de twee families. Zij woont op Ugerup bij haar broer Carl Friedrich. Zij houdt van Sk\u00e5ne, maar haar omstandigheden laten te wensen over. Johann August lijkt serieus te overwegen 30.000 rijksdaalder aan de familie Horn-Ekeblad te betalen in ruil voor haar verzorging. Johan Gustav Horn denkt niet aan F\u00e5gelvik maar aan Stola, waar hij een vleugel voor haar wil laten repareren. Carl Friedrich gaat daarmee akkoord en stuurt broer en zus Horn vriendschapscertificaten. Ondanks zijn wispelturigheid wordt hij sympathieker bevonden dan zijn jongere broer, volgens Ekeblad \u201c<em>de lelijkste van alle stervelingen<\/em>\u201d. Dit keer is het Brita die niet zo gelukkig is met de komst van haar zwakzinnige moeder en laat de deal afketsen. Vanaf dan gaan de verhoudingen bergafwaarts. Ekeblad heeft eerst een gesprek met Carl Friedrich en &#8220;<em>hem op een beleefde manier waarheden verteld die hem niet echt bevielen<\/em>&#8220;, en daarna met Johann August \u201c<em>zo lang en saai als hijzelf<\/em>\u201d. Het geschil vergroot zich, omdat de laatste meent dat zijn zus tijdens hun leven slechts recht op een jaarlijkse rente op haar aandeel heeft, niet op het kapitaal zelf. <span style=\"color: #0000ff;\"><a style=\"color: #0000ff;\" href=\"#voetnoot\">(8)<\/a><\/span><\/span><\/p>\n<p style=\"text-align: center;\"><span style=\"color: #000000; font-size: 10pt;\"><span style=\"color: #0000ff;\"><a id=\"voetnoot\"><\/a><a style=\"color: #0000ff;\" href=\"https:\/\/meijenfeldt.nl\/?page_id=179\">Terug<\/a><\/span>\u00a0 \u00a0***\u00a0 \u00a0<span style=\"color: #0000ff;\"><a style=\"color: #0000ff;\" href=\"https:\/\/meijenfeldt.nl\/?page_id=10619\">Verder<\/a><\/span><\/span><\/p>\n<p><span style=\"color: #000000; font-size: 10pt;\">1. S. Ahlgren, &#8220;Ugerups by och s\u00e4teri genom seklerna\u201d, Kristianstad 2008, <span style=\"color: #0000ff;\"><a style=\"color: #0000ff;\" href=\"https:\/\/meijenfeldt.nl\/?page_id=3429&amp;preview_id=3429&amp;preview_nonce=a93fcd2ffb&amp;_thumbnail_id=-1&amp;preview=true\">pag. 52-60<\/a><\/span>.<br \/>\n2. Krigsarkivet Sverige, 023 Generalm\u00f6nsterrullor, 0\/747, <a href=\"https:\/\/sok.riksarkivet.se\/bildvisning\/A0028750_00009#?c=&amp;m=&amp;s=&amp;cv=8&amp;xywh=-175%2C574%2C5532%2C3476\"><span style=\"color: #0000ff;\">fol. 2-3<\/span><\/a>.<br \/>\n<\/span><span style=\"color: #000000; font-size: 10pt;\">3. Stadsarchiv Stockholm, Kyrkob\u00f6cker, Jakobs- och Johannes f\u00f6rsamlingar, D\u00f6d- och begravingsbok 1736-1884 L-N, pag. 287, FIa\/2, pag. 15, <u><span style=\"color: #0000ff; font-size: small;\">1768-1775, fo. 64.<br \/>\n<\/span><\/u><\/span><span style=\"color: #000000; font-size: 10pt;\">4. Kungl. Musikaliska Akademien, Ledam\u00f6ter sedan 1771, <span style=\"color: #0000ff;\"><a style=\"color: #0000ff;\" href=\"https:\/\/www.musikaliskaakademien.se\/omakademien\/organisation\/ledamotersedan1771.3388.html\">nr. 61.<\/a><\/span><br \/>\n5. S. Ahlgren, <span style=\"color: #0000ff;\"><a style=\"color: #0000ff;\" href=\"https:\/\/meijenfeldt.nl\/wp-admin\/post.php?post=3429&amp;action=edit\">pag. 52-60<\/a><\/span>.<br \/>\n6. R. Nisbet Bain, <\/span><span style=\"color: #000000; font-size: 10pt;\">&#8220;Gustavus III and his contemporaries 1746-1792&#8221;, Londen 1894, <\/span><span style=\"font-size: 10pt; color: #0000ff;\"><a style=\"color: #0000ff;\" href=\"https:\/\/babel.hathitrust.org\/cgi\/pt?id=njp.32101076192143;view=2up;seq=6;skin=mobile\">pag. 271-272<\/a><\/span><span style=\"color: #000000; font-size: 10pt;\">: &#8220;<em>the favourite rendez-vous of the great and gay world<\/em>&#8220;. C.W.\u00a0B\u00f6ttiger, \u201cMinne af Johan Henrik Kellgren\u201d, Svenska Akademiens Handlingar 1796, Stockholm 1870, <span style=\"color: #0000ff;\"><a style=\"color: #0000ff;\" href=\"https:\/\/archive.org\/details\/svenskaakademie16akadgoog\/page\/n128\/mode\/2up?q=Mejerfelt\">pag. 119<\/a><\/span>.<br \/>\n7. G.J. Ehrensv\u00e4rd, <\/span><span style=\"color: #000000; font-size: 10pt;\">\u201cDagbockanteckningar f\u00f6rda vid Gustaf III:s Hof\u201d, Stockholm 1877, deel 1,<\/span><span style=\"color: #000000; font-size: 10pt;\"> <span style=\"color: #0000ff;\"><a style=\"color: #0000ff;\" href=\"https:\/\/books.google.se\/books?id=b98xAQAAMAAJ&amp;printsec=frontcover&amp;dq=Ehrensv%C3%A4rd&amp;hl=sv&amp;sa=X&amp;ved=0ahUKEwicjJyvsvzdAhWLblAKHTkUCNAQ6AEIKDAA#v=onepage&amp;q=Meijerfelt&amp;f=false\">pag. 357<\/a>.<\/span><br \/>\n8. N. <span style=\"color: #0000ff;\"><a style=\"color: #0000ff;\" href=\"https:\/\/meijenfeldt.nl\/?page_id=49396\">Erdmann<\/a><\/span>, \u201cVid Hovet och p\u00e5 Adelsgodsen i 1700-talets Sverige\u201d, Stockholm 1926, pag. 191-197.<\/span><\/p>\n","protected":false},"excerpt":{"rendered":"<p>Carl Friedrich bevindt zich veel in Stralsund, maar vergeet niet dat hij veel dank is verschuldigd aan Hindrich Hindrichsson, die als inspecteur een constante stroom van baten uit Ugerup weet te halen. Zijn moeder had hem al bezitter van Nym\u00f6lla gemaakt, maar op 10 maart 1773 krijgt hij de vrije beschikking zonder enige jaarlijkse afdracht &hellip; <a href=\"https:\/\/meijenfeldt.nl\/?page_id=63037\" class=\"more-link\">Verder lezen <span class=\"screen-reader-text\">1.7.7. Broer- en zuszorg<\/span><\/a><\/p>\n","protected":false},"author":1,"featured_media":0,"parent":0,"menu_order":0,"comment_status":"closed","ping_status":"closed","template":"","meta":{"footnotes":""},"class_list":["post-63037","page","type-page","status-publish","hentry"],"_links":{"self":[{"href":"https:\/\/meijenfeldt.nl\/index.php?rest_route=\/wp\/v2\/pages\/63037","targetHints":{"allow":["GET"]}}],"collection":[{"href":"https:\/\/meijenfeldt.nl\/index.php?rest_route=\/wp\/v2\/pages"}],"about":[{"href":"https:\/\/meijenfeldt.nl\/index.php?rest_route=\/wp\/v2\/types\/page"}],"author":[{"embeddable":true,"href":"https:\/\/meijenfeldt.nl\/index.php?rest_route=\/wp\/v2\/users\/1"}],"replies":[{"embeddable":true,"href":"https:\/\/meijenfeldt.nl\/index.php?rest_route=%2Fwp%2Fv2%2Fcomments&post=63037"}],"version-history":[{"count":9,"href":"https:\/\/meijenfeldt.nl\/index.php?rest_route=\/wp\/v2\/pages\/63037\/revisions"}],"predecessor-version":[{"id":64584,"href":"https:\/\/meijenfeldt.nl\/index.php?rest_route=\/wp\/v2\/pages\/63037\/revisions\/64584"}],"wp:attachment":[{"href":"https:\/\/meijenfeldt.nl\/index.php?rest_route=%2Fwp%2Fv2%2Fmedia&parent=63037"}],"curies":[{"name":"wp","href":"https:\/\/api.w.org\/{rel}","templated":true}]}}