{"id":63013,"date":"2024-04-03T13:37:46","date_gmt":"2024-04-03T13:37:46","guid":{"rendered":"https:\/\/meijenfeldt.nl\/?page_id=63013"},"modified":"2025-06-23T14:13:58","modified_gmt":"2025-06-23T14:13:58","slug":"1-7-4-kwartieren","status":"publish","type":"page","link":"https:\/\/meijenfeldt.nl\/?page_id=63013","title":{"rendered":"1.7.4. Pommerse grens"},"content":{"rendered":"<p style=\"text-align: center;\"><img loading=\"lazy\" decoding=\"async\" class=\" wp-image-62331 aligncenter\" src=\"https:\/\/meijenfeldt.nl\/wp-content\/uploads\/2024\/03\/NatMuseum-kleur-251x300.jpg\" alt=\"\" width=\"409\" height=\"489\" srcset=\"https:\/\/meijenfeldt.nl\/wp-content\/uploads\/2024\/03\/NatMuseum-kleur-251x300.jpg 251w, https:\/\/meijenfeldt.nl\/wp-content\/uploads\/2024\/03\/NatMuseum-kleur-857x1024.jpg 857w, https:\/\/meijenfeldt.nl\/wp-content\/uploads\/2024\/03\/NatMuseum-kleur-768x918.jpg 768w, https:\/\/meijenfeldt.nl\/wp-content\/uploads\/2024\/03\/NatMuseum-kleur-1286x1536.jpg 1286w, https:\/\/meijenfeldt.nl\/wp-content\/uploads\/2024\/03\/NatMuseum-kleur-1714x2048.jpg 1714w\" sizes=\"auto, (max-width: 409px) 100vw, 409px\" \/><span style=\"font-family: georgia, palatino, serif; font-size: 10pt;\"><em>Graaf Johann August von Meijerfeldt jr<br \/>\nTechniek:\u00a0<\/em>Olieverf op canvas doek<\/span><br \/>\n<span style=\"font-family: georgia, palatino, serif; font-size: 10pt;\"><em>Kleding:\u00a0<\/em>Wapenrusting met blauwe mantel<em><br \/>\n<\/em><em>Afmeting:\u00a0<\/em>67 cm hoog\u00a0x 52 cm breed<em><br \/>\nArtiest:\u00a0<\/em>Gustaf Lundberg (1695-1786) c.q. Jakob Bj\u00f6rck (1726-1793)\u00a0<em><br \/>\n<\/em><em>Bronnen:\u00a0<\/em>Nationalmuseum 1924:2288,\u00a0<span style=\"color: #0000ff;\"><a style=\"color: #0000ff;\" href=\"http:\/\/www.pastellists.com\/Articles\/Lundberg1.pdf#search=%22meijerfeldt%22\">Jeffares<\/a><\/span>\u00a0J.503.1513<em><br \/>\nFoto:\u00a0<\/em>Nationalmuseum\u00a01932:89<\/span><\/p>\n<p style=\"text-align: justify;\"><span style=\"color: #000000;\">Tijdens het winterkwartier in Stralsund dreigt luitenant Dahlstierna\u00a0<\/span><span style=\"color: #000000;\">te worden overgeplaatst. H<\/span><span style=\"color: #000000;\">et vorige\u00a0<\/span><span style=\"color: #000000;\">hoofdstuk\u00a0<\/span><span style=\"color: #000000;\">is grotendeels op zijn <\/span><span style=\"color: #000000;\">dagboek gebaseerd en het is maar gelukkig voor dit huidige dat z<\/span><span style=\"color: #000000;\">ijn commandant Johann August\u00a0<\/span><span style=\"color: #000000;\">succesvol <\/span><span style=\"color: #000000;\">bepleit goed ingewerkte officieren niet te wisselen.<\/span><span style=\"color: #000000;\"> Hij schrijft op 24 april aan de bevelhebber sowieso zeer te spreken te zijn over de ijver en voorzichtigheid van zijn officieren. Hij betaalt zijn officieren na hun terugkeer uit gevangenenruil het achterstallige soldij terug. Zijn pleidooi om alles te mogen terugbetalen wordt tegen het eind van de oorlog ingewilligd. Ook draagt hij zorg voor een goed afscheid van zijn grenadiers die te oud of gebrekkig zijn geworden.<\/span><\/p>\n<p style=\"text-align: justify;\"><span style=\"color: #000000;\">Op 28 mei 1759 m<\/span><span style=\"color: #000000;\">archeert het Meijerfeldtse Grenadiersbataljon voor de tweede keer Stralsund uit. Weer wordt de zuidelijke route langs de kust genomen naar Reinberg, een dag later naar Greifswald en op de derde dag Wolgast, waar het garnizoen wordt versterkt. <\/span><span style=\"color: #000000; text-align: justify;\">Op 29 juli breekt een brand uit in een huis waar grenadiers zijn ingekwartierd, waardoor 16 huizen in vlammen opgaan en 22 families dakloos raken. <\/span><span style=\"color: #000000; text-align: justify;\">Onder toeziend oog van Johann August worden zes van zijn grenadiers verhoord. Er kan geen verklaring worden gevonden en de bewoners blijven zonder huizen en bezittingen achter. <\/span><span style=\"color: #0000ff;\"><a style=\"color: #0000ff;\" href=\"#voetnoot\">(1)<\/a><\/span><\/p>\n<p style=\"text-align: justify;\"><span style=\"color: #000000;\">Onder Fersen steekt het bataljon opnieuw over naar het eiland Usedom. Peenem\u00fcnde wordt overgeslagen, omdat de zeestraat daar door gezonken schepen geblokkeerd is. De doorgang bij <\/span><span style=\"color: #000000;\">Swinem\u00fcnde (<\/span><i style=\"color: #000000;\">Swinoujscie<\/i><span style=\"color: #000000;\">) is nog wel open. Op 25 augustus verkent Johann August de stad en ziet een <\/span><span style=\"color: #000000;\">palissadering en enkele redoutes, die h<\/span><span style=\"color: #000000;\">et Zweedse leger de volgende dag bestormen. Na enige tijd moeten de Pruisen de palissadering verlaten en kruipt hij als eerste door het gat van een kanonskogel, ondanks het kartetsvuur dat om zijn oren vliegt. Na <\/span><span style=\"color: #000000;\">dagenlang hardnekkige weerstand van e<\/span><span style=\"color: #000000;\">nkele schansen en de vloot weten de Zweden de overwinning te behalen.<\/span><\/p>\n<p style=\"text-align: justify;\"><span style=\"color: #000000;\">Het aangrenzende eiland voor de monding van de Oder en Stettin is Wollin (<em>Wolin<\/em>). Helemaal aan het eind tegen het Poolse vasteland ligt de stad met dezelfde naam. Johann August is bij het krijgsberaad met Fersen, uit zijn twijfel of een totale aanval op Wollin verstandig is en krijgt het barse antwoord dat hij niet om het geven van advies maar het ontvangen van instructies aanwezig is. Daarop leidt hij zijn grenadiers bij de aanval op<\/span><span style=\"color: #000000;\">\u00a0de\u00a0<\/span><span style=\"color: #000000;\">Swinepoort<\/span><span style=\"color: #000000;\"> in de oude stadsmuur van Wollin<\/span><span style=\"color: #000000;\">, <em>wobey als bey aller Begebenheit der Graff Meyerfeldt sich nicht erspahret,\u00a0<\/em><em>sondern vielmehr gesucht, alles aufs beste auszurichten.<\/em> <\/span><span style=\"color: #000000;\">Zijn manschappen komen onder hevig vuur vanaf de bastions te liggen, moeten zich met veel verliezen terugtrekken, hebben geen succes met een versterkte aanval met twee kanonnen en zijn door de patronen heen. Omdat de andere poorten wel worden ingenomen geeft het Pruisische garnizoen van Wollin zich uiteindelijk over.<\/span><\/p>\n<p style=\"text-align: justify;\"><span style=\"color: #000000;\">Zweden heeft nu de hele archipel voor de haven van Stettin in bezit. In de hele oorlog zal dit het beste resultaat blijken. In plaats van een blokkade van Stettin wordt opnieuw besloten tot een tweede veldtocht <\/span><span style=\"color: #000000;\">via Swinem\u00fcnde en Wolgast naar <\/span><span style=\"color: #000000;\">Anklam over <\/span><span style=\"color: #000000;\">de Peene, en vandaar naar Ferdinandshof en de hoofdmacht in Pasewalk, waar het bataljon 1 oktober aankomt. Op 12 oktober heeft Johann August de feitelijke leiding in het dorp Br\u00f6llin. Opnieuw volgt een terugtocht naar Zweeds-Pommeren. Op 6 november eindigt Johann August met zijn bataljon <\/span><span style=\"color: #000000;\">in het stadje Kuntzow<\/span><span style=\"color: #000000;\">.<\/span><\/p>\n<p style=\"text-align: justify;\"><span style=\"color: #000000;\">Na afloop van de succesvolle aanvallen wordt het aan de Zweedse bevelhebber in Pommeren Jacob Albrecht von Lantingshausen overgelaten om Johann August te belonen voor zijn buitengewone kwaliteiten als troepenofficier, in het bijzonder in G\u00fcstrow. Uit de lange vredestijd v\u00f3\u00f3r de oorlog dateert een strenge anci\u00ebnniteitsvolgorde voor promoties, waardoor hij nog flink zou moeten wachten op een volgende vacature in een regiment. Omzeiling hiervan zou onrust veroorzaken en afbreuk doen aan de onderlinge solidariteit. In plaats daarvan wordt Johann August op 22 oktober 1759 titulair bevorderd tot luitenant-kolonel in het leger, maar blijft in zijn regiment L\u00f6wenfels eerste majoor met een gelijk soldij. Deze nieuwe titel leidt er wel toe dat hij vaker de leiding krijgt van meerdere bataljons. Pas een half jaar later wordt de bevordering aan de troepen bekend gemaakt.<\/span><\/p>\n<p style=\"text-align: justify;\"><span style=\"color: #000000;\">De Pruisen denken nog verder te kunnen opdringen en o<\/span><span style=\"color: #000000;\">verschrijden i<\/span><span style=\"color: #000000;\">n januari 1760 <\/span><span style=\"color: #000000;\">de grens bij<\/span><span style=\"color: #000000;\"> Anklam. Daar stuiten zij op een forse Zweedse verdediging. Op 28 januari leidt Johann August de aanval links van de weg door de moerasachtige velden. De brug over de Peene naar de stad wordt hernomen en de dronken wachten verrast, maar \u00e9\u00e9n van hen lost op zijn vlucht vlak voor zijn dood een waarschuwingsschot voor het garnizoen. In de verwarring wordt het Pruisische leger overmeesterd, inclusief luitenant-generaal Manteuffel. Johann August eist die eer niet op, maar zijn bataljon lijkt daar toch voor verantwoordelijk. Volgens het gebruik wordt hij op erewoord vrijgelaten om zijn landgoederen te bestieren. Johann August kan zelf o<\/span><span style=\"color: #000000;\">p 30 januari\u00a0<\/span><span style=\"color: #000000;\">eindelijk in winterkwartier in Kemnitz bij Greifswald.\u00a0<\/span><\/p>\n<p style=\"text-align: justify;\"><span style=\"color: #000000; text-align: justify;\"><span style=\"color: #000000;\">Von Lantingshausen start een nieuw offensief op 17 juli 1760. Op 16 augustus <\/span><\/span><span style=\"color: #000000; text-align: justify;\"><span style=\"color: #000000;\">verzamelt het leger zich op de Meijerfeldtse landgoederen bij Medrow. Een voorhoede onder Fersen gaat een dag later de brug bij Nehringen naar de overzijde van de Trebel in Mecklenburg richting Demmin. Waar de Trebel in de Peene uitkomt wordt Johann August op 18 augustus stroomopwaarts gestuurd om de overgang bij Verchen in te nemen. <\/span><\/span><span style=\"color: #000000; text-align: justify;\"><span style=\"color: #000000;\">Het leger stoot naar het zuiden door. Op 6 september leidt Johann August een behoorlijk korps van vier bataljons bij de inname van de stad Prenzlau.<\/span><\/span><\/p>\n<p style=\"text-align: justify;\"><span style=\"color: #000000;\">Vanaf 4 oktober moet opnieuw de terugtocht naar Zweeds-Pommeren worden ingezet. Bij Anklam is de vijand dichtbij en wil Johann August snel de brug over de Peene afbreken. <em>Der Graff Meyerfeldt war unterdessen besch\u00e4ftiget, der Zimmerleuthe der Guarde und denen\u00a0Soldaten Bollwerck aus dem Wasser zu ziehen, welche sonst versoffen oder gefangen worden weren.<\/em> Tegen de wil van kolonel Sparre maakt hij met zijn bataljon geen haast met vluchten en houdt de Pruisen een tijdje met kanonvuur tegen. Op 28 oktober arriveert hij in Grossen Kiessow bij Greifswald.<\/span><\/p>\n<p style=\"text-align: justify;\"><span style=\"color: #000000;\">De tijden van Karel XII waarin regelmatig 12 maanden in een jaar werd doorgevochten zijn lang voorbij, maar een winterkwartier van acht maanden is in die tijd lang. Oorzaak is dat in Stockholm naar een excuus wordt gezocht om uit de oorlog te stappen. De druk en betalingen van de Fransen, de Duitse keizer en de Russische tsaar zijn echter te groot. Medio j<\/span><span style=\"color: #000000; text-align: justify;\">uli 1761 begint\u00a0<\/span><span style=\"color: #000000; text-align: justify;\">de\u00a0<\/span><span style=\"color: #000000;\">nieuwe bevelhebber Ehrensv\u00e4rd <\/span><span style=\"color: #000000; text-align: justify;\">daarom <\/span><span style=\"color: #000000;\">\u00a0e<\/span><span style=\"color: #000000; text-align: justify;\">en nieuw offensief. Het Meijerfeldtse grenadiersbataljon marcheert van Greifswald naar Loitz, <\/span><span style=\"color: #000000;\">opnieuw in de buurt van de Meijerfeldtse familielandgoederen. <\/span><span style=\"color: #000000;\">Op 19 juli heeft Johann August succes bij het voorwerk van Demmin, maar verspilt mensen bij de achtervolging.<\/span><\/p>\n<p style=\"text-align: justify;\"><span style=\"color: #000000; text-align: justify;\">Op 6 augustus begint de tweede veldtocht van 1761. Johann August <\/span><span style=\"color: #000000; text-align: justify;\">leidt\u00a0<\/span><span style=\"color: #000000;\">\u00e9\u00e9n van de drie kolommen van het leger, bestaande uit <\/span><span style=\"color: #000000; text-align: justify;\">twee bataljons, vier eskadrons huzaren, twee jagers en huzaarschutters. Daarmee verovert hij de Kavelpass en daarna de stad Friedland op enkele korpsen uit <\/span><span style=\"color: #000000;\">Stettin<\/span><span style=\"color: #000000; text-align: justify;\">. Op 22 augustus wordt er bij Neubrandenburg geen resultaat gehaald. Geamuseerd moet hij voorkomen dat zijn bataljon door vluchtende cavaleristen omver wordt gereden. Bij gebreke aan bevelvoering volgen alle Zweedse bataljons hem in de wijde omtrek. In september verplaatsen de gevechten zich naar Friedland. Op 17 september weet Johann August de Zweedse troepen bij Brohm met een aanval vanuit de flanken en de rug te ontzetten. <\/span><span style=\"color: #0000ff;\"><a style=\"color: #0000ff;\" href=\"#voetnoot\">(2)<\/a><\/span><\/p>\n<p style=\"text-align: justify;\"><span style=\"color: #000000;\">Vandaar gaat het\u00a0<\/span><span style=\"color: #000000;\">vanaf Friedland <\/span><span style=\"color: #000000;\">opnieuw terug, het grenadiersbataljon als allerlaatste. Op 8 oktober wordt Anklam bereikt, drie dagen later naar de Oder-eilanden overgestoken en 11 oktober komt Johann August aan bij de stad Wollin. Een week later gaat hij als laatste van het leger naar Swinem\u00fcnde. Terug op het vasteland slaat hij bij Gnatzkow zijn kwartier op. In kasteel Karlsburg had zijn moeder in 1744 nog de kroonprinses ontvangen. Het seizoen is nog niet voorbij, want de Pruisen steken in december de bevroren Peene op diverse plaatsen over onder hevige sneeuwstormen. Op 10 december houdt Johann August met een uitgebreid korps stand bij Anklam en herovert de stad, terwijl andere Zweedse commandanten zich terugtrekken. Op 20 december vraagt de bevelhebber hem de Peene over te trekken om Mecklenburg-Strelitz te hulp te schieten met een &#8216;Observatiekorps&#8217; van vier bataljons, drie eskadrons en 200 huzaren. Op 31 december ligt hij in G\u00fctzkow. De commandant <\/span><span style=\"color: #000000;\">wil <\/span><span style=\"color: #000000;\">zich verenigen met andere Zweedse compagnie\u00ebn voor een slag b<\/span><span style=\"color: #000000;\">ij Neukalen <\/span><span style=\"color: #000000;\">op 6 januari 1762<\/span><span style=\"color: #000000;\">. Hoewel Johann August met zijn korps niet ver is, schrijft hij <\/span><span style=\"color: #000000;\">niet op hem te hebben willen wachten. <\/span><span style=\"color: #0000ff;\"><a style=\"color: #0000ff;\" href=\"#voetnoot\">(3)<\/a><\/span><\/p>\n<p style=\"text-align: center;\"><img loading=\"lazy\" decoding=\"async\" class=\"wp-image-62334 aligncenter\" src=\"https:\/\/meijenfeldt.nl\/wp-content\/uploads\/2024\/03\/Pommeren-240x300.png\" alt=\"\" width=\"504\" height=\"630\" srcset=\"https:\/\/meijenfeldt.nl\/wp-content\/uploads\/2024\/03\/Pommeren-240x300.png 240w, https:\/\/meijenfeldt.nl\/wp-content\/uploads\/2024\/03\/Pommeren.png 491w\" sizes=\"auto, (max-width: 504px) 100vw, 504px\" \/><span style=\"font-size: 20pt; color: #ff0000;\"><strong><span style=\"font-family: georgia, palatino, serif;\"> \u2014<\/span><\/strong><\/span><em><span style=\"font-family: georgia, palatino, serif; font-size: 10pt;\"> Marsen in 1758-1759-1760-1761<\/span><\/em><\/p>\n<p style=\"text-align: justify;\"><span style=\"color: #000000;\">Een dag v\u00f3\u00f3r de laatstbedoelde slag overlijdt tsarina Elizabeth. Rusland sluit onmiddellijk een wapenstilstand met Pruisen. Zweden grijpt nu zijn kans een sluit <\/span><span style=\"color: #000000;\">in Ribnitz <\/span><span style=\"color: #000000;\">in april ook een wapenstilstand, gevolgd door een separate vrede in mei in Hamburg op basis van de status quo, dus de oude grens van 1721. Johann August wordt erkend als professionele legerleider met zijn succesvolle kleine aanvallen. Vanwege zijn aandeel in de laatste winterveldtocht krijgt hij op 21 januari een pensioen van 400 daalders per jaar toegekend. Op 29 juni volgt een bevordering tot kolonel, wederom titulair in het leger, maar v<\/span><span style=\"color: #000000;\">oor zijn 37-jarige leeftijd is het desalniettemin een hoge rang.\u00a0<\/span><span style=\"color: #0000ff;\"><a style=\"color: #0000ff;\" href=\"#voetnoot\">(4)<\/a><\/span><\/p>\n<p style=\"text-align: justify;\"><span style=\"color: #000000;\">Het overzetten van de troepen terug naar Zweden verloopt traag. Johann August is op 15 juli 1762 met zijn bataljon nog het verst verwijderd van Stralsund. Hij krijgt opdracht in 10 dagen naar huis te marcheren, <\/span><span style=\"color: #000000;\">in het geheim<\/span><span style=\"color: #000000;\">\u00a0<\/span><span style=\"color: #000000;\">om desertie te voorkomen. Eerder had hij de betaalmeesters er op gewezen dat soldaten van het front deserteerden en daarna met succes aanmonsterden bij het Stralsundse garnizoen. Op 28 juli komt hij aan in Stralsund. D<\/span><span style=\"color: #000000;\">iezelfde dag wordt het Meijerfeldtse Grenadiersbataljon ontbonden. Hij keert terug naar zijn regiment, dat inmiddels door Sprengtporten geleid wordt.<\/span><span style=\"color: #000000;\"> Pas op 8 september steken de laatste Zweedse soldaten over van R\u00fcgen naar Zweden en Finland en vier dagen later Johann August van Stralsund naar Ystad.<\/span><\/p>\n<p style=\"text-align: center;\"><span style=\"color: #000000; font-size: 10pt;\"><span style=\"color: #0000ff;\"><a id=\"voetnoot\"><\/a><a style=\"color: #0000ff;\" href=\"https:\/\/meijenfeldt.nl\/?page_id=10601\">Terug<\/a><\/span>\u00a0 \u00a0***\u00a0 \u00a0<span style=\"color: #0000ff;\"><a style=\"color: #0000ff;\" href=\"https:\/\/meijenfeldt.nl\/?page_id=177\">Verder<\/a><\/span><\/span><\/p>\n<p><span style=\"color: #000000; font-size: 10pt;\">1. C. Heller, &#8220;Chronik der Stadt Wolgast&#8221;, Greifswald 1829, <span style=\"color: #0000ff;\"><a style=\"color: #0000ff;\" href=\"https:\/\/babel.hathitrust.org\/cgi\/pt?id=hvd.hx3iuw&amp;view=1up&amp;seq=304&amp;q1=meyerfeldt\">pag. 280<\/a><\/span>.<br \/>\n<\/span><span style=\"color: #000000; font-size: 10pt;\">2. Posttidningar, <span style=\"color: #0000ff;\"><a style=\"color: #0000ff;\" href=\"https:\/\/tidningar.kb.se\/2979645\/1761-08-27\/edition\/145134\/part\/1\/page\/3\/?q=%20meyerfelt\">27-08-1761<\/a><\/span> en <span style=\"color: #0000ff;\"><a style=\"color: #0000ff;\" href=\"https:\/\/tidningar.kb.se\/2979645\/1761-10-05\/edition\/145134\/part\/1\/page\/3\/?q=%20meyerfelt\">05-10-1761<\/a><\/span>. K.M. von Sulicki, &#8220;Der Siebenj\u00e4hrige Krieg in Pommeren&#8221;, Berlin 1867, pag. 190, 238, 614 e.v.<\/span><br \/>\n<span style=\"color: #000000; font-size: 10pt;\">3. <span style=\"color: #0000ff;\"><a style=\"color: #0000ff;\" href=\"http:\/\/www.stadt-neukalen.de\/seite\/122721\/das-gefecht-1762.html\">Bericht<\/a><\/span> des Generalleutnant Augustin Ehrensv\u00e4rd an den schwedischen K\u00f6nig, nach dem 7. Januar 1762 geschrieben.<br \/>\n4. Posttidningar, <a href=\"https:\/\/tidningar.kb.se\/2979645\/1762-01-21\/edition\/145134\/part\/1\/page\/4\/?q=%20meyerfeldt\"><span style=\"color: #0000ff;\">21-10-1762<\/span>.<\/a><\/span><\/p>\n","protected":false},"excerpt":{"rendered":"<p>Graaf Johann August von Meijerfeldt jr Techniek:\u00a0Olieverf op canvas doek Kleding:\u00a0Wapenrusting met blauwe mantel Afmeting:\u00a067 cm hoog\u00a0x 52 cm breed Artiest:\u00a0Gustaf Lundberg (1695-1786) c.q. Jakob Bj\u00f6rck (1726-1793)\u00a0 Bronnen:\u00a0Nationalmuseum 1924:2288,\u00a0Jeffares\u00a0J.503.1513 Foto:\u00a0Nationalmuseum\u00a01932:89 Tijdens het winterkwartier in Stralsund dreigt luitenant Dahlstierna\u00a0te worden overgeplaatst. Het vorige\u00a0hoofdstuk\u00a0is grotendeels op zijn dagboek gebaseerd en het is maar gelukkig voor dit huidige &hellip; <a href=\"https:\/\/meijenfeldt.nl\/?page_id=63013\" class=\"more-link\">Verder lezen <span class=\"screen-reader-text\">1.7.4. Pommerse grens<\/span><\/a><\/p>\n","protected":false},"author":1,"featured_media":0,"parent":0,"menu_order":0,"comment_status":"closed","ping_status":"closed","template":"","meta":{"footnotes":""},"class_list":["post-63013","page","type-page","status-publish","hentry"],"_links":{"self":[{"href":"https:\/\/meijenfeldt.nl\/index.php?rest_route=\/wp\/v2\/pages\/63013","targetHints":{"allow":["GET"]}}],"collection":[{"href":"https:\/\/meijenfeldt.nl\/index.php?rest_route=\/wp\/v2\/pages"}],"about":[{"href":"https:\/\/meijenfeldt.nl\/index.php?rest_route=\/wp\/v2\/types\/page"}],"author":[{"embeddable":true,"href":"https:\/\/meijenfeldt.nl\/index.php?rest_route=\/wp\/v2\/users\/1"}],"replies":[{"embeddable":true,"href":"https:\/\/meijenfeldt.nl\/index.php?rest_route=%2Fwp%2Fv2%2Fcomments&post=63013"}],"version-history":[{"count":9,"href":"https:\/\/meijenfeldt.nl\/index.php?rest_route=\/wp\/v2\/pages\/63013\/revisions"}],"predecessor-version":[{"id":73523,"href":"https:\/\/meijenfeldt.nl\/index.php?rest_route=\/wp\/v2\/pages\/63013\/revisions\/73523"}],"wp:attachment":[{"href":"https:\/\/meijenfeldt.nl\/index.php?rest_route=%2Fwp%2Fv2%2Fmedia&parent=63013"}],"curies":[{"name":"wp","href":"https:\/\/api.w.org\/{rel}","templated":true}]}}