{"id":62607,"date":"2024-03-27T07:50:13","date_gmt":"2024-03-27T07:50:13","guid":{"rendered":"https:\/\/meijenfeldt.nl\/?page_id=62607"},"modified":"2025-07-11T15:17:00","modified_gmt":"2025-07-11T15:17:00","slug":"ii-1-stralsund","status":"publish","type":"page","link":"https:\/\/meijenfeldt.nl\/?page_id=62607","title":{"rendered":"3.5.4. Grafinventaris"},"content":{"rendered":"<p style=\"text-align: justify;\"><span style=\"color: #000000;\">Naast de begraafboeken van de pastor kan het familiegraf zelf ook fysiek aanwijzingen behelzen over de identiteit van degenen die in het familiegraf liggen.<\/span><\/p>\n<p style=\"text-align: justify;\"><span style=\"color: #000000;\">Het familiegraf is in 1722-1726 aangelegd in opdracht van graaf Johann August von Meijerfeldt, als onderdeel van de algehele verbouwing van de St. Andreaskerk. Het graf ligt onder de gehele vloer van het aangebouwde 5,10 meter diepe zeshoekige koor. Dwars onder de eerste rij kerkbanken is in de 10,90 brede muur de ingang naar het grafgewelf van de eerste eigenaren Buggenhagen dicht gemetseld. Vanaf daar loopt een stenen trap naar het 1,85 meter diepe gewelf. De trap is afgesloten met een 3 ton zware afdeksteen.\u00a0De grafkisten liggen aan de noordelijke kant onder de sacristie en kansel; de ruimte onder de loge is leeg.\u00a0<\/span><\/p>\n<p style=\"text-align: justify;\"><span style=\"color: #000000;\">Op zowel de afdeksteen als op de zuidelijke muur beneden staan lauriertakken met een strik onderaan. Daar staan de volgende teksten:<\/span><\/p>\n<table style=\"border-collapse: collapse; width: 100%;\">\n<tbody>\n<tr>\n<td style=\"width: 50%; text-align: center;\"><strong><span style=\"font-size: 10pt;\"><span style=\"color: #000000;\">Afdekplaat<\/span><\/span><\/strong><\/td>\n<td style=\"width: 50%; text-align: center;\"><strong><span style=\"font-size: 10pt;\"><span style=\"color: #000000;\">Grafmuur<\/span><\/span><\/strong><\/td>\n<\/tr>\n<tr>\n<td style=\"width: 50%; text-align: center;\"><span style=\"color: #000000;\"><img loading=\"lazy\" decoding=\"async\" class=\"size-medium wp-image-56160 aligncenter\" src=\"https:\/\/meijenfeldt.nl\/wp-content\/uploads\/2023\/05\/Gruft-afdeksteen-300x194.jpg\" alt=\"\" width=\"300\" height=\"194\" srcset=\"https:\/\/meijenfeldt.nl\/wp-content\/uploads\/2023\/05\/Gruft-afdeksteen-300x194.jpg 300w, https:\/\/meijenfeldt.nl\/wp-content\/uploads\/2023\/05\/Gruft-afdeksteen-1024x661.jpg 1024w, https:\/\/meijenfeldt.nl\/wp-content\/uploads\/2023\/05\/Gruft-afdeksteen-768x496.jpg 768w, https:\/\/meijenfeldt.nl\/wp-content\/uploads\/2023\/05\/Gruft-afdeksteen-1536x992.jpg 1536w, https:\/\/meijenfeldt.nl\/wp-content\/uploads\/2023\/05\/Gruft-afdeksteen-2048x1322.jpg 2048w\" sizes=\"auto, (max-width: 300px) 100vw, 300px\" \/><em><span style=\"font-family: georgia, palatino, serif; font-size: 10pt;\">Mensch bedenck deine Stirblichkeit<br \/>\nHalt dich bereit Bereue deine S\u00fcnde<br \/>\nZu rechte Zeit da mit du nicht<br \/>\nVerschertzt die Sehligkeit<\/span><\/em><\/span><\/td>\n<td style=\"width: 50%; text-align: center;\"><span style=\"color: #000000;\"><img loading=\"lazy\" decoding=\"async\" class=\"wp-image-55900 aligncenter\" style=\"text-align: center;\" src=\"https:\/\/meijenfeldt.nl\/wp-content\/uploads\/2023\/04\/Binnentekst-2-280x300.jpg\" alt=\"\" width=\"300\" height=\"321\" srcset=\"https:\/\/meijenfeldt.nl\/wp-content\/uploads\/2023\/04\/Binnentekst-2-280x300.jpg 280w, https:\/\/meijenfeldt.nl\/wp-content\/uploads\/2023\/04\/Binnentekst-2-954x1024.jpg 954w, https:\/\/meijenfeldt.nl\/wp-content\/uploads\/2023\/04\/Binnentekst-2-768x824.jpg 768w, https:\/\/meijenfeldt.nl\/wp-content\/uploads\/2023\/04\/Binnentekst-2-1431x1536.jpg 1431w, https:\/\/meijenfeldt.nl\/wp-content\/uploads\/2023\/04\/Binnentekst-2.jpg 1488w\" sizes=\"auto, (max-width: 300px) 100vw, 300px\" \/><span style=\"font-size: 10pt;\"><span style=\"font-family: georgia, palatino, serif;\"><em>Herr Christ<\/em><br \/>\n<em>Wann du dir Todten wirst<\/em><br \/>\n<em>an jenem Tag erweisen<\/em><br \/>\n<em>So thu auch deine Hand<\/em><br \/>\n<em>Zu meinem Grab au\u03b2 strecken<\/em><br \/>\n<em>La\u03b2 h\u00f6ren deine Stimm<\/em><br \/>\n<em>und meinen Leib weck auf<\/em><br \/>\n<em>und f\u00fchr ihn sch\u00f6n verkl\u00e4rt<\/em><br \/>\n<em>zum au\u03b2erw\u00e4hlten Hauf<\/em><br \/>\n<\/span><\/span><\/span><span style=\"font-family: georgia, palatino, serif; font-size: 10pt; color: #000000;\">Vers 8, gezang <\/span><span style=\"font-family: georgia, palatino, serif; font-size: 10pt; color: #000000;\">&#8220;<\/span><span style=\"font-family: georgia, palatino, serif; font-size: 10pt; color: #000000;\">O Gott, du frommer Gott&#8221; uit &#8220;Devoti musica cordis&#8221; van Johann Heermann uit 1630<\/span><\/td>\n<\/tr>\n<\/tbody>\n<\/table>\n<p style=\"text-align: justify;\"><span style=\"color: #000000;\">Na de inzegening van het graf in 1726 is de afdeksteen er nog enkele keren af gehaald om familieleden bij te zetten, voor het laatst in het jaar 1800. Kort daarop hebben Napoleontische soldaten het graf geplunderd. M<\/span><span style=\"color: #000000;\">edio 2023 is de steen er nog een keer afgegaan voor restauratie. <\/span><span style=\"color: #000000;\">Vanwege verzakkingen rondom de afdeksteen besloot de pastor daartoe dankzij <\/span><span style=\"color: #000000;\">een bijdrage\u00a0<\/span><span style=\"color: #000000;\">van \u20ac 9.000 <\/span><span style=\"color: #000000;\">van de Deutsche Stiftung Denkmalschutz<\/span><span style=\"color: #000000;\">en. Een wetenschappelijke inventaris van de inhoud is gemaakt. <\/span><span style=\"color: #000000;\">Na de opening werd pas zichtbaar welke schade was aangericht door de plunderingen en door het vuil en water dat via de twee ontluchtingsgaten was binnengedrongen. De doodskisten lagen volledig door elkaar, het grootste deel was verrot, de muren waren deels uitgespoeld, er lag menselijk en dierlijk afval en de botten lagen over de grond <\/span><span style=\"color: #000000;\">verspreid<\/span><span style=\"color: #000000;\">. <span style=\"color: #0000ff;\"><a style=\"color: #0000ff;\" href=\"#voetnoot\">(1)<\/a><\/span><\/span><\/p>\n<table style=\"border-collapse: collapse; width: 100%;\">\n<tbody>\n<tr>\n<td style=\"width: 47.1901%; vertical-align: top;\">\n<p style=\"text-align: center;\"><img loading=\"lazy\" decoding=\"async\" class=\"wp-image-63617 aligncenter\" src=\"https:\/\/meijenfeldt.nl\/wp-content\/uploads\/2024\/05\/Kneissl-2-300x225.jpg\" alt=\"\" width=\"255\" height=\"191\" srcset=\"https:\/\/meijenfeldt.nl\/wp-content\/uploads\/2024\/05\/Kneissl-2-300x225.jpg 300w, https:\/\/meijenfeldt.nl\/wp-content\/uploads\/2024\/05\/Kneissl-2-1024x768.jpg 1024w, https:\/\/meijenfeldt.nl\/wp-content\/uploads\/2024\/05\/Kneissl-2-768x576.jpg 768w, https:\/\/meijenfeldt.nl\/wp-content\/uploads\/2024\/05\/Kneissl-2-1536x1152.jpg 1536w, https:\/\/meijenfeldt.nl\/wp-content\/uploads\/2024\/05\/Kneissl-2.jpg 2048w\" sizes=\"auto, (max-width: 255px) 100vw, 255px\" \/><em><span style=\"font-family: georgia, palatino, serif; font-size: 10pt;\">Toestand 22 juni 2023<\/span><\/em><\/p>\n<p style=\"text-align: center;\"><img loading=\"lazy\" decoding=\"async\" class=\"wp-image-63618 aligncenter\" src=\"https:\/\/meijenfeldt.nl\/wp-content\/uploads\/2024\/05\/Strobl-166-300x200.jpg\" alt=\"\" width=\"252\" height=\"168\" srcset=\"https:\/\/meijenfeldt.nl\/wp-content\/uploads\/2024\/05\/Strobl-166-300x200.jpg 300w, https:\/\/meijenfeldt.nl\/wp-content\/uploads\/2024\/05\/Strobl-166.jpg 667w\" sizes=\"auto, (max-width: 252px) 100vw, 252px\" \/><em style=\"font-family: georgia, palatino, serif; font-size: 10pt; text-align: center;\">Toestand 26 juni 2023<\/em><\/p>\n<\/td>\n<td style=\"width: 52.8099%; vertical-align: top;\"><img loading=\"lazy\" decoding=\"async\" class=\"alignnone wp-image-63760\" src=\"https:\/\/meijenfeldt.nl\/wp-content\/uploads\/2024\/05\/Strobl-01-194x300.jpg\" alt=\"\" width=\"313\" height=\"484\" srcset=\"https:\/\/meijenfeldt.nl\/wp-content\/uploads\/2024\/05\/Strobl-01-194x300.jpg 194w, https:\/\/meijenfeldt.nl\/wp-content\/uploads\/2024\/05\/Strobl-01-661x1024.jpg 661w, https:\/\/meijenfeldt.nl\/wp-content\/uploads\/2024\/05\/Strobl-01-768x1190.jpg 768w, https:\/\/meijenfeldt.nl\/wp-content\/uploads\/2024\/05\/Strobl-01-991x1536.jpg 991w, https:\/\/meijenfeldt.nl\/wp-content\/uploads\/2024\/05\/Strobl-01.jpg 1275w\" sizes=\"auto, (max-width: 313px) 100vw, 313px\" \/><\/td>\n<\/tr>\n<\/tbody>\n<\/table>\n<p style=\"text-align: justify;\">Uit de inventarisatie blijkt dat zeven personen in het familiegraf zijn bijgezet: drie vrouwen, drie mannen en een onzekere. Twee kisten zijn rijk versierd met het Meijerfeldtse familiewapen, de overige zien er eenvoudig uit. Metalen plakkaten met inscripties en andere materialen zijn aangetroffen en naar boven gebracht. Op grond hiervan concluderen de onderzoekers dat hier in elk geval liggen: Johann August sr en Brita Barnekow en hun kinderen Ulrica Margaretha en Johann August jr. De andere drie geven aanleiding voor verder onderzoek.<\/p>\n<p style=\"text-align: justify;\"><span style=\"color: #000000;\">Volgens de kerkboeken ligt de vrouw van Obrist von Meijerfeldt in het familiegraf. Dat is Catharina Wulff. Een gevonden plakkaat vermeldt het volgende:<\/span><\/p>\n<p style=\"text-align: center;\"><img loading=\"lazy\" decoding=\"async\" class=\"alignnone wp-image-63615\" src=\"https:\/\/meijenfeldt.nl\/wp-content\/uploads\/2024\/05\/Strobl-99-300x229.jpg\" alt=\"\" width=\"354\" height=\"270\" srcset=\"https:\/\/meijenfeldt.nl\/wp-content\/uploads\/2024\/05\/Strobl-99-300x229.jpg 300w, https:\/\/meijenfeldt.nl\/wp-content\/uploads\/2024\/05\/Strobl-99.jpg 722w\" sizes=\"auto, (max-width: 354px) 100vw, 354px\" \/><br \/>\n<span style=\"color: #000000;\"><span style=\"font-family: georgia, palatino, serif; font-size: 8pt;\">DIE HOCHWOLGEBO[HRNE] FRAV ANNA VON L\u00d6WENSTERN DES SEEL HOCHWOHLGEBOHRN H[ERNN] LANDRATH CLAVS WILHELM HASTFER [GE]SESSEN AVFF PEVKERN IN LIEFL[AND] NACHGELASSENE FRAV WITTWE DA SELBST GEBOHREN ANNO 1640 DEN 11 DECBR IN STRALSVND GESTORBEN DEN 9 JAN 1723 IHRES ALTERS 82 JAHR 6 MONAT[H]<\/span><em><span style=\"font-family: georgia, palatino, serif; font-size: 10pt;\"><br \/>\nL\u00f6wenstern-Inschriftentafel, <\/span><\/em><\/span><span style=\"color: #000000;\"><em><span style=\"font-family: georgia, palatino, serif; font-size: 10pt;\">Bericht Str\u00f6bl, afb.\u00a0 32<\/span><\/em><\/span><\/p>\n<p style=\"text-align: justify;\"><span style=\"color: #000000;\">De in 1723 in Nehringen begraven nicht Anna von L\u00f6wenstern gehuwd Hastfer is dus in het familiegraf bijgezet. <span style=\"color: #0000ff;\"><a style=\"color: #0000ff;\" href=\"#voetnoot\">(2)<\/a><\/span><\/span><\/p>\n<p style=\"text-align: center;\"><img loading=\"lazy\" decoding=\"async\" class=\" wp-image-63614 aligncenter\" src=\"https:\/\/meijenfeldt.nl\/wp-content\/uploads\/2024\/05\/Strobl-102-246x300.jpg\" alt=\"\" width=\"334\" height=\"407\" srcset=\"https:\/\/meijenfeldt.nl\/wp-content\/uploads\/2024\/05\/Strobl-102-246x300.jpg 246w, https:\/\/meijenfeldt.nl\/wp-content\/uploads\/2024\/05\/Strobl-102.jpg 641w\" sizes=\"auto, (max-width: 334px) 100vw, 334px\" \/><span style=\"color: #000000;\"><em><span style=\"font-family: georgia, palatino, serif; font-size: 10pt;\">Buntmetall-Wappentafel<\/span><\/em><\/span><br \/>\n<span style=\"color: #000000;\"><em><span style=\"font-family: georgia, palatino, serif; font-size: 10pt;\">Bericht Str\u00f6bl, afb.\u00a0 35<\/span><\/em><\/span><\/p>\n<p style=\"text-align: justify;\">Een adellijke alliantiewapen Meijerfeldt-Hastfer (heraldisch links resp. rechts) wijst in combinatie met de nog overblijvende schedel van een man van middelbare leeftijd op de aanwezigheid van Carl Friedrich von Meijerfeldt sr. E\u00e9n van de opdrachten van zijn broer na de Slag bij Poltava in 1709 was het uitwisselen van de doden. Zijn lichaam zou moeten zijn verscheept en in het familiegraf zijn bijgezet.<\/p>\n<p style=\"text-align: center;\"><span style=\"font-family: georgia, palatino, serif; font-size: 10pt;\"><span style=\"color: #0000ff;\"><a style=\"color: #0000ff;\" href=\"https:\/\/meijenfeldt.nl\/?page_id=63596\">Terug<\/a><\/span>\u00a0 \u00a0*** \u00a0\u00a0<span style=\"color: #0000ff;\"><a style=\"color: #0000ff;\" href=\"https:\/\/meijenfeldt.nl\/?page_id=63762\">Verder<\/a><\/span><\/span><\/p>\n<p style=\"text-align: justify;\"><span style=\"color: #000000; font-family: georgia, palatino, serif; font-size: 10pt;\">1. R. u. A. Str\u00f6bl,\u00a0 \u201cGruft derer von Meyerfeldt\u201d, St. Andreaskirche Nehringen, Bericht Forschungsstelle Gruft, L\u00fcbeck juli 2023.<br \/>\n2.\u00a0<\/span><span style=\"color: #000000; font-family: georgia, palatino, serif; font-size: 13.3333px;\">Anna von L\u00f6wenstern <\/span><span style=\"color: #000000; font-family: georgia, palatino, serif; font-size: 13.3333px;\">wordt in sommige archiefstukken als moeder van Anna Christina von Hastfer aangeduid. In navolging daarvan <\/span><span style=\"color: #000000; font-family: georgia, palatino, serif; font-size: 10pt;\"><span><span style=\"font-size: 10pt;\">A. von Transehe-Roseneck, &#8220;Die ritterlichen Livlandf\u00e4hrer des 13. Jahrhunderts&#8221;, W\u00fcrzburg 1960<\/span><\/span><\/span><span style=\"color: #000000; font-family: georgia, palatino, serif; font-size: 13.3333px;\">.<\/span><\/p>\n","protected":false},"excerpt":{"rendered":"<p>Naast de begraafboeken van de pastor kan het familiegraf zelf ook fysiek aanwijzingen behelzen over de identiteit van degenen die in het familiegraf liggen. Het familiegraf is in 1722-1726 aangelegd in opdracht van graaf Johann August von Meijerfeldt, als onderdeel van de algehele verbouwing van de St. Andreaskerk. Het graf ligt onder de gehele vloer &hellip; <a href=\"https:\/\/meijenfeldt.nl\/?page_id=62607\" class=\"more-link\">Verder lezen <span class=\"screen-reader-text\">3.5.4. Grafinventaris<\/span><\/a><\/p>\n","protected":false},"author":1,"featured_media":0,"parent":0,"menu_order":0,"comment_status":"closed","ping_status":"closed","template":"","meta":{"footnotes":""},"class_list":["post-62607","page","type-page","status-publish","hentry"],"_links":{"self":[{"href":"https:\/\/meijenfeldt.nl\/index.php?rest_route=\/wp\/v2\/pages\/62607","targetHints":{"allow":["GET"]}}],"collection":[{"href":"https:\/\/meijenfeldt.nl\/index.php?rest_route=\/wp\/v2\/pages"}],"about":[{"href":"https:\/\/meijenfeldt.nl\/index.php?rest_route=\/wp\/v2\/types\/page"}],"author":[{"embeddable":true,"href":"https:\/\/meijenfeldt.nl\/index.php?rest_route=\/wp\/v2\/users\/1"}],"replies":[{"embeddable":true,"href":"https:\/\/meijenfeldt.nl\/index.php?rest_route=%2Fwp%2Fv2%2Fcomments&post=62607"}],"version-history":[{"count":30,"href":"https:\/\/meijenfeldt.nl\/index.php?rest_route=\/wp\/v2\/pages\/62607\/revisions"}],"predecessor-version":[{"id":73692,"href":"https:\/\/meijenfeldt.nl\/index.php?rest_route=\/wp\/v2\/pages\/62607\/revisions\/73692"}],"wp:attachment":[{"href":"https:\/\/meijenfeldt.nl\/index.php?rest_route=%2Fwp%2Fv2%2Fmedia&parent=62607"}],"curies":[{"name":"wp","href":"https:\/\/api.w.org\/{rel}","templated":true}]}}