{"id":6252,"date":"2017-09-22T18:17:00","date_gmt":"2017-09-22T18:17:00","guid":{"rendered":"http:\/\/meijenfeldt.nl\/?page_id=6252"},"modified":"2024-05-25T10:08:35","modified_gmt":"2024-05-25T10:08:35","slug":"stuhr","status":"publish","type":"page","link":"https:\/\/meijenfeldt.nl\/?page_id=6252","title":{"rendered":"4.5.2. Schildbrief"},"content":{"rendered":"<p style=\"text-align: justify;\"><span style=\"color: #000000;\">Wilhelm Meijer zendt in 1704 een verzoekschrift naar de Duitse keizer in Wenen om in de adelstand verheven te worden. Hij somt <\/span><span style=\"color: #000000;\">zijn verdiensten uitvoerig op tot aan zijn rang van <\/span><span style=\"color: #000000;\">majoor in dienst van de Duitse keizer en een uitgebreide staat van voorouders. De adelsbrief die zijn grootvader Von der Lieth en diens broer zeven jaar eerder in de wacht sleepten zit er als bijlage bij. <\/span><\/p>\n<p style=\"text-align: center;\"><img loading=\"lazy\" decoding=\"async\" class=\" wp-image-6585 aligncenter\" src=\"https:\/\/meijenfeldt.nl\/wp-content\/uploads\/2017\/10\/Fido-Heinrich-Liht-193x300.jpg\" sizes=\"auto, (max-width: 300px) 100vw, 300px\" srcset=\"https:\/\/meijenfeldt.nl\/wp-content\/uploads\/2017\/10\/Fido-Heinrich-Liht-193x300.jpg 193w, https:\/\/meijenfeldt.nl\/wp-content\/uploads\/2017\/10\/Fido-Heinrich-Liht.jpg 225w\" alt=\"Tido Heinrich von der Lieth\" width=\"300\" height=\"466\" \/><span style=\"font-size: 10pt;\"><em>Tido Heinrich von der Lieth<\/em><\/span><\/p>\n<p style=\"text-align: justify;\"><span style=\"color: #000000;\">Op 5 november 1704 volgt zijn benoeming tot Rijksridder met de toevoeging &#8220;von&#8221; en de naamsuitbreiding &#8220;Meijersfeldt&#8221;. <span style=\"color: #0000ff;\"><a style=\"color: #0000ff;\" href=\"#voetnoot\">(1)<\/a>\u00a0<\/span><\/span><span style=\"color: #000000;\">De oude en nieuwe afbeeldingen van het wapenschild zitten in Wilhelm&#8217;s verzoek aan de keizer. In het eerste rode kwartier drie gouden kronen, het tweede zilveren kwartier een kraanvogel\u00a0met steen in een poot van het geslacht Von der Lieth, in het derde zilveren kwartier een zeis en in het vierde rode kwartier drie gouden lelies.\u00a0 In zijn nieuwe wapen voert hij symbolen van de Deense vijand: de drie kronen duiden op de Zweedse aanwezigheid in het hertogdom Bremen-Verden, de lelies op de Franse aanwezigheid in Oldenburg tussen 1679 en 1700.<\/span><\/p>\n<table>\n<tbody>\n<tr>\n<td>\n<p><figure id=\"attachment_6534\" aria-describedby=\"caption-attachment-6534\" style=\"width: 216px\" class=\"wp-caption aligncenter\"><img loading=\"lazy\" decoding=\"async\" class=\"size-medium wp-image-6534\" src=\"https:\/\/meijenfeldt.nl\/wp-content\/uploads\/2017\/10\/Wappen-Wilhelm-eerder-216x300.jpg\" alt=\"AT-OeStA\/AVA Adel RAA 275.32, Meyersfeld, Wilhelm, ritterm\u00e4\u00dfiger Adelsstand f\u00fcr das Reich und die Erblande, Auslassung des bisher gef\u00fchrten Geschlechtnamens Meyer und daf\u00fcr &quot;von Meyersfeld&quot;, Lehenbesitzf\u00e4higkeit, Wappenbesserung, privilegium denominandi, 5-11-1704, Artist:\" width=\"216\" height=\"300\" srcset=\"https:\/\/meijenfeldt.nl\/wp-content\/uploads\/2017\/10\/Wappen-Wilhelm-eerder-216x300.jpg 216w, https:\/\/meijenfeldt.nl\/wp-content\/uploads\/2017\/10\/Wappen-Wilhelm-eerder.jpg 400w\" sizes=\"auto, (max-width: 216px) 100vw, 216px\" \/><figcaption id=\"caption-attachment-6534\" class=\"wp-caption-text\"><span style=\"font-family: georgia,palatino,serif; font-size: 10pt;\"><em><span style=\"color: #000000;\">AT-OeStA\/AVA Adel RAA 275.32, Meijer<\/span><\/em><\/span><\/figcaption><\/figure><\/td>\n<td>\n<p><figure id=\"attachment_6242\" aria-describedby=\"caption-attachment-6242\" style=\"width: 212px\" class=\"wp-caption aligncenter\"><img loading=\"lazy\" decoding=\"async\" class=\"size-medium wp-image-6242\" src=\"https:\/\/meijenfeldt.nl\/wp-content\/uploads\/2017\/09\/Wappen-Wilhelm-1704-212x300.jpg\" alt=\"AT-OeStA\/AVA Adel RAA 275.32, Meyersfeld, Wilhelm, ritterm\u00e4ssiger Adelsstand fuer das Reich und die Erblande, Auslassung des bisher gefuehrten Geschlechtnamens Meyer und dafuer &quot;von Meyersfeld&quot;, Lehenbesitzfaehigkeit, Wappenbesserung, privilegium denominandi, 11\/5\/1704, Artist: -\" width=\"212\" height=\"300\" srcset=\"https:\/\/meijenfeldt.nl\/wp-content\/uploads\/2017\/09\/Wappen-Wilhelm-1704-212x300.jpg 212w, https:\/\/meijenfeldt.nl\/wp-content\/uploads\/2017\/09\/Wappen-Wilhelm-1704-768x1088.jpg 768w, https:\/\/meijenfeldt.nl\/wp-content\/uploads\/2017\/09\/Wappen-Wilhelm-1704-723x1024.jpg 723w, https:\/\/meijenfeldt.nl\/wp-content\/uploads\/2017\/09\/Wappen-Wilhelm-1704.jpg 1084w\" sizes=\"auto, (max-width: 212px) 100vw, 212px\" \/><figcaption id=\"caption-attachment-6242\" class=\"wp-caption-text\"><span style=\"font-family: georgia,palatino,serif; font-size: 10pt;\"><em><span style=\"color: #000000;\">AT-OeStA\/AVA Adel RAA 275.32, Von Meijersfeldt<\/span><\/em><\/span><\/figcaption><\/figure><\/td>\n<\/tr>\n<\/tbody>\n<\/table>\n<p style=\"text-align: justify;\"><span style=\"color: #000000;\">In de wapenbrief wordt aan Wilhelm Meyer het recht verleend om leengoederen te bezitten. Hij verwerft het pachtrecht over Grolland, een gebied direct noordelijk grenzend aan Stuhr. In 1201 hadden de Hollanders ook dit gebied drooggelegd. De twee zoons van Wilhelm zetten de pacht voort. Op 31 augustus 1742 verkopen hij en zijn broer Herman Dieterich Grolland met Kuhlen (een enclave naar Stuhr toe) aan Oberambtmann <span class=\"n\"><span class=\"given-name\">Christian Eberhard<\/span>\u00a0<span class=\"family-name\">Niemeyer, die er een herenhuis met twee verdiepingen op bouwt. Grolland blijft in de familie, omdat Wilhelm jr\u2019s zoon trouwt met diens dochter Dorothee Elisabeth Niemeyer.\u00a0 In het testament van Wilhelm jr uit 1745 valt Grolland aan de weduwe van zijn broer Herman Dieterich toe, wier zoon in 1746 een meierbrief heeft.\u00a0<span style=\"color: #0000ff;\"><a style=\"color: #0000ff;\" href=\"https:\/\/meijenfeldt.nl\/?page_id=50722#voetnoot\">(2)<\/a><\/span>\u00a0De familie Von Meijerfeldt wordt nog tot bijna het eind van de eeuw als bezitter van Grolland genoemd.\u00a0<span style=\"color: #0000ff;\"><a style=\"color: #0000ff;\" href=\"https:\/\/meijenfeldt.nl\/?page_id=50722#voetnoot\">(3)<\/a><\/span><\/span><\/span><\/span><\/p>\n<p style=\"text-align: center;\"><span style=\"font-family: georgia, palatino, serif; font-size: 10pt; color: #000000;\"><span style=\"color: #0000ff;\"><a id=\"voetnoot\"><\/a><a style=\"color: #0000ff;\" href=\"https:\/\/meijenfeldt.nl\/?page_id=18043\">Terug<\/a><\/span>\u00a0 \u00a0***\u00a0 \u00a0<span style=\"color: #0000ff;\"><a style=\"color: #0000ff;\" href=\"https:\/\/meijenfeldt.nl\/?page_id=50483\">Verder<\/a><\/span><\/span><\/p>\n<p style=\"text-align: justify;\"><span style=\"color: #000000;\"><span style=\"font-size: 10pt;\">1. <span style=\"color: #0000ff;\"><a style=\"color: #0000ff;\" href=\"https:\/\/meijenfeldt.nl\/?page_id=37422\">Adelsbrief\u00a0von Meijersfeld<\/a><\/span>, Adler k.k. heraldischen gesellschaft, &#8220;<\/span><\/span><span class=\"breaker-breaker\" style=\"font-size: 10pt; color: #000000;\">Die Adels- und Wappenbriefe des Namens Mayer in allen seinen Schreibungen&#8221;, Wenen 1911,<span style=\"color: #0000ff;\"><a style=\"color: #0000ff;\" href=\"https:\/\/archive.org\/details\/dieadelsundwappe00unse\/page\/n89\/mode\/2up?q=liht\"> pag. 80.<\/a><br \/>\n<span style=\"color: #000000;\">2. Gesuch der Witwe des Hermann Diederich v. <span class=\"s-hl\">Meyerfeld\u00a0<\/span>[von Meiersfeld] betreffend das (abschriftlich beiliegende) Testament ihres Schwagers, des d\u00e4nischen Leutnants Wilhelm v. Meierfeld in Grolland von 1745. 23.\u00a0August 1749, Kopenhagen.\u00a0Ausfertigung, Konzept und Abschrift, Entnommen aus Akten des Oberlandesgerichts Oldenburg (3 A Varia conv. III).\u00a0<span class=\"n\"><span class=\"family-name\">\u00a0<span style=\"color: #0000ff;\"><a style=\"color: #0000ff;\" href=\"https:\/\/die-maus-bremen.info\/index.php?id=379&amp;L=156\">Meierbrief 70<\/a><\/span>,\u00a0<\/span><\/span>6,27 I.L.1.12. Band, Regiering Stade.<\/span><br \/>\n<span style=\"color: #000000;\">3. A.F. B\u00fcsching, \u201cMagazin f\u00fcr die neue Historie und Geographie\u201d, deel 3, Hamburg 1769, <span style=\"color: #0000ff;\"><a style=\"color: #0000ff;\" href=\"https:\/\/books.google.nl\/books?id=1XKogjjQzQwC&amp;pg=PA151&amp;lpg=PA151&amp;dq=Meyerfeld+stuhr&amp;source=bl&amp;ots=DN-H35XktD&amp;sig=ACfU3U2xp71SbKTSIKcbpXMtU7eqkwZcWw&amp;hl=nl&amp;sa=X&amp;ved=2ahUKEwjW46360pHvAhXKnKQKHWX8ANsQ6AEwBXoECAgQAw#v=onepage&amp;q=Meyerfeld%20stuhr&amp;f=false\">pag. 151<\/a><\/span>. \u201cTopographisches Reise-, Post- und Zeitungs-Lexicon von Deutschland\u201d, deel 1, Leipzig 1782,\u00a0<span style=\"color: #0000ff;\"><a style=\"color: #0000ff;\" href=\"https:\/\/books.google.nl\/books?id=R-pl_4EXXn4C&amp;pg=PA460&amp;lpg=PA460&amp;dq=Meyerfeld+stuhr&amp;source=bl&amp;ots=QUDTcok9cl&amp;sig=ACfU3U27i0XaYLWpxHwOePKlN4VvvHmKmQ&amp;hl=nl&amp;sa=X&amp;ved=2ahUKEwjW46360pHvAhXKnKQKHWX8ANsQ6AEwAnoECAQQAw#v=onepage&amp;q=Meyerfeld%20stuhr&amp;f=false\">pag. 460<\/a><\/span>.<\/span><br \/>\n<\/span><\/span><\/p>\n","protected":false},"excerpt":{"rendered":"<p>Wilhelm Meijer zendt in 1704 een verzoekschrift naar de Duitse keizer in Wenen om in de adelstand verheven te worden. Hij somt zijn verdiensten uitvoerig op tot aan zijn rang van majoor in dienst van de Duitse keizer en een uitgebreide staat van voorouders. De adelsbrief die zijn grootvader Von der Lieth en diens broer &hellip; <a href=\"https:\/\/meijenfeldt.nl\/?page_id=6252\" class=\"more-link\">Verder lezen <span class=\"screen-reader-text\">4.5.2. Schildbrief<\/span><\/a><\/p>\n","protected":false},"author":1,"featured_media":0,"parent":0,"menu_order":0,"comment_status":"closed","ping_status":"closed","template":"","meta":{"footnotes":""},"class_list":["post-6252","page","type-page","status-publish","hentry"],"_links":{"self":[{"href":"https:\/\/meijenfeldt.nl\/index.php?rest_route=\/wp\/v2\/pages\/6252","targetHints":{"allow":["GET"]}}],"collection":[{"href":"https:\/\/meijenfeldt.nl\/index.php?rest_route=\/wp\/v2\/pages"}],"about":[{"href":"https:\/\/meijenfeldt.nl\/index.php?rest_route=\/wp\/v2\/types\/page"}],"author":[{"embeddable":true,"href":"https:\/\/meijenfeldt.nl\/index.php?rest_route=\/wp\/v2\/users\/1"}],"replies":[{"embeddable":true,"href":"https:\/\/meijenfeldt.nl\/index.php?rest_route=%2Fwp%2Fv2%2Fcomments&post=6252"}],"version-history":[{"count":106,"href":"https:\/\/meijenfeldt.nl\/index.php?rest_route=\/wp\/v2\/pages\/6252\/revisions"}],"predecessor-version":[{"id":64512,"href":"https:\/\/meijenfeldt.nl\/index.php?rest_route=\/wp\/v2\/pages\/6252\/revisions\/64512"}],"wp:attachment":[{"href":"https:\/\/meijenfeldt.nl\/index.php?rest_route=%2Fwp%2Fv2%2Fmedia&parent=6252"}],"curies":[{"name":"wp","href":"https:\/\/api.w.org\/{rel}","templated":true}]}}