{"id":62510,"date":"2024-03-25T10:06:51","date_gmt":"2024-03-25T10:06:51","guid":{"rendered":"https:\/\/meijenfeldt.nl\/?page_id=62510"},"modified":"2025-11-12T10:22:39","modified_gmt":"2025-11-12T10:22:39","slug":"4-rechtszaak","status":"publish","type":"page","link":"https:\/\/meijenfeldt.nl\/?page_id=62510","title":{"rendered":"3.3.5. Afkoop"},"content":{"rendered":"<p style=\"text-align: justify;\"><span style=\"color: #000000;\">In de kerkboeken van de\u00a0<\/span><span style=\"color: #000000;\">St Andreaskerk te Nehringen zijn veel familieleden van het Zweedse geslacht von Meijerfeldt te vinden. <\/span><span style=\"color: #000000;\">O<\/span><span style=\"color: #000000;\">p 15 juli 1800 staat de naam voor het laatst bij d<\/span><span style=\"color: #000000;\">e begrafenis van de <\/span><span style=\"color: #000000;\">graaf <\/span><span style=\"color: #000000;\">en zijn bijzetting in het familiegraf in het kerkgewelf onder het koor, c<\/span><span style=\"color: #000000;\">onform zijn wens zonder pracht en praal. De aanwezigen staan niet vermeld, maar het <\/span><span style=\"color: #000000;\">is niet denkbeeldig dat\u00a0<\/span><span style=\"color: #000000;\">Augusta Juliana, <\/span><span style=\"color: #000000;\">zijn\u00a0<\/span><span style=\"color: #000000;\">natuurlijke dochter en verkrijgster <\/span><span style=\"color: #000000;\">van zijn legaat, <\/span><span style=\"color: #000000;\">hierbij aanwezig was. <\/span><span style=\"color: #000000;\">Schabow ligt maar 21 kilometer reizen verwijderd.\u00a0<\/span><\/p>\n<p style=\"text-align: justify;\"><span style=\"color: #000000;\">In een ander kerkboek verschijnt Augusta Juliana wel, namelijk aan de overkant van de rivier Recknitz in het stadje S\u00fclze (<em>Bad S\u00fclze<\/em>). Op 18 november 1801 kreeg zij een tiende kind met de namen <em>August Friedrich Dani\u00ebl<\/em>\u00a0en vijf dagen later vond de doop plaats.<\/span><span style=\"color: #000000;\">\u00a0<\/span><span style=\"color: #0000ff;\"><a style=\"color: #0000ff;\" href=\"#voetnoot\">(1)<\/a><\/span><\/p>\n<p><img loading=\"lazy\" decoding=\"async\" class=\" wp-image-76647 aligncenter\" src=\"https:\/\/meijenfeldt.nl\/wp-content\/uploads\/2025\/11\/M.10-1801-Sulze-doop-300x39.png\" alt=\"\" width=\"662\" height=\"86\" srcset=\"https:\/\/meijenfeldt.nl\/wp-content\/uploads\/2025\/11\/M.10-1801-Sulze-doop-300x39.png 300w, https:\/\/meijenfeldt.nl\/wp-content\/uploads\/2025\/11\/M.10-1801-Sulze-doop-1024x132.png 1024w, https:\/\/meijenfeldt.nl\/wp-content\/uploads\/2025\/11\/M.10-1801-Sulze-doop-768x99.png 768w, https:\/\/meijenfeldt.nl\/wp-content\/uploads\/2025\/11\/M.10-1801-Sulze-doop-1536x198.png 1536w, https:\/\/meijenfeldt.nl\/wp-content\/uploads\/2025\/11\/M.10-1801-Sulze-doop.png 1591w\" sizes=\"auto, (max-width: 662px) 100vw, 662px\" \/><\/p>\n<p style=\"text-align: justify;\"><span style=\"color: #000000;\">In dit kerkboek raakt zij <em>feld <\/em>in haar achternaam kwijt. Bij haar man staat voormalige pachter. Het landgoed <\/span><span style=\"color: #000000;\">Schabow stond te koop, <\/span><span style=\"color: #000000;\">omdat eigenaar v<\/span><span style=\"color: #000000;\">on Bassewitz meer belangstelling had voor de opbrengsten van het kansspel dan het landgoed. Wolfsdorf had een nieuwe pachter Von Beringe.<\/span><\/p>\n<p style=\"text-align: justify;\"><span style=\"color: #000000;\">Hoe Augusta Juliana het met acht jonge kinderen zonder pachtinkomen kon volhouden blijkt al snel. Zij accepteerde november 1802 het aanbod van de gravin-weduwe Sparre tot afkoop van het legaat voor een bedrag van 500 rijksdaalder. <\/span><span style=\"color: #000000;\">Dat bedrag gebruikte zij voor de financiering van de opstallen en inventaris van een hofstede, die haar man in het aangrenzende Marlow had gekocht. <span style=\"color: #0000ff;\"><a style=\"color: #0000ff;\" href=\"#voetnoot\">(2)<\/a><\/span><\/span><\/p>\n<p style=\"text-align: justify;\"><span style=\"color: #000000;\">Deze verrassende ontwikkeling blijkt u<\/span><span style=\"color: #000000;\">it een vonnis van het Tribunaal van Wismar. De eisers in het onderhavige geschil waren Friedrich Christoph Karl Hagenow, pachter op Langenfelde, en Friedrich Steinmann, pachter op Nehringen. Zij tekenden beroep aan tegen een uitspraak van het Gerechtshof te Greifswald. <span style=\"color: #0000ff;\"><a style=\"color: #0000ff;\" href=\"#voetnoot\">(3)<\/a><\/span><\/span><\/p>\n<p style=\"text-align: justify;\"><span style=\"color: #000000;\">Uit het vonnis van 88 volgeschreven foliovellen komen veel feiten over Augusta Juliana naar voren. Sinds haar eerste bruiloft in 1783 had zij gewoond in het inspecteurshuis van Thilow in het aangrenzende stadje Loitz, minder dan 10 kilometer naar het zuiden. Na de geboorte van hun twee kinderen was haar man weliswaar plotseling overleden, maar had toch nog kans gezien twee maanden daarvoor op 9 november 1789 een testament op te stellen. Daarin had hij haar aangewezen als universeel erfgenaam en vruchtgebruiker over het deel van hun twee kinderen, voor wie hij Hagenow en Steinmann als voogd had aangewezen.\u00a0<\/span><\/p>\n<p style=\"text-align: justify;\"><span style=\"color: #000000;\">Het testament van Thilow had op 10 februari 1790 werkingskracht gekregen, waarna Augusta Juliana met de voogden\u00a0<\/span><span style=\"color: #000000;\">op 29 maart had afgesproken <\/span><span style=\"color: #000000;\">het huis in Loitz openbaar te verkopen en de inventaris in natura te verdelen. Kort na haar tweede bruiloft had zij de verdeling <\/span><span style=\"color: #000000;\">op 24 en 25 mei 1791 <\/span><span style=\"color: #000000;\">definitief afgewikkeld, maar het huis was nog niet verkocht. Eenmaal verhuisd naar Wolfsdorf en moeder van een tweeling was zij op 23 december akkoord gegaan met verkoop van het huis aan koopmansweduwe Jael Voss en de storting van de opbrengt van 600 rijksdaalder in de onverdeelde boedel.<\/span><\/p>\n<p style=\"text-align: justify;\"><span style=\"color: #000000;\">Bij de afkoop van van het legaat\u00a0<\/span><span style=\"color: #000000;\">van Augusta Juliana regelde voogd Hagenow &#8211; <\/span><span style=\"color: #000000;\">mede namens Steinman, die eigenaar van Gnoien in Mecklenburg was geworden &#8211;\u00a0<\/span><span style=\"color: #000000;\">een hypothecaire zekerheid op het aangekochte pand in Marlow <\/span><span style=\"color: #000000;\">\u00a0voor de twee oudste kinderen. V<\/span><span style=\"color: #000000;\">oor de\u00a0<\/span><span style=\"color: #000000;\">extra werkzaamheden<\/span><span style=\"color: #000000;\">\u00a0<\/span><span style=\"color: #000000;\">die a<\/span><span style=\"color: #000000;\">dvocaat PommerEsche hiervoor moest verrichten bracht hij kosten in rekening, niet bij de gravin-weduwe maar bij Hagenow. Deze weigerde te betalen met het argument dat het testament van Thilow uit 1789 bepaalde dat de twee kinderen kostenvrij moesten blijven. Dit conflict kwam voor de rechter.<\/span><\/p>\n<p style=\"text-align: justify;\"><span style=\"color: #000000;\">Aan dit conflict kwamen <\/span><span style=\"color: #000000;\">het Gerechtshof van Greifswald in 1803 en het het Tribunaal van Wismar in 1805 niet toe. Naar hun oordeel kon Hagenow geen voogd van de twee kinderen zijn en tevens toezichthouder over voogden. Die laatste hoedanigheid had hij verkregen door aankoop van het landgoed Medrow met Glewitz en Langenfelde van de gravin-weduwe von Meijerfeldt, met financi\u00eble hulp van zijn zwager Joachim Christian von Rodbertus, koopman in Barth. Daarmee won Hagenow begin 1802 <\/span><span style=\"color: #000000;\">de rijksadelstand met het suffix <em>von<\/em>, maar verloor de voogdijschap over de Thilowse kinderen. <span style=\"color: #0000ff;\"><a style=\"color: #0000ff;\" href=\"#voetnoot\">(4)<\/a><\/span><\/span><\/p>\n<p style=\"text-align: center;\"><span style=\"color: #000000; font-size: 10pt;\"><span style=\"color: #0000ff;\"><a id=\"voetnoot\"><\/a><a style=\"color: #0000ff;\" href=\"https:\/\/meijenfeldt.nl\/?page_id=72511\">Terug<\/a><\/span>\u00a0 \u00a0***\u00a0 \u00a0<span style=\"color: #0000ff;\"><a style=\"color: #0000ff;\" href=\"https:\/\/meijenfeldt.nl\/?page_id=62501\">Verder<\/a><\/span><\/span><\/p>\n<p style=\"text-align: justify;\"><span style=\"font-family: georgia, palatino, serif; font-size: 10pt;\"><span style=\"color: #000000;\">1. E<span style=\"color: #000000; font-size: 10pt;\">vangelische Kirche S\u00fclze, Taufen, Heiraten, Kommunikanten u Tote 1791-1831,\u00a0<a style=\"color: #0000ff;\" href=\"https:\/\/meijenfeldt.nl\/wp-content\/uploads\/2024\/01\/P.10-Doop-1801.pdf\">fol 112-113<\/a>.<br \/>\n<\/span>2. <span style=\"color: #0000ff;\"><span style=\"font-family: georgia, palatino, serif; font-size: 10pt; color: #000000;\">De<\/span><\/span><span style=\"font-family: georgia, palatino, serif; font-size: 10pt; color: #000000;\"> Nalatenschapsbeschrijving van gravin Sparre van 1817 bevat toch nog een bedrag van 1.000 rijksdaalder. Dit even grote bedrag had de gravin in 1798 toevallig geleend van <\/span>de inmiddels gepensioneerde Justitieraad Palmsv\u00e4rd, oorspronkelijk Jan Eric Nibelius, een goede vriend van oud-huisleraar Kellgren. <span style=\"font-size: 10pt; color: #000000;\"><span style=\"font-size: 10pt;\"><span style=\"font-family: georgia, palatino, serif; color: #000000;\">J.E. Palmsv\u00e4rd. Autobiografie, Stockholm 1931. &#x2663;<\/span><\/span><\/span><br \/>\n<span style=\"color: #000000; font-family: georgia, palatino, serif; font-size: 10pt;\"><span style=\"color: #0000ff;\"><span style=\"color: #000000;\">3. Der Eigent\u00fcmer Hagenow zu Langenfelde und Friedrich Steinmann zu Gnoien als Vorm\u00fcnder der Thilowschen Kinder contra das k\u00f6nigliche Hofgericht in Greifswald<\/span><\/span>, Wismarer Tribunal, Relationen, Urteilsbegr\u00fcndungen des Assessoren, Landesarchiv Greifswald, 010.01. Schwedische Regierung Stralsund. 1805 IV nr. 6 d.d. 22-04-1805, <\/span><span style=\"color: #0000ff;\"><span style=\"font-family: georgia, palatino, serif; font-size: 10pt; color: #000000;\"><span style=\"color: #0000ff;\"><a style=\"color: #0000ff;\" href=\"https:\/\/meijenfeldt.nl\/?page_id=62485\">pag. 1-88<\/a><\/span>.<br \/>\n4. Brief van Ulrike Cordt, Freising 23 januari 1996, over haar betbetovergrootvader Friedrich von Hagenow. [<a style=\"color: #0000ff;\" href=\"https:\/\/meijenfeldt.nl\/wp-content\/uploads\/2022\/02\/CH-279.pdf\">CH-279<\/a>]<br \/>\n<\/span><\/span><\/span><\/span><\/p>\n","protected":false},"excerpt":{"rendered":"<p>In de kerkboeken van de\u00a0St Andreaskerk te Nehringen zijn veel familieleden van het Zweedse geslacht von Meijerfeldt te vinden. Op 15 juli 1800 staat de naam voor het laatst bij de begrafenis van de graaf en zijn bijzetting in het familiegraf in het kerkgewelf onder het koor, conform zijn wens zonder pracht en praal. De &hellip; <a href=\"https:\/\/meijenfeldt.nl\/?page_id=62510\" class=\"more-link\">Verder lezen <span class=\"screen-reader-text\">3.3.5. Afkoop<\/span><\/a><\/p>\n","protected":false},"author":1,"featured_media":0,"parent":0,"menu_order":0,"comment_status":"closed","ping_status":"closed","template":"","meta":{"footnotes":""},"class_list":["post-62510","page","type-page","status-publish","hentry"],"_links":{"self":[{"href":"https:\/\/meijenfeldt.nl\/index.php?rest_route=\/wp\/v2\/pages\/62510","targetHints":{"allow":["GET"]}}],"collection":[{"href":"https:\/\/meijenfeldt.nl\/index.php?rest_route=\/wp\/v2\/pages"}],"about":[{"href":"https:\/\/meijenfeldt.nl\/index.php?rest_route=\/wp\/v2\/types\/page"}],"author":[{"embeddable":true,"href":"https:\/\/meijenfeldt.nl\/index.php?rest_route=\/wp\/v2\/users\/1"}],"replies":[{"embeddable":true,"href":"https:\/\/meijenfeldt.nl\/index.php?rest_route=%2Fwp%2Fv2%2Fcomments&post=62510"}],"version-history":[{"count":47,"href":"https:\/\/meijenfeldt.nl\/index.php?rest_route=\/wp\/v2\/pages\/62510\/revisions"}],"predecessor-version":[{"id":76685,"href":"https:\/\/meijenfeldt.nl\/index.php?rest_route=\/wp\/v2\/pages\/62510\/revisions\/76685"}],"wp:attachment":[{"href":"https:\/\/meijenfeldt.nl\/index.php?rest_route=%2Fwp%2Fv2%2Fmedia&parent=62510"}],"curies":[{"name":"wp","href":"https:\/\/api.w.org\/{rel}","templated":true}]}}