{"id":61229,"date":"2023-12-10T18:00:39","date_gmt":"2023-12-10T18:00:39","guid":{"rendered":"https:\/\/meijenfeldt.nl\/?page_id=61229"},"modified":"2023-12-11T11:34:23","modified_gmt":"2023-12-11T11:34:23","slug":"61229-2","status":"publish","type":"page","link":"https:\/\/meijenfeldt.nl\/?page_id=61229","title":{"rendered":"Mustelin"},"content":{"rendered":"<p><span style=\"font-size: 14pt;\"><strong><span style=\"color: #000000; font-family: georgia, palatino, serif;\">Olof Mustelin, &#8220;Studier i Finl\u00e4nsk Historieforskning 1809-1865&#8221;, \u00c5bo 1957.\u00a0<\/span><\/strong><\/span><\/p>\n<p><span style=\"color: #0000ff;\"><a style=\"color: #0000ff;\" href=\"https:\/\/digi.kansalliskirjasto.fi\/teos\/binding\/2093993?term=Meyerfeldt&amp;term=Meyerfeldts&amp;page=320\"><span style=\"font-size: 12pt;\">Pag. 318-320<\/span><\/a><\/span><\/p>\n<table style=\"width: 100%; height: 1649px;\">\n<tbody>\n<tr style=\"height: 1736px;\">\n<td style=\"width: 48.0992%; height: 1649px;\" width=\"302\"><span style=\"font-size: 12pt;\">Den Meyerfeldtska samlingen n\u00e4mndes. Med den forh\u00f6ll det sig pa f\u00f6ljande sitt. Vid akademikonsistoriets sammantrdde den 13 augusti 1807 meddelade prokansler, biskop Tengstr\u00f6m, att han under ett besok i Stockholm icke l\u00e5ngt tidigare hade f\u00e5tt mottaga en v\u00e4rdefull donation till akademien, f\u00f6rmedlad av kansler, greve Wachtmeister. <sup>80<\/sup> Det var fr\u00e5ga om en g\u00e5va av grevinnan Lovisa Augusta Meyerfeldt, fodd Sparre och \u00e4nka efter f\u00e4ltmarskalken, greve Johan August Meyerfeldt, inneh\u00e5llande \u00bbuti f\u00f6rseglade Convoluter f\u00f6rvarade Original Bref, som under sednaste krig med Ryssland blifvit vexlade emellan HogtSal. Hans Kongl. Maijt Konung Gustaf III, Dess H\u00f6ga Herrar Br\u00f6der m. fl. betydande Herrar och M\u00e4n\u00bb \u00e5 ena sidan samt f\u00e4ltmarskalk Meyerfeldt \u00e5 den andra. Grevinnan Meyerfeldts donationsbrev var daterat den 10 juli 1806, och i det best\u00e4mmes bl. a. att samlingen skulle h\u00e5llas f\u00f6rseglad i femtio \u00e5r efter detta datum.<\/span><br \/>\n<span style=\"font-size: 12pt;\">Sommaren 1856 hade konvoluten s\u00e5lunda f\u00e5tt brytas, men f\u00f6rst v\u00e5ren 1859 \u00f6ppnades de i konsistorium. <sup>81<\/sup> Dr\u00f6jsm\u00e5let var betingat av att de under Krimkriget j\u00e4mte andra av universitetets samlingar bragts i s\u00e4kerhet till Tavastehus. Vid garnskningen konstaterade man, att intet brev fr\u00e5n Gustaf III eller hertig Karl kunde \u00e5terfinnas, men d\u00e4remot drygt 90 skrivelser fr\u00e5n generaler och andra bef\u00e4lhavare under kriget 1788\u201490, adresserade till d\u00e5varande generall\u00f6jtnanten, greve Meyerfeldt. Rein fick i uppdrag att taga hand om korrespondensen. Han utnyttjade den f\u00f6r sitt arbete Kriget i Finland aren 1788, 1789 och 1790 I \u2014 n\u00e5gon senare del utkom aldrig \u2014, f\u00f6r vilket han likv\u00e4l anv\u00e4nde \u00e4ven andra k\u00e4llor. I sitt f\u00f6retal l\u00e4mnade han en kort, men icke alldeles riktig redog\u00f6relse for handlingarnas \u00f6den. <sup>82<\/sup> I samband med \u00f6ppnandet av dem kom man att rikta uppm\u00e4rksamheten p\u00e5 den s.k. Porthanska kistan, vilken Jacob Tengstr\u00f6m med s\u00e4lvtagen r\u00e4tt best\u00e4mt att skulle h\u00e5llas f\u00f6rseglad till \u00e5r 1900. I den hade han \u00e4ven inlagt den v\u00e4rdefullaste delen av Meyerfeldts korrespondens. <sup>83<\/sup> Efter livliga diskussioner i konsistorium besl\u00f6t man att framtaga breven, vilka emellertid visade sig mindre givande \u00e4n man hade v\u00e4ntat. <sup>84<\/sup> Den Porthanska kistans egentliga inneh\u00e5ll f\u00f6rblev d\u00e4remot otillg\u00e4ngligt intill seklets slut, s\u00e5 som Tengstr\u00f6m or\u00e4ttm\u00e4tigt f\u00f6reskrivit. Den generation finl\u00e4ndska historiker som verkade kring 1800-talets mitt blev aldrig i tillf\u00e4lle att utnyttja detta material. <sup>85<\/sup><\/span><\/td>\n<td style=\"width: 51.9008%; height: 1649px;\" width=\"302\"><span style=\"font-size: 12pt;\">Er werd melding gemaakt van de Meyerfeldt-collectie. Daarmee was de situatie als volgt. Tijdens de vergadering van de Academieraad op 13 augustus 1807 maakte de vice-kanselier, bisschop Tengstr\u00f6m, bekend dat hij tijdens een bezoek aan Stockholm niet lang daarvoor een waardevolle donatie aan de Academie had ontvangen, bemiddeld door de kanselier, graaf Wachtmeister.<sup>80<\/sup> Het betrof een geschenk van gravin Lovisa Augusta Meyerfeldt, geboren Sparre en weduwe van de veldmaarschalk graaf Johan August Meyerfeldt, met daarin \u00abin verzegelde convoluten bewaarde Originele Brieven, die tijdens de laatste oorlog met Rusland waren gewisseld tussen Hoogzaliger Zijne Koninklijke Majesteit Koning Gustaf III, Zijn Hoogheid Heer Broeder en anderen belangrijke Heren en Mannen\u00bb aan de ene kant en veldmaarschalk Meyerfeldt aan de andere. De donatiebrief van gravin Meyerfeldt was gedateerd 10 juli 1806 en bepaalt onder meer dat de collectie na deze datum vijftig jaar verzegeld moet worden bewaard.<\/span><\/p>\n<p><span style=\"font-size: 12pt;\">In de zomer van 1856 moesten de enveloppen dus worden verbroken, maar pas in het voorjaar van 1859 werden ze in de kerkenraad geopend. <sup>81<\/sup> De vertraging was te wijten aan het feit dat ze tijdens de Krimoorlog, samen met andere universiteitscollecties, veilig naar Tavastehus waren gebracht. Tijdens de zoektocht bleek dat er geen brief van Gustaf III of hertog Karl kon worden gevonden, maar daarentegen ongeveer 90 brieven van generaals en andere commandanten tijdens de oorlog 1788-90, gericht aan de toenmalige luitenant-generaal, graaf Meyerfeldt. Rein kreeg de opdracht de correspondentie te behandelen. Hij gebruikte het voor zijn werk Oorlog in Finland in de jaren 1788, 1789 en 1790 I \u2013 een later deel is nooit verschenen \u2013 waarvoor hij toch ook andere bronnen gebruikte. In zijn voorwoord liet hij een kort, maar niet geheel correct verslag achter over het lot van de documenten. <sup>82<\/sup> In verband met de opening ervan werd de aandacht gevestigd op de zogenaamde Porthankist, waarvan Jacob Tengstr\u00f6m terecht besloot dat hij tot het jaar 1900 verzegeld zou blijven. Daarin had hij evenwel het meest waardevolle deel van Meyerfeldts correspondentie geplaatst. <sup>83<\/sup> Na levendige discussies in het Konsistorium werd besloten de brieven te openen, die echter minder vruchtbaar bleken dan verwacht. <sup>84<\/sup> De feitelijke inhoud van de Porthankist bleef daarentegen tot het einde van de eeuw ontoegankelijk, zoals Tengstr\u00f6m ten onrechte voorschreef. De generatie Finse historici die rond het midden van de 19e eeuw werkte, heeft nooit de mogelijkheid gehad om van dit materiaal gebruik te maken. <sup>85<\/sup><\/span><\/td>\n<\/tr>\n<\/tbody>\n<\/table>\n<p><span style=\"font-size: 10pt; font-family: georgia, palatino, serif;\">80. KP 13.8.1807 \u00a7 9. KP = <\/span><span style=\"font-family: georgia, palatino, serif; font-size: 13.3333px;\">Konsistoriets Protokoll, <\/span><span style=\"font-family: georgia, palatino, serif; font-size: 10pt;\">Helsingfors Universitets Bibliotek och Helsingfors Universitets Arkiv (HUB).<br \/>\n<\/span><span style=\"font-size: 10pt; font-family: georgia, palatino, serif;\">81. KP 6.4.1859 \u00a7 6, 27.4.1859 \u00a7 8; ifr G. Rein, Kriget i Finland aren 1788, 1789 och 1790 I, s. III f.<\/span><br \/>\n<span style=\"font-size: 10pt; font-family: georgia, palatino, serif;\">82. De intresserade \u00e4ven Bernhard von Beskow d\u00e5 han arbetade med sin skildring av Gustaf III, och han fick genom f\u00f6rmedling av J. J. Nordstr\u00f6m l\u00e5na utdrag ur dem (Nordstr\u00f6m \u2014 Rein 13. 6.1864, 11.7. 1864, 22.5.1865, HUB; v. Beskow \u2014 Rein 9.11.1864, HUB; Rein \u2014 Nordstr\u00f6m 22.6.1864 konc., HUB).<\/span><br \/>\n<span style=\"font-size: 10pt; font-family: georgia, palatino, serif;\">83. Jfr Tengstr\u00f6m \u2014 Lagus 1.3.1830, <em>H. Lagus<\/em>, En gammal akademisk slikt, s. 46.<\/span><br \/>\n<span style=\"font-size: 10pt; font-family: georgia, palatino, serif;\">84. KP bl.a. 16. 12. 1861 plenum \u00a7 9; [<em>E. G. Palm\u00e9n<\/em>], Till hundra\u00e5rsminnet af Johan Philip Palm\u00e9n, s. 374 ff.<\/span><br \/>\n<span style=\"font-size: 10pt; font-family: georgia, palatino, serif;\">85. Jfr KP 21. 12. 1804 \u00a7 14, 24. 3. 1817 \u00a7 9; meddelande av E. G. Palm\u00e9n i HArk XVI, s. 114 ff (prof. 20.1.1900); S. G. Elmgrenin muistiinpanot, s. 440, 445, 447, 452 (25.12.1861, 18.1., 25.1., 22.3.1862); <em>W. G. Lagus<\/em>, Det Porthanska testamentet, FAT 115\u2014119\/1850; W. G. L[<em>agus<\/em>], Om Porthanska Testamentet, Supplement till Borg\u00e5 bladet 50\/1861.<\/span><\/p>\n","protected":false},"excerpt":{"rendered":"<p>Olof Mustelin, &#8220;Studier i Finl\u00e4nsk Historieforskning 1809-1865&#8221;, \u00c5bo 1957.\u00a0 Pag. 318-320 Den Meyerfeldtska samlingen n\u00e4mndes. Med den forh\u00f6ll det sig pa f\u00f6ljande sitt. Vid akademikonsistoriets sammantrdde den 13 augusti 1807 meddelade prokansler, biskop Tengstr\u00f6m, att han under ett besok i Stockholm icke l\u00e5ngt tidigare hade f\u00e5tt mottaga en v\u00e4rdefull donation till akademien, f\u00f6rmedlad av kansler, &hellip; <a href=\"https:\/\/meijenfeldt.nl\/?page_id=61229\" class=\"more-link\">Verder lezen <span class=\"screen-reader-text\">Mustelin<\/span><\/a><\/p>\n","protected":false},"author":1,"featured_media":0,"parent":0,"menu_order":0,"comment_status":"closed","ping_status":"closed","template":"","meta":{"footnotes":""},"class_list":["post-61229","page","type-page","status-publish","hentry"],"_links":{"self":[{"href":"https:\/\/meijenfeldt.nl\/index.php?rest_route=\/wp\/v2\/pages\/61229","targetHints":{"allow":["GET"]}}],"collection":[{"href":"https:\/\/meijenfeldt.nl\/index.php?rest_route=\/wp\/v2\/pages"}],"about":[{"href":"https:\/\/meijenfeldt.nl\/index.php?rest_route=\/wp\/v2\/types\/page"}],"author":[{"embeddable":true,"href":"https:\/\/meijenfeldt.nl\/index.php?rest_route=\/wp\/v2\/users\/1"}],"replies":[{"embeddable":true,"href":"https:\/\/meijenfeldt.nl\/index.php?rest_route=%2Fwp%2Fv2%2Fcomments&post=61229"}],"version-history":[{"count":5,"href":"https:\/\/meijenfeldt.nl\/index.php?rest_route=\/wp\/v2\/pages\/61229\/revisions"}],"predecessor-version":[{"id":61235,"href":"https:\/\/meijenfeldt.nl\/index.php?rest_route=\/wp\/v2\/pages\/61229\/revisions\/61235"}],"wp:attachment":[{"href":"https:\/\/meijenfeldt.nl\/index.php?rest_route=%2Fwp%2Fv2%2Fmedia&parent=61229"}],"curies":[{"name":"wp","href":"https:\/\/api.w.org\/{rel}","templated":true}]}}