{"id":61146,"date":"2023-12-03T11:20:21","date_gmt":"2023-12-03T11:20:21","guid":{"rendered":"https:\/\/meijenfeldt.nl\/?page_id=61146"},"modified":"2023-12-03T11:20:21","modified_gmt":"2023-12-03T11:20:21","slug":"dorf-meyenfeld","status":"publish","type":"page","link":"https:\/\/meijenfeldt.nl\/?page_id=61146","title":{"rendered":"Dorf Meyenfeld"},"content":{"rendered":"<p><span style=\"font-size: 14pt;\"><strong>Dorfgeschichte Meyenfeld 1258 \u2013 2008, Kerstin Holznagel, <span style=\"color: #0000ff;\"><a style=\"color: #0000ff;\" href=\"mailto:planung@k-holznagel.de\">planung@k-holznagel.de<\/a><\/span>.<\/strong><\/span><\/p>\n<p><span style=\"font-size: 14pt;\"><strong>CH-787<\/strong><\/span><\/p>\n<hr \/>\n<p>Bilthoven, 2 juni 2023<\/p>\n<p><strong>Liebe Frau Kerstin Holznagel und Frau Susanne N\u00f6hring,<\/strong><\/p>\n<p>\u00dcber Ihre gesch\u00e4ftliche E-Mail-Adresse erlaube ich mir, Sie bez\u00fcglich Ihres 2008 gemeinsam verfassten Buches \u201eDorfgeschichte Meyenfeld 1258 \u2013 2008\u201c anzusprechen. Aufgrund meines Familiennamens interessiere ich mich f\u00fcr den Inhalt.<\/p>\n<p>Obwohl ich mit ziemlicher Sicherheit von der schwedisch-pommerschen Gattung Von Meijerfeldt abstamme, m\u00f6chte ich dennoch einige Familien mit demselben Namen ausschlie\u00dfen k\u00f6nnen. Viele Mitglieder der Familie Meyenfeld bzw. Meienfeld aus Garbsen und St\u00f6cken wurden in der Kirche von Marienwerder getauft, geheiratet und beigesetzt. Ich habe die Kirchenb\u00fccher nicht studiert, aber durch Familysearch konnte ich eine sch\u00f6ne Rekonstruktion erstellen.<\/p>\n<p>Meine Frage ist, ob Sie in Ihrem Buch \u00fcber diese Familie und ihre Beziehung zum Dorf Meyenfeld schreiben. Wenn es sich um wenige Seiten handelt, empfehle ich einen Scan. Wenn es viel mehr ist, muss ich einen Weg finden, Ihr Buch zu lesen.<\/p>\n<p>Vielen Dank im Voraus f\u00fcr Ihre Antwort,<\/p>\n<p>Mit freundlichen Gr\u00fc\u00dfe,<br \/>\n<strong>Hugo von Meijenfeldt<\/strong><\/p>\n<hr \/>\n<p>26 juni 2023<\/p>\n<p><strong>Sehr geehrter Herr Meijenfeldt,<\/strong><\/p>\n<p>bitte entschuldigen Sie, dass ich mich jetzt erst bei Ihnen zur\u00fcckmelde, aber aus zeitlichen Gr\u00fcnden war es mir nicht m\u00f6glich Ihnen vorher zu antworten.<\/p>\n<p>Zu Ihrer Anfrage kann ich leider nicht viel beisteuern. \u00dcber Mitglieder der Familie Meyenfeld, bzw. Meienfeld haben wir keinerlei Info. Weder im Kirchenarchiv noch im Staatsarchiv sind wir auf den Namen gesto\u00dfen. Nur die Schulchronik deutet an, dass es einen Einwohner namens Meyfeld gegeben haben k\u00f6nnte, Best\u00e4tigung daf\u00fcr konnten wir aber nicht finden. Wenn Sie also m\u00f6glicherweise dar\u00fcber Informationen haben, so w\u00e4re ich daran nat\u00fcrlich auch interessiert. Ich scanne Ihnen einmal ein, was wir zum Ursprung von Meyenfeld herausfinden konnten.<\/p>\n<p>Es tut mir leid, dass ich Ihnen nicht viel weiterhelfen konnte.<\/p>\n<p>Ich w\u00fcnsche Ihnen aber bei Ihrer weiteren Recherche viel Erfolg.<\/p>\n<p>Mit freundlichen Gr\u00fc\u00dfen<br \/>\n<strong>Kerstin Holznagel<\/strong><\/p>\n<p>&nbsp;<\/p>\n<p>Bilthoven, 30 juni 2023<\/p>\n<p><strong>Sehr geehrte Frau Holznagel,<\/strong><\/p>\n<p>Vielen Dank f\u00fcr Ihre E-Mail mit einer Erl\u00e4uterung zur Entstehung des Dorfes Meyenfeld.<\/p>\n<p>In meinen Notizen hei\u00dft es, dass Magethevelde oder Magetheville eine Latinisierung von \u201egro\u00dfes Feld\u201c w\u00e4re.<\/p>\n<p>Wenn ich mehr \u00fcber die Familie herausfinde, lasse ich es Sie wissen.<\/p>\n<p>Mit freunlichen Gr\u00fc\u03b2e,<br \/>\n<strong>Hugo von Meijenfeldt<\/strong><\/p>\n","protected":false},"excerpt":{"rendered":"<p>Dorfgeschichte Meyenfeld 1258 \u2013 2008, Kerstin Holznagel, planung@k-holznagel.de. CH-787 Bilthoven, 2 juni 2023 Liebe Frau Kerstin Holznagel und Frau Susanne N\u00f6hring, \u00dcber Ihre gesch\u00e4ftliche E-Mail-Adresse erlaube ich mir, Sie bez\u00fcglich Ihres 2008 gemeinsam verfassten Buches \u201eDorfgeschichte Meyenfeld 1258 \u2013 2008\u201c anzusprechen. Aufgrund meines Familiennamens interessiere ich mich f\u00fcr den Inhalt. Obwohl ich mit ziemlicher Sicherheit &hellip; <a href=\"https:\/\/meijenfeldt.nl\/?page_id=61146\" class=\"more-link\">Verder lezen <span class=\"screen-reader-text\">Dorf Meyenfeld<\/span><\/a><\/p>\n","protected":false},"author":1,"featured_media":0,"parent":0,"menu_order":0,"comment_status":"closed","ping_status":"closed","template":"","meta":{"footnotes":""},"class_list":["post-61146","page","type-page","status-publish","hentry"],"_links":{"self":[{"href":"https:\/\/meijenfeldt.nl\/index.php?rest_route=\/wp\/v2\/pages\/61146","targetHints":{"allow":["GET"]}}],"collection":[{"href":"https:\/\/meijenfeldt.nl\/index.php?rest_route=\/wp\/v2\/pages"}],"about":[{"href":"https:\/\/meijenfeldt.nl\/index.php?rest_route=\/wp\/v2\/types\/page"}],"author":[{"embeddable":true,"href":"https:\/\/meijenfeldt.nl\/index.php?rest_route=\/wp\/v2\/users\/1"}],"replies":[{"embeddable":true,"href":"https:\/\/meijenfeldt.nl\/index.php?rest_route=%2Fwp%2Fv2%2Fcomments&post=61146"}],"version-history":[{"count":2,"href":"https:\/\/meijenfeldt.nl\/index.php?rest_route=\/wp\/v2\/pages\/61146\/revisions"}],"predecessor-version":[{"id":61148,"href":"https:\/\/meijenfeldt.nl\/index.php?rest_route=\/wp\/v2\/pages\/61146\/revisions\/61148"}],"wp:attachment":[{"href":"https:\/\/meijenfeldt.nl\/index.php?rest_route=%2Fwp%2Fv2%2Fmedia&parent=61146"}],"curies":[{"name":"wp","href":"https:\/\/api.w.org\/{rel}","templated":true}]}}