{"id":61057,"date":"2023-11-28T12:44:02","date_gmt":"2023-11-28T12:44:02","guid":{"rendered":"https:\/\/meijenfeldt.nl\/?page_id=61057"},"modified":"2024-12-30T14:49:19","modified_gmt":"2024-12-30T14:49:19","slug":"1-8-2-de-laatste-graven","status":"publish","type":"page","link":"https:\/\/meijenfeldt.nl\/?page_id=61057","title":{"rendered":"1.8.7. De laatste graaf"},"content":{"rendered":"<p style=\"text-align: justify;\"><span style=\"color: #000000;\">Het jaar 1800 belooft feestelijk te worden. De kroning van de 21-jarige Zweedse koning Gustaaf IV Adolf en de koningin gaat op 3 april plaatsvinden. De plechtigheid moet wel sober zijn en zal plaatsvinden tijdens de maandenlange Rijksdag in Norrk\u00f6ping. De koning bemoeit zich met alle details. De rijksadmiraal Wachtmeister, de rijksmaarschalk Von Meijerfeldt, de rijksschatmeester Posse en de rijksstalmeester Essen worden opgeroepen om de koninklijke taken bij de ceremonie te verrichten. De overige Rijksraden mogen hun ambtsgewaden dragen, maar dan wel in precies aangegeven wijdere en langere maten dan normaal. <span style=\"color: #0000ff;\"><a style=\"color: #0000ff;\" href=\"#voetnoot\">(1)<\/a> <\/span><\/span><\/p>\n<p style=\"text-align: justify;\"><span style=\"color: #000000;\"><span style=\"color: #0000ff;\"><span style=\"color: #000000;\">Bij Johan August is d<\/span><\/span><\/span><span style=\"color: #000000;\">e tuberculose <\/span><span style=\"color: #000000;\"><span style=\"color: #0000ff;\"><span style=\"color: #000000;\">zo ver gevorderd dat zijn bijzondere rol voor het koninklijk paar in het water valt. Tijdens de kroning ligt hij ziek te bed in het Meijerfeldtska Palatset, huis nr. 5 en 6 H\u00e4sthuvudet in Stockholm. <\/span><\/span>Om \u00e9\u00e9n uur in de nacht van 21 april 1800 overlijdt daar de laatste graaf Von Meijerfeldt. <\/span><span style=\"color: #000000;\">Hij is net geen 75 jaar oud. Omdat hij een Serafijnen Ridder is wordt zo spoedig mogelijk bericht uitgebracht aan de Ordesecretaris graaf C. M\u00f6rner. Deze zorgt er voor dat op 24 april <\/span><span style=\"color: #000000;\">om 13:00 uur<\/span><span style=\"color: #000000;\">\u00a0<\/span><span style=\"color: #000000;\">de speciale Serafijnen bel luidt. De klank en het tijdstip wijken voldoende af van normaal klokgelui, zodat het publiek weet dat een Ridder overleden is. Nieuwsgierigen kunnen bij de deur lezen dat het de veldmaarschalk is.<\/span><\/p>\n<p style=\"text-align: justify;\"><span style=\"color: #000000;\">De uitvaart vindt op 2 mei vindt plaats. Het lichaam van Johan August jr wordt opgebaard in de St. Clara kerk in zijn woonwijk. Vanaf de Jakobskerk, de Johanneskerk en vermoedelijk alle kerken in Stockholm luiden de klokken, omdat het overlijden van E\u00e9n van &#8217;s Rijks Heren, een veldmaarschalk en Serafijnen Ridder een bijzonderheid is. Diezelfde dag start ook een processie vanuit de Serafijnenzaal in het Koninklijk Slot. <\/span><span style=\"color: #000000;\">De Hoge Garde draagt zijn koperen wapenplaat vooraan mee in de stoet. De processie loopt een stukje op de Gamla Stan en eindigt om 16:00 uur voor de<\/span><span style=\"color: #000000;\"> Riddarholm kerk. Dan wordt de baar in het schip van de kerk opgesteld. De uitvaartdienst begint met muziek en redevoeringen. De weduwe mag niet aanwezig zijn omdat zij geen Serafijnen Ridder is. De door G.J. Adlerbeth geschreven lange rede met loftuitingen aan het adres van Johan August jr wordt uitgesproken door de Rijksheraut en C<\/span><span style=\"color: #000000;\">eremoniemeester <\/span><span style=\"color: #000000;\">L. von Hauswolff. Daarna spreekt M\u00f6rner zijn personalia uit. <\/span><span style=\"color: #0000ff;\"><a style=\"color: #0000ff;\" href=\"#voetnoot\">(2)<\/a><\/span><\/p>\n<p style=\"text-align: justify;\"><span style=\"color: #000000;\">Na het overlijden van Johan August jr v<\/span><span style=\"color: #000000;\">on Meijerfeldt <\/span><span style=\"color: #000000;\">is er niemand meer die de adellijke geslachtsnaam en -wapen draagt, behalve weduwe Louise die de samengestelde naam en het alliantiewapen met Sparre gebruikt. <\/span><span style=\"color: #000000;\">Om <\/span><span style=\"color: #000000;\">plagiaat, onwettig en ongeoorloofd gebruik of usurpatie door vreemden te voorkomen bestaat bij <\/span><span style=\"color: #000000;\">hooggeplaatste geslachten het eigenaardige gebruik, om de be\u00ebindiging van naam en wapen onderdeel te laten uitmaken van de ceremonie van de uitvaart. <\/span><span style=\"color: #000000;\">De meest vergaande vorm is het ter plaatse kapotslaan en begraven van een houten replica van het wapenschild en de minst vergaande is het (gedeeltelijk) spiegelen van een wapenschild bij het graf.<\/span><\/p>\n<p style=\"text-align: justify;\"><span style=\"color: #000000;\">In de titel van de rede van Von Hauswolff staat &#8220;<em>d\u00e5 Dess Vapen vid Jordf\u00e4stningen krossades<\/em>&#8221; (waar het wapen tijdens de uitvaart werd vernield). In de heraldiek staat deze gewoonte bekend als &#8216;<span class=\"Y2IQFc\" lang=\"fr\" style=\"color: #000000;\"><em>briser les armoiries sur la tombe<\/em>&#8216; of &#8216;<em>das Wappen am Grab <\/em><\/span><em>zerbrechen\/st\u00fcrtzen<\/em>.&#8217; Het protocol schrijft in dat geval voor dat de heraut het voornemen vooraf publiceert, tijdens de dienst <\/span><span style=\"color: #000000;\">driemaal plechtig vraagt of iemand recht op het wapen doet gelden, bij stilte de gammele houten replica m<\/span><span style=\"color: #000000;\">et een zilveren bijl stuk slaat, de restanten in de grafkist werp of daarop vasttimmert en hiervan na afloop een proces-verbaal opmaakt.\u00a0<\/span><span style=\"color: #000000;\">Voor het kapotslaan van het wapen zijn geen verdere aanwijzingen gevonden. Von Hauswolff zegt in zijn rede alleen dat Johan August jr als laatste het schild draagt, dat hem &#8220;<em>f\u00f6lje i f\u00f6rg\u00e4ngesen stoftet<\/em>&#8221; (<\/span><span class=\"Y2IQFc\" lang=\"nl\" style=\"color: #000000;\">volgt in het vergankelijke stof). <\/span><\/p>\n<p style=\"text-align: justify;\"><span class=\"Y2IQFc\" lang=\"nl\" style=\"color: #000000;\">Op de<\/span><span style=\"color: #000000;\"> door de Hoge Garde meegedragen koperen wapenplaat is net genoeg ruimte gevonden om in dezelfde letters de overlijdensdatum in te schilderen. Omdat naam en wapen Von Meijerfeldt zijn afgesloten wordt de koperen plaat na afloop van de dienst niet teruggebracht naar de Serafijnenkamer van het Koninklijk Slot, maar goed zichtbaar &#8211; tot op de dag van vandaag &#8211; aan een wand van de kerk opgehangen. <\/span><span style=\"color: #000000;\">In die wapenplaat blijkt wel een spiegeling aangebracht (zie punt 3 hieronder).\u00a0<\/span><\/p>\n<table style=\"border-collapse: collapse; width: 100%;\">\n<tbody>\n<tr>\n<td style=\"width: 50%; text-align: center;\" colspan=\"2\"><img loading=\"lazy\" decoding=\"async\" class=\"wp-image-49376 aligncenter\" style=\"text-align: center;\" src=\"https:\/\/meijenfeldt.nl\/wp-content\/uploads\/2022\/08\/1800-Riddarholmskyrka-236x300.jpg\" alt=\"\" width=\"484\" height=\"615\" srcset=\"https:\/\/meijenfeldt.nl\/wp-content\/uploads\/2022\/08\/1800-Riddarholmskyrka-236x300.jpg 236w, https:\/\/meijenfeldt.nl\/wp-content\/uploads\/2022\/08\/1800-Riddarholmskyrka-805x1024.jpg 805w, https:\/\/meijenfeldt.nl\/wp-content\/uploads\/2022\/08\/1800-Riddarholmskyrka-768x977.jpg 768w, https:\/\/meijenfeldt.nl\/wp-content\/uploads\/2022\/08\/1800-Riddarholmskyrka.jpg 1136w\" sizes=\"auto, (max-width: 484px) 100vw, 484px\" \/><span style=\"color: #000000; font-size: 10pt;\"><em><strong>Serafijnenschild<\/strong><\/em><\/span><br style=\"text-align: center;\" \/><span style=\"color: #000000; font-size: 10pt;\"><em>met gravenwapen, gravenkroon, twee orden en wapenspreuk<\/em><\/span><br style=\"text-align: center;\" \/><span style=\"color: #000000; font-size: 10pt;\"><em>Tekst:<\/em>\u00a0Grefwe Johan August Meijerfelt.<\/span><br style=\"text-align: center;\" \/><span style=\"color: #000000; font-size: 10pt;\">Utn\u00e4md den 1 Nov: 1797. D\u00f6d den 21 apr: 1800.<em><br \/>\nArtiest:\u00a0<\/em>Pehr Anders Liedstr\u00f6m (1765-1804) in 1798<br \/>\n<em>Materiaal:\u00a0<\/em>Verf op koperen plaat<br \/>\n<em>Foto:<\/em>\u00a0Met QR-code gedownload van de besloten website ter plaatse,<br \/>\nna eerdere zwart-wit-foto van Govert (1934) en kleurenfoto van Jelle Terluin (1984)<\/span><\/td>\n<\/tr>\n<tr>\n<td style=\"width: 50%;\"><img loading=\"lazy\" decoding=\"async\" class=\"size-medium wp-image-54115 aligncenter\" src=\"https:\/\/meijenfeldt.nl\/wp-content\/uploads\/2023\/03\/Schildwand-300x273.jpg\" alt=\"\" width=\"300\" height=\"273\" srcset=\"https:\/\/meijenfeldt.nl\/wp-content\/uploads\/2023\/03\/Schildwand-300x273.jpg 300w, https:\/\/meijenfeldt.nl\/wp-content\/uploads\/2023\/03\/Schildwand.jpg 690w\" sizes=\"auto, (max-width: 300px) 100vw, 300px\" \/><\/td>\n<td style=\"width: 50%;\"><img loading=\"lazy\" decoding=\"async\" class=\"wp-image-54116 aligncenter\" src=\"https:\/\/meijenfeldt.nl\/wp-content\/uploads\/2023\/03\/Aan-de-wand-169x300.jpeg\" alt=\"\" width=\"152\" height=\"270\" srcset=\"https:\/\/meijenfeldt.nl\/wp-content\/uploads\/2023\/03\/Aan-de-wand-169x300.jpeg 169w, https:\/\/meijenfeldt.nl\/wp-content\/uploads\/2023\/03\/Aan-de-wand-576x1024.jpeg 576w, https:\/\/meijenfeldt.nl\/wp-content\/uploads\/2023\/03\/Aan-de-wand-768x1365.jpeg 768w, https:\/\/meijenfeldt.nl\/wp-content\/uploads\/2023\/03\/Aan-de-wand-864x1536.jpeg 864w, https:\/\/meijenfeldt.nl\/wp-content\/uploads\/2023\/03\/Aan-de-wand.jpeg 1080w\" sizes=\"auto, (max-width: 152px) 100vw, 152px\" \/><\/td>\n<\/tr>\n<tr>\n<td style=\"width: 50%; text-align: center;\" colspan=\"2\"><em><span style=\"font-size: 10pt; color: #000000;\">Het koperen wapenschild aan de rechterwand van de Riddarholm kerk<\/span><\/em><\/td>\n<\/tr>\n<\/tbody>\n<\/table>\n<p style=\"text-align: justify;\"><span style=\"font-family: georgia, palatino, serif; font-size: 12pt;\"><span style=\"color: #000000;\">Pehr Anders Liedstr\u00f6m maakte 30 Serafijnenschilden. Net als bij andere schilden in de kerk wijken hij en zijn collega&#8217;s af van de afbeelding in het Ridderhuis en de <span style=\"font-family: georgia, palatino, serif; font-size: 12pt;\">beschrijving in de gravenbrief:<\/span><\/span><\/span><\/p>\n<ol>\n<li style=\"list-style-type: none;\">\n<ol>\n<li style=\"text-align: justify;\"><span style=\"font-family: georgia, palatino, serif; font-size: 12pt;\"><span style=\"color: #000000;\"><span style=\"font-family: georgia, palatino, serif; font-size: 12pt;\">De<\/span> versiering boven het wapenschild ontbreekt: geen\u00a0 geopende toernooihelmen, geen vlaggen met adelaarskop, geen gekruiste zwaarden en geen steigerend paard met ridder. In plaats daarvan een brede vergulde gravenkroon en een wapenspreuk (zie punt 4 hieronder).<\/span><\/span><\/li>\n<li style=\"text-align: justify;\"><span style=\"font-family: georgia, palatino, serif; font-size: 12pt;\"><span style=\"color: #000000;\">De versiering opzij van het wapenschild ontbreekt: geen rood-goud en blauw-zilver lofwerk links of rechts. In plaats daarvan de ketens van de twee hoogste <span style=\"color: #0000ff;\"><a style=\"color: #0000ff;\" href=\"https:\/\/meijenfeldt.nl\/?page_id=10487\">ridderlijke onderscheidingen<\/a><\/span>: een binnenketen van de Zwaard Orde met medaillon van Commandeur Grootkruis en een buitenketen van de Serafijnen Orde.<\/span><\/span><\/li>\n<li style=\"text-align: justify;\"><span style=\"font-family: georgia, palatino, serif; font-size: 12pt;\"><span style=\"color: #000000;\">De drie rode kogels tussen twee rode schuinbalken (\u00ab<em>tre r\u00f6da k\u00fahlor emellan tw\u00e4nne bander af samma f\u00e4rg<\/em>\u00bb) maken plaats voor drie gouden kogels binnen twee rode schuinbalken. Dit kan een slordigheidje zijn, maar lijkt eerder een bewuste spiegeling vanwege de afsluiting van naam en wapen. Toen d<\/span><span style=\"color: #000000;\">e Nederlandse familieleden in 1934 voor het eerst met <\/span><span style=\"color: #000000;\">het familiewapen werden geconfronteerd was dat deze versie, die zij tot de ontdekking van het oorspronkelijke wapenschild in het Stockholmse Ridderhuis in 1983 als de enig juiste hebben beschouwd.<\/span><\/span><\/li>\n<li style=\"text-align: justify;\"><span style=\"font-family: georgia, palatino, serif; font-size: 12pt;\"><span style=\"color: #000000;\">Boven het wapen staat een spreuk: <em>\u00abAnimus Secundis Dubiisque Rectus\u00bb<\/em>. Een jaar eerder bij de uitreiking van de Serafijnen Orde had Johann August een keuze moeten maken. Voor wapenspreuken was de Romeinse dichter Horatius een dankbare bron. Hoogstwaarschijnlijk gebruikte hij diens archa\u00efsche lyriek uit Oden (Carmina) boek IV, hoofdstuk 9, regel 34-36, waarin rond 13 v. Chr. gouverneur Lollius wordt geprezen: \u201c<i>Est animus tibi Rerumque prudens et secundis Temporibus dubiisque rectus<\/i>\u201d. Vrij vertaald: Je hebt een verstandige geest, die opgericht blijft onafhankelijk van voor- en tegenspoed.\u00a0In Zweedse biografische handboeken staat de vertaling: &#8220;<em>En sj\u00e4l, som \u00e4r uppr\u00e4tt i med- och m\u00e5tgang<\/em>&#8220;. De Riddarholm kerk geeft een Engelse vertaling: &#8220;<em>A soul that is upright in both prosperity and adversity<\/em>&#8220;. Classicus Govert von Meijenfeldt gaf in 1934 de Nederlandse vertaling &#8220;De geest opgericht in voor- en tegenspoed&#8221; en zijn neef dominee Frits moderniseert het later tot: &#8220;Kop op in voor- en tegenspoed&#8221;.<\/span><\/span><\/li>\n<li style=\"text-align: justify;\"><span style=\"font-family: georgia, palatino, serif; font-size: 12pt;\"><span style=\"color: #000000;\">Onder aan de <\/span><span style=\"color: #000000;\">wapenplaat staan twee data: 1 november 1797 en 21 april 1800. Dat betekent niet dat de graaf maar 2,5 jaar oud werd. Op de eerste datum werd hij in de Serafijnen Orde benoemd (<em>\u00abutn\u00e4md\u00bb<\/em>), terwijl hij op de tweede datum stierf\u00a0 (<em>\u00abd\u00f6d\u00bb<\/em>). Bij de gegevens staat dat Liedstr\u00f6m het wapen al in 1798 schildert. Door het iets kleinere handschrift is het aannemelijk dat een ander de precieze overlijdensdatum heeft bijgeschilderd.<\/span><\/span><\/li>\n<\/ol>\n<\/li>\n<\/ol>\n<p style=\"text-align: justify;\"><span class=\"Y2IQFc\" lang=\"nl\" style=\"color: #000000;\"><span style=\"color: #000000;\">Vaak wordt geschreven dat Johan August vervolgens ook in de Riddarholm kerk in Stockholm begraven is. Dat is echter <\/span><span style=\"color: #000000;\">alleen voor Zweedse koningen en prinsen weggelegd. Overeenkomstig zijn testamentaire wens wordt d<\/span><span style=\"color: #000000;\">e lijkkist naar Stralsund verscheept en na een <\/span><span style=\"color: #000000;\">begrafenisdienst <\/span><span style=\"color: #000000;\">in de St. Andreas kerk in Nehringen\u00a0<\/span><span style=\"color: #000000;\">o<\/span><span style=\"color: #000000;\">p 15 juli 1800 <\/span><span style=\"color: #000000;\">zonder pracht en praal <\/span><span style=\"color: #000000;\">in de Meijerfeldtgruft bijgezet. <\/span><a style=\"color: #000000;\" href=\"#voetnoot\"><span style=\"color: #0000ff;\">(3)<\/span><\/a> In of op zijn grafkist zijn overigens geen sporen van een stukgeslagen wapen opgemerkt. Integendeel, op de kist is het volledig intacte wapenschild te zien, maar dat kan van de oude graaf zijn.<\/span><\/p>\n<p style=\"text-align: center;\"><img loading=\"lazy\" decoding=\"async\" class=\"alignnone wp-image-63722\" src=\"https:\/\/meijenfeldt.nl\/wp-content\/uploads\/2024\/05\/Strobl-25-300x200.jpg\" alt=\"\" width=\"590\" height=\"393\" srcset=\"https:\/\/meijenfeldt.nl\/wp-content\/uploads\/2024\/05\/Strobl-25-300x200.jpg 300w, https:\/\/meijenfeldt.nl\/wp-content\/uploads\/2024\/05\/Strobl-25.jpg 752w\" sizes=\"auto, (max-width: 590px) 100vw, 590px\" \/><br \/>\n<em><span style=\"font-family: georgia, palatino, serif; font-size: 10pt;\">E\u00e9n van de metalen wapenschilden aan de doodskisten<\/span><\/em><\/p>\n<p style=\"text-align: center;\"><span style=\"color: #000000; font-size: 10pt;\"><a href=\"https:\/\/meijenfeldt.nl\/?page_id=11738\"><span style=\"color: #0000ff;\">Terug<\/span><\/a>\u00a0 \u00a0***\u00a0 \u00a0<span style=\"color: #0000ff;\"><a style=\"color: #0000ff;\" href=\"https:\/\/meijenfeldt.nl\/?page_id=61361\">Verder<\/a><\/span><\/span><\/p>\n<p style=\"text-align: justify;\"><span style=\"color: #000000; font-size: 10pt;\">1. A.W.N. Ahnfelt, \u201cUr svenska hofvets och aristokratiens lif. Skildringar hemtade \u201c, deel 4, Stockholm 1881, <span style=\"color: #0000ff;\"><a style=\"color: #0000ff;\" href=\"https:\/\/meijenfeldt.nl\/?page_id=53358&amp;preview_id=53358&amp;preview_nonce=04625a19bd&amp;_thumbnail_id=-1&amp;preview=true\">pag. 105-106<\/a><\/span>.<br \/>\n<span style=\"color: #0000ff;\"><span style=\"color: #000000;\">2.<\/span> <a style=\"color: #0000ff;\" href=\"https:\/\/meijenfeldt.nl\/?page_id=3391\">Tal<\/a><\/span> \u00f6fver Hans Excellence den H\u00f6gv\u00e4lborne Grefven, Herr Johan August Mejerfelt, En af Rikets Herrar, F\u00e4ltmarskalk, Riddare och Commend\u00f6r af Kongl. Maj:ts orden, samt Riddare med Stora Korset af Kongl. Sv\u00e4rds-Orden, Uppl\u00e4st d\u00e5 Dess Vapen vid Jordf\u00e4stningen i Kongl. Riddareholms-Kyrkan krossades, Den 2 Maj 1800. Stockholm. Tryckt hos Carl Deleen och J, G. Forsgren. 1800. S. Rosenhane, &#8220;Anteckningar h\u00f6rande till Kongl. Vetensk. Akademiens Historia&#8221;, Stockholm 1811, <span style=\"color: #0000ff;\"><a style=\"color: #0000ff;\" href=\"https:\/\/babel.hathitrust.org\/cgi\/pt?id=hvd.32044089270904&amp;view=1up&amp;seq=361\">pag. 351<\/a><\/span>.<br \/>\n<\/span><span style=\"color: #000000; font-size: 10pt;\">3. Evangelisches Pfarrambt Glewitz, &#8220;Todten=Buch oder Register der Gestorbenen f\u00fcr die Kirche zu Nehringen angefangen mit dem Jahre 1792&#8221;, folio 38, no. 11.<br \/>\n<\/span><\/p>\n","protected":false},"excerpt":{"rendered":"<p>Het jaar 1800 belooft feestelijk te worden. De kroning van de 21-jarige Zweedse koning Gustaaf IV Adolf en de koningin gaat op 3 april plaatsvinden. De plechtigheid moet wel sober zijn en zal plaatsvinden tijdens de maandenlange Rijksdag in Norrk\u00f6ping. De koning bemoeit zich met alle details. De rijksadmiraal Wachtmeister, de rijksmaarschalk Von Meijerfeldt, de &hellip; <a href=\"https:\/\/meijenfeldt.nl\/?page_id=61057\" class=\"more-link\">Verder lezen <span class=\"screen-reader-text\">1.8.7. De laatste graaf<\/span><\/a><\/p>\n","protected":false},"author":1,"featured_media":0,"parent":0,"menu_order":0,"comment_status":"closed","ping_status":"closed","template":"","meta":{"footnotes":""},"class_list":["post-61057","page","type-page","status-publish","hentry"],"_links":{"self":[{"href":"https:\/\/meijenfeldt.nl\/index.php?rest_route=\/wp\/v2\/pages\/61057","targetHints":{"allow":["GET"]}}],"collection":[{"href":"https:\/\/meijenfeldt.nl\/index.php?rest_route=\/wp\/v2\/pages"}],"about":[{"href":"https:\/\/meijenfeldt.nl\/index.php?rest_route=\/wp\/v2\/types\/page"}],"author":[{"embeddable":true,"href":"https:\/\/meijenfeldt.nl\/index.php?rest_route=\/wp\/v2\/users\/1"}],"replies":[{"embeddable":true,"href":"https:\/\/meijenfeldt.nl\/index.php?rest_route=%2Fwp%2Fv2%2Fcomments&post=61057"}],"version-history":[{"count":16,"href":"https:\/\/meijenfeldt.nl\/index.php?rest_route=\/wp\/v2\/pages\/61057\/revisions"}],"predecessor-version":[{"id":69379,"href":"https:\/\/meijenfeldt.nl\/index.php?rest_route=\/wp\/v2\/pages\/61057\/revisions\/69379"}],"wp:attachment":[{"href":"https:\/\/meijenfeldt.nl\/index.php?rest_route=%2Fwp%2Fv2%2Fmedia&parent=61057"}],"curies":[{"name":"wp","href":"https:\/\/api.w.org\/{rel}","templated":true}]}}