{"id":58741,"date":"2023-08-24T09:01:51","date_gmt":"2023-08-24T09:01:51","guid":{"rendered":"https:\/\/meijenfeldt.nl\/?page_id=58741"},"modified":"2023-08-25T09:32:09","modified_gmt":"2023-08-25T09:32:09","slug":"nk-25-maria","status":"publish","type":"page","link":"https:\/\/meijenfeldt.nl\/?page_id=58741","title":{"rendered":"Nk.25. Marieke"},"content":{"rendered":"<table style=\"width: 100%; height: 572px;\">\n<tbody>\n<tr style=\"height: 28px;\">\n<td style=\"text-align: center; background-color: #ffffff; width: 148.25%; height: 28px;\" colspan=\"5\"><strong><span style=\"color: #000000;\"><strong style=\"text-align: center;\">PERSOONSDOSSIER<\/strong><\/span><\/strong><\/td>\n<\/tr>\n<tr style=\"height: 56px;\">\n<td style=\"text-align: center; background-color: #ffffff; width: 148.25%; height: 26px;\" colspan=\"5\"><span style=\"font-size: 10pt;\"><span style=\"color: #000000;\"><span style=\"color: #0000ff;\"><a style=\"color: #0000ff;\" href=\"https:\/\/meijenfeldt.nl\/?page_id=58281\">\u2190 Stamboom<\/a>\u00a0 \u00a0*** \u00a0 <\/span><span style=\"color: #0000ff;\"><a style=\"color: #0000ff;\" href=\"#portretten\">\u2193 Portretten<\/a><\/span>\u00a0 \u00a0***\u00a0 \u00a0<span style=\"color: #0000ff;\"><a style=\"color: #0000ff;\" href=\"#levensloop\"> \u2193 Levensloop<\/a><\/span>\u00a0 \u00a0***\u00a0 <span style=\"color: #0000ff;\"><a style=\"color: #0000ff;\" href=\"#kranten\">\u2193 Kranten<\/a><\/span>\u00a0 \u00a0***\u00a0 \u00a0<span style=\"color: #0000ff;\"><a style=\"color: #0000ff;\" href=\"#documenten\">\u2193 Documenten<\/a><\/span><\/span><\/span><\/td>\n<\/tr>\n<tr style=\"height: 28px;\">\n<td style=\"background-color: #d5e8eb; text-align: center; height: 28px; width: 148.25%;\" colspan=\"5\"><strong><span style=\"color: #000000;\">GENEALOGIE<\/span><\/strong><\/td>\n<\/tr>\n<tr style=\"height: 168px;\">\n<td style=\"background-color: #ffffff; width: 148.25%; text-align: justify; height: 10px;\" colspan=\"5\">\n<p style=\"text-align: justify;\"><span style=\"font-family: georgia, palatino, serif; font-size: 12pt;\"><span style=\"color: #000000;\">Nk.25. <strong>Maria<\/strong> <strong>(Marieke)<\/strong> von Meijenfeldt, * Probolinggo (N-I) 12-05-1923, \u2020 Apeldoorn 13-03-2012, \u221e Heem\u00adstede 18-09-1946 <em>Jan Wierse\u00adma<\/em>, * 09-04-1921, \u2020 Apeldoorn 22-04-1996, predikant, zoon van Garbrand Siert Wiersema (1881-1960) en Grietje van den Bosch (1888-1970), zes kinderen:<br \/>\n1.\u00a0<\/span><span style=\"color: #000000;\">Carla Maria, * <\/span><span style=\"color: #000000;\">08-09-1947;<br \/>\n<\/span><span style=\"color: #000000;\">2. Greetje, * <\/span><span style=\"color: #000000;\">26-04-1949, <\/span><span style=\"color: #000000;\">\u221e Kruij\u00adswijk Jansen;<br \/>\n<\/span><span style=\"color: #000000;\">3. Wilhelmina Gerridina, * 11-09-1950, \u221e Sonderen;<br \/>\n4.\u00a0<\/span><span style=\"color: #000000;\">Garbrand Siert, *<\/span><span style=\"color: #000000;\">\u00a0<\/span><span style=\"color: #000000;\">01-03-1952, \u221e Suma\u00adjow;<\/span><span style=\"color: #000000;\"><br \/>\n<\/span><span style=\"color: #000000;\">5.\u00a0<\/span><span style=\"color: #000000;\">Gerhardus Willem, * <\/span><span style=\"color: #000000;\">01-01-1954, \u221e Plug);<br \/>\n<\/span><span style=\"color: #000000;\">6.\u00a0<\/span><span style=\"color: #000000;\">Herman Martinus, * <\/span><span style=\"color: #000000;\">10-01-1957, \u221e Hart\u00adman).<\/span><\/span><\/p>\n<\/td>\n<\/tr>\n<tr style=\"height: 28px;\">\n<td style=\"background-color: #d5e8eb; text-align: center; width: 148.25%; height: 28px;\" colspan=\"5\"><strong><span style=\"color: #000000;\">PORTRETTEN<a id=\"portretten\"><\/a><\/span><\/strong><\/td>\n<\/tr>\n<tr style=\"height: 321px;\">\n<td style=\"text-align: center; height: 255px; width: 86.3589%;\" colspan=\"5\"><img loading=\"lazy\" decoding=\"async\" class=\"wp-image-4056 aligncenter\" src=\"https:\/\/meijenfeldt.nl\/wp-content\/uploads\/2017\/05\/Carl-Indi\u00eb-300x210.jpg\" alt=\"\" width=\"482\" height=\"337\" srcset=\"https:\/\/meijenfeldt.nl\/wp-content\/uploads\/2017\/05\/Carl-Indi\u00eb-300x210.jpg 300w, https:\/\/meijenfeldt.nl\/wp-content\/uploads\/2017\/05\/Carl-Indi\u00eb.jpg 400w\" sizes=\"auto, (max-width: 482px) 100vw, 482px\" \/><em><span style=\"font-family: georgia, palatino, serif; font-size: 10pt;\">Marieke, v\u00f3\u00f3r haar moeder in Nederlands-Indi\u00eb\u00a0<\/span><\/em><\/td>\n<\/tr>\n<tr style=\"height: 10px;\">\n<td style=\"text-align: center; width: 148.25%; height: 10px;\" colspan=\"5\"><\/td>\n<\/tr>\n<tr style=\"height: 28px;\">\n<td style=\"background-color: #d5e8eb; text-align: center; height: 23px; width: 148.25%;\" colspan=\"5\"><strong><span style=\"color: #000000; font-size: 12pt;\"><span style=\"font-family: georgia, palatino, serif;\">LEVENSLOOP<a id=\"levensloop\"><\/a><\/span><\/span><\/strong><\/td>\n<\/tr>\n<tr style=\"height: 84px;\">\n<td style=\"background-color: #ffffff; width: 148.25%; text-align: left; height: 23px;\" colspan=\"5\"><span style=\"color: #000000; font-size: 12pt;\"><span style=\"font-family: georgia, palatino, serif;\"><span style=\"color: #000000; font-size: 10pt;\">1943 Na afronding HBS-A en Kweekschool onderwijze\u00adres in Heem\u00adstede;<br \/>\n1945 Onderwijzeres in Bennebroek;<br \/>\n1946 Jan predikant Oudemirdum c.a.;<br \/>\n# Nijemir\u00addum (Gaasterland);<br \/>\n<span style=\"color: #000000;\"><span style=\"font-size: 13.3333px;\">1950 Jan predi\u00adkant Noordwijk-Binnen (opvol\u00adger van broer Frits),<\/span><\/span><br \/>\n# Noordwijk;\u00ad<br \/>\n1954 Jan predikant Amsterdam-West;<br \/>\n# Amsterdam;<br \/>\n1963-1986 Jan predikant te Apel\u00addoorn;<br \/>\n# A\u00adp\u00ade\u00adl\u00add\u00ado\u00ado\u00adrn, Ger\u00adma\u00adnen\u00adlaan 362;<br \/>\n# Soe\u00adren\u00adse\u00adweg 97;<\/span><\/span><\/span><strong><span style=\"color: #000000; font-size: 12pt;\"><span style=\"font-family: georgia, palatino, serif;\"><span style=\"color: #000000; font-size: 10pt;\"><br \/>\n<\/span><\/span><\/span><\/strong><span style=\"color: #000000; font-size: 12pt;\"><span style=\"font-family: georgia, palatino, serif;\"><span style=\"color: #000000; font-size: 10pt;\">09-07-2007 # Woon en Zorgcentrum Goede Rede 407, Robijnstraat 8.<\/span><\/span><\/span><\/td>\n<\/tr>\n<tr style=\"height: 28px;\">\n<td style=\"background-color: #d5e8eb; text-align: center; height: 28px; width: 148.25%;\" colspan=\"5\"><span style=\"color: #000000; font-size: 12pt;\"><span style=\"font-family: georgia, palatino, serif;\"><strong>KRANTEN<a id=\"kranten\"><\/a><\/strong><\/span><\/span><\/td>\n<\/tr>\n<tr style=\"height: 28px;\">\n<td style=\"background-color: #ffffff; text-align: center; width: 148.25%; height: 28px;\" colspan=\"5\"><img loading=\"lazy\" decoding=\"async\" class=\"wp-image-58753 aligncenter\" src=\"https:\/\/meijenfeldt.nl\/wp-content\/uploads\/2023\/08\/Overlijdensadvertentie-Marieke-84x300.jpg\" alt=\"\" width=\"282\" height=\"1007\" \/><\/td>\n<\/tr>\n<tr style=\"height: 28px;\">\n<td style=\"background-color: #d5e8eb; text-align: center; height: 28px; width: 148.25%;\" colspan=\"5\"><span style=\"color: #000000; font-size: 12pt;\"><span style=\"font-family: georgia, palatino, serif;\"><strong>DOCUMENTEN<a id=\"documenten\"><\/a><\/strong><\/span><\/span><\/td>\n<\/tr>\n<tr style=\"height: 28px;\">\n<td style=\"background-color: #f2f1e1; width: 148.25%; height: 28px;\" colspan=\"5\"><span style=\"font-family: georgia, palatino, serif; font-size: 10pt; color: #0000ff;\"><a style=\"color: #0000ff;\" href=\"https:\/\/meijenfeldt.nl\/wp-content\/uploads\/2023\/08\/Overlijdenskaart-Jan.pdf\">Overlijdenskaart Jan<\/a><\/span><\/td>\n<\/tr>\n<tr style=\"height: 56px;\">\n<td style=\"width: 14.3939%; height: 12px;\"><\/td>\n<td style=\"height: 12px; width: 106.735%;\" colspan=\"3\"><\/td>\n<td style=\"width: 27.1212%; height: 12px;\"><\/td>\n<\/tr>\n<\/tbody>\n<\/table>\n","protected":false},"excerpt":{"rendered":"<p>PERSOONSDOSSIER \u2190 Stamboom\u00a0 \u00a0*** \u00a0 \u2193 Portretten\u00a0 \u00a0***\u00a0 \u00a0 \u2193 Levensloop\u00a0 \u00a0***\u00a0 \u2193 Kranten\u00a0 \u00a0***\u00a0 \u00a0\u2193 Documenten GENEALOGIE Nk.25. Maria (Marieke) von Meijenfeldt, * Probolinggo (N-I) 12-05-1923, \u2020 Apeldoorn 13-03-2012, \u221e Heem\u00adstede 18-09-1946 Jan Wierse\u00adma, * 09-04-1921, \u2020 Apeldoorn 22-04-1996, predikant, zoon van Garbrand Siert Wiersema (1881-1960) en Grietje van den Bosch (1888-1970), zes kinderen: &hellip; <a href=\"https:\/\/meijenfeldt.nl\/?page_id=58741\" class=\"more-link\">Verder lezen <span class=\"screen-reader-text\">Nk.25. Marieke<\/span><\/a><\/p>\n","protected":false},"author":1,"featured_media":0,"parent":0,"menu_order":0,"comment_status":"closed","ping_status":"closed","template":"","meta":{"footnotes":""},"class_list":["post-58741","page","type-page","status-publish","hentry"],"_links":{"self":[{"href":"https:\/\/meijenfeldt.nl\/index.php?rest_route=\/wp\/v2\/pages\/58741","targetHints":{"allow":["GET"]}}],"collection":[{"href":"https:\/\/meijenfeldt.nl\/index.php?rest_route=\/wp\/v2\/pages"}],"about":[{"href":"https:\/\/meijenfeldt.nl\/index.php?rest_route=\/wp\/v2\/types\/page"}],"author":[{"embeddable":true,"href":"https:\/\/meijenfeldt.nl\/index.php?rest_route=\/wp\/v2\/users\/1"}],"replies":[{"embeddable":true,"href":"https:\/\/meijenfeldt.nl\/index.php?rest_route=%2Fwp%2Fv2%2Fcomments&post=58741"}],"version-history":[{"count":8,"href":"https:\/\/meijenfeldt.nl\/index.php?rest_route=\/wp\/v2\/pages\/58741\/revisions"}],"predecessor-version":[{"id":58799,"href":"https:\/\/meijenfeldt.nl\/index.php?rest_route=\/wp\/v2\/pages\/58741\/revisions\/58799"}],"wp:attachment":[{"href":"https:\/\/meijenfeldt.nl\/index.php?rest_route=%2Fwp%2Fv2%2Fmedia&parent=58741"}],"curies":[{"name":"wp","href":"https:\/\/api.w.org\/{rel}","templated":true}]}}