{"id":57911,"date":"2023-08-12T14:27:27","date_gmt":"2023-08-12T14:27:27","guid":{"rendered":"https:\/\/meijenfeldt.nl\/?page_id=57911"},"modified":"2023-08-12T14:27:27","modified_gmt":"2023-08-12T14:27:27","slug":"kelch","status":"publish","type":"page","link":"https:\/\/meijenfeldt.nl\/?page_id=57911","title":{"rendered":"Kelch"},"content":{"rendered":"<p><span style=\"font-family: georgia, palatino, serif; font-size: 14pt; color: #000000;\"><strong>Christian Kelch, \u201cLiefl\u00e4ndische Historia&#8221;, deel 2, &#8220;Continuation 1690-1707\u201d, Dorpat 1875, nach der Originalhandschrift.<\/strong><\/span><\/p>\n<p><span style=\"color: #0000ff; font-size: 10pt;\"><a style=\"color: #0000ff;\" href=\"https:\/\/play.google.com\/books\/reader?id=gARpU7vxOTkC&amp;pg=GBS.PA620&amp;hl=nl\">pag. 620<\/a>\u00a0<span style=\"color: #000000;\">(index)<\/span><\/span><\/p>\n<p><span style=\"color: #000000; font-family: georgia, palatino, serif; font-size: 10pt;\">Meyerfeld , Schwed . Obristlieut . , Obrist . pg . 228 , 249 , 300 . <\/span><br \/>\n<span style=\"color: #000000; font-family: georgia, palatino, serif; font-size: 10pt;\">Schwed . Obristlieut . und Commandant zu Selburg . pg . 354 , 434 . <\/span><br \/>\n<span style=\"color: #000000; font-family: georgia, palatino, serif; font-size: 10pt;\">Augustus , Schwed . General &#8211; Major . pg 479 , 480 , 495 , 496 , 497 , 498 , 526<\/span><\/p>\n<p><span style=\"font-family: georgia, palatino, serif; font-size: 10pt;\"><span style=\"color: #0000ff;\"><a style=\"color: #0000ff;\" href=\"https:\/\/play.google.com\/books\/reader?id=gARpU7vxOTkC&amp;pg=GBS.PA228&amp;hl=nl\">Pag. 228-229<\/a><\/span> (Birsen, 24 juli 1701)<\/span><\/p>\n<p><span style=\"font-family: georgia, palatino, serif; font-size: 10pt;\">Und damit man seinen Ernst hierinne so viel mehr merken sollte , schickete er den 24. Julii den Obrist-Lieut. Meyerfelden abermal mit zwey hundert Pferden, das vorige Begehren zu wiederholen und bey Er haltung einer widrigen Antwort Birsen zu berennen und solches nach dem Lager zu berichten . Wie aber ofterwehnter Polnischer Gouverneur in einem submissen Schreiben von h\u00f6chstermeldetem K\u00f6nige so lange Dilation begehrete, dass er mit dem in der N\u00e4he herumbwohnenden Adel sich dieser Sache wegen bereden k\u00f6nnt , willigte derselbe auch hierinne, liess aber doch auf allen Fall den Oberst Rosen mit seinem Regimente sich dem Orte n\u00e4hern , selber aber r\u00fcckete er mit der Armee nach Bauske , nahm zu seiner Si cherheit den Ort ( welcher den vorigen Tag nach geschehener Auf forderung von der Besatzung einger\u00e4umet worden ) , in Possess und liess den Anfang machen , das Schloss besser zu fortificiren . Wie aber der Gouverneur zu Birsen noch ferner Difficult\u00e4ten machen wollte , wegen Ausantwortung der vielf\u00e4ltig vorher genannten Dinge , so wurde Gen. &#8211; Major Posse noch mit drey Bataillonen detachiret , sich mit denen vorher dahin commandireten zu conjungiren und das Verlangte ohne weitere Ceremonien wegzunehmen . Alleine ehe dieser nach Birsen kam , hatte wohlgedachter Gouverneur Gual kowsky auf ernstliches Zureden der benachbarten Edelleute alles ausgeliefert und wurden demnach vier 24 pf\u00fcndige und zwey 12pf\u00fcn dige gar sch\u00f6ne metallene Canonen und 32 neue blecherne Pon tonen mit geh\u00f6rigen Ammunitionswagen , Tragsatteln , Vorsiehlen ( Seile Vorspann ) und dergleichen Ger\u00e4the mehr nach Bauske ins Lager ge bracht . Solchermassen nun hatten die Sachsen in wenig Tagen nicht nur alles , was sie in f\u00fcnf Viertel Jahren aus Liefland geraubet , sondern was sie auch nach selbem mit sich gebracht und insonderheit eine Artillerie von 110 grossen und kleinen , mehrentheils metallenen St\u00fccken und sechs Feuerm\u00f6rseln im Stiche lassen und sowohl Cur als Liefland bis auf die D\u00fcnaschantze verlaufen m\u00fcssen . Wie sie denn , kahl und blos und sehr zerschossen , ihre Retirade ohne sich viel umbzusehen , bis nach dem Dantziger Werder nahmen und von dar nach Sachsen gingen \u00b9 ) .<br \/>\n1 ) Hier hatte Kelch hinzugef\u00fcgt dann aber durchgestrichen : und nun aus der Erfahrung lerneten , wahr zu seyn , was sie vordeme nicht glauben wollen , dass nehmlich hitzige und verwegene Anschl\u00e4ge sch\u00f6n und angenehm , im Fortgang be schwerlich , im Ausgange insgemein sehr traurig . cfr . das Motto zu Hermelin&#8217;s Untersuchung derer Ursachen etc.<br \/>\n<\/span><\/p>\n<p><span style=\"color: #0000ff;\"><a style=\"color: #0000ff;\" href=\"https:\/\/play.google.com\/books\/reader?id=gARpU7vxOTkC&amp;pg=GBS.PA248&amp;hl=nl\"><span style=\"font-size: 10pt;\">Pag. 248-249<\/span><\/a><\/span><\/p>\n<p><span style=\"font-size: 10pt;\">Den 27. Nov. schickete vorgemeldeter Woywode Oginsky einen Rittmeister , Du leffsky genannt , mit 250 Mann abermal in des Sapiehae G\u00fcter einen Einfall zu thun ; wie ihm aber , ehe er sein Dessein ausf\u00fchren konnte , der Oberst &#8211; Lieut . Meyerfeld und Major Sygrod mit 100 Dragonern und 60 Reutern auf die Haut kamen , musste erwehnter Rittmeister und etliche 30 Gemeine ihr Leben einb\u00fcssen , die \u00fcbrigen aber mit Hinterlassung vieler Bagagie die Flucht nehmen ,\u00a0<\/span><\/p>\n<p><span style=\"color: #0000ff;\"><a style=\"color: #0000ff;\" href=\"https:\/\/play.google.com\/books\/reader?id=gARpU7vxOTkC&amp;pg=GBS.PA300&amp;hl=nl\"><span style=\"font-family: georgia, palatino, serif; font-size: 10pt;\">Pag. 300<\/span><\/a><\/span><\/p>\n<p><span style=\"font-family: georgia, palatino, serif; font-size: 10pt;\">Slagorde Klissow<\/span><\/p>\n<p><span style=\"font-family: georgia, palatino, serif; font-size: 10pt;\"><span style=\"color: #0000ff;\"><a style=\"color: #0000ff;\" href=\"https:\/\/play.google.com\/books\/reader?id=gARpU7vxOTkC&amp;pg=GBS.PA354&amp;hl=nl\">Pag. 353-354<\/a><\/span> (Sehlburg 1704, Carl Friedrich)<\/span><\/p>\n<p><span style=\"font-family: georgia, palatino, serif; font-size: 10pt;\">Mit Ausgang des Octobris erhielte der General &#8211; Major und Gouverneur zu Mitau , Grafe Levenhaupt gewisse Kundschaft , dass eine Meylweges hinter Janitzky in einem Litthauischen Dorfe drey Estandarten von des Oginsky Trouppen sich aufhielten ; derhalben schickete er den Obrist &#8211; Lieutenant Peer Bannier und Obrist &#8211; Lieu nant Glasenapp mit 300 Reutern , selbige aufzuheben ; welche auch ihren Anschlag so weit ausf\u00fchreten , dass sie 30 von besagtem Lit thauern niederhieben , 7 , worunter 3 Towarschen , gefangen nahmen und die \u00fcbrigen zerstreueten . Imgleichen ging zu dieser Zeit Obrist Lieutenant Lorentzen mit einigen Reutern l\u00e4ngs der D\u00fcna nach Sehlburg , da ihn der Commendante und Obrist &#8211; Lieutenant Meyerfeld mit 25 Grenadierern verst\u00e4rkete , zu dem Eude , dass er denen in der N\u00e4he stehenden Cosacken eins beibringen sollte , welches er auch dergestalt ins Werck richtete , dass er erstlich der Cosacken Vorwache , so beym Holmhoffischen Kruge stunde und 6 Mann stark war , wegnahme , ohne dass der geringste Allarm daraus entstunde ; nachgehends bey Slabodda die gantze Partey , so aus etwa 500 Pferden bestunde , tapfer attaquirete , einen Offizier von denselben , Schockul genannt , und 18 andere niederhiebe , auch 4 Towarschen gefangen kriegte und etliche Tausend , 4 , 6 bis 12 pf\u00fcndige St\u00fcck kugeln , so sie nach Birsen bringen sollten , erbeutete und nach Sehlburg f\u00fchren liess .\u00a0<\/span><\/p>\n<p><span style=\"color: #0000ff;\"><a style=\"color: #0000ff;\" href=\"https:\/\/play.google.com\/books\/reader?id=gARpU7vxOTkC&amp;pg=GBS.PA434&amp;hl=nl\"><span style=\"font-family: georgia, palatino, serif; font-size: 10pt;\">Pag. 434<\/span><\/a> <span style=\"color: #000000; font-family: georgia, palatino, serif; font-size: 10pt;\">(Carl Friedrich)<\/span><\/span><\/p>\n<p><span style=\"font-family: georgia, palatino, serif; font-size: 10pt;\">Hierauf fing der Obriste Stackelberg , der vor dem rechten Fl\u00fcgel zu stehen kam , tapfer an mit dem Feinde zu treffen und der Obrist Wennerst\u00e4d und Obrist-Lieut. Meyerfeld, die am linken Fl\u00fcgel commandireten , thaten dergleichen und die Schwedische Canonen , die fleissig und tapfer gingen , thaten dem Feinde merklichen Schaden ; da im Gegentheil die feindlichen Canonen ohne sonderlichen Effect gebrauchet wurden .<\/span><\/p>\n<p><span style=\"color: #0000ff;\"><a style=\"color: #0000ff;\" href=\"https:\/\/play.google.com\/books\/reader?id=gARpU7vxOTkC&amp;pg=GBS.PA478&amp;hl=nl\"><span style=\"font-family: georgia, palatino, serif; font-size: 10pt;\">Pag. 479<\/span><\/a><\/span><\/p>\n<p><span style=\"font-family: georgia, palatino, serif; font-size: 10pt;\">Es hatte der K\u00f6nig von Schweden bey seinem Aufbruche von Blonie nicht nur seine hochansehnliche Commissarien , als gedachten General &#8211; Lieutenant Horn , den Etats &#8211; Secretarium Wagschlagern und den Vice &#8211; Praesidenten Palmberg in Warschau hinterlassen , mit denen confoederirten Polen die angefangene Tractaten fortzusetzen und diesen hatte er ohngef\u00e4hr 900 Mann zu ihrer Sicherheit zugeordnet ; auch hatte h\u00f6chstgedachter K\u00f6nig den Gen.-Major Augustum Meyerfelden mit 2 Regimenter Dragoner und 1 Regimente Reuter in Gross &#8211; Polen gelassen mit der Ordre , sich auf K\u00f6niges Stanislai Erfordern mit demselben zu conjungiren .<\/span><\/p>\n<p><span style=\"color: #0000ff;\"><a style=\"color: #0000ff;\" href=\"https:\/\/play.google.com\/books\/reader?id=gARpU7vxOTkC&amp;pg=GBS.PA480&amp;hl=nl\"><span style=\"font-family: georgia, palatino, serif; font-size: 10pt;\">Pag. 480<\/span><\/a><\/span><\/p>\n<p><span style=\"font-family: georgia, palatino, serif; font-size: 10pt;\">Da nun K\u00f6nig Stanislaus mittlerzeit Nachricht erhielte , dass K\u00f6nig Friedericus Augustus mit seiner gantzen Force wieder \u00fcber die Weichsel gekommen w\u00e4re , kehrete er von seinem nach Gross Polen vorhabenden Marche wieder zur\u00fccke nach Warschau ; wodurch seine Conjunction mit dem General-Major Meyerfelden und Aufbrin gung des Adels und mehrerer Mannschaft zur\u00fccke ginge .<\/span><\/p>\n<p><span style=\"color: #0000ff;\"><a style=\"color: #0000ff;\" href=\"https:\/\/play.google.com\/books\/reader?id=gARpU7vxOTkC&amp;pg=GBS.PA494&amp;hl=nl\"><span style=\"font-family: georgia, palatino, serif; font-size: 10pt;\">Pag. 495-498<\/span><\/a><\/span><\/p>\n<p><span style=\"font-family: georgia, palatino, serif; font-size: 10pt;\">Denn ( damit wir diesem allen k\u00fcrtzlich beyf\u00fcgen was sonsten in Polen vorgegangen ) so hatte h\u00f6chstge dachter K\u00f6nig zu Schweden , da er von Blonie aufgebrochen war , wie vorgemeldet , den General &#8211; Major Meyerfeldten mit dessen eigenem Dragoner &#8211; Regimente , imgleichen den Obristen Taube mit seinen Dragonern , und des Obristen Gustav Horns Schonisches Reuter Regimente in Hoch &#8211; Polen hinterlassen , mit der Ordre , K\u00f6nige Stanislao Assistence zu leisten und zugleiche auch auf den neuen aus Sachsen ankommenden Succurs , der vor 18,000 Manu ausgerufen wurde ( in der That aber 10 bis 12,000 Mann stark seyn mochte ) Acht zu haben . Es war kein Zweyfel , dass dieser neuen S\u00e4chsischen Armee ihr Absehen gewesen war , sich mit ihrem K\u00f6nige Friederico Augusto zu conjungiren . Wiewohl ihnen nun der K\u00f6nig dies Concept ver r\u00fcckete , so kamen dieselben nichts desto weniger nach Hoch &#8211; Polen und fingen darinnen an h\u00e4sslich zu handthieren . Nun schriebe zwar K\u00f6nig Stanislaus an gedachten General &#8211; Major Meyerfeldten , dass er mit der Kron &#8211; Armee , seinen eigenen Compagnien und mit einer ansehnlichen Macht des Adels , welcher auf seine Ann\u00e4herung auf zusitzen versprochen , mit erstem zu ihm stossen wollte , und alsodenn in dem Stand zu seyn verhoffete , die Sachsen anzugreifen , auch Warschau genugsam zu bedecken . Wie nun aber K\u00f6nig Friedrich Augustus unvermuthlich nach Warschau kame , musste K\u00f6nig Sta nislaus andere Consilia fassen , und wurde also General &#8211; Major Meyerfeld allein gelassen . Sobalde nun der General &#8211; Lieutenant Schulenburg , der obgedachten S\u00e4chsischen Succurs commandirete , von gedachten General &#8211; Major Meyerfeldts St\u00e4rke und Lagerung unter Posen Kundschaft erhielt , gedachte er ihn und die Stadt Posen zu \u00fcberrumpeln . Zu solchem Ende kam er den 19. Augusti mit anbrechendem Tage , etwa 3500 Mann stark anger\u00fccket , fand aber den General &#8211; Major Meyerfeld in guter Bereitschaft , und ob er zwar demselben an Kr\u00e4ften \u00fcberlegen , so wurde er doch vonbigem tapfer empfangen und allenthalben repoussiret . Wie aber einige Schwedische Trouppen , die in die Flucht gebrachte Sachsen zu weit verfolgeten und sich also selber von einander schieden , bekame der General &#8211; Lieutenant Schulenburg Zeit mit der Infanterie und der dabey gebliebenen \u00fcbrigen Cavallerie dergestalt hart auf die 150 Mann aus der Posenschen Guarnison und daran ge schlossene Schwedische Cavallerie zu dringen , dass sie sich aus dem Lager unter die Stadtmauren ziehen mussten , bis die \u00fcbrigen Trouppen , welche den einen Fl\u00fcgel vom Feinde ver folgeten , wieder zur\u00fccke kamen ; da sie sich denn zusammen f\u00fcgeten und die Sachsen aus dem Lager wieder herausschlugen und ihnen so zusetzeten , dass sie nicht einmal die St\u00fccken , so sie im Lager gefunden hatten , vielweniger andere Beute mit sich nehmen konnten , sondern noch ein gut Theil ihrer Mannschaft im Stiche lassen m\u00fcssen . Nach dieser Action ging der General &#8211; Major Meyer feld nach Lowitz und f\u00fchrete von da ab den Cardinal und Primaten ( der nicht in geringer Gefahr war , gefangen zu werden ) nach Thoren , woselbst ihme die Sachsen so nahe kamen , dass sie einen Versuch thaten , \u00fcber die Thorensche Br\u00fccke zu gehen ; von deme auf dem Holme commandirenden Schwedischen Offizier ab\u00e9r tapfer abgetrie ben wurden . Mittlerzeit dieses geschahe berennete der General &#8211; Lieutenant Schulenburg die Stadt Posen , zoge aber auf erhaltene Ordre nach 14 Tagen wieder ab und conjungirete sich mit seinem K\u00f6nige . General &#8211; Major Meyerfeld aber zoge sich nach der Sachsen Abzuge wiederumb unter Posen , im Fall der Noth die schwache Guarnison in Posen zu verst\u00e4rken . Wie er nun bey seiner Ankunft zu Posen vernahm , dass die vom K\u00f6nige Friederico Augusto versammlete Pospolitie , oder Polnischer Aufbot der Adelschaft , 3 Meylen von dar sich gelagert h\u00e4tte , \u00fcberfiel er dieselbe unvermuthlich , erschlug etliche 100 und bekam , nebst einigen Gefangenen , reiche Beute an sch\u00f6nen Pferden und anderen Sachen , auch 12 Paar Paucken und des Generals Insigne , so er mit sich nach Posen brachte . Balde nach diesem kam der General &#8211; Lieutenant Brandt abermal die Stadt Posen zu berennen und wurde man seiner jenseits der Warthe gewahr eben an einem Tage , da die Schweden alle Mannschaft bis auf 3 oder 400 Mann zu fouragiren ausgesandt hatten . Diesen Fouragirern hatte der General &#8211; Lieutenant Brandt auf einer andern Strassen eine Partey Polen von 2000 Pferden nachgesandt , selber aber begunte er sich im Angesichte der Stadt \u00fcber den Warthe strom zu ziehen . Der General &#8211; Major Meyerfeld , der sowohl die Fouragirer gerne retten , als auch dem Feinde Abbruch thun wollte , r\u00fcckete mit seiner in der Stadt gebliebenen Mannschaft , ohngef\u00e4hr 350 Mann stark , heraus und wiewohl er bereits 18 Esquadrons \u00fcbergesetzet vor sich funde , so attaquirete er doch dieselbe in vollem Galoppe , brachte sie in Unordnung und triebe sie zur\u00fccke \u00fcber den Fluss , wobey eine ansehnliche Zahl der Feinde an und in dem Flusse erschossen wurde , im Angesichte des General &#8211; Lieutenanten Brandts , der , annoch etwa mit 5000 Mann jenseits des Stroms stehend , sehr ungeduldig wurde \u00fcber das schlechte Verhalten seiner Leute . Der General &#8211; Major Meyerfeld aber setzete sich nach dieser geendigten Action an eincm vortheilhaften Orte gegen\u00fcber und wartete so lange , bis seine ausgesandte Fouragirer gl\u00fccklich zur\u00fccke kamen ; denn da die Polen Nachricht erhalten hatten von deme , was an der Warthe passirete , da hatten sie keine Lust weiter die Fouragirer aufzusuchen , sondern eyleten zur\u00fccke und kamen wieder zum grossen Haufen . Auch versuchete der General &#8211; Lieutenant Brandt nicht mehr an diesem Orte \u00fcberzukommen , sondern zoge sich eine Meyle weiter hinauf , woselbst eine ankommende Reus sische Armee zu ihm stiesse , bey welcher als General &#8211; Lieutenant des . Reussischen Czaaren das Commando f\u00fchrete der bekannte Lief l\u00e4nder Johan Reinhold Patkul . Weil denn nun der Stadt Posen eine Belagerung vorstunde , so r\u00fcckete der General &#8211; Major Meyerfeld , welcher bishero in der Vorstadt gestanden hatte , die Guarnison zu verst\u00e4rken in die Stadt hinein , in welcher das Ober &#8211; Commando f\u00fchrete der General &#8211; Major Marderfeld , der seiner guten Conduite wegen bey der gantzen Schwedischen Armee in grossem Aestim war ; der sich auch bey dieser Belagerung recht r\u00fchmlich hielte , indem er alles thate , was zu Erhaltung dieser sonst gar schlecht beschaffenen Festung dien lich war und insonderheit , da die Belagerer mit ihren Canonen 3 solche Brechen in die Mauren macheten , dass dadurch ein Bataillon en fronte h\u00e4tte einmachiren k\u00f6nnen , sich mit guten Abschnitten der gestalt verwahrete und sonsten in allem so r\u00fchmliche Anstalt machete , dass die Guarnison sich wohl trauete einen Sturm abzu halten . Wie nun nach 4 w\u00f6chentlicher Belagerung vorbenannter General &#8211; Lieutenant Johan Reinhold Patkul durch ein Schreiben an wohlgedachten General &#8211; Major Meyerfeld die Stadt zur Uebergabe aufforderte , wollte derselbe sich mit ihme , als mit einem Menschen , der verurtheilet und infam und also civiliter todt , in keinen Brief wechsel einlassen , oder ihme eine Antwort w\u00fcrdigen . Wannenhero Herr Patkul ein Paar Offizierer hineinsandte , erwehnten Ober &#8211; Com mendanten zur Uebergabe der Stadt zu ermahnen . Da nun dieser zur Antwort ertheilete , dass ihn keine Noth zur Uebergabe zwinge , sondern dass er vielmehr , wenn sie einen Sturm versuchen wollten , sie geb\u00fchrlich zu bewillkommen ged\u00e4chte , so wurde in der folgen gen Nacht die Belagerung aufgehoben ; da denn der Obriste Taube denen Abgezogenen des folgenden Tages nachginge und noch viele niedermachete , auch eine Partey Gefangene mitbrachte . Nach diesem zoge der General &#8211; Major Meyerfeld , dessen Detachement bey Anfange dieser Campagne 2300 Mann stark gewesen , mit noch mehr als 1900 Mann wieder aus Posen aus ; dass er also in den unterschie denen scharfen Actionen und was ihme sonsten auf andere Weise abgegangen war , nicht 400 Mann verloren hatte .<\/span><\/p>\n<p><span style=\"color: #0000ff;\"><a style=\"color: #0000ff;\" href=\"https:\/\/play.google.com\/books\/reader?id=gARpU7vxOTkC&amp;pg=GBS.PA526&amp;hl=nl\"><span style=\"font-family: georgia, palatino, serif; font-size: 10pt;\">Pag. 526-527<\/span><\/a><\/span><\/p>\n<p><span style=\"font-family: georgia, palatino, serif; font-size: 10pt;\">Nachdem nun die Armee \u00fcber 14 Tage besagter massen can toniret hatte , da commandirete der K\u00f6nig von Schweden seinen General &#8211; Majoren Augustum Meyerfeldten mit einer Partey von 2000 Pferden an einen Pass , sowohl des Feindes Vorhaben zu erforschen , als auch dessen Dragoner , welche theils wegen ihrer eigenen Fou rage , theils aber Victualien und andere Nothdurft nach Grodnau zu schaffen ausgeschicket waren , zu vertreiben . Es trafe auch wohl gedachter General &#8211; Major balde nach seinem Ausgange auf eine Reussische Partey , die 1500 Pferde stark war und unter des Obristen Stoltz&#8217;s Commando stunde , die er weidlich klopfete und bis unter die St\u00fccke vor Grodnau verfolgete ; nachgehends etliche 70 Gefangene und mehr als 1000 Reussische Pferde und andere Beute mehr mit sich zur\u00fccke brachte .\u00a0<\/span><\/p>\n","protected":false},"excerpt":{"rendered":"<p>Christian Kelch, \u201cLiefl\u00e4ndische Historia&#8221;, deel 2, &#8220;Continuation 1690-1707\u201d, Dorpat 1875, nach der Originalhandschrift. pag. 620\u00a0(index) Meyerfeld , Schwed . Obristlieut . , Obrist . pg . 228 , 249 , 300 . Schwed . Obristlieut . und Commandant zu Selburg . pg . 354 , 434 . Augustus , Schwed . General &#8211; Major . &hellip; <a href=\"https:\/\/meijenfeldt.nl\/?page_id=57911\" class=\"more-link\">Verder lezen <span class=\"screen-reader-text\">Kelch<\/span><\/a><\/p>\n","protected":false},"author":1,"featured_media":0,"parent":0,"menu_order":0,"comment_status":"closed","ping_status":"closed","template":"","meta":{"footnotes":""},"class_list":["post-57911","page","type-page","status-publish","hentry"],"_links":{"self":[{"href":"https:\/\/meijenfeldt.nl\/index.php?rest_route=\/wp\/v2\/pages\/57911","targetHints":{"allow":["GET"]}}],"collection":[{"href":"https:\/\/meijenfeldt.nl\/index.php?rest_route=\/wp\/v2\/pages"}],"about":[{"href":"https:\/\/meijenfeldt.nl\/index.php?rest_route=\/wp\/v2\/types\/page"}],"author":[{"embeddable":true,"href":"https:\/\/meijenfeldt.nl\/index.php?rest_route=\/wp\/v2\/users\/1"}],"replies":[{"embeddable":true,"href":"https:\/\/meijenfeldt.nl\/index.php?rest_route=%2Fwp%2Fv2%2Fcomments&post=57911"}],"version-history":[{"count":2,"href":"https:\/\/meijenfeldt.nl\/index.php?rest_route=\/wp\/v2\/pages\/57911\/revisions"}],"predecessor-version":[{"id":57913,"href":"https:\/\/meijenfeldt.nl\/index.php?rest_route=\/wp\/v2\/pages\/57911\/revisions\/57913"}],"wp:attachment":[{"href":"https:\/\/meijenfeldt.nl\/index.php?rest_route=%2Fwp%2Fv2%2Fmedia&parent=57911"}],"curies":[{"name":"wp","href":"https:\/\/api.w.org\/{rel}","templated":true}]}}