{"id":57623,"date":"2023-08-09T07:56:44","date_gmt":"2023-08-09T07:56:44","guid":{"rendered":"https:\/\/meijenfeldt.nl\/?page_id=57623"},"modified":"2023-08-09T08:35:17","modified_gmt":"2023-08-09T08:35:17","slug":"z","status":"publish","type":"page","link":"https:\/\/meijenfeldt.nl\/?page_id=57623","title":{"rendered":"Z"},"content":{"rendered":"<p><span style=\"color: #000000; font-size: 10pt;\"><span style=\"color: #0000ff;\"><a style=\"color: #0000ff;\" href=\"https:\/\/meijenfeldt.nl\/\">FAMILIE<\/a><\/span>\u00a0\/\u00a0<span style=\"color: #0000ff;\"><a style=\"color: #0000ff;\" href=\"https:\/\/meijenfeldt.nl\/?page_id=51152\">BIBLIOTHEEK<\/a>\u00a0<\/span>\/\u00a0<a style=\"color: #000000;\" href=\"https:\/\/meijenfeldt.nl\/?page_id=217\"><span style=\"color: #0000ff;\">LITERATUUR<\/span><\/a> \/ AUTEURS Z<\/span><\/p>\n<p><span style=\"font-size: 12pt;\"><span style=\"color: #000000;\">M. <b>Zanders<\/b>, \u201cOfficersm\u00e4ssen. Norbotten Regemente och Norrbottensbrigaden. Chefer och portr\u00e4tt samt vigtigare traditionsf\u00f6rem\u00e5l p\u00e5 officiersm\u00e4ssen\u201d, 1986, Johan August Meijerfelt 1770-1779, pag. 21. &#x2663;<br \/>\n<\/span><span style=\"color: #000000;\">L. von<strong>\u00a0Zedlitz-Neukirch<\/strong>, \u201cNeues Preussisches Adels-Lexicon, oder genealogische und diplomatische Nachrichten\u201d, Leipzig 1837, deel 3, <span style=\"color: #0000ff;\"><a style=\"color: #0000ff;\" href=\"https:\/\/books.google.nl\/books?id=rBFaAAAAcAAJ&amp;pg=PA406&amp;lpg=PA406&amp;dq=Zedlitz-Neukirch,+%E2%80%9CNeues+Preussisches+Adels-Lexicon+meyerfeld&amp;source=bl&amp;ots=YbiKVTfgs-&amp;sig=ACfU3U1_ITEZtmmDSvW9Vi321r4JI7Hj0g&amp;hl=nl&amp;sa=X&amp;ved=2ahUKEwj_wZWRy_3tAhVRPuwKHfg6AWUQ6AEwD3oECAcQAg#v=onepage&amp;q=Zedlitz-Neukirch%2C%20%E2%80%9CNeues%20Preussisches%20Adels-Lexicon%20meyerfeld&amp;f=false\">pag. 406<\/a><\/span>.<\/span><\/span><\/p>\n","protected":false},"excerpt":{"rendered":"<p>FAMILIE\u00a0\/\u00a0BIBLIOTHEEK\u00a0\/\u00a0LITERATUUR \/ AUTEURS Z M. Zanders, \u201cOfficersm\u00e4ssen. Norbotten Regemente och Norrbottensbrigaden. Chefer och portr\u00e4tt samt vigtigare traditionsf\u00f6rem\u00e5l p\u00e5 officiersm\u00e4ssen\u201d, 1986, Johan August Meijerfelt 1770-1779, pag. 21. &#x2663; L. von\u00a0Zedlitz-Neukirch, \u201cNeues Preussisches Adels-Lexicon, oder genealogische und diplomatische Nachrichten\u201d, Leipzig 1837, deel 3, pag. 406.<\/p>\n","protected":false},"author":1,"featured_media":0,"parent":0,"menu_order":0,"comment_status":"closed","ping_status":"closed","template":"","meta":{"footnotes":""},"class_list":["post-57623","page","type-page","status-publish","hentry"],"_links":{"self":[{"href":"https:\/\/meijenfeldt.nl\/index.php?rest_route=\/wp\/v2\/pages\/57623","targetHints":{"allow":["GET"]}}],"collection":[{"href":"https:\/\/meijenfeldt.nl\/index.php?rest_route=\/wp\/v2\/pages"}],"about":[{"href":"https:\/\/meijenfeldt.nl\/index.php?rest_route=\/wp\/v2\/types\/page"}],"author":[{"embeddable":true,"href":"https:\/\/meijenfeldt.nl\/index.php?rest_route=\/wp\/v2\/users\/1"}],"replies":[{"embeddable":true,"href":"https:\/\/meijenfeldt.nl\/index.php?rest_route=%2Fwp%2Fv2%2Fcomments&post=57623"}],"version-history":[{"count":2,"href":"https:\/\/meijenfeldt.nl\/index.php?rest_route=\/wp\/v2\/pages\/57623\/revisions"}],"predecessor-version":[{"id":57672,"href":"https:\/\/meijenfeldt.nl\/index.php?rest_route=\/wp\/v2\/pages\/57623\/revisions\/57672"}],"wp:attachment":[{"href":"https:\/\/meijenfeldt.nl\/index.php?rest_route=%2Fwp%2Fv2%2Fmedia&parent=57623"}],"curies":[{"name":"wp","href":"https:\/\/api.w.org\/{rel}","templated":true}]}}