{"id":57621,"date":"2023-08-09T07:55:58","date_gmt":"2023-08-09T07:55:58","guid":{"rendered":"https:\/\/meijenfeldt.nl\/?page_id=57621"},"modified":"2023-08-09T08:34:42","modified_gmt":"2023-08-09T08:34:42","slug":"w","status":"publish","type":"page","link":"https:\/\/meijenfeldt.nl\/?page_id=57621","title":{"rendered":"W"},"content":{"rendered":"<p><span style=\"color: #000000; font-size: 10pt;\"><span style=\"color: #0000ff;\"><a style=\"color: #0000ff;\" href=\"https:\/\/meijenfeldt.nl\/\">FAMILIE<\/a><\/span>\u00a0\/\u00a0<span style=\"color: #0000ff;\"><a style=\"color: #0000ff;\" href=\"https:\/\/meijenfeldt.nl\/?page_id=51152\">BIBLIOTHEEK<\/a>\u00a0<\/span>\/\u00a0<a style=\"color: #000000;\" href=\"https:\/\/meijenfeldt.nl\/?page_id=217\"><span style=\"color: #0000ff;\">LITERATUUR<\/span><\/a> \/ AUTEURS W<\/span><\/p>\n<p style=\"text-align: justify;\"><span style=\"font-size: 12pt;\"><span style=\"color: #000000;\">A.C. <strong><a style=\"color: #000000;\" href=\"https:\/\/www.delpher.nl\/nl\/boeken1\/gview?query=meyerfeld&amp;page=3&amp;coll=boeken1&amp;identifier=lvxaAAAAcAAJ\"><span style=\"color: #0000ff;\">Wackerbarth<\/span><\/a><\/strong>, \u201cLeben und Thaten des Welt-ber\u00fchmten k\u00f6nigl. pohln. und chur-f\u00fcrstl. s\u00e4chsischen General-Feld=Marschalls (\u2026) Auguste Christoph Wackerbarth\u201d, Dresden 1738.<\/span><span style=\"color: #000000;\"><br \/>\nE. <strong>Wagner<\/strong>, \u201cEuropean Weapons and Warfare 1618-1648\u201d, Londen 1979. &#x2663;<br \/>\nL. <span style=\"color: #0000ff;\"><strong><a style=\"color: #0000ff;\" href=\"https:\/\/meijenfeldt.nl\/wp-content\/uploads\/2023\/01\/Wahlstrom-1.pdf\">Wahlstr\u00f6m<\/a><\/strong><\/span>, &#8220;Nils Reuterholm till Jakob Cronstedt&#8221;, <span style=\"color: #0000ff;\"><a style=\"color: #0000ff;\" href=\"https:\/\/www.familysearch.org\/library\/books\/viewer\/295094\/?offset=&amp;return=1#page=152&amp;viewer=picture&amp;o=&amp;n=0&amp;q=\">PHT 1908<\/a>.<\/span>\u00a0<\/span><\/span><br \/>\n<span style=\"font-size: 12pt;\"><span style=\"color: #000000;\">E.Th. <strong>Walter(-Lund)<\/strong>, \u201cSchwedische Konversations-Grammatik zum Schul- und Privatunterricht\u201d, Heidelberg 1920. &#x2663;<br \/>\nB. <strong>Wedberg<\/strong>, &#8220;Jan Eric (Nibelius) <span style=\"color: #0000ff;\"><a style=\"color: #0000ff;\" href=\"https:\/\/meijenfeldt.nl\/?page_id=11480\"><b>Palmsv\u00e4rd<\/b><\/a><\/span>, Justitier\u00e5d och Vitterlekare, hans sj\u00e4lvbiografi&#8221;, Stockholm 1931, pag. 26 en 118. &#x2663;<br \/>\n<\/span><span style=\"color: #000000;\" data-removefontsize=\"true\" data-originalcomputedfontsize=\"12\">R.-G. <b>Werlich<\/b>, \u201cUniversit\u00e4t und Gesellschaft. Festschrift zur 550-Jahrfeier der Universit\u00e4t Greifswald 1456-2006\u201c, 2 delen, Rostock 2006. &#x2663;<br \/>\nJ.H. <strong>Werner<\/strong>, &#8220;Matrikel \u00f6fwer Sweriges Ridderskap och Adel, Stockholm 1731, <span style=\"color: #0000ff;\"><a style=\"color: #0000ff;\" href=\"https:\/\/babel.hathitrust.org\/cgi\/pt?id=mdp.39015059435514&amp;view=2up&amp;seq=25&amp;size=125\">pag. 5<\/a><\/span><\/span>\u00a0en <span style=\"color: #0000ff;\"><a style=\"color: #0000ff;\" href=\"https:\/\/babel.hathitrust.org\/cgi\/pt?id=mdp.39015059435514&amp;view=2up&amp;seq=99&amp;size=125\">pag. 70<\/a><\/span>.<\/span><br \/>\n<span style=\"color: #000000; font-size: 12pt;\">J.E. <strong>Westin<\/strong>, \u201cFinding Your Roots. The Official Handbook for Heritage Hunters\u201d, New York 1977. &#x2663;<\/span><br \/>\n<span style=\"font-size: 12pt;\"><span style=\"color: #000000;\">B. <b>Westrin<\/b>,<br \/>\n<\/span><span style=\"color: #000000;\">&#8211; \u201cStola S\u00e4teri. Byggnadsminnen in Skaraborg nr. 4\u201d, Nossebro 1986. &#x2663;<br \/>\n<\/span><span style=\"color: #000000;\">&#8211; \u201cMysteriet Meijerfelt. Kring ett portr\u00e4tt p\u00e5 Stola\u201d, Lidk\u00f6pings-Bygden, juli 1996, pag. 18-19 en 46. &#x2663;<br \/>\n<\/span><span style=\"color: #000000;\">P. <span style=\"color: #0000ff;\"><a style=\"color: #0000ff;\" href=\"https:\/\/meijenfeldt.nl\/?page_id=21267\"><b>Wieselgren<\/b><\/a><\/span>, \u201cDelaGardiska Archivet eller Handlingar ur Grefl. DelaGardiska Bibliotheket p\u00e5 L\u00f6ber\u00f6d\u201d, 20 delen, Lund 1831-1843.<\/span><\/span><br \/>\n<span style=\"color: #000000; font-size: 12pt;\">H.A. <strong>van Wijnen<\/strong>, \u201cVorst Willem, het is alles uw schuld!\u201d Oranje en de ondergang van de Republiek bij de omwenteling 1787-1795\u2033, Amsterdam 1987. &#x2663;<br \/>\n<strong>Wikipedia<\/strong>, pagina <span style=\"color: #0000ff;\"><a style=\"color: #0000ff;\" href=\"https:\/\/sv.wikipedia.org\/wiki\/Meijerfeldt\">Meijerfeldt<\/a><\/span>, pagina <span style=\"color: #0000ff;\"><a style=\"color: #0000ff;\" href=\"https:\/\/sv.wikipedia.org\/wiki\/Johan_August_Meijerfeldt_den_%C3%A4ldre\">Johan August Meijerfeldt den \u00e4ldre<\/a><\/span> en pagina <span style=\"color: #0000ff;\"><a style=\"color: #0000ff;\" href=\"https:\/\/sv.wikipedia.org\/wiki\/Johan_August_Meijerfeldt_den_yngre\">Johan August Meijerfeldt den yngre<\/a><\/span>.<br \/>\nN. <strong>Williams<\/strong>, K. <strong>Galbraith<\/strong>, S. <strong>Kokker<\/strong>, &#8220;Estonia, Latvia &amp; Lithuania&#8221;, Lonely Planet. &#x2663;<\/span><br \/>\n<span style=\"color: #000000; font-size: 12pt;\">K. <strong>Winckelsesser<\/strong>, \u201cPommersches Geschlechterbuch\u201d, deel 7, \u201cDeutsches Geschlechterbuch\u201d, deel 145, Limburg a\/d Lahn 1967, <span style=\"color: #0000ff;\"><a style=\"color: #0000ff;\" href=\"https:\/\/archive.org\/details\/deutschesgeschle145grli\/page\/330\/mode\/2up?q=meienfeld\">pag. 330<\/a><\/span>.<\/span><br \/>\n<span style=\"font-size: 12pt;\"><span style=\"color: #000000;\">M.M. van <b>Winter<\/b> (red.), \u201cThe interactions of Amsterdam and Antwerp with the Baltic region 1400-1800\u201d, Leiden 1983. &#x2663;<br \/>\nO.F. <span style=\"color: #0000ff;\"><strong><a style=\"color: #0000ff;\" href=\"https:\/\/meijenfeldt.nl\/wp-content\/uploads\/2022\/09\/Winter.pdf\">Winter<\/a><\/strong><\/span>, &#8220;Repertorium der diplomatischen Vertreter aller L\u00e4nder&#8221;, Graz-K\u00f6ln 1965.<br \/>\n<\/span><span style=\"color: #000000;\">M.E. <strong>Wirtemburg<\/strong>, \u201cMemoires de Maximilien Emanuel, prince de Wirtemburg\u201d, Amsterdam\/Leipzig 1740.<\/span><\/span><br \/>\n<span style=\"font-size: 12pt;\"><span style=\"color: #000000;\">L. <span style=\"color: #0000ff;\"><a style=\"color: #0000ff;\" href=\"https:\/\/meijenfeldt.nl\/?page_id=11728\"><strong>Wisocki-Hochmuth<\/strong><\/a><\/span>, \u201cDagbok af en ingeni\u00f6r-officer\u201d, Lund 1903, KKD deel 2.<br \/>\n<\/span>D. <strong>Witt<\/strong>, R. Knei\u03b2l, T. Sch\u00f6fbeck, S. Hauff, \u201cKirchen an Trebel und Ibitz\u201d, Petersberg 2012. &#x2663;<\/span><br \/>\n<span style=\"color: #000000; font-size: 12pt;\">C. <strong>Wolff<\/strong>, \u201cNoble conceptions of politics in eighteenth-century Sweden (ca 1740-1790)\u201d, Helsinki 2008, pag. 75.<\/span><br \/>\n<span style=\"color: #000000; font-size: 12pt;\">E. <strong><a style=\"color: #000000;\" href=\"https:\/\/books.google.se\/books?id=P99AAAAAcAAJ&amp;pg=PA302&amp;lpg=PA302&amp;dq=Wrangel,+%E2%80%9CKort+Ber%C3%A4ttelse+om+min+usle+lefnad&amp;source=bl&amp;ots=t4FAXTpcLh&amp;sig=ACfU3U0Iuts3bHLzDM-wCcSv9DIUop0-aw&amp;hl=sv&amp;sa=X&amp;ved=2ahUKEwi9zom83KfgAhWSEVAKHb-bDxkQ6AEwAHoECAoQAQ#v=onepage&amp;q=meijerfeldt&amp;f=false\"><span style=\"color: #0000ff;\">Wrangel<\/span><\/a><\/strong>, \u201cKort Ber\u00e4ttelse om min usle lefnad\u201d, in \u201c<a href=\"https:\/\/meijenfeldt.nl\/?page_id=19337\"><span style=\"color: #008000;\">Handlingar<\/span><\/a> r\u00f6rande Skandinaviens Historia\u201d, deel 16, Stockholm 1843, pag. 343.<\/span><br \/>\n<span style=\"font-size: 12pt;\"><span style=\"color: #000000;\">G. <span style=\"color: #0000ff;\"><a style=\"color: #0000ff;\" href=\"https:\/\/www.google.nl\/search?sxsrf=ALeKk03E3FgLa1RziO_jq7DdBAIEdx9QUw%3A1609599770097&amp;ei=GovwX6udBdH1kwWMhboQ&amp;q=Wrangell%2C+%E2%80%9CGeschichte+der+Revaler+Schwarzenh%C3%A4upter&amp;oq=Wrangell%2C+%E2%80%9CGeschichte+der+Revaler+Schwarzenh%C3%A4upter&amp;gs_lcp=CgZwc3ktYWIQAzIECCMQJzoHCCMQ6gIQJ1C5d1ijf2C5iwFoAXAAeACAAViIAViSAQExmAEAoAEBoAECqgEHZ3dzLXdperABCsABAQ&amp;sclient=psy-ab&amp;ved=0ahUKEwirkpu0wv3tAhXR-qQKHYyCDgIQ4dUDCA0&amp;uact=5\"><strong>Wrangell<\/strong><\/a><\/span>, \u201c<span class=\"fn\"><span dir=\"ltr\">Geschichte der Revaler Schwarzenh\u00e4upter<\/span><\/span>: <span class=\"subtitle\"><span dir=\"ltr\">ein Beitrag zur Geschichte des deutschen Kaufmanns im Osten\u201d, 1930.<br \/>\n<\/span><\/span><\/span><span style=\"color: #000000;\"><strong>Wrede<\/strong>, \u201cLangenscheidts Taschenw\u00f6rterbuch der schwedischen und deutschen Sprache, Schwedisch-Deutsch \/ Deutsch-Schwedisch\u201d, Berlin-Sch\u00f6neberg 1912, 2 delen. &#x2663;<\/span><\/span><\/p>\n<p style=\"text-align: center;\">\n","protected":false},"excerpt":{"rendered":"<p>FAMILIE\u00a0\/\u00a0BIBLIOTHEEK\u00a0\/\u00a0LITERATUUR \/ AUTEURS W A.C. Wackerbarth, \u201cLeben und Thaten des Welt-ber\u00fchmten k\u00f6nigl. pohln. und chur-f\u00fcrstl. s\u00e4chsischen General-Feld=Marschalls (\u2026) Auguste Christoph Wackerbarth\u201d, Dresden 1738. E. Wagner, \u201cEuropean Weapons and Warfare 1618-1648\u201d, Londen 1979. &#x2663; L. Wahlstr\u00f6m, &#8220;Nils Reuterholm till Jakob Cronstedt&#8221;, PHT 1908.\u00a0 E.Th. Walter(-Lund), \u201cSchwedische Konversations-Grammatik zum Schul- und Privatunterricht\u201d, Heidelberg 1920. &#x2663; B. Wedberg, &hellip; <a href=\"https:\/\/meijenfeldt.nl\/?page_id=57621\" class=\"more-link\">Verder lezen <span class=\"screen-reader-text\">W<\/span><\/a><\/p>\n","protected":false},"author":1,"featured_media":0,"parent":0,"menu_order":0,"comment_status":"closed","ping_status":"closed","template":"","meta":{"footnotes":""},"class_list":["post-57621","page","type-page","status-publish","hentry"],"_links":{"self":[{"href":"https:\/\/meijenfeldt.nl\/index.php?rest_route=\/wp\/v2\/pages\/57621","targetHints":{"allow":["GET"]}}],"collection":[{"href":"https:\/\/meijenfeldt.nl\/index.php?rest_route=\/wp\/v2\/pages"}],"about":[{"href":"https:\/\/meijenfeldt.nl\/index.php?rest_route=\/wp\/v2\/types\/page"}],"author":[{"embeddable":true,"href":"https:\/\/meijenfeldt.nl\/index.php?rest_route=\/wp\/v2\/users\/1"}],"replies":[{"embeddable":true,"href":"https:\/\/meijenfeldt.nl\/index.php?rest_route=%2Fwp%2Fv2%2Fcomments&post=57621"}],"version-history":[{"count":2,"href":"https:\/\/meijenfeldt.nl\/index.php?rest_route=\/wp\/v2\/pages\/57621\/revisions"}],"predecessor-version":[{"id":57671,"href":"https:\/\/meijenfeldt.nl\/index.php?rest_route=\/wp\/v2\/pages\/57621\/revisions\/57671"}],"wp:attachment":[{"href":"https:\/\/meijenfeldt.nl\/index.php?rest_route=%2Fwp%2Fv2%2Fmedia&parent=57621"}],"curies":[{"name":"wp","href":"https:\/\/api.w.org\/{rel}","templated":true}]}}