{"id":57619,"date":"2023-08-09T07:54:50","date_gmt":"2023-08-09T07:54:50","guid":{"rendered":"https:\/\/meijenfeldt.nl\/?page_id=57619"},"modified":"2023-08-09T08:34:11","modified_gmt":"2023-08-09T08:34:11","slug":"v","status":"publish","type":"page","link":"https:\/\/meijenfeldt.nl\/?page_id=57619","title":{"rendered":"V"},"content":{"rendered":"<p><span style=\"color: #000000; font-size: 10pt;\"><span style=\"color: #0000ff;\"><a style=\"color: #0000ff;\" href=\"https:\/\/meijenfeldt.nl\/\">FAMILIE<\/a><\/span>\u00a0\/\u00a0<span style=\"color: #0000ff;\"><a style=\"color: #0000ff;\" href=\"https:\/\/meijenfeldt.nl\/?page_id=51152\">BIBLIOTHEEK<\/a>\u00a0<\/span>\/\u00a0<a style=\"color: #000000;\" href=\"https:\/\/meijenfeldt.nl\/?page_id=217\"><span style=\"color: #0000ff;\">LITERATUUR<\/span><\/a> \/ AUTEURS V<\/span><\/p>\n<p><span style=\"font-size: 12pt;\"><span style=\"color: #000000;\">A.J. <\/span><span style=\"color: #0000ff;\"><a style=\"color: #0000ff;\" href=\"http:\/\/resources.huygens.knaw.nl\/briefwisselingheinsius\"><b>Veenendaal<\/b><\/a><\/span><span style=\"color: #000000;\">, \u201cDe briefwisseling van Anthonie <span style=\"color: #0000ff;\"><a style=\"color: #0000ff;\" href=\"https:\/\/meijenfeldt.nl\/?page_id=17286\">Heinsius<\/a><\/span> 1702 \u2013 1720\u201d, Rijks Geschiedkundige Publicati\u00ebn.<\/span><\/span><br \/>\n<span style=\"font-size: 12pt;\"><span style=\"color: #000000;\">C.F. <strong>van der Velde<\/strong>, \u201cArwed Gyllenstierna, a tale of the early part of the eighteenth century\u201d (uit \u201cTales from the German\u201d, deel 1, vertaler Nathaniel Greene), Boston 1837.<br \/>\n<\/span><span style=\"color: #000000;\">U. <b>Vent<\/b>, I. Kiverik (red.), \u201cGeschichte des Baltikums\u201c, Tallinn 2002. &#x2663;<br \/>\n<\/span><span style=\"color: #000000;\">S.<strong> Vestdijk<\/strong>, \u201cDe filosoof en de sluipmoordenaar\u201d, \u2018s-Gravenhage 1961. &#x2663;<\/span><\/span><br \/>\n<span style=\"color: #000000; font-size: 12pt;\">H. <strong>Villius<\/strong>,<\/span><br \/>\n<span style=\"color: #000000; font-size: 12pt;\">\u2013 \u201cKarl XII:s ryska f\u00e4ltt\u00e5g\u201d, K\u00e4llstudier, Lund 1951, <span style=\"color: #0000ff;\"><a style=\"color: #0000ff;\" href=\"https:\/\/meijenfeldt.nl\/wp-content\/uploads\/2022\/10\/Villius-C.F..pdf\">C.F.<\/a><\/span> &#x2663;<\/span><br \/>\n<span style=\"color: #000000; font-size: 12pt;\">\u2013 lemma in \u201cSvensk Uppslagbok\u201d, Malm\u00f6 1951, deel 19.<\/span><br \/>\n<span style=\"color: #000000; font-size: 12pt;\">\u2013 \u201cOgenvitten Karl XII\u201d, Stockholm 1960.<\/span><br \/>\n<span style=\"font-size: 12pt;\"><span style=\"color: #000000;\">\u2013 lemma &#8220;Johan August Meyerfeldt d.\u00e4.&#8221; in Svenskt Biografiskt Lexikon, Stockholm 1986, deel 25, pag 471, <span style=\"color: #0000ff;\"><a style=\"color: #0000ff;\" href=\"https:\/\/meijenfeldt.nl\/wp-content\/uploads\/2022\/10\/1986-Villius-boek.pdf\">boek<\/a><\/span>, <span style=\"color: #0000ff;\"><a style=\"color: #0000ff;\" href=\"https:\/\/sok.riksarkivet.se\/sbl\/Presentation.aspx?id=9329&amp;forceOrdinarySite=true\">web<\/a><\/span>, en <span style=\"color: #0000ff;\"><a style=\"color: #0000ff;\" href=\"https:\/\/meijenfeldt.nl\/wp-content\/uploads\/2022\/10\/1986-Villius-vertaling.pdf\">vertaling<\/a><\/span>.<br \/>\n<\/span><span style=\"color: #000000;\">S.E. <b>Vingedal<\/b>, \u201cT\u00e4by kyrkas &lt;Ljusredskap&gt;, Ljuskronorna, v\u00e4ggpl\u00e4terna och ljusstakarna.\u201d, T\u00e4by 1972. &#x2663;<br \/>\n<\/span><span style=\"color: #000000;\"><strong>Vis<\/strong> en J. Vis Jcz, \u201cVis a Saandyk. Kroniek van een Zaans geslacht\u201d, Amsterdam 1974. &#x2663;<br \/>\nL. <strong>Visocki-Hochmuth<\/strong>, \u201cDagbok af en ingeni\u00f6r-officer 1700-1708\u201d, Karolinska Krigares Dagb\u00f6cker j\u00e4mte andra samtidiga skrifter, deel 2, Lund 1903,\u00a0<span style=\"color: #0000ff;\"><a style=\"color: #0000ff;\" href=\"http:\/\/runeberg.org\/karolikrig\/2\/0173.html\">pag. 141<\/a><\/span>.<br \/>\n<\/span>D.W. <strong>Visser<\/strong> jr., \u201cHeraldiek als hobby\u201d, Houten 1987. &#x2663;<\/span><br \/>\n<span style=\"color: #000000; font-size: 12pt;\"><span class=\"s4\">B.F. <strong>Voigt<\/strong>, &#8220;Neuer Nekrolog der Deutschen&#8221;, <em>Von Meyerfeld<\/em>, deel 1, Weimar 1840, <span style=\"color: #0000ff;\"><a style=\"color: #0000ff;\" href=\"https:\/\/books.google.nl\/books?id=AV1LAQAAMAAJ&amp;pg=PA1019&amp;dq=Neuer+Nekrolog+der+Deutschen+wilhelm+august+v.+Meyerfeld&amp;hl=nl&amp;sa=X&amp;ved=2ahUKEwjH2Y_C2P3tAhXOuaQKHXJiAboQ6AEwAHoECAAQAg#v=onepage&amp;q&amp;f=false\">pag. 1019-1030<\/a><\/span>.<\/span><\/span><br \/>\n<span style=\"color: #000000; font-size: 12pt;\"><strong>Voltaire,<br \/>\n<\/strong>\u2013\u00a0\u00a0\u201cHistoire de <span style=\"color: #0000ff;\"><a style=\"color: #0000ff;\" href=\"https:\/\/books.google.nl\/books?id=MwtAAAAAcAAJ&amp;pg=PA439&amp;dq=voltaire+histoire+de+l'empire+de+russie+sous+pierre+le+grand+1768&amp;hl=sv&amp;sa=X&amp;ved=0ahUKEwiMpbLW46fgAhXFK1AKHaV0ACYQ6AEIRzAE#v=onepage&amp;q=meyerfeld&amp;f=false\">Charles XII<\/a><\/span>, Roi de Su\u00e8de\u201d, Paris 1731, pag. 132.<\/span><br \/>\n<span style=\"color: #000000; font-size: 12pt;\">\u2013 \u201cHistoire de l\u2019Empire de Russie sous Pierre le Grand\u201d, Paris 1768.<\/span><\/p>\n","protected":false},"excerpt":{"rendered":"<p>FAMILIE\u00a0\/\u00a0BIBLIOTHEEK\u00a0\/\u00a0LITERATUUR \/ AUTEURS V A.J. Veenendaal, \u201cDe briefwisseling van Anthonie Heinsius 1702 \u2013 1720\u201d, Rijks Geschiedkundige Publicati\u00ebn. C.F. van der Velde, \u201cArwed Gyllenstierna, a tale of the early part of the eighteenth century\u201d (uit \u201cTales from the German\u201d, deel 1, vertaler Nathaniel Greene), Boston 1837. U. Vent, I. Kiverik (red.), \u201cGeschichte des Baltikums\u201c, Tallinn 2002. &hellip; <a href=\"https:\/\/meijenfeldt.nl\/?page_id=57619\" class=\"more-link\">Verder lezen <span class=\"screen-reader-text\">V<\/span><\/a><\/p>\n","protected":false},"author":1,"featured_media":0,"parent":0,"menu_order":0,"comment_status":"closed","ping_status":"closed","template":"","meta":{"footnotes":""},"class_list":["post-57619","page","type-page","status-publish","hentry"],"_links":{"self":[{"href":"https:\/\/meijenfeldt.nl\/index.php?rest_route=\/wp\/v2\/pages\/57619","targetHints":{"allow":["GET"]}}],"collection":[{"href":"https:\/\/meijenfeldt.nl\/index.php?rest_route=\/wp\/v2\/pages"}],"about":[{"href":"https:\/\/meijenfeldt.nl\/index.php?rest_route=\/wp\/v2\/types\/page"}],"author":[{"embeddable":true,"href":"https:\/\/meijenfeldt.nl\/index.php?rest_route=\/wp\/v2\/users\/1"}],"replies":[{"embeddable":true,"href":"https:\/\/meijenfeldt.nl\/index.php?rest_route=%2Fwp%2Fv2%2Fcomments&post=57619"}],"version-history":[{"count":2,"href":"https:\/\/meijenfeldt.nl\/index.php?rest_route=\/wp\/v2\/pages\/57619\/revisions"}],"predecessor-version":[{"id":57670,"href":"https:\/\/meijenfeldt.nl\/index.php?rest_route=\/wp\/v2\/pages\/57619\/revisions\/57670"}],"wp:attachment":[{"href":"https:\/\/meijenfeldt.nl\/index.php?rest_route=%2Fwp%2Fv2%2Fmedia&parent=57619"}],"curies":[{"name":"wp","href":"https:\/\/api.w.org\/{rel}","templated":true}]}}