{"id":57617,"date":"2023-08-09T07:53:56","date_gmt":"2023-08-09T07:53:56","guid":{"rendered":"https:\/\/meijenfeldt.nl\/?page_id=57617"},"modified":"2023-08-09T08:33:37","modified_gmt":"2023-08-09T08:33:37","slug":"u","status":"publish","type":"page","link":"https:\/\/meijenfeldt.nl\/?page_id=57617","title":{"rendered":"U"},"content":{"rendered":"<p><span style=\"color: #000000; font-size: 10pt;\"><span style=\"color: #0000ff;\"><a style=\"color: #0000ff;\" href=\"https:\/\/meijenfeldt.nl\/\">FAMILIE<\/a><\/span>\u00a0\/\u00a0<span style=\"color: #0000ff;\"><a style=\"color: #0000ff;\" href=\"https:\/\/meijenfeldt.nl\/?page_id=51152\">BIBLIOTHEEK<\/a>\u00a0<\/span>\/\u00a0<a style=\"color: #000000;\" href=\"https:\/\/meijenfeldt.nl\/?page_id=217\"><span style=\"color: #0000ff;\">LITERATUUR<\/span><\/a> \/ AUTEURS U<\/span><\/p>\n<p style=\"text-align: justify;\"><span style=\"color: #000000; font-size: 12pt;\">H.E. <strong>Uddgren<\/strong>,<\/span><br \/>\n<span style=\"color: #000000; font-size: 12pt;\">\u2013 \u201cN\u00e5got om Karl XII:s st\u00e4llning till kriget med Ryssland och f\u00f6rsvaret af \u00d6stersj\u00f6provinserna under \u00e5ren 1702-1706\u201d, KF\u00c5 1910, Lund 1911, <span style=\"color: #0000ff;\"><a style=\"color: #0000ff;\" href=\"https:\/\/meijenfeldt.nl\/wp-content\/uploads\/2022\/10\/Uddgren.pdf\">pag. 90<\/a><\/span>\u00a0en pag. 167-169.<\/span><br \/>\n<span style=\"color: #000000; font-size: 12pt;\">\u2013 \u201cF\u00e4ltt\u00e5gen 1701-1706\u201d in S.E. Bring, \u201cKarl XII\u201d, Stockholm 1918.<\/span><br \/>\n<span style=\"color: #000000; font-size: 12pt;\">\u2013 \u201cKarolinen Adam Ludwig Lewenhaupt, Hans Krigsf\u00f6ring i Kurland och Litauen 1703-1708\u201d, pag. 18 en pag. 26.<\/span><br \/>\n<span style=\"color: #000000; font-size: 12pt;\">C.H. <strong><span style=\"color: #000000;\">Uggla<\/span>, <\/strong>\u201cSvea-Rikes R\u00e5ds-L\u00e5ngd\u201d, deel 7, Stockholm 1793, <span style=\"color: #0000ff;\"><a style=\"color: #0000ff;\" href=\"https:\/\/play.google.com\/books\/reader?id=za1BAAAAcAAJ&amp;pg=GBS.RA6-PA26&amp;hl=nl&amp;q=meyerfelt\">pag. 20<\/a>, <span style=\"color: #000000;\">deel 8, Norrk\u00f6ping 1793, <a style=\"color: #0000ff;\" href=\"https:\/\/play.google.com\/books\/reader?id=za1BAAAAcAAJ&amp;pg=GBS.RA8-PA14&amp;hl=nl\">pag. 14<\/a>, en deel 9, Uppsala 1844, <a style=\"color: #0000ff;\" href=\"https:\/\/meijenfeldt.nl\/wp-content\/uploads\/2022\/09\/Uggla.pdf\">pag. 7<\/a>.<br \/>\nPrinsessan <a style=\"color: #000000;\" href=\"https:\/\/www.flickr.com\/photos\/63794459@N07\/sets\/72157630956420336\/\"><strong>Ulrika Eleonora<\/strong>s<\/a> Dagboksanteckningen f\u00f6r 1709, Stifts- och Landsbiblioteket i Skara. E.W. Dahlgren, Meddelade, PHT 17, Stockholm 1916, <a style=\"color: #0000ff;\" href=\"https:\/\/archive.org\/details\/personhistoriskt1718pers\/page\/n123\/mode\/2up?q=meijerfeldt&amp;view=theater\">pag. 58<\/a>.<\/span><\/span><\/span><br \/>\n<span style=\"color: #000000; font-size: 12pt;\">\u201cThe modern part of an <strong>Universal History<\/strong> from the Earliest Account of Time compiled from Original Writers\u201d, deel XXXIII, London 1761.<\/span><br \/>\n<span style=\"font-size: 12pt;\"><span style=\"color: #000000;\">W. <b>Urban<\/b>, \u201eThe Teutonic Knights. A Military History\u201d, Londen-St. Paul MN 2003. &#x2663;<br \/>\n<\/span><span style=\"color: #000000;\">G.M. <strong>Urndt<\/strong>, \u201cSchwedische Ge\u00adschichten unter Gustav dem Dritten\u201d, Leipzig 1839, pag. 120-121.<\/span><\/span><\/p>\n<p style=\"text-align: center;\">\n","protected":false},"excerpt":{"rendered":"<p>FAMILIE\u00a0\/\u00a0BIBLIOTHEEK\u00a0\/\u00a0LITERATUUR \/ AUTEURS U H.E. Uddgren, \u2013 \u201cN\u00e5got om Karl XII:s st\u00e4llning till kriget med Ryssland och f\u00f6rsvaret af \u00d6stersj\u00f6provinserna under \u00e5ren 1702-1706\u201d, KF\u00c5 1910, Lund 1911, pag. 90\u00a0en pag. 167-169. \u2013 \u201cF\u00e4ltt\u00e5gen 1701-1706\u201d in S.E. Bring, \u201cKarl XII\u201d, Stockholm 1918. \u2013 \u201cKarolinen Adam Ludwig Lewenhaupt, Hans Krigsf\u00f6ring i Kurland och Litauen 1703-1708\u201d, pag. 18 &hellip; <a href=\"https:\/\/meijenfeldt.nl\/?page_id=57617\" class=\"more-link\">Verder lezen <span class=\"screen-reader-text\">U<\/span><\/a><\/p>\n","protected":false},"author":1,"featured_media":0,"parent":0,"menu_order":0,"comment_status":"closed","ping_status":"closed","template":"","meta":{"footnotes":""},"class_list":["post-57617","page","type-page","status-publish","hentry"],"_links":{"self":[{"href":"https:\/\/meijenfeldt.nl\/index.php?rest_route=\/wp\/v2\/pages\/57617","targetHints":{"allow":["GET"]}}],"collection":[{"href":"https:\/\/meijenfeldt.nl\/index.php?rest_route=\/wp\/v2\/pages"}],"about":[{"href":"https:\/\/meijenfeldt.nl\/index.php?rest_route=\/wp\/v2\/types\/page"}],"author":[{"embeddable":true,"href":"https:\/\/meijenfeldt.nl\/index.php?rest_route=\/wp\/v2\/users\/1"}],"replies":[{"embeddable":true,"href":"https:\/\/meijenfeldt.nl\/index.php?rest_route=%2Fwp%2Fv2%2Fcomments&post=57617"}],"version-history":[{"count":2,"href":"https:\/\/meijenfeldt.nl\/index.php?rest_route=\/wp\/v2\/pages\/57617\/revisions"}],"predecessor-version":[{"id":57669,"href":"https:\/\/meijenfeldt.nl\/index.php?rest_route=\/wp\/v2\/pages\/57617\/revisions\/57669"}],"wp:attachment":[{"href":"https:\/\/meijenfeldt.nl\/index.php?rest_route=%2Fwp%2Fv2%2Fmedia&parent=57617"}],"curies":[{"name":"wp","href":"https:\/\/api.w.org\/{rel}","templated":true}]}}