{"id":57609,"date":"2023-08-09T07:49:10","date_gmt":"2023-08-09T07:49:10","guid":{"rendered":"https:\/\/meijenfeldt.nl\/?page_id=57609"},"modified":"2023-08-09T08:31:48","modified_gmt":"2023-08-09T08:31:48","slug":"r","status":"publish","type":"page","link":"https:\/\/meijenfeldt.nl\/?page_id=57609","title":{"rendered":"R"},"content":{"rendered":"<p><span style=\"font-size: 10pt;\"><span style=\"color: #0000ff;\"><a style=\"color: #0000ff;\" href=\"https:\/\/meijenfeldt.nl\/\">FAMILIE<\/a><\/span>\u00a0\/\u00a0<span style=\"color: #0000ff;\"><a style=\"color: #0000ff;\" href=\"https:\/\/meijenfeldt.nl\/?page_id=51152\">BIBLIOTHEEK<\/a><\/span>\u00a0\/\u00a0<span style=\"color: #0000ff;\"><a style=\"color: #0000ff;\" href=\"https:\/\/meijenfeldt.nl\/?page_id=217\">LITERATUUR<\/a><\/span> \/ <span style=\"color: #000000;\">AUTEURS R<\/span><\/span><\/p>\n<p><span style=\"color: #000000; font-size: 12pt;\">F.J.G. ten\u00a0<span style=\"color: #0000ff;\"><a style=\"color: #0000ff;\" href=\"https:\/\/meijenfeldt.nl\/?page_id=53310\"><strong>Raa<\/strong><\/a><\/span>, &#8220;Het Staatsche Leger&#8221;, deel VII, &#8220;Van de verheffing van prins Willem III en zijn gemalin tot koning en koningin van Groot-Brittanni\u00eb tot het overlijden van den koning-stadhouder (1688-1702)&#8221;, Koninklijke Militaire Academie Breda 1950.<br \/>\nA.v.<strong>R***<\/strong>, \u201cMargaretha von Ascheberg, PHT\u00a0<span style=\"color: #0000ff;\"><span style=\"color: #000000;\">1902\/2<\/span>,<\/span> Stockholm 1903, <span style=\"color: #0000ff;\"><a style=\"color: #0000ff;\" href=\"https:\/\/www.familysearch.org\/library\/books\/viewer\/646875\/?offset=&amp;return=1#page=158&amp;viewer=picture&amp;o=&amp;n=0&amp;q=\">pag. 116-119<\/a><\/span>.<br \/>\nM. <strong>Ranft<\/strong>,<\/span><br \/>\n<span style=\"color: #000000; font-size: 12pt;\">\u2013 \u201c<i>Leben und Thaten des j\u00fcngst verstorben Schwedischen Grafens von Meyerfeld<\/i>\u201d, in \u201cNeue Genealogisch-Historischen Nachrichten\u00a0von den vornehmsten\u00a0Begebenheiten welche sich an den\u00a0Europ\u00e4ischen H\u00f6fen zugetragen, worinn zogleich vieler Stands-Personen Lebens-Beschreibungen\u201d, deel 2, hoofdstuk 1, Leipzig 1750, <span style=\"color: #0000ff;\"><a style=\"color: #0000ff;\" href=\"https:\/\/books.google.nl\/books?id=Fd1TAAAAcAAJ&amp;pg=PA127&amp;lpg=PA127&amp;dq=meyerfeld+stralsund&amp;source=bl&amp;ots=tULg1DjBH2&amp;sig=XJQmblKOujAOSHyD2xFX5ajcK0w&amp;hl=en&amp;sa=X&amp;ved=2ahUKEwjG7aeft8nbAhWBblAKHXGyBrA4FBDoATAAegQICBAB\">pag. 91 t\/m 129<\/a><\/span>.<\/span><br \/>\n<span style=\"color: #000000; font-size: 12pt;\">&#8211; \u201c<i>Leben und Thaten des Feld-Marschalls Graf Meyerfeld<\/i>\u201d, in \u201cDie Merkw\u00fcrdige Lebengeschich\u00a0derer vier ber\u00fcmten Schwedischen Feldmarschalle, Grafen Rehnschild, Steenbock, Meyerfeld und D\u00fccker\u201d, deel 3, Leipzig 1753,\u00a0<span style=\"color: #0000ff;\"><a style=\"color: #0000ff;\" href=\"http:\/\/digital.slub-dresden.de\/werkansicht\/dlf\/68191\/293\/0\/\">pag. 279 t\/m 340<\/a>.<\/span><\/span><br \/>\n<span style=\"font-size: 12pt;\"><span style=\"color: #000000;\">R.E. <span style=\"color: #0000ff;\"><a style=\"color: #0000ff;\" href=\"https:\/\/www.onlinebibliotheek.nl\/ebooks\/R-E-Raspe\/De-wonderlijke-avonturen-van-Baron-von\"><b>Raspe<\/b><\/a><\/span>, \u201cAvonturen van Baron von M\u00fcnchhausen\u201c, (vert.). <span class=\"s4\">&#x2663;<br \/>\n<\/span><\/span><span style=\"color: #000000;\">J.A.\u00a0<b>Rehbinder<\/b>, \u201cBiographisk, Historisk och Genealogisk Beskrifning \u00f6fver Svenske Riks-canzlerer, Riks-Canzli-R\u00e5d, Hof- och Justiti\u00e6-Canzlerer\u201d, Stockholm 1786, <span style=\"color: #0000ff;\"><a style=\"color: #0000ff;\" href=\"https:\/\/play.google.com\/books\/reader?id=dNRAAAAAcAAJ&amp;pg=GBS.PA294&amp;hl=nl\">pag. 295 e.v.<\/a><\/span><\/span><\/span><br \/>\n<span style=\"font-size: 12pt;\"><span style=\"color: #000000;\">C.G. <span style=\"color: #0000ff;\"><a style=\"color: #0000ff;\" href=\"https:\/\/meijenfeldt.nl\/?page_id=21113\"><strong>Rehnski\u00f6ld<\/strong><\/a><\/span>,<br \/>\n<\/span><span style=\"color: #000000;\">&#8211; \u201cGeneralen Friherre:s Anteckningar och dagb\u00f6cker\u201d, KKD deel 9, Lund 1913.<br \/>\n<\/span>&#8211; \u201cBref och skrifvelser till Konung Karl XII 1703-1707 (1715)\u201d, KKD deel 11, Lund 1916.<\/span><br \/>\n<span style=\"color: #000000; font-size: 12pt;\">G. <span style=\"color: #0000ff;\"><a style=\"color: #0000ff;\" href=\"https:\/\/meijenfeldt.nl\/?page_id=20218\"><strong>Rein<\/strong><\/a><\/span>, \u201cKriget i Finland \u00e5ren 1788, 1789 och 1790\u201d, Helsingfors 1860.<br \/>\nN.M. <strong>Reiss<\/strong>, \u201cSome Jewish Families of Hesse and Galicia\u201d, Highland Park 1988. &#x2663;<br \/>\n<strong>Riedel<\/strong>, \u201cKnaurs Welt-Atlas\u201d, Berlin 1932.<\/span><br \/>\n<span style=\"font-size: 12pt;\"><span style=\"color: #000000;\">J.B. <span style=\"color: #0000ff;\"><a style=\"color: #0000ff;\" href=\"https:\/\/meijenfeldt.nl\/?p=49866\"><strong>Rietstap<\/strong><\/a><\/span>, \u201cArmorial G\u00e9n\u00e9ral\u201d, Gouda 1887, en V. <strong>Rolland<\/strong>, \u201cPlanches\u201d, Parijs 1912.<br \/>\n<\/span><span style=\"color: #000000;\">A.F. <strong>Ristell<\/strong>, \u201cAnekdoter om Konung Gustaf III:s Hof och Rege\u00adring\u201d, Stockholm 1820, <span style=\"color: #0000ff;\"><a style=\"color: #0000ff;\" href=\"https:\/\/books.google.nl\/books?redir_esc=y&amp;hl=nl&amp;id=8KwmPAAACAAJ&amp;q=meijerfelt#v=onepage&amp;q=Gracerna%20%C3%A4r%20Grefvinnan%20M%20*%20*%20*&amp;f=false\">pag. 39<\/a>. \u201cCharacters and Anacdotes of the Court of Sweden\u201d, Londen 1790, <a href=\"https:\/\/babel.hathitrust.org\/cgi\/pt?id=nyp.33433066625140&amp;view=2up&amp;seq=100&amp;size=150\">pag. 78-79<\/a>.<\/span><\/span><\/span><br \/>\n<span style=\"color: #000000; font-size: 12pt;\">M.S.<strong> Rivi\u00e8re<u><\/u><\/strong>, \u201c\u2019The Pallas of Stockholm\u2019: Louisa Ulrica of Prussia and the Swedish Crown\u201d, in: C. Campbell Orr, \u201cQueenship in Europe 1660-1815, The Role of the Consort\u201d, Cambridge 2004.<br \/>\nM. <strong>Roberts<\/strong>, &#8220;The age of liberty. Sweden 1719-1772&#8221;, Cambridge 1986, <span style=\"color: #0000ff;\"><a style=\"color: #0000ff;\" href=\"https:\/\/archive.org\/details\/ageoflibertyswed0000robe\/page\/88\/mode\/2up?q=meijerfelt\">pag. 88<\/a><\/span>.<br \/>\nJ.<strong> Romein<\/strong>, \u201cDe Lage Landen bij de Zee. Ge\u00efllustreerde geschiedenis van het Nederlandsche volk van Duinkerken tot Delfzijl\u201d, Utrecht ca. 1935. &#x2663;<br \/>\nM.<strong> Ros<\/strong>, \u201cVuurnacht; Toussaint Louverture en de slavenop\u00adstand op Ha\u00efti\u201d, Amsterdam 1991. &#x2663;<\/span><br \/>\n<span style=\"font-size: 12pt;\"><span style=\"color: #000000;\">C. von <strong>Rosen<\/strong>, \u201cBidrag till k\u00e4nnedom om de h\u00e4ndelser, som n\u00e4rmast f\u00f6regingo svensk stormaktv\u00e4ldets fall\u201d, Stockholm 1936.<br \/>\nN. von <strong>Rosenstein<\/strong>, &#8220;Samlade Skrifter&#8221;, deel 3, Stockholm 1838, <span style=\"color: #0000ff;\"><a style=\"color: #0000ff;\" href=\"https:\/\/babel.hathitrust.org\/cgi\/pt?id=nyp.33433075777387&amp;view=1up&amp;seq=391\">pag. 383<\/a><\/span><\/span>.<\/span><br \/>\n<span style=\"font-size: 12pt;\"><span style=\"color: #000000;\">F. <span style=\"color: #0000ff;\"><a style=\"color: #0000ff;\" href=\"https:\/\/meijenfeldt.nl\/?page_id=53781\"><strong>R\u00fchs<\/strong><\/a><\/span>,<br \/>\n&#8211; <\/span><span style=\"color: #000000;\">\u201cWercke Gustav\u2019s des Dritten\u201d, Berlijn 1808.<br \/>\n<\/span><span style=\"color: #000000;\">&#8211; \u201cGeschichte Schwedens\u201d, Halle 1814<\/span><span style=\"color: #000000;\">.<br \/>\n<\/span><span style=\"color: #000000;\">M. <strong>Russel<\/strong>,\u00a0\u201cSwedish Pomeranian Shipping in the Revolutionary Age (1776\u20131815)\u201d, Deutsche Forschungsgemeinschaft, projekt \u201cRisikoz\u00e4hmung in der Vormoderne\u201d, Ruhr Universit\u00e4t Bochum, Forum Navale 2012,\u00a0<span style=\"color: #0000ff;\"><a style=\"color: #0000ff;\" href=\"https:\/\/www.academia.edu\/2216861\/Swedish_Pomeranian_Shipping_in_the_Revolutionary_Age_1776_1815_In_Forum_Navale_68_2012_S_65_103?auto=download\">pag. 65-103<\/a><\/span>.<\/span><\/span><br \/>\n<span style=\"color: #000000; font-size: 12pt;\">O. von\u00a0<a style=\"color: #000000;\" href=\"https:\/\/books.google.se\/books?id=mvDUAAAAMAAJ&amp;printsec=frontcover&amp;dq=geschichte+der+stadt+riga&amp;hl=sv&amp;sa=X&amp;ved=0ahUKEwidtLGso47fAhVO66QKHaUcBoY4WhDoAQhnMAk#v=onepage&amp;q&amp;f=false\"><strong><span style=\"color: #0000ff;\">Rutenberg<\/span><\/strong><\/a>, \u201cGeschichte der Ostseeprovinzen Liv-, Est- und Kurland von der \u00e4ltesten Zeit bis zum Untergange ihrer Sebst\u00e4ndigkeit\u201d, Leipzig 1860.<\/span><br \/>\n<span style=\"color: #000000; font-size: 12pt;\">G. <a style=\"color: #000000;\" href=\"http:\/\/journals.lub.lu.se\/index.php\/scandia\/article\/view\/380\/236\"><strong><span style=\"color: #0000ff;\">Rystad<\/span><\/strong><\/a>, \u201cRyssland eller Polen? Karl XII:s planer efter D\u00fcna\u00f6verg\u00e5ngen. N\u00e5gra synpunkter\u201d, Scandia 1961.<\/span><\/p>\n","protected":false},"excerpt":{"rendered":"<p>FAMILIE\u00a0\/\u00a0BIBLIOTHEEK\u00a0\/\u00a0LITERATUUR \/ AUTEURS R F.J.G. ten\u00a0Raa, &#8220;Het Staatsche Leger&#8221;, deel VII, &#8220;Van de verheffing van prins Willem III en zijn gemalin tot koning en koningin van Groot-Brittanni\u00eb tot het overlijden van den koning-stadhouder (1688-1702)&#8221;, Koninklijke Militaire Academie Breda 1950. A.v.R***, \u201cMargaretha von Ascheberg, PHT\u00a01902\/2, Stockholm 1903, pag. 116-119. M. Ranft, \u2013 \u201cLeben und Thaten des &hellip; <a href=\"https:\/\/meijenfeldt.nl\/?page_id=57609\" class=\"more-link\">Verder lezen <span class=\"screen-reader-text\">R<\/span><\/a><\/p>\n","protected":false},"author":1,"featured_media":0,"parent":0,"menu_order":0,"comment_status":"closed","ping_status":"closed","template":"","meta":{"footnotes":""},"class_list":["post-57609","page","type-page","status-publish","hentry"],"_links":{"self":[{"href":"https:\/\/meijenfeldt.nl\/index.php?rest_route=\/wp\/v2\/pages\/57609","targetHints":{"allow":["GET"]}}],"collection":[{"href":"https:\/\/meijenfeldt.nl\/index.php?rest_route=\/wp\/v2\/pages"}],"about":[{"href":"https:\/\/meijenfeldt.nl\/index.php?rest_route=\/wp\/v2\/types\/page"}],"author":[{"embeddable":true,"href":"https:\/\/meijenfeldt.nl\/index.php?rest_route=\/wp\/v2\/users\/1"}],"replies":[{"embeddable":true,"href":"https:\/\/meijenfeldt.nl\/index.php?rest_route=%2Fwp%2Fv2%2Fcomments&post=57609"}],"version-history":[{"count":2,"href":"https:\/\/meijenfeldt.nl\/index.php?rest_route=\/wp\/v2\/pages\/57609\/revisions"}],"predecessor-version":[{"id":57666,"href":"https:\/\/meijenfeldt.nl\/index.php?rest_route=\/wp\/v2\/pages\/57609\/revisions\/57666"}],"wp:attachment":[{"href":"https:\/\/meijenfeldt.nl\/index.php?rest_route=%2Fwp%2Fv2%2Fmedia&parent=57609"}],"curies":[{"name":"wp","href":"https:\/\/api.w.org\/{rel}","templated":true}]}}