{"id":57604,"date":"2023-08-09T07:44:34","date_gmt":"2023-08-09T07:44:34","guid":{"rendered":"https:\/\/meijenfeldt.nl\/?page_id=57604"},"modified":"2023-08-09T08:29:08","modified_gmt":"2023-08-09T08:29:08","slug":"p","status":"publish","type":"page","link":"https:\/\/meijenfeldt.nl\/?page_id=57604","title":{"rendered":"P"},"content":{"rendered":"<p><span style=\"font-size: 10pt;\"><span style=\"color: #0000ff;\"><a style=\"color: #0000ff;\" href=\"https:\/\/meijenfeldt.nl\/\">FAMILIE<\/a><\/span>\u00a0\/\u00a0<span style=\"color: #0000ff;\"><a style=\"color: #0000ff;\" href=\"https:\/\/meijenfeldt.nl\/?page_id=51152\">BIBLIOTHEEK<\/a><\/span>\u00a0\/\u00a0<span style=\"color: #0000ff;\"><a style=\"color: #0000ff;\" href=\"https:\/\/meijenfeldt.nl\/?page_id=217\">LITERATUUR<\/a><\/span> \/ <span style=\"color: #000000;\">AUTEURS P<\/span><\/span><\/p>\n<p><span style=\"color: #000000; font-size: 12pt;\">E. <strong>Pabst<\/strong>, R. von <strong>Toll<\/strong>, \u201cEhst- und Livlandische\u00a0Brieflade, Ein Sammlung von Urkunden \u00a0zur Adels- und G\u00fctergeschichte\u201d, deel 2.2 Zweedse tijd, Reval 1861, <a style=\"color: #000000;\" href=\"https:\/\/books.google.se\/books?id=1aFKAAAAcAAJ&amp;pg=PA948&amp;dq=Ehst-+und+Livl%C3%A4ndische+Brieflade&amp;hl=sv&amp;sa=X&amp;ved=0ahUKEwj5hc_ww47gAhXOPFAKHVyACwYQ6AEIMjAB#v=onepage&amp;q=meyerfelds&amp;f=false\"><span style=\"color: #0000ff;\">pag. 925<\/span><\/a>.<br \/>\nR.I. <b>Page<\/b>, \u201cOudnoorse Mythen. Legenden uit een ver verleden\u201d, (vert.), Londen 1990. <span class=\"s4\">&#x2663;<br \/>\nV.F. <strong>Palmblad, <\/strong>P. <strong>Wieselgren <\/strong>&amp; K.F. <strong>Werner, <\/strong>&#8220;Biografiskt Lexicon \u00f6fver Namnkun\u00adnige Svenska m\u00e4n\u201d, deel 9, Upsala 1843, lemma&#8217;s <span style=\"color: #0000ff;\"><a style=\"color: #0000ff;\" href=\"http:\/\/runeberg.org\/biosvman\/9\/0069.html\"><em>Mejerfelt<\/em><\/a><\/span>, <span style=\"color: #0000ff;\"><a style=\"color: #0000ff;\" href=\"https:\/\/meijenfeldt.nl\/wp-content\/uploads\/2022\/07\/Biografiskt-Lexicon.pdf\">pag. 61-67<\/a>, <a style=\"color: #0000ff;\" href=\"https:\/\/meijenfeldt.nl\/wp-content\/uploads\/2022\/09\/Biografiskt-vertaling.pdf\">vertalingen<\/a>.<\/span><br \/>\n<span style=\"color: #000000;\">J.E. <strong>Palmsv\u00e4rd<\/strong>. autobiografie, Stockholm 1931. &#x2663;<\/span><\/span><\/span><br \/>\n<span style=\"font-size: 12pt;\"><span style=\"color: #000000;\">C. <strong>Pama<\/strong>, \u201cRietstaps Handboek der Heraldiek\u201d, Leiden 1987. &#x2663;<br \/>\nC.F. <strong>Pauli<\/strong>, &#8220;Allgemeine preussische staats-geschichte, samt aller dazu geh\u00f6rigen k\u00f6nigreichs, churf\u00fcrstenthums, herzogth\u00fcmer, f\u00fcrstenth\u00fcmer, graf- und herrschaften, aus bew\u00e4hrten schriftstellern und urkunden bis auf gegenw\u00e4rtige regierung&#8221;, Halle 1760-1769, Stettin 1713: <span style=\"color: #0000ff;\"><a style=\"color: #0000ff;\" href=\"https:\/\/babel.hathitrust.org\/cgi\/pt?id=hvd.hwaiyf&amp;view=1up&amp;seq=697&amp;q1=meyerfelds\">pag. 51<\/a><\/span>, <a href=\"https:\/\/babel.hathitrust.org\/cgi\/pt?id=hvd.hwaiyf&amp;view=1up&amp;seq=704&amp;q1=meyerfelds\"><span style=\"color: #0000ff;\">pag. 56<\/span><\/a> en <span style=\"color: #0000ff;\"><a style=\"color: #0000ff;\" href=\"https:\/\/babel.hathitrust.org\/cgi\/pt?id=hvd.hwaiyf&amp;view=1up&amp;seq=706&amp;q1=meyerfelds\">pag. 58<\/a><\/span>.<br \/>\nO. <strong>Penguilly l\u2019Haridon<\/strong>, \u201cCatalogue des Collections du Cabinet d\u2019Armes de sa Majest\u00e9 l\u2019Empereur\u201d, Parijs 1865,\u00a0<span style=\"color: #0000ff;\"><a style=\"color: #0000ff;\" href=\"https:\/\/gallica.bnf.fr\/ark:\/12148\/bpt6k64344226\/f89.item.r=meyenfelt\">pag. 79, sub a 10<\/a><\/span>.<br \/>\nB. <strong>Persson<\/strong>, \u201cJacquette Gyldenstolpe och hennes dotter Oscaras \u00f6den\u201d, Finspong 1900.<br \/>\nF. <strong>Persson<\/strong>,\u00a0Survival and Revival in Sweden\u2019s Court and Monarchy, 1718\u20131930,\u00a0<span style=\"color: #0000ff;\"><a style=\"color: #0000ff;\" href=\"https:\/\/books.google.nl\/books?id=MN8IEAAAQBAJ&amp;pg=PA61&amp;dq=Lovisa+meijerfelt&amp;hl=nl&amp;sa=X&amp;ved=2ahUKEwjl8O6Kr7H0AhVJ6qQKHRq0Bf4Q6AF6BAgIEAI#v=onepage&amp;q=Lovisa%20meijerfelt&amp;f=false\">pag. 61<\/a><\/span>\u00a0en\u00a0<span style=\"color: #0000ff;\"><a style=\"color: #0000ff;\" href=\"https:\/\/books.google.nl\/books?id=MN8IEAAAQBAJ&amp;pg=PA61&amp;dq=Lovisa+meijerfelt&amp;hl=nl&amp;sa=X&amp;ved=2ahUKEwjl8O6Kr7H0AhVJ6qQKHRq0Bf4Q6AF6BAgIEAI#v=onepage&amp;q=Lovisa%20meijerfelt&amp;f=false\">pag. 128<\/a><\/span>.<br \/>\n<\/span><span style=\"color: #000000;\"><strong>Peter de Grote, <\/strong>\u201cJournal 1698-1721\u201d, (vert. uit Russisch) Londres 1773, deel 2, <a style=\"color: #000000;\" href=\"https:\/\/www.delpher.nl\/nl\/boeken1\/gview?query=meyerfeld&amp;page=6&amp;coll=boeken1&amp;identifier=PoFcAAAAcAAJ\"><span style=\"color: #0000ff;\">pag. 18, 33, 247-249, 256-259<\/span><\/a>.<\/span><\/span><br \/>\n<span style=\"color: #000000; font-size: 12pt;\">R. <span style=\"color: #0000ff;\"><a style=\"color: #0000ff;\" href=\"https:\/\/meijenfeldt.nl\/?page_id=18458\"><strong>Petre<\/strong><\/a><\/span>, &#8220;F\u00e4nrik Robert Petr\u00e9s Dagbok 1702-1709\u201d, KKD, deel 1, Lund 1901.<\/span><br \/>\n<span style=\"color: #000000; font-size: 12pt;\">G.<strong> Petri<\/strong>, \u201cKungl. F\u00f6rsta livgrenadj\u00e4rregementets histori\u00ada\u201d, deel III: \u201c\u00d6stgota infante\u00adriregemente under Karl XI och Karl XII\u201d, Stockholm 1958.<\/span><br \/>\n<span style=\"color: #000000; font-size: 12pt;\">F. <b>Petrick<\/b>, \u201eR\u00fcgens Schwedenzeit 1648-1815\u201c, R\u00fcgens Geschichte von den Anf\u00e4ngen bis zur Gegenwart in f\u00fcnf Teilen, deel 3, Putbus 2009. &#x2663;<\/span><br \/>\n<span style=\"font-size: 12pt;\"><span style=\"color: #000000;\">N.G. <strong>Petersson<u><\/u><\/strong>, \u201cEtt Kort dock Tydeligit Utdrag utur den \u00d6fwer Konung Carl den Tolftes Lefwerne och Kongliga Dater Af (\u2026) Johan A. Nordberg (\u2026) Historiska Beskrifning.\u201d Stockholm 1745.<br \/>\nP. <strong>Piirim\u00e4e<\/strong>, <\/span><span style=\"color: #000000;\">&#8220;Die baltischen <span style=\"color: #0000ff;\"><a style=\"color: #0000ff;\" href=\"https:\/\/meijenfeldt.nl\/wp-content\/uploads\/2022\/10\/Piirimae-Capitulationen-Riga-1710.pdf\">Kapitulationen<\/a><\/span> von 1710&#8243;, Quellen und Studien zur baltischen Geschichte, deel 23, Keulen c.a. 2014.<\/span><\/span><br \/>\n<span style=\"color: #000000; font-size: 12pt;\"><span style=\"color: #0000ff;\"><strong><a style=\"color: #0000ff;\" href=\"http:\/\/runeberg.org\/famijour\/1864\/0213.html\">Pilgrimen<\/a><\/strong><\/span><strong>\u00a0<\/strong>(pseudoniem van U.S. von Strussenfelt),\u00a0\u201cN\u00e5gra episoder ur Margaretha von Aschebergs lif\u201d, in: Svenska Familj-Journalen, deel 3, no. 7, Stockholm 1864.<\/span><br \/>\n<span style=\"color: #000000; font-size: 12pt;\">J.M. <b>Piskorski<\/b>, \u201ePommern im Wandel der Zeiten\u201c, Szczecin 1999. &#x2663;<br \/>\nDr. <strong>Platzhof-Lejeune<\/strong>, &#8220;Beautiful Switzerland&#8221;, Lausanne. &#x2663;<\/span><br \/>\n<span style=\"color: #000000; font-size: 12pt;\">W.J.L. <span style=\"color: #0000ff;\"><strong><a style=\"color: #0000ff;\" href=\"https:\/\/meijenfeldt.nl\/wp-content\/uploads\/2022\/09\/Poelmans.pdf\">Poelmans<\/a><\/strong><\/span>, De Nederlandse Leeuw 1933.<\/span><br \/>\n<span style=\"color: #000000; font-size: 12pt;\"><strong>Poesjkin<\/strong>, \u201cDe Moor van Peter den Groote\u201d, vertaling, Amsterdam 1947.<\/span><br \/>\n<span style=\"color: #000000; font-size: 12pt;\">Gesellschaft \u00a0f\u00fcr <strong>Pommersche<\/strong> Geschichte und Alterthumskunde, Monatsbl\u00e4tter, Stettin 1907, <a style=\"color: #000000;\" href=\"https:\/\/babel.hathitrust.org\/cgi\/pt?id=hvd.32044042043562&amp;view=1up&amp;seq=351\"><span style=\"color: #0000ff;\">pag. 147<\/span><\/a>.<br \/>\nC.M. <strong>Posse<\/strong>, &#8220;Ur frih. Carl Magnus Posses korrespondens&#8221;, HT 1881, <span style=\"color: #0000ff;\"><a style=\"color: #0000ff;\" href=\"https:\/\/archive.org\/details\/historisktidskr13frgoog\/page\/92\/mode\/2up?q=Mayerfeldt\">pag. 93<\/a><\/span>.<\/span><br \/>\n<span style=\"color: #000000; font-size: 12pt;\">N<strong>. Posse<\/strong>, \u201cKammandanten \u00e5 Bauskenburg och Selburg Frih. Nils P:s Journal 1701-1702\u201d, KKD deel 10, Lund 1914, <span style=\"color: #0000ff;\"><a style=\"color: #0000ff;\" href=\"http:\/\/runeberg.org\/karolikrig\/10\/0487.html\">pag. 430-431<\/a> <span style=\"color: #000000;\">en<\/span> <a style=\"color: #0000ff;\" href=\"http:\/\/runeberg.org\/karolikrig\/10\/0487.html\">pag. 436<\/a><\/span>.<\/span><\/p>\n","protected":false},"excerpt":{"rendered":"<p>FAMILIE\u00a0\/\u00a0BIBLIOTHEEK\u00a0\/\u00a0LITERATUUR \/ AUTEURS P E. Pabst, R. von Toll, \u201cEhst- und Livlandische\u00a0Brieflade, Ein Sammlung von Urkunden \u00a0zur Adels- und G\u00fctergeschichte\u201d, deel 2.2 Zweedse tijd, Reval 1861, pag. 925. R.I. Page, \u201cOudnoorse Mythen. Legenden uit een ver verleden\u201d, (vert.), Londen 1990. &#x2663; V.F. Palmblad, P. Wieselgren &amp; K.F. Werner, &#8220;Biografiskt Lexicon \u00f6fver Namnkun\u00adnige Svenska m\u00e4n\u201d, deel &hellip; <a href=\"https:\/\/meijenfeldt.nl\/?page_id=57604\" class=\"more-link\">Verder lezen <span class=\"screen-reader-text\">P<\/span><\/a><\/p>\n","protected":false},"author":1,"featured_media":0,"parent":0,"menu_order":0,"comment_status":"closed","ping_status":"closed","template":"","meta":{"footnotes":""},"class_list":["post-57604","page","type-page","status-publish","hentry"],"_links":{"self":[{"href":"https:\/\/meijenfeldt.nl\/index.php?rest_route=\/wp\/v2\/pages\/57604","targetHints":{"allow":["GET"]}}],"collection":[{"href":"https:\/\/meijenfeldt.nl\/index.php?rest_route=\/wp\/v2\/pages"}],"about":[{"href":"https:\/\/meijenfeldt.nl\/index.php?rest_route=\/wp\/v2\/types\/page"}],"author":[{"embeddable":true,"href":"https:\/\/meijenfeldt.nl\/index.php?rest_route=\/wp\/v2\/users\/1"}],"replies":[{"embeddable":true,"href":"https:\/\/meijenfeldt.nl\/index.php?rest_route=%2Fwp%2Fv2%2Fcomments&post=57604"}],"version-history":[{"count":2,"href":"https:\/\/meijenfeldt.nl\/index.php?rest_route=\/wp\/v2\/pages\/57604\/revisions"}],"predecessor-version":[{"id":57663,"href":"https:\/\/meijenfeldt.nl\/index.php?rest_route=\/wp\/v2\/pages\/57604\/revisions\/57663"}],"wp:attachment":[{"href":"https:\/\/meijenfeldt.nl\/index.php?rest_route=%2Fwp%2Fv2%2Fmedia&parent=57604"}],"curies":[{"name":"wp","href":"https:\/\/api.w.org\/{rel}","templated":true}]}}