{"id":57602,"date":"2023-08-09T07:43:32","date_gmt":"2023-08-09T07:43:32","guid":{"rendered":"https:\/\/meijenfeldt.nl\/?page_id=57602"},"modified":"2023-12-30T09:55:27","modified_gmt":"2023-12-30T09:55:27","slug":"o","status":"publish","type":"page","link":"https:\/\/meijenfeldt.nl\/?page_id=57602","title":{"rendered":"O"},"content":{"rendered":"<p><span style=\"font-size: 12pt; font-family: georgia, palatino, serif;\"><span style=\"color: #0000ff;\"><a style=\"color: #0000ff;\" href=\"https:\/\/meijenfeldt.nl\/\">FAMILIE<\/a><\/span>\u00a0\/\u00a0<span style=\"color: #0000ff;\"><a style=\"color: #0000ff;\" href=\"https:\/\/meijenfeldt.nl\/?page_id=51152\">BIBLIOTHEEK<\/a><\/span>\u00a0\/\u00a0<span style=\"color: #0000ff;\"><a style=\"color: #0000ff;\" href=\"https:\/\/meijenfeldt.nl\/?page_id=217\">LITERATUUR<\/a><\/span> \/ <span style=\"color: #000000;\">AUTEURS O<\/span><\/span><\/p>\n<p style=\"text-align: justify;\"><span style=\"color: #000000; font-size: 12pt; font-family: georgia, palatino, serif;\">C. <strong>Ochsenius<\/strong>, \u201cOtto B\u00e4hr, <em>Das<\/em><em> fr\u00fchere Kurhessen<\/em>, Kassel 1895\u201d, Marburg 1896.<\/span><br \/>\n<span style=\"color: #000000; font-size: 12pt; font-family: georgia, palatino, serif;\">E. <b>Oberd\u00f6rfer<\/b>,<\/span><br \/>\n<span style=\"color: #000000; font-size: 12pt; font-family: georgia, palatino, serif;\">\u2013 \u201eNordvorpommern. Von der Ostseek\u00fcste ins Trebeltal \u2013 ein Reise- und Lesbuch\u201c, Bremen 2002. &#x2663;<\/span><br \/>\n<span style=\"color: #000000; font-size: 12pt; font-family: georgia, palatino, serif;\">\u2013 \u201eOstvorpommern. Von Amazones des Nordens zu den Kaiserb\u00e4dern \u2013 ein Reise- und Lesbuch\u201c, Bremen 2006. &#x2663;<br \/>\nE. <strong>\u00d6hlschl\u00e4ger<\/strong>, &#8220;Posen: Kurz gefasste Geschichte und Beschreibung der Stadt Posen&#8221;, Posen 1866, <span style=\"color: #0000ff;\"><a style=\"color: #0000ff;\" href=\"https:\/\/archive.org\/details\/posenkurzgefass00oehlgoog\/page\/n32\/mode\/2up?q=Maierfeld\">pag. 30-31<\/a><\/span>.\u00a0<\/span><br \/>\n<span style=\"color: #000000; font-size: 12pt; font-family: georgia, palatino, serif;\">J.C. <strong>Okkema<\/strong>, \u201cHandleiding voor genealogisch onderzoek in Neder\u00adland\u201d, Weesp 1986. &#x2663;<\/span><br \/>\n<span style=\"font-family: georgia, palatino, serif; font-size: 12pt;\"><span style=\"color: #000000;\">R. <span style=\"color: #0000ff;\"><a style=\"color: #0000ff;\" href=\"https:\/\/meijenfeldt.nl\/?page_id=61631\"><strong>Oldach<\/strong><\/a><\/span>,<br \/>\n&#8211; \u201c<em>Meyerfeldt<\/em>\u201c, Biografisches Lexikon f\u00fcr Pommern, 2015.<br \/>\n&#8211; &#8220;<\/span><\/span><span style=\"font-family: georgia, palatino, serif; font-size: 12pt;\"><em>Stadt und Festung <span style=\"color: #000000;\">Stralsund:<\/span> Die schwedische Milit\u00e4rpr\u00e4senz in Schwedisch-Pommern 1721-1806&#8243;,<\/em>\u00a0 Greifswald 2017.<br \/>\n<\/span><span style=\"font-family: georgia, palatino, serif; font-size: 12pt;\"><span style=\"color: #000000;\">&#8211; <\/span>&#8220;<em>Schwedens <span style=\"color: #000000;\">Krieg<\/span> gegen Friedrich den Gro\u00dfen 1757-1762: Kriegsgegner berichten<\/em>&#8220;, Greifswald 2023.<br \/>\n<span style=\"color: #000000;\">W. <strong>Ollrog<\/strong>, \u201cNieders\u00e4chsisches Geschlechterbuch\u201d, deel 12, Limburg a\/d Lahn 1971, pag. 344 en 351.<\/span><\/span><br \/>\n<span style=\"color: #000000; font-size: 12pt; font-family: georgia, palatino, serif;\">M. <b>Olsson<\/b>, \u201cRiddarholmskyrkan i Stockholm\u201d, Svenska hostoriska monument 1, Stockholm 1924. &#x2663;<\/span><br \/>\n<span style=\"color: #000000; font-size: 12pt; font-family: georgia, palatino, serif;\"><strong>Oscar Fredrik<\/strong>, \u201cN\u00e5gra Bidrag till Sveriges Krigshistoria \u00e5ren 1711, 1712 och 1713\u201d, deel 2, Bilage 2, Litt. N. No. 2, <a href=\"https:\/\/archive.org\/details\/kunglvitterhetsh24kung\/page\/204\/mode\/2up?q=meijerfelt\"><span style=\"color: #0000ff;\">pag. 204<\/span><\/a>\u00a0in: Kongl. Vitterhets Historie och Antiqvitets Akademiens Handlingar, deel 24, Stockholm 1864.<br \/>\nT. Osterkorn (chefred.), &#8220;Die Geschichte der Deutschen. Von den Germanen bis zur Wiedervereinigung&#8221;, Stern Extra, 2010. &#x2663;<br \/>\nA. <span style=\"color: #0000ff;\"><strong><a style=\"color: #0000ff;\" href=\"https:\/\/meijenfeldt.nl\/wp-content\/uploads\/2022\/10\/Oxenstierna.pdf\">Oxenstierna<\/a><\/strong><\/span>, &#8220;Skrifter och brefvexling&#8221;, Stockholm 1893-1918.<\/span><br \/>\n<span style=\"color: #000000; font-size: 12pt; font-family: georgia, palatino, serif;\">G.L. <b>Oxenstierna<\/b>, \u201cGrefve Magnus Stenbocks Lefverne\u201d, SAH 1786, deel 3, Stockholm 1802, <span style=\"color: #0000ff;\"><a style=\"color: #0000ff;\" href=\"https:\/\/books.google.se\/books?id=DcZCAQAAMAAJ&amp;pg=PA229&amp;lpg=PA229&amp;dq=generall%C3%B6jtnant+meyerfelt&amp;source=bl&amp;ots=-ygGPMnnc_&amp;sig=ACfU3U2c9-RaiAp_SyUFeOeHcC8GJ9IcIQ&amp;hl=nl&amp;sa=X&amp;ved=2ahUKEwi41crg2rrlAhVQEVAKHWh-AQ0Q6AEwBXoECAkQAQ#v=onepage&amp;q=generall%C3%B6jtnant%20meyerfelt&amp;f=false\">pag. 229<\/a><\/span>.<br \/>\nJ.G. Oxenstierna, &#8220;Dagboks-Anteckningar&#8221;, Svenska Litteraturs\u00e4llskapet Skrifter, Uppsala 1881, deel 1, &#8220;Journal f\u00f6r \u00e5r 1769&#8221;, <span style=\"color: #0000ff;\"><a style=\"color: #0000ff;\" href=\"https:\/\/play.google.com\/books\/reader?id=q_hAAAAAYAAJ&amp;pg=GBS.PA10&amp;hl=nl\">pag. 9-10<\/a><\/span>., deel 2, &#8220;Journal f\u00f6r \u00e5r 1770&#8221;, <span style=\"color: #0000ff;\"><a style=\"color: #0000ff;\" href=\"https:\/\/play.google.com\/books\/reader?id=q_hAAAAAYAAJ&amp;pg=GBS.PA90&amp;hl=nl\">pag. 90<\/a><\/span>.<\/span><\/p>\n<p style=\"text-align: center;\">\n","protected":false},"excerpt":{"rendered":"<p>FAMILIE\u00a0\/\u00a0BIBLIOTHEEK\u00a0\/\u00a0LITERATUUR \/ AUTEURS O C. Ochsenius, \u201cOtto B\u00e4hr, Das fr\u00fchere Kurhessen, Kassel 1895\u201d, Marburg 1896. E. Oberd\u00f6rfer, \u2013 \u201eNordvorpommern. Von der Ostseek\u00fcste ins Trebeltal \u2013 ein Reise- und Lesbuch\u201c, Bremen 2002. &#x2663; \u2013 \u201eOstvorpommern. Von Amazones des Nordens zu den Kaiserb\u00e4dern \u2013 ein Reise- und Lesbuch\u201c, Bremen 2006. &#x2663; E. \u00d6hlschl\u00e4ger, &#8220;Posen: Kurz gefasste Geschichte &hellip; <a href=\"https:\/\/meijenfeldt.nl\/?page_id=57602\" class=\"more-link\">Verder lezen <span class=\"screen-reader-text\">O<\/span><\/a><\/p>\n","protected":false},"author":1,"featured_media":0,"parent":0,"menu_order":0,"comment_status":"closed","ping_status":"closed","template":"","meta":{"footnotes":""},"class_list":["post-57602","page","type-page","status-publish","hentry"],"_links":{"self":[{"href":"https:\/\/meijenfeldt.nl\/index.php?rest_route=\/wp\/v2\/pages\/57602","targetHints":{"allow":["GET"]}}],"collection":[{"href":"https:\/\/meijenfeldt.nl\/index.php?rest_route=\/wp\/v2\/pages"}],"about":[{"href":"https:\/\/meijenfeldt.nl\/index.php?rest_route=\/wp\/v2\/types\/page"}],"author":[{"embeddable":true,"href":"https:\/\/meijenfeldt.nl\/index.php?rest_route=\/wp\/v2\/users\/1"}],"replies":[{"embeddable":true,"href":"https:\/\/meijenfeldt.nl\/index.php?rest_route=%2Fwp%2Fv2%2Fcomments&post=57602"}],"version-history":[{"count":7,"href":"https:\/\/meijenfeldt.nl\/index.php?rest_route=\/wp\/v2\/pages\/57602\/revisions"}],"predecessor-version":[{"id":61634,"href":"https:\/\/meijenfeldt.nl\/index.php?rest_route=\/wp\/v2\/pages\/57602\/revisions\/61634"}],"wp:attachment":[{"href":"https:\/\/meijenfeldt.nl\/index.php?rest_route=%2Fwp%2Fv2%2Fmedia&parent=57602"}],"curies":[{"name":"wp","href":"https:\/\/api.w.org\/{rel}","templated":true}]}}