{"id":57600,"date":"2023-08-09T07:42:33","date_gmt":"2023-08-09T07:42:33","guid":{"rendered":"https:\/\/meijenfeldt.nl\/?page_id=57600"},"modified":"2023-08-09T08:26:21","modified_gmt":"2023-08-09T08:26:21","slug":"n","status":"publish","type":"page","link":"https:\/\/meijenfeldt.nl\/?page_id=57600","title":{"rendered":"N"},"content":{"rendered":"<p><span style=\"font-size: 10pt;\"><span style=\"color: #0000ff;\"><a style=\"color: #0000ff;\" href=\"https:\/\/meijenfeldt.nl\/\">FAMILIE<\/a><\/span>\u00a0\/\u00a0<span style=\"color: #0000ff;\"><a style=\"color: #0000ff;\" href=\"https:\/\/meijenfeldt.nl\/?page_id=51152\">BIBLIOTHEEK<\/a><\/span>\u00a0\/\u00a0<span style=\"color: #0000ff;\"><a style=\"color: #0000ff;\" href=\"https:\/\/meijenfeldt.nl\/?page_id=217\">LITERATUUR<\/a><\/span> \/ <span style=\"color: #000000;\">AUTEURS N<\/span><\/span><\/p>\n<p><span style=\"font-size: 12pt;\"><span style=\"color: #000000;\">C.E. <strong>Napiersky<\/strong>, &#8220;Riga&#8217;s \u00e4ltere Geschichte in Uebersicht, Urkunden, und alten Aufzeichnungen&#8221;, Monumenta Livoniae Antiquae, deel 4:2, Riga 1844,<span style=\"color: #0000ff;\"> <a style=\"color: #0000ff;\" href=\"https:\/\/books.google.nl\/books?id=FUQCAAAAYAAJ&amp;printsec=frontcover&amp;dq=editions:BIuBE-QYVr8C&amp;hl=sv&amp;sa=X&amp;ved=0ahUKEwjAmLuJtL3fAhWRblAKHRKVDGcQ6AEIMDAB#v=onepage&amp;q=retelsdorff&amp;f=false\">pag. cccxxxi<\/a>.<\/span><br \/>\nN. <b>Natt och dag<\/b>, \u201e1793\u201c, (vert.), Amsterdam 2018. <span class=\"s4\">&#x2663;<br \/>\nHandbuch f\u00fcr <strong>Neu-Vorpommern <\/strong>und das F\u00fcrstenthum R\u00fcgen, <\/span><\/span><span style=\"color: #000000;\">Stralsund<\/span><span style=\"color: #000000;\">\u00a0<\/span><span style=\"color: #000000;\">1907, <span style=\"color: #0000ff;\"><a style=\"color: #0000ff;\" href=\"https:\/\/digitale-bibliothek-mv.de\/viewer\/fullscreen\/PPN1011154005_1907\/68\/\">pag. 62<\/a><\/span>.<br \/>\n<\/span><span style=\"color: #000000;\">B. <span style=\"color: #0000ff;\"><a style=\"color: #0000ff;\" href=\"http:\/\/members.tripod.com\/Bengt_Nilsson\/\"><strong>Nilsson<\/strong><\/a>,<\/span><\/span><\/span><br \/>\n<span style=\"color: #000000; font-size: 12pt;\">\u2013 <span style=\"color: #0000ff;\">\u201c<a style=\"color: #0000ff;\" href=\"http:\/\/members.tripod.com\/Bengt_Nilsson\/Marinhistoria\/psilbrevmeyer.htm\">Psilanders<\/a><\/span> brev till <em>Johan August Meyerfelt<\/em>\u201d, Link\u00f6ping 2000.<\/span><br \/>\n<span style=\"color: #000000; font-size: 12pt;\">\u2013 \u201c<a style=\"color: #000000;\" href=\"http:\/\/bengt_nilsson.tripod.com\/Historia\/brunner01.htm\"><span style=\"color: #0000ff;\">Ernst Brunner<\/span><\/a>, Carolus Rex \u2013 en granskning\u201d, 2006.<\/span><br \/>\n<span style=\"color: #000000; font-size: 12pt;\">R. <strong>Nisbet Bain<\/strong>, \u201cGustavus III and his contemporaries 1746-1792\u201d, Londen 1894, deel 2, <span style=\"color: #0000ff;\"><a style=\"color: #0000ff;\" href=\"https:\/\/archive.org\/details\/bain-gustavus-iii-and-his-contemporaries-1742-1792-vol-2\/page\/n5\/mode\/2up?q=Meierfelt\">pag. 28<\/a>, <a style=\"color: #0000ff;\" href=\"https:\/\/babel.hathitrust.org\/cgi\/pt?id=umn.31951p004163863&amp;view=2up&amp;seq=98\">pag. 82<\/a>, <a style=\"color: #0000ff;\" href=\"https:\/\/babel.hathitrust.org\/cgi\/pt?id=umn.31951p004163863&amp;view=2up&amp;seq=102\">pag. 86<\/a> <span style=\"color: #000000;\">en<\/span> <a style=\"color: #0000ff;\" href=\"https:\/\/babel.hathitrust.org\/cgi\/pt?id=umn.31951p004163863&amp;view=2up&amp;seq=286\">pag. 271<\/a><\/span>.<\/span><br \/>\n<span style=\"color: #000000; font-size: 12pt;\">M. di<strong>\u00a0Niscemi<\/strong>, \u201cManor Houses and Castles of Sweden. A voyage through Five Centuries\u201d, New York 1988. &#x2663;<\/span><br \/>\n<span style=\"font-size: 12pt;\"><span style=\"color: #000000;\">J.A. <span style=\"color: #008000;\"><span style=\"color: #0000ff;\"><a style=\"color: #0000ff;\" href=\"https:\/\/meijenfeldt.nl\/?page_id=9129\"><strong>Nordberg<\/strong><\/a><\/span>,<\/span> \u201cKonung Carl den XII: tes historia\u201d, 2 delen, Stockholm 1740.\u00a0Franse vertaling: \u201cHistoire de Charles XII, Roi de Su\u00e8de\u201d, 3 delen, Den Haag 1742-1748. Duitse vertaling: <b>\u201c<\/b>Leben Carl des Zw\u00f6lften K\u00f6nigs in Schweden mit M\u00fcnzen und Kupfern\u201d, 3 delen, Hamburg 1745-1751.<br \/>\nF.O. <strong>Nordenflycht<\/strong>, &#8220;<\/span><span style=\"color: #000000;\">Die schwedische staats-verfassung in ihrer geschichtlichen entwickelung&#8221;, Berlijn 1861, <a style=\"color: #000000;\" href=\"https:\/\/babel.hathitrust.org\/cgi\/pt?id=nnc1.cu56723300&amp;view=1up&amp;seq=342&amp;q1=meyerfelt\"><span style=\"color: #0000ff;\">pag. 328<\/span><\/a>.<\/span><br \/>\n<span style=\"color: #000000;\">C.O. <span style=\"color: #0000ff;\"><a style=\"color: #0000ff;\" href=\"https:\/\/meijenfeldt.nl\/?page_id=53348\"><strong>Nordensvan<\/strong><\/a><\/span><strong>,<br \/>\n<\/strong>\u2013 \u201cNordisk familjebok\u201d, deel 10\/17, Stockholm 1886\/1912.<\/span><\/span><br \/>\n<span style=\"font-size: 12pt;\"><span style=\"color: #000000;\">\u2013 \u201cV\u00e4rmlands (N\u00e4rke) Regementes Historia\u201d, Stockholm 1904, 2 delen.<br \/>\n&#8211; <span style=\"font-family: georgia, palatino, serif;\">&#8220;<\/span><span style=\"font-family: georgia, palatino, serif;\">Svenska arm\u00e9n\u00a0<\/span><span style=\"font-family: georgia, palatino, serif;\">\u00e5ren 1709-1718&#8243;, KF\u00c5 1919, en &#8220;Svenska arm\u00e9ns r<\/span><\/span><span style=\"font-family: georgia, palatino, serif;\"><span style=\"color: #000000;\">egementen 1700-1718&#8243;, KF\u00c5 1920.<\/span><br \/>\n<\/span><span style=\"color: #000000;\">C.G.<strong> Nordin, <\/strong>\u201cDagboksanteckningar f\u00f6r \u00e5ren 1786-1792\u201d, HH 7, Stockholm 1868, <a style=\"color: #000000;\" href=\"https:\/\/babel.hathitrust.org\/cgi\/pt?id=nyp.33433066621131&amp;view=2up&amp;seq=70\"><span style=\"color: #0000ff;\">pag. 59<\/span><\/a><span style=\"color: #0000ff;\">, <a style=\"color: #0000ff;\" href=\"https:\/\/babel.hathitrust.org\/cgi\/pt?id=nyp.33433066621131&amp;view=2up&amp;seq=144\">pag. 132<\/a> en <a style=\"color: #0000ff;\" href=\"https:\/\/babel.hathitrust.org\/cgi\/pt?id=nyp.33433066621131&amp;view=2up&amp;seq=152\">pag. 140<\/a><\/span>.<\/span><\/span><br \/>\n<span style=\"color: #000000; font-size: 12pt;\">C. <strong>Nordmann<\/strong>, \u201cGrandeur et libert\u00e9 de la Su\u00e8de 1660-1792\u201d, Leuven 1971.<\/span><br \/>\n<span style=\"color: #000000; font-size: 12pt;\">S. <span style=\"color: #0000ff;\"><a style=\"color: #0000ff;\" href=\"https:\/\/books.google.nl\/books?id=a3F2BgAAQBAJ&amp;pg=PT177&amp;dq=Admiral+Carl+Tersmedens+Memoarer&amp;hl=sv&amp;sa=X&amp;ved=0ahUKEwj9s6CDtsHhAhXKjqQKHXFUAjoQ6AEIPjAD#v=onepage&amp;q=meijerfeldt&amp;f=false\"><strong>Norrhem<\/strong><\/a>,<\/span> \u201cCarl och Christina Piper, En biografi\u201d, Lund 2010.<\/span><\/p>\n","protected":false},"excerpt":{"rendered":"<p>FAMILIE\u00a0\/\u00a0BIBLIOTHEEK\u00a0\/\u00a0LITERATUUR \/ AUTEURS N C.E. Napiersky, &#8220;Riga&#8217;s \u00e4ltere Geschichte in Uebersicht, Urkunden, und alten Aufzeichnungen&#8221;, Monumenta Livoniae Antiquae, deel 4:2, Riga 1844, pag. cccxxxi. N. Natt och dag, \u201e1793\u201c, (vert.), Amsterdam 2018. &#x2663; Handbuch f\u00fcr Neu-Vorpommern und das F\u00fcrstenthum R\u00fcgen, Stralsund\u00a01907, pag. 62. B. Nilsson, \u2013 \u201cPsilanders brev till Johan August Meyerfelt\u201d, Link\u00f6ping 2000. \u2013 &hellip; <a href=\"https:\/\/meijenfeldt.nl\/?page_id=57600\" class=\"more-link\">Verder lezen <span class=\"screen-reader-text\">N<\/span><\/a><\/p>\n","protected":false},"author":1,"featured_media":0,"parent":0,"menu_order":0,"comment_status":"closed","ping_status":"closed","template":"","meta":{"footnotes":""},"class_list":["post-57600","page","type-page","status-publish","hentry"],"_links":{"self":[{"href":"https:\/\/meijenfeldt.nl\/index.php?rest_route=\/wp\/v2\/pages\/57600","targetHints":{"allow":["GET"]}}],"collection":[{"href":"https:\/\/meijenfeldt.nl\/index.php?rest_route=\/wp\/v2\/pages"}],"about":[{"href":"https:\/\/meijenfeldt.nl\/index.php?rest_route=\/wp\/v2\/types\/page"}],"author":[{"embeddable":true,"href":"https:\/\/meijenfeldt.nl\/index.php?rest_route=\/wp\/v2\/users\/1"}],"replies":[{"embeddable":true,"href":"https:\/\/meijenfeldt.nl\/index.php?rest_route=%2Fwp%2Fv2%2Fcomments&post=57600"}],"version-history":[{"count":2,"href":"https:\/\/meijenfeldt.nl\/index.php?rest_route=\/wp\/v2\/pages\/57600\/revisions"}],"predecessor-version":[{"id":57659,"href":"https:\/\/meijenfeldt.nl\/index.php?rest_route=\/wp\/v2\/pages\/57600\/revisions\/57659"}],"wp:attachment":[{"href":"https:\/\/meijenfeldt.nl\/index.php?rest_route=%2Fwp%2Fv2%2Fmedia&parent=57600"}],"curies":[{"name":"wp","href":"https:\/\/api.w.org\/{rel}","templated":true}]}}